{"id":16834,"date":"2021-09-07T10:05:01","date_gmt":"2021-09-07T09:05:01","guid":{"rendered":"https:\/\/www.argonandco.com\/?page_id=16834"},"modified":"2021-09-24T11:22:41","modified_gmt":"2021-09-24T10:22:41","slug":"integrated-daily-execution-idex","status":"publish","type":"page","link":"https:\/\/www.argonandco.com\/fr\/expertises\/performance-operationnelle\/integrated-daily-execution-idex\/","title":{"rendered":"Integrated daily execution (IDEX)"},"content":{"rendered":"<h2><b>Contexte et d\u00e9fis<\/b><\/h2>\n<p><span class=\"intro\">Un grand nombre de projets d\u2019am\u00e9liorations \u00e9chouent par manque de suivi et de pilotage des performances li\u00e9es aux priorit\u00e9s de l\u2019entreprise. Suite \u00e0 ce constat, Argon &amp; Co a cr\u00e9\u00e9 IDEX, un ensemble de routines, de mesures et d&rsquo;objectifs, destin\u00e9s \u00e0 \u00e9valuer et suivre les performances, \u00e0 d\u00e9cider et planifier les actions d&rsquo;am\u00e9lioration et \u00e0 piloter l&rsquo;ex\u00e9cution et surtout leur impact \u00e0 tous les niveaux de l\u2019organisation.<\/span><\/p>\n<p>IDEX est une m\u00e9thodologie appliqu\u00e9e et transverse qui permet d\u2019inclure toutes les fonctions et tous les niveaux de l\u2019entreprise dans une d\u00e9marche d&rsquo;am\u00e9lioration continue, p\u00e9renne, de la performance.<\/p>\n<h2><b>Notre approche<\/b><\/h2>\n<p>Tout processus n\u00e9cessite un syst\u00e8me de pilotage pour atteindre les objectifs de performance vis\u00e9s. IDEX permet d\u2019encadrer et relier ces processus dans une approche int\u00e9gr\u00e9e, en garantissant une prise de d\u00e9cision rapide, au bon niveau, bas\u00e9e sur des donn\u00e9es, et orient\u00e9e action.<\/p>\n<p>En apportant plus de rigueur et de coh\u00e9rence dans l&rsquo;ex\u00e9cution au quotidien, les processus cl\u00e9s sont progressivement mises sous contr\u00f4le pour atteindre les standards de performance vis\u00e9s, directement connect\u00e9s aux priorit\u00e9s du site. Le syst\u00e8me de pilotage est accessible \u00e0 tous et encourage la responsabilit\u00e9 individuelle et l\u2019engagement des \u00e9quipes vers un but commun.<\/p>\n<p>Nous aidons les clients \u00e0 rendre les processus et leur mesure plus clairs, en identifiant et en suivant des mesures de performance plus granulaires et en se concentrant sur les bons comportements et les bonnes comp\u00e9tences, dans un travail en \u00e9quipe au quotidien.<\/p>\n<p>IDEX a \u00e9t\u00e9 mis en \u0153uvre dans des centaines de projets, chez des dizaines de clients et est consid\u00e9r\u00e9 par les clients comme un catalyseur cl\u00e9 de l\u2019am\u00e9lioration p\u00e9renne des performances. Les r\u00e9sultats incluent\u00a0g\u00e9n\u00e9ralement :<\/p>\n<ul>\n<li>30 \u00e0 40\u00a0% d&rsquo;augmentation de productivit\u00e9 ;<\/li>\n<li>Des gains de maintenance significatifs.<\/li>\n<\/ul>\n","protected":false},"excerpt":{"rendered":"<p>Contexte et d\u00e9fis Un grand nombre de projets d\u2019am\u00e9liorations \u00e9chouent par manque de suivi et de pilotage des performances li\u00e9es aux priorit\u00e9s de l\u2019entreprise. Suite \u00e0 ce constat, Argon &amp; Co a cr\u00e9\u00e9 IDEX, un ensemble de routines, de mesures et d&rsquo;objectifs, destin\u00e9s \u00e0 \u00e9valuer et suivre les performances, \u00e0 d\u00e9cider et planifier les actions [&hellip;]<\/p>\n","protected":false},"author":1,"featured_media":0,"parent":16828,"menu_order":3,"comment_status":"closed","ping_status":"closed","template":"","meta":{"_acf_changed":false,"footnotes":""},"class_list":["post-16834","page","type-page","status-publish","hentry"],"acf":[],"yoast_head":"<!-- This site is optimized with the Yoast SEO plugin v27.4 - https:\/\/yoast.com\/product\/yoast-seo-wordpress\/ -->\n<title>Integrated daily execution (IDEX) - Argon &amp; Co<\/title>\n<meta name=\"robots\" content=\"index, follow, max-snippet:-1, max-image-preview:large, max-video-preview:-1\" \/>\n<link rel=\"canonical\" href=\"https:\/\/www.argonandco.com\/fr\/expertises\/performance-operationnelle\/integrated-daily-execution-idex\/\" \/>\n<meta property=\"og:locale\" content=\"fr_FR\" \/>\n<meta property=\"og:type\" content=\"article\" \/>\n<meta property=\"og:title\" content=\"Integrated daily execution (IDEX) - Argon &amp; Co\" \/>\n<meta property=\"og:description\" content=\"Contexte et d\u00e9fis Un grand nombre de projets d\u2019am\u00e9liorations \u00e9chouent par manque de suivi et de pilotage des performances li\u00e9es aux priorit\u00e9s de l\u2019entreprise. Suite \u00e0 ce constat, Argon &amp; Co a cr\u00e9\u00e9 IDEX, un ensemble de routines, de mesures et d&rsquo;objectifs, destin\u00e9s \u00e0 \u00e9valuer et suivre les performances, \u00e0 d\u00e9cider et planifier les actions [&hellip;]\" \/>\n<meta property=\"og:url\" content=\"https:\/\/www.argonandco.com\/fr\/expertises\/performance-operationnelle\/integrated-daily-execution-idex\/\" \/>\n<meta property=\"og:site_name\" content=\"Argon &amp; Co\" \/>\n<meta property=\"article:modified_time\" content=\"2021-09-24T10:22:41+00:00\" \/>\n<meta name=\"twitter:card\" content=\"summary_large_image\" \/>\n<meta name=\"twitter:label1\" content=\"Dur\u00e9e de lecture estim\u00e9e\" \/>\n\t<meta name=\"twitter:data1\" content=\"2 minutes\" \/>\n<script type=\"application\/ld+json\" class=\"yoast-schema-graph\">{\"@context\":\"https:\\\/\\\/schema.org\",\"@graph\":[{\"@type\":\"WebPage\",\"@id\":\"https:\\\/\\\/www.argonandco.com\\\/fr\\\/expertises\\\/performance-operationnelle\\\/integrated-daily-execution-idex\\\/\",\"url\":\"https:\\\/\\\/www.argonandco.com\\\/fr\\\/expertises\\\/performance-operationnelle\\\/integrated-daily-execution-idex\\\/\",\"name\":\"Integrated daily execution (IDEX) - Argon &amp; Co\",\"isPartOf\":{\"@id\":\"https:\\\/\\\/www.argonandco.com\\\/fr\\\/#website\"},\"datePublished\":\"2021-09-07T09:05:01+00:00\",\"dateModified\":\"2021-09-24T10:22:41+00:00\",\"breadcrumb\":{\"@id\":\"https:\\\/\\\/www.argonandco.com\\\/fr\\\/expertises\\\/performance-operationnelle\\\/integrated-daily-execution-idex\\\/#breadcrumb\"},\"inLanguage\":\"fr-FR\",\"potentialAction\":[{\"@type\":\"ReadAction\",\"target\":[\"https:\\\/\\\/www.argonandco.com\\\/fr\\\/expertises\\\/performance-operationnelle\\\/integrated-daily-execution-idex\\\/\"]}]},{\"@type\":\"BreadcrumbList\",\"@id\":\"https:\\\/\\\/www.argonandco.com\\\/fr\\\/expertises\\\/performance-operationnelle\\\/integrated-daily-execution-idex\\\/#breadcrumb\",\"itemListElement\":[{\"@type\":\"ListItem\",\"position\":1,\"name\":\"Home\",\"item\":\"https:\\\/\\\/www.argonandco.com\\\/fr\\\/\"},{\"@type\":\"ListItem\",\"position\":2,\"name\":\"Expertises\",\"item\":\"https:\\\/\\\/www.argonandco.com\\\/fr\\\/expertises\\\/\"},{\"@type\":\"ListItem\",\"position\":3,\"name\":\"Performance op\u00e9rationnelle\",\"item\":\"https:\\\/\\\/www.argonandco.com\\\/fr\\\/expertises\\\/performance-operationnelle\\\/\"},{\"@type\":\"ListItem\",\"position\":4,\"name\":\"Integrated daily execution (IDEX)\"}]},{\"@type\":\"WebSite\",\"@id\":\"https:\\\/\\\/www.argonandco.com\\\/fr\\\/#website\",\"url\":\"https:\\\/\\\/www.argonandco.com\\\/fr\\\/\",\"name\":\"Argon &amp; Co\",\"description\":\"We help clients achieve their strategic and operational objectives, working together to transform their businesses and generate real change.\",\"potentialAction\":[{\"@type\":\"SearchAction\",\"target\":{\"@type\":\"EntryPoint\",\"urlTemplate\":\"https:\\\/\\\/www.argonandco.com\\\/fr\\\/?s={search_term_string}\"},\"query-input\":{\"@type\":\"PropertyValueSpecification\",\"valueRequired\":true,\"valueName\":\"search_term_string\"}}],\"inLanguage\":\"fr-FR\"}]}<\/script>\n<!-- \/ Yoast SEO plugin. -->","yoast_head_json":{"title":"Integrated daily execution (IDEX) - Argon &amp; Co","robots":{"index":"index","follow":"follow","max-snippet":"max-snippet:-1","max-image-preview":"max-image-preview:large","max-video-preview":"max-video-preview:-1"},"canonical":"https:\/\/www.argonandco.com\/fr\/expertises\/performance-operationnelle\/integrated-daily-execution-idex\/","og_locale":"fr_FR","og_type":"article","og_title":"Integrated daily execution (IDEX) - Argon &amp; Co","og_description":"Contexte et d\u00e9fis Un grand nombre de projets d\u2019am\u00e9liorations \u00e9chouent par manque de suivi et de pilotage des performances li\u00e9es aux priorit\u00e9s de l\u2019entreprise. Suite \u00e0 ce constat, Argon &amp; Co a cr\u00e9\u00e9 IDEX, un ensemble de routines, de mesures et d&rsquo;objectifs, destin\u00e9s \u00e0 \u00e9valuer et suivre les performances, \u00e0 d\u00e9cider et planifier les actions [&hellip;]","og_url":"https:\/\/www.argonandco.com\/fr\/expertises\/performance-operationnelle\/integrated-daily-execution-idex\/","og_site_name":"Argon &amp; Co","article_modified_time":"2021-09-24T10:22:41+00:00","twitter_card":"summary_large_image","twitter_misc":{"Dur\u00e9e de lecture estim\u00e9e":"2 minutes"},"schema":{"@context":"https:\/\/schema.org","@graph":[{"@type":"WebPage","@id":"https:\/\/www.argonandco.com\/fr\/expertises\/performance-operationnelle\/integrated-daily-execution-idex\/","url":"https:\/\/www.argonandco.com\/fr\/expertises\/performance-operationnelle\/integrated-daily-execution-idex\/","name":"Integrated daily execution (IDEX) - Argon &amp; Co","isPartOf":{"@id":"https:\/\/www.argonandco.com\/fr\/#website"},"datePublished":"2021-09-07T09:05:01+00:00","dateModified":"2021-09-24T10:22:41+00:00","breadcrumb":{"@id":"https:\/\/www.argonandco.com\/fr\/expertises\/performance-operationnelle\/integrated-daily-execution-idex\/#breadcrumb"},"inLanguage":"fr-FR","potentialAction":[{"@type":"ReadAction","target":["https:\/\/www.argonandco.com\/fr\/expertises\/performance-operationnelle\/integrated-daily-execution-idex\/"]}]},{"@type":"BreadcrumbList","@id":"https:\/\/www.argonandco.com\/fr\/expertises\/performance-operationnelle\/integrated-daily-execution-idex\/#breadcrumb","itemListElement":[{"@type":"ListItem","position":1,"name":"Home","item":"https:\/\/www.argonandco.com\/fr\/"},{"@type":"ListItem","position":2,"name":"Expertises","item":"https:\/\/www.argonandco.com\/fr\/expertises\/"},{"@type":"ListItem","position":3,"name":"Performance op\u00e9rationnelle","item":"https:\/\/www.argonandco.com\/fr\/expertises\/performance-operationnelle\/"},{"@type":"ListItem","position":4,"name":"Integrated daily execution (IDEX)"}]},{"@type":"WebSite","@id":"https:\/\/www.argonandco.com\/fr\/#website","url":"https:\/\/www.argonandco.com\/fr\/","name":"Argon &amp; Co","description":"We help clients achieve their strategic and operational objectives, working together to transform their businesses and generate real change.","potentialAction":[{"@type":"SearchAction","target":{"@type":"EntryPoint","urlTemplate":"https:\/\/www.argonandco.com\/fr\/?s={search_term_string}"},"query-input":{"@type":"PropertyValueSpecification","valueRequired":true,"valueName":"search_term_string"}}],"inLanguage":"fr-FR"}]}},"_links":{"self":[{"href":"https:\/\/www.argonandco.com\/fr\/wp-json\/wp\/v2\/pages\/16834","targetHints":{"allow":["GET"]}}],"collection":[{"href":"https:\/\/www.argonandco.com\/fr\/wp-json\/wp\/v2\/pages"}],"about":[{"href":"https:\/\/www.argonandco.com\/fr\/wp-json\/wp\/v2\/types\/page"}],"author":[{"embeddable":true,"href":"https:\/\/www.argonandco.com\/fr\/wp-json\/wp\/v2\/users\/1"}],"replies":[{"embeddable":true,"href":"https:\/\/www.argonandco.com\/fr\/wp-json\/wp\/v2\/comments?post=16834"}],"version-history":[{"count":0,"href":"https:\/\/www.argonandco.com\/fr\/wp-json\/wp\/v2\/pages\/16834\/revisions"}],"up":[{"embeddable":true,"href":"https:\/\/www.argonandco.com\/fr\/wp-json\/wp\/v2\/pages\/16828"}],"wp:attachment":[{"href":"https:\/\/www.argonandco.com\/fr\/wp-json\/wp\/v2\/media?parent=16834"}],"curies":[{"name":"wp","href":"https:\/\/api.w.org\/{rel}","templated":true}]}}