{"id":16830,"date":"2021-09-07T09:18:58","date_gmt":"2021-09-07T08:18:58","guid":{"rendered":"https:\/\/www.argonandco.com\/?page_id=16830"},"modified":"2021-09-24T11:22:22","modified_gmt":"2021-09-24T10:22:22","slug":"augmenter-la-capacite-sans-capex-stable-ops","status":"publish","type":"page","link":"https:\/\/www.argonandco.com\/fr\/expertises\/performance-operationnelle\/augmenter-la-capacite-sans-capex-stable-ops\/","title":{"rendered":"Augmenter la capacit\u00e9 sans CAPEX (Stable Ops&#x2122;)"},"content":{"rendered":"<h2><b>Contexte et d\u00e9fis<\/b><\/h2>\n<p><span class=\"intro\">L&rsquo;augmentation de productivit\u00e9 est aujourd\u2019hui n\u00e9cessaire afin d\u2019assurer la rentabilit\u00e9 \u00e0 long terme d&rsquo;une unit\u00e9 de production. De nombreux dirigeants sont convaincus qu&rsquo;il existe une capacit\u00e9 suppl\u00e9mentaire, sans parvenir \u00e0 atteindre ce niveau de performance \u00ab\u00a0ressenti\u00a0\u00bb, ni surtout \u00e0 pouvoir le quantifier.<\/span><\/p>\n<p>Dans un contexte o\u00f9 la main-d&rsquo;\u0153uvre est dimensionn\u00e9e pour assurer la demande nominale et o\u00f9 le fonctionnement dans l\u2019urgence permanente est souvent la norme, il peut \u00eatre difficile de sortir de ce cercle vicieux. De nombreuses entreprises ont des difficult\u00e9s pour augmenter la production et r\u00e9pondre \u00e0 la demande dans les d\u00e9lais impartis avec des approches classiques.<\/p>\n<p>Les processus de fabrication pr\u00e9sentent g\u00e9n\u00e9ralement un niveau de variation important, impactant les quantit\u00e9s produites, la qualit\u00e9 et le service qui en d\u00e9coulent. Ces variations sont souvent consid\u00e9r\u00e9es comme inh\u00e9rentes au processus, dues \u00e0 une mauvaise conception, \u00e0 un \u00e9quipement peu fiable, ou li\u00e9es \u00e0 des causes externes, comme la variation inh\u00e9rente \u00e0 la mati\u00e8re. Cette perception alimente une culture o\u00f9 l&rsquo;am\u00e9lioration continue se retrouve fortement auto-limit\u00e9e et o\u00f9 les projets d&rsquo;investissement sont devenus la r\u00e9action syst\u00e9matique \u00e0 tout besoin d\u2019augmentation de performance et de demande du march\u00e9.<\/p>\n<h2><b>Notre approche<\/b><\/h2>\n<p>Stable Ops&#x2122; est un syst\u00e8me de production qui identifie et met en \u0153uvre la capacit\u00e9 sous-exploit\u00e9e des processus industriels. A travers une analyse fine des variabilit\u00e9s au jour le jour et de leurs causes racine ou <em>data-driven analysis<\/em>, Stable Ops&#x2122; identifie les opportunit\u00e9s d\u2019augmentation des volumes de production, tr\u00e8s fr\u00e9quemment de l\u2019ordre de 20 \u00e0 30%.<\/p>\n<p>Stable Ops&#x2122; est une approche qui am\u00e9liore l\u2019activit\u00e9 des sites de production. Elle impose une identification fine de toute source de variabilit\u00e9, qu\u2019elle soit technique, li\u00e9e \u00e0 l\u2019exploitation ou humaine. Moins de variation signifie plus de fiabilit\u00e9, de pr\u00e9visibilit\u00e9, de rendement, avec un respect des promesses aux clients plus \u00e9lev\u00e9\u00a0et surtout moins de replanifications et de travail dans l\u2019urgence pour les \u00e9quipes terrain : Stable Ops&#x2122; cr\u00e9e de la capacit\u00e9 additionnelle disponible \u00e0 court terme via une meilleure ma\u00eetrise des processus tout au long de la chaine. Une production stabilis\u00e9e permet \u00e9galement une am\u00e9lioration de la s\u00e9curit\u00e9, de la qualit\u00e9, des exp\u00e9ditions, des co\u00fbts et des impacts environnementaux et permet surtout d\u2019am\u00e9liorer le moral des employ\u00e9s gr\u00e2ce \u00e0 des op\u00e9rations pr\u00e9visibles et fiables o\u00f9 la planification devient r\u00e9alit\u00e9.<\/p>\n<p>Les r\u00e9sultats comportent g\u00e9n\u00e9ralement\u00a0:<\/p>\n<ul>\n<li>Une augmentation de capacit\u00e9 dans un premier temps de 10 \u00e0 15 % puis de 10 % suppl\u00e9mentaires gr\u00e2ce au d\u00e9goulottage technique\u00a0;<\/li>\n<li>Une augmentation des facteurs de stabilit\u00e9 de 60-70 % \u00e0 95 % ou plus\u00a0;<\/li>\n<li>En tant qu&rsquo;effet de sillage, la qualit\u00e9 atteint des niveaux jamais vus auparavant\u00a0;<\/li>\n<li>La variation de production r\u00e9duite permet des d\u00e9lais de livraison plus courts, des stocks inf\u00e9rieurs et de meilleurs niveaux de livraison \u00e0 temps.<\/li>\n<\/ul>\n<p>Stable Ops&#x2122; est un syst\u00e8me de management appliqu\u00e9 pour am\u00e9liorer le ROCE (Retour Sur Capitaux Employ\u00e9s) de nos clients.<\/p>\n<div id=\"gtx-trans\" style=\"position: absolute; left: 362px; top: 768.375px;\">\n<div class=\"gtx-trans-icon\"><\/div>\n<\/div>\n","protected":false},"excerpt":{"rendered":"<p>Contexte et d\u00e9fis L&rsquo;augmentation de productivit\u00e9 est aujourd\u2019hui n\u00e9cessaire afin d\u2019assurer la rentabilit\u00e9 \u00e0 long terme d&rsquo;une unit\u00e9 de production. De nombreux dirigeants sont convaincus qu&rsquo;il existe une capacit\u00e9 suppl\u00e9mentaire, sans parvenir \u00e0 atteindre ce niveau de performance \u00ab\u00a0ressenti\u00a0\u00bb, ni surtout \u00e0 pouvoir le quantifier. Dans un contexte o\u00f9 la main-d&rsquo;\u0153uvre est dimensionn\u00e9e pour assurer [&hellip;]<\/p>\n","protected":false},"author":1,"featured_media":0,"parent":16828,"menu_order":1,"comment_status":"closed","ping_status":"closed","template":"","meta":{"_acf_changed":false,"footnotes":""},"class_list":["post-16830","page","type-page","status-publish","hentry"],"acf":[],"yoast_head":"<!-- This site is optimized with the Yoast SEO plugin v27.4 - https:\/\/yoast.com\/product\/yoast-seo-wordpress\/ -->\n<title>Augmenter la capacit\u00e9 sans CAPEX (Stable Ops&#x2122;) - Argon &amp; Co<\/title>\n<meta name=\"robots\" content=\"index, follow, max-snippet:-1, max-image-preview:large, max-video-preview:-1\" \/>\n<link rel=\"canonical\" href=\"https:\/\/www.argonandco.com\/fr\/expertises\/performance-operationnelle\/augmenter-la-capacite-sans-capex-stable-ops\/\" \/>\n<meta property=\"og:locale\" content=\"fr_FR\" \/>\n<meta property=\"og:type\" content=\"article\" \/>\n<meta property=\"og:title\" content=\"Augmenter la capacit\u00e9 sans CAPEX (Stable Ops&#x2122;) - Argon &amp; Co\" \/>\n<meta property=\"og:description\" content=\"Contexte et d\u00e9fis L&rsquo;augmentation de productivit\u00e9 est aujourd\u2019hui n\u00e9cessaire afin d\u2019assurer la rentabilit\u00e9 \u00e0 long terme d&rsquo;une unit\u00e9 de production. De nombreux dirigeants sont convaincus qu&rsquo;il existe une capacit\u00e9 suppl\u00e9mentaire, sans parvenir \u00e0 atteindre ce niveau de performance \u00ab\u00a0ressenti\u00a0\u00bb, ni surtout \u00e0 pouvoir le quantifier. Dans un contexte o\u00f9 la main-d&rsquo;\u0153uvre est dimensionn\u00e9e pour assurer [&hellip;]\" \/>\n<meta property=\"og:url\" content=\"https:\/\/www.argonandco.com\/fr\/expertises\/performance-operationnelle\/augmenter-la-capacite-sans-capex-stable-ops\/\" \/>\n<meta property=\"og:site_name\" content=\"Argon &amp; Co\" \/>\n<meta property=\"article:modified_time\" content=\"2021-09-24T10:22:22+00:00\" \/>\n<meta name=\"twitter:card\" content=\"summary_large_image\" \/>\n<meta name=\"twitter:label1\" content=\"Dur\u00e9e de lecture estim\u00e9e\" \/>\n\t<meta name=\"twitter:data1\" content=\"3 minutes\" \/>\n<script type=\"application\/ld+json\" class=\"yoast-schema-graph\">{\"@context\":\"https:\\\/\\\/schema.org\",\"@graph\":[{\"@type\":\"WebPage\",\"@id\":\"https:\\\/\\\/www.argonandco.com\\\/fr\\\/expertises\\\/performance-operationnelle\\\/augmenter-la-capacite-sans-capex-stable-ops\\\/\",\"url\":\"https:\\\/\\\/www.argonandco.com\\\/fr\\\/expertises\\\/performance-operationnelle\\\/augmenter-la-capacite-sans-capex-stable-ops\\\/\",\"name\":\"Augmenter la capacit\u00e9 sans CAPEX (Stable Ops&#x2122;) - Argon &amp; Co\",\"isPartOf\":{\"@id\":\"https:\\\/\\\/www.argonandco.com\\\/fr\\\/#website\"},\"datePublished\":\"2021-09-07T08:18:58+00:00\",\"dateModified\":\"2021-09-24T10:22:22+00:00\",\"breadcrumb\":{\"@id\":\"https:\\\/\\\/www.argonandco.com\\\/fr\\\/expertises\\\/performance-operationnelle\\\/augmenter-la-capacite-sans-capex-stable-ops\\\/#breadcrumb\"},\"inLanguage\":\"fr-FR\",\"potentialAction\":[{\"@type\":\"ReadAction\",\"target\":[\"https:\\\/\\\/www.argonandco.com\\\/fr\\\/expertises\\\/performance-operationnelle\\\/augmenter-la-capacite-sans-capex-stable-ops\\\/\"]}]},{\"@type\":\"BreadcrumbList\",\"@id\":\"https:\\\/\\\/www.argonandco.com\\\/fr\\\/expertises\\\/performance-operationnelle\\\/augmenter-la-capacite-sans-capex-stable-ops\\\/#breadcrumb\",\"itemListElement\":[{\"@type\":\"ListItem\",\"position\":1,\"name\":\"Home\",\"item\":\"https:\\\/\\\/www.argonandco.com\\\/fr\\\/\"},{\"@type\":\"ListItem\",\"position\":2,\"name\":\"Expertises\",\"item\":\"https:\\\/\\\/www.argonandco.com\\\/fr\\\/expertises\\\/\"},{\"@type\":\"ListItem\",\"position\":3,\"name\":\"Performance op\u00e9rationnelle\",\"item\":\"https:\\\/\\\/www.argonandco.com\\\/fr\\\/expertises\\\/performance-operationnelle\\\/\"},{\"@type\":\"ListItem\",\"position\":4,\"name\":\"Augmenter la capacit\u00e9 sans CAPEX (Stable Ops&#x2122;)\"}]},{\"@type\":\"WebSite\",\"@id\":\"https:\\\/\\\/www.argonandco.com\\\/fr\\\/#website\",\"url\":\"https:\\\/\\\/www.argonandco.com\\\/fr\\\/\",\"name\":\"Argon &amp; Co\",\"description\":\"We help clients achieve their strategic and operational objectives, working together to transform their businesses and generate real change.\",\"potentialAction\":[{\"@type\":\"SearchAction\",\"target\":{\"@type\":\"EntryPoint\",\"urlTemplate\":\"https:\\\/\\\/www.argonandco.com\\\/fr\\\/?s={search_term_string}\"},\"query-input\":{\"@type\":\"PropertyValueSpecification\",\"valueRequired\":true,\"valueName\":\"search_term_string\"}}],\"inLanguage\":\"fr-FR\"}]}<\/script>\n<!-- \/ Yoast SEO plugin. -->","yoast_head_json":{"title":"Augmenter la capacit\u00e9 sans CAPEX (Stable Ops&#x2122;) - Argon &amp; Co","robots":{"index":"index","follow":"follow","max-snippet":"max-snippet:-1","max-image-preview":"max-image-preview:large","max-video-preview":"max-video-preview:-1"},"canonical":"https:\/\/www.argonandco.com\/fr\/expertises\/performance-operationnelle\/augmenter-la-capacite-sans-capex-stable-ops\/","og_locale":"fr_FR","og_type":"article","og_title":"Augmenter la capacit\u00e9 sans CAPEX (Stable Ops&#x2122;) - Argon &amp; Co","og_description":"Contexte et d\u00e9fis L&rsquo;augmentation de productivit\u00e9 est aujourd\u2019hui n\u00e9cessaire afin d\u2019assurer la rentabilit\u00e9 \u00e0 long terme d&rsquo;une unit\u00e9 de production. De nombreux dirigeants sont convaincus qu&rsquo;il existe une capacit\u00e9 suppl\u00e9mentaire, sans parvenir \u00e0 atteindre ce niveau de performance \u00ab\u00a0ressenti\u00a0\u00bb, ni surtout \u00e0 pouvoir le quantifier. Dans un contexte o\u00f9 la main-d&rsquo;\u0153uvre est dimensionn\u00e9e pour assurer [&hellip;]","og_url":"https:\/\/www.argonandco.com\/fr\/expertises\/performance-operationnelle\/augmenter-la-capacite-sans-capex-stable-ops\/","og_site_name":"Argon &amp; Co","article_modified_time":"2021-09-24T10:22:22+00:00","twitter_card":"summary_large_image","twitter_misc":{"Dur\u00e9e de lecture estim\u00e9e":"3 minutes"},"schema":{"@context":"https:\/\/schema.org","@graph":[{"@type":"WebPage","@id":"https:\/\/www.argonandco.com\/fr\/expertises\/performance-operationnelle\/augmenter-la-capacite-sans-capex-stable-ops\/","url":"https:\/\/www.argonandco.com\/fr\/expertises\/performance-operationnelle\/augmenter-la-capacite-sans-capex-stable-ops\/","name":"Augmenter la capacit\u00e9 sans CAPEX (Stable Ops&#x2122;) - Argon &amp; Co","isPartOf":{"@id":"https:\/\/www.argonandco.com\/fr\/#website"},"datePublished":"2021-09-07T08:18:58+00:00","dateModified":"2021-09-24T10:22:22+00:00","breadcrumb":{"@id":"https:\/\/www.argonandco.com\/fr\/expertises\/performance-operationnelle\/augmenter-la-capacite-sans-capex-stable-ops\/#breadcrumb"},"inLanguage":"fr-FR","potentialAction":[{"@type":"ReadAction","target":["https:\/\/www.argonandco.com\/fr\/expertises\/performance-operationnelle\/augmenter-la-capacite-sans-capex-stable-ops\/"]}]},{"@type":"BreadcrumbList","@id":"https:\/\/www.argonandco.com\/fr\/expertises\/performance-operationnelle\/augmenter-la-capacite-sans-capex-stable-ops\/#breadcrumb","itemListElement":[{"@type":"ListItem","position":1,"name":"Home","item":"https:\/\/www.argonandco.com\/fr\/"},{"@type":"ListItem","position":2,"name":"Expertises","item":"https:\/\/www.argonandco.com\/fr\/expertises\/"},{"@type":"ListItem","position":3,"name":"Performance op\u00e9rationnelle","item":"https:\/\/www.argonandco.com\/fr\/expertises\/performance-operationnelle\/"},{"@type":"ListItem","position":4,"name":"Augmenter la capacit\u00e9 sans CAPEX (Stable Ops&#x2122;)"}]},{"@type":"WebSite","@id":"https:\/\/www.argonandco.com\/fr\/#website","url":"https:\/\/www.argonandco.com\/fr\/","name":"Argon &amp; Co","description":"We help clients achieve their strategic and operational objectives, working together to transform their businesses and generate real change.","potentialAction":[{"@type":"SearchAction","target":{"@type":"EntryPoint","urlTemplate":"https:\/\/www.argonandco.com\/fr\/?s={search_term_string}"},"query-input":{"@type":"PropertyValueSpecification","valueRequired":true,"valueName":"search_term_string"}}],"inLanguage":"fr-FR"}]}},"_links":{"self":[{"href":"https:\/\/www.argonandco.com\/fr\/wp-json\/wp\/v2\/pages\/16830","targetHints":{"allow":["GET"]}}],"collection":[{"href":"https:\/\/www.argonandco.com\/fr\/wp-json\/wp\/v2\/pages"}],"about":[{"href":"https:\/\/www.argonandco.com\/fr\/wp-json\/wp\/v2\/types\/page"}],"author":[{"embeddable":true,"href":"https:\/\/www.argonandco.com\/fr\/wp-json\/wp\/v2\/users\/1"}],"replies":[{"embeddable":true,"href":"https:\/\/www.argonandco.com\/fr\/wp-json\/wp\/v2\/comments?post=16830"}],"version-history":[{"count":0,"href":"https:\/\/www.argonandco.com\/fr\/wp-json\/wp\/v2\/pages\/16830\/revisions"}],"up":[{"embeddable":true,"href":"https:\/\/www.argonandco.com\/fr\/wp-json\/wp\/v2\/pages\/16828"}],"wp:attachment":[{"href":"https:\/\/www.argonandco.com\/fr\/wp-json\/wp\/v2\/media?parent=16830"}],"curies":[{"name":"wp","href":"https:\/\/api.w.org\/{rel}","templated":true}]}}