{"id":1682,"date":"2019-12-09T14:41:16","date_gmt":"2019-12-09T14:41:48","guid":{"rendered":"https:\/\/www.argonandco.com\/?page_id=1682"},"modified":"2019-12-20T12:05:56","modified_gmt":"2019-12-20T12:05:56","slug":"gestion-des-pieces-de-rechange","status":"publish","type":"page","link":"https:\/\/www.argonandco.com\/fr\/expertises\/maintenance-et-apres-vente\/gestion-des-pieces-de-rechange\/","title":{"rendered":"Gestion des pi\u00e8ces de rechange"},"content":{"rendered":"<h2><b>Contexte et d\u00e9fis<\/b><\/h2>\n<p><span class=\"intro\" style=\"font-weight: 400;\">La gestion des pi\u00e8ces de rechange est un \u00e9l\u00e9ment-cl\u00e9 de la performance des activit\u00e9s d\u2019apr\u00e8s-vente et de maintenance. Elle joue un r\u00f4le essentiel dans le pilotage financier (\u00e9quation co\u00fbts\/fonds de roulement) et la maximisation de la disponibilit\u00e9 des mat\u00e9riels.<\/span><\/p>\n<p><span style=\"font-weight: 400;\">Elle doit r\u00e9pondre \u00e0 des probl\u00e9matiques particuli\u00e8res et complexes\u00a0: am\u00e9liorer le niveau de service en raison d\u2019une forte exigence en mati\u00e8re d\u2019exploitation des \u00e9quipements, traiter un nombre tr\u00e8s \u00e9lev\u00e9 de r\u00e9f\u00e9rences dont certaines \u00e0 tr\u00e8s faible rotation, g\u00e9rer l\u2019\u00e9volution permanente du parc d\u2019\u00e9quipements et la difficult\u00e9 que repr\u00e9sente la performance li\u00e9e \u00e0 la r\u00e9paration. La gestion des pi\u00e8ces de rechange implique donc des arbitrages complexes entre les co\u00fbts, le niveau de stocks et la qualit\u00e9 de service. Ces trois dimensions doivent \u00eatre abord\u00e9es de mani\u00e8re simultan\u00e9e en se fondant sur une segmentation pertinente des pi\u00e8ces.<\/span><\/p>\n<p><span style=\"font-weight: 400;\">Dans ce contexte, il est donc n\u00e9cessaire de r\u00e9pondre \u00e0 cinq enjeux\u00a0:\u00a0<\/span><\/p>\n<ul>\n<li style=\"font-weight: 400;\"><span style=\"font-weight: 400;\">le niveau de service promis\u00a0;<\/span><\/li>\n<li style=\"font-weight: 400;\"><span style=\"font-weight: 400;\">la segmentation des objectifs de niveau de service par cat\u00e9gorie de pi\u00e8ces\u00a0;<\/span><\/li>\n<li style=\"font-weight: 400;\"><span style=\"font-weight: 400;\">le niveau de stock et sa localisation\u00a0;<\/span><\/li>\n<li style=\"font-weight: 400;\"><span style=\"font-weight: 400;\">la limite de SKU pour Stock Keeping Unit (unit\u00e9 de gestion des stocks) acceptable par rapport au risque de temps d&rsquo;arr\u00eat et au fonds de roulement\u00a0;\u00a0<\/span><\/li>\n<li style=\"font-weight: 400;\"><span style=\"font-weight: 400;\">le type de r\u00e9seau et les moyens logistiques requis pour la mise en \u0153uvre.<\/span><\/li>\n<\/ul>\n<p><span style=\"font-weight: 400;\">La conception optimale des processus de la supply chain favorisera \u00e9galement l&rsquo;efficacit\u00e9. Ces processus comprennent la pr\u00e9vision d\u2019utilisation des pi\u00e8ces, la gestion des retours, les r\u00e9parations et le recyclage.<\/span><\/p>\n<p><span style=\"font-weight: 400;\">Par ailleurs, l&rsquo;adoption d&rsquo;une approche de gestion du cycle de vie participera \u00e0 l\u2019optimisation du contr\u00f4le des exigences r\u00e9glementaires et au maintien des niveaux de service tout au long de la vie de l&rsquo;\u00e9quipement de mani\u00e8re proactive.<\/span><b><br \/>\n<\/b><b><\/b><\/p>\n<h2>Notre approche<\/h2>\n<p><span style=\"font-weight: 400;\">Argon &amp; Co accompagne ses clients dans l\u2019optimisation de leur supply chain des pi\u00e8ces de rechange du diagnostic \u00e0 la conception du mod\u00e8le cible jusqu\u2019\u00e0 sa mise en \u0153uvre op\u00e9rationnelle afin d\u2019am\u00e9liorer le service, les stocks et les co\u00fbts :<\/span><\/p>\n<ul>\n<li style=\"font-weight: 400;\"><span style=\"font-weight: 400;\">segmentation multicrit\u00e8res (prix, criticit\u00e9, rotation\u2026) pour d\u00e9finir simultan\u00e9ment la strat\u00e9gie de service, la strat\u00e9gie logistique et la politique de stock\u00a0;<\/span><\/li>\n<li style=\"font-weight: 400;\"><span style=\"font-weight: 400;\">d\u00e9finition des processus de supply chain\u00a0: pr\u00e9vision, dimensionnement des stocks et des buffers, achat et approvisionnement, planification de la distribution, gestion des entrep\u00f4ts et du transport et gestion de crise\u00a0;<\/span><\/li>\n<li style=\"font-weight: 400;\"><span style=\"font-weight: 400;\">optimisation des organisations en mettant l\u2019accent sur les r\u00f4les central \/ local dans les processus de planification comme les sc\u00e9narios de centralisation vs. mutualisation des approvisionnements par exemple\u00a0;<\/span><\/li>\n<li style=\"font-weight: 400;\"><span style=\"font-weight: 400;\">\u00e9laboration des plans d\u2019actions de r\u00e9duction des stocks et\/ou d\u2019am\u00e9lioration du service\u00a0;<\/span><\/li>\n<li style=\"font-weight: 400;\"><span style=\"font-weight: 400;\">d\u00e9finition des modes de gestion du cycle de vie des pi\u00e8ces et des sous-ensembles\u00a0;<\/span><\/li>\n<li style=\"font-weight: 400;\"><span style=\"font-weight: 400;\">aide \u00e0 la s\u00e9lection et \u00e0 la mise en \u0153uvre des outils SI.<\/span><\/li>\n<\/ul>\n","protected":false},"excerpt":{"rendered":"<p>Contexte et d\u00e9fis La gestion des pi\u00e8ces de rechange est un \u00e9l\u00e9ment-cl\u00e9 de la performance des activit\u00e9s d\u2019apr\u00e8s-vente et de maintenance. Elle joue un r\u00f4le essentiel dans le pilotage financier (\u00e9quation co\u00fbts\/fonds de roulement) et la maximisation de la disponibilit\u00e9 des mat\u00e9riels. Elle doit r\u00e9pondre \u00e0 des probl\u00e9matiques particuli\u00e8res et complexes\u00a0: am\u00e9liorer le niveau de [&hellip;]<\/p>\n","protected":false},"author":1,"featured_media":0,"parent":1674,"menu_order":4,"comment_status":"closed","ping_status":"closed","template":"","meta":{"_acf_changed":false,"footnotes":""},"class_list":["post-1682","page","type-page","status-publish","hentry"],"acf":[],"yoast_head":"<!-- This site is optimized with the Yoast SEO plugin v27.4 - https:\/\/yoast.com\/product\/yoast-seo-wordpress\/ -->\n<title>Gestion des pi\u00e8ces de rechange - Argon &amp; Co<\/title>\n<meta name=\"robots\" content=\"index, follow, max-snippet:-1, max-image-preview:large, max-video-preview:-1\" \/>\n<link rel=\"canonical\" href=\"https:\/\/www.argonandco.com\/fr\/expertises\/maintenance-et-apres-vente\/gestion-des-pieces-de-rechange\/\" \/>\n<meta property=\"og:locale\" content=\"fr_FR\" \/>\n<meta property=\"og:type\" content=\"article\" \/>\n<meta property=\"og:title\" content=\"Gestion des pi\u00e8ces de rechange - Argon &amp; Co\" \/>\n<meta property=\"og:description\" content=\"Contexte et d\u00e9fis La gestion des pi\u00e8ces de rechange est un \u00e9l\u00e9ment-cl\u00e9 de la performance des activit\u00e9s d\u2019apr\u00e8s-vente et de maintenance. Elle joue un r\u00f4le essentiel dans le pilotage financier (\u00e9quation co\u00fbts\/fonds de roulement) et la maximisation de la disponibilit\u00e9 des mat\u00e9riels. Elle doit r\u00e9pondre \u00e0 des probl\u00e9matiques particuli\u00e8res et complexes\u00a0: am\u00e9liorer le niveau de [&hellip;]\" \/>\n<meta property=\"og:url\" content=\"https:\/\/www.argonandco.com\/fr\/expertises\/maintenance-et-apres-vente\/gestion-des-pieces-de-rechange\/\" \/>\n<meta property=\"og:site_name\" content=\"Argon &amp; Co\" \/>\n<meta property=\"article:modified_time\" content=\"2019-12-20T12:05:56+00:00\" \/>\n<meta name=\"twitter:card\" content=\"summary_large_image\" \/>\n<meta name=\"twitter:label1\" content=\"Dur\u00e9e de lecture estim\u00e9e\" \/>\n\t<meta name=\"twitter:data1\" content=\"3 minutes\" \/>\n<script type=\"application\/ld+json\" class=\"yoast-schema-graph\">{\"@context\":\"https:\\\/\\\/schema.org\",\"@graph\":[{\"@type\":\"WebPage\",\"@id\":\"https:\\\/\\\/www.argonandco.com\\\/fr\\\/expertises\\\/maintenance-et-apres-vente\\\/gestion-des-pieces-de-rechange\\\/\",\"url\":\"https:\\\/\\\/www.argonandco.com\\\/fr\\\/expertises\\\/maintenance-et-apres-vente\\\/gestion-des-pieces-de-rechange\\\/\",\"name\":\"Gestion des pi\u00e8ces de rechange - Argon &amp; Co\",\"isPartOf\":{\"@id\":\"https:\\\/\\\/www.argonandco.com\\\/fr\\\/#website\"},\"datePublished\":\"2019-12-09T14:41:48+00:00\",\"dateModified\":\"2019-12-20T12:05:56+00:00\",\"breadcrumb\":{\"@id\":\"https:\\\/\\\/www.argonandco.com\\\/fr\\\/expertises\\\/maintenance-et-apres-vente\\\/gestion-des-pieces-de-rechange\\\/#breadcrumb\"},\"inLanguage\":\"fr-FR\",\"potentialAction\":[{\"@type\":\"ReadAction\",\"target\":[\"https:\\\/\\\/www.argonandco.com\\\/fr\\\/expertises\\\/maintenance-et-apres-vente\\\/gestion-des-pieces-de-rechange\\\/\"]}]},{\"@type\":\"BreadcrumbList\",\"@id\":\"https:\\\/\\\/www.argonandco.com\\\/fr\\\/expertises\\\/maintenance-et-apres-vente\\\/gestion-des-pieces-de-rechange\\\/#breadcrumb\",\"itemListElement\":[{\"@type\":\"ListItem\",\"position\":1,\"name\":\"Home\",\"item\":\"https:\\\/\\\/www.argonandco.com\\\/fr\\\/\"},{\"@type\":\"ListItem\",\"position\":2,\"name\":\"Expertises\",\"item\":\"https:\\\/\\\/www.argonandco.com\\\/fr\\\/expertises\\\/\"},{\"@type\":\"ListItem\",\"position\":3,\"name\":\"Maintenance et apr\u00e8s-vente\",\"item\":\"https:\\\/\\\/www.argonandco.com\\\/fr\\\/expertises\\\/maintenance-et-apres-vente\\\/\"},{\"@type\":\"ListItem\",\"position\":4,\"name\":\"Gestion des pi\u00e8ces de rechange\"}]},{\"@type\":\"WebSite\",\"@id\":\"https:\\\/\\\/www.argonandco.com\\\/fr\\\/#website\",\"url\":\"https:\\\/\\\/www.argonandco.com\\\/fr\\\/\",\"name\":\"Argon &amp; Co\",\"description\":\"We help clients achieve their strategic and operational objectives, working together to transform their businesses and generate real change.\",\"potentialAction\":[{\"@type\":\"SearchAction\",\"target\":{\"@type\":\"EntryPoint\",\"urlTemplate\":\"https:\\\/\\\/www.argonandco.com\\\/fr\\\/?s={search_term_string}\"},\"query-input\":{\"@type\":\"PropertyValueSpecification\",\"valueRequired\":true,\"valueName\":\"search_term_string\"}}],\"inLanguage\":\"fr-FR\"}]}<\/script>\n<!-- \/ Yoast SEO plugin. -->","yoast_head_json":{"title":"Gestion des pi\u00e8ces de rechange - Argon &amp; Co","robots":{"index":"index","follow":"follow","max-snippet":"max-snippet:-1","max-image-preview":"max-image-preview:large","max-video-preview":"max-video-preview:-1"},"canonical":"https:\/\/www.argonandco.com\/fr\/expertises\/maintenance-et-apres-vente\/gestion-des-pieces-de-rechange\/","og_locale":"fr_FR","og_type":"article","og_title":"Gestion des pi\u00e8ces de rechange - Argon &amp; Co","og_description":"Contexte et d\u00e9fis La gestion des pi\u00e8ces de rechange est un \u00e9l\u00e9ment-cl\u00e9 de la performance des activit\u00e9s d\u2019apr\u00e8s-vente et de maintenance. Elle joue un r\u00f4le essentiel dans le pilotage financier (\u00e9quation co\u00fbts\/fonds de roulement) et la maximisation de la disponibilit\u00e9 des mat\u00e9riels. Elle doit r\u00e9pondre \u00e0 des probl\u00e9matiques particuli\u00e8res et complexes\u00a0: am\u00e9liorer le niveau de [&hellip;]","og_url":"https:\/\/www.argonandco.com\/fr\/expertises\/maintenance-et-apres-vente\/gestion-des-pieces-de-rechange\/","og_site_name":"Argon &amp; Co","article_modified_time":"2019-12-20T12:05:56+00:00","twitter_card":"summary_large_image","twitter_misc":{"Dur\u00e9e de lecture estim\u00e9e":"3 minutes"},"schema":{"@context":"https:\/\/schema.org","@graph":[{"@type":"WebPage","@id":"https:\/\/www.argonandco.com\/fr\/expertises\/maintenance-et-apres-vente\/gestion-des-pieces-de-rechange\/","url":"https:\/\/www.argonandco.com\/fr\/expertises\/maintenance-et-apres-vente\/gestion-des-pieces-de-rechange\/","name":"Gestion des pi\u00e8ces de rechange - Argon &amp; Co","isPartOf":{"@id":"https:\/\/www.argonandco.com\/fr\/#website"},"datePublished":"2019-12-09T14:41:48+00:00","dateModified":"2019-12-20T12:05:56+00:00","breadcrumb":{"@id":"https:\/\/www.argonandco.com\/fr\/expertises\/maintenance-et-apres-vente\/gestion-des-pieces-de-rechange\/#breadcrumb"},"inLanguage":"fr-FR","potentialAction":[{"@type":"ReadAction","target":["https:\/\/www.argonandco.com\/fr\/expertises\/maintenance-et-apres-vente\/gestion-des-pieces-de-rechange\/"]}]},{"@type":"BreadcrumbList","@id":"https:\/\/www.argonandco.com\/fr\/expertises\/maintenance-et-apres-vente\/gestion-des-pieces-de-rechange\/#breadcrumb","itemListElement":[{"@type":"ListItem","position":1,"name":"Home","item":"https:\/\/www.argonandco.com\/fr\/"},{"@type":"ListItem","position":2,"name":"Expertises","item":"https:\/\/www.argonandco.com\/fr\/expertises\/"},{"@type":"ListItem","position":3,"name":"Maintenance et apr\u00e8s-vente","item":"https:\/\/www.argonandco.com\/fr\/expertises\/maintenance-et-apres-vente\/"},{"@type":"ListItem","position":4,"name":"Gestion des pi\u00e8ces de rechange"}]},{"@type":"WebSite","@id":"https:\/\/www.argonandco.com\/fr\/#website","url":"https:\/\/www.argonandco.com\/fr\/","name":"Argon &amp; Co","description":"We help clients achieve their strategic and operational objectives, working together to transform their businesses and generate real change.","potentialAction":[{"@type":"SearchAction","target":{"@type":"EntryPoint","urlTemplate":"https:\/\/www.argonandco.com\/fr\/?s={search_term_string}"},"query-input":{"@type":"PropertyValueSpecification","valueRequired":true,"valueName":"search_term_string"}}],"inLanguage":"fr-FR"}]}},"_links":{"self":[{"href":"https:\/\/www.argonandco.com\/fr\/wp-json\/wp\/v2\/pages\/1682","targetHints":{"allow":["GET"]}}],"collection":[{"href":"https:\/\/www.argonandco.com\/fr\/wp-json\/wp\/v2\/pages"}],"about":[{"href":"https:\/\/www.argonandco.com\/fr\/wp-json\/wp\/v2\/types\/page"}],"author":[{"embeddable":true,"href":"https:\/\/www.argonandco.com\/fr\/wp-json\/wp\/v2\/users\/1"}],"replies":[{"embeddable":true,"href":"https:\/\/www.argonandco.com\/fr\/wp-json\/wp\/v2\/comments?post=1682"}],"version-history":[{"count":0,"href":"https:\/\/www.argonandco.com\/fr\/wp-json\/wp\/v2\/pages\/1682\/revisions"}],"up":[{"embeddable":true,"href":"https:\/\/www.argonandco.com\/fr\/wp-json\/wp\/v2\/pages\/1674"}],"wp:attachment":[{"href":"https:\/\/www.argonandco.com\/fr\/wp-json\/wp\/v2\/media?parent=1682"}],"curies":[{"name":"wp","href":"https:\/\/api.w.org\/{rel}","templated":true}]}}