{"id":1680,"date":"2019-12-09T14:39:16","date_gmt":"2019-12-09T14:39:57","guid":{"rendered":"https:\/\/www.argonandco.com\/?page_id=1680"},"modified":"2020-12-15T14:20:27","modified_gmt":"2020-12-15T14:20:27","slug":"field-service-management","status":"publish","type":"page","link":"https:\/\/www.argonandco.com\/fr\/expertises\/maintenance-et-apres-vente\/field-service-management\/","title":{"rendered":"Field service management"},"content":{"rendered":"<h2><b>Contexte et d\u00e9fis<\/b><\/h2>\n<p><span class=\"intro\" style=\"font-weight: 400;\">Les enjeux li\u00e9s \u00e0 la gestion du field service sont multiples\u00a0: ils comprennent notamment le respect du contrat de service, la ma\u00eetrise des co\u00fbts et l&rsquo;optimisation de la tr\u00e9sorerie. Outre l\u2019\u00e9quilibre \u00e0 trouver entre ces points, au sein de l\u2019activit\u00e9 de Maintien en Conditions Op\u00e9rationnelles (MCO) d\u2019un parc d\u2019\u00e9quipement, le field service management prend en compte la gestion de toutes les ressources utilis\u00e9es chez un client (ou en route chez un client) pour des op\u00e9rations de maintenance corrective, pr\u00e9ventive et pr\u00e9dictive. Cela constitue ainsi d\u2019autres priorit\u00e9s \u00e0 prendre en compte et d\u2019autres conflits \u00e0 g\u00e9rer.<\/span><\/p>\n<p><span style=\"font-weight: 400;\">Le field service est une activit\u00e9 strat\u00e9gique dans un grand nombre de secteurs, notamment dans la fabrication, les infrastructures, les t\u00e9l\u00e9communications, les parcs de v\u00e9hicules, la sant\u00e9 \u00e0 domicile, les appareils \u00e9lectrom\u00e9nagers, les machines en libre-service (distributeurs de snacks, de caf\u00e9s\u2026).<\/span><\/p>\n<p><span style=\"font-weight: 400;\">Si la dynamique et les enjeux varient beaucoup d\u2019un secteur \u00e0 l\u2019autre, de nombreuses bonnes pratiques peuvent toutefois \u00eatre partag\u00e9es pour am\u00e9liorer la performance du field service.<\/span><\/p>\n<h2><b>Notre approche\u00a0<\/b><\/h2>\n<p><span style=\"font-weight: 400;\">Argon &amp; Co accompagne ses clients depuis la d\u00e9finition de leur strat\u00e9gie field service jusqu\u2019\u00e0 la mise en \u0153uvre de l\u2019ensemble des composantes de son management, ou a minima de leurs am\u00e9liorations op\u00e9rationnelles.<\/span><\/p>\n<ul>\n<li><strong>Organisation et comp\u00e9tences<\/strong><span style=\"font-weight: 400;\"><strong>\u00a0<\/strong>: organisation des \u00e9quipes terrain (d\u00e9coupage g\u00e9ographique, sp\u00e9cialisation des \u00e9quipes, structure manag\u00e9riale\u2026) et de leur dimensionnement (analyse des facteurs influen\u00e7ant le nombre d\u2019interventions via des outils d\u2019advanced analytics par exemple), organisation des \u00e9quipes de planification et de supervision (niveau central), d\u00e9veloppement des comp\u00e9tences.<\/span><\/li>\n<li><strong>Processus, syst\u00e8mes d\u2019informations\u00a0et master data<\/strong><span style=\"font-weight: 400;\">\u00a0: conception des processus de planification tactique, op\u00e9rationnelle et d\u2019ordonnancement\u00a0de la data ; gestion des interventions en urgence, lean management sur les interventions terrain\u00a0; cadrage des besoins et s\u00e9lection des logiciels cibles (planification et ex\u00e9cution des tourn\u00e9es, optimisation des pi\u00e8ces de rechange&#8230;), assistance au d\u00e9ploiement des outils, gestion et gouvernance des donn\u00e9es.<\/span><\/li>\n<li><strong>Pilotage de la performance\u00a0:<\/strong> <span style=\"font-weight: 400;\">structuration de la gouvernance et des rituels, d\u00e9finition des indicateurs de performance, cr\u00e9ation des tableaux de bord (Power BI, dashboard\u2026), assistance \u00e0 l\u2019am\u00e9lioration continue.<\/span><\/li>\n<\/ul>\n<ul>\n<li><strong>Politique et m\u00e9thodes de maintenance\u00a0:<\/strong> <span style=\"font-weight: 400;\">r\u00e9vision de la politique de maintenance (juste r\u00e9partition entre les op\u00e9rations de maintenance pr\u00e9ventive et curative par exemple) et des m\u00e9thodes associ\u00e9es (telles que le recours au machine learning pour la maintenance pr\u00e9dictive).\u00a0<\/span><\/li>\n<\/ul>\n<ul>\n<li><strong>R\u00e9seau supply chain et gestion des pi\u00e8ces de rechange\u00a0:<\/strong> <span style=\"font-weight: 400;\">r\u00e9vision de l\u2019offre de service, segmentation des pi\u00e8ces (urgence, criticit\u00e9, co\u00fbts), optimisation du maillage g\u00e9ographique des points de stockage (central\/r\u00e9gional\/local), d\u00e9finition de la politique de stock et optimisation des niveaux de stock.<\/span><\/li>\n<\/ul>\n<p>&nbsp;<\/p>\n<p>&nbsp;<\/p>\n","protected":false},"excerpt":{"rendered":"<p>Contexte et d\u00e9fis Les enjeux li\u00e9s \u00e0 la gestion du field service sont multiples\u00a0: ils comprennent notamment le respect du contrat de service, la ma\u00eetrise des co\u00fbts et l&rsquo;optimisation de la tr\u00e9sorerie. Outre l\u2019\u00e9quilibre \u00e0 trouver entre ces points, au sein de l\u2019activit\u00e9 de Maintien en Conditions Op\u00e9rationnelles (MCO) d\u2019un parc d\u2019\u00e9quipement, le field service [&hellip;]<\/p>\n","protected":false},"author":1,"featured_media":0,"parent":1674,"menu_order":3,"comment_status":"closed","ping_status":"closed","template":"","meta":{"_acf_changed":false,"footnotes":""},"class_list":["post-1680","page","type-page","status-publish","hentry"],"acf":[],"yoast_head":"<!-- This site is optimized with the Yoast SEO plugin v27.4 - https:\/\/yoast.com\/product\/yoast-seo-wordpress\/ -->\n<title>Field service management - Argon &amp; Co<\/title>\n<meta name=\"robots\" content=\"index, follow, max-snippet:-1, max-image-preview:large, max-video-preview:-1\" \/>\n<link rel=\"canonical\" href=\"https:\/\/www.argonandco.com\/fr\/expertises\/maintenance-et-apres-vente\/field-service-management\/\" \/>\n<meta property=\"og:locale\" content=\"fr_FR\" \/>\n<meta property=\"og:type\" content=\"article\" \/>\n<meta property=\"og:title\" content=\"Field service management - Argon &amp; Co\" \/>\n<meta property=\"og:description\" content=\"Contexte et d\u00e9fis Les enjeux li\u00e9s \u00e0 la gestion du field service sont multiples\u00a0: ils comprennent notamment le respect du contrat de service, la ma\u00eetrise des co\u00fbts et l&rsquo;optimisation de la tr\u00e9sorerie. Outre l\u2019\u00e9quilibre \u00e0 trouver entre ces points, au sein de l\u2019activit\u00e9 de Maintien en Conditions Op\u00e9rationnelles (MCO) d\u2019un parc d\u2019\u00e9quipement, le field service [&hellip;]\" \/>\n<meta property=\"og:url\" content=\"https:\/\/www.argonandco.com\/fr\/expertises\/maintenance-et-apres-vente\/field-service-management\/\" \/>\n<meta property=\"og:site_name\" content=\"Argon &amp; Co\" \/>\n<meta property=\"article:modified_time\" content=\"2020-12-15T14:20:27+00:00\" \/>\n<meta name=\"twitter:card\" content=\"summary_large_image\" \/>\n<meta name=\"twitter:label1\" content=\"Dur\u00e9e de lecture estim\u00e9e\" \/>\n\t<meta name=\"twitter:data1\" content=\"2 minutes\" \/>\n<script type=\"application\/ld+json\" class=\"yoast-schema-graph\">{\"@context\":\"https:\\\/\\\/schema.org\",\"@graph\":[{\"@type\":\"WebPage\",\"@id\":\"https:\\\/\\\/www.argonandco.com\\\/fr\\\/expertises\\\/maintenance-et-apres-vente\\\/field-service-management\\\/\",\"url\":\"https:\\\/\\\/www.argonandco.com\\\/fr\\\/expertises\\\/maintenance-et-apres-vente\\\/field-service-management\\\/\",\"name\":\"Field service management - Argon &amp; Co\",\"isPartOf\":{\"@id\":\"https:\\\/\\\/www.argonandco.com\\\/fr\\\/#website\"},\"datePublished\":\"2019-12-09T14:39:57+00:00\",\"dateModified\":\"2020-12-15T14:20:27+00:00\",\"breadcrumb\":{\"@id\":\"https:\\\/\\\/www.argonandco.com\\\/fr\\\/expertises\\\/maintenance-et-apres-vente\\\/field-service-management\\\/#breadcrumb\"},\"inLanguage\":\"fr-FR\",\"potentialAction\":[{\"@type\":\"ReadAction\",\"target\":[\"https:\\\/\\\/www.argonandco.com\\\/fr\\\/expertises\\\/maintenance-et-apres-vente\\\/field-service-management\\\/\"]}]},{\"@type\":\"BreadcrumbList\",\"@id\":\"https:\\\/\\\/www.argonandco.com\\\/fr\\\/expertises\\\/maintenance-et-apres-vente\\\/field-service-management\\\/#breadcrumb\",\"itemListElement\":[{\"@type\":\"ListItem\",\"position\":1,\"name\":\"Home\",\"item\":\"https:\\\/\\\/www.argonandco.com\\\/fr\\\/\"},{\"@type\":\"ListItem\",\"position\":2,\"name\":\"Expertises\",\"item\":\"https:\\\/\\\/www.argonandco.com\\\/fr\\\/expertises\\\/\"},{\"@type\":\"ListItem\",\"position\":3,\"name\":\"Maintenance et apr\u00e8s-vente\",\"item\":\"https:\\\/\\\/www.argonandco.com\\\/fr\\\/expertises\\\/maintenance-et-apres-vente\\\/\"},{\"@type\":\"ListItem\",\"position\":4,\"name\":\"Field service management\"}]},{\"@type\":\"WebSite\",\"@id\":\"https:\\\/\\\/www.argonandco.com\\\/fr\\\/#website\",\"url\":\"https:\\\/\\\/www.argonandco.com\\\/fr\\\/\",\"name\":\"Argon &amp; Co\",\"description\":\"We help clients achieve their strategic and operational objectives, working together to transform their businesses and generate real change.\",\"potentialAction\":[{\"@type\":\"SearchAction\",\"target\":{\"@type\":\"EntryPoint\",\"urlTemplate\":\"https:\\\/\\\/www.argonandco.com\\\/fr\\\/?s={search_term_string}\"},\"query-input\":{\"@type\":\"PropertyValueSpecification\",\"valueRequired\":true,\"valueName\":\"search_term_string\"}}],\"inLanguage\":\"fr-FR\"}]}<\/script>\n<!-- \/ Yoast SEO plugin. -->","yoast_head_json":{"title":"Field service management - Argon &amp; Co","robots":{"index":"index","follow":"follow","max-snippet":"max-snippet:-1","max-image-preview":"max-image-preview:large","max-video-preview":"max-video-preview:-1"},"canonical":"https:\/\/www.argonandco.com\/fr\/expertises\/maintenance-et-apres-vente\/field-service-management\/","og_locale":"fr_FR","og_type":"article","og_title":"Field service management - Argon &amp; Co","og_description":"Contexte et d\u00e9fis Les enjeux li\u00e9s \u00e0 la gestion du field service sont multiples\u00a0: ils comprennent notamment le respect du contrat de service, la ma\u00eetrise des co\u00fbts et l&rsquo;optimisation de la tr\u00e9sorerie. Outre l\u2019\u00e9quilibre \u00e0 trouver entre ces points, au sein de l\u2019activit\u00e9 de Maintien en Conditions Op\u00e9rationnelles (MCO) d\u2019un parc d\u2019\u00e9quipement, le field service [&hellip;]","og_url":"https:\/\/www.argonandco.com\/fr\/expertises\/maintenance-et-apres-vente\/field-service-management\/","og_site_name":"Argon &amp; Co","article_modified_time":"2020-12-15T14:20:27+00:00","twitter_card":"summary_large_image","twitter_misc":{"Dur\u00e9e de lecture estim\u00e9e":"2 minutes"},"schema":{"@context":"https:\/\/schema.org","@graph":[{"@type":"WebPage","@id":"https:\/\/www.argonandco.com\/fr\/expertises\/maintenance-et-apres-vente\/field-service-management\/","url":"https:\/\/www.argonandco.com\/fr\/expertises\/maintenance-et-apres-vente\/field-service-management\/","name":"Field service management - Argon &amp; Co","isPartOf":{"@id":"https:\/\/www.argonandco.com\/fr\/#website"},"datePublished":"2019-12-09T14:39:57+00:00","dateModified":"2020-12-15T14:20:27+00:00","breadcrumb":{"@id":"https:\/\/www.argonandco.com\/fr\/expertises\/maintenance-et-apres-vente\/field-service-management\/#breadcrumb"},"inLanguage":"fr-FR","potentialAction":[{"@type":"ReadAction","target":["https:\/\/www.argonandco.com\/fr\/expertises\/maintenance-et-apres-vente\/field-service-management\/"]}]},{"@type":"BreadcrumbList","@id":"https:\/\/www.argonandco.com\/fr\/expertises\/maintenance-et-apres-vente\/field-service-management\/#breadcrumb","itemListElement":[{"@type":"ListItem","position":1,"name":"Home","item":"https:\/\/www.argonandco.com\/fr\/"},{"@type":"ListItem","position":2,"name":"Expertises","item":"https:\/\/www.argonandco.com\/fr\/expertises\/"},{"@type":"ListItem","position":3,"name":"Maintenance et apr\u00e8s-vente","item":"https:\/\/www.argonandco.com\/fr\/expertises\/maintenance-et-apres-vente\/"},{"@type":"ListItem","position":4,"name":"Field service management"}]},{"@type":"WebSite","@id":"https:\/\/www.argonandco.com\/fr\/#website","url":"https:\/\/www.argonandco.com\/fr\/","name":"Argon &amp; Co","description":"We help clients achieve their strategic and operational objectives, working together to transform their businesses and generate real change.","potentialAction":[{"@type":"SearchAction","target":{"@type":"EntryPoint","urlTemplate":"https:\/\/www.argonandco.com\/fr\/?s={search_term_string}"},"query-input":{"@type":"PropertyValueSpecification","valueRequired":true,"valueName":"search_term_string"}}],"inLanguage":"fr-FR"}]}},"_links":{"self":[{"href":"https:\/\/www.argonandco.com\/fr\/wp-json\/wp\/v2\/pages\/1680","targetHints":{"allow":["GET"]}}],"collection":[{"href":"https:\/\/www.argonandco.com\/fr\/wp-json\/wp\/v2\/pages"}],"about":[{"href":"https:\/\/www.argonandco.com\/fr\/wp-json\/wp\/v2\/types\/page"}],"author":[{"embeddable":true,"href":"https:\/\/www.argonandco.com\/fr\/wp-json\/wp\/v2\/users\/1"}],"replies":[{"embeddable":true,"href":"https:\/\/www.argonandco.com\/fr\/wp-json\/wp\/v2\/comments?post=1680"}],"version-history":[{"count":0,"href":"https:\/\/www.argonandco.com\/fr\/wp-json\/wp\/v2\/pages\/1680\/revisions"}],"up":[{"embeddable":true,"href":"https:\/\/www.argonandco.com\/fr\/wp-json\/wp\/v2\/pages\/1674"}],"wp:attachment":[{"href":"https:\/\/www.argonandco.com\/fr\/wp-json\/wp\/v2\/media?parent=1680"}],"curies":[{"name":"wp","href":"https:\/\/api.w.org\/{rel}","templated":true}]}}