{"id":1678,"date":"2019-12-09T14:38:16","date_gmt":"2019-12-09T14:38:42","guid":{"rendered":"https:\/\/www.argonandco.com\/?page_id=1678"},"modified":"2019-12-20T12:05:03","modified_gmt":"2019-12-20T12:05:03","slug":"gestion-dactifs","status":"publish","type":"page","link":"https:\/\/www.argonandco.com\/fr\/expertises\/maintenance-et-apres-vente\/gestion-dactifs\/","title":{"rendered":"Gestion d&rsquo;actifs"},"content":{"rendered":"<h2><b>Contexte et d\u00e9fis<\/b><\/h2>\n<p><span class=\"intro\" style=\"font-weight: 400;\">Les infrastructures industrielles (transport, \u00e9nergie, utilit\u00e9s\u2026) sont des actifs-cl\u00e9s pour les industriels qui les exploitent et en tirent des b\u00e9n\u00e9fices. Ces actifs, qui p\u00e8sent de fa\u00e7on extr\u00eamement forte tant sur les CAPEX que sur les OPEX, doivent \u00eatre pilot\u00e9s de mani\u00e8re fine sur des dur\u00e9es souvent tr\u00e8s longues, de plusieurs d\u00e9cennies.<\/span><\/p>\n<p><span style=\"font-weight: 400;\">L\u2019optimisation de l\u2019allocation des actifs est \u00e9galement essentielle aux d\u00e9cisions d\u2019investissement &#8211; qu\u2019il s\u2019agisse d\u2019un nouveau projet, d\u2019un renouvellement ou d\u2019une maintenance &#8211; et elle doit \u00eatre soigneusement align\u00e9e sur la demande.<\/span><\/p>\n<p><span style=\"font-weight: 400;\">La pr\u00e9dominance des crit\u00e8res \u00e9conomiques et financiers sur la prise de d\u00e9cision a favoris\u00e9 la gestion financi\u00e8re de l\u2019asset management avec des outils et des indicateurs historiquement plus connus dans le secteur financier.\u00a0<\/span><\/p>\n<p><span style=\"font-weight: 400;\">Aujourd\u2019hui, la gestion d&rsquo;actifs via l\u2019Asset Management s&rsquo;applique aux actifs industriels, ce qui n\u00e9cessite de faire \u00e9voluer cette mani\u00e8re de travailler traditionnelle. Une vision plus dynamique de la gestion des actifs doit \u00eatre envisag\u00e9e pour inclure les co\u00fbts du cycle de vie (LCC pour Life Cycle Cost) et le co\u00fbt total de possession (TCC pour Total Cost of Ownership). Ces concepts permettent ainsi d\u2019int\u00e9grer les exigences op\u00e9rationnelles concr\u00e8tes et de contribuer \u00e0 une prise de d\u00e9cision optimale.<\/span><\/p>\n<h2><b>Notre approche<\/b><\/h2>\n<p><span style=\"font-weight: 400;\">Argon &amp; Co intervient sur la quasi-totalit\u00e9 des dimensions de l\u2019asset management, \u00e0 un niveau aussi bien strat\u00e9gique qu\u2019op\u00e9rationnel.<\/span><\/p>\n<ul>\n<li style=\"font-weight: 400;\"><b>Sur le plan strat\u00e9gique<\/b><span style=\"font-weight: 400;\">, nous intervenons dans l\u2019\u00e9laboration de mod\u00e8les de d\u00e9cision permettant par exemple d\u2019identifier et de programmer les grands chantiers d\u2019investissement, tout en int\u00e9grant leurs impacts (souvent cons\u00e9quents) sur l\u2019usage des infrastructures (circulation r\u00e9duite ou interdite, sc\u00e9narios d\u2019exploitation en mode d\u00e9grad\u00e9). Nous sommes \u00e9galement \u00e0 m\u00eame d\u2019instruire les arbitrages entre renouvellement et maintenance d\u2019infrastructures (le ROI d\u2019un investissement de prolongation \u00e0 mi-vie par exemple).<\/span><\/li>\n<li style=\"font-weight: 400;\"><b>Sur le plan op\u00e9rationnel<\/b><span style=\"font-weight: 400;\">, les infrastructures industrielles pr\u00e9sentent les m\u00eames probl\u00e9matiques que des biens plus classiques\u00a0: efficience des op\u00e9rations de maintenance, planification des interventions en lien avec les op\u00e9rations, ma\u00eetrise des prestataires et des fournisseurs, pilotage de la supply chain des pi\u00e8ces de rechange (en int\u00e9grant la gestion des r\u00e9parables), mise en \u0153uvre des leviers digitaux (IoT, outils nomades, maintenance pr\u00e9dictive), tableaux de bord de performance, d\u00e9marche de make or buy\u2026 en int\u00e9grant les processus, l\u2019organisation et la conduite du changement.<\/span><\/li>\n<\/ul>\n<p><span style=\"font-weight: 400;\">\u00c0 ce titre, nous sommes en mesure d\u2019accompagner les acteurs industriels dans la mise en place de leur politique d\u2019asset management tout comme dans sa refonte, et de mener des changements tr\u00e8s op\u00e9rationnels sur tout ou partie des leviers de la performance.<\/span><\/p>\n","protected":false},"excerpt":{"rendered":"<p>Contexte et d\u00e9fis Les infrastructures industrielles (transport, \u00e9nergie, utilit\u00e9s\u2026) sont des actifs-cl\u00e9s pour les industriels qui les exploitent et en tirent des b\u00e9n\u00e9fices. Ces actifs, qui p\u00e8sent de fa\u00e7on extr\u00eamement forte tant sur les CAPEX que sur les OPEX, doivent \u00eatre pilot\u00e9s de mani\u00e8re fine sur des dur\u00e9es souvent tr\u00e8s longues, de plusieurs d\u00e9cennies. L\u2019optimisation [&hellip;]<\/p>\n","protected":false},"author":1,"featured_media":0,"parent":1674,"menu_order":1,"comment_status":"closed","ping_status":"closed","template":"","meta":{"_acf_changed":false,"footnotes":""},"class_list":["post-1678","page","type-page","status-publish","hentry"],"acf":[],"yoast_head":"<!-- This site is optimized with the Yoast SEO plugin v27.4 - https:\/\/yoast.com\/product\/yoast-seo-wordpress\/ -->\n<title>Gestion d&#039;actifs - Argon &amp; Co<\/title>\n<meta name=\"robots\" content=\"index, follow, max-snippet:-1, max-image-preview:large, max-video-preview:-1\" \/>\n<link rel=\"canonical\" href=\"https:\/\/www.argonandco.com\/fr\/expertises\/maintenance-et-apres-vente\/gestion-dactifs\/\" \/>\n<meta property=\"og:locale\" content=\"fr_FR\" \/>\n<meta property=\"og:type\" content=\"article\" \/>\n<meta property=\"og:title\" content=\"Gestion d&#039;actifs - Argon &amp; Co\" \/>\n<meta property=\"og:description\" content=\"Contexte et d\u00e9fis Les infrastructures industrielles (transport, \u00e9nergie, utilit\u00e9s\u2026) sont des actifs-cl\u00e9s pour les industriels qui les exploitent et en tirent des b\u00e9n\u00e9fices. Ces actifs, qui p\u00e8sent de fa\u00e7on extr\u00eamement forte tant sur les CAPEX que sur les OPEX, doivent \u00eatre pilot\u00e9s de mani\u00e8re fine sur des dur\u00e9es souvent tr\u00e8s longues, de plusieurs d\u00e9cennies. L\u2019optimisation [&hellip;]\" \/>\n<meta property=\"og:url\" content=\"https:\/\/www.argonandco.com\/fr\/expertises\/maintenance-et-apres-vente\/gestion-dactifs\/\" \/>\n<meta property=\"og:site_name\" content=\"Argon &amp; Co\" \/>\n<meta property=\"article:modified_time\" content=\"2019-12-20T12:05:03+00:00\" \/>\n<meta name=\"twitter:card\" content=\"summary_large_image\" \/>\n<meta name=\"twitter:label1\" content=\"Dur\u00e9e de lecture estim\u00e9e\" \/>\n\t<meta name=\"twitter:data1\" content=\"2 minutes\" \/>\n<script type=\"application\/ld+json\" class=\"yoast-schema-graph\">{\"@context\":\"https:\\\/\\\/schema.org\",\"@graph\":[{\"@type\":\"WebPage\",\"@id\":\"https:\\\/\\\/www.argonandco.com\\\/fr\\\/expertises\\\/maintenance-et-apres-vente\\\/gestion-dactifs\\\/\",\"url\":\"https:\\\/\\\/www.argonandco.com\\\/fr\\\/expertises\\\/maintenance-et-apres-vente\\\/gestion-dactifs\\\/\",\"name\":\"Gestion d'actifs - Argon &amp; Co\",\"isPartOf\":{\"@id\":\"https:\\\/\\\/www.argonandco.com\\\/fr\\\/#website\"},\"datePublished\":\"2019-12-09T14:38:42+00:00\",\"dateModified\":\"2019-12-20T12:05:03+00:00\",\"breadcrumb\":{\"@id\":\"https:\\\/\\\/www.argonandco.com\\\/fr\\\/expertises\\\/maintenance-et-apres-vente\\\/gestion-dactifs\\\/#breadcrumb\"},\"inLanguage\":\"fr-FR\",\"potentialAction\":[{\"@type\":\"ReadAction\",\"target\":[\"https:\\\/\\\/www.argonandco.com\\\/fr\\\/expertises\\\/maintenance-et-apres-vente\\\/gestion-dactifs\\\/\"]}]},{\"@type\":\"BreadcrumbList\",\"@id\":\"https:\\\/\\\/www.argonandco.com\\\/fr\\\/expertises\\\/maintenance-et-apres-vente\\\/gestion-dactifs\\\/#breadcrumb\",\"itemListElement\":[{\"@type\":\"ListItem\",\"position\":1,\"name\":\"Home\",\"item\":\"https:\\\/\\\/www.argonandco.com\\\/fr\\\/\"},{\"@type\":\"ListItem\",\"position\":2,\"name\":\"Expertises\",\"item\":\"https:\\\/\\\/www.argonandco.com\\\/fr\\\/expertises\\\/\"},{\"@type\":\"ListItem\",\"position\":3,\"name\":\"Maintenance et apr\u00e8s-vente\",\"item\":\"https:\\\/\\\/www.argonandco.com\\\/fr\\\/expertises\\\/maintenance-et-apres-vente\\\/\"},{\"@type\":\"ListItem\",\"position\":4,\"name\":\"Gestion d&rsquo;actifs\"}]},{\"@type\":\"WebSite\",\"@id\":\"https:\\\/\\\/www.argonandco.com\\\/fr\\\/#website\",\"url\":\"https:\\\/\\\/www.argonandco.com\\\/fr\\\/\",\"name\":\"Argon &amp; Co\",\"description\":\"We help clients achieve their strategic and operational objectives, working together to transform their businesses and generate real change.\",\"potentialAction\":[{\"@type\":\"SearchAction\",\"target\":{\"@type\":\"EntryPoint\",\"urlTemplate\":\"https:\\\/\\\/www.argonandco.com\\\/fr\\\/?s={search_term_string}\"},\"query-input\":{\"@type\":\"PropertyValueSpecification\",\"valueRequired\":true,\"valueName\":\"search_term_string\"}}],\"inLanguage\":\"fr-FR\"}]}<\/script>\n<!-- \/ Yoast SEO plugin. -->","yoast_head_json":{"title":"Gestion d'actifs - Argon &amp; Co","robots":{"index":"index","follow":"follow","max-snippet":"max-snippet:-1","max-image-preview":"max-image-preview:large","max-video-preview":"max-video-preview:-1"},"canonical":"https:\/\/www.argonandco.com\/fr\/expertises\/maintenance-et-apres-vente\/gestion-dactifs\/","og_locale":"fr_FR","og_type":"article","og_title":"Gestion d'actifs - Argon &amp; Co","og_description":"Contexte et d\u00e9fis Les infrastructures industrielles (transport, \u00e9nergie, utilit\u00e9s\u2026) sont des actifs-cl\u00e9s pour les industriels qui les exploitent et en tirent des b\u00e9n\u00e9fices. Ces actifs, qui p\u00e8sent de fa\u00e7on extr\u00eamement forte tant sur les CAPEX que sur les OPEX, doivent \u00eatre pilot\u00e9s de mani\u00e8re fine sur des dur\u00e9es souvent tr\u00e8s longues, de plusieurs d\u00e9cennies. L\u2019optimisation [&hellip;]","og_url":"https:\/\/www.argonandco.com\/fr\/expertises\/maintenance-et-apres-vente\/gestion-dactifs\/","og_site_name":"Argon &amp; Co","article_modified_time":"2019-12-20T12:05:03+00:00","twitter_card":"summary_large_image","twitter_misc":{"Dur\u00e9e de lecture estim\u00e9e":"2 minutes"},"schema":{"@context":"https:\/\/schema.org","@graph":[{"@type":"WebPage","@id":"https:\/\/www.argonandco.com\/fr\/expertises\/maintenance-et-apres-vente\/gestion-dactifs\/","url":"https:\/\/www.argonandco.com\/fr\/expertises\/maintenance-et-apres-vente\/gestion-dactifs\/","name":"Gestion d'actifs - Argon &amp; Co","isPartOf":{"@id":"https:\/\/www.argonandco.com\/fr\/#website"},"datePublished":"2019-12-09T14:38:42+00:00","dateModified":"2019-12-20T12:05:03+00:00","breadcrumb":{"@id":"https:\/\/www.argonandco.com\/fr\/expertises\/maintenance-et-apres-vente\/gestion-dactifs\/#breadcrumb"},"inLanguage":"fr-FR","potentialAction":[{"@type":"ReadAction","target":["https:\/\/www.argonandco.com\/fr\/expertises\/maintenance-et-apres-vente\/gestion-dactifs\/"]}]},{"@type":"BreadcrumbList","@id":"https:\/\/www.argonandco.com\/fr\/expertises\/maintenance-et-apres-vente\/gestion-dactifs\/#breadcrumb","itemListElement":[{"@type":"ListItem","position":1,"name":"Home","item":"https:\/\/www.argonandco.com\/fr\/"},{"@type":"ListItem","position":2,"name":"Expertises","item":"https:\/\/www.argonandco.com\/fr\/expertises\/"},{"@type":"ListItem","position":3,"name":"Maintenance et apr\u00e8s-vente","item":"https:\/\/www.argonandco.com\/fr\/expertises\/maintenance-et-apres-vente\/"},{"@type":"ListItem","position":4,"name":"Gestion d&rsquo;actifs"}]},{"@type":"WebSite","@id":"https:\/\/www.argonandco.com\/fr\/#website","url":"https:\/\/www.argonandco.com\/fr\/","name":"Argon &amp; Co","description":"We help clients achieve their strategic and operational objectives, working together to transform their businesses and generate real change.","potentialAction":[{"@type":"SearchAction","target":{"@type":"EntryPoint","urlTemplate":"https:\/\/www.argonandco.com\/fr\/?s={search_term_string}"},"query-input":{"@type":"PropertyValueSpecification","valueRequired":true,"valueName":"search_term_string"}}],"inLanguage":"fr-FR"}]}},"_links":{"self":[{"href":"https:\/\/www.argonandco.com\/fr\/wp-json\/wp\/v2\/pages\/1678","targetHints":{"allow":["GET"]}}],"collection":[{"href":"https:\/\/www.argonandco.com\/fr\/wp-json\/wp\/v2\/pages"}],"about":[{"href":"https:\/\/www.argonandco.com\/fr\/wp-json\/wp\/v2\/types\/page"}],"author":[{"embeddable":true,"href":"https:\/\/www.argonandco.com\/fr\/wp-json\/wp\/v2\/users\/1"}],"replies":[{"embeddable":true,"href":"https:\/\/www.argonandco.com\/fr\/wp-json\/wp\/v2\/comments?post=1678"}],"version-history":[{"count":0,"href":"https:\/\/www.argonandco.com\/fr\/wp-json\/wp\/v2\/pages\/1678\/revisions"}],"up":[{"embeddable":true,"href":"https:\/\/www.argonandco.com\/fr\/wp-json\/wp\/v2\/pages\/1674"}],"wp:attachment":[{"href":"https:\/\/www.argonandco.com\/fr\/wp-json\/wp\/v2\/media?parent=1678"}],"curies":[{"name":"wp","href":"https:\/\/api.w.org\/{rel}","templated":true}]}}