{"id":1676,"date":"2019-12-09T14:37:16","date_gmt":"2019-12-09T14:37:45","guid":{"rendered":"https:\/\/www.argonandco.com\/?page_id=1676"},"modified":"2024-12-16T10:33:25","modified_gmt":"2024-12-16T10:33:25","slug":"intimite-client","status":"publish","type":"page","link":"https:\/\/www.argonandco.com\/fr\/expertises\/maintenance-et-apres-vente\/intimite-client\/","title":{"rendered":"Intimit\u00e9 Client"},"content":{"rendered":"<h2><b>Contexte et d\u00e9fis<\/b><\/h2>\n<p><span class=\"intro\" style=\"font-weight: 400;\">Field services repr\u00e9sentent des activit\u00e9s strat\u00e9giques pour toute entreprise qui vend des \u00e9quipements : elles sont \u00e0 la fois rentables et elles permettent de fid\u00e9liser ses clients.\u00a0\u00a0<\/span><\/p>\n<p><span style=\"font-weight: 400;\">Dans un environnement de plus en plus exigeant et comp\u00e9titif, le niveau d\u2019attente des clients en mati\u00e8re de maintenance et de service apr\u00e8s-vente s\u2019est consid\u00e9rablement \u00e9lev\u00e9. Les entreprises de fabrication et de vente d\u2019\u00e9quipements doivent donc d\u00e9velopper leur proximit\u00e9 avec les clients et le terrain, ce sont des facteurs cl\u00e9s de diff\u00e9renciation. Pour cela, ces entreprises doivent parvenir \u00e0 une meilleure exploitation des informations client et am\u00e9liorer la qualit\u00e9 des interactions entre leurs employ\u00e9s et les clients gr\u00e2ce \u00e0 une formation cibl\u00e9e et \u00e0 un changement de culture en interne. Elles doivent \u00e9galement s\u2019assurer que cette proactivit\u00e9 commerciale est bien synonyme de revenus.\u00a0\u00a0<\/span><\/p>\n<p><span style=\"font-weight: 400;\">Pour assurer la durabilit\u00e9 d&rsquo;une strat\u00e9gie de proximit\u00e9 client, il est essentiel de recueillir les retours des clients pour comprendre leurs besoins et adapter les r\u00e9ponses en cons\u00e9quence au niveau local.<\/span><\/p>\n<p><span style=\"font-weight: 400;\">Les entreprises doivent donc repenser les parcours de formation ainsi que les comp\u00e9tences n\u00e9cessaires. Aux comp\u00e9tences techniques traditionnelles doit s\u2019ajouter la gestion de la relation client afin de gagner sa confiance et sa fid\u00e9lit\u00e9 tout en s\u2019\u00e9loignant des relations transactionnelles traditionnelles de vente et d\u2019assistance apr\u00e8s-vente.<\/span><\/p>\n<h2><b>Notre approche<\/b><\/h2>\n<p><span style=\"font-weight: 400;\">Argon &amp; Co accompagne ses clients dans le d\u00e9veloppement commercial de leur activit\u00e9 de maintenance et de service apr\u00e8s-vente (SAV)\u00a0:<\/span><\/p>\n<ul>\n<li style=\"font-weight: 400;\"><b>structuration, dimensionnement et accompagnement du d\u00e9ploiement des \u00e9quipes<\/b><span style=\"font-weight: 400;\"> commerciales ainsi que leur mont\u00e9e en comp\u00e9tences\u00a0;<\/span><\/li>\n<li style=\"font-weight: 400;\"><b>d\u00e9veloppement du pilotage de la performance commerciale :<\/b><span style=\"font-weight: 400;\"> d\u00e9finition des KPIs, conception des tableaux de bord (Power BI, tableau&#8230;), structuration et d\u00e9ploiement de la gouvernance, am\u00e9lioration continue\u00a0;<\/span><\/li>\n<li style=\"font-weight: 400;\"><b>d\u00e9veloppement de la proactivit\u00e9 commerciale des \u00e9quipes\u00a0:<\/b><span style=\"font-weight: 400;\"> d\u00e9finition des pratiques m\u00e9tier permettant de passer d\u2019une d\u00e9marche commerciale r\u00e9active \u00e0 une d\u00e9marche proactive\u00a0;<\/span><\/li>\n<li style=\"font-weight: 400;\"><b>structuration, am\u00e9lioration de la gestion<\/b><span style=\"font-weight: 400;\"> et pilotage de la base install\u00e9e\u00a0;<\/span><\/li>\n<li style=\"font-weight: 400;\"><b>d\u00e9veloppement de la connaissance client et de la compr\u00e9hension de leurs attentes<\/b><span style=\"font-weight: 400;\"> (d\u00e9marche voice of customers par exemple)\u00a0;<\/span><\/li>\n<li style=\"font-weight: 400;\"><b>structuration et enrichissement des offres de service<\/b><span style=\"font-weight: 400;\"> propos\u00e9es aux clients (audit, formations, maintenance pr\u00e9ventive\/ pr\u00e9dictive, hotline, catalogue web\u2026)\u00a0;<\/span><\/li>\n<li style=\"font-weight: 400;\"><b>r\u00e9vision de la strat\u00e9gie de pricing<\/b><span style=\"font-weight: 400;\"> des offres de services\u00a0;<\/span><\/li>\n<li style=\"font-weight: 400;\"><b>accompagnement des clients dans une d\u00e9marche design-to-value<\/b><span style=\"font-weight: 400;\"> permettant de prendre en compte les impacts sur la maintenance et le SAV d\u00e8s la phase de conception des \u00e9quipements neufs.\u00a0<\/span><\/li>\n<\/ul>\n","protected":false},"excerpt":{"rendered":"<p>Contexte et d\u00e9fis Field services repr\u00e9sentent des activit\u00e9s strat\u00e9giques pour toute entreprise qui vend des \u00e9quipements : elles sont \u00e0 la fois rentables et elles permettent de fid\u00e9liser ses clients.\u00a0\u00a0 Dans un environnement de plus en plus exigeant et comp\u00e9titif, le niveau d\u2019attente des clients en mati\u00e8re de maintenance et de service apr\u00e8s-vente s\u2019est consid\u00e9rablement [&hellip;]<\/p>\n","protected":false},"author":1,"featured_media":0,"parent":1674,"menu_order":0,"comment_status":"closed","ping_status":"closed","template":"","meta":{"_acf_changed":false,"footnotes":""},"class_list":["post-1676","page","type-page","status-publish","hentry"],"acf":[],"yoast_head":"<!-- This site is optimized with the Yoast SEO plugin v27.4 - https:\/\/yoast.com\/product\/yoast-seo-wordpress\/ -->\n<title>SAV &amp; Fid\u00e9lisation client | Argon &amp; Co<\/title>\n<meta name=\"description\" content=\"Argon &amp; Co accompagne ses clients dans le d\u00e9veloppement de leur activit\u00e9 de maintenance et de service apr\u00e8s-vente.\" \/>\n<meta name=\"robots\" content=\"index, follow, max-snippet:-1, max-image-preview:large, max-video-preview:-1\" \/>\n<link rel=\"canonical\" href=\"https:\/\/www.argonandco.com\/fr\/expertises\/maintenance-et-apres-vente\/intimite-client\/\" \/>\n<meta property=\"og:locale\" content=\"fr_FR\" \/>\n<meta property=\"og:type\" content=\"article\" \/>\n<meta property=\"og:title\" content=\"SAV &amp; Fid\u00e9lisation client | Argon &amp; Co\" \/>\n<meta property=\"og:description\" content=\"Argon &amp; Co accompagne ses clients dans le d\u00e9veloppement de leur activit\u00e9 de maintenance et de service apr\u00e8s-vente.\" \/>\n<meta property=\"og:url\" content=\"https:\/\/www.argonandco.com\/fr\/expertises\/maintenance-et-apres-vente\/intimite-client\/\" \/>\n<meta property=\"og:site_name\" content=\"Argon &amp; Co\" \/>\n<meta property=\"article:modified_time\" content=\"2024-12-16T10:33:25+00:00\" \/>\n<meta name=\"twitter:card\" content=\"summary_large_image\" \/>\n<meta name=\"twitter:label1\" content=\"Dur\u00e9e de lecture estim\u00e9e\" \/>\n\t<meta name=\"twitter:data1\" content=\"2 minutes\" \/>\n<script type=\"application\/ld+json\" class=\"yoast-schema-graph\">{\"@context\":\"https:\\\/\\\/schema.org\",\"@graph\":[{\"@type\":\"WebPage\",\"@id\":\"https:\\\/\\\/www.argonandco.com\\\/fr\\\/expertises\\\/maintenance-et-apres-vente\\\/intimite-client\\\/\",\"url\":\"https:\\\/\\\/www.argonandco.com\\\/fr\\\/expertises\\\/maintenance-et-apres-vente\\\/intimite-client\\\/\",\"name\":\"SAV & Fid\u00e9lisation client | Argon & Co\",\"isPartOf\":{\"@id\":\"https:\\\/\\\/www.argonandco.com\\\/fr\\\/#website\"},\"datePublished\":\"2019-12-09T14:37:45+00:00\",\"dateModified\":\"2024-12-16T10:33:25+00:00\",\"description\":\"Argon & Co accompagne ses clients dans le d\u00e9veloppement de leur activit\u00e9 de maintenance et de service apr\u00e8s-vente.\",\"breadcrumb\":{\"@id\":\"https:\\\/\\\/www.argonandco.com\\\/fr\\\/expertises\\\/maintenance-et-apres-vente\\\/intimite-client\\\/#breadcrumb\"},\"inLanguage\":\"fr-FR\",\"potentialAction\":[{\"@type\":\"ReadAction\",\"target\":[\"https:\\\/\\\/www.argonandco.com\\\/fr\\\/expertises\\\/maintenance-et-apres-vente\\\/intimite-client\\\/\"]}]},{\"@type\":\"BreadcrumbList\",\"@id\":\"https:\\\/\\\/www.argonandco.com\\\/fr\\\/expertises\\\/maintenance-et-apres-vente\\\/intimite-client\\\/#breadcrumb\",\"itemListElement\":[{\"@type\":\"ListItem\",\"position\":1,\"name\":\"Home\",\"item\":\"https:\\\/\\\/www.argonandco.com\\\/fr\\\/\"},{\"@type\":\"ListItem\",\"position\":2,\"name\":\"Expertises\",\"item\":\"https:\\\/\\\/www.argonandco.com\\\/fr\\\/expertises\\\/\"},{\"@type\":\"ListItem\",\"position\":3,\"name\":\"Maintenance et apr\u00e8s-vente\",\"item\":\"https:\\\/\\\/www.argonandco.com\\\/fr\\\/expertises\\\/maintenance-et-apres-vente\\\/\"},{\"@type\":\"ListItem\",\"position\":4,\"name\":\"Intimit\u00e9 Client\"}]},{\"@type\":\"WebSite\",\"@id\":\"https:\\\/\\\/www.argonandco.com\\\/fr\\\/#website\",\"url\":\"https:\\\/\\\/www.argonandco.com\\\/fr\\\/\",\"name\":\"Argon &amp; Co\",\"description\":\"We help clients achieve their strategic and operational objectives, working together to transform their businesses and generate real change.\",\"potentialAction\":[{\"@type\":\"SearchAction\",\"target\":{\"@type\":\"EntryPoint\",\"urlTemplate\":\"https:\\\/\\\/www.argonandco.com\\\/fr\\\/?s={search_term_string}\"},\"query-input\":{\"@type\":\"PropertyValueSpecification\",\"valueRequired\":true,\"valueName\":\"search_term_string\"}}],\"inLanguage\":\"fr-FR\"}]}<\/script>\n<!-- \/ Yoast SEO plugin. -->","yoast_head_json":{"title":"SAV & Fid\u00e9lisation client | Argon & Co","description":"Argon & Co accompagne ses clients dans le d\u00e9veloppement de leur activit\u00e9 de maintenance et de service apr\u00e8s-vente.","robots":{"index":"index","follow":"follow","max-snippet":"max-snippet:-1","max-image-preview":"max-image-preview:large","max-video-preview":"max-video-preview:-1"},"canonical":"https:\/\/www.argonandco.com\/fr\/expertises\/maintenance-et-apres-vente\/intimite-client\/","og_locale":"fr_FR","og_type":"article","og_title":"SAV & Fid\u00e9lisation client | Argon & Co","og_description":"Argon & Co accompagne ses clients dans le d\u00e9veloppement de leur activit\u00e9 de maintenance et de service apr\u00e8s-vente.","og_url":"https:\/\/www.argonandco.com\/fr\/expertises\/maintenance-et-apres-vente\/intimite-client\/","og_site_name":"Argon &amp; Co","article_modified_time":"2024-12-16T10:33:25+00:00","twitter_card":"summary_large_image","twitter_misc":{"Dur\u00e9e de lecture estim\u00e9e":"2 minutes"},"schema":{"@context":"https:\/\/schema.org","@graph":[{"@type":"WebPage","@id":"https:\/\/www.argonandco.com\/fr\/expertises\/maintenance-et-apres-vente\/intimite-client\/","url":"https:\/\/www.argonandco.com\/fr\/expertises\/maintenance-et-apres-vente\/intimite-client\/","name":"SAV & Fid\u00e9lisation client | Argon & Co","isPartOf":{"@id":"https:\/\/www.argonandco.com\/fr\/#website"},"datePublished":"2019-12-09T14:37:45+00:00","dateModified":"2024-12-16T10:33:25+00:00","description":"Argon & Co accompagne ses clients dans le d\u00e9veloppement de leur activit\u00e9 de maintenance et de service apr\u00e8s-vente.","breadcrumb":{"@id":"https:\/\/www.argonandco.com\/fr\/expertises\/maintenance-et-apres-vente\/intimite-client\/#breadcrumb"},"inLanguage":"fr-FR","potentialAction":[{"@type":"ReadAction","target":["https:\/\/www.argonandco.com\/fr\/expertises\/maintenance-et-apres-vente\/intimite-client\/"]}]},{"@type":"BreadcrumbList","@id":"https:\/\/www.argonandco.com\/fr\/expertises\/maintenance-et-apres-vente\/intimite-client\/#breadcrumb","itemListElement":[{"@type":"ListItem","position":1,"name":"Home","item":"https:\/\/www.argonandco.com\/fr\/"},{"@type":"ListItem","position":2,"name":"Expertises","item":"https:\/\/www.argonandco.com\/fr\/expertises\/"},{"@type":"ListItem","position":3,"name":"Maintenance et apr\u00e8s-vente","item":"https:\/\/www.argonandco.com\/fr\/expertises\/maintenance-et-apres-vente\/"},{"@type":"ListItem","position":4,"name":"Intimit\u00e9 Client"}]},{"@type":"WebSite","@id":"https:\/\/www.argonandco.com\/fr\/#website","url":"https:\/\/www.argonandco.com\/fr\/","name":"Argon &amp; Co","description":"We help clients achieve their strategic and operational objectives, working together to transform their businesses and generate real change.","potentialAction":[{"@type":"SearchAction","target":{"@type":"EntryPoint","urlTemplate":"https:\/\/www.argonandco.com\/fr\/?s={search_term_string}"},"query-input":{"@type":"PropertyValueSpecification","valueRequired":true,"valueName":"search_term_string"}}],"inLanguage":"fr-FR"}]}},"_links":{"self":[{"href":"https:\/\/www.argonandco.com\/fr\/wp-json\/wp\/v2\/pages\/1676","targetHints":{"allow":["GET"]}}],"collection":[{"href":"https:\/\/www.argonandco.com\/fr\/wp-json\/wp\/v2\/pages"}],"about":[{"href":"https:\/\/www.argonandco.com\/fr\/wp-json\/wp\/v2\/types\/page"}],"author":[{"embeddable":true,"href":"https:\/\/www.argonandco.com\/fr\/wp-json\/wp\/v2\/users\/1"}],"replies":[{"embeddable":true,"href":"https:\/\/www.argonandco.com\/fr\/wp-json\/wp\/v2\/comments?post=1676"}],"version-history":[{"count":0,"href":"https:\/\/www.argonandco.com\/fr\/wp-json\/wp\/v2\/pages\/1676\/revisions"}],"up":[{"embeddable":true,"href":"https:\/\/www.argonandco.com\/fr\/wp-json\/wp\/v2\/pages\/1674"}],"wp:attachment":[{"href":"https:\/\/www.argonandco.com\/fr\/wp-json\/wp\/v2\/media?parent=1676"}],"curies":[{"name":"wp","href":"https:\/\/api.w.org\/{rel}","templated":true}]}}