{"id":1674,"date":"2019-12-09T14:36:16","date_gmt":"2019-12-09T14:36:39","guid":{"rendered":"https:\/\/www.argonandco.com\/?page_id=1674"},"modified":"2024-12-16T10:49:53","modified_gmt":"2024-12-16T10:49:53","slug":"maintenance-et-apres-vente","status":"publish","type":"page","link":"https:\/\/www.argonandco.com\/fr\/expertises\/maintenance-et-apres-vente\/","title":{"rendered":"Maintenance et apr\u00e8s-vente"},"content":{"rendered":"<h2>Dur\u00e9e de vie des \u00e9quipements<\/h2>\n<p>La dur\u00e9e de vie des \u00e9quipements constitue une priorit\u00e9 pour les entreprises compte tenu de leurs contraintes budg\u00e9taires et, plus globalement, des d\u00e9fis environnementaux. Deux leviers permettent de prolonger cette dur\u00e9e de vie : des plans de maintenance ad\u00e9quats et une implication de la structure op\u00e9rationnelle. Parall\u00e8lement, les entreprises doivent veiller \u00e0 maintenir des co\u00fbts de maintenance comp\u00e9titifs et une disponibilit\u00e9 forte des \u00e9quipements.<\/p>\n<h2>Diff\u00e9rents mod\u00e8les de maintenance op\u00e9rationnelle<\/h2>\n<p>Pour d\u00e9finir les modalit\u00e9s de maintenance adapt\u00e9es, les activit\u00e9s op\u00e9rationnelles varient consid\u00e9rablement en fonction de la complexit\u00e9 de l\u2019\u00e9quipement et de sa mobilit\u00e9. Cela conduit \u00e0 la formation de quatre mod\u00e8les op\u00e9rationnels diff\u00e9rents :<\/p>\n<ul>\n<li>la gestion de flottes, de camions, de trains ou d\u2019avions par exemple ;<\/li>\n<li>la maintenance de grandes infrastructures comme celle du r\u00e9seau ferr\u00e9 ;<\/li>\n<li>le \u00ab field service \u00bb ou service sur site pour les \u00e9quipements tels que le gros<br \/>\n\u00e9lectrom\u00e9nager ;<\/li>\n<li>l\u2019apr\u00e8s-vente de produits de grande consommation, l\u2019\u00e9lectronique grand public notamment.<\/li>\n<\/ul>\n<p>Pour chacun de ces mod\u00e8les, la nature de la relation client est diff\u00e9rente : collaboration forte avec l\u2019exploitant, ou relation B to C \u00e0 travers des centres d\u2019appels ou des comptoirs d\u2019accueil. Il en va de m\u00eame pour les r\u00e9parations sur site, la planification des ressources ou la gestion des pi\u00e8ces de rechange sp\u00e9cifiques.<\/p>\n<p>Conscient des exigences sp\u00e9cifiques requises par ces diff\u00e9rents mod\u00e8les, Argon &amp; Co accompagne ses clients sur l\u2019ensemble des sujets-cl\u00e9s de la maintenance op\u00e9rationnelle : relation client, asset management, supply chain des pi\u00e8ces de rechange.<\/p>\n<h2>Comment relever ces d\u00e9fis\u00a0?<\/h2>\n<p>Notre cabinet de conseil accompagne ses clients dans leurs transformations et leur fournit des r\u00e9sultats tangibles.<\/p>\n<p>Nous analysons en profondeur les probl\u00e8mes pour en identifier la cause en appliquant m\u00e9thode et discernement. Nous combinons exp\u00e9rience op\u00e9rationnelle et expertise technique et sectorielle pour aider nos clients \u00e0 r\u00e9soudre leurs probl\u00e9matiques.<\/p>\n<p>Notre approche r\u00e9solument collaborative garantit l&rsquo;adh\u00e9sion \u00e0 tous les niveaux de l&rsquo;entreprise de nos clients pour un r\u00e9sultat p\u00e9renne. Pour en savoir plus sur nous, <a href=\"https:\/\/www.argonandco.com\/fr\/a-propos\/\">cliquez ici<\/a>.<\/p>\n<p>Consultez la barre de navigation en haut de page pour plus de d\u00e9tails sur une s\u00e9lection de d\u00e9fis de la maintenance et de l\u2019apr\u00e8s-vente.<\/p>\n<p>&nbsp;<\/p>\n","protected":false},"excerpt":{"rendered":"<p>Dur\u00e9e de vie des \u00e9quipements La dur\u00e9e de vie des \u00e9quipements constitue une priorit\u00e9 pour les entreprises compte tenu de leurs contraintes budg\u00e9taires et, plus globalement, des d\u00e9fis environnementaux. Deux leviers permettent de prolonger cette dur\u00e9e de vie : des plans de maintenance ad\u00e9quats et une implication de la structure op\u00e9rationnelle. Parall\u00e8lement, les entreprises doivent [&hellip;]<\/p>\n","protected":false},"author":1,"featured_media":0,"parent":1372,"menu_order":14,"comment_status":"closed","ping_status":"closed","template":"","meta":{"_acf_changed":false,"footnotes":""},"class_list":["post-1674","page","type-page","status-publish","hentry"],"acf":[],"yoast_head":"<!-- This site is optimized with the Yoast SEO plugin v27.4 - https:\/\/yoast.com\/product\/yoast-seo-wordpress\/ -->\n<title>Conseil En Maintenance Et Apr\u00e8s-Vente | Argon &amp; Co<\/title>\n<meta name=\"description\" content=\"Argon &amp; Co accompagne ses clients dans le d\u00e9veloppement commercial de leur activit\u00e9 de maintenance et de service apr\u00e8s-vente.\" \/>\n<meta name=\"robots\" content=\"index, follow, max-snippet:-1, max-image-preview:large, max-video-preview:-1\" \/>\n<link rel=\"canonical\" href=\"https:\/\/www.argonandco.com\/fr\/expertises\/maintenance-et-apres-vente\/\" \/>\n<meta property=\"og:locale\" content=\"fr_FR\" \/>\n<meta property=\"og:type\" content=\"article\" \/>\n<meta property=\"og:title\" content=\"Conseil En Maintenance Et Apr\u00e8s-Vente | Argon &amp; Co\" \/>\n<meta property=\"og:description\" content=\"Argon &amp; Co accompagne ses clients dans le d\u00e9veloppement commercial de leur activit\u00e9 de maintenance et de service apr\u00e8s-vente.\" \/>\n<meta property=\"og:url\" content=\"https:\/\/www.argonandco.com\/fr\/expertises\/maintenance-et-apres-vente\/\" \/>\n<meta property=\"og:site_name\" content=\"Argon &amp; Co\" \/>\n<meta property=\"article:modified_time\" content=\"2024-12-16T10:49:53+00:00\" \/>\n<meta name=\"twitter:card\" content=\"summary_large_image\" \/>\n<meta name=\"twitter:label1\" content=\"Dur\u00e9e de lecture estim\u00e9e\" \/>\n\t<meta name=\"twitter:data1\" content=\"2 minutes\" \/>\n<script type=\"application\/ld+json\" class=\"yoast-schema-graph\">{\"@context\":\"https:\\\/\\\/schema.org\",\"@graph\":[{\"@type\":\"WebPage\",\"@id\":\"https:\\\/\\\/www.argonandco.com\\\/fr\\\/expertises\\\/maintenance-et-apres-vente\\\/\",\"url\":\"https:\\\/\\\/www.argonandco.com\\\/fr\\\/expertises\\\/maintenance-et-apres-vente\\\/\",\"name\":\"Conseil En Maintenance Et Apr\u00e8s-Vente | Argon & Co\",\"isPartOf\":{\"@id\":\"https:\\\/\\\/www.argonandco.com\\\/fr\\\/#website\"},\"datePublished\":\"2019-12-09T14:36:39+00:00\",\"dateModified\":\"2024-12-16T10:49:53+00:00\",\"description\":\"Argon & Co accompagne ses clients dans le d\u00e9veloppement commercial de leur activit\u00e9 de maintenance et de service apr\u00e8s-vente.\",\"breadcrumb\":{\"@id\":\"https:\\\/\\\/www.argonandco.com\\\/fr\\\/expertises\\\/maintenance-et-apres-vente\\\/#breadcrumb\"},\"inLanguage\":\"fr-FR\",\"potentialAction\":[{\"@type\":\"ReadAction\",\"target\":[\"https:\\\/\\\/www.argonandco.com\\\/fr\\\/expertises\\\/maintenance-et-apres-vente\\\/\"]}]},{\"@type\":\"BreadcrumbList\",\"@id\":\"https:\\\/\\\/www.argonandco.com\\\/fr\\\/expertises\\\/maintenance-et-apres-vente\\\/#breadcrumb\",\"itemListElement\":[{\"@type\":\"ListItem\",\"position\":1,\"name\":\"Home\",\"item\":\"https:\\\/\\\/www.argonandco.com\\\/fr\\\/\"},{\"@type\":\"ListItem\",\"position\":2,\"name\":\"Expertises\",\"item\":\"https:\\\/\\\/www.argonandco.com\\\/fr\\\/expertises\\\/\"},{\"@type\":\"ListItem\",\"position\":3,\"name\":\"Maintenance et apr\u00e8s-vente\"}]},{\"@type\":\"WebSite\",\"@id\":\"https:\\\/\\\/www.argonandco.com\\\/fr\\\/#website\",\"url\":\"https:\\\/\\\/www.argonandco.com\\\/fr\\\/\",\"name\":\"Argon &amp; Co\",\"description\":\"We help clients achieve their strategic and operational objectives, working together to transform their businesses and generate real change.\",\"potentialAction\":[{\"@type\":\"SearchAction\",\"target\":{\"@type\":\"EntryPoint\",\"urlTemplate\":\"https:\\\/\\\/www.argonandco.com\\\/fr\\\/?s={search_term_string}\"},\"query-input\":{\"@type\":\"PropertyValueSpecification\",\"valueRequired\":true,\"valueName\":\"search_term_string\"}}],\"inLanguage\":\"fr-FR\"}]}<\/script>\n<!-- \/ Yoast SEO plugin. -->","yoast_head_json":{"title":"Conseil En Maintenance Et Apr\u00e8s-Vente | Argon & Co","description":"Argon & Co accompagne ses clients dans le d\u00e9veloppement commercial de leur activit\u00e9 de maintenance et de service apr\u00e8s-vente.","robots":{"index":"index","follow":"follow","max-snippet":"max-snippet:-1","max-image-preview":"max-image-preview:large","max-video-preview":"max-video-preview:-1"},"canonical":"https:\/\/www.argonandco.com\/fr\/expertises\/maintenance-et-apres-vente\/","og_locale":"fr_FR","og_type":"article","og_title":"Conseil En Maintenance Et Apr\u00e8s-Vente | Argon & Co","og_description":"Argon & Co accompagne ses clients dans le d\u00e9veloppement commercial de leur activit\u00e9 de maintenance et de service apr\u00e8s-vente.","og_url":"https:\/\/www.argonandco.com\/fr\/expertises\/maintenance-et-apres-vente\/","og_site_name":"Argon &amp; Co","article_modified_time":"2024-12-16T10:49:53+00:00","twitter_card":"summary_large_image","twitter_misc":{"Dur\u00e9e de lecture estim\u00e9e":"2 minutes"},"schema":{"@context":"https:\/\/schema.org","@graph":[{"@type":"WebPage","@id":"https:\/\/www.argonandco.com\/fr\/expertises\/maintenance-et-apres-vente\/","url":"https:\/\/www.argonandco.com\/fr\/expertises\/maintenance-et-apres-vente\/","name":"Conseil En Maintenance Et Apr\u00e8s-Vente | Argon & Co","isPartOf":{"@id":"https:\/\/www.argonandco.com\/fr\/#website"},"datePublished":"2019-12-09T14:36:39+00:00","dateModified":"2024-12-16T10:49:53+00:00","description":"Argon & Co accompagne ses clients dans le d\u00e9veloppement commercial de leur activit\u00e9 de maintenance et de service apr\u00e8s-vente.","breadcrumb":{"@id":"https:\/\/www.argonandco.com\/fr\/expertises\/maintenance-et-apres-vente\/#breadcrumb"},"inLanguage":"fr-FR","potentialAction":[{"@type":"ReadAction","target":["https:\/\/www.argonandco.com\/fr\/expertises\/maintenance-et-apres-vente\/"]}]},{"@type":"BreadcrumbList","@id":"https:\/\/www.argonandco.com\/fr\/expertises\/maintenance-et-apres-vente\/#breadcrumb","itemListElement":[{"@type":"ListItem","position":1,"name":"Home","item":"https:\/\/www.argonandco.com\/fr\/"},{"@type":"ListItem","position":2,"name":"Expertises","item":"https:\/\/www.argonandco.com\/fr\/expertises\/"},{"@type":"ListItem","position":3,"name":"Maintenance et apr\u00e8s-vente"}]},{"@type":"WebSite","@id":"https:\/\/www.argonandco.com\/fr\/#website","url":"https:\/\/www.argonandco.com\/fr\/","name":"Argon &amp; Co","description":"We help clients achieve their strategic and operational objectives, working together to transform their businesses and generate real change.","potentialAction":[{"@type":"SearchAction","target":{"@type":"EntryPoint","urlTemplate":"https:\/\/www.argonandco.com\/fr\/?s={search_term_string}"},"query-input":{"@type":"PropertyValueSpecification","valueRequired":true,"valueName":"search_term_string"}}],"inLanguage":"fr-FR"}]}},"_links":{"self":[{"href":"https:\/\/www.argonandco.com\/fr\/wp-json\/wp\/v2\/pages\/1674","targetHints":{"allow":["GET"]}}],"collection":[{"href":"https:\/\/www.argonandco.com\/fr\/wp-json\/wp\/v2\/pages"}],"about":[{"href":"https:\/\/www.argonandco.com\/fr\/wp-json\/wp\/v2\/types\/page"}],"author":[{"embeddable":true,"href":"https:\/\/www.argonandco.com\/fr\/wp-json\/wp\/v2\/users\/1"}],"replies":[{"embeddable":true,"href":"https:\/\/www.argonandco.com\/fr\/wp-json\/wp\/v2\/comments?post=1674"}],"version-history":[{"count":0,"href":"https:\/\/www.argonandco.com\/fr\/wp-json\/wp\/v2\/pages\/1674\/revisions"}],"up":[{"embeddable":true,"href":"https:\/\/www.argonandco.com\/fr\/wp-json\/wp\/v2\/pages\/1372"}],"wp:attachment":[{"href":"https:\/\/www.argonandco.com\/fr\/wp-json\/wp\/v2\/media?parent=1674"}],"curies":[{"name":"wp","href":"https:\/\/api.w.org\/{rel}","templated":true}]}}