{"id":1550,"date":"2019-11-28T16:58:16","date_gmt":"2019-11-28T16:58:05","guid":{"rendered":"https:\/\/www.argonandco.com\/?page_id=1550"},"modified":"2024-12-16T10:24:31","modified_gmt":"2024-12-16T10:24:31","slug":"workforce-optimisation","status":"publish","type":"page","link":"https:\/\/www.argonandco.com\/fr\/expertises\/ressources-humaines\/workforce-optimisation\/","title":{"rendered":"Workforce optimisation"},"content":{"rendered":"<h2><b>Contexte et enjeux<\/b><\/h2>\n<p><span class=\"intro\"><span style=\"font-weight: 400;\">Face aux exigences \u00e9conomiques et r\u00e9glementaires, les entreprises doivent adapter la gestion des temps et des activit\u00e9s des collaborateurs. En effet, lesvolumes d\u2019activit\u00e9 changent, l\u2019exigence de r\u00e9activit\u00e9 est plus forte et les collaborateurs peuvent \u00eatre absents de mani\u00e8re impr\u00e9vue. Il est donc imp\u00e9ratif d\u2019estimer de mani\u00e8re pr\u00e9cise l\u2019activit\u00e9 \u00e0 venir pour adapter l\u2019organisation et les ressources. L\u2019optimisation des Ressources Humaines (<\/span><i><span style=\"font-weight: 400;\">ou Workforce Optimisation<\/span><\/i><span style=\"font-weight: 400;\">) est un outil strat\u00e9gique d\u2019anticipation et de r\u00e9partition des t\u00e2ches au quotidien, de variabilit\u00e9 et d\u2019ajustement des charges en temps r\u00e9el.\u00a0<\/span><\/span><\/p>\n<p><span style=\"font-weight: 400;\">Si l\u2019enregistrement de l\u2019activit\u00e9 des \u00e9quipes permet d\u2019identifier les temps libres pour les r\u00e9affecter ou les \u00e9conomiser, il constitue aussi une base de donn\u00e9es tr\u00e8s riche permettant de mesurer la valeur du temps utilis\u00e9 et de prendre des d\u00e9cisions op\u00e9rationnelles pour am\u00e9liorer l\u2019exp\u00e9rience client (r\u00e9affectation d\u2019un collaborateur sur une plage horaire, mise en place d\u2019une polyvalence \u2026).<\/span><\/p>\n<p><span style=\"font-weight: 400;\">Ces donn\u00e9es pertinentes et pr\u00e9cises seront agr\u00e9g\u00e9es afin de pr\u00e9voir l\u2019annualisation de la charge de travail, de calibrer et d\u2019anticiper les besoins en effectifs, ainsi que les plannings. La Workforce optimisation<\/span> <span style=\"font-weight: 400;\">permet par exemple d\u2019\u00e9viter un remplacement en cas de maladie, de r\u00e9affecter une personne sur une nouvelle activit\u00e9 ou encore de recourir \u00e0 un contrat int\u00e9rimaire. <\/span><span style=\"font-weight: 400;\"><br \/>\n<\/span><\/p>\n<h2><b>Notre approche<\/b><\/h2>\n<p><span style=\"font-weight: 400;\">Argon &amp; Co accompagne les entreprises dans la d\u00e9finition et la mise en place de leur Workforce optimisation gr\u00e2ce \u00e0 la ma\u00eetrise des probl\u00e9matiques m\u00e9tiers propres \u00e0 la gestion des temps et des activit\u00e9s sur des secteurs complexes.\u00a0<\/span><\/p>\n<ul>\n<li style=\"font-weight: 400;\"><span style=\"font-weight: 400;\">Comprendre la strat\u00e9gie et les enjeux de l\u2019entreprise, analyser les effets sur les effectifs et les comp\u00e9tences.\u00a0<\/span><\/li>\n<li style=\"font-weight: 400;\"><span style=\"font-weight: 400;\">Identifier les facteurs significatifs influen\u00e7ant l\u2019\u00e9volution des effectifs et des comp\u00e9tences.<\/span><\/li>\n<li style=\"font-weight: 400;\"><span style=\"font-weight: 400;\">Analyse quantitative (effectifs), qualitative (comp\u00e9tences), financi\u00e8re (co\u00fbts, salaires) et organisationnelle (activit\u00e9s et processus) des donn\u00e9es collect\u00e9es.<\/span><\/li>\n<li style=\"font-weight: 400;\"><span style=\"font-weight: 400;\">Identification des typologies de m\u00e9tiers (sensibles, \u00e9mergents, strat\u00e9giques, en d\u00e9clin, stables, en \u00e9volution\u2026).<\/span><\/li>\n<li style=\"font-weight: 400;\"><span style=\"font-weight: 400;\">R\u00e9alisation du diagnostic des \u00e9carts actuels (\u00e9carts de comp\u00e9tences pour la r\u00e9partition des postes) et dans une vision prospective, sur la base de l\u2019\u00e9volution des m\u00e9tiers et des ressources disponibles.<\/span><\/li>\n<li style=\"font-weight: 400;\"><span style=\"font-weight: 400;\">Mod\u00e9lisation des besoins en effectifs et comp\u00e9tences (technologiques, \u00e9volution des m\u00e9tiers\u2026).<\/span><\/li>\n<li style=\"font-weight: 400;\"><span style=\"font-weight: 400;\">Construction de la strat\u00e9gie pluriannuelle.<\/span><\/li>\n<\/ul>\n","protected":false},"excerpt":{"rendered":"<p>Contexte et enjeux Face aux exigences \u00e9conomiques et r\u00e9glementaires, les entreprises doivent adapter la gestion des temps et des activit\u00e9s des collaborateurs. En effet, lesvolumes d\u2019activit\u00e9 changent, l\u2019exigence de r\u00e9activit\u00e9 est plus forte et les collaborateurs peuvent \u00eatre absents de mani\u00e8re impr\u00e9vue. Il est donc imp\u00e9ratif d\u2019estimer de mani\u00e8re pr\u00e9cise l\u2019activit\u00e9 \u00e0 venir pour adapter [&hellip;]<\/p>\n","protected":false},"author":1,"featured_media":0,"parent":1537,"menu_order":12,"comment_status":"closed","ping_status":"closed","template":"","meta":{"_acf_changed":false,"footnotes":""},"class_list":["post-1550","page","type-page","status-publish","hentry"],"acf":[],"yoast_head":"<!-- This site is optimized with the Yoast SEO plugin v27.4 - https:\/\/yoast.com\/product\/yoast-seo-wordpress\/ -->\n<title>Optimisation des ressources | Argon &amp; Co<\/title>\n<meta name=\"description\" content=\"Nous vous aidons \u00e0 r\u00e9soudre les probl\u00e8mes sp\u00e9cifiques \u00e0 la gestion du temps et des activit\u00e9s dans des secteurs divers et \u00e0 mettre en \u0153uvre l&#039;optimisation de vos effectifs.\" \/>\n<meta name=\"robots\" content=\"index, follow, max-snippet:-1, max-image-preview:large, max-video-preview:-1\" \/>\n<link rel=\"canonical\" href=\"https:\/\/www.argonandco.com\/fr\/expertises\/ressources-humaines\/workforce-optimisation\/\" \/>\n<meta property=\"og:locale\" content=\"fr_FR\" \/>\n<meta property=\"og:type\" content=\"article\" \/>\n<meta property=\"og:title\" content=\"Optimisation des ressources | Argon &amp; Co\" \/>\n<meta property=\"og:description\" content=\"Nous vous aidons \u00e0 r\u00e9soudre les probl\u00e8mes sp\u00e9cifiques \u00e0 la gestion du temps et des activit\u00e9s dans des secteurs divers et \u00e0 mettre en \u0153uvre l&#039;optimisation de vos effectifs.\" \/>\n<meta property=\"og:url\" content=\"https:\/\/www.argonandco.com\/fr\/expertises\/ressources-humaines\/workforce-optimisation\/\" \/>\n<meta property=\"og:site_name\" content=\"Argon &amp; Co\" \/>\n<meta property=\"article:modified_time\" content=\"2024-12-16T10:24:31+00:00\" \/>\n<meta name=\"twitter:card\" content=\"summary_large_image\" \/>\n<meta name=\"twitter:label1\" content=\"Dur\u00e9e de lecture estim\u00e9e\" \/>\n\t<meta name=\"twitter:data1\" content=\"2 minutes\" \/>\n<script type=\"application\/ld+json\" class=\"yoast-schema-graph\">{\"@context\":\"https:\\\/\\\/schema.org\",\"@graph\":[{\"@type\":\"WebPage\",\"@id\":\"https:\\\/\\\/www.argonandco.com\\\/fr\\\/expertises\\\/ressources-humaines\\\/workforce-optimisation\\\/\",\"url\":\"https:\\\/\\\/www.argonandco.com\\\/fr\\\/expertises\\\/ressources-humaines\\\/workforce-optimisation\\\/\",\"name\":\"Optimisation des ressources | Argon & Co\",\"isPartOf\":{\"@id\":\"https:\\\/\\\/www.argonandco.com\\\/fr\\\/#website\"},\"datePublished\":\"2019-11-28T16:58:05+00:00\",\"dateModified\":\"2024-12-16T10:24:31+00:00\",\"description\":\"Nous vous aidons \u00e0 r\u00e9soudre les probl\u00e8mes sp\u00e9cifiques \u00e0 la gestion du temps et des activit\u00e9s dans des secteurs divers et \u00e0 mettre en \u0153uvre l'optimisation de vos effectifs.\",\"breadcrumb\":{\"@id\":\"https:\\\/\\\/www.argonandco.com\\\/fr\\\/expertises\\\/ressources-humaines\\\/workforce-optimisation\\\/#breadcrumb\"},\"inLanguage\":\"fr-FR\",\"potentialAction\":[{\"@type\":\"ReadAction\",\"target\":[\"https:\\\/\\\/www.argonandco.com\\\/fr\\\/expertises\\\/ressources-humaines\\\/workforce-optimisation\\\/\"]}]},{\"@type\":\"BreadcrumbList\",\"@id\":\"https:\\\/\\\/www.argonandco.com\\\/fr\\\/expertises\\\/ressources-humaines\\\/workforce-optimisation\\\/#breadcrumb\",\"itemListElement\":[{\"@type\":\"ListItem\",\"position\":1,\"name\":\"Home\",\"item\":\"https:\\\/\\\/www.argonandco.com\\\/fr\\\/\"},{\"@type\":\"ListItem\",\"position\":2,\"name\":\"Expertises\",\"item\":\"https:\\\/\\\/www.argonandco.com\\\/fr\\\/expertises\\\/\"},{\"@type\":\"ListItem\",\"position\":3,\"name\":\"Ressources Humaines\",\"item\":\"https:\\\/\\\/www.argonandco.com\\\/fr\\\/expertises\\\/ressources-humaines\\\/\"},{\"@type\":\"ListItem\",\"position\":4,\"name\":\"Workforce optimisation\"}]},{\"@type\":\"WebSite\",\"@id\":\"https:\\\/\\\/www.argonandco.com\\\/fr\\\/#website\",\"url\":\"https:\\\/\\\/www.argonandco.com\\\/fr\\\/\",\"name\":\"Argon &amp; Co\",\"description\":\"We help clients achieve their strategic and operational objectives, working together to transform their businesses and generate real change.\",\"potentialAction\":[{\"@type\":\"SearchAction\",\"target\":{\"@type\":\"EntryPoint\",\"urlTemplate\":\"https:\\\/\\\/www.argonandco.com\\\/fr\\\/?s={search_term_string}\"},\"query-input\":{\"@type\":\"PropertyValueSpecification\",\"valueRequired\":true,\"valueName\":\"search_term_string\"}}],\"inLanguage\":\"fr-FR\"}]}<\/script>\n<!-- \/ Yoast SEO plugin. -->","yoast_head_json":{"title":"Optimisation des ressources | Argon & Co","description":"Nous vous aidons \u00e0 r\u00e9soudre les probl\u00e8mes sp\u00e9cifiques \u00e0 la gestion du temps et des activit\u00e9s dans des secteurs divers et \u00e0 mettre en \u0153uvre l'optimisation de vos effectifs.","robots":{"index":"index","follow":"follow","max-snippet":"max-snippet:-1","max-image-preview":"max-image-preview:large","max-video-preview":"max-video-preview:-1"},"canonical":"https:\/\/www.argonandco.com\/fr\/expertises\/ressources-humaines\/workforce-optimisation\/","og_locale":"fr_FR","og_type":"article","og_title":"Optimisation des ressources | Argon & Co","og_description":"Nous vous aidons \u00e0 r\u00e9soudre les probl\u00e8mes sp\u00e9cifiques \u00e0 la gestion du temps et des activit\u00e9s dans des secteurs divers et \u00e0 mettre en \u0153uvre l'optimisation de vos effectifs.","og_url":"https:\/\/www.argonandco.com\/fr\/expertises\/ressources-humaines\/workforce-optimisation\/","og_site_name":"Argon &amp; Co","article_modified_time":"2024-12-16T10:24:31+00:00","twitter_card":"summary_large_image","twitter_misc":{"Dur\u00e9e de lecture estim\u00e9e":"2 minutes"},"schema":{"@context":"https:\/\/schema.org","@graph":[{"@type":"WebPage","@id":"https:\/\/www.argonandco.com\/fr\/expertises\/ressources-humaines\/workforce-optimisation\/","url":"https:\/\/www.argonandco.com\/fr\/expertises\/ressources-humaines\/workforce-optimisation\/","name":"Optimisation des ressources | Argon & Co","isPartOf":{"@id":"https:\/\/www.argonandco.com\/fr\/#website"},"datePublished":"2019-11-28T16:58:05+00:00","dateModified":"2024-12-16T10:24:31+00:00","description":"Nous vous aidons \u00e0 r\u00e9soudre les probl\u00e8mes sp\u00e9cifiques \u00e0 la gestion du temps et des activit\u00e9s dans des secteurs divers et \u00e0 mettre en \u0153uvre l'optimisation de vos effectifs.","breadcrumb":{"@id":"https:\/\/www.argonandco.com\/fr\/expertises\/ressources-humaines\/workforce-optimisation\/#breadcrumb"},"inLanguage":"fr-FR","potentialAction":[{"@type":"ReadAction","target":["https:\/\/www.argonandco.com\/fr\/expertises\/ressources-humaines\/workforce-optimisation\/"]}]},{"@type":"BreadcrumbList","@id":"https:\/\/www.argonandco.com\/fr\/expertises\/ressources-humaines\/workforce-optimisation\/#breadcrumb","itemListElement":[{"@type":"ListItem","position":1,"name":"Home","item":"https:\/\/www.argonandco.com\/fr\/"},{"@type":"ListItem","position":2,"name":"Expertises","item":"https:\/\/www.argonandco.com\/fr\/expertises\/"},{"@type":"ListItem","position":3,"name":"Ressources Humaines","item":"https:\/\/www.argonandco.com\/fr\/expertises\/ressources-humaines\/"},{"@type":"ListItem","position":4,"name":"Workforce optimisation"}]},{"@type":"WebSite","@id":"https:\/\/www.argonandco.com\/fr\/#website","url":"https:\/\/www.argonandco.com\/fr\/","name":"Argon &amp; Co","description":"We help clients achieve their strategic and operational objectives, working together to transform their businesses and generate real change.","potentialAction":[{"@type":"SearchAction","target":{"@type":"EntryPoint","urlTemplate":"https:\/\/www.argonandco.com\/fr\/?s={search_term_string}"},"query-input":{"@type":"PropertyValueSpecification","valueRequired":true,"valueName":"search_term_string"}}],"inLanguage":"fr-FR"}]}},"_links":{"self":[{"href":"https:\/\/www.argonandco.com\/fr\/wp-json\/wp\/v2\/pages\/1550","targetHints":{"allow":["GET"]}}],"collection":[{"href":"https:\/\/www.argonandco.com\/fr\/wp-json\/wp\/v2\/pages"}],"about":[{"href":"https:\/\/www.argonandco.com\/fr\/wp-json\/wp\/v2\/types\/page"}],"author":[{"embeddable":true,"href":"https:\/\/www.argonandco.com\/fr\/wp-json\/wp\/v2\/users\/1"}],"replies":[{"embeddable":true,"href":"https:\/\/www.argonandco.com\/fr\/wp-json\/wp\/v2\/comments?post=1550"}],"version-history":[{"count":0,"href":"https:\/\/www.argonandco.com\/fr\/wp-json\/wp\/v2\/pages\/1550\/revisions"}],"up":[{"embeddable":true,"href":"https:\/\/www.argonandco.com\/fr\/wp-json\/wp\/v2\/pages\/1537"}],"wp:attachment":[{"href":"https:\/\/www.argonandco.com\/fr\/wp-json\/wp\/v2\/media?parent=1550"}],"curies":[{"name":"wp","href":"https:\/\/api.w.org\/{rel}","templated":true}]}}