{"id":1545,"date":"2019-11-28T16:55:16","date_gmt":"2019-11-28T16:55:56","guid":{"rendered":"https:\/\/www.argonandco.com\/?page_id=1545"},"modified":"2024-12-16T10:23:23","modified_gmt":"2024-12-16T10:23:23","slug":"solutions-rh","status":"publish","type":"page","link":"https:\/\/www.argonandco.com\/fr\/expertises\/ressources-humaines\/solutions-rh\/","title":{"rendered":"Solutions RH"},"content":{"rendered":"<h2><b>Contexte et enjeux<\/b><\/h2>\n<p><span class=\"intro\" style=\"font-weight: 400;\">La recherche de l\u2019excellence op\u00e9rationnelle demeure un enjeu majeur pour toute organisation, et la fonction RH ne fait pas exception. Les solutions RH permettent aux services des ressources humaines de renforcer leur accompagnement et d\u2019augmenter la valeur ajout\u00e9e apport\u00e9e \u00e0 la fois aux op\u00e9rations et aux collaborateurs\u00a0: automatisation des t\u00e2ches (multi-saisies, contr\u00f4les), plus grande fluidit\u00e9 de l\u2019information et des \u00e9changes (workflow, self-service, reporting), donn\u00e9es s\u00e9curis\u00e9es et fiables ainsi qu\u2019une ergonomie et une exp\u00e9rience utilisateur am\u00e9lior\u00e9es.<\/span><\/p>\n<p><span style=\"font-weight: 400;\">Cependant, le paysage des solutions RH \u00e9volue en profondeur: g\u00e9n\u00e9ralisation du SaaS et du Cloud Computing, \u00e9mergence de nouveaux acteurs, fusions et rachats d&rsquo;acteurs historiques, multiplicit\u00e9 des offres, valeur ajout\u00e9e r\u00e9elle des fonctionnalit\u00e9s offertes, capacit\u00e9s de reporting.<\/span><\/p>\n<p><span style=\"font-weight: 400;\">De nombreuses directions des RH sont aujourd\u2019hui convaincues de la n\u00e9cessit\u00e9 de se digitaliser pour accompagner les ambitions de d\u00e9veloppement strat\u00e9gique de l\u2019entreprise: attractivit\u00e9, d\u00e9veloppement et engagement des collaborateurs. Pour autant, les directions des RH sont encore nombreuses \u00e0 se demander par quoi commencer ou comment faire. Les opportunit\u00e9s et la complexit\u00e9 de tels projets d\u00e9pendent du type de solution d\u00e9ploy\u00e9e (ERP \/ SaaS \/ mixte), des domaines RH impact\u00e9s et du contexte d\u2019entreprise dans lequel ils s\u2019inscrivent.<\/span><\/p>\n<h2><b>Notre approche<\/b><\/h2>\n<p><span style=\"font-weight: 400;\">Argon &amp; Co accompagne ses clients \u00e9tape par \u00e9tape dans la clarification de leurs besoins en leur permettant de les cadrer et de les challenger rapidement. Nous prenons \u00e9galement en compte les enjeux business, la culture et le contexte de l\u2019entreprise ainsi que l\u2019\u00e9valuation des opportunit\u00e9s. Nous travaillons enfin \u00e0 identifier les sc\u00e9narios qui garantissent le niveau de retour sur investissement attendu.\u00a0<\/span><\/p>\n<ul>\n<li style=\"font-weight: 400;\"><span style=\"font-weight: 400;\">Diagnostic de maturit\u00e9 digitale de la fonction RH.<\/span><\/li>\n<li style=\"font-weight: 400;\"><span style=\"font-weight: 400;\">Cadrage des besoins int\u00e9grant les usages et les attentes des parties prenantes gr\u00e2ce \u00e0 notre ma\u00eetrise des outils digitaux et des bonnes pratiques.<\/span><\/li>\n<li style=\"font-weight: 400;\"><span style=\"font-weight: 400;\">Vision compl\u00e8te des solutions digitales du march\u00e9.<\/span><\/li>\n<li style=\"font-weight: 400;\"><span style=\"font-weight: 400;\">Accompagnement dans la prise de d\u00e9cision et la mise en \u0153uvre des solutions digitales.<\/span><\/li>\n<li style=\"font-weight: 400;\"><span style=\"font-weight: 400;\">D\u00e9marche pragmatique et outill\u00e9e capitalisant sur nos retours d\u2019exp\u00e9rience de projets d\u2019envergure dans des environnements multiculturels.\u00a0<\/span><\/li>\n<\/ul>\n","protected":false},"excerpt":{"rendered":"<p>Contexte et enjeux La recherche de l\u2019excellence op\u00e9rationnelle demeure un enjeu majeur pour toute organisation, et la fonction RH ne fait pas exception. Les solutions RH permettent aux services des ressources humaines de renforcer leur accompagnement et d\u2019augmenter la valeur ajout\u00e9e apport\u00e9e \u00e0 la fois aux op\u00e9rations et aux collaborateurs\u00a0: automatisation des t\u00e2ches (multi-saisies, contr\u00f4les), [&hellip;]<\/p>\n","protected":false},"author":1,"featured_media":0,"parent":1537,"menu_order":9,"comment_status":"closed","ping_status":"closed","template":"","meta":{"_acf_changed":false,"footnotes":""},"class_list":["post-1545","page","type-page","status-publish","hentry"],"acf":[],"yoast_head":"<!-- This site is optimized with the Yoast SEO plugin v27.5 - https:\/\/yoast.com\/product\/yoast-seo-wordpress\/ -->\n<title>Solutions &amp; Syst\u00e8mes d&#039;Informations RH | Argon &amp; Co<\/title>\n<meta name=\"description\" content=\"Le cabinet de conseil en transformation des op\u00e9rations Argon &amp; Co accompagne ses clients \u00e9tape par \u00e9tape dans la clarification de leurs besoins en solutions RH.\" \/>\n<meta name=\"robots\" content=\"index, follow, max-snippet:-1, max-image-preview:large, max-video-preview:-1\" \/>\n<link rel=\"canonical\" href=\"https:\/\/www.argonandco.com\/fr\/expertises\/ressources-humaines\/solutions-rh\/\" \/>\n<meta property=\"og:locale\" content=\"fr_FR\" \/>\n<meta property=\"og:type\" content=\"article\" \/>\n<meta property=\"og:title\" content=\"Solutions &amp; Syst\u00e8mes d&#039;Informations RH | Argon &amp; Co\" \/>\n<meta property=\"og:description\" content=\"Le cabinet de conseil en transformation des op\u00e9rations Argon &amp; Co accompagne ses clients \u00e9tape par \u00e9tape dans la clarification de leurs besoins en solutions RH.\" \/>\n<meta property=\"og:url\" content=\"https:\/\/www.argonandco.com\/fr\/expertises\/ressources-humaines\/solutions-rh\/\" \/>\n<meta property=\"og:site_name\" content=\"Argon &amp; Co\" \/>\n<meta property=\"article:modified_time\" content=\"2024-12-16T10:23:23+00:00\" \/>\n<meta name=\"twitter:card\" content=\"summary_large_image\" \/>\n<meta name=\"twitter:label1\" content=\"Dur\u00e9e de lecture estim\u00e9e\" \/>\n\t<meta name=\"twitter:data1\" content=\"2 minutes\" \/>\n<script type=\"application\/ld+json\" class=\"yoast-schema-graph\">{\"@context\":\"https:\\\/\\\/schema.org\",\"@graph\":[{\"@type\":\"WebPage\",\"@id\":\"https:\\\/\\\/www.argonandco.com\\\/fr\\\/expertises\\\/ressources-humaines\\\/solutions-rh\\\/\",\"url\":\"https:\\\/\\\/www.argonandco.com\\\/fr\\\/expertises\\\/ressources-humaines\\\/solutions-rh\\\/\",\"name\":\"Solutions & Syst\u00e8mes d'Informations RH | Argon & Co\",\"isPartOf\":{\"@id\":\"https:\\\/\\\/www.argonandco.com\\\/fr\\\/#website\"},\"datePublished\":\"2019-11-28T16:55:56+00:00\",\"dateModified\":\"2024-12-16T10:23:23+00:00\",\"description\":\"Le cabinet de conseil en transformation des op\u00e9rations Argon & Co accompagne ses clients \u00e9tape par \u00e9tape dans la clarification de leurs besoins en solutions RH.\",\"breadcrumb\":{\"@id\":\"https:\\\/\\\/www.argonandco.com\\\/fr\\\/expertises\\\/ressources-humaines\\\/solutions-rh\\\/#breadcrumb\"},\"inLanguage\":\"fr-FR\",\"potentialAction\":[{\"@type\":\"ReadAction\",\"target\":[\"https:\\\/\\\/www.argonandco.com\\\/fr\\\/expertises\\\/ressources-humaines\\\/solutions-rh\\\/\"]}]},{\"@type\":\"BreadcrumbList\",\"@id\":\"https:\\\/\\\/www.argonandco.com\\\/fr\\\/expertises\\\/ressources-humaines\\\/solutions-rh\\\/#breadcrumb\",\"itemListElement\":[{\"@type\":\"ListItem\",\"position\":1,\"name\":\"Home\",\"item\":\"https:\\\/\\\/www.argonandco.com\\\/fr\\\/\"},{\"@type\":\"ListItem\",\"position\":2,\"name\":\"Expertises\",\"item\":\"https:\\\/\\\/www.argonandco.com\\\/fr\\\/expertises\\\/\"},{\"@type\":\"ListItem\",\"position\":3,\"name\":\"Ressources Humaines\",\"item\":\"https:\\\/\\\/www.argonandco.com\\\/fr\\\/expertises\\\/ressources-humaines\\\/\"},{\"@type\":\"ListItem\",\"position\":4,\"name\":\"Solutions RH\"}]},{\"@type\":\"WebSite\",\"@id\":\"https:\\\/\\\/www.argonandco.com\\\/fr\\\/#website\",\"url\":\"https:\\\/\\\/www.argonandco.com\\\/fr\\\/\",\"name\":\"Argon &amp; Co\",\"description\":\"We help clients achieve their strategic and operational objectives, working together to transform their businesses and generate real change.\",\"potentialAction\":[{\"@type\":\"SearchAction\",\"target\":{\"@type\":\"EntryPoint\",\"urlTemplate\":\"https:\\\/\\\/www.argonandco.com\\\/fr\\\/?s={search_term_string}\"},\"query-input\":{\"@type\":\"PropertyValueSpecification\",\"valueRequired\":true,\"valueName\":\"search_term_string\"}}],\"inLanguage\":\"fr-FR\"}]}<\/script>\n<!-- \/ Yoast SEO plugin. -->","yoast_head_json":{"title":"Solutions & Syst\u00e8mes d'Informations RH | Argon & Co","description":"Le cabinet de conseil en transformation des op\u00e9rations Argon & Co accompagne ses clients \u00e9tape par \u00e9tape dans la clarification de leurs besoins en solutions RH.","robots":{"index":"index","follow":"follow","max-snippet":"max-snippet:-1","max-image-preview":"max-image-preview:large","max-video-preview":"max-video-preview:-1"},"canonical":"https:\/\/www.argonandco.com\/fr\/expertises\/ressources-humaines\/solutions-rh\/","og_locale":"fr_FR","og_type":"article","og_title":"Solutions & Syst\u00e8mes d'Informations RH | Argon & Co","og_description":"Le cabinet de conseil en transformation des op\u00e9rations Argon & Co accompagne ses clients \u00e9tape par \u00e9tape dans la clarification de leurs besoins en solutions RH.","og_url":"https:\/\/www.argonandco.com\/fr\/expertises\/ressources-humaines\/solutions-rh\/","og_site_name":"Argon &amp; Co","article_modified_time":"2024-12-16T10:23:23+00:00","twitter_card":"summary_large_image","twitter_misc":{"Dur\u00e9e de lecture estim\u00e9e":"2 minutes"},"schema":{"@context":"https:\/\/schema.org","@graph":[{"@type":"WebPage","@id":"https:\/\/www.argonandco.com\/fr\/expertises\/ressources-humaines\/solutions-rh\/","url":"https:\/\/www.argonandco.com\/fr\/expertises\/ressources-humaines\/solutions-rh\/","name":"Solutions & Syst\u00e8mes d'Informations RH | Argon & Co","isPartOf":{"@id":"https:\/\/www.argonandco.com\/fr\/#website"},"datePublished":"2019-11-28T16:55:56+00:00","dateModified":"2024-12-16T10:23:23+00:00","description":"Le cabinet de conseil en transformation des op\u00e9rations Argon & Co accompagne ses clients \u00e9tape par \u00e9tape dans la clarification de leurs besoins en solutions RH.","breadcrumb":{"@id":"https:\/\/www.argonandco.com\/fr\/expertises\/ressources-humaines\/solutions-rh\/#breadcrumb"},"inLanguage":"fr-FR","potentialAction":[{"@type":"ReadAction","target":["https:\/\/www.argonandco.com\/fr\/expertises\/ressources-humaines\/solutions-rh\/"]}]},{"@type":"BreadcrumbList","@id":"https:\/\/www.argonandco.com\/fr\/expertises\/ressources-humaines\/solutions-rh\/#breadcrumb","itemListElement":[{"@type":"ListItem","position":1,"name":"Home","item":"https:\/\/www.argonandco.com\/fr\/"},{"@type":"ListItem","position":2,"name":"Expertises","item":"https:\/\/www.argonandco.com\/fr\/expertises\/"},{"@type":"ListItem","position":3,"name":"Ressources Humaines","item":"https:\/\/www.argonandco.com\/fr\/expertises\/ressources-humaines\/"},{"@type":"ListItem","position":4,"name":"Solutions RH"}]},{"@type":"WebSite","@id":"https:\/\/www.argonandco.com\/fr\/#website","url":"https:\/\/www.argonandco.com\/fr\/","name":"Argon &amp; Co","description":"We help clients achieve their strategic and operational objectives, working together to transform their businesses and generate real change.","potentialAction":[{"@type":"SearchAction","target":{"@type":"EntryPoint","urlTemplate":"https:\/\/www.argonandco.com\/fr\/?s={search_term_string}"},"query-input":{"@type":"PropertyValueSpecification","valueRequired":true,"valueName":"search_term_string"}}],"inLanguage":"fr-FR"}]}},"_links":{"self":[{"href":"https:\/\/www.argonandco.com\/fr\/wp-json\/wp\/v2\/pages\/1545","targetHints":{"allow":["GET"]}}],"collection":[{"href":"https:\/\/www.argonandco.com\/fr\/wp-json\/wp\/v2\/pages"}],"about":[{"href":"https:\/\/www.argonandco.com\/fr\/wp-json\/wp\/v2\/types\/page"}],"author":[{"embeddable":true,"href":"https:\/\/www.argonandco.com\/fr\/wp-json\/wp\/v2\/users\/1"}],"replies":[{"embeddable":true,"href":"https:\/\/www.argonandco.com\/fr\/wp-json\/wp\/v2\/comments?post=1545"}],"version-history":[{"count":0,"href":"https:\/\/www.argonandco.com\/fr\/wp-json\/wp\/v2\/pages\/1545\/revisions"}],"up":[{"embeddable":true,"href":"https:\/\/www.argonandco.com\/fr\/wp-json\/wp\/v2\/pages\/1537"}],"wp:attachment":[{"href":"https:\/\/www.argonandco.com\/fr\/wp-json\/wp\/v2\/media?parent=1545"}],"curies":[{"name":"wp","href":"https:\/\/api.w.org\/{rel}","templated":true}]}}