{"id":1539,"date":"2019-11-28T16:52:16","date_gmt":"2019-11-28T16:52:28","guid":{"rendered":"https:\/\/www.argonandco.com\/?page_id=1539"},"modified":"2024-12-16T10:22:49","modified_gmt":"2024-12-16T10:22:49","slug":"organisation-rh","status":"publish","type":"page","link":"https:\/\/www.argonandco.com\/fr\/expertises\/ressources-humaines\/organisation-rh\/","title":{"rendered":"Organisation RH"},"content":{"rendered":"<h2><b>Contexte et d\u00e9fis<\/b><\/h2>\n<p><span class=\"intro\" style=\"font-weight: 400;\">La fonction RH fait face \u00e0 des mutations \u00e9conomiques et soci\u00e9tales, \u00e0 l\u2019\u00e9volution des m\u00e9tiers et \u00e0 des r\u00e9organisations tant internes (restructuration, centre de services partag\u00e9s, externalisation) qu\u2019externes (fusion\/acquisition, carve-out). Celles-ci l\u2019am\u00e8nent \u00e0 relever constamment de nouveaux d\u00e9fis qui contribuent \u00e0 la strat\u00e9gie et au d\u00e9veloppement de l\u2019entreprise.<\/span><\/p>\n<p><span style=\"font-weight: 400;\">Dans cet environnement de plus en plus exigeant, la fonction RH doit personnaliser son approche. Elle doit pouvoir s\u2019adapter \u00e0 des cibles aux attentes et aux codes diff\u00e9rents (management interg\u00e9n\u00e9rationnel) et par cons\u00e9quent, son organisation et ses missions d\u2019aujourd\u2019hui doivent \u00eatre en phase avec les objectifs de demain. Dans ce cadre, la transmission et le d\u00e9veloppement des savoirs ainsi que le savoir-faire et les comp\u00e9tences des \u00e9quipes constituent des enjeux majeurs pour r\u00e9pondre aux nouveaux challenges : apporter un meilleur niveau de service aux op\u00e9rations et aux collaborateurs tout en anticipant et en accompagnant les changements de mani\u00e8re durable.<\/span><span style=\"font-weight: 400;\"><br \/>\n<\/span><\/p>\n<h2><b>Notre approche<\/b><\/h2>\n<p><span style=\"font-weight: 400;\">Argon &amp; Co accompagne les directions des Ressources Humaines dans la r\u00e9alisation de leurs ambitions strat\u00e9giques. Nous nous appuyons sur des retours d\u2019exp\u00e9rience et des bonnes pratiques acquis dans des contextes complexes et internationaux tout en prenant en compte la culture et l\u2019\u00e9cosyst\u00e8me sp\u00e9cifique de chaque entreprise.\u00a0<\/span><\/p>\n<ul>\n<li style=\"font-weight: 400;\"><span style=\"font-weight: 400;\">Analyse de la maturit\u00e9 de l\u2019organisation de l\u2019entreprise reposant sur une m\u00e9thodologie robuste et \u00e9prouv\u00e9e.<\/span><\/li>\n<li style=\"font-weight: 400;\"><span style=\"font-weight: 400;\">Conception et mise en \u0153uvre de mod\u00e8les op\u00e9rationnels (r\u00e9organisation de fonction\/fili\u00e8re, cr\u00e9ation de shared service center, outsourcing, etc.)\u00a0: construction d\u2019une vision cible (incluant l\u2019extension \u00e0 de nouveaux services) et \u00e9laboration d\u2019une trajectoire int\u00e9grant l\u2019ambition et la capacit\u00e9 \u00e0 mettre en \u0153uvre l\u2019ensemble des param\u00e8tres techniques et RH (organisation, social, processus, SI, infrastructure, gouvernance, pilotage) soutenus par un business case r\u00e9aliste.<\/span><\/li>\n<li style=\"font-weight: 400;\"><span style=\"font-weight: 400;\">Accompagnement des transformations organisationnelles de l\u2019entreprise (int\u00e9gration post-fusion, restructuration, carve-out)\u00a0: \u00e9valuation des risques \u00e9conomiques et sociaux associ\u00e9s au projet, d\u00e9finition de la cible organisationnelle, r\u00e9alignement organisationnel (op\u00e9rations et fonctions support), r\u00e9alignement des processus c\u0153ur de m\u00e9tier et support, gestion des ressources humaines et des impacts sociaux.<\/span><\/li>\n<\/ul>\n","protected":false},"excerpt":{"rendered":"<p>Contexte et d\u00e9fis La fonction RH fait face \u00e0 des mutations \u00e9conomiques et soci\u00e9tales, \u00e0 l\u2019\u00e9volution des m\u00e9tiers et \u00e0 des r\u00e9organisations tant internes (restructuration, centre de services partag\u00e9s, externalisation) qu\u2019externes (fusion\/acquisition, carve-out). Celles-ci l\u2019am\u00e8nent \u00e0 relever constamment de nouveaux d\u00e9fis qui contribuent \u00e0 la strat\u00e9gie et au d\u00e9veloppement de l\u2019entreprise. Dans cet environnement de [&hellip;]<\/p>\n","protected":false},"author":1,"featured_media":0,"parent":1537,"menu_order":0,"comment_status":"closed","ping_status":"closed","template":"","meta":{"_acf_changed":false,"footnotes":""},"class_list":["post-1539","page","type-page","status-publish","hentry"],"acf":[],"yoast_head":"<!-- This site is optimized with the Yoast SEO plugin v27.4 - https:\/\/yoast.com\/product\/yoast-seo-wordpress\/ -->\n<title>Organisation RH | Argon &amp; Co<\/title>\n<meta name=\"description\" content=\"Argon &amp; Co aide les entreprises \u00e0 d\u00e9finir et mettre en place l&#039;organisation de la fonction RH pour r\u00e9pondre aux ambitions strat\u00e9giques.\" \/>\n<meta name=\"robots\" content=\"index, follow, max-snippet:-1, max-image-preview:large, max-video-preview:-1\" \/>\n<link rel=\"canonical\" href=\"https:\/\/www.argonandco.com\/fr\/expertises\/ressources-humaines\/organisation-rh\/\" \/>\n<meta property=\"og:locale\" content=\"fr_FR\" \/>\n<meta property=\"og:type\" content=\"article\" \/>\n<meta property=\"og:title\" content=\"Organisation RH | Argon &amp; Co\" \/>\n<meta property=\"og:description\" content=\"Argon &amp; Co aide les entreprises \u00e0 d\u00e9finir et mettre en place l&#039;organisation de la fonction RH pour r\u00e9pondre aux ambitions strat\u00e9giques.\" \/>\n<meta property=\"og:url\" content=\"https:\/\/www.argonandco.com\/fr\/expertises\/ressources-humaines\/organisation-rh\/\" \/>\n<meta property=\"og:site_name\" content=\"Argon &amp; Co\" \/>\n<meta property=\"article:modified_time\" content=\"2024-12-16T10:22:49+00:00\" \/>\n<meta name=\"twitter:card\" content=\"summary_large_image\" \/>\n<meta name=\"twitter:label1\" content=\"Dur\u00e9e de lecture estim\u00e9e\" \/>\n\t<meta name=\"twitter:data1\" content=\"2 minutes\" \/>\n<script type=\"application\/ld+json\" class=\"yoast-schema-graph\">{\"@context\":\"https:\\\/\\\/schema.org\",\"@graph\":[{\"@type\":\"WebPage\",\"@id\":\"https:\\\/\\\/www.argonandco.com\\\/fr\\\/expertises\\\/ressources-humaines\\\/organisation-rh\\\/\",\"url\":\"https:\\\/\\\/www.argonandco.com\\\/fr\\\/expertises\\\/ressources-humaines\\\/organisation-rh\\\/\",\"name\":\"Organisation RH | Argon & Co\",\"isPartOf\":{\"@id\":\"https:\\\/\\\/www.argonandco.com\\\/fr\\\/#website\"},\"datePublished\":\"2019-11-28T16:52:28+00:00\",\"dateModified\":\"2024-12-16T10:22:49+00:00\",\"description\":\"Argon & Co aide les entreprises \u00e0 d\u00e9finir et mettre en place l'organisation de la fonction RH pour r\u00e9pondre aux ambitions strat\u00e9giques.\",\"breadcrumb\":{\"@id\":\"https:\\\/\\\/www.argonandco.com\\\/fr\\\/expertises\\\/ressources-humaines\\\/organisation-rh\\\/#breadcrumb\"},\"inLanguage\":\"fr-FR\",\"potentialAction\":[{\"@type\":\"ReadAction\",\"target\":[\"https:\\\/\\\/www.argonandco.com\\\/fr\\\/expertises\\\/ressources-humaines\\\/organisation-rh\\\/\"]}]},{\"@type\":\"BreadcrumbList\",\"@id\":\"https:\\\/\\\/www.argonandco.com\\\/fr\\\/expertises\\\/ressources-humaines\\\/organisation-rh\\\/#breadcrumb\",\"itemListElement\":[{\"@type\":\"ListItem\",\"position\":1,\"name\":\"Home\",\"item\":\"https:\\\/\\\/www.argonandco.com\\\/fr\\\/\"},{\"@type\":\"ListItem\",\"position\":2,\"name\":\"Expertises\",\"item\":\"https:\\\/\\\/www.argonandco.com\\\/fr\\\/expertises\\\/\"},{\"@type\":\"ListItem\",\"position\":3,\"name\":\"Ressources Humaines\",\"item\":\"https:\\\/\\\/www.argonandco.com\\\/fr\\\/expertises\\\/ressources-humaines\\\/\"},{\"@type\":\"ListItem\",\"position\":4,\"name\":\"Organisation RH\"}]},{\"@type\":\"WebSite\",\"@id\":\"https:\\\/\\\/www.argonandco.com\\\/fr\\\/#website\",\"url\":\"https:\\\/\\\/www.argonandco.com\\\/fr\\\/\",\"name\":\"Argon &amp; Co\",\"description\":\"We help clients achieve their strategic and operational objectives, working together to transform their businesses and generate real change.\",\"potentialAction\":[{\"@type\":\"SearchAction\",\"target\":{\"@type\":\"EntryPoint\",\"urlTemplate\":\"https:\\\/\\\/www.argonandco.com\\\/fr\\\/?s={search_term_string}\"},\"query-input\":{\"@type\":\"PropertyValueSpecification\",\"valueRequired\":true,\"valueName\":\"search_term_string\"}}],\"inLanguage\":\"fr-FR\"}]}<\/script>\n<!-- \/ Yoast SEO plugin. -->","yoast_head_json":{"title":"Organisation RH | Argon & Co","description":"Argon & Co aide les entreprises \u00e0 d\u00e9finir et mettre en place l'organisation de la fonction RH pour r\u00e9pondre aux ambitions strat\u00e9giques.","robots":{"index":"index","follow":"follow","max-snippet":"max-snippet:-1","max-image-preview":"max-image-preview:large","max-video-preview":"max-video-preview:-1"},"canonical":"https:\/\/www.argonandco.com\/fr\/expertises\/ressources-humaines\/organisation-rh\/","og_locale":"fr_FR","og_type":"article","og_title":"Organisation RH | Argon & Co","og_description":"Argon & Co aide les entreprises \u00e0 d\u00e9finir et mettre en place l'organisation de la fonction RH pour r\u00e9pondre aux ambitions strat\u00e9giques.","og_url":"https:\/\/www.argonandco.com\/fr\/expertises\/ressources-humaines\/organisation-rh\/","og_site_name":"Argon &amp; Co","article_modified_time":"2024-12-16T10:22:49+00:00","twitter_card":"summary_large_image","twitter_misc":{"Dur\u00e9e de lecture estim\u00e9e":"2 minutes"},"schema":{"@context":"https:\/\/schema.org","@graph":[{"@type":"WebPage","@id":"https:\/\/www.argonandco.com\/fr\/expertises\/ressources-humaines\/organisation-rh\/","url":"https:\/\/www.argonandco.com\/fr\/expertises\/ressources-humaines\/organisation-rh\/","name":"Organisation RH | Argon & Co","isPartOf":{"@id":"https:\/\/www.argonandco.com\/fr\/#website"},"datePublished":"2019-11-28T16:52:28+00:00","dateModified":"2024-12-16T10:22:49+00:00","description":"Argon & Co aide les entreprises \u00e0 d\u00e9finir et mettre en place l'organisation de la fonction RH pour r\u00e9pondre aux ambitions strat\u00e9giques.","breadcrumb":{"@id":"https:\/\/www.argonandco.com\/fr\/expertises\/ressources-humaines\/organisation-rh\/#breadcrumb"},"inLanguage":"fr-FR","potentialAction":[{"@type":"ReadAction","target":["https:\/\/www.argonandco.com\/fr\/expertises\/ressources-humaines\/organisation-rh\/"]}]},{"@type":"BreadcrumbList","@id":"https:\/\/www.argonandco.com\/fr\/expertises\/ressources-humaines\/organisation-rh\/#breadcrumb","itemListElement":[{"@type":"ListItem","position":1,"name":"Home","item":"https:\/\/www.argonandco.com\/fr\/"},{"@type":"ListItem","position":2,"name":"Expertises","item":"https:\/\/www.argonandco.com\/fr\/expertises\/"},{"@type":"ListItem","position":3,"name":"Ressources Humaines","item":"https:\/\/www.argonandco.com\/fr\/expertises\/ressources-humaines\/"},{"@type":"ListItem","position":4,"name":"Organisation RH"}]},{"@type":"WebSite","@id":"https:\/\/www.argonandco.com\/fr\/#website","url":"https:\/\/www.argonandco.com\/fr\/","name":"Argon &amp; Co","description":"We help clients achieve their strategic and operational objectives, working together to transform their businesses and generate real change.","potentialAction":[{"@type":"SearchAction","target":{"@type":"EntryPoint","urlTemplate":"https:\/\/www.argonandco.com\/fr\/?s={search_term_string}"},"query-input":{"@type":"PropertyValueSpecification","valueRequired":true,"valueName":"search_term_string"}}],"inLanguage":"fr-FR"}]}},"_links":{"self":[{"href":"https:\/\/www.argonandco.com\/fr\/wp-json\/wp\/v2\/pages\/1539","targetHints":{"allow":["GET"]}}],"collection":[{"href":"https:\/\/www.argonandco.com\/fr\/wp-json\/wp\/v2\/pages"}],"about":[{"href":"https:\/\/www.argonandco.com\/fr\/wp-json\/wp\/v2\/types\/page"}],"author":[{"embeddable":true,"href":"https:\/\/www.argonandco.com\/fr\/wp-json\/wp\/v2\/users\/1"}],"replies":[{"embeddable":true,"href":"https:\/\/www.argonandco.com\/fr\/wp-json\/wp\/v2\/comments?post=1539"}],"version-history":[{"count":0,"href":"https:\/\/www.argonandco.com\/fr\/wp-json\/wp\/v2\/pages\/1539\/revisions"}],"up":[{"embeddable":true,"href":"https:\/\/www.argonandco.com\/fr\/wp-json\/wp\/v2\/pages\/1537"}],"wp:attachment":[{"href":"https:\/\/www.argonandco.com\/fr\/wp-json\/wp\/v2\/media?parent=1539"}],"curies":[{"name":"wp","href":"https:\/\/api.w.org\/{rel}","templated":true}]}}