{"id":1537,"date":"2019-11-28T16:51:16","date_gmt":"2019-11-28T16:51:29","guid":{"rendered":"https:\/\/www.argonandco.com\/?page_id=1537"},"modified":"2024-12-16T10:53:03","modified_gmt":"2024-12-16T10:53:03","slug":"ressources-humaines","status":"publish","type":"page","link":"https:\/\/www.argonandco.com\/fr\/expertises\/ressources-humaines\/","title":{"rendered":"Ressources Humaines"},"content":{"rendered":"<h2>Les d\u00e9fis de la transformation RH<\/h2>\n<p>Le contexte actuel pr\u00e9sente de nombreux d\u00e9fis qui n\u00e9cessitent un accompagnement RH renforc\u00e9\u00a0:<\/p>\n<ul>\n<li>l\u2019acc\u00e9l\u00e9ration du rythme des transformations,<\/li>\n<li>l\u2019\u00e9volution des organisations,<\/li>\n<li>la disruption des m\u00e9tiers,<\/li>\n<li>l\u2019engagement des collaborateurs,<\/li>\n<li>la gestion des talents<\/li>\n<li>le pilotage de la masse salariale<\/li>\n<\/ul>\n<p>\u00c0 cela s\u2019ajoutent de nouveaux comportements et de nouveaux usages, induits par le digital, de plus en plus sociaux, mobiles et interactifs. Autant de changements qui remettent profond\u00e9ment en question les pratiques RH surtout dans sa dimension strat\u00e9gique au-del\u00e0 de la gestion administrative et la paie.<\/p>\n<h2>Dans quel contexte la fonction RH doit-elle se transformer ?<\/h2>\n<p>C\u2019est dans ce contexte que la fonction RH doit se transformer en repensant sa propre strat\u00e9gie, ses politiques et ses processus, mais aussi son organisation et sa gestion des talents. L\u2019enjeu est aussi de mettre \u00e0 profit les outils digitaux disponibles (HR analytics, RPA, SaaS) afin d\u2019accompagner ces mutations.<\/p>\n<p>Cette transformation est \u00e9galement amen\u00e9e \u00e0 prendre en compte\u00a0:<\/p>\n<ul>\n<li>L\u2019am\u00e9lioration de l\u2019exp\u00e9rience collaborateur (culture manag\u00e9riale, environnement de travail, d\u00e9veloppement individuel),<\/li>\n<li>Le d\u00e9veloppement de la marque employeur pour attirer les talents,<\/li>\n<li>L\u2019anticipation des besoins m\u00e9tiers,<\/li>\n<li>La planification des comp\u00e9tences.<\/li>\n<\/ul>\n<p>Elle comprend \u00e9galement la mise en \u0153uvre de processus RH efficaces et la gestion de la coh\u00e9sion sociale assurant un \u00e9quilibre interg\u00e9n\u00e9rationnel et une approche inclusive.<\/p>\n<h2>Comment relever les d\u00e9fis li\u00e9s \u00e0 la transformation de la fonction RH ?<\/h2>\n<p>Notre cabinet de conseil accompagne ses clients dans leurs transformations et leur fournit des r\u00e9sultats tangibles.<\/p>\n<p>Nous analysons en profondeur les probl\u00e8mes pour en identifier la cause en appliquant m\u00e9thode et discernement. Nous combinons exp\u00e9rience op\u00e9rationnelle et expertise technique et sectorielle pour aider nos clients \u00e0 r\u00e9soudre leurs probl\u00e9matiques et accompagner les directions des Ressources Humaines.<\/p>\n<p>Notre approche r\u00e9solument collaborative garantit l&rsquo;adh\u00e9sion \u00e0 tous les niveaux de l&rsquo;entreprise de nos clients pour un r\u00e9sultat p\u00e9renne. Pour en savoir plus sur nous, <a href=\"https:\/\/www.argonandco.com\/fr\/a-propos\/\">cliquez ici<\/a>.<\/p>\n<p>Consultez la barre de navigation en haut de page pour plus de d\u00e9tails sur une s\u00e9lection de d\u00e9fis sur lesquels notre cabinet de conseil travaille r\u00e9guli\u00e8rement.<\/p>\n<p>&nbsp;<\/p>\n","protected":false},"excerpt":{"rendered":"<p>Les d\u00e9fis de la transformation RH Le contexte actuel pr\u00e9sente de nombreux d\u00e9fis qui n\u00e9cessitent un accompagnement RH renforc\u00e9\u00a0: l\u2019acc\u00e9l\u00e9ration du rythme des transformations, l\u2019\u00e9volution des organisations, la disruption des m\u00e9tiers, l\u2019engagement des collaborateurs, la gestion des talents le pilotage de la masse salariale \u00c0 cela s\u2019ajoutent de nouveaux comportements et de nouveaux usages, induits [&hellip;]<\/p>\n","protected":false},"author":1,"featured_media":0,"parent":1372,"menu_order":19,"comment_status":"closed","ping_status":"closed","template":"","meta":{"_acf_changed":false,"footnotes":""},"class_list":["post-1537","page","type-page","status-publish","hentry"],"acf":[],"yoast_head":"<!-- This site is optimized with the Yoast SEO plugin v27.4 - https:\/\/yoast.com\/product\/yoast-seo-wordpress\/ -->\n<title>Conseil En Transformation De La Fonction RH | Argon &amp; Co<\/title>\n<meta name=\"description\" content=\"Argon &amp; Co accompagne la fonction RH \u00e0 travers plusieurs expertises dont analytics, workforce optimisation, d\u00e9veloppement des talents et processus digitaux.\" \/>\n<meta name=\"robots\" content=\"index, follow, max-snippet:-1, max-image-preview:large, max-video-preview:-1\" \/>\n<link rel=\"canonical\" href=\"https:\/\/www.argonandco.com\/fr\/expertises\/ressources-humaines\/\" \/>\n<meta property=\"og:locale\" content=\"fr_FR\" \/>\n<meta property=\"og:type\" content=\"article\" \/>\n<meta property=\"og:title\" content=\"Conseil En Transformation De La Fonction RH | Argon &amp; Co\" \/>\n<meta property=\"og:description\" content=\"Argon &amp; Co accompagne la fonction RH \u00e0 travers plusieurs expertises dont analytics, workforce optimisation, d\u00e9veloppement des talents et processus digitaux.\" \/>\n<meta property=\"og:url\" content=\"https:\/\/www.argonandco.com\/fr\/expertises\/ressources-humaines\/\" \/>\n<meta property=\"og:site_name\" content=\"Argon &amp; Co\" \/>\n<meta property=\"article:modified_time\" content=\"2024-12-16T10:53:03+00:00\" \/>\n<meta name=\"twitter:card\" content=\"summary_large_image\" \/>\n<meta name=\"twitter:label1\" content=\"Dur\u00e9e de lecture estim\u00e9e\" \/>\n\t<meta name=\"twitter:data1\" content=\"2 minutes\" \/>\n<script type=\"application\/ld+json\" class=\"yoast-schema-graph\">{\"@context\":\"https:\\\/\\\/schema.org\",\"@graph\":[{\"@type\":\"WebPage\",\"@id\":\"https:\\\/\\\/www.argonandco.com\\\/fr\\\/expertises\\\/ressources-humaines\\\/\",\"url\":\"https:\\\/\\\/www.argonandco.com\\\/fr\\\/expertises\\\/ressources-humaines\\\/\",\"name\":\"Conseil En Transformation De La Fonction RH | Argon & Co\",\"isPartOf\":{\"@id\":\"https:\\\/\\\/www.argonandco.com\\\/fr\\\/#website\"},\"datePublished\":\"2019-11-28T16:51:29+00:00\",\"dateModified\":\"2024-12-16T10:53:03+00:00\",\"description\":\"Argon & Co accompagne la fonction RH \u00e0 travers plusieurs expertises dont analytics, workforce optimisation, d\u00e9veloppement des talents et processus digitaux.\",\"breadcrumb\":{\"@id\":\"https:\\\/\\\/www.argonandco.com\\\/fr\\\/expertises\\\/ressources-humaines\\\/#breadcrumb\"},\"inLanguage\":\"fr-FR\",\"potentialAction\":[{\"@type\":\"ReadAction\",\"target\":[\"https:\\\/\\\/www.argonandco.com\\\/fr\\\/expertises\\\/ressources-humaines\\\/\"]}]},{\"@type\":\"BreadcrumbList\",\"@id\":\"https:\\\/\\\/www.argonandco.com\\\/fr\\\/expertises\\\/ressources-humaines\\\/#breadcrumb\",\"itemListElement\":[{\"@type\":\"ListItem\",\"position\":1,\"name\":\"Home\",\"item\":\"https:\\\/\\\/www.argonandco.com\\\/fr\\\/\"},{\"@type\":\"ListItem\",\"position\":2,\"name\":\"Expertises\",\"item\":\"https:\\\/\\\/www.argonandco.com\\\/fr\\\/expertises\\\/\"},{\"@type\":\"ListItem\",\"position\":3,\"name\":\"Ressources Humaines\"}]},{\"@type\":\"WebSite\",\"@id\":\"https:\\\/\\\/www.argonandco.com\\\/fr\\\/#website\",\"url\":\"https:\\\/\\\/www.argonandco.com\\\/fr\\\/\",\"name\":\"Argon &amp; Co\",\"description\":\"We help clients achieve their strategic and operational objectives, working together to transform their businesses and generate real change.\",\"potentialAction\":[{\"@type\":\"SearchAction\",\"target\":{\"@type\":\"EntryPoint\",\"urlTemplate\":\"https:\\\/\\\/www.argonandco.com\\\/fr\\\/?s={search_term_string}\"},\"query-input\":{\"@type\":\"PropertyValueSpecification\",\"valueRequired\":true,\"valueName\":\"search_term_string\"}}],\"inLanguage\":\"fr-FR\"}]}<\/script>\n<!-- \/ Yoast SEO plugin. -->","yoast_head_json":{"title":"Conseil En Transformation De La Fonction RH | Argon & Co","description":"Argon & Co accompagne la fonction RH \u00e0 travers plusieurs expertises dont analytics, workforce optimisation, d\u00e9veloppement des talents et processus digitaux.","robots":{"index":"index","follow":"follow","max-snippet":"max-snippet:-1","max-image-preview":"max-image-preview:large","max-video-preview":"max-video-preview:-1"},"canonical":"https:\/\/www.argonandco.com\/fr\/expertises\/ressources-humaines\/","og_locale":"fr_FR","og_type":"article","og_title":"Conseil En Transformation De La Fonction RH | Argon & Co","og_description":"Argon & Co accompagne la fonction RH \u00e0 travers plusieurs expertises dont analytics, workforce optimisation, d\u00e9veloppement des talents et processus digitaux.","og_url":"https:\/\/www.argonandco.com\/fr\/expertises\/ressources-humaines\/","og_site_name":"Argon &amp; Co","article_modified_time":"2024-12-16T10:53:03+00:00","twitter_card":"summary_large_image","twitter_misc":{"Dur\u00e9e de lecture estim\u00e9e":"2 minutes"},"schema":{"@context":"https:\/\/schema.org","@graph":[{"@type":"WebPage","@id":"https:\/\/www.argonandco.com\/fr\/expertises\/ressources-humaines\/","url":"https:\/\/www.argonandco.com\/fr\/expertises\/ressources-humaines\/","name":"Conseil En Transformation De La Fonction RH | Argon & Co","isPartOf":{"@id":"https:\/\/www.argonandco.com\/fr\/#website"},"datePublished":"2019-11-28T16:51:29+00:00","dateModified":"2024-12-16T10:53:03+00:00","description":"Argon & Co accompagne la fonction RH \u00e0 travers plusieurs expertises dont analytics, workforce optimisation, d\u00e9veloppement des talents et processus digitaux.","breadcrumb":{"@id":"https:\/\/www.argonandco.com\/fr\/expertises\/ressources-humaines\/#breadcrumb"},"inLanguage":"fr-FR","potentialAction":[{"@type":"ReadAction","target":["https:\/\/www.argonandco.com\/fr\/expertises\/ressources-humaines\/"]}]},{"@type":"BreadcrumbList","@id":"https:\/\/www.argonandco.com\/fr\/expertises\/ressources-humaines\/#breadcrumb","itemListElement":[{"@type":"ListItem","position":1,"name":"Home","item":"https:\/\/www.argonandco.com\/fr\/"},{"@type":"ListItem","position":2,"name":"Expertises","item":"https:\/\/www.argonandco.com\/fr\/expertises\/"},{"@type":"ListItem","position":3,"name":"Ressources Humaines"}]},{"@type":"WebSite","@id":"https:\/\/www.argonandco.com\/fr\/#website","url":"https:\/\/www.argonandco.com\/fr\/","name":"Argon &amp; Co","description":"We help clients achieve their strategic and operational objectives, working together to transform their businesses and generate real change.","potentialAction":[{"@type":"SearchAction","target":{"@type":"EntryPoint","urlTemplate":"https:\/\/www.argonandco.com\/fr\/?s={search_term_string}"},"query-input":{"@type":"PropertyValueSpecification","valueRequired":true,"valueName":"search_term_string"}}],"inLanguage":"fr-FR"}]}},"_links":{"self":[{"href":"https:\/\/www.argonandco.com\/fr\/wp-json\/wp\/v2\/pages\/1537","targetHints":{"allow":["GET"]}}],"collection":[{"href":"https:\/\/www.argonandco.com\/fr\/wp-json\/wp\/v2\/pages"}],"about":[{"href":"https:\/\/www.argonandco.com\/fr\/wp-json\/wp\/v2\/types\/page"}],"author":[{"embeddable":true,"href":"https:\/\/www.argonandco.com\/fr\/wp-json\/wp\/v2\/users\/1"}],"replies":[{"embeddable":true,"href":"https:\/\/www.argonandco.com\/fr\/wp-json\/wp\/v2\/comments?post=1537"}],"version-history":[{"count":0,"href":"https:\/\/www.argonandco.com\/fr\/wp-json\/wp\/v2\/pages\/1537\/revisions"}],"up":[{"embeddable":true,"href":"https:\/\/www.argonandco.com\/fr\/wp-json\/wp\/v2\/pages\/1372"}],"wp:attachment":[{"href":"https:\/\/www.argonandco.com\/fr\/wp-json\/wp\/v2\/media?parent=1537"}],"curies":[{"name":"wp","href":"https:\/\/api.w.org\/{rel}","templated":true}]}}