{"id":1533,"date":"2019-11-28T16:42:16","date_gmt":"2019-11-28T16:42:04","guid":{"rendered":"https:\/\/www.argonandco.com\/?page_id=1533"},"modified":"2024-12-16T10:30:13","modified_gmt":"2024-12-16T10:30:13","slug":"sortie-de-crise-logistique","status":"publish","type":"page","link":"https:\/\/www.argonandco.com\/fr\/expertises\/logistique\/sortie-de-crise-logistique\/","title":{"rendered":"Sortie de crise logistique"},"content":{"rendered":"<h2><b>Contexte et d\u00e9fis<\/b><\/h2>\n<p><span class=\"intro\" style=\"font-weight: 400;\">Gestion multicanale, automatisation, forte int\u00e9gration avec les partenaires\u2026 Alors que les nouveaux sch\u00e9mas logistiques et les entrep\u00f4ts permettent de g\u00e9rer des op\u00e9rations bien plus complexes que par le pass\u00e9, ils sont \u00e9galement plus sensibles aux crises.<\/span><\/p>\n<p><span style=\"font-weight: 400;\">Une modification importante des logiques de flux, un changement structurel d\u2019organisation en interne ou en externe, la mise en place de nouveaux outils ou \u00e9quipements, repr\u00e9sentent en effet autant de facteurs d\u00e9clencheurs d\u2019une crise qui peuvent mettre en danger toute l\u2019entreprise : d\u00e9faillance de service, perte de confiance des clients, d\u00e9gradation de l\u2019environnement de travail et d\u00e9rapage des co\u00fbts.<\/span><\/p>\n<p><span style=\"font-weight: 400;\">Une crise logistique ne peut pas se r\u00e9soudre avec l\u2019organisation et les processus habituels. Lorsque la d\u00e9gradation de la performance est brutale et forte, il devient difficile de maintenir la performance et les processus traditionnels en place. R\u00e9soudre une crise n\u00e9cessite un dispositif de management d\u00e9di\u00e9 sur le terrain qui privil\u00e9gie des prises de d\u00e9cisions rapides et une mise en \u0153uvre agile d\u2019actions pour atteindre un retour rapide vers des performances acceptables.<\/span><\/p>\n<p><span style=\"font-weight: 400;\">L\u2019entreprise doit mobiliser dans un d\u00e9lai tr\u00e8s court des \u00e9quipes expertes \u00e0 forte s\u00e9niorit\u00e9 qui disposent d\u2019un pouvoir de d\u00e9cision, de m\u00e9thodologies \u00e9prouv\u00e9es et d\u2019un fort leadership.<\/span><\/p>\n<h2><b>Notre approche<\/b><\/h2>\n<p><span style=\"font-weight: 400;\">Fort d\u2019une exp\u00e9rience construite sur de nombreuses ann\u00e9es, Argon &amp; Co a la capacit\u00e9 de mobiliser rapidement un dispositif et une m\u00e9thodologie permettant de revenir \u00e0 des performances suffisantes.<\/span><\/p>\n<ul>\n<li style=\"font-weight: 400;\"><b>Cadrage<\/b><span style=\"font-weight: 400;\">. Cette courte phase de pr\u00e9paration de quelques jours permet de d\u00e9finir le mandat de la mission incluant le niveau de performance \u00e0 atteindre pour sortir de la crise, l\u2019identification des personnes-cl\u00e9s et de la maturit\u00e9 des \u00e9quipes en place ainsi que le cadre de gouvernance.<\/span><\/li>\n<li style=\"font-weight: 400;\"><b>\u00c9laboration du plan de retournement<\/b><span style=\"font-weight: 400;\">. L\u2019exp\u00e9rience de nos experts et nos outils permettent de cibler rapidement les d\u00e9faillances critiques et de mener des analyses sur la base des informations disponibles afin d\u2019identifier de mani\u00e8re pragmatique des leviers d\u2019am\u00e9lioration et d\u2019agir rapidement. Notre bo\u00eete \u00e0 outils permet \u00e9galement de mettre en place une gouvernance adapt\u00e9e \u00e0 toute situation de crise. Elle allie pr\u00e9sence sur le terrain et soutien en back-office pour mener plusieurs chantiers en parall\u00e8le.<\/span><\/li>\n<li style=\"font-weight: 400;\"><b>Mise en \u0153uvre du plan de retournement<\/b><span style=\"font-weight: 400;\">. Au cours de cette phase, nous coordonnons la r\u00e9alisation des actions identifi\u00e9es, nous mesurons leur efficacit\u00e9 (KPIs temporaires) et nous accompagnons les \u00e9quipes. Nous adaptons la gouvernance au fur et \u00e0 mesure afin de restaurer un cadre de fonctionnement supportable.<\/span><\/li>\n<li style=\"font-weight: 400;\"><b>Bilan et s\u00e9curisation du retournement<\/b><span style=\"font-weight: 400;\">. Cette derni\u00e8re phase permet de p\u00e9renniser l\u2019ensemble des gains identifi\u00e9s et d\u2019ancrer le retournement au sein des \u00e9quipes. Elle permet \u00e9galement \u00e0 l\u2019entreprise de capitaliser sur la crise en mettant \u00e0 jour ses plans de continuit\u00e9 et ses processus de gestion de crise.<\/span><\/li>\n<\/ul>\n<p>&nbsp;<\/p>\n","protected":false},"excerpt":{"rendered":"<p>Contexte et d\u00e9fis Gestion multicanale, automatisation, forte int\u00e9gration avec les partenaires\u2026 Alors que les nouveaux sch\u00e9mas logistiques et les entrep\u00f4ts permettent de g\u00e9rer des op\u00e9rations bien plus complexes que par le pass\u00e9, ils sont \u00e9galement plus sensibles aux crises. Une modification importante des logiques de flux, un changement structurel d\u2019organisation en interne ou en externe, [&hellip;]<\/p>\n","protected":false},"author":1,"featured_media":0,"parent":1515,"menu_order":14,"comment_status":"closed","ping_status":"closed","template":"","meta":{"_acf_changed":false,"footnotes":""},"class_list":["post-1533","page","type-page","status-publish","hentry"],"acf":[],"yoast_head":"<!-- This site is optimized with the Yoast SEO plugin v27.4 - https:\/\/yoast.com\/product\/yoast-seo-wordpress\/ -->\n<title>Gestion de crise logistique | Argon &amp; Co<\/title>\n<meta name=\"description\" content=\"L&#039;exp\u00e9rience d&#039;Argon &amp; Co permet de mobiliser rapidement les syst\u00e8mes et m\u00e9thodologies ad\u00e9quats pour r\u00e9tablir les performances acceptables dans le cadre d&#039;une gestion de crise logistique.\" \/>\n<meta name=\"robots\" content=\"index, follow, max-snippet:-1, max-image-preview:large, max-video-preview:-1\" \/>\n<link rel=\"canonical\" href=\"https:\/\/www.argonandco.com\/fr\/expertises\/logistique\/sortie-de-crise-logistique\/\" \/>\n<meta property=\"og:locale\" content=\"fr_FR\" \/>\n<meta property=\"og:type\" content=\"article\" \/>\n<meta property=\"og:title\" content=\"Gestion de crise logistique | Argon &amp; Co\" \/>\n<meta property=\"og:description\" content=\"L&#039;exp\u00e9rience d&#039;Argon &amp; Co permet de mobiliser rapidement les syst\u00e8mes et m\u00e9thodologies ad\u00e9quats pour r\u00e9tablir les performances acceptables dans le cadre d&#039;une gestion de crise logistique.\" \/>\n<meta property=\"og:url\" content=\"https:\/\/www.argonandco.com\/fr\/expertises\/logistique\/sortie-de-crise-logistique\/\" \/>\n<meta property=\"og:site_name\" content=\"Argon &amp; Co\" \/>\n<meta property=\"article:modified_time\" content=\"2024-12-16T10:30:13+00:00\" \/>\n<meta name=\"twitter:card\" content=\"summary_large_image\" \/>\n<meta name=\"twitter:label1\" content=\"Dur\u00e9e de lecture estim\u00e9e\" \/>\n\t<meta name=\"twitter:data1\" content=\"2 minutes\" \/>\n<script type=\"application\/ld+json\" class=\"yoast-schema-graph\">{\"@context\":\"https:\\\/\\\/schema.org\",\"@graph\":[{\"@type\":\"WebPage\",\"@id\":\"https:\\\/\\\/www.argonandco.com\\\/fr\\\/expertises\\\/logistique\\\/sortie-de-crise-logistique\\\/\",\"url\":\"https:\\\/\\\/www.argonandco.com\\\/fr\\\/expertises\\\/logistique\\\/sortie-de-crise-logistique\\\/\",\"name\":\"Gestion de crise logistique | Argon & Co\",\"isPartOf\":{\"@id\":\"https:\\\/\\\/www.argonandco.com\\\/fr\\\/#website\"},\"datePublished\":\"2019-11-28T16:42:04+00:00\",\"dateModified\":\"2024-12-16T10:30:13+00:00\",\"description\":\"L'exp\u00e9rience d'Argon & Co permet de mobiliser rapidement les syst\u00e8mes et m\u00e9thodologies ad\u00e9quats pour r\u00e9tablir les performances acceptables dans le cadre d'une gestion de crise logistique.\",\"breadcrumb\":{\"@id\":\"https:\\\/\\\/www.argonandco.com\\\/fr\\\/expertises\\\/logistique\\\/sortie-de-crise-logistique\\\/#breadcrumb\"},\"inLanguage\":\"fr-FR\",\"potentialAction\":[{\"@type\":\"ReadAction\",\"target\":[\"https:\\\/\\\/www.argonandco.com\\\/fr\\\/expertises\\\/logistique\\\/sortie-de-crise-logistique\\\/\"]}]},{\"@type\":\"BreadcrumbList\",\"@id\":\"https:\\\/\\\/www.argonandco.com\\\/fr\\\/expertises\\\/logistique\\\/sortie-de-crise-logistique\\\/#breadcrumb\",\"itemListElement\":[{\"@type\":\"ListItem\",\"position\":1,\"name\":\"Home\",\"item\":\"https:\\\/\\\/www.argonandco.com\\\/fr\\\/\"},{\"@type\":\"ListItem\",\"position\":2,\"name\":\"Expertises\",\"item\":\"https:\\\/\\\/www.argonandco.com\\\/fr\\\/expertises\\\/\"},{\"@type\":\"ListItem\",\"position\":3,\"name\":\"Logistique\",\"item\":\"https:\\\/\\\/www.argonandco.com\\\/fr\\\/expertises\\\/logistique\\\/\"},{\"@type\":\"ListItem\",\"position\":4,\"name\":\"Sortie de crise logistique\"}]},{\"@type\":\"WebSite\",\"@id\":\"https:\\\/\\\/www.argonandco.com\\\/fr\\\/#website\",\"url\":\"https:\\\/\\\/www.argonandco.com\\\/fr\\\/\",\"name\":\"Argon &amp; Co\",\"description\":\"We help clients achieve their strategic and operational objectives, working together to transform their businesses and generate real change.\",\"potentialAction\":[{\"@type\":\"SearchAction\",\"target\":{\"@type\":\"EntryPoint\",\"urlTemplate\":\"https:\\\/\\\/www.argonandco.com\\\/fr\\\/?s={search_term_string}\"},\"query-input\":{\"@type\":\"PropertyValueSpecification\",\"valueRequired\":true,\"valueName\":\"search_term_string\"}}],\"inLanguage\":\"fr-FR\"}]}<\/script>\n<!-- \/ Yoast SEO plugin. -->","yoast_head_json":{"title":"Gestion de crise logistique | Argon & Co","description":"L'exp\u00e9rience d'Argon & Co permet de mobiliser rapidement les syst\u00e8mes et m\u00e9thodologies ad\u00e9quats pour r\u00e9tablir les performances acceptables dans le cadre d'une gestion de crise logistique.","robots":{"index":"index","follow":"follow","max-snippet":"max-snippet:-1","max-image-preview":"max-image-preview:large","max-video-preview":"max-video-preview:-1"},"canonical":"https:\/\/www.argonandco.com\/fr\/expertises\/logistique\/sortie-de-crise-logistique\/","og_locale":"fr_FR","og_type":"article","og_title":"Gestion de crise logistique | Argon & Co","og_description":"L'exp\u00e9rience d'Argon & Co permet de mobiliser rapidement les syst\u00e8mes et m\u00e9thodologies ad\u00e9quats pour r\u00e9tablir les performances acceptables dans le cadre d'une gestion de crise logistique.","og_url":"https:\/\/www.argonandco.com\/fr\/expertises\/logistique\/sortie-de-crise-logistique\/","og_site_name":"Argon &amp; Co","article_modified_time":"2024-12-16T10:30:13+00:00","twitter_card":"summary_large_image","twitter_misc":{"Dur\u00e9e de lecture estim\u00e9e":"2 minutes"},"schema":{"@context":"https:\/\/schema.org","@graph":[{"@type":"WebPage","@id":"https:\/\/www.argonandco.com\/fr\/expertises\/logistique\/sortie-de-crise-logistique\/","url":"https:\/\/www.argonandco.com\/fr\/expertises\/logistique\/sortie-de-crise-logistique\/","name":"Gestion de crise logistique | Argon & Co","isPartOf":{"@id":"https:\/\/www.argonandco.com\/fr\/#website"},"datePublished":"2019-11-28T16:42:04+00:00","dateModified":"2024-12-16T10:30:13+00:00","description":"L'exp\u00e9rience d'Argon & Co permet de mobiliser rapidement les syst\u00e8mes et m\u00e9thodologies ad\u00e9quats pour r\u00e9tablir les performances acceptables dans le cadre d'une gestion de crise logistique.","breadcrumb":{"@id":"https:\/\/www.argonandco.com\/fr\/expertises\/logistique\/sortie-de-crise-logistique\/#breadcrumb"},"inLanguage":"fr-FR","potentialAction":[{"@type":"ReadAction","target":["https:\/\/www.argonandco.com\/fr\/expertises\/logistique\/sortie-de-crise-logistique\/"]}]},{"@type":"BreadcrumbList","@id":"https:\/\/www.argonandco.com\/fr\/expertises\/logistique\/sortie-de-crise-logistique\/#breadcrumb","itemListElement":[{"@type":"ListItem","position":1,"name":"Home","item":"https:\/\/www.argonandco.com\/fr\/"},{"@type":"ListItem","position":2,"name":"Expertises","item":"https:\/\/www.argonandco.com\/fr\/expertises\/"},{"@type":"ListItem","position":3,"name":"Logistique","item":"https:\/\/www.argonandco.com\/fr\/expertises\/logistique\/"},{"@type":"ListItem","position":4,"name":"Sortie de crise logistique"}]},{"@type":"WebSite","@id":"https:\/\/www.argonandco.com\/fr\/#website","url":"https:\/\/www.argonandco.com\/fr\/","name":"Argon &amp; Co","description":"We help clients achieve their strategic and operational objectives, working together to transform their businesses and generate real change.","potentialAction":[{"@type":"SearchAction","target":{"@type":"EntryPoint","urlTemplate":"https:\/\/www.argonandco.com\/fr\/?s={search_term_string}"},"query-input":{"@type":"PropertyValueSpecification","valueRequired":true,"valueName":"search_term_string"}}],"inLanguage":"fr-FR"}]}},"_links":{"self":[{"href":"https:\/\/www.argonandco.com\/fr\/wp-json\/wp\/v2\/pages\/1533","targetHints":{"allow":["GET"]}}],"collection":[{"href":"https:\/\/www.argonandco.com\/fr\/wp-json\/wp\/v2\/pages"}],"about":[{"href":"https:\/\/www.argonandco.com\/fr\/wp-json\/wp\/v2\/types\/page"}],"author":[{"embeddable":true,"href":"https:\/\/www.argonandco.com\/fr\/wp-json\/wp\/v2\/users\/1"}],"replies":[{"embeddable":true,"href":"https:\/\/www.argonandco.com\/fr\/wp-json\/wp\/v2\/comments?post=1533"}],"version-history":[{"count":0,"href":"https:\/\/www.argonandco.com\/fr\/wp-json\/wp\/v2\/pages\/1533\/revisions"}],"up":[{"embeddable":true,"href":"https:\/\/www.argonandco.com\/fr\/wp-json\/wp\/v2\/pages\/1515"}],"wp:attachment":[{"href":"https:\/\/www.argonandco.com\/fr\/wp-json\/wp\/v2\/media?parent=1533"}],"curies":[{"name":"wp","href":"https:\/\/api.w.org\/{rel}","templated":true}]}}