{"id":1522,"date":"2019-11-28T16:37:16","date_gmt":"2019-11-28T16:37:58","guid":{"rendered":"https:\/\/www.argonandco.com\/?page_id=1522"},"modified":"2024-12-16T10:27:01","modified_gmt":"2024-12-16T10:27:01","slug":"cost-to-serve","status":"publish","type":"page","link":"https:\/\/www.argonandco.com\/fr\/expertises\/logistique\/cost-to-serve\/","title":{"rendered":"Cost to serve"},"content":{"rendered":"<h2><b>Contexte et d\u00e9fis<\/b><\/h2>\n<p><span class=\"intro\" style=\"font-weight: 400;\">Un mod\u00e8le \u00ab\u00a0cost to serve\u00a0\u00bb permet de calculer les co\u00fbts du service d\u2019un client, en particulier pour une ligne de produits ou un canal de distribution, afin de les comparer avec les revenus associ\u00e9s. Il permet ainsi de piloter au mieux la rentabilit\u00e9 de l\u2019entreprise.<\/span><\/p>\n<p><span style=\"font-weight: 400;\">En effet, les clients ou les diff\u00e9rents canaux de distribution d\u2019une m\u00eame entreprise peuvent avoir des comportements vari\u00e9s qui impactent significativement le profil de co\u00fbts du service (d\u00e9lai de livraison, taux de service cible, fr\u00e9quence et taille de la commande, exclusivit\u00e9 du produit, visibilit\u00e9 pr\u00e9visionnelle de la demande, niveau d\u2019automatisation des \u00e9changes d\u2019information, profil de pr\u00e9paration\u2026). De la m\u00eame fa\u00e7on, les diverses lignes de produit peuvent avoir des caract\u00e9ristiques diff\u00e9rentes (volume, poids, fragilit\u00e9\u2026) qui contribuent ainsi \u00e0 des structures de co\u00fbts tr\u00e8s diff\u00e9rentes.\u00a0<\/span><\/p>\n<p><span style=\"font-weight: 400;\">Adopter un mod\u00e8le \u00ab\u00a0cost to serve\u00a0\u00bb facilite les prises de d\u00e9cisions strat\u00e9giques. Il permet par exemple d\u2019orienter les efforts commerciaux pour garder ou recruter des clients tr\u00e8s profitables, de repositionner les prix de vente sur les produits ou les services peu profitables et de modifier certains mod\u00e8les de \u00ab\u00a0route-to-market\u00a0\u00bb. La structuration et le d\u00e9ploiement d\u2019un outil \u00ab\u00a0cost to serve\u00a0\u00bb favorisent \u00e9galement des approches collaboratives gagnant-gagnant avec les clients\u00a0afin de modifier les comportements co\u00fbteux et de valoriser les offres de service.\u00a0\u00a0<\/span><\/p>\n<h2><b>Notre approche<\/b><\/h2>\n<p><span style=\"font-weight: 400;\">Argon &amp; Co accompagne les entreprises de la conception \u00e0 la mise en \u0153uvre\u00a0de leur mod\u00e8le \u00ab\u00a0cost to serve\u00a0\u00bb.<\/span><\/p>\n<ul>\n<li style=\"font-weight: 400;\"><span style=\"font-weight: 400;\">Cadrage de l\u2019approche \u00ab\u00a0cost to serve\u00a0\u00bb : d\u00e9finition de la granularit\u00e9 et des niveaux de segmentation (regroupement de clients, de produits\u2026), d\u00e9finition des activit\u00e9s impliqu\u00e9es et des inducteurs de co\u00fbts.<\/span><\/li>\n<li style=\"font-weight: 400;\"><span style=\"font-weight: 400;\">Structuration d\u2019une d\u00e9marche analytique d\u2019allocation et de mod\u00e9lisation de la variabilit\u00e9 des co\u00fbts en fonction d\u2019inducteurs et \u00e9laboration du mod\u00e8le \u00ab\u00a0cost to serve\u00a0\u00bb.<\/span><\/li>\n<li style=\"font-weight: 400;\"><span style=\"font-weight: 400;\">D\u00e9finition de plans d\u2019actions sur le court et le long termes et alignement des acteurs de l\u2019entreprise sur des objectifs partag\u00e9s.<\/span><\/li>\n<li style=\"font-weight: 400;\"><span style=\"font-weight: 400;\">D\u00e9finition de la politique de service et de pricing\u00a0tenant compte de tous ces param\u00e8tres.<\/span><\/li>\n<li style=\"font-weight: 400;\"><span style=\"font-weight: 400;\">Mise en \u0153uvre d\u2019outils (maquettage, industrialisation) pour soutenir l\u2019approche de mani\u00e8re robuste et p\u00e9renne ainsi que la gouvernance associ\u00e9e.<\/span><\/li>\n<\/ul>\n","protected":false},"excerpt":{"rendered":"<p>Contexte et d\u00e9fis Un mod\u00e8le \u00ab\u00a0cost to serve\u00a0\u00bb permet de calculer les co\u00fbts du service d\u2019un client, en particulier pour une ligne de produits ou un canal de distribution, afin de les comparer avec les revenus associ\u00e9s. Il permet ainsi de piloter au mieux la rentabilit\u00e9 de l\u2019entreprise. En effet, les clients ou les diff\u00e9rents [&hellip;]<\/p>\n","protected":false},"author":1,"featured_media":0,"parent":1515,"menu_order":8,"comment_status":"closed","ping_status":"closed","template":"","meta":{"_acf_changed":false,"footnotes":""},"class_list":["post-1522","page","type-page","status-publish","hentry"],"acf":[],"yoast_head":"<!-- This site is optimized with the Yoast SEO plugin v27.3 - https:\/\/yoast.com\/product\/yoast-seo-wordpress\/ -->\n<title>Cost to Serve &amp; Rentabilit\u00e9 Client | Argon &amp; Co<\/title>\n<meta name=\"description\" content=\"Argon &amp; Co assiste ses clients depuis la conception jusqu&#039;\u00e0 la mise en \u0153uvre du mod\u00e8le Cost-to-Serve ainsi que de la rentabilit\u00e9 de l&#039;entreprise.\" \/>\n<meta name=\"robots\" content=\"index, follow, max-snippet:-1, max-image-preview:large, max-video-preview:-1\" \/>\n<link rel=\"canonical\" href=\"https:\/\/www.argonandco.com\/fr\/expertises\/logistique\/cost-to-serve\/\" \/>\n<meta property=\"og:locale\" content=\"fr_FR\" \/>\n<meta property=\"og:type\" content=\"article\" \/>\n<meta property=\"og:title\" content=\"Cost to Serve &amp; Rentabilit\u00e9 Client | Argon &amp; Co\" \/>\n<meta property=\"og:description\" content=\"Argon &amp; Co assiste ses clients depuis la conception jusqu&#039;\u00e0 la mise en \u0153uvre du mod\u00e8le Cost-to-Serve ainsi que de la rentabilit\u00e9 de l&#039;entreprise.\" \/>\n<meta property=\"og:url\" content=\"https:\/\/www.argonandco.com\/fr\/expertises\/logistique\/cost-to-serve\/\" \/>\n<meta property=\"og:site_name\" content=\"Argon &amp; Co\" \/>\n<meta property=\"article:modified_time\" content=\"2024-12-16T10:27:01+00:00\" \/>\n<meta name=\"twitter:card\" content=\"summary_large_image\" \/>\n<meta name=\"twitter:label1\" content=\"Dur\u00e9e de lecture estim\u00e9e\" \/>\n\t<meta name=\"twitter:data1\" content=\"2 minutes\" \/>\n<script type=\"application\/ld+json\" class=\"yoast-schema-graph\">{\"@context\":\"https:\\\/\\\/schema.org\",\"@graph\":[{\"@type\":\"WebPage\",\"@id\":\"https:\\\/\\\/www.argonandco.com\\\/fr\\\/expertises\\\/logistique\\\/cost-to-serve\\\/\",\"url\":\"https:\\\/\\\/www.argonandco.com\\\/fr\\\/expertises\\\/logistique\\\/cost-to-serve\\\/\",\"name\":\"Cost to Serve & Rentabilit\u00e9 Client | Argon & Co\",\"isPartOf\":{\"@id\":\"https:\\\/\\\/www.argonandco.com\\\/fr\\\/#website\"},\"datePublished\":\"2019-11-28T16:37:58+00:00\",\"dateModified\":\"2024-12-16T10:27:01+00:00\",\"description\":\"Argon & Co assiste ses clients depuis la conception jusqu'\u00e0 la mise en \u0153uvre du mod\u00e8le Cost-to-Serve ainsi que de la rentabilit\u00e9 de l'entreprise.\",\"breadcrumb\":{\"@id\":\"https:\\\/\\\/www.argonandco.com\\\/fr\\\/expertises\\\/logistique\\\/cost-to-serve\\\/#breadcrumb\"},\"inLanguage\":\"fr-FR\",\"potentialAction\":[{\"@type\":\"ReadAction\",\"target\":[\"https:\\\/\\\/www.argonandco.com\\\/fr\\\/expertises\\\/logistique\\\/cost-to-serve\\\/\"]}]},{\"@type\":\"BreadcrumbList\",\"@id\":\"https:\\\/\\\/www.argonandco.com\\\/fr\\\/expertises\\\/logistique\\\/cost-to-serve\\\/#breadcrumb\",\"itemListElement\":[{\"@type\":\"ListItem\",\"position\":1,\"name\":\"Home\",\"item\":\"https:\\\/\\\/www.argonandco.com\\\/fr\\\/\"},{\"@type\":\"ListItem\",\"position\":2,\"name\":\"Expertises\",\"item\":\"https:\\\/\\\/www.argonandco.com\\\/fr\\\/expertises\\\/\"},{\"@type\":\"ListItem\",\"position\":3,\"name\":\"Logistique\",\"item\":\"https:\\\/\\\/www.argonandco.com\\\/fr\\\/expertises\\\/logistique\\\/\"},{\"@type\":\"ListItem\",\"position\":4,\"name\":\"Cost to serve\"}]},{\"@type\":\"WebSite\",\"@id\":\"https:\\\/\\\/www.argonandco.com\\\/fr\\\/#website\",\"url\":\"https:\\\/\\\/www.argonandco.com\\\/fr\\\/\",\"name\":\"Argon &amp; Co\",\"description\":\"We help clients achieve their strategic and operational objectives, working together to transform their businesses and generate real change.\",\"potentialAction\":[{\"@type\":\"SearchAction\",\"target\":{\"@type\":\"EntryPoint\",\"urlTemplate\":\"https:\\\/\\\/www.argonandco.com\\\/fr\\\/?s={search_term_string}\"},\"query-input\":{\"@type\":\"PropertyValueSpecification\",\"valueRequired\":true,\"valueName\":\"search_term_string\"}}],\"inLanguage\":\"fr-FR\"}]}<\/script>\n<!-- \/ Yoast SEO plugin. -->","yoast_head_json":{"title":"Cost to Serve & Rentabilit\u00e9 Client | Argon & Co","description":"Argon & Co assiste ses clients depuis la conception jusqu'\u00e0 la mise en \u0153uvre du mod\u00e8le Cost-to-Serve ainsi que de la rentabilit\u00e9 de l'entreprise.","robots":{"index":"index","follow":"follow","max-snippet":"max-snippet:-1","max-image-preview":"max-image-preview:large","max-video-preview":"max-video-preview:-1"},"canonical":"https:\/\/www.argonandco.com\/fr\/expertises\/logistique\/cost-to-serve\/","og_locale":"fr_FR","og_type":"article","og_title":"Cost to Serve & Rentabilit\u00e9 Client | Argon & Co","og_description":"Argon & Co assiste ses clients depuis la conception jusqu'\u00e0 la mise en \u0153uvre du mod\u00e8le Cost-to-Serve ainsi que de la rentabilit\u00e9 de l'entreprise.","og_url":"https:\/\/www.argonandco.com\/fr\/expertises\/logistique\/cost-to-serve\/","og_site_name":"Argon &amp; Co","article_modified_time":"2024-12-16T10:27:01+00:00","twitter_card":"summary_large_image","twitter_misc":{"Dur\u00e9e de lecture estim\u00e9e":"2 minutes"},"schema":{"@context":"https:\/\/schema.org","@graph":[{"@type":"WebPage","@id":"https:\/\/www.argonandco.com\/fr\/expertises\/logistique\/cost-to-serve\/","url":"https:\/\/www.argonandco.com\/fr\/expertises\/logistique\/cost-to-serve\/","name":"Cost to Serve & Rentabilit\u00e9 Client | Argon & Co","isPartOf":{"@id":"https:\/\/www.argonandco.com\/fr\/#website"},"datePublished":"2019-11-28T16:37:58+00:00","dateModified":"2024-12-16T10:27:01+00:00","description":"Argon & Co assiste ses clients depuis la conception jusqu'\u00e0 la mise en \u0153uvre du mod\u00e8le Cost-to-Serve ainsi que de la rentabilit\u00e9 de l'entreprise.","breadcrumb":{"@id":"https:\/\/www.argonandco.com\/fr\/expertises\/logistique\/cost-to-serve\/#breadcrumb"},"inLanguage":"fr-FR","potentialAction":[{"@type":"ReadAction","target":["https:\/\/www.argonandco.com\/fr\/expertises\/logistique\/cost-to-serve\/"]}]},{"@type":"BreadcrumbList","@id":"https:\/\/www.argonandco.com\/fr\/expertises\/logistique\/cost-to-serve\/#breadcrumb","itemListElement":[{"@type":"ListItem","position":1,"name":"Home","item":"https:\/\/www.argonandco.com\/fr\/"},{"@type":"ListItem","position":2,"name":"Expertises","item":"https:\/\/www.argonandco.com\/fr\/expertises\/"},{"@type":"ListItem","position":3,"name":"Logistique","item":"https:\/\/www.argonandco.com\/fr\/expertises\/logistique\/"},{"@type":"ListItem","position":4,"name":"Cost to serve"}]},{"@type":"WebSite","@id":"https:\/\/www.argonandco.com\/fr\/#website","url":"https:\/\/www.argonandco.com\/fr\/","name":"Argon &amp; Co","description":"We help clients achieve their strategic and operational objectives, working together to transform their businesses and generate real change.","potentialAction":[{"@type":"SearchAction","target":{"@type":"EntryPoint","urlTemplate":"https:\/\/www.argonandco.com\/fr\/?s={search_term_string}"},"query-input":{"@type":"PropertyValueSpecification","valueRequired":true,"valueName":"search_term_string"}}],"inLanguage":"fr-FR"}]}},"_links":{"self":[{"href":"https:\/\/www.argonandco.com\/fr\/wp-json\/wp\/v2\/pages\/1522","targetHints":{"allow":["GET"]}}],"collection":[{"href":"https:\/\/www.argonandco.com\/fr\/wp-json\/wp\/v2\/pages"}],"about":[{"href":"https:\/\/www.argonandco.com\/fr\/wp-json\/wp\/v2\/types\/page"}],"author":[{"embeddable":true,"href":"https:\/\/www.argonandco.com\/fr\/wp-json\/wp\/v2\/users\/1"}],"replies":[{"embeddable":true,"href":"https:\/\/www.argonandco.com\/fr\/wp-json\/wp\/v2\/comments?post=1522"}],"version-history":[{"count":0,"href":"https:\/\/www.argonandco.com\/fr\/wp-json\/wp\/v2\/pages\/1522\/revisions"}],"up":[{"embeddable":true,"href":"https:\/\/www.argonandco.com\/fr\/wp-json\/wp\/v2\/pages\/1515"}],"wp:attachment":[{"href":"https:\/\/www.argonandco.com\/fr\/wp-json\/wp\/v2\/media?parent=1522"}],"curies":[{"name":"wp","href":"https:\/\/api.w.org\/{rel}","templated":true}]}}