{"id":1520,"date":"2019-11-28T16:37:16","date_gmt":"2019-11-28T16:37:21","guid":{"rendered":"https:\/\/www.argonandco.com\/?page_id=1520"},"modified":"2024-12-16T10:29:42","modified_gmt":"2024-12-16T10:29:42","slug":"reseau-logistique","status":"publish","type":"page","link":"https:\/\/www.argonandco.com\/fr\/expertises\/logistique\/reseau-logistique\/","title":{"rendered":"R\u00e9seau Logistique"},"content":{"rendered":"<h2><b>Contexte et d\u00e9fis<\/b><\/h2>\n<p><span class=\"intro\" style=\"font-weight: 400;\">Dans un contexte de d\u00e9veloppement de strat\u00e9gies omnicanales et d\u2019accroissement des tensions sur les d\u00e9lais et les stocks, la conception du r\u00e9seau logistique est particuli\u00e8rement strat\u00e9gique. D\u2019autant plus que celui-ci conditionne \u00e0 moyen terme une grande partie de la structure de co\u00fbts logistiques mais aussi de l\u2019offre de service, voire du niveau de stock.<\/span><\/p>\n<p><span style=\"font-weight: 400;\">Afin de s\u2019assurer de la robustesse et de la capacit\u00e9 d\u2019\u00e9volution des dispositifs d\u00e9ploy\u00e9s, il est imp\u00e9ratif de clarifier les hypoth\u00e8ses de croissance et d\u2019anticiper les \u00e9volutions de l\u2019offre et de la politique de service (d\u00e9lai de livraison, r\u00e9partition de valeur entre partenaires, canaux de distribution selon le mix client et produits et benchmark concurrentiel) ainsi que les hypoth\u00e8ses de sourcing \/ footprint industriel avant de repenser et de challenger la pertinence du r\u00e9seau logistique existant.<\/span><\/p>\n<p><span style=\"font-weight: 400;\">L\u2019enjeu consiste ensuite \u00e0 identifier le nombre, l\u2019emplacement et le r\u00f4le de chaque site du r\u00e9seau qui minimise le \u00ab\u00a0<\/span><span style=\"font-weight: 400;\">cost to serve \u00bb <\/span><span style=\"font-weight: 400;\">tout en r\u00e9alisant la politique de service cible. Cet exercice n\u00e9cessite une m\u00e9thodologie structur\u00e9e et collaborative, des outils sp\u00e9cialis\u00e9s d\u2019optimisation int\u00e9grant diff\u00e9rentes donn\u00e9es (d\u00e9lais, tailles, effectifs des co\u00fbts d\u2019entreposage et de transport) ainsi qu\u2019une connaissance fine des inducteurs de co\u00fbts.<\/span><\/p>\n<p><span style=\"font-weight: 400;\">Les contraintes op\u00e9rationnelles (march\u00e9 local du travail, de l\u2019offre transport et de l\u2019immobilier, r\u00e9glementation sociale &amp; fiscale\u2026) doivent \u00e9galement \u00eatre prises en compte dans l\u2019\u00e9valuation optimale de la conception du r\u00e9seau logistique. Les opportunit\u00e9s d\u2019externalisation et de m\u00e9canisation sont aussi \u00e0 analyser.\u00a0\u00a0<\/span><\/p>\n<h2><b>Notre approche<\/b><\/h2>\n<p><span style=\"font-weight: 400;\">Argon &amp; Co accompagne les entreprises dans leurs projets de conception ou d\u2019\u00e9volution de leur r\u00e9seau logistique.\u00a0<\/span><\/p>\n<ul>\n<li style=\"list-style-type: none;\">\n<ul>\n<li style=\"font-weight: 400;\"><span style=\"font-weight: 400;\">D\u00e9finition de la proposition de valeur de l\u2019entreprise (actuelle et prospective) et de la strat\u00e9gie de service vis-\u00e0-vis des clients (voir <\/span><span style=\"font-weight: 400;\">Strat\u00e9gie de service<\/span><span style=\"font-weight: 400;\"> [lien hypertexte]) afin de clarifier les exigences auxquelles doit r\u00e9pondre le r\u00e9seau logistique.<\/span><\/li>\n<li style=\"font-weight: 400;\"><span style=\"font-weight: 400;\">\u00c9valuation de la performance du r\u00e9seau logistique actuel dans une logique \u00ab c<\/span><span style=\"font-weight: 400;\">ost to serve\u00a0\u00bb,<\/span><span style=\"font-weight: 400;\"> en s\u2019appuyant sur notre savoir-faire et nos benchmarks.<\/span><\/li>\n<li style=\"font-weight: 400;\"><span style=\"font-weight: 400;\">Mod\u00e9lisation fine du r\u00e9seau, en s\u00e9lectionnant les outils d\u2019aide \u00e0 la d\u00e9cision les plus adapt\u00e9s aux besoins et en les combinant de mani\u00e8re optimale, de mani\u00e8re \u00e0 \u00e9viter l\u2019effet \u00ab\u00a0bo\u00eete noire\u00a0\u00bb\u00a0: traitement de donn\u00e9es significatives (e.g. dataiku), visualisation et restitution (PowerBI), optimisation de r\u00e9seau sous-contraintes (Llamasoft, X Cargo), mod\u00e9lisation transport et entreposage (outils internes).<\/span><\/li>\n<\/ul>\n<\/li>\n<\/ul>\n<ul>\n<li style=\"list-style-type: none;\">\n<ul>\n<li style=\"font-weight: 400;\"><span style=\"font-weight: 400;\">Recommandation du r\u00e9seau logistique cible en comparant diff\u00e9rents sc\u00e9narios r\u00e9alistes \u00e0 travers une d\u00e9marche structur\u00e9e et \u00e9prouv\u00e9e : approche analytique gr\u00e2ce \u00e0 nos outils de mod\u00e9lisation, pragmatique gr\u00e2ce \u00e0 notre connaissance des march\u00e9s logistiques (sp\u00e9cificit\u00e9s g\u00e9ographiques, offre prestataires, exigences r\u00e9glementaires) et enfin consensuelle par un mode de construction avec nos clients.<\/span><\/li>\n<\/ul>\n<\/li>\n<\/ul>\n<ul>\n<li style=\"list-style-type: none;\">\n<ul>\n<li style=\"font-weight: 400;\"><span style=\"font-weight: 400;\">D\u00e9finition du plan de migration du r\u00e9seau existant vers le r\u00e9seau cible en minimisant les risques et en accompagnant le changement.<\/span><\/li>\n<li style=\"font-weight: 400;\"><span style=\"font-weight: 400;\">Pr\u00e9paration de la conduite d\u2019appels d\u2019offres et assistance \u00e0 la mise en \u0153uvre.<\/span><\/li>\n<\/ul>\n<\/li>\n<\/ul>\n","protected":false},"excerpt":{"rendered":"<p>Contexte et d\u00e9fis Dans un contexte de d\u00e9veloppement de strat\u00e9gies omnicanales et d\u2019accroissement des tensions sur les d\u00e9lais et les stocks, la conception du r\u00e9seau logistique est particuli\u00e8rement strat\u00e9gique. D\u2019autant plus que celui-ci conditionne \u00e0 moyen terme une grande partie de la structure de co\u00fbts logistiques mais aussi de l\u2019offre de service, voire du niveau [&hellip;]<\/p>\n","protected":false},"author":1,"featured_media":0,"parent":1515,"menu_order":7,"comment_status":"closed","ping_status":"closed","template":"","meta":{"_acf_changed":false,"footnotes":""},"class_list":["post-1520","page","type-page","status-publish","hentry"],"acf":[],"yoast_head":"<!-- This site is optimized with the Yoast SEO plugin v27.4 - https:\/\/yoast.com\/product\/yoast-seo-wordpress\/ -->\n<title>Strat\u00e9gie &amp; R\u00e9seau logistique | Argon &amp; Co<\/title>\n<meta name=\"description\" content=\"Argon &amp; Co am\u00e9liore les r\u00e9seaux logistiques de ses clients en d\u00e9finissant la proposition de valeur et la strat\u00e9gie logistique de service, en \u00e9valuant la performance et en d\u00e9finissant un plan de migration.\" \/>\n<meta name=\"robots\" content=\"index, follow, max-snippet:-1, max-image-preview:large, max-video-preview:-1\" \/>\n<link rel=\"canonical\" href=\"https:\/\/www.argonandco.com\/fr\/expertises\/logistique\/reseau-logistique\/\" \/>\n<meta property=\"og:locale\" content=\"fr_FR\" \/>\n<meta property=\"og:type\" content=\"article\" \/>\n<meta property=\"og:title\" content=\"Strat\u00e9gie &amp; R\u00e9seau logistique | Argon &amp; Co\" \/>\n<meta property=\"og:description\" content=\"Argon &amp; Co am\u00e9liore les r\u00e9seaux logistiques de ses clients en d\u00e9finissant la proposition de valeur et la strat\u00e9gie logistique de service, en \u00e9valuant la performance et en d\u00e9finissant un plan de migration.\" \/>\n<meta property=\"og:url\" content=\"https:\/\/www.argonandco.com\/fr\/expertises\/logistique\/reseau-logistique\/\" \/>\n<meta property=\"og:site_name\" content=\"Argon &amp; Co\" \/>\n<meta property=\"article:modified_time\" content=\"2024-12-16T10:29:42+00:00\" \/>\n<meta name=\"twitter:card\" content=\"summary_large_image\" \/>\n<meta name=\"twitter:label1\" content=\"Dur\u00e9e de lecture estim\u00e9e\" \/>\n\t<meta name=\"twitter:data1\" content=\"3 minutes\" \/>\n<script type=\"application\/ld+json\" class=\"yoast-schema-graph\">{\"@context\":\"https:\\\/\\\/schema.org\",\"@graph\":[{\"@type\":\"WebPage\",\"@id\":\"https:\\\/\\\/www.argonandco.com\\\/fr\\\/expertises\\\/logistique\\\/reseau-logistique\\\/\",\"url\":\"https:\\\/\\\/www.argonandco.com\\\/fr\\\/expertises\\\/logistique\\\/reseau-logistique\\\/\",\"name\":\"Strat\u00e9gie & R\u00e9seau logistique | Argon & Co\",\"isPartOf\":{\"@id\":\"https:\\\/\\\/www.argonandco.com\\\/fr\\\/#website\"},\"datePublished\":\"2019-11-28T16:37:21+00:00\",\"dateModified\":\"2024-12-16T10:29:42+00:00\",\"description\":\"Argon & Co am\u00e9liore les r\u00e9seaux logistiques de ses clients en d\u00e9finissant la proposition de valeur et la strat\u00e9gie logistique de service, en \u00e9valuant la performance et en d\u00e9finissant un plan de migration.\",\"breadcrumb\":{\"@id\":\"https:\\\/\\\/www.argonandco.com\\\/fr\\\/expertises\\\/logistique\\\/reseau-logistique\\\/#breadcrumb\"},\"inLanguage\":\"fr-FR\",\"potentialAction\":[{\"@type\":\"ReadAction\",\"target\":[\"https:\\\/\\\/www.argonandco.com\\\/fr\\\/expertises\\\/logistique\\\/reseau-logistique\\\/\"]}]},{\"@type\":\"BreadcrumbList\",\"@id\":\"https:\\\/\\\/www.argonandco.com\\\/fr\\\/expertises\\\/logistique\\\/reseau-logistique\\\/#breadcrumb\",\"itemListElement\":[{\"@type\":\"ListItem\",\"position\":1,\"name\":\"Home\",\"item\":\"https:\\\/\\\/www.argonandco.com\\\/fr\\\/\"},{\"@type\":\"ListItem\",\"position\":2,\"name\":\"Expertises\",\"item\":\"https:\\\/\\\/www.argonandco.com\\\/fr\\\/expertises\\\/\"},{\"@type\":\"ListItem\",\"position\":3,\"name\":\"Logistique\",\"item\":\"https:\\\/\\\/www.argonandco.com\\\/fr\\\/expertises\\\/logistique\\\/\"},{\"@type\":\"ListItem\",\"position\":4,\"name\":\"R\u00e9seau Logistique\"}]},{\"@type\":\"WebSite\",\"@id\":\"https:\\\/\\\/www.argonandco.com\\\/fr\\\/#website\",\"url\":\"https:\\\/\\\/www.argonandco.com\\\/fr\\\/\",\"name\":\"Argon &amp; Co\",\"description\":\"We help clients achieve their strategic and operational objectives, working together to transform their businesses and generate real change.\",\"potentialAction\":[{\"@type\":\"SearchAction\",\"target\":{\"@type\":\"EntryPoint\",\"urlTemplate\":\"https:\\\/\\\/www.argonandco.com\\\/fr\\\/?s={search_term_string}\"},\"query-input\":{\"@type\":\"PropertyValueSpecification\",\"valueRequired\":true,\"valueName\":\"search_term_string\"}}],\"inLanguage\":\"fr-FR\"}]}<\/script>\n<!-- \/ Yoast SEO plugin. -->","yoast_head_json":{"title":"Strat\u00e9gie & R\u00e9seau logistique | Argon & Co","description":"Argon & Co am\u00e9liore les r\u00e9seaux logistiques de ses clients en d\u00e9finissant la proposition de valeur et la strat\u00e9gie logistique de service, en \u00e9valuant la performance et en d\u00e9finissant un plan de migration.","robots":{"index":"index","follow":"follow","max-snippet":"max-snippet:-1","max-image-preview":"max-image-preview:large","max-video-preview":"max-video-preview:-1"},"canonical":"https:\/\/www.argonandco.com\/fr\/expertises\/logistique\/reseau-logistique\/","og_locale":"fr_FR","og_type":"article","og_title":"Strat\u00e9gie & R\u00e9seau logistique | Argon & Co","og_description":"Argon & Co am\u00e9liore les r\u00e9seaux logistiques de ses clients en d\u00e9finissant la proposition de valeur et la strat\u00e9gie logistique de service, en \u00e9valuant la performance et en d\u00e9finissant un plan de migration.","og_url":"https:\/\/www.argonandco.com\/fr\/expertises\/logistique\/reseau-logistique\/","og_site_name":"Argon &amp; Co","article_modified_time":"2024-12-16T10:29:42+00:00","twitter_card":"summary_large_image","twitter_misc":{"Dur\u00e9e de lecture estim\u00e9e":"3 minutes"},"schema":{"@context":"https:\/\/schema.org","@graph":[{"@type":"WebPage","@id":"https:\/\/www.argonandco.com\/fr\/expertises\/logistique\/reseau-logistique\/","url":"https:\/\/www.argonandco.com\/fr\/expertises\/logistique\/reseau-logistique\/","name":"Strat\u00e9gie & R\u00e9seau logistique | Argon & Co","isPartOf":{"@id":"https:\/\/www.argonandco.com\/fr\/#website"},"datePublished":"2019-11-28T16:37:21+00:00","dateModified":"2024-12-16T10:29:42+00:00","description":"Argon & Co am\u00e9liore les r\u00e9seaux logistiques de ses clients en d\u00e9finissant la proposition de valeur et la strat\u00e9gie logistique de service, en \u00e9valuant la performance et en d\u00e9finissant un plan de migration.","breadcrumb":{"@id":"https:\/\/www.argonandco.com\/fr\/expertises\/logistique\/reseau-logistique\/#breadcrumb"},"inLanguage":"fr-FR","potentialAction":[{"@type":"ReadAction","target":["https:\/\/www.argonandco.com\/fr\/expertises\/logistique\/reseau-logistique\/"]}]},{"@type":"BreadcrumbList","@id":"https:\/\/www.argonandco.com\/fr\/expertises\/logistique\/reseau-logistique\/#breadcrumb","itemListElement":[{"@type":"ListItem","position":1,"name":"Home","item":"https:\/\/www.argonandco.com\/fr\/"},{"@type":"ListItem","position":2,"name":"Expertises","item":"https:\/\/www.argonandco.com\/fr\/expertises\/"},{"@type":"ListItem","position":3,"name":"Logistique","item":"https:\/\/www.argonandco.com\/fr\/expertises\/logistique\/"},{"@type":"ListItem","position":4,"name":"R\u00e9seau Logistique"}]},{"@type":"WebSite","@id":"https:\/\/www.argonandco.com\/fr\/#website","url":"https:\/\/www.argonandco.com\/fr\/","name":"Argon &amp; Co","description":"We help clients achieve their strategic and operational objectives, working together to transform their businesses and generate real change.","potentialAction":[{"@type":"SearchAction","target":{"@type":"EntryPoint","urlTemplate":"https:\/\/www.argonandco.com\/fr\/?s={search_term_string}"},"query-input":{"@type":"PropertyValueSpecification","valueRequired":true,"valueName":"search_term_string"}}],"inLanguage":"fr-FR"}]}},"_links":{"self":[{"href":"https:\/\/www.argonandco.com\/fr\/wp-json\/wp\/v2\/pages\/1520","targetHints":{"allow":["GET"]}}],"collection":[{"href":"https:\/\/www.argonandco.com\/fr\/wp-json\/wp\/v2\/pages"}],"about":[{"href":"https:\/\/www.argonandco.com\/fr\/wp-json\/wp\/v2\/types\/page"}],"author":[{"embeddable":true,"href":"https:\/\/www.argonandco.com\/fr\/wp-json\/wp\/v2\/users\/1"}],"replies":[{"embeddable":true,"href":"https:\/\/www.argonandco.com\/fr\/wp-json\/wp\/v2\/comments?post=1520"}],"version-history":[{"count":0,"href":"https:\/\/www.argonandco.com\/fr\/wp-json\/wp\/v2\/pages\/1520\/revisions"}],"up":[{"embeddable":true,"href":"https:\/\/www.argonandco.com\/fr\/wp-json\/wp\/v2\/pages\/1515"}],"wp:attachment":[{"href":"https:\/\/www.argonandco.com\/fr\/wp-json\/wp\/v2\/media?parent=1520"}],"curies":[{"name":"wp","href":"https:\/\/api.w.org\/{rel}","templated":true}]}}