{"id":1517,"date":"2019-11-28T16:36:16","date_gmt":"2019-11-28T16:36:13","guid":{"rendered":"https:\/\/www.argonandco.com\/?page_id=1517"},"modified":"2024-12-16T10:30:45","modified_gmt":"2024-12-16T10:30:45","slug":"strategie-de-service","status":"publish","type":"page","link":"https:\/\/www.argonandco.com\/fr\/expertises\/logistique\/strategie-de-service\/","title":{"rendered":"Strat\u00e9gie de service"},"content":{"rendered":"<h2><b>Contexte et d\u00e9fis<\/b><\/h2>\n<p><span class=\"intro\" style=\"font-weight: 400;\">Dans un contexte de hausse du niveau d\u2019attentes de service de la part des clients, repenser sa strat\u00e9gie de service repr\u00e9sente pour une entreprise un levier-cl\u00e9 de conqu\u00eate de parts de march\u00e9 et de ma\u00eetrise de rentabilit\u00e9. Celui-ci est cependant souvent insuffisamment exploit\u00e9 en raison de la difficult\u00e9 d\u2019alignement du commerce et des op\u00e9rations sur une vision cible soutenant les ambitions strat\u00e9giques de la direction g\u00e9n\u00e9rale.<\/span><\/p>\n<p><span style=\"font-weight: 400;\">Les entreprises font g\u00e9n\u00e9ralement face \u00e0 trois d\u00e9fis en mati\u00e8re de strat\u00e9gie de service.<\/span><\/p>\n<ol>\n<li style=\"font-weight: 400;\"><span style=\"font-weight: 400;\">Comment am\u00e9liorer leur position concurrentielle par le service face \u00e0 des clients multiples et h\u00e9t\u00e9rog\u00e8nes dont les besoins de service sont difficiles \u00e0 cerner\u00a0?<\/span><\/li>\n<li style=\"font-weight: 400;\"><span style=\"font-weight: 400;\">Comment augmenter la perception de qualit\u00e9 du service tout en ma\u00eetrisant et en optimisant la structure de co\u00fbts\u00a0et les niveaux de stock ?<\/span><\/li>\n<li style=\"font-weight: 400;\"><span style=\"font-weight: 400;\">Quelle strat\u00e9gie adopter sur le e-commerce\u00a0? Quels sont les risques et opportunit\u00e9s d\u2019un acc\u00e8s direct aux consommateurs\u00a0? Quelles offres de service proposer\u00a0? Quelles sont les opportunit\u00e9s apport\u00e9es par les plateformes d\u2019orchestration multi-entreprises ? Quel r\u00e9seau de partenaires faut-il mettre en place\u00a0? Quel impact sur les op\u00e9rations\u00a0en place ?<\/span><\/li>\n<\/ol>\n<h2><b>Notre approche<\/b><\/h2>\n<p><span style=\"font-weight: 400;\">Argon &amp; Co accompagne les entreprises dans l\u2019\u00e9laboration d\u2019une strat\u00e9gie de service pertinente et efficace \u00e0 toutes les \u00e9tapes de ce type de d\u00e9marche.<\/span><\/p>\n<ul>\n<li style=\"font-weight: 400;\"><span style=\"font-weight: 400;\">Analyse et segmentation des besoins des clients pour \u00e9tablir une vision claire et factuelle de leurs attentes au travers d\u2019enqu\u00eates, de visites, de benchmark et d\u2019une \u00e9valuation de l\u2019impact du service sur leur cha\u00eene de valeur.<\/span><\/li>\n<li style=\"font-weight: 400;\"><span style=\"font-weight: 400;\">Proposition d\u2019offres de service potentielles et \u00e9valuation d\u2019impact sur la performance co\u00fbt\/stock\/service au travers d\u2019une mod\u00e9lisation de bout-en-bout de la supply chain.<\/span><\/li>\n<li style=\"font-weight: 400;\"><span style=\"font-weight: 400;\">Animation et pilotage d\u2019une d\u00e9marche transverse impliquant le top management des directions marketing, commerciale et op\u00e9rations pour b\u00e2tir une strat\u00e9gie de service r\u00e9pondant aux enjeux strat\u00e9giques de l\u2019entreprise.<\/span><\/li>\n<li style=\"font-weight: 400;\"><span style=\"font-weight: 400;\">Alignement des \u00e9quipes sur la vision strat\u00e9gique au travers d\u2019un plan de communication et d\u2019\u00e9v\u00e9nements de mobilisation et d\u2019engagement autour de cette vision.<\/span><\/li>\n<li style=\"font-weight: 400;\"><span style=\"font-weight: 400;\">D\u00e9finition des \u00e9volutions des mod\u00e8les supply chain et du r\u00e9seau de distribution pour permettre une mise en \u0153uvre efficace de la strat\u00e9gie de service.<\/span><\/li>\n<li style=\"font-weight: 400;\"><span style=\"font-weight: 400;\">Structuration et accompagnement de la transformation de l\u2019entreprise pour mettre en \u0153uvre la strat\u00e9gie\u00a0: \u00e9volutions de la gouvernance et des mod\u00e8les d\u2019organisation, conception et mise en place de nouveaux processus de gestion de la demande et de pilotage de la supply chain. <\/span><\/li>\n<\/ul>\n","protected":false},"excerpt":{"rendered":"<p>Contexte et d\u00e9fis Dans un contexte de hausse du niveau d\u2019attentes de service de la part des clients, repenser sa strat\u00e9gie de service repr\u00e9sente pour une entreprise un levier-cl\u00e9 de conqu\u00eate de parts de march\u00e9 et de ma\u00eetrise de rentabilit\u00e9. Celui-ci est cependant souvent insuffisamment exploit\u00e9 en raison de la difficult\u00e9 d\u2019alignement du commerce et [&hellip;]<\/p>\n","protected":false},"author":1,"featured_media":0,"parent":1515,"menu_order":0,"comment_status":"closed","ping_status":"closed","template":"","meta":{"_acf_changed":false,"footnotes":""},"class_list":["post-1517","page","type-page","status-publish","hentry"],"acf":[],"yoast_head":"<!-- This site is optimized with the Yoast SEO plugin v27.4 - https:\/\/yoast.com\/product\/yoast-seo-wordpress\/ -->\n<title>Strat\u00e9gie &amp; Qualit\u00e9 de service Clients | Argon &amp; Co<\/title>\n<meta name=\"description\" content=\"Nous d\u00e9veloppons des strat\u00e9gies de service en analysant et en segmentant les besoins de nos clients, en proposant de nouvelles offres de service et en soutenant la transformation de l&#039;entreprise.\" \/>\n<meta name=\"robots\" content=\"index, follow, max-snippet:-1, max-image-preview:large, max-video-preview:-1\" \/>\n<link rel=\"canonical\" href=\"https:\/\/www.argonandco.com\/fr\/expertises\/logistique\/strategie-de-service\/\" \/>\n<meta property=\"og:locale\" content=\"fr_FR\" \/>\n<meta property=\"og:type\" content=\"article\" \/>\n<meta property=\"og:title\" content=\"Strat\u00e9gie &amp; Qualit\u00e9 de service Clients | Argon &amp; Co\" \/>\n<meta property=\"og:description\" content=\"Nous d\u00e9veloppons des strat\u00e9gies de service en analysant et en segmentant les besoins de nos clients, en proposant de nouvelles offres de service et en soutenant la transformation de l&#039;entreprise.\" \/>\n<meta property=\"og:url\" content=\"https:\/\/www.argonandco.com\/fr\/expertises\/logistique\/strategie-de-service\/\" \/>\n<meta property=\"og:site_name\" content=\"Argon &amp; Co\" \/>\n<meta property=\"article:modified_time\" content=\"2024-12-16T10:30:45+00:00\" \/>\n<meta name=\"twitter:card\" content=\"summary_large_image\" \/>\n<meta name=\"twitter:label1\" content=\"Dur\u00e9e de lecture estim\u00e9e\" \/>\n\t<meta name=\"twitter:data1\" content=\"2 minutes\" \/>\n<script type=\"application\/ld+json\" class=\"yoast-schema-graph\">{\"@context\":\"https:\\\/\\\/schema.org\",\"@graph\":[{\"@type\":\"WebPage\",\"@id\":\"https:\\\/\\\/www.argonandco.com\\\/fr\\\/expertises\\\/logistique\\\/strategie-de-service\\\/\",\"url\":\"https:\\\/\\\/www.argonandco.com\\\/fr\\\/expertises\\\/logistique\\\/strategie-de-service\\\/\",\"name\":\"Strat\u00e9gie & Qualit\u00e9 de service Clients | Argon & Co\",\"isPartOf\":{\"@id\":\"https:\\\/\\\/www.argonandco.com\\\/fr\\\/#website\"},\"datePublished\":\"2019-11-28T16:36:13+00:00\",\"dateModified\":\"2024-12-16T10:30:45+00:00\",\"description\":\"Nous d\u00e9veloppons des strat\u00e9gies de service en analysant et en segmentant les besoins de nos clients, en proposant de nouvelles offres de service et en soutenant la transformation de l'entreprise.\",\"breadcrumb\":{\"@id\":\"https:\\\/\\\/www.argonandco.com\\\/fr\\\/expertises\\\/logistique\\\/strategie-de-service\\\/#breadcrumb\"},\"inLanguage\":\"fr-FR\",\"potentialAction\":[{\"@type\":\"ReadAction\",\"target\":[\"https:\\\/\\\/www.argonandco.com\\\/fr\\\/expertises\\\/logistique\\\/strategie-de-service\\\/\"]}]},{\"@type\":\"BreadcrumbList\",\"@id\":\"https:\\\/\\\/www.argonandco.com\\\/fr\\\/expertises\\\/logistique\\\/strategie-de-service\\\/#breadcrumb\",\"itemListElement\":[{\"@type\":\"ListItem\",\"position\":1,\"name\":\"Home\",\"item\":\"https:\\\/\\\/www.argonandco.com\\\/fr\\\/\"},{\"@type\":\"ListItem\",\"position\":2,\"name\":\"Expertises\",\"item\":\"https:\\\/\\\/www.argonandco.com\\\/fr\\\/expertises\\\/\"},{\"@type\":\"ListItem\",\"position\":3,\"name\":\"Logistique\",\"item\":\"https:\\\/\\\/www.argonandco.com\\\/fr\\\/expertises\\\/logistique\\\/\"},{\"@type\":\"ListItem\",\"position\":4,\"name\":\"Strat\u00e9gie de service\"}]},{\"@type\":\"WebSite\",\"@id\":\"https:\\\/\\\/www.argonandco.com\\\/fr\\\/#website\",\"url\":\"https:\\\/\\\/www.argonandco.com\\\/fr\\\/\",\"name\":\"Argon &amp; Co\",\"description\":\"We help clients achieve their strategic and operational objectives, working together to transform their businesses and generate real change.\",\"potentialAction\":[{\"@type\":\"SearchAction\",\"target\":{\"@type\":\"EntryPoint\",\"urlTemplate\":\"https:\\\/\\\/www.argonandco.com\\\/fr\\\/?s={search_term_string}\"},\"query-input\":{\"@type\":\"PropertyValueSpecification\",\"valueRequired\":true,\"valueName\":\"search_term_string\"}}],\"inLanguage\":\"fr-FR\"}]}<\/script>\n<!-- \/ Yoast SEO plugin. -->","yoast_head_json":{"title":"Strat\u00e9gie & Qualit\u00e9 de service Clients | Argon & Co","description":"Nous d\u00e9veloppons des strat\u00e9gies de service en analysant et en segmentant les besoins de nos clients, en proposant de nouvelles offres de service et en soutenant la transformation de l'entreprise.","robots":{"index":"index","follow":"follow","max-snippet":"max-snippet:-1","max-image-preview":"max-image-preview:large","max-video-preview":"max-video-preview:-1"},"canonical":"https:\/\/www.argonandco.com\/fr\/expertises\/logistique\/strategie-de-service\/","og_locale":"fr_FR","og_type":"article","og_title":"Strat\u00e9gie & Qualit\u00e9 de service Clients | Argon & Co","og_description":"Nous d\u00e9veloppons des strat\u00e9gies de service en analysant et en segmentant les besoins de nos clients, en proposant de nouvelles offres de service et en soutenant la transformation de l'entreprise.","og_url":"https:\/\/www.argonandco.com\/fr\/expertises\/logistique\/strategie-de-service\/","og_site_name":"Argon &amp; Co","article_modified_time":"2024-12-16T10:30:45+00:00","twitter_card":"summary_large_image","twitter_misc":{"Dur\u00e9e de lecture estim\u00e9e":"2 minutes"},"schema":{"@context":"https:\/\/schema.org","@graph":[{"@type":"WebPage","@id":"https:\/\/www.argonandco.com\/fr\/expertises\/logistique\/strategie-de-service\/","url":"https:\/\/www.argonandco.com\/fr\/expertises\/logistique\/strategie-de-service\/","name":"Strat\u00e9gie & Qualit\u00e9 de service Clients | Argon & Co","isPartOf":{"@id":"https:\/\/www.argonandco.com\/fr\/#website"},"datePublished":"2019-11-28T16:36:13+00:00","dateModified":"2024-12-16T10:30:45+00:00","description":"Nous d\u00e9veloppons des strat\u00e9gies de service en analysant et en segmentant les besoins de nos clients, en proposant de nouvelles offres de service et en soutenant la transformation de l'entreprise.","breadcrumb":{"@id":"https:\/\/www.argonandco.com\/fr\/expertises\/logistique\/strategie-de-service\/#breadcrumb"},"inLanguage":"fr-FR","potentialAction":[{"@type":"ReadAction","target":["https:\/\/www.argonandco.com\/fr\/expertises\/logistique\/strategie-de-service\/"]}]},{"@type":"BreadcrumbList","@id":"https:\/\/www.argonandco.com\/fr\/expertises\/logistique\/strategie-de-service\/#breadcrumb","itemListElement":[{"@type":"ListItem","position":1,"name":"Home","item":"https:\/\/www.argonandco.com\/fr\/"},{"@type":"ListItem","position":2,"name":"Expertises","item":"https:\/\/www.argonandco.com\/fr\/expertises\/"},{"@type":"ListItem","position":3,"name":"Logistique","item":"https:\/\/www.argonandco.com\/fr\/expertises\/logistique\/"},{"@type":"ListItem","position":4,"name":"Strat\u00e9gie de service"}]},{"@type":"WebSite","@id":"https:\/\/www.argonandco.com\/fr\/#website","url":"https:\/\/www.argonandco.com\/fr\/","name":"Argon &amp; Co","description":"We help clients achieve their strategic and operational objectives, working together to transform their businesses and generate real change.","potentialAction":[{"@type":"SearchAction","target":{"@type":"EntryPoint","urlTemplate":"https:\/\/www.argonandco.com\/fr\/?s={search_term_string}"},"query-input":{"@type":"PropertyValueSpecification","valueRequired":true,"valueName":"search_term_string"}}],"inLanguage":"fr-FR"}]}},"_links":{"self":[{"href":"https:\/\/www.argonandco.com\/fr\/wp-json\/wp\/v2\/pages\/1517","targetHints":{"allow":["GET"]}}],"collection":[{"href":"https:\/\/www.argonandco.com\/fr\/wp-json\/wp\/v2\/pages"}],"about":[{"href":"https:\/\/www.argonandco.com\/fr\/wp-json\/wp\/v2\/types\/page"}],"author":[{"embeddable":true,"href":"https:\/\/www.argonandco.com\/fr\/wp-json\/wp\/v2\/users\/1"}],"replies":[{"embeddable":true,"href":"https:\/\/www.argonandco.com\/fr\/wp-json\/wp\/v2\/comments?post=1517"}],"version-history":[{"count":0,"href":"https:\/\/www.argonandco.com\/fr\/wp-json\/wp\/v2\/pages\/1517\/revisions"}],"up":[{"embeddable":true,"href":"https:\/\/www.argonandco.com\/fr\/wp-json\/wp\/v2\/pages\/1515"}],"wp:attachment":[{"href":"https:\/\/www.argonandco.com\/fr\/wp-json\/wp\/v2\/media?parent=1517"}],"curies":[{"name":"wp","href":"https:\/\/api.w.org\/{rel}","templated":true}]}}