{"id":1515,"date":"2019-11-28T16:35:16","date_gmt":"2019-11-28T16:35:29","guid":{"rendered":"https:\/\/www.argonandco.com\/?page_id=1515"},"modified":"2024-12-16T10:48:56","modified_gmt":"2024-12-16T10:48:56","slug":"logistique","status":"publish","type":"page","link":"https:\/\/www.argonandco.com\/fr\/expertises\/logistique\/","title":{"rendered":"Logistique"},"content":{"rendered":"<h2>Le conseil en logistique pour atteindre l\u2019excellence op\u00e9rationnelle<\/h2>\n<p>L\u2019excellence op\u00e9rationnelle dans la logistique est aujourd\u2019hui la norme. Elle se caract\u00e9rise par :<\/p>\n<ul>\n<li>des d\u00e9lais de livraison de plus en plus courts,<\/li>\n<li>une attente z\u00e9ro d\u00e9faut en mati\u00e8re de qualit\u00e9 d\u2019ex\u00e9cution<\/li>\n<li>une optimisation des co\u00fbts maximale.<\/li>\n<\/ul>\n<p>Ces trois exigences s\u2019inscrivent par ailleurs dans un environnement contraignant en raison des pr\u00e9occupations environnementales, sociales (p\u00e9nibilit\u00e9) et r\u00e9glementaires qui sont autant d\u2019\u00e9l\u00e9ments logistiques structurels \u00e0 prendre en compte.<\/p>\n<p>Dans ce contexte, notre cabinet de conseil en logistique offre aux services concern\u00e9s des solutions concr\u00e8tes pour se r\u00e9inventer afin de garantir la promesse de service au meilleur co\u00fbt et de contribuer ainsi \u00e0 la comp\u00e9titivit\u00e9 des entreprises.<\/p>\n<h2>Le conseil en logistique\u00a0: un accompagnement \u00e0 2 niveaux<\/h2>\n<p>Sur le plan strat\u00e9gique, l\u2019excellence op\u00e9rationnelle logistique passe par<\/p>\n<ul>\n<li>La refonte r\u00e9guli\u00e8re et continue de la strat\u00e9gie de service vis-\u00e0-vis des clients (internes\/externes)\u00a0;<\/li>\n<li>L\u2019optimisation des r\u00e9seaux de distribution pour minimiser le cost-to-serve.<\/li>\n<\/ul>\n<p>Sur le plan op\u00e9rationnel, l\u2019optimisation des op\u00e9rations de stockage et de transport se traduit par\u00a0:<\/p>\n<ul>\n<li>Une r\u00e9flexion sur l\u2019automatisation et la m\u00e9canisation des entrep\u00f4ts afin d\u2019alimenter une strat\u00e9gie logistique,<\/li>\n<li>L\u2019optimisation des processus d\u2019ex\u00e9cution.<\/li>\n<\/ul>\n<p>L\u2019utilisation des nouvelles technologies digitales (IoT, Big Data ou RPA &#8211; Robotic Process Automation, robots) offre une mani\u00e8re innovante\u00a0:<\/p>\n<ul>\n<li>De challenger les sch\u00e9mas \u00e9tablis,<\/li>\n<li>De mieux planifier les ressources,<\/li>\n<li>D \u2019industrialiser les pratiques logistiques,<\/li>\n<li>D\u2019acc\u00e9l\u00e9rer le changement et d\u2019optimiser sa gestion logistique<\/li>\n<li>D\u2019effectuer un gain de performance aussi bien en mati\u00e8re de productivit\u00e9 et de qualit\u00e9 que de relation client.<\/li>\n<\/ul>\n<p>Enfin, ces \u00e9volutions doivent s\u2019accompagner d\u2019une analyse de l\u2019organisation logistique afin de faire \u00e9merger de nouveaux m\u00e9tiers et de nouveaux r\u00f4les et de renforcer les comp\u00e9tences et le professionnalisme des \u00e9quipes tout en am\u00e9liorant les conditions de travail.<\/p>\n<h2>Comment relever les d\u00e9fis de la modernisation de la logistique\u00a0?<\/h2>\n<p>Notre \u00e9quipe de consultants en logistique accompagne ses clients dans leurs transformations et leur fournit des r\u00e9sultats tangibles.<\/p>\n<p>Nous analysons en profondeur les probl\u00e8mes pour en identifier la cause en appliquant m\u00e9thode et discernement. Nous combinons exp\u00e9rience op\u00e9rationnelle et expertise technique et sectorielle pour aider nos clients \u00e0 r\u00e9soudre les probl\u00e8mes de gestion logistique.<\/p>\n<p>Notre approche r\u00e9solument collaborative garantit l&rsquo;adh\u00e9sion \u00e0 tous les niveaux de l&rsquo;entreprise de nos clients pour un r\u00e9sultat p\u00e9renne. Pour en savoir plus sur nous, <a href=\"https:\/\/www.argonandco.com\/fr\/a-propos\/\">cliquez ici<\/a>.<\/p>\n<p>Consultez la barre de navigation en haut de page pour plus de d\u00e9tails sur une s\u00e9lection de d\u00e9fis de la logistique sur lesquels notre cabinet de conseil travaille r\u00e9guli\u00e8rement.<\/p>\n","protected":false},"excerpt":{"rendered":"<p>Le conseil en logistique pour atteindre l\u2019excellence op\u00e9rationnelle L\u2019excellence op\u00e9rationnelle dans la logistique est aujourd\u2019hui la norme. Elle se caract\u00e9rise par : des d\u00e9lais de livraison de plus en plus courts, une attente z\u00e9ro d\u00e9faut en mati\u00e8re de qualit\u00e9 d\u2019ex\u00e9cution une optimisation des co\u00fbts maximale. Ces trois exigences s\u2019inscrivent par ailleurs dans un environnement contraignant [&hellip;]<\/p>\n","protected":false},"author":1,"featured_media":0,"parent":1372,"menu_order":12,"comment_status":"closed","ping_status":"closed","template":"","meta":{"_acf_changed":false,"footnotes":""},"class_list":["post-1515","page","type-page","status-publish","hentry"],"acf":[],"yoast_head":"<!-- This site is optimized with the Yoast SEO plugin v27.4 - https:\/\/yoast.com\/product\/yoast-seo-wordpress\/ -->\n<title>Conseil En Logistique | Cabinet De Conseil | Argon &amp; Co<\/title>\n<meta name=\"description\" content=\"Argon &amp; Co optimise l&#039;excellence op\u00e9rationnelle de ses clients en logistique, strat\u00e9gie de service, entrep\u00f4ts et transport.\" \/>\n<meta name=\"robots\" content=\"index, follow, max-snippet:-1, max-image-preview:large, max-video-preview:-1\" \/>\n<link rel=\"canonical\" href=\"https:\/\/www.argonandco.com\/fr\/expertises\/logistique\/\" \/>\n<meta property=\"og:locale\" content=\"fr_FR\" \/>\n<meta property=\"og:type\" content=\"article\" \/>\n<meta property=\"og:title\" content=\"Conseil En Logistique | Cabinet De Conseil | Argon &amp; Co\" \/>\n<meta property=\"og:description\" content=\"Argon &amp; Co optimise l&#039;excellence op\u00e9rationnelle de ses clients en logistique, strat\u00e9gie de service, entrep\u00f4ts et transport.\" \/>\n<meta property=\"og:url\" content=\"https:\/\/www.argonandco.com\/fr\/expertises\/logistique\/\" \/>\n<meta property=\"og:site_name\" content=\"Argon &amp; Co\" \/>\n<meta property=\"article:modified_time\" content=\"2024-12-16T10:48:56+00:00\" \/>\n<meta name=\"twitter:card\" content=\"summary_large_image\" \/>\n<meta name=\"twitter:label1\" content=\"Dur\u00e9e de lecture estim\u00e9e\" \/>\n\t<meta name=\"twitter:data1\" content=\"2 minutes\" \/>\n<script type=\"application\/ld+json\" class=\"yoast-schema-graph\">{\"@context\":\"https:\\\/\\\/schema.org\",\"@graph\":[{\"@type\":\"WebPage\",\"@id\":\"https:\\\/\\\/www.argonandco.com\\\/fr\\\/expertises\\\/logistique\\\/\",\"url\":\"https:\\\/\\\/www.argonandco.com\\\/fr\\\/expertises\\\/logistique\\\/\",\"name\":\"Conseil En Logistique | Cabinet De Conseil | Argon & Co\",\"isPartOf\":{\"@id\":\"https:\\\/\\\/www.argonandco.com\\\/fr\\\/#website\"},\"datePublished\":\"2019-11-28T16:35:29+00:00\",\"dateModified\":\"2024-12-16T10:48:56+00:00\",\"description\":\"Argon & Co optimise l'excellence op\u00e9rationnelle de ses clients en logistique, strat\u00e9gie de service, entrep\u00f4ts et transport.\",\"breadcrumb\":{\"@id\":\"https:\\\/\\\/www.argonandco.com\\\/fr\\\/expertises\\\/logistique\\\/#breadcrumb\"},\"inLanguage\":\"fr-FR\",\"potentialAction\":[{\"@type\":\"ReadAction\",\"target\":[\"https:\\\/\\\/www.argonandco.com\\\/fr\\\/expertises\\\/logistique\\\/\"]}]},{\"@type\":\"BreadcrumbList\",\"@id\":\"https:\\\/\\\/www.argonandco.com\\\/fr\\\/expertises\\\/logistique\\\/#breadcrumb\",\"itemListElement\":[{\"@type\":\"ListItem\",\"position\":1,\"name\":\"Home\",\"item\":\"https:\\\/\\\/www.argonandco.com\\\/fr\\\/\"},{\"@type\":\"ListItem\",\"position\":2,\"name\":\"Expertises\",\"item\":\"https:\\\/\\\/www.argonandco.com\\\/fr\\\/expertises\\\/\"},{\"@type\":\"ListItem\",\"position\":3,\"name\":\"Logistique\"}]},{\"@type\":\"WebSite\",\"@id\":\"https:\\\/\\\/www.argonandco.com\\\/fr\\\/#website\",\"url\":\"https:\\\/\\\/www.argonandco.com\\\/fr\\\/\",\"name\":\"Argon &amp; Co\",\"description\":\"We help clients achieve their strategic and operational objectives, working together to transform their businesses and generate real change.\",\"potentialAction\":[{\"@type\":\"SearchAction\",\"target\":{\"@type\":\"EntryPoint\",\"urlTemplate\":\"https:\\\/\\\/www.argonandco.com\\\/fr\\\/?s={search_term_string}\"},\"query-input\":{\"@type\":\"PropertyValueSpecification\",\"valueRequired\":true,\"valueName\":\"search_term_string\"}}],\"inLanguage\":\"fr-FR\"}]}<\/script>\n<!-- \/ Yoast SEO plugin. -->","yoast_head_json":{"title":"Conseil En Logistique | Cabinet De Conseil | Argon & Co","description":"Argon & Co optimise l'excellence op\u00e9rationnelle de ses clients en logistique, strat\u00e9gie de service, entrep\u00f4ts et transport.","robots":{"index":"index","follow":"follow","max-snippet":"max-snippet:-1","max-image-preview":"max-image-preview:large","max-video-preview":"max-video-preview:-1"},"canonical":"https:\/\/www.argonandco.com\/fr\/expertises\/logistique\/","og_locale":"fr_FR","og_type":"article","og_title":"Conseil En Logistique | Cabinet De Conseil | Argon & Co","og_description":"Argon & Co optimise l'excellence op\u00e9rationnelle de ses clients en logistique, strat\u00e9gie de service, entrep\u00f4ts et transport.","og_url":"https:\/\/www.argonandco.com\/fr\/expertises\/logistique\/","og_site_name":"Argon &amp; Co","article_modified_time":"2024-12-16T10:48:56+00:00","twitter_card":"summary_large_image","twitter_misc":{"Dur\u00e9e de lecture estim\u00e9e":"2 minutes"},"schema":{"@context":"https:\/\/schema.org","@graph":[{"@type":"WebPage","@id":"https:\/\/www.argonandco.com\/fr\/expertises\/logistique\/","url":"https:\/\/www.argonandco.com\/fr\/expertises\/logistique\/","name":"Conseil En Logistique | Cabinet De Conseil | Argon & Co","isPartOf":{"@id":"https:\/\/www.argonandco.com\/fr\/#website"},"datePublished":"2019-11-28T16:35:29+00:00","dateModified":"2024-12-16T10:48:56+00:00","description":"Argon & Co optimise l'excellence op\u00e9rationnelle de ses clients en logistique, strat\u00e9gie de service, entrep\u00f4ts et transport.","breadcrumb":{"@id":"https:\/\/www.argonandco.com\/fr\/expertises\/logistique\/#breadcrumb"},"inLanguage":"fr-FR","potentialAction":[{"@type":"ReadAction","target":["https:\/\/www.argonandco.com\/fr\/expertises\/logistique\/"]}]},{"@type":"BreadcrumbList","@id":"https:\/\/www.argonandco.com\/fr\/expertises\/logistique\/#breadcrumb","itemListElement":[{"@type":"ListItem","position":1,"name":"Home","item":"https:\/\/www.argonandco.com\/fr\/"},{"@type":"ListItem","position":2,"name":"Expertises","item":"https:\/\/www.argonandco.com\/fr\/expertises\/"},{"@type":"ListItem","position":3,"name":"Logistique"}]},{"@type":"WebSite","@id":"https:\/\/www.argonandco.com\/fr\/#website","url":"https:\/\/www.argonandco.com\/fr\/","name":"Argon &amp; Co","description":"We help clients achieve their strategic and operational objectives, working together to transform their businesses and generate real change.","potentialAction":[{"@type":"SearchAction","target":{"@type":"EntryPoint","urlTemplate":"https:\/\/www.argonandco.com\/fr\/?s={search_term_string}"},"query-input":{"@type":"PropertyValueSpecification","valueRequired":true,"valueName":"search_term_string"}}],"inLanguage":"fr-FR"}]}},"_links":{"self":[{"href":"https:\/\/www.argonandco.com\/fr\/wp-json\/wp\/v2\/pages\/1515","targetHints":{"allow":["GET"]}}],"collection":[{"href":"https:\/\/www.argonandco.com\/fr\/wp-json\/wp\/v2\/pages"}],"about":[{"href":"https:\/\/www.argonandco.com\/fr\/wp-json\/wp\/v2\/types\/page"}],"author":[{"embeddable":true,"href":"https:\/\/www.argonandco.com\/fr\/wp-json\/wp\/v2\/users\/1"}],"replies":[{"embeddable":true,"href":"https:\/\/www.argonandco.com\/fr\/wp-json\/wp\/v2\/comments?post=1515"}],"version-history":[{"count":0,"href":"https:\/\/www.argonandco.com\/fr\/wp-json\/wp\/v2\/pages\/1515\/revisions"}],"up":[{"embeddable":true,"href":"https:\/\/www.argonandco.com\/fr\/wp-json\/wp\/v2\/pages\/1372"}],"wp:attachment":[{"href":"https:\/\/www.argonandco.com\/fr\/wp-json\/wp\/v2\/media?parent=1515"}],"curies":[{"name":"wp","href":"https:\/\/api.w.org\/{rel}","templated":true}]}}