{"id":1499,"date":"2019-11-28T16:27:16","date_gmt":"2019-11-28T16:27:02","guid":{"rendered":"https:\/\/www.argonandco.com\/?page_id=1499"},"modified":"2024-12-16T09:16:29","modified_gmt":"2024-12-16T09:16:29","slug":"advanced-analytics","status":"publish","type":"page","link":"https:\/\/www.argonandco.com\/fr\/expertises\/digital-it\/advanced-analytics\/","title":{"rendered":"Advanced analytics"},"content":{"rendered":"<h2><b>Contextes et d\u00e9fis<\/b><\/h2>\n<p><span class=\"intro\" style=\"font-weight: 400;\">L\u2019intelligence artificielle (IA) n\u2019est plus un mot \u00e0 la mode mais une r\u00e9alit\u00e9 qui trouve \u00e0 s\u2019exprimer dans toutes les dimensions de la vie des entreprises\u00a0<\/span><\/p>\n<p><span style=\"font-weight: 400;\">Les ventes, la supply chain, la finance, les achats et la maintenance g\u00e9n\u00e8rent des volumes gigantesques de donn\u00e9es qui repr\u00e9sentent, \u00e0 l\u2019\u00e9tat brut, une richesse inexploit\u00e9e. Sans l\u2019aide de la date science, les \u00e9quipes peinent \u00e0 en tirer tous les enseignements. Elles ne peuvent pas davantage \u00e9tablir des corr\u00e9lations avec les donn\u00e9es externes, par exemple les pr\u00e9visions m\u00e9t\u00e9orologiques ou les indicateurs macro\u00e9conomiques.\u00a0<\/span><\/p>\n<p><span style=\"font-weight: 400;\">Les cas d\u2019usage ont r\u00e9ussi \u00e0 d\u00e9montrer que l\u2019IA \u00e9tait bel et bien en mesure d\u2019am\u00e9liorer la performance op\u00e9rationnelle des entreprises. En s\u2019appuyant sur le bon dosage d\u2019expertise m\u00e9tier et d\u2019expertise data, il devient possible de concevoir des solutions pragmatiques et facilement d\u00e9ployables.<\/span><\/p>\n<h2><b>Notre approche<\/b><\/h2>\n<p><span style=\"font-weight: 400;\">Faire parler la data suppose d\u2019assembler plusieurs expertises compl\u00e9mentaires\u00a0: data scientists, ing\u00e9nieurs data, analystes, experts en data visualisation\u2026 Associ\u00e9s \u00e0 notre connaissance fine des m\u00e9tiers, ces savoir-faire nous permettent d\u2019accompagner les entreprises de bout en bout dans leurs projets d\u2019IA et de data science. Nous construisons pour elles des mod\u00e8les pr\u00e9dictifs sur-mesure, compl\u00e8tement align\u00e9s avec leurs processus op\u00e9rationnels.<\/span><\/p>\n<p><span style=\"font-weight: 400;\">Ces mod\u00e8les reposent sur des algorithmes en open source dont la mise \u00e0 jour peut \u00eatre r\u00e9alis\u00e9e par les \u00e9quipes data des entreprises ou, le cas \u00e9ch\u00e9ant, par les \u00e9quipes d\u2019Argon\u00a0&amp;\u00a0Co.<\/span><\/p>\n<p><span style=\"font-weight: 400;\">Nous travaillons notamment sur les cas d\u2019usage suivants\u00a0:\u00a0<\/span><\/p>\n<ul>\n<li style=\"list-style-type: none;\">\n<ul>\n<li style=\"font-weight: 400;\"><span style=\"font-weight: 400;\">les pr\u00e9visions de ventes\u00a0;<\/span><\/li>\n<li style=\"font-weight: 400;\"><span style=\"font-weight: 400;\">la pr\u00e9vision d\u2019activit\u00e9 logistique\u00a0;<\/span><\/li>\n<li style=\"font-weight: 400;\"><span style=\"font-weight: 400;\">le merchandising\u00a0et l\u2019optimisation de l\u2019assortiment;\u00a0<\/span><\/li>\n<li style=\"font-weight: 400;\"><span style=\"font-weight: 400;\">la mod\u00e9lisation des co\u00fbts standards et le pilotage de la marge\u00a0;<\/span><\/li>\n<li style=\"font-weight: 400;\"><span style=\"font-weight: 400;\">la pr\u00e9diction des d\u00e9fauts qualit\u00e9s dans les environnements de production et l\u2019optimisation des param\u00e8tres proc\u00e9d\u00e9s\u00a0;\u00a0<\/span><\/li>\n<li style=\"font-weight: 400;\"><span style=\"font-weight: 400;\">le r\u00e9approvisionnement automatis\u00e9 des stocks.<\/span><\/li>\n<\/ul>\n<\/li>\n<\/ul>\n","protected":false},"excerpt":{"rendered":"<p>Contextes et d\u00e9fis L\u2019intelligence artificielle (IA) n\u2019est plus un mot \u00e0 la mode mais une r\u00e9alit\u00e9 qui trouve \u00e0 s\u2019exprimer dans toutes les dimensions de la vie des entreprises\u00a0 Les ventes, la supply chain, la finance, les achats et la maintenance g\u00e9n\u00e8rent des volumes gigantesques de donn\u00e9es qui repr\u00e9sentent, \u00e0 l\u2019\u00e9tat brut, une richesse inexploit\u00e9e. [&hellip;]<\/p>\n","protected":false},"author":1,"featured_media":0,"parent":1494,"menu_order":1,"comment_status":"closed","ping_status":"closed","template":"","meta":{"_acf_changed":false,"footnotes":""},"class_list":["post-1499","page","type-page","status-publish","hentry"],"acf":[],"yoast_head":"<!-- This site is optimized with the Yoast SEO plugin v27.4 - https:\/\/yoast.com\/product\/yoast-seo-wordpress\/ -->\n<title>Advanced analytics | Argon &amp; Co<\/title>\n<meta name=\"description\" content=\"D\u00e9couvrez l&#039;\u00e9quipe de Datascientists d&#039;Argon &amp; Co, experte en Intelligence Artificielle et analyse des donn\u00e9es au service de la performance op\u00e9rationnelle.\" \/>\n<meta name=\"robots\" content=\"index, follow, max-snippet:-1, max-image-preview:large, max-video-preview:-1\" \/>\n<link rel=\"canonical\" href=\"https:\/\/www.argonandco.com\/fr\/expertises\/digital-it\/advanced-analytics\/\" \/>\n<meta property=\"og:locale\" content=\"fr_FR\" \/>\n<meta property=\"og:type\" content=\"article\" \/>\n<meta property=\"og:title\" content=\"Advanced analytics | Argon &amp; Co\" \/>\n<meta property=\"og:description\" content=\"D\u00e9couvrez l&#039;\u00e9quipe de Datascientists d&#039;Argon &amp; Co, experte en Intelligence Artificielle et analyse des donn\u00e9es au service de la performance op\u00e9rationnelle.\" \/>\n<meta property=\"og:url\" content=\"https:\/\/www.argonandco.com\/fr\/expertises\/digital-it\/advanced-analytics\/\" \/>\n<meta property=\"og:site_name\" content=\"Argon &amp; Co\" \/>\n<meta property=\"article:modified_time\" content=\"2024-12-16T09:16:29+00:00\" \/>\n<meta name=\"twitter:card\" content=\"summary_large_image\" \/>\n<meta name=\"twitter:label1\" content=\"Dur\u00e9e de lecture estim\u00e9e\" \/>\n\t<meta name=\"twitter:data1\" content=\"2 minutes\" \/>\n<script type=\"application\/ld+json\" class=\"yoast-schema-graph\">{\"@context\":\"https:\\\/\\\/schema.org\",\"@graph\":[{\"@type\":\"WebPage\",\"@id\":\"https:\\\/\\\/www.argonandco.com\\\/fr\\\/expertises\\\/digital-it\\\/advanced-analytics\\\/\",\"url\":\"https:\\\/\\\/www.argonandco.com\\\/fr\\\/expertises\\\/digital-it\\\/advanced-analytics\\\/\",\"name\":\"Advanced analytics | Argon & Co\",\"isPartOf\":{\"@id\":\"https:\\\/\\\/www.argonandco.com\\\/fr\\\/#website\"},\"datePublished\":\"2019-11-28T16:27:02+00:00\",\"dateModified\":\"2024-12-16T09:16:29+00:00\",\"description\":\"D\u00e9couvrez l'\u00e9quipe de Datascientists d'Argon & Co, experte en Intelligence Artificielle et analyse des donn\u00e9es au service de la performance op\u00e9rationnelle.\",\"breadcrumb\":{\"@id\":\"https:\\\/\\\/www.argonandco.com\\\/fr\\\/expertises\\\/digital-it\\\/advanced-analytics\\\/#breadcrumb\"},\"inLanguage\":\"fr-FR\",\"potentialAction\":[{\"@type\":\"ReadAction\",\"target\":[\"https:\\\/\\\/www.argonandco.com\\\/fr\\\/expertises\\\/digital-it\\\/advanced-analytics\\\/\"]}]},{\"@type\":\"BreadcrumbList\",\"@id\":\"https:\\\/\\\/www.argonandco.com\\\/fr\\\/expertises\\\/digital-it\\\/advanced-analytics\\\/#breadcrumb\",\"itemListElement\":[{\"@type\":\"ListItem\",\"position\":1,\"name\":\"Home\",\"item\":\"https:\\\/\\\/www.argonandco.com\\\/fr\\\/\"},{\"@type\":\"ListItem\",\"position\":2,\"name\":\"Expertises\",\"item\":\"https:\\\/\\\/www.argonandco.com\\\/fr\\\/expertises\\\/\"},{\"@type\":\"ListItem\",\"position\":3,\"name\":\"Digital &#038; IT\",\"item\":\"https:\\\/\\\/www.argonandco.com\\\/fr\\\/expertises\\\/digital-it\\\/\"},{\"@type\":\"ListItem\",\"position\":4,\"name\":\"Advanced analytics\"}]},{\"@type\":\"WebSite\",\"@id\":\"https:\\\/\\\/www.argonandco.com\\\/fr\\\/#website\",\"url\":\"https:\\\/\\\/www.argonandco.com\\\/fr\\\/\",\"name\":\"Argon &amp; Co\",\"description\":\"We help clients achieve their strategic and operational objectives, working together to transform their businesses and generate real change.\",\"potentialAction\":[{\"@type\":\"SearchAction\",\"target\":{\"@type\":\"EntryPoint\",\"urlTemplate\":\"https:\\\/\\\/www.argonandco.com\\\/fr\\\/?s={search_term_string}\"},\"query-input\":{\"@type\":\"PropertyValueSpecification\",\"valueRequired\":true,\"valueName\":\"search_term_string\"}}],\"inLanguage\":\"fr-FR\"}]}<\/script>\n<!-- \/ Yoast SEO plugin. -->","yoast_head_json":{"title":"Advanced analytics | Argon & Co","description":"D\u00e9couvrez l'\u00e9quipe de Datascientists d'Argon & Co, experte en Intelligence Artificielle et analyse des donn\u00e9es au service de la performance op\u00e9rationnelle.","robots":{"index":"index","follow":"follow","max-snippet":"max-snippet:-1","max-image-preview":"max-image-preview:large","max-video-preview":"max-video-preview:-1"},"canonical":"https:\/\/www.argonandco.com\/fr\/expertises\/digital-it\/advanced-analytics\/","og_locale":"fr_FR","og_type":"article","og_title":"Advanced analytics | Argon & Co","og_description":"D\u00e9couvrez l'\u00e9quipe de Datascientists d'Argon & Co, experte en Intelligence Artificielle et analyse des donn\u00e9es au service de la performance op\u00e9rationnelle.","og_url":"https:\/\/www.argonandco.com\/fr\/expertises\/digital-it\/advanced-analytics\/","og_site_name":"Argon &amp; Co","article_modified_time":"2024-12-16T09:16:29+00:00","twitter_card":"summary_large_image","twitter_misc":{"Dur\u00e9e de lecture estim\u00e9e":"2 minutes"},"schema":{"@context":"https:\/\/schema.org","@graph":[{"@type":"WebPage","@id":"https:\/\/www.argonandco.com\/fr\/expertises\/digital-it\/advanced-analytics\/","url":"https:\/\/www.argonandco.com\/fr\/expertises\/digital-it\/advanced-analytics\/","name":"Advanced analytics | Argon & Co","isPartOf":{"@id":"https:\/\/www.argonandco.com\/fr\/#website"},"datePublished":"2019-11-28T16:27:02+00:00","dateModified":"2024-12-16T09:16:29+00:00","description":"D\u00e9couvrez l'\u00e9quipe de Datascientists d'Argon & Co, experte en Intelligence Artificielle et analyse des donn\u00e9es au service de la performance op\u00e9rationnelle.","breadcrumb":{"@id":"https:\/\/www.argonandco.com\/fr\/expertises\/digital-it\/advanced-analytics\/#breadcrumb"},"inLanguage":"fr-FR","potentialAction":[{"@type":"ReadAction","target":["https:\/\/www.argonandco.com\/fr\/expertises\/digital-it\/advanced-analytics\/"]}]},{"@type":"BreadcrumbList","@id":"https:\/\/www.argonandco.com\/fr\/expertises\/digital-it\/advanced-analytics\/#breadcrumb","itemListElement":[{"@type":"ListItem","position":1,"name":"Home","item":"https:\/\/www.argonandco.com\/fr\/"},{"@type":"ListItem","position":2,"name":"Expertises","item":"https:\/\/www.argonandco.com\/fr\/expertises\/"},{"@type":"ListItem","position":3,"name":"Digital &#038; IT","item":"https:\/\/www.argonandco.com\/fr\/expertises\/digital-it\/"},{"@type":"ListItem","position":4,"name":"Advanced analytics"}]},{"@type":"WebSite","@id":"https:\/\/www.argonandco.com\/fr\/#website","url":"https:\/\/www.argonandco.com\/fr\/","name":"Argon &amp; Co","description":"We help clients achieve their strategic and operational objectives, working together to transform their businesses and generate real change.","potentialAction":[{"@type":"SearchAction","target":{"@type":"EntryPoint","urlTemplate":"https:\/\/www.argonandco.com\/fr\/?s={search_term_string}"},"query-input":{"@type":"PropertyValueSpecification","valueRequired":true,"valueName":"search_term_string"}}],"inLanguage":"fr-FR"}]}},"_links":{"self":[{"href":"https:\/\/www.argonandco.com\/fr\/wp-json\/wp\/v2\/pages\/1499","targetHints":{"allow":["GET"]}}],"collection":[{"href":"https:\/\/www.argonandco.com\/fr\/wp-json\/wp\/v2\/pages"}],"about":[{"href":"https:\/\/www.argonandco.com\/fr\/wp-json\/wp\/v2\/types\/page"}],"author":[{"embeddable":true,"href":"https:\/\/www.argonandco.com\/fr\/wp-json\/wp\/v2\/users\/1"}],"replies":[{"embeddable":true,"href":"https:\/\/www.argonandco.com\/fr\/wp-json\/wp\/v2\/comments?post=1499"}],"version-history":[{"count":0,"href":"https:\/\/www.argonandco.com\/fr\/wp-json\/wp\/v2\/pages\/1499\/revisions"}],"up":[{"embeddable":true,"href":"https:\/\/www.argonandco.com\/fr\/wp-json\/wp\/v2\/pages\/1494"}],"wp:attachment":[{"href":"https:\/\/www.argonandco.com\/fr\/wp-json\/wp\/v2\/media?parent=1499"}],"curies":[{"name":"wp","href":"https:\/\/api.w.org\/{rel}","templated":true}]}}