{"id":1494,"date":"2019-11-28T16:14:16","date_gmt":"2019-11-28T16:14:17","guid":{"rendered":"https:\/\/www.argonandco.com\/?page_id=1494"},"modified":"2024-12-16T10:46:11","modified_gmt":"2024-12-16T10:46:11","slug":"digital-it","status":"publish","type":"page","link":"https:\/\/www.argonandco.com\/fr\/expertises\/digital-it\/","title":{"rendered":"Digital &#038; IT"},"content":{"rendered":"<h2>La transformation digitale, source d\u2019interrogations pour les entreprises<\/h2>\n<p>Alors que les investissements mondiaux dans les nouvelles technologies s\u2019acc\u00e9l\u00e8rent, les industriels au seuil de leur transformation num\u00e9rique partagent souvent les m\u00eames interrogations\u00a0:<\/p>\n<ul>\n<li>Est-ce v\u00e9ritablement le bon moment pour se lancer\u00a0?<\/li>\n<li>Quels b\u00e9n\u00e9fices concrets escompter\u00a0?<\/li>\n<li>Comment mettre en \u0153uvre ces nouvelles technologies\u00a0?<\/li>\n<li>Quid des solutions plus traditionnelles comme les ERP (Entreprise Resource Planning) ou les APS (Advanced System Planning)\u00a0?<\/li>\n<\/ul>\n<p>Pour r\u00e9pondre \u00e0 ces questions, le soutien de nos consultants en transformation digitale peut \u00eatre utile pour une entreprise qui devra imp\u00e9rativement :<\/p>\n<ul>\n<li>Ma\u00eetriser les technologies concern\u00e9es pour en comprendre les tenants et les aboutissants et les tester dans les meilleures conditions\u00a0;<\/li>\n<li>Conna\u00eetre sur le bout des doigts les \u00e9cosyst\u00e8mes digitaux, beaucoup plus complexes que les technologies matures\u00a0;<\/li>\n<li>D\u00e9ployer une d\u00e9marche pragmatique, centr\u00e9e sur des cas d\u2019usage m\u00e9tiers, afin de d\u00e9montrer la faisabilit\u00e9 de sa propre transformation num\u00e9rique et d\u2019en \u00e9valuer les b\u00e9n\u00e9fices.<\/li>\n<\/ul>\n<h2>Optimiser la mise en place des nouvelles technologies<\/h2>\n<p>Notre cabinet de conseil en transformation digitale permet aux entreprises d\u2019exp\u00e9rimenter et d\u2019acc\u00e9l\u00e9rer le d\u00e9ploiement de ces nouvelles technologies.<\/p>\n<p>Celle-ci leur permet\u00a0:<\/p>\n<ul>\n<li>de mettre en \u0153uvre des solutions de Machine Learning afin d\u2019affiner leurs pr\u00e9visions de ventes ou d\u2019activit\u00e9,<\/li>\n<li>de mieux suivre leurs flux complexes gr\u00e2ce \u00e0 l\u2019IoT,<\/li>\n<li>d\u2019automatiser leurs processus m\u00e9tiers,<\/li>\n<li>d\u2019utiliser des outils intelligents de planification\u2026<\/li>\n<\/ul>\n<p>Gr\u00e2ce \u00e0 l&rsquo;\u00e9quipe mixte de Datascientists, data engineers et experts m\u00e9tiers, le cabinet procure un accompagnement sur-mesure en amont et pendant la mise en place de projets hautement technologiques de type :<\/p>\n<ul>\n<li>strat\u00e9gie digitale des op\u00e9rations,<\/li>\n<li>architecture IT,<\/li>\n<li>\u00e9valuation des offres du march\u00e9,<\/li>\n<li>accompagnement pendant la phase de d\u00e9ploiement<\/li>\n<\/ul>\n<p>Cet accompagnement par nos consultants en transformation digitale se fait toujours au service de l\u2019optimisation m\u00e9tier, sans perdre de vue l\u2019exigence de performance.<\/p>\n<h2>Comment relever les d\u00e9fis de la transformation digitale\u00a0?<\/h2>\n<p>Notre \u00e9quipe de consultants en transformation digitale accompagne ses clients dans leurs transformation digitale et leurs projets IT. Il fourni des r\u00e9sultats tangibles et p\u00e9rennes.<\/p>\n<p>Nous analysons en profondeur les probl\u00e8mes pour en identifier la cause en appliquant m\u00e9thode et discernement. Nous combinons exp\u00e9rience op\u00e9rationnelle et expertise technique et sectorielle pour aider nos clients \u00e0 r\u00e9soudre leurs probl\u00e8mes de transformation digitale et \u00e9tablir leur strat\u00e9gie digitale.<\/p>\n<p>Notre approche r\u00e9solument collaborative garantit l&rsquo;adh\u00e9sion \u00e0 tous les niveaux de l&rsquo;entreprise de nos clients pour un r\u00e9sultat p\u00e9renne. Pour en savoir plus sur nous, <a href=\"https:\/\/www.argonandco.com\/fr\/a-propos\/\">cliquez ici<\/a>.<\/p>\n<p>Consultez la barre de navigation en haut de page pour plus de d\u00e9tails sur une s\u00e9lection de d\u00e9fis de la transformation digitale sur lesquels notre cabinet de conseil travaille r\u00e9guli\u00e8rement.<\/p>\n","protected":false},"excerpt":{"rendered":"<p>La transformation digitale, source d\u2019interrogations pour les entreprises Alors que les investissements mondiaux dans les nouvelles technologies s\u2019acc\u00e9l\u00e8rent, les industriels au seuil de leur transformation num\u00e9rique partagent souvent les m\u00eames interrogations\u00a0: Est-ce v\u00e9ritablement le bon moment pour se lancer\u00a0? Quels b\u00e9n\u00e9fices concrets escompter\u00a0? Comment mettre en \u0153uvre ces nouvelles technologies\u00a0? Quid des solutions plus traditionnelles [&hellip;]<\/p>\n","protected":false},"author":1,"featured_media":0,"parent":1372,"menu_order":16,"comment_status":"closed","ping_status":"closed","template":"","meta":{"_acf_changed":false,"footnotes":""},"class_list":["post-1494","page","type-page","status-publish","hentry"],"acf":[],"yoast_head":"<!-- This site is optimized with the Yoast SEO plugin v27.4 - https:\/\/yoast.com\/product\/yoast-seo-wordpress\/ -->\n<title>Conseil En Transformation Digitale &amp; IT | Argon &amp; Co<\/title>\n<meta name=\"description\" content=\"Argon &amp; Co optimise la performance des op\u00e9rations de ses clients en utilisant l&#039;IoT, la RPA, Supply Control Tower, les analytics et le Machine Learning.\" \/>\n<meta name=\"robots\" content=\"index, follow, max-snippet:-1, max-image-preview:large, max-video-preview:-1\" \/>\n<link rel=\"canonical\" href=\"https:\/\/www.argonandco.com\/fr\/expertises\/digital-it\/\" \/>\n<meta property=\"og:locale\" content=\"fr_FR\" \/>\n<meta property=\"og:type\" content=\"article\" \/>\n<meta property=\"og:title\" content=\"Conseil En Transformation Digitale &amp; IT | Argon &amp; Co\" \/>\n<meta property=\"og:description\" content=\"Argon &amp; Co optimise la performance des op\u00e9rations de ses clients en utilisant l&#039;IoT, la RPA, Supply Control Tower, les analytics et le Machine Learning.\" \/>\n<meta property=\"og:url\" content=\"https:\/\/www.argonandco.com\/fr\/expertises\/digital-it\/\" \/>\n<meta property=\"og:site_name\" content=\"Argon &amp; Co\" \/>\n<meta property=\"article:modified_time\" content=\"2024-12-16T10:46:11+00:00\" \/>\n<meta name=\"twitter:card\" content=\"summary_large_image\" \/>\n<meta name=\"twitter:label1\" content=\"Dur\u00e9e de lecture estim\u00e9e\" \/>\n\t<meta name=\"twitter:data1\" content=\"2 minutes\" \/>\n<script type=\"application\/ld+json\" class=\"yoast-schema-graph\">{\"@context\":\"https:\\\/\\\/schema.org\",\"@graph\":[{\"@type\":\"WebPage\",\"@id\":\"https:\\\/\\\/www.argonandco.com\\\/fr\\\/expertises\\\/digital-it\\\/\",\"url\":\"https:\\\/\\\/www.argonandco.com\\\/fr\\\/expertises\\\/digital-it\\\/\",\"name\":\"Conseil En Transformation Digitale & IT | Argon & Co\",\"isPartOf\":{\"@id\":\"https:\\\/\\\/www.argonandco.com\\\/fr\\\/#website\"},\"datePublished\":\"2019-11-28T16:14:17+00:00\",\"dateModified\":\"2024-12-16T10:46:11+00:00\",\"description\":\"Argon & Co optimise la performance des op\u00e9rations de ses clients en utilisant l'IoT, la RPA, Supply Control Tower, les analytics et le Machine Learning.\",\"breadcrumb\":{\"@id\":\"https:\\\/\\\/www.argonandco.com\\\/fr\\\/expertises\\\/digital-it\\\/#breadcrumb\"},\"inLanguage\":\"fr-FR\",\"potentialAction\":[{\"@type\":\"ReadAction\",\"target\":[\"https:\\\/\\\/www.argonandco.com\\\/fr\\\/expertises\\\/digital-it\\\/\"]}]},{\"@type\":\"BreadcrumbList\",\"@id\":\"https:\\\/\\\/www.argonandco.com\\\/fr\\\/expertises\\\/digital-it\\\/#breadcrumb\",\"itemListElement\":[{\"@type\":\"ListItem\",\"position\":1,\"name\":\"Home\",\"item\":\"https:\\\/\\\/www.argonandco.com\\\/fr\\\/\"},{\"@type\":\"ListItem\",\"position\":2,\"name\":\"Expertises\",\"item\":\"https:\\\/\\\/www.argonandco.com\\\/fr\\\/expertises\\\/\"},{\"@type\":\"ListItem\",\"position\":3,\"name\":\"Digital &#038; IT\"}]},{\"@type\":\"WebSite\",\"@id\":\"https:\\\/\\\/www.argonandco.com\\\/fr\\\/#website\",\"url\":\"https:\\\/\\\/www.argonandco.com\\\/fr\\\/\",\"name\":\"Argon &amp; Co\",\"description\":\"We help clients achieve their strategic and operational objectives, working together to transform their businesses and generate real change.\",\"potentialAction\":[{\"@type\":\"SearchAction\",\"target\":{\"@type\":\"EntryPoint\",\"urlTemplate\":\"https:\\\/\\\/www.argonandco.com\\\/fr\\\/?s={search_term_string}\"},\"query-input\":{\"@type\":\"PropertyValueSpecification\",\"valueRequired\":true,\"valueName\":\"search_term_string\"}}],\"inLanguage\":\"fr-FR\"}]}<\/script>\n<!-- \/ Yoast SEO plugin. -->","yoast_head_json":{"title":"Conseil En Transformation Digitale & IT | Argon & Co","description":"Argon & Co optimise la performance des op\u00e9rations de ses clients en utilisant l'IoT, la RPA, Supply Control Tower, les analytics et le Machine Learning.","robots":{"index":"index","follow":"follow","max-snippet":"max-snippet:-1","max-image-preview":"max-image-preview:large","max-video-preview":"max-video-preview:-1"},"canonical":"https:\/\/www.argonandco.com\/fr\/expertises\/digital-it\/","og_locale":"fr_FR","og_type":"article","og_title":"Conseil En Transformation Digitale & IT | Argon & Co","og_description":"Argon & Co optimise la performance des op\u00e9rations de ses clients en utilisant l'IoT, la RPA, Supply Control Tower, les analytics et le Machine Learning.","og_url":"https:\/\/www.argonandco.com\/fr\/expertises\/digital-it\/","og_site_name":"Argon &amp; Co","article_modified_time":"2024-12-16T10:46:11+00:00","twitter_card":"summary_large_image","twitter_misc":{"Dur\u00e9e de lecture estim\u00e9e":"2 minutes"},"schema":{"@context":"https:\/\/schema.org","@graph":[{"@type":"WebPage","@id":"https:\/\/www.argonandco.com\/fr\/expertises\/digital-it\/","url":"https:\/\/www.argonandco.com\/fr\/expertises\/digital-it\/","name":"Conseil En Transformation Digitale & IT | Argon & Co","isPartOf":{"@id":"https:\/\/www.argonandco.com\/fr\/#website"},"datePublished":"2019-11-28T16:14:17+00:00","dateModified":"2024-12-16T10:46:11+00:00","description":"Argon & Co optimise la performance des op\u00e9rations de ses clients en utilisant l'IoT, la RPA, Supply Control Tower, les analytics et le Machine Learning.","breadcrumb":{"@id":"https:\/\/www.argonandco.com\/fr\/expertises\/digital-it\/#breadcrumb"},"inLanguage":"fr-FR","potentialAction":[{"@type":"ReadAction","target":["https:\/\/www.argonandco.com\/fr\/expertises\/digital-it\/"]}]},{"@type":"BreadcrumbList","@id":"https:\/\/www.argonandco.com\/fr\/expertises\/digital-it\/#breadcrumb","itemListElement":[{"@type":"ListItem","position":1,"name":"Home","item":"https:\/\/www.argonandco.com\/fr\/"},{"@type":"ListItem","position":2,"name":"Expertises","item":"https:\/\/www.argonandco.com\/fr\/expertises\/"},{"@type":"ListItem","position":3,"name":"Digital &#038; IT"}]},{"@type":"WebSite","@id":"https:\/\/www.argonandco.com\/fr\/#website","url":"https:\/\/www.argonandco.com\/fr\/","name":"Argon &amp; Co","description":"We help clients achieve their strategic and operational objectives, working together to transform their businesses and generate real change.","potentialAction":[{"@type":"SearchAction","target":{"@type":"EntryPoint","urlTemplate":"https:\/\/www.argonandco.com\/fr\/?s={search_term_string}"},"query-input":{"@type":"PropertyValueSpecification","valueRequired":true,"valueName":"search_term_string"}}],"inLanguage":"fr-FR"}]}},"_links":{"self":[{"href":"https:\/\/www.argonandco.com\/fr\/wp-json\/wp\/v2\/pages\/1494","targetHints":{"allow":["GET"]}}],"collection":[{"href":"https:\/\/www.argonandco.com\/fr\/wp-json\/wp\/v2\/pages"}],"about":[{"href":"https:\/\/www.argonandco.com\/fr\/wp-json\/wp\/v2\/types\/page"}],"author":[{"embeddable":true,"href":"https:\/\/www.argonandco.com\/fr\/wp-json\/wp\/v2\/users\/1"}],"replies":[{"embeddable":true,"href":"https:\/\/www.argonandco.com\/fr\/wp-json\/wp\/v2\/comments?post=1494"}],"version-history":[{"count":0,"href":"https:\/\/www.argonandco.com\/fr\/wp-json\/wp\/v2\/pages\/1494\/revisions"}],"up":[{"embeddable":true,"href":"https:\/\/www.argonandco.com\/fr\/wp-json\/wp\/v2\/pages\/1372"}],"wp:attachment":[{"href":"https:\/\/www.argonandco.com\/fr\/wp-json\/wp\/v2\/media?parent=1494"}],"curies":[{"name":"wp","href":"https:\/\/api.w.org\/{rel}","templated":true}]}}