{"id":1490,"date":"2019-11-28T16:12:16","date_gmt":"2019-11-28T16:12:04","guid":{"rendered":"https:\/\/www.argonandco.com\/?page_id=1490"},"modified":"2022-11-10T16:09:42","modified_gmt":"2022-11-10T16:09:42","slug":"operations-en-point-de-vente","status":"publish","type":"page","link":"https:\/\/www.argonandco.com\/fr\/expertises\/channels-to-market\/operations-en-point-de-vente\/","title":{"rendered":"Op\u00e9rations en Point de vente"},"content":{"rendered":"<h2><b>Contexte et d\u00e9fis\u00a0<\/b><\/h2>\n<p><span class=\"intro\" style=\"font-weight: 400;\">Pour concurrencer les \u00ab\u00a0pure players\u00a0\u00bb du e-commerce, la survie des enseignes \u00ab\u00a0classiques\u00a0\u00bb de retail passe d\u2019une part par une offre de services adapt\u00e9e \u00e0 leur client\u00e8le et d\u2019autre part par la ma\u00eetrise de la rentabilit\u00e9 du canal de distribution retail.\u00a0<\/span><\/p>\n<p><span style=\"font-weight: 400;\">\u00c0 l\u2019heure du digital et de l\u2019omnicanal, les enseignes de distribution font face \u00e0 un d\u00e9fi croissant pour optimiser les op\u00e9rations en point de vente en exploitant au mieux leurs ressources, tout en faisant des points de vente un lieu innovant de l\u2019exp\u00e9rience client.<\/span><\/p>\n<p><span style=\"font-weight: 400;\">Adapter l\u2019organisation et les flux du point de vente aux nouveaux concepts commerciaux (showroom, point de retrait, points services, commande client\u2026) est une \u00e9tape pr\u00e9alable qui doit impliquer les \u00e9quipes \u00ab\u00a0concept\u00a0\u00bb, \u00ab\u00a0offre\u00a0\u00bb, \u00ab\u00a0retail\u00a0\u00bb, \u00ab\u00a0digitale\u00a0\u00bb et \u00ab\u00a0supply chain\u00a0\u00bb.<\/span><\/p>\n<p><span style=\"font-weight: 400;\">Sp\u00e9cialiser ou, au contraire, d\u00e9velopper la polyvalence des \u00e9quipes des points de vente devient cl\u00e9 en fonction de la dimension omnicanale ou de l\u2019atteinte de certains seuils d\u2019activit\u00e9. Il est primordial de pr\u00e9voir la conduite du changement\u00a0associ\u00e9e pour en garantir le succ\u00e8s.<\/span><\/p>\n<p><span style=\"font-weight: 400;\">Planifier les flux et rendre les op\u00e9rations en point de vente plus \u00ab\u00a0lean\u00a0\u00bb est un enjeu majeur pour fluidifier les op\u00e9rations (mises en avant\/promotions, implantations des nouveaut\u00e9s), lisser la charge en point de vente et optimiser les ressources.<\/span><\/p>\n<p><span style=\"font-weight: 400;\">Enfin, la r\u00e9partition optimale des activit\u00e9s op\u00e9rationnelles entre les fournisseurs, la logistique centrale et les points de vente est un facteur cl\u00e9 de comp\u00e9titivit\u00e9, qui doit s\u2019appuyer sur une mod\u00e9lisation pr\u00e9cise et de bout-en-bout des t\u00e2ches et de la productivit\u00e9.<\/span><\/p>\n<h2><b>Notre approche<\/b><\/h2>\n<p><span style=\"font-weight: 400;\">Argon &amp; Co accompagne les retailers dans l\u2019optimisation de leurs op\u00e9rations en point de vente dans plusieurs domaines :<\/span><\/p>\n<ul>\n<li style=\"font-weight: 400;\"><span style=\"font-weight: 400;\">\u00e9tude des enjeux autour de la sp\u00e9cialisation ou de la polyvalence des \u00e9quipes en point de vente, mise en place de l\u2019organisation cible en fonction des caract\u00e9ristiques du r\u00e9seau, de la strat\u00e9gie omnicanale, avec des r\u00f4les et responsabilit\u00e9s clairs et partag\u00e9s\u00a0;<\/span><\/li>\n<li style=\"font-weight: 400;\"><span style=\"font-weight: 400;\">mise en place des bonnes pratiques sur la planification des flux et des stocks en partant des ambitions commerciales, des contraintes de mises sur le march\u00e9 (dates et quantit\u00e9s) et des capacit\u00e9s des points de vente\u00a0;<\/span><\/li>\n<li style=\"font-weight: 400;\"><span style=\"font-weight: 400;\">revue, analyse chiffr\u00e9e (valeur ajout\u00e9e, co\u00fbts) et accompagnement \u00e0 la mise en place de processus facilitant et\/ou optimisant les op\u00e9rations magasins\u00a0: d\u00e9marche \u00ab\u00a0lean retail\u00a0\u00bb, tri et regroupement \u00e0 la pr\u00e9paration de la commande, mise en place de sachets assortis, localisation des activit\u00e9s d\u2019\u00e9tiquetage ou d\u2019antivol, d\u00e9ploiement du syst\u00e8me de radio identification RFID\u2026\u00a0;<\/span><\/li>\n<li style=\"font-weight: 400;\"><span style=\"font-weight: 400;\">analyse et identification des fr\u00e9quences de livraison adapt\u00e9es au r\u00e9seau de points de vente et aux p\u00e9riodes d\u2019activit\u00e9 commerciales s\u2019appuyant sur des business cases\u00a0: risque de stock, risque sur les ventes et impacts sur les co\u00fbts complets de logistique et de transport.<\/span><\/li>\n<\/ul>\n<p>&nbsp;<\/p>\n","protected":false},"excerpt":{"rendered":"<p>Contexte et d\u00e9fis\u00a0 Pour concurrencer les \u00ab\u00a0pure players\u00a0\u00bb du e-commerce, la survie des enseignes \u00ab\u00a0classiques\u00a0\u00bb de retail passe d\u2019une part par une offre de services adapt\u00e9e \u00e0 leur client\u00e8le et d\u2019autre part par la ma\u00eetrise de la rentabilit\u00e9 du canal de distribution retail.\u00a0 \u00c0 l\u2019heure du digital et de l\u2019omnicanal, les enseignes de distribution font [&hellip;]<\/p>\n","protected":false},"author":1,"featured_media":0,"parent":1481,"menu_order":9,"comment_status":"closed","ping_status":"closed","template":"","meta":{"_acf_changed":false,"footnotes":""},"class_list":["post-1490","page","type-page","status-publish","hentry"],"acf":[],"yoast_head":"<!-- This site is optimized with the Yoast SEO plugin v27.4 - https:\/\/yoast.com\/product\/yoast-seo-wordpress\/ -->\n<title>Op\u00e9rations en point de vente | Argon &amp; Co<\/title>\n<meta name=\"description\" content=\"Argon &amp; Co Arg accompagne les retailers dans l\u2019optimisation de leurs op\u00e9rations en point de vente \u00e0 travers la planification commerciale et la gestion des stocks.\" \/>\n<meta name=\"robots\" content=\"index, follow, max-snippet:-1, max-image-preview:large, max-video-preview:-1\" \/>\n<link rel=\"canonical\" href=\"https:\/\/www.argonandco.com\/fr\/expertises\/channels-to-market\/operations-en-point-de-vente\/\" \/>\n<meta property=\"og:locale\" content=\"fr_FR\" \/>\n<meta property=\"og:type\" content=\"article\" \/>\n<meta property=\"og:title\" content=\"Op\u00e9rations en point de vente | Argon &amp; Co\" \/>\n<meta property=\"og:description\" content=\"Argon &amp; Co Arg accompagne les retailers dans l\u2019optimisation de leurs op\u00e9rations en point de vente \u00e0 travers la planification commerciale et la gestion des stocks.\" \/>\n<meta property=\"og:url\" content=\"https:\/\/www.argonandco.com\/fr\/expertises\/channels-to-market\/operations-en-point-de-vente\/\" \/>\n<meta property=\"og:site_name\" content=\"Argon &amp; Co\" \/>\n<meta property=\"article:modified_time\" content=\"2022-11-10T16:09:42+00:00\" \/>\n<meta name=\"twitter:card\" content=\"summary_large_image\" \/>\n<meta name=\"twitter:label1\" content=\"Dur\u00e9e de lecture estim\u00e9e\" \/>\n\t<meta name=\"twitter:data1\" content=\"2 minutes\" \/>\n<script type=\"application\/ld+json\" class=\"yoast-schema-graph\">{\"@context\":\"https:\\\/\\\/schema.org\",\"@graph\":[{\"@type\":\"WebPage\",\"@id\":\"https:\\\/\\\/www.argonandco.com\\\/fr\\\/expertises\\\/channels-to-market\\\/operations-en-point-de-vente\\\/\",\"url\":\"https:\\\/\\\/www.argonandco.com\\\/fr\\\/expertises\\\/channels-to-market\\\/operations-en-point-de-vente\\\/\",\"name\":\"Op\u00e9rations en point de vente | Argon & Co\",\"isPartOf\":{\"@id\":\"https:\\\/\\\/www.argonandco.com\\\/fr\\\/#website\"},\"datePublished\":\"2019-11-28T16:12:04+00:00\",\"dateModified\":\"2022-11-10T16:09:42+00:00\",\"description\":\"Argon & Co Arg accompagne les retailers dans l\u2019optimisation de leurs op\u00e9rations en point de vente \u00e0 travers la planification commerciale et la gestion des stocks.\",\"breadcrumb\":{\"@id\":\"https:\\\/\\\/www.argonandco.com\\\/fr\\\/expertises\\\/channels-to-market\\\/operations-en-point-de-vente\\\/#breadcrumb\"},\"inLanguage\":\"fr-FR\",\"potentialAction\":[{\"@type\":\"ReadAction\",\"target\":[\"https:\\\/\\\/www.argonandco.com\\\/fr\\\/expertises\\\/channels-to-market\\\/operations-en-point-de-vente\\\/\"]}]},{\"@type\":\"BreadcrumbList\",\"@id\":\"https:\\\/\\\/www.argonandco.com\\\/fr\\\/expertises\\\/channels-to-market\\\/operations-en-point-de-vente\\\/#breadcrumb\",\"itemListElement\":[{\"@type\":\"ListItem\",\"position\":1,\"name\":\"Home\",\"item\":\"https:\\\/\\\/www.argonandco.com\\\/fr\\\/\"},{\"@type\":\"ListItem\",\"position\":2,\"name\":\"Expertises\",\"item\":\"https:\\\/\\\/www.argonandco.com\\\/fr\\\/expertises\\\/\"},{\"@type\":\"ListItem\",\"position\":3,\"name\":\"Channels to market\",\"item\":\"https:\\\/\\\/www.argonandco.com\\\/fr\\\/expertises\\\/channels-to-market\\\/\"},{\"@type\":\"ListItem\",\"position\":4,\"name\":\"Op\u00e9rations en Point de vente\"}]},{\"@type\":\"WebSite\",\"@id\":\"https:\\\/\\\/www.argonandco.com\\\/fr\\\/#website\",\"url\":\"https:\\\/\\\/www.argonandco.com\\\/fr\\\/\",\"name\":\"Argon &amp; Co\",\"description\":\"We help clients achieve their strategic and operational objectives, working together to transform their businesses and generate real change.\",\"potentialAction\":[{\"@type\":\"SearchAction\",\"target\":{\"@type\":\"EntryPoint\",\"urlTemplate\":\"https:\\\/\\\/www.argonandco.com\\\/fr\\\/?s={search_term_string}\"},\"query-input\":{\"@type\":\"PropertyValueSpecification\",\"valueRequired\":true,\"valueName\":\"search_term_string\"}}],\"inLanguage\":\"fr-FR\"}]}<\/script>\n<!-- \/ Yoast SEO plugin. -->","yoast_head_json":{"title":"Op\u00e9rations en point de vente | Argon & Co","description":"Argon & Co Arg accompagne les retailers dans l\u2019optimisation de leurs op\u00e9rations en point de vente \u00e0 travers la planification commerciale et la gestion des stocks.","robots":{"index":"index","follow":"follow","max-snippet":"max-snippet:-1","max-image-preview":"max-image-preview:large","max-video-preview":"max-video-preview:-1"},"canonical":"https:\/\/www.argonandco.com\/fr\/expertises\/channels-to-market\/operations-en-point-de-vente\/","og_locale":"fr_FR","og_type":"article","og_title":"Op\u00e9rations en point de vente | Argon & Co","og_description":"Argon & Co Arg accompagne les retailers dans l\u2019optimisation de leurs op\u00e9rations en point de vente \u00e0 travers la planification commerciale et la gestion des stocks.","og_url":"https:\/\/www.argonandco.com\/fr\/expertises\/channels-to-market\/operations-en-point-de-vente\/","og_site_name":"Argon &amp; Co","article_modified_time":"2022-11-10T16:09:42+00:00","twitter_card":"summary_large_image","twitter_misc":{"Dur\u00e9e de lecture estim\u00e9e":"2 minutes"},"schema":{"@context":"https:\/\/schema.org","@graph":[{"@type":"WebPage","@id":"https:\/\/www.argonandco.com\/fr\/expertises\/channels-to-market\/operations-en-point-de-vente\/","url":"https:\/\/www.argonandco.com\/fr\/expertises\/channels-to-market\/operations-en-point-de-vente\/","name":"Op\u00e9rations en point de vente | Argon & Co","isPartOf":{"@id":"https:\/\/www.argonandco.com\/fr\/#website"},"datePublished":"2019-11-28T16:12:04+00:00","dateModified":"2022-11-10T16:09:42+00:00","description":"Argon & Co Arg accompagne les retailers dans l\u2019optimisation de leurs op\u00e9rations en point de vente \u00e0 travers la planification commerciale et la gestion des stocks.","breadcrumb":{"@id":"https:\/\/www.argonandco.com\/fr\/expertises\/channels-to-market\/operations-en-point-de-vente\/#breadcrumb"},"inLanguage":"fr-FR","potentialAction":[{"@type":"ReadAction","target":["https:\/\/www.argonandco.com\/fr\/expertises\/channels-to-market\/operations-en-point-de-vente\/"]}]},{"@type":"BreadcrumbList","@id":"https:\/\/www.argonandco.com\/fr\/expertises\/channels-to-market\/operations-en-point-de-vente\/#breadcrumb","itemListElement":[{"@type":"ListItem","position":1,"name":"Home","item":"https:\/\/www.argonandco.com\/fr\/"},{"@type":"ListItem","position":2,"name":"Expertises","item":"https:\/\/www.argonandco.com\/fr\/expertises\/"},{"@type":"ListItem","position":3,"name":"Channels to market","item":"https:\/\/www.argonandco.com\/fr\/expertises\/channels-to-market\/"},{"@type":"ListItem","position":4,"name":"Op\u00e9rations en Point de vente"}]},{"@type":"WebSite","@id":"https:\/\/www.argonandco.com\/fr\/#website","url":"https:\/\/www.argonandco.com\/fr\/","name":"Argon &amp; Co","description":"We help clients achieve their strategic and operational objectives, working together to transform their businesses and generate real change.","potentialAction":[{"@type":"SearchAction","target":{"@type":"EntryPoint","urlTemplate":"https:\/\/www.argonandco.com\/fr\/?s={search_term_string}"},"query-input":{"@type":"PropertyValueSpecification","valueRequired":true,"valueName":"search_term_string"}}],"inLanguage":"fr-FR"}]}},"_links":{"self":[{"href":"https:\/\/www.argonandco.com\/fr\/wp-json\/wp\/v2\/pages\/1490","targetHints":{"allow":["GET"]}}],"collection":[{"href":"https:\/\/www.argonandco.com\/fr\/wp-json\/wp\/v2\/pages"}],"about":[{"href":"https:\/\/www.argonandco.com\/fr\/wp-json\/wp\/v2\/types\/page"}],"author":[{"embeddable":true,"href":"https:\/\/www.argonandco.com\/fr\/wp-json\/wp\/v2\/users\/1"}],"replies":[{"embeddable":true,"href":"https:\/\/www.argonandco.com\/fr\/wp-json\/wp\/v2\/comments?post=1490"}],"version-history":[{"count":0,"href":"https:\/\/www.argonandco.com\/fr\/wp-json\/wp\/v2\/pages\/1490\/revisions"}],"up":[{"embeddable":true,"href":"https:\/\/www.argonandco.com\/fr\/wp-json\/wp\/v2\/pages\/1481"}],"wp:attachment":[{"href":"https:\/\/www.argonandco.com\/fr\/wp-json\/wp\/v2\/media?parent=1490"}],"curies":[{"name":"wp","href":"https:\/\/api.w.org\/{rel}","templated":true}]}}