{"id":1455,"date":"2019-11-27T16:08:16","date_gmt":"2019-11-27T16:08:08","guid":{"rendered":"https:\/\/www.argonandco.com\/?page_id=1455"},"modified":"2019-12-20T12:44:36","modified_gmt":"2019-12-20T12:44:36","slug":"program-management","status":"publish","type":"page","link":"https:\/\/www.argonandco.com\/fr\/expertises\/transformation-et-conduite-du-changement\/program-management\/","title":{"rendered":"Program management"},"content":{"rendered":"<h2 class=\"zw-paragraph\" data-textformat=\"{&quot;ff&quot;:&quot;Arimo,Arial&quot;,&quot;fw&quot;:&quot;bold&quot;,&quot;fgc&quot;:&quot;rgb(0,0,0)&quot;,&quot;size&quot;:16}\" data-margin-left=\"1.0in\" data-margin-bottom=\"0pt\" data-writer-border-info=\"{&quot;border-between&quot;:{&quot;color&quot;:&quot;rgb(0,0,0)&quot;,&quot;width&quot;:&quot;0.0px&quot;,&quot;type&quot;:&quot;solid&quot;},&quot;border-sides&quot;:[&quot;border-top&quot;,&quot;border-between&quot;,&quot;border-right&quot;,&quot;insideV&quot;,&quot;border-left&quot;,&quot;border-bottom&quot;]}\" data-doc-id=\"971061000000003001\" data-doc-type=\"writer\">Contexte et d\u00e9fis<\/h2>\n<p class=\"zw-paragraph\" data-textformat=\"{&quot;ff&quot;:&quot;Arimo,Arial&quot;,&quot;fgc&quot;:&quot;rgb(0,0,0)&quot;}\" data-margin-left=\"1.0in\" data-margin-bottom=\"0pt\" data-writer-border-info=\"{&quot;border-between&quot;:{&quot;color&quot;:&quot;rgb(0,0,0)&quot;,&quot;width&quot;:&quot;0.0px&quot;,&quot;type&quot;:&quot;solid&quot;},&quot;border-sides&quot;:[&quot;border-top&quot;,&quot;border-between&quot;,&quot;border-right&quot;,&quot;insideV&quot;,&quot;border-left&quot;,&quot;border-bottom&quot;]}\"><span class=\"intro\">De plus en plus souvent, la transformation des entreprises\u00a0n\u00e9cessite un programme de\u00a0changements adaptatif \u00e0 grande \u00e9chelle.\u00a0Il ne s\u2019agit plus de se\u00a0contenter\u00a0de solutions \u2013 souvent techniques \u2013 \u00e0 des probl\u00e8mes \u00e9prouv\u00e9s,\u00a0mais\u00a0d\u2019envisager\u00a0des solutions adaptatives\u00a0de nature \u00e0 r\u00e9pondre \u00e0 des probl\u00e8mes \u00e9mergents auxquels il n\u2019existe pas de solution\u00a0\u00e9tablie.\u00a0En effet, les programmes de transformation\u00a0reposent sur des technologies si compl\u00e8tement nouvelles que les futures conditions de travail\u00a0sont\u00a0inconnues et impr\u00e9visibles.<\/span><\/p>\n<p class=\"zw-paragraph\" data-textformat=\"{&quot;ff&quot;:&quot;Arimo,Arial&quot;,&quot;fgc&quot;:&quot;rgb(0,0,0)&quot;}\" data-margin-left=\"1.0in\" data-margin-bottom=\"0pt\" data-writer-border-info=\"{&quot;border-between&quot;:{&quot;color&quot;:&quot;rgb(0,0,0)&quot;,&quot;width&quot;:&quot;0.0px&quot;,&quot;type&quot;:&quot;solid&quot;},&quot;border-sides&quot;:[&quot;border-top&quot;,&quot;border-between&quot;,&quot;border-right&quot;,&quot;insideV&quot;,&quot;border-left&quot;,&quot;border-bottom&quot;]}\">Le changement adaptatif est incontournable \u00e0 chaque fois que la transformation remet en cause des processus bien install\u00e9s \u2013 qui\u00a0se sont av\u00e9r\u00e9s parfaitement pertinents lors de leur mise en place mais\u00a0qui\u00a0ont perdu de leur efficacit\u00e9 au fur et \u00e0 mesure\u00a0de l\u2019\u00e9volution de l\u2019environnement technologique et \u00e9conomique.\u00a0<span class=\"EOP\">\u00a0<\/span><\/p>\n<p class=\"zw-paragraph\" data-textformat=\"{&quot;ff&quot;:&quot;Arimo,Arial&quot;,&quot;fgc&quot;:&quot;rgb(0,0,0)&quot;}\" data-margin-left=\"1.0in\" data-margin-bottom=\"0pt\" data-writer-border-info=\"{&quot;border-between&quot;:{&quot;color&quot;:&quot;rgb(0,0,0)&quot;,&quot;width&quot;:&quot;0.0px&quot;,&quot;type&quot;:&quot;solid&quot;},&quot;border-sides&quot;:[&quot;border-top&quot;,&quot;border-between&quot;,&quot;border-right&quot;,&quot;insideV&quot;,&quot;border-left&quot;,&quot;border-bottom&quot;]}\">Le changement adaptatif exige\u00a0donc\u00a0une nouvelle approche. Les programmes traditionnels, qui reposent sur\u00a0des changements progressifs dont les effets sont\u00a0per\u00e7us\u00a0par les dirigeants\u00a0comme s\u00fbrs et\u00a0p\u00e9rennes, voient aujourd\u2019hui leur efficacit\u00e9 remise en cause.\u00a0Cette approche ne convient plus d\u00e8s lors que la transformation\u00a0consiste \u00e0 changer de paradigme.\u00a0<span class=\"EOP\">\u00a0<\/span><\/p>\n<p class=\"zw-paragraph\" data-textformat=\"{&quot;ff&quot;:&quot;Arimo,Arial&quot;,&quot;fgc&quot;:&quot;rgb(0,0,0)&quot;}\" data-margin-left=\"1.0in\" data-margin-bottom=\"0pt\" data-writer-border-info=\"{&quot;border-between&quot;:{&quot;color&quot;:&quot;rgb(0,0,0)&quot;,&quot;width&quot;:&quot;0.0px&quot;,&quot;type&quot;:&quot;solid&quot;},&quot;border-sides&quot;:[&quot;border-top&quot;,&quot;border-between&quot;,&quot;border-right&quot;,&quot;insideV&quot;,&quot;border-left&quot;,&quot;border-bottom&quot;]}\">Pour d\u00e9finir et mettre en \u0153uvre leur programme de transformation,\u00a0les entreprises doivent trouver le juste \u00e9quilibre entre solutions techniques \u00e9prouv\u00e9es (pour les probl\u00e8mes d\u00e9j\u00e0 rencontr\u00e9s) et solutions adaptatives (pour des probl\u00e8mes\u00a0qui n\u2019ont pas encore \u00e9t\u00e9 rencontr\u00e9s et ne disposent pas d\u2019une\u00a0solution connue). Elles doivent \u00e9galement faire \u00e9voluer les mentalit\u00e9s en interne pour r\u00e9ussir\u00a0leur transformation.<\/p>\n<p class=\"zw-paragraph\" data-textformat=\"{&quot;ff&quot;:&quot;Arimo,Arial&quot;,&quot;fgc&quot;:&quot;rgb(0,0,0)&quot;}\" data-margin-left=\"1.0in\" data-margin-bottom=\"0pt\" data-writer-border-info=\"{&quot;border-between&quot;:{&quot;color&quot;:&quot;rgb(0,0,0)&quot;,&quot;width&quot;:&quot;0.0px&quot;,&quot;type&quot;:&quot;solid&quot;},&quot;border-sides&quot;:[&quot;border-top&quot;,&quot;border-between&quot;,&quot;border-right&quot;,&quot;insideV&quot;,&quot;border-left&quot;,&quot;border-bottom&quot;]}\">Chez Argon &amp; Co, nous avons la conviction que la r\u00e9ussite de la transformation des entreprises et\u00a0l\u2019efficacit\u00e9 de la conduite du changement\u00a0reposent sur la capacit\u00e9 des dirigeants \u00e0 faire \u00e9voluer les comportements en interne. Nous prenons le temps d\u2019analyser chaque situation, avec\u00a0un\u00a0regard critique et objectif.\u00a0<span class=\"EOP\">\u00a0<\/span><\/p>\n<p class=\"zw-paragraph\" data-textformat=\"{&quot;ff&quot;:&quot;Arimo,Arial&quot;,&quot;fgc&quot;:&quot;rgb(0,0,0)&quot;}\" data-margin-left=\"1.0in\" data-margin-bottom=\"0pt\" data-writer-border-info=\"{&quot;border-between&quot;:{&quot;color&quot;:&quot;rgb(0,0,0)&quot;,&quot;width&quot;:&quot;0.0px&quot;,&quot;type&quot;:&quot;solid&quot;},&quot;border-sides&quot;:[&quot;border-top&quot;,&quot;border-between&quot;,&quot;border-right&quot;,&quot;insideV&quot;,&quot;border-left&quot;,&quot;border-bottom&quot;]}\">Pour aider nos clients \u00e0\u00a0relever\u00a0les d\u00e9fis de leur transformation, nos consultants\u00a0b\u00e9n\u00e9ficient de solides comp\u00e9tences en gestion du changement\u00a0afin de guider\u00a0les cadres dirigeants. Ils ont l&rsquo;humilit\u00e9 d&rsquo;accepter qu&rsquo;ils\u00a0n&rsquo;ont pas toutes les r\u00e9ponses, mais ils sont tenaces et confiants dans leurs recherches.<\/p>\n<p class=\"zw-paragraph\" data-textformat=\"{&quot;ff&quot;:&quot;Arimo,Arial&quot;,&quot;fgc&quot;:&quot;rgb(0,0,0)&quot;}\" data-margin-left=\"1.0in\" data-margin-bottom=\"0pt\" data-writer-border-info=\"{&quot;border-between&quot;:{&quot;color&quot;:&quot;rgb(0,0,0)&quot;,&quot;width&quot;:&quot;0.0px&quot;,&quot;type&quot;:&quot;solid&quot;},&quot;border-sides&quot;:[&quot;border-top&quot;,&quot;border-between&quot;,&quot;border-right&quot;,&quot;insideV&quot;,&quot;border-left&quot;,&quot;border-bottom&quot;]}\"><span class=\"EOP\">\u00a0<\/span><\/p>\n<h2 class=\"zw-paragraph\" data-textformat=\"{&quot;ff&quot;:&quot;Arimo,Arial&quot;,&quot;fw&quot;:&quot;bold&quot;,&quot;fgc&quot;:&quot;rgb(0,0,0)&quot;,&quot;size&quot;:16}\" data-margin-left=\"1.0in\" data-margin-bottom=\"0pt\" data-writer-border-info=\"{&quot;border-between&quot;:{&quot;color&quot;:&quot;rgb(0,0,0)&quot;,&quot;width&quot;:&quot;0.0px&quot;,&quot;type&quot;:&quot;solid&quot;},&quot;border-sides&quot;:[&quot;border-top&quot;,&quot;border-between&quot;,&quot;border-right&quot;,&quot;insideV&quot;,&quot;border-left&quot;,&quot;border-bottom&quot;]}\">Notre approche<\/h2>\n<p class=\"zw-paragraph\" data-textformat=\"{&quot;ff&quot;:&quot;Arimo,Arial&quot;,&quot;fgc&quot;:&quot;rgb(0,0,0)&quot;}\" data-margin-left=\"1.0in\" data-margin-bottom=\"0pt\" data-writer-border-info=\"{&quot;border-between&quot;:{&quot;color&quot;:&quot;rgb(0,0,0)&quot;,&quot;width&quot;:&quot;0.0px&quot;,&quot;type&quot;:&quot;solid&quot;},&quot;border-sides&quot;:[&quot;border-top&quot;,&quot;border-between&quot;,&quot;border-right&quot;,&quot;insideV&quot;,&quot;border-left&quot;,&quot;border-bottom&quot;]}\">L\u2019exp\u00e9rience\u00a0acquise par Argon &amp; Co au cours de ses deux d\u00e9cennies d\u2019activit\u00e9 nous a permis d&rsquo;\u00e9laborer une approche solide pour aider nos clients \u00e0 concevoir, d\u00e9finir et mettre en \u0153uvre des programmes complexes de grande envergure. Notre m\u00e9thodologie, r\u00e9solument centr\u00e9e-client,\u00a0s\u2019appuie sur\u00a0des comp\u00e9tences sp\u00e9cifiques de r\u00e9solution des probl\u00e8mes complexes et\u00a0une\u00a0compr\u00e9hension profonde des enjeux du secteur. Notre cadre global de\u00a0transformation,\u00a0Assess Design\u00a0Embed\u00ae,\u00a0d\u00e9finit un ensemble complet d&rsquo;outils et de techniques.<\/p>\n<p class=\"zw-paragraph\" data-textformat=\"{&quot;ff&quot;:&quot;Arimo,Arial&quot;,&quot;fgc&quot;:&quot;rgb(0,0,0)&quot;}\" data-margin-left=\"1.0in\" data-margin-bottom=\"0pt\" data-writer-border-info=\"{&quot;border-between&quot;:{&quot;color&quot;:&quot;rgb(0,0,0)&quot;,&quot;width&quot;:&quot;0.0px&quot;,&quot;type&quot;:&quot;solid&quot;},&quot;border-sides&quot;:[&quot;border-top&quot;,&quot;border-between&quot;,&quot;border-right&quot;,&quot;insideV&quot;,&quot;border-left&quot;,&quot;border-bottom&quot;]}\">Nous travaillons en partenariat avec nos clients \u00e0 diff\u00e9rentes \u00e9tapes de leurs programmes,\u00a0avec un soutien de terrain partout o\u00f9 nous pouvons apporter la plus grande valeur ajout\u00e9e.\u00a0Cet accompagnement comprend :<\/p>\n<p class=\"zw-paragraph\" data-textformat=\"{&quot;ff&quot;:&quot;Arimo,Arial&quot;,&quot;fgc&quot;:&quot;rgb(0,0,0)&quot;}\" data-margin-left=\"1.0in\" data-margin-bottom=\"0pt\" data-writer-border-info=\"{&quot;border-between&quot;:{&quot;color&quot;:&quot;rgb(0,0,0)&quot;,&quot;width&quot;:&quot;0.0px&quot;,&quot;type&quot;:&quot;solid&quot;},&quot;border-sides&quot;:[&quot;border-top&quot;,&quot;border-between&quot;,&quot;border-right&quot;,&quot;insideV&quot;,&quot;border-left&quot;,&quot;border-bottom&quot;]}\">\u2022 la\u00a0conception du programme ;<\/p>\n<p class=\"zw-paragraph\" data-textformat=\"{&quot;ff&quot;:&quot;Arimo,Arial&quot;,&quot;fgc&quot;:&quot;rgb(0,0,0)&quot;}\" data-margin-left=\"1.0in\" data-margin-bottom=\"0pt\" data-writer-border-info=\"{&quot;border-between&quot;:{&quot;color&quot;:&quot;rgb(0,0,0)&quot;,&quot;width&quot;:&quot;0.0px&quot;,&quot;type&quot;:&quot;solid&quot;},&quot;border-sides&quot;:[&quot;border-top&quot;,&quot;border-between&quot;,&quot;border-right&quot;,&quot;insideV&quot;,&quot;border-left&quot;,&quot;border-bottom&quot;]}\">\u2022 la\u00a0mise en \u0153uvre\u00a0du programme ;<\/p>\n<p class=\"zw-paragraph\" data-textformat=\"{&quot;ff&quot;:&quot;Arimo,Arial&quot;,&quot;fgc&quot;:&quot;rgb(0,0,0)&quot;}\" data-margin-left=\"1.0in\" data-margin-bottom=\"0pt\" data-writer-border-info=\"{&quot;border-between&quot;:{&quot;color&quot;:&quot;rgb(0,0,0)&quot;,&quot;width&quot;:&quot;0.0px&quot;,&quot;type&quot;:&quot;solid&quot;},&quot;border-sides&quot;:[&quot;border-top&quot;,&quot;border-between&quot;,&quot;border-right&quot;,&quot;insideV&quot;,&quot;border-left&quot;,&quot;border-bottom&quot;]}\">\u2022 la\u00a0gouvernance du programme ;<\/p>\n<p class=\"zw-paragraph\" data-textformat=\"{&quot;ff&quot;:&quot;Arimo,Arial&quot;,&quot;fgc&quot;:&quot;rgb(0,0,0)&quot;}\" data-margin-left=\"1.0in\" data-margin-bottom=\"0pt\" data-writer-border-info=\"{&quot;border-between&quot;:{&quot;color&quot;:&quot;rgb(0,0,0)&quot;,&quot;width&quot;:&quot;0.0px&quot;,&quot;type&quot;:&quot;solid&quot;},&quot;border-sides&quot;:[&quot;border-top&quot;,&quot;border-between&quot;,&quot;border-right&quot;,&quot;insideV&quot;,&quot;border-left&quot;,&quot;border-bottom&quot;]}\">\u2022 l\u2019\u00e9valuation des risques ;<\/p>\n<p class=\"zw-paragraph\" data-textformat=\"{&quot;ff&quot;:&quot;Arimo,Arial&quot;,&quot;fgc&quot;:&quot;rgb(0,0,0)&quot;}\" data-margin-left=\"1.0in\" data-margin-bottom=\"0pt\" data-writer-border-info=\"{&quot;border-between&quot;:{&quot;color&quot;:&quot;rgb(0,0,0)&quot;,&quot;width&quot;:&quot;0.0px&quot;,&quot;type&quot;:&quot;solid&quot;},&quot;border-sides&quot;:[&quot;border-top&quot;,&quot;border-between&quot;,&quot;border-right&quot;,&quot;insideV&quot;,&quot;border-left&quot;,&quot;border-bottom&quot;]}\">\u2022 la\u00a0r\u00e9alisation des b\u00e9n\u00e9fices ;<\/p>\n<p class=\"zw-paragraph\" data-textformat=\"{&quot;ff&quot;:&quot;Arimo,Arial&quot;,&quot;fgc&quot;:&quot;rgb(0,0,0)&quot;}\" data-margin-left=\"1.0in\" data-margin-bottom=\"0pt\" data-writer-border-info=\"{&quot;border-between&quot;:{&quot;color&quot;:&quot;rgb(0,0,0)&quot;,&quot;width&quot;:&quot;0.0px&quot;,&quot;type&quot;:&quot;solid&quot;},&quot;border-sides&quot;:[&quot;border-top&quot;,&quot;border-between&quot;,&quot;border-right&quot;,&quot;insideV&quot;,&quot;border-left&quot;,&quot;border-bottom&quot;]}\">\u2022 l\u2019accompagnement des collaborateurs ;<\/p>\n<p class=\"zw-paragraph\" data-textformat=\"{&quot;ff&quot;:&quot;Arimo,Arial&quot;,&quot;fgc&quot;:&quot;rgb(0,0,0)&quot;}\" data-margin-left=\"1.0in\" data-margin-bottom=\"0pt\" data-writer-border-info=\"{&quot;border-between&quot;:{&quot;color&quot;:&quot;rgb(0,0,0)&quot;,&quot;width&quot;:&quot;0.0px&quot;,&quot;type&quot;:&quot;solid&quot;},&quot;border-sides&quot;:[&quot;border-top&quot;,&quot;border-between&quot;,&quot;border-right&quot;,&quot;insideV&quot;,&quot;border-left&quot;,&quot;border-bottom&quot;]}\">\u2022 la\u00a0gestion de projet ;<\/p>\n<p class=\"zw-paragraph\" data-textformat=\"{&quot;ff&quot;:&quot;Arimo,Arial&quot;,&quot;fgc&quot;:&quot;rgb(0,0,0)&quot;}\" data-margin-left=\"1.0in\" data-margin-bottom=\"0pt\" data-writer-border-info=\"{&quot;border-between&quot;:{&quot;color&quot;:&quot;rgb(0,0,0)&quot;,&quot;width&quot;:&quot;0.0px&quot;,&quot;type&quot;:&quot;solid&quot;},&quot;border-sides&quot;:[&quot;border-top&quot;,&quot;border-between&quot;,&quot;border-right&quot;,&quot;insideV&quot;,&quot;border-left&quot;,&quot;border-bottom&quot;]}\">\u2022 l\u2019\u00e9valuation des\u00a0comp\u00e9tences humaines ;<\/p>\n<p class=\"zw-paragraph\" data-textformat=\"{&quot;ff&quot;:&quot;Arimo,Arial&quot;,&quot;fgc&quot;:&quot;rgb(0,0,0)&quot;}\" data-margin-left=\"1.0in\" data-margin-bottom=\"0pt\" data-writer-border-info=\"{&quot;border-between&quot;:{&quot;color&quot;:&quot;rgb(0,0,0)&quot;,&quot;width&quot;:&quot;0.0px&quot;,&quot;type&quot;:&quot;solid&quot;},&quot;border-sides&quot;:[&quot;border-top&quot;,&quot;border-between&quot;,&quot;border-right&quot;,&quot;insideV&quot;,&quot;border-left&quot;,&quot;border-bottom&quot;]}\">\u2022 l\u2019\u00e9valuation de la capacit\u00e9 syst\u00e8me ;<\/p>\n<p class=\"zw-paragraph\" data-textformat=\"{&quot;ff&quot;:&quot;Arimo,Arial&quot;,&quot;fgc&quot;:&quot;rgb(0,0,0)&quot;}\" data-margin-left=\"1.0in\" data-margin-bottom=\"0pt\" data-writer-border-info=\"{&quot;border-between&quot;:{&quot;color&quot;:&quot;rgb(0,0,0)&quot;,&quot;width&quot;:&quot;0.0px&quot;,&quot;type&quot;:&quot;solid&quot;},&quot;border-sides&quot;:[&quot;border-top&quot;,&quot;border-between&quot;,&quot;border-right&quot;,&quot;insideV&quot;,&quot;border-left&quot;,&quot;border-bottom&quot;]}\">\u2022 l\u2019int\u00e9gration\u00a0post-acquisition.<\/p>\n<p class=\"zw-paragraph\" data-textformat=\"{&quot;ff&quot;:&quot;Arimo,Arial&quot;,&quot;fgc&quot;:&quot;rgb(0,0,0)&quot;}\" data-margin-left=\"1.0in\" data-margin-bottom=\"0pt\" data-writer-border-info=\"{&quot;border-between&quot;:{&quot;color&quot;:&quot;rgb(0,0,0)&quot;,&quot;width&quot;:&quot;0.0px&quot;,&quot;type&quot;:&quot;solid&quot;},&quot;border-sides&quot;:[&quot;border-top&quot;,&quot;border-between&quot;,&quot;border-right&quot;,&quot;insideV&quot;,&quot;border-left&quot;,&quot;border-bottom&quot;]}\"><span class=\"EOP\">\u00a0<\/span><\/p>\n<p>Tous les programmes de transformation pr\u00e9sentent un m\u00e9lange unique de complexit\u00e9 et de difficult\u00e9. Une d\u00e9finition claire\u00a0des objectifs\u00a0et l\u2019engagement\u00a0v\u00e9ritable des\u00a0collaborateurs sont les conditions-cl\u00e9s du\u00a0succ\u00e8s.\u00a0En tant que partenaire ind\u00e9pendant, nous travaillons avec nos clients pour garantir la mise en place d\u2019un programme ambitieux tout en \u00e9vitant une trop grande complexit\u00e9 qui\u00a0freinerait la transformation.<\/p>\n","protected":false},"excerpt":{"rendered":"<p>Contexte et d\u00e9fis De plus en plus souvent, la transformation des entreprises\u00a0n\u00e9cessite un programme de\u00a0changements adaptatif \u00e0 grande \u00e9chelle.\u00a0Il ne s\u2019agit plus de se\u00a0contenter\u00a0de solutions \u2013 souvent techniques \u2013 \u00e0 des probl\u00e8mes \u00e9prouv\u00e9s,\u00a0mais\u00a0d\u2019envisager\u00a0des solutions adaptatives\u00a0de nature \u00e0 r\u00e9pondre \u00e0 des probl\u00e8mes \u00e9mergents auxquels il n\u2019existe pas de solution\u00a0\u00e9tablie.\u00a0En effet, les programmes de transformation\u00a0reposent sur des [&hellip;]<\/p>\n","protected":false},"author":1,"featured_media":0,"parent":1384,"menu_order":0,"comment_status":"closed","ping_status":"closed","template":"","meta":{"_acf_changed":false,"footnotes":""},"class_list":["post-1455","page","type-page","status-publish","hentry"],"acf":[],"yoast_head":"<!-- This site is optimized with the Yoast SEO plugin v27.5 - https:\/\/yoast.com\/product\/yoast-seo-wordpress\/ -->\n<title>Program management - Argon &amp; Co<\/title>\n<meta name=\"robots\" content=\"index, follow, max-snippet:-1, max-image-preview:large, max-video-preview:-1\" \/>\n<link rel=\"canonical\" href=\"https:\/\/www.argonandco.com\/fr\/expertises\/transformation-et-conduite-du-changement\/program-management\/\" \/>\n<meta property=\"og:locale\" content=\"fr_FR\" \/>\n<meta property=\"og:type\" content=\"article\" \/>\n<meta property=\"og:title\" content=\"Program management - Argon &amp; Co\" \/>\n<meta property=\"og:description\" content=\"Contexte et d\u00e9fis De plus en plus souvent, la transformation des entreprises\u00a0n\u00e9cessite un programme de\u00a0changements adaptatif \u00e0 grande \u00e9chelle.\u00a0Il ne s\u2019agit plus de se\u00a0contenter\u00a0de solutions \u2013 souvent techniques \u2013 \u00e0 des probl\u00e8mes \u00e9prouv\u00e9s,\u00a0mais\u00a0d\u2019envisager\u00a0des solutions adaptatives\u00a0de nature \u00e0 r\u00e9pondre \u00e0 des probl\u00e8mes \u00e9mergents auxquels il n\u2019existe pas de solution\u00a0\u00e9tablie.\u00a0En effet, les programmes de transformation\u00a0reposent sur des [&hellip;]\" \/>\n<meta property=\"og:url\" content=\"https:\/\/www.argonandco.com\/fr\/expertises\/transformation-et-conduite-du-changement\/program-management\/\" \/>\n<meta property=\"og:site_name\" content=\"Argon &amp; Co\" \/>\n<meta property=\"article:modified_time\" content=\"2019-12-20T12:44:36+00:00\" \/>\n<meta name=\"twitter:card\" content=\"summary_large_image\" \/>\n<meta name=\"twitter:label1\" content=\"Dur\u00e9e de lecture estim\u00e9e\" \/>\n\t<meta name=\"twitter:data1\" content=\"3 minutes\" \/>\n<script type=\"application\/ld+json\" class=\"yoast-schema-graph\">{\"@context\":\"https:\\\/\\\/schema.org\",\"@graph\":[{\"@type\":\"WebPage\",\"@id\":\"https:\\\/\\\/www.argonandco.com\\\/fr\\\/expertises\\\/transformation-et-conduite-du-changement\\\/program-management\\\/\",\"url\":\"https:\\\/\\\/www.argonandco.com\\\/fr\\\/expertises\\\/transformation-et-conduite-du-changement\\\/program-management\\\/\",\"name\":\"Program management - Argon &amp; Co\",\"isPartOf\":{\"@id\":\"https:\\\/\\\/www.argonandco.com\\\/fr\\\/#website\"},\"datePublished\":\"2019-11-27T16:08:08+00:00\",\"dateModified\":\"2019-12-20T12:44:36+00:00\",\"breadcrumb\":{\"@id\":\"https:\\\/\\\/www.argonandco.com\\\/fr\\\/expertises\\\/transformation-et-conduite-du-changement\\\/program-management\\\/#breadcrumb\"},\"inLanguage\":\"fr-FR\",\"potentialAction\":[{\"@type\":\"ReadAction\",\"target\":[\"https:\\\/\\\/www.argonandco.com\\\/fr\\\/expertises\\\/transformation-et-conduite-du-changement\\\/program-management\\\/\"]}]},{\"@type\":\"BreadcrumbList\",\"@id\":\"https:\\\/\\\/www.argonandco.com\\\/fr\\\/expertises\\\/transformation-et-conduite-du-changement\\\/program-management\\\/#breadcrumb\",\"itemListElement\":[{\"@type\":\"ListItem\",\"position\":1,\"name\":\"Home\",\"item\":\"https:\\\/\\\/www.argonandco.com\\\/fr\\\/\"},{\"@type\":\"ListItem\",\"position\":2,\"name\":\"Expertises\",\"item\":\"https:\\\/\\\/www.argonandco.com\\\/fr\\\/expertises\\\/\"},{\"@type\":\"ListItem\",\"position\":3,\"name\":\"Transformation et conduite du changement\",\"item\":\"https:\\\/\\\/www.argonandco.com\\\/fr\\\/expertises\\\/transformation-et-conduite-du-changement\\\/\"},{\"@type\":\"ListItem\",\"position\":4,\"name\":\"Program management\"}]},{\"@type\":\"WebSite\",\"@id\":\"https:\\\/\\\/www.argonandco.com\\\/fr\\\/#website\",\"url\":\"https:\\\/\\\/www.argonandco.com\\\/fr\\\/\",\"name\":\"Argon &amp; Co\",\"description\":\"We help clients achieve their strategic and operational objectives, working together to transform their businesses and generate real change.\",\"potentialAction\":[{\"@type\":\"SearchAction\",\"target\":{\"@type\":\"EntryPoint\",\"urlTemplate\":\"https:\\\/\\\/www.argonandco.com\\\/fr\\\/?s={search_term_string}\"},\"query-input\":{\"@type\":\"PropertyValueSpecification\",\"valueRequired\":true,\"valueName\":\"search_term_string\"}}],\"inLanguage\":\"fr-FR\"}]}<\/script>\n<!-- \/ Yoast SEO plugin. -->","yoast_head_json":{"title":"Program management - Argon &amp; Co","robots":{"index":"index","follow":"follow","max-snippet":"max-snippet:-1","max-image-preview":"max-image-preview:large","max-video-preview":"max-video-preview:-1"},"canonical":"https:\/\/www.argonandco.com\/fr\/expertises\/transformation-et-conduite-du-changement\/program-management\/","og_locale":"fr_FR","og_type":"article","og_title":"Program management - Argon &amp; Co","og_description":"Contexte et d\u00e9fis De plus en plus souvent, la transformation des entreprises\u00a0n\u00e9cessite un programme de\u00a0changements adaptatif \u00e0 grande \u00e9chelle.\u00a0Il ne s\u2019agit plus de se\u00a0contenter\u00a0de solutions \u2013 souvent techniques \u2013 \u00e0 des probl\u00e8mes \u00e9prouv\u00e9s,\u00a0mais\u00a0d\u2019envisager\u00a0des solutions adaptatives\u00a0de nature \u00e0 r\u00e9pondre \u00e0 des probl\u00e8mes \u00e9mergents auxquels il n\u2019existe pas de solution\u00a0\u00e9tablie.\u00a0En effet, les programmes de transformation\u00a0reposent sur des [&hellip;]","og_url":"https:\/\/www.argonandco.com\/fr\/expertises\/transformation-et-conduite-du-changement\/program-management\/","og_site_name":"Argon &amp; Co","article_modified_time":"2019-12-20T12:44:36+00:00","twitter_card":"summary_large_image","twitter_misc":{"Dur\u00e9e de lecture estim\u00e9e":"3 minutes"},"schema":{"@context":"https:\/\/schema.org","@graph":[{"@type":"WebPage","@id":"https:\/\/www.argonandco.com\/fr\/expertises\/transformation-et-conduite-du-changement\/program-management\/","url":"https:\/\/www.argonandco.com\/fr\/expertises\/transformation-et-conduite-du-changement\/program-management\/","name":"Program management - Argon &amp; Co","isPartOf":{"@id":"https:\/\/www.argonandco.com\/fr\/#website"},"datePublished":"2019-11-27T16:08:08+00:00","dateModified":"2019-12-20T12:44:36+00:00","breadcrumb":{"@id":"https:\/\/www.argonandco.com\/fr\/expertises\/transformation-et-conduite-du-changement\/program-management\/#breadcrumb"},"inLanguage":"fr-FR","potentialAction":[{"@type":"ReadAction","target":["https:\/\/www.argonandco.com\/fr\/expertises\/transformation-et-conduite-du-changement\/program-management\/"]}]},{"@type":"BreadcrumbList","@id":"https:\/\/www.argonandco.com\/fr\/expertises\/transformation-et-conduite-du-changement\/program-management\/#breadcrumb","itemListElement":[{"@type":"ListItem","position":1,"name":"Home","item":"https:\/\/www.argonandco.com\/fr\/"},{"@type":"ListItem","position":2,"name":"Expertises","item":"https:\/\/www.argonandco.com\/fr\/expertises\/"},{"@type":"ListItem","position":3,"name":"Transformation et conduite du changement","item":"https:\/\/www.argonandco.com\/fr\/expertises\/transformation-et-conduite-du-changement\/"},{"@type":"ListItem","position":4,"name":"Program management"}]},{"@type":"WebSite","@id":"https:\/\/www.argonandco.com\/fr\/#website","url":"https:\/\/www.argonandco.com\/fr\/","name":"Argon &amp; Co","description":"We help clients achieve their strategic and operational objectives, working together to transform their businesses and generate real change.","potentialAction":[{"@type":"SearchAction","target":{"@type":"EntryPoint","urlTemplate":"https:\/\/www.argonandco.com\/fr\/?s={search_term_string}"},"query-input":{"@type":"PropertyValueSpecification","valueRequired":true,"valueName":"search_term_string"}}],"inLanguage":"fr-FR"}]}},"_links":{"self":[{"href":"https:\/\/www.argonandco.com\/fr\/wp-json\/wp\/v2\/pages\/1455","targetHints":{"allow":["GET"]}}],"collection":[{"href":"https:\/\/www.argonandco.com\/fr\/wp-json\/wp\/v2\/pages"}],"about":[{"href":"https:\/\/www.argonandco.com\/fr\/wp-json\/wp\/v2\/types\/page"}],"author":[{"embeddable":true,"href":"https:\/\/www.argonandco.com\/fr\/wp-json\/wp\/v2\/users\/1"}],"replies":[{"embeddable":true,"href":"https:\/\/www.argonandco.com\/fr\/wp-json\/wp\/v2\/comments?post=1455"}],"version-history":[{"count":0,"href":"https:\/\/www.argonandco.com\/fr\/wp-json\/wp\/v2\/pages\/1455\/revisions"}],"up":[{"embeddable":true,"href":"https:\/\/www.argonandco.com\/fr\/wp-json\/wp\/v2\/pages\/1384"}],"wp:attachment":[{"href":"https:\/\/www.argonandco.com\/fr\/wp-json\/wp\/v2\/media?parent=1455"}],"curies":[{"name":"wp","href":"https:\/\/api.w.org\/{rel}","templated":true}]}}