{"id":1423,"date":"2019-11-27T15:14:16","date_gmt":"2019-11-27T15:14:28","guid":{"rendered":"https:\/\/www.argonandco.com\/?page_id=1423"},"modified":"2021-09-08T08:49:58","modified_gmt":"2021-09-08T07:49:58","slug":"production-planning-scheduling","status":"publish","type":"page","link":"https:\/\/www.argonandco.com\/fr\/expertises\/supply-chain-planning\/production-planning-scheduling\/","title":{"rendered":"Production planning &#038; scheduling"},"content":{"rendered":"<h2><b>Contexte et d\u00e9fis<\/b><\/h2>\n<p><span class=\"intro\">Nous d\u00e9finissons et mesurons l&rsquo;agilit\u00e9 industrielle de trois fa\u00e7ons. Tout d\u2019abord, l\u2019adaptabilit\u00e9 aux besoins ou la capacit\u00e9 de l\u2019entreprise \u00e0 r\u00e9agir aux changements de produits\/services sur son march\u00e9 par la rapidit\u00e9 de fabrication (r\u00e9duction du d\u00e9lai de mise sur le march\u00e9). D\u2019autre part, la r\u00e9activit\u00e9 en volume ou le temps n\u00e9cessaire pour r\u00e9agir \u00e0 une baisse ou \u00e0 une hausse globale de la demande d\u2019une famille de produits, et enfin la flexibilit\u00e9 du <em>mix<\/em> ou la capacit\u00e9 de l\u2019entreprise \u00e0 s\u2019adapter au moindre changement dans les r\u00e9f\u00e9rences produites d\u2019un produit de sa gamme.<\/span><\/p>\n<p>Une planification et un ordonnancement efficaces de la production sont essentiels pour aborder ces deux derniers points. Au niveau tactique, le processus de planification RCCP (<em>Rough Cut Capacity Plan<\/em>), qui est une \u00e9tape cl\u00e9 du process S&amp;OP (<em>Sales and Operation Planning<\/em>), aide \u00e0 identifier les manques en mati\u00e8re de ressources (main-d\u2019\u0153uvre et machines) qui contribuent \u00e0 des d\u00e9cisions appropri\u00e9es de recrutement et d\u2019investissement.<\/p>\n<p>Les processus op\u00e9rationnels de planification et d\u2019ordonnancement de la production permettent d\u2019optimiser la capacit\u00e9 disponible et de s\u2019assurer que les niveaux de service sont respect\u00e9s avec les bons niveaux de stock et de co\u00fbts.<\/p>\n<p>&nbsp;<\/p>\n<h2><b>Notre approche\u00a0<\/b><\/h2>\n<p>Nous aidons nos clients \u00e0 d\u00e9velopper leurs comp\u00e9tences en mati\u00e8re de planification et d\u2019ordonnancement de la production :<\/p>\n<ul>\n<li>Segmentation de leurs produits et services en business models appropri\u00e9s : MTO (<em>Make To Order<\/em>), MTS (<em>Make To Stock<\/em>), ATO (<em>Assemble To Order<\/em>), ETO (<em>Engineering-To-Order<\/em>) ou encore MRO (<em>Maintenance Repair and Overall<\/em>) ;<\/li>\n<li>Conception et mise en \u0153uvre du RCCP (<em>Rough Cut Capacity Planning<\/em>) tactique pour la mise en \u0153uvre du S&amp;OP (<em>Sales and Operation Planning<\/em>) ;<\/li>\n<li>Conception et mise en \u0153uvre de solutions de planification op\u00e9rationnelle enti\u00e8rement int\u00e9gr\u00e9es couvrant la planification des ressources de distribution (DRP <em>Distribution Resource Planning<\/em>), le plan directeur de production (PDP), la planification des ressources mat\u00e9rielles (MRP Manufacturing Planning and Scheduling) et la planification d\u00e9taill\u00e9e ;<\/li>\n<li>D\u00e9finition d\u2019horizons de planification (gel\u00e9s, \u00ab<em>\u00a0slushy<\/em>\u00a0\u00bb, ouverts) qui trouvent le juste \u00e9quilibre entre contraintes d\u2019approvisionnement et flexibilit\u00e9 commerciale ;<\/li>\n<li>Conception et mise en \u0153uvre de politiques de gestion des stocks : calcul des stocks de s\u00e9curit\u00e9, points de r\u00e9approvisionnement, DDMRP<em> Demand Driven Material Requirements Planning<\/em> ;<\/li>\n<li>Identification des goulots d\u2019\u00e9tranglement de la production et am\u00e9lioration de l\u2019efficacit\u00e9 globale des \u00e9quipements (OEE <em>Overall Equipment Effectiveness<\/em>) ;<\/li>\n<li>Utilisation des outils d\u2019am\u00e9lioration Lean : SMED (<em>Single Minute Exchange of Dies<\/em>), AMDEC (Analyse des Modes de D\u00e9faillance), Six Sigma ;<\/li>\n<li>Choix de la solution de planification de l\u2019approvisionnement la plus appropri\u00e9e pour la mise en \u0153uvre d\u2019un syst\u00e8me de planification avanc\u00e9e (APS <em>Advanced Planning System<\/em>)\u00a0;<\/li>\n<li>Conception et mise en place d\u2019\u00e9quipes de planification de l\u2019approvisionnement \u00e0 l\u2019\u00e9chelle mondiale, r\u00e9gionale et locale avec des r\u00f4les et des responsabilit\u00e9s d\u00e9taill\u00e9s et des comp\u00e9tences associ\u00e9es.<\/li>\n<\/ul>\n","protected":false},"excerpt":{"rendered":"<p>Contexte et d\u00e9fis Nous d\u00e9finissons et mesurons l&rsquo;agilit\u00e9 industrielle de trois fa\u00e7ons. Tout d\u2019abord, l\u2019adaptabilit\u00e9 aux besoins ou la capacit\u00e9 de l\u2019entreprise \u00e0 r\u00e9agir aux changements de produits\/services sur son march\u00e9 par la rapidit\u00e9 de fabrication (r\u00e9duction du d\u00e9lai de mise sur le march\u00e9). D\u2019autre part, la r\u00e9activit\u00e9 en volume ou le temps n\u00e9cessaire pour [&hellip;]<\/p>\n","protected":false},"author":1,"featured_media":0,"parent":1382,"menu_order":6,"comment_status":"closed","ping_status":"closed","template":"","meta":{"_acf_changed":false,"footnotes":""},"class_list":["post-1423","page","type-page","status-publish","hentry"],"acf":[],"yoast_head":"<!-- This site is optimized with the Yoast SEO plugin v27.4 - https:\/\/yoast.com\/product\/yoast-seo-wordpress\/ -->\n<title>Production planning &amp; scheduling - Argon &amp; Co<\/title>\n<meta name=\"robots\" content=\"index, follow, max-snippet:-1, max-image-preview:large, max-video-preview:-1\" \/>\n<link rel=\"canonical\" href=\"https:\/\/www.argonandco.com\/fr\/expertises\/supply-chain-planning\/production-planning-scheduling\/\" \/>\n<meta property=\"og:locale\" content=\"fr_FR\" \/>\n<meta property=\"og:type\" content=\"article\" \/>\n<meta property=\"og:title\" content=\"Production planning &amp; scheduling - Argon &amp; Co\" \/>\n<meta property=\"og:description\" content=\"Contexte et d\u00e9fis Nous d\u00e9finissons et mesurons l&rsquo;agilit\u00e9 industrielle de trois fa\u00e7ons. Tout d\u2019abord, l\u2019adaptabilit\u00e9 aux besoins ou la capacit\u00e9 de l\u2019entreprise \u00e0 r\u00e9agir aux changements de produits\/services sur son march\u00e9 par la rapidit\u00e9 de fabrication (r\u00e9duction du d\u00e9lai de mise sur le march\u00e9). D\u2019autre part, la r\u00e9activit\u00e9 en volume ou le temps n\u00e9cessaire pour [&hellip;]\" \/>\n<meta property=\"og:url\" content=\"https:\/\/www.argonandco.com\/fr\/expertises\/supply-chain-planning\/production-planning-scheduling\/\" \/>\n<meta property=\"og:site_name\" content=\"Argon &amp; Co\" \/>\n<meta property=\"article:modified_time\" content=\"2021-09-08T07:49:58+00:00\" \/>\n<meta name=\"twitter:card\" content=\"summary_large_image\" \/>\n<meta name=\"twitter:label1\" content=\"Dur\u00e9e de lecture estim\u00e9e\" \/>\n\t<meta name=\"twitter:data1\" content=\"2 minutes\" \/>\n<script type=\"application\/ld+json\" class=\"yoast-schema-graph\">{\"@context\":\"https:\\\/\\\/schema.org\",\"@graph\":[{\"@type\":\"WebPage\",\"@id\":\"https:\\\/\\\/www.argonandco.com\\\/fr\\\/expertises\\\/supply-chain-planning\\\/production-planning-scheduling\\\/\",\"url\":\"https:\\\/\\\/www.argonandco.com\\\/fr\\\/expertises\\\/supply-chain-planning\\\/production-planning-scheduling\\\/\",\"name\":\"Production planning & scheduling - Argon &amp; Co\",\"isPartOf\":{\"@id\":\"https:\\\/\\\/www.argonandco.com\\\/fr\\\/#website\"},\"datePublished\":\"2019-11-27T15:14:28+00:00\",\"dateModified\":\"2021-09-08T07:49:58+00:00\",\"breadcrumb\":{\"@id\":\"https:\\\/\\\/www.argonandco.com\\\/fr\\\/expertises\\\/supply-chain-planning\\\/production-planning-scheduling\\\/#breadcrumb\"},\"inLanguage\":\"fr-FR\",\"potentialAction\":[{\"@type\":\"ReadAction\",\"target\":[\"https:\\\/\\\/www.argonandco.com\\\/fr\\\/expertises\\\/supply-chain-planning\\\/production-planning-scheduling\\\/\"]}]},{\"@type\":\"BreadcrumbList\",\"@id\":\"https:\\\/\\\/www.argonandco.com\\\/fr\\\/expertises\\\/supply-chain-planning\\\/production-planning-scheduling\\\/#breadcrumb\",\"itemListElement\":[{\"@type\":\"ListItem\",\"position\":1,\"name\":\"Home\",\"item\":\"https:\\\/\\\/www.argonandco.com\\\/fr\\\/\"},{\"@type\":\"ListItem\",\"position\":2,\"name\":\"Expertises\",\"item\":\"https:\\\/\\\/www.argonandco.com\\\/fr\\\/expertises\\\/\"},{\"@type\":\"ListItem\",\"position\":3,\"name\":\"Supply chain planning\",\"item\":\"https:\\\/\\\/www.argonandco.com\\\/fr\\\/expertises\\\/supply-chain-planning\\\/\"},{\"@type\":\"ListItem\",\"position\":4,\"name\":\"Production planning &#038; scheduling\"}]},{\"@type\":\"WebSite\",\"@id\":\"https:\\\/\\\/www.argonandco.com\\\/fr\\\/#website\",\"url\":\"https:\\\/\\\/www.argonandco.com\\\/fr\\\/\",\"name\":\"Argon &amp; Co\",\"description\":\"We help clients achieve their strategic and operational objectives, working together to transform their businesses and generate real change.\",\"potentialAction\":[{\"@type\":\"SearchAction\",\"target\":{\"@type\":\"EntryPoint\",\"urlTemplate\":\"https:\\\/\\\/www.argonandco.com\\\/fr\\\/?s={search_term_string}\"},\"query-input\":{\"@type\":\"PropertyValueSpecification\",\"valueRequired\":true,\"valueName\":\"search_term_string\"}}],\"inLanguage\":\"fr-FR\"}]}<\/script>\n<!-- \/ Yoast SEO plugin. -->","yoast_head_json":{"title":"Production planning & scheduling - Argon &amp; Co","robots":{"index":"index","follow":"follow","max-snippet":"max-snippet:-1","max-image-preview":"max-image-preview:large","max-video-preview":"max-video-preview:-1"},"canonical":"https:\/\/www.argonandco.com\/fr\/expertises\/supply-chain-planning\/production-planning-scheduling\/","og_locale":"fr_FR","og_type":"article","og_title":"Production planning & scheduling - Argon &amp; Co","og_description":"Contexte et d\u00e9fis Nous d\u00e9finissons et mesurons l&rsquo;agilit\u00e9 industrielle de trois fa\u00e7ons. Tout d\u2019abord, l\u2019adaptabilit\u00e9 aux besoins ou la capacit\u00e9 de l\u2019entreprise \u00e0 r\u00e9agir aux changements de produits\/services sur son march\u00e9 par la rapidit\u00e9 de fabrication (r\u00e9duction du d\u00e9lai de mise sur le march\u00e9). D\u2019autre part, la r\u00e9activit\u00e9 en volume ou le temps n\u00e9cessaire pour [&hellip;]","og_url":"https:\/\/www.argonandco.com\/fr\/expertises\/supply-chain-planning\/production-planning-scheduling\/","og_site_name":"Argon &amp; Co","article_modified_time":"2021-09-08T07:49:58+00:00","twitter_card":"summary_large_image","twitter_misc":{"Dur\u00e9e de lecture estim\u00e9e":"2 minutes"},"schema":{"@context":"https:\/\/schema.org","@graph":[{"@type":"WebPage","@id":"https:\/\/www.argonandco.com\/fr\/expertises\/supply-chain-planning\/production-planning-scheduling\/","url":"https:\/\/www.argonandco.com\/fr\/expertises\/supply-chain-planning\/production-planning-scheduling\/","name":"Production planning & scheduling - Argon &amp; Co","isPartOf":{"@id":"https:\/\/www.argonandco.com\/fr\/#website"},"datePublished":"2019-11-27T15:14:28+00:00","dateModified":"2021-09-08T07:49:58+00:00","breadcrumb":{"@id":"https:\/\/www.argonandco.com\/fr\/expertises\/supply-chain-planning\/production-planning-scheduling\/#breadcrumb"},"inLanguage":"fr-FR","potentialAction":[{"@type":"ReadAction","target":["https:\/\/www.argonandco.com\/fr\/expertises\/supply-chain-planning\/production-planning-scheduling\/"]}]},{"@type":"BreadcrumbList","@id":"https:\/\/www.argonandco.com\/fr\/expertises\/supply-chain-planning\/production-planning-scheduling\/#breadcrumb","itemListElement":[{"@type":"ListItem","position":1,"name":"Home","item":"https:\/\/www.argonandco.com\/fr\/"},{"@type":"ListItem","position":2,"name":"Expertises","item":"https:\/\/www.argonandco.com\/fr\/expertises\/"},{"@type":"ListItem","position":3,"name":"Supply chain planning","item":"https:\/\/www.argonandco.com\/fr\/expertises\/supply-chain-planning\/"},{"@type":"ListItem","position":4,"name":"Production planning &#038; scheduling"}]},{"@type":"WebSite","@id":"https:\/\/www.argonandco.com\/fr\/#website","url":"https:\/\/www.argonandco.com\/fr\/","name":"Argon &amp; Co","description":"We help clients achieve their strategic and operational objectives, working together to transform their businesses and generate real change.","potentialAction":[{"@type":"SearchAction","target":{"@type":"EntryPoint","urlTemplate":"https:\/\/www.argonandco.com\/fr\/?s={search_term_string}"},"query-input":{"@type":"PropertyValueSpecification","valueRequired":true,"valueName":"search_term_string"}}],"inLanguage":"fr-FR"}]}},"_links":{"self":[{"href":"https:\/\/www.argonandco.com\/fr\/wp-json\/wp\/v2\/pages\/1423","targetHints":{"allow":["GET"]}}],"collection":[{"href":"https:\/\/www.argonandco.com\/fr\/wp-json\/wp\/v2\/pages"}],"about":[{"href":"https:\/\/www.argonandco.com\/fr\/wp-json\/wp\/v2\/types\/page"}],"author":[{"embeddable":true,"href":"https:\/\/www.argonandco.com\/fr\/wp-json\/wp\/v2\/users\/1"}],"replies":[{"embeddable":true,"href":"https:\/\/www.argonandco.com\/fr\/wp-json\/wp\/v2\/comments?post=1423"}],"version-history":[{"count":0,"href":"https:\/\/www.argonandco.com\/fr\/wp-json\/wp\/v2\/pages\/1423\/revisions"}],"up":[{"embeddable":true,"href":"https:\/\/www.argonandco.com\/fr\/wp-json\/wp\/v2\/pages\/1382"}],"wp:attachment":[{"href":"https:\/\/www.argonandco.com\/fr\/wp-json\/wp\/v2\/media?parent=1423"}],"curies":[{"name":"wp","href":"https:\/\/api.w.org\/{rel}","templated":true}]}}