{"id":1421,"date":"2019-11-27T15:12:16","date_gmt":"2019-11-27T15:12:58","guid":{"rendered":"https:\/\/www.argonandco.com\/?page_id=1421"},"modified":"2021-09-06T15:26:17","modified_gmt":"2021-09-06T14:26:17","slug":"gestion-des-stocks","status":"publish","type":"page","link":"https:\/\/www.argonandco.com\/fr\/expertises\/supply-chain-planning\/gestion-des-stocks\/","title":{"rendered":"Gestion des Stocks"},"content":{"rendered":"<h2><b>Contexte et d\u00e9fis\u00a0<\/b><\/h2>\n<p><span class=\"intro\">La r\u00e9duction des stocks et des en-cours physiques demeure, pour les entreprises, un enjeu de performance \u00e9conomique majeur afin de maximiser leur cash-flow. Au-del\u00e0 de son impact sur le Besoin en Fonds de Roulement (BFR) et sur la tr\u00e9sorerie, la r\u00e9duction de stocks entra\u00eene par ailleurs une r\u00e9duction de nombreux co\u00fbts : transport, d\u00e9tention des stocks (entreposage, s\u00e9curisation, inventaire) voire d\u00e9pr\u00e9ciation ou destruction pour cause d\u2019obsolescence (configuration de produit d\u00e9pass\u00e9e, d\u00e9lai de vie restant insuffisant\u2026). L\u2019exigence accrue en mati\u00e8re de service client, le manque de fiabilit\u00e9 des pr\u00e9visions et la difficult\u00e9 de s\u00e9curiser les approvisionnements figurent au nombre des d\u00e9fis rencontr\u00e9s par les entreprises pour r\u00e9duire leurs stocks de mani\u00e8re durable.<\/span><\/p>\n<p>Pour r\u00e9pondre \u00e0 ces enjeux, elles doivent op\u00e9rer de profonds changements au sein de l\u2019entreprise en termes de processus, gouvernance, pilotage de la performance et \u00e9volution des cultures.<\/p>\n<p>&nbsp;<\/p>\n<h2><b>Notre approche\u00a0<\/b><\/h2>\n<p>En s\u2019appuyant sur son expertise en r\u00e9duction de stocks et en transformation des entreprises, Argon &amp; Co accompagne ses clients dans l\u2019obtention de r\u00e9sultats p\u00e9rennes :<\/p>\n<ul>\n<li style=\"list-style-type: none;\">\n<ul>\n<li style=\"font-weight: 400;\">Diagnostic pour identifier rapidement les leviers de r\u00e9duction de stock\u00a0du mod\u00e8le actuel (processus et pratiques m\u00e9tier, pilotage de la performance, SI ou Syst\u00e8mes d\u2019Informations, organisation et comp\u00e9tences\u2026)\u00a0;<\/li>\n<li style=\"font-weight: 400;\">Dimensionnement du stock cible\u00a0via notre approche normative nous permettant de mod\u00e9liser les diff\u00e9rentes composantes de ce stock cible (stock de s\u00e9curit\u00e9, stock de campagne, stock d\u2019anticipation, stock d\u2019en-cours)\u00a0;<\/li>\n<li style=\"font-weight: 400;\">Utilisation de mod\u00e8les de dimensionnement des stocks qui aident les \u00e9quipes \u00e0 ajuster les niveaux aux cibles adapt\u00e9es \u00e0 leurs activit\u00e9s\u00a0;<\/li>\n<li style=\"font-weight: 400;\">D\u00e9finition des pratiques m\u00e9tier\u00a0cibles :\u00a0revue des processus impactant les niveaux de stock (gestion de stock, pr\u00e9visions), des r\u00e8gles de gestion associ\u00e9es telles que le dimensionnement du stock de s\u00e9curit\u00e9\u00a0;<\/li>\n<li style=\"font-weight: 400;\">Conception de la feuille de route en \u00e9valuant les enjeux et la faisabilit\u00e9 des leviers pour les prioriser\u00a0;<\/li>\n<li style=\"font-weight: 400;\">Mise en \u0153uvre de syst\u00e8mes de gestion des stocks, avec une gouvernance claire et des revues de performance aliment\u00e9es par des analyses et des tableaux de bord de suivi des stocks et de planification.<\/li>\n<\/ul>\n<\/li>\n<\/ul>\n<p>&nbsp;<\/p>\n<p>Support au d\u00e9ploiement de la cible pour accompagner les \u00e9quipes dans leur mont\u00e9e en comp\u00e9tences et dans l\u2019obtention de r\u00e9sultats\u00a0:<\/p>\n<ul>\n<li>Actions \u00ab coup de poing \u00bb focalis\u00e9es sur le 20\/80 des articles en fort \u00e9cart par rapport au stock th\u00e9orique<\/li>\n<li>Transformation en profondeur<\/li>\n<\/ul>\n","protected":false},"excerpt":{"rendered":"<p>Contexte et d\u00e9fis\u00a0 La r\u00e9duction des stocks et des en-cours physiques demeure, pour les entreprises, un enjeu de performance \u00e9conomique majeur afin de maximiser leur cash-flow. Au-del\u00e0 de son impact sur le Besoin en Fonds de Roulement (BFR) et sur la tr\u00e9sorerie, la r\u00e9duction de stocks entra\u00eene par ailleurs une r\u00e9duction de nombreux co\u00fbts : [&hellip;]<\/p>\n","protected":false},"author":1,"featured_media":0,"parent":1382,"menu_order":4,"comment_status":"closed","ping_status":"closed","template":"","meta":{"_acf_changed":false,"footnotes":""},"class_list":["post-1421","page","type-page","status-publish","hentry"],"acf":[],"yoast_head":"<!-- This site is optimized with the Yoast SEO plugin v27.4 - https:\/\/yoast.com\/product\/yoast-seo-wordpress\/ -->\n<title>Gestion des Stocks - Argon &amp; Co<\/title>\n<meta name=\"robots\" content=\"index, follow, max-snippet:-1, max-image-preview:large, max-video-preview:-1\" \/>\n<link rel=\"canonical\" href=\"https:\/\/www.argonandco.com\/fr\/expertises\/supply-chain-planning\/gestion-des-stocks\/\" \/>\n<meta property=\"og:locale\" content=\"fr_FR\" \/>\n<meta property=\"og:type\" content=\"article\" \/>\n<meta property=\"og:title\" content=\"Gestion des Stocks - Argon &amp; Co\" \/>\n<meta property=\"og:description\" content=\"Contexte et d\u00e9fis\u00a0 La r\u00e9duction des stocks et des en-cours physiques demeure, pour les entreprises, un enjeu de performance \u00e9conomique majeur afin de maximiser leur cash-flow. Au-del\u00e0 de son impact sur le Besoin en Fonds de Roulement (BFR) et sur la tr\u00e9sorerie, la r\u00e9duction de stocks entra\u00eene par ailleurs une r\u00e9duction de nombreux co\u00fbts : [&hellip;]\" \/>\n<meta property=\"og:url\" content=\"https:\/\/www.argonandco.com\/fr\/expertises\/supply-chain-planning\/gestion-des-stocks\/\" \/>\n<meta property=\"og:site_name\" content=\"Argon &amp; Co\" \/>\n<meta property=\"article:modified_time\" content=\"2021-09-06T14:26:17+00:00\" \/>\n<meta name=\"twitter:card\" content=\"summary_large_image\" \/>\n<meta name=\"twitter:label1\" content=\"Dur\u00e9e de lecture estim\u00e9e\" \/>\n\t<meta name=\"twitter:data1\" content=\"2 minutes\" \/>\n<script type=\"application\/ld+json\" class=\"yoast-schema-graph\">{\"@context\":\"https:\\\/\\\/schema.org\",\"@graph\":[{\"@type\":\"WebPage\",\"@id\":\"https:\\\/\\\/www.argonandco.com\\\/fr\\\/expertises\\\/supply-chain-planning\\\/gestion-des-stocks\\\/\",\"url\":\"https:\\\/\\\/www.argonandco.com\\\/fr\\\/expertises\\\/supply-chain-planning\\\/gestion-des-stocks\\\/\",\"name\":\"Gestion des Stocks - Argon &amp; Co\",\"isPartOf\":{\"@id\":\"https:\\\/\\\/www.argonandco.com\\\/fr\\\/#website\"},\"datePublished\":\"2019-11-27T15:12:58+00:00\",\"dateModified\":\"2021-09-06T14:26:17+00:00\",\"breadcrumb\":{\"@id\":\"https:\\\/\\\/www.argonandco.com\\\/fr\\\/expertises\\\/supply-chain-planning\\\/gestion-des-stocks\\\/#breadcrumb\"},\"inLanguage\":\"fr-FR\",\"potentialAction\":[{\"@type\":\"ReadAction\",\"target\":[\"https:\\\/\\\/www.argonandco.com\\\/fr\\\/expertises\\\/supply-chain-planning\\\/gestion-des-stocks\\\/\"]}]},{\"@type\":\"BreadcrumbList\",\"@id\":\"https:\\\/\\\/www.argonandco.com\\\/fr\\\/expertises\\\/supply-chain-planning\\\/gestion-des-stocks\\\/#breadcrumb\",\"itemListElement\":[{\"@type\":\"ListItem\",\"position\":1,\"name\":\"Home\",\"item\":\"https:\\\/\\\/www.argonandco.com\\\/fr\\\/\"},{\"@type\":\"ListItem\",\"position\":2,\"name\":\"Expertises\",\"item\":\"https:\\\/\\\/www.argonandco.com\\\/fr\\\/expertises\\\/\"},{\"@type\":\"ListItem\",\"position\":3,\"name\":\"Supply chain planning\",\"item\":\"https:\\\/\\\/www.argonandco.com\\\/fr\\\/expertises\\\/supply-chain-planning\\\/\"},{\"@type\":\"ListItem\",\"position\":4,\"name\":\"Gestion des Stocks\"}]},{\"@type\":\"WebSite\",\"@id\":\"https:\\\/\\\/www.argonandco.com\\\/fr\\\/#website\",\"url\":\"https:\\\/\\\/www.argonandco.com\\\/fr\\\/\",\"name\":\"Argon &amp; Co\",\"description\":\"We help clients achieve their strategic and operational objectives, working together to transform their businesses and generate real change.\",\"potentialAction\":[{\"@type\":\"SearchAction\",\"target\":{\"@type\":\"EntryPoint\",\"urlTemplate\":\"https:\\\/\\\/www.argonandco.com\\\/fr\\\/?s={search_term_string}\"},\"query-input\":{\"@type\":\"PropertyValueSpecification\",\"valueRequired\":true,\"valueName\":\"search_term_string\"}}],\"inLanguage\":\"fr-FR\"}]}<\/script>\n<!-- \/ Yoast SEO plugin. -->","yoast_head_json":{"title":"Gestion des Stocks - Argon &amp; Co","robots":{"index":"index","follow":"follow","max-snippet":"max-snippet:-1","max-image-preview":"max-image-preview:large","max-video-preview":"max-video-preview:-1"},"canonical":"https:\/\/www.argonandco.com\/fr\/expertises\/supply-chain-planning\/gestion-des-stocks\/","og_locale":"fr_FR","og_type":"article","og_title":"Gestion des Stocks - Argon &amp; Co","og_description":"Contexte et d\u00e9fis\u00a0 La r\u00e9duction des stocks et des en-cours physiques demeure, pour les entreprises, un enjeu de performance \u00e9conomique majeur afin de maximiser leur cash-flow. Au-del\u00e0 de son impact sur le Besoin en Fonds de Roulement (BFR) et sur la tr\u00e9sorerie, la r\u00e9duction de stocks entra\u00eene par ailleurs une r\u00e9duction de nombreux co\u00fbts : [&hellip;]","og_url":"https:\/\/www.argonandco.com\/fr\/expertises\/supply-chain-planning\/gestion-des-stocks\/","og_site_name":"Argon &amp; Co","article_modified_time":"2021-09-06T14:26:17+00:00","twitter_card":"summary_large_image","twitter_misc":{"Dur\u00e9e de lecture estim\u00e9e":"2 minutes"},"schema":{"@context":"https:\/\/schema.org","@graph":[{"@type":"WebPage","@id":"https:\/\/www.argonandco.com\/fr\/expertises\/supply-chain-planning\/gestion-des-stocks\/","url":"https:\/\/www.argonandco.com\/fr\/expertises\/supply-chain-planning\/gestion-des-stocks\/","name":"Gestion des Stocks - Argon &amp; Co","isPartOf":{"@id":"https:\/\/www.argonandco.com\/fr\/#website"},"datePublished":"2019-11-27T15:12:58+00:00","dateModified":"2021-09-06T14:26:17+00:00","breadcrumb":{"@id":"https:\/\/www.argonandco.com\/fr\/expertises\/supply-chain-planning\/gestion-des-stocks\/#breadcrumb"},"inLanguage":"fr-FR","potentialAction":[{"@type":"ReadAction","target":["https:\/\/www.argonandco.com\/fr\/expertises\/supply-chain-planning\/gestion-des-stocks\/"]}]},{"@type":"BreadcrumbList","@id":"https:\/\/www.argonandco.com\/fr\/expertises\/supply-chain-planning\/gestion-des-stocks\/#breadcrumb","itemListElement":[{"@type":"ListItem","position":1,"name":"Home","item":"https:\/\/www.argonandco.com\/fr\/"},{"@type":"ListItem","position":2,"name":"Expertises","item":"https:\/\/www.argonandco.com\/fr\/expertises\/"},{"@type":"ListItem","position":3,"name":"Supply chain planning","item":"https:\/\/www.argonandco.com\/fr\/expertises\/supply-chain-planning\/"},{"@type":"ListItem","position":4,"name":"Gestion des Stocks"}]},{"@type":"WebSite","@id":"https:\/\/www.argonandco.com\/fr\/#website","url":"https:\/\/www.argonandco.com\/fr\/","name":"Argon &amp; Co","description":"We help clients achieve their strategic and operational objectives, working together to transform their businesses and generate real change.","potentialAction":[{"@type":"SearchAction","target":{"@type":"EntryPoint","urlTemplate":"https:\/\/www.argonandco.com\/fr\/?s={search_term_string}"},"query-input":{"@type":"PropertyValueSpecification","valueRequired":true,"valueName":"search_term_string"}}],"inLanguage":"fr-FR"}]}},"_links":{"self":[{"href":"https:\/\/www.argonandco.com\/fr\/wp-json\/wp\/v2\/pages\/1421","targetHints":{"allow":["GET"]}}],"collection":[{"href":"https:\/\/www.argonandco.com\/fr\/wp-json\/wp\/v2\/pages"}],"about":[{"href":"https:\/\/www.argonandco.com\/fr\/wp-json\/wp\/v2\/types\/page"}],"author":[{"embeddable":true,"href":"https:\/\/www.argonandco.com\/fr\/wp-json\/wp\/v2\/users\/1"}],"replies":[{"embeddable":true,"href":"https:\/\/www.argonandco.com\/fr\/wp-json\/wp\/v2\/comments?post=1421"}],"version-history":[{"count":0,"href":"https:\/\/www.argonandco.com\/fr\/wp-json\/wp\/v2\/pages\/1421\/revisions"}],"up":[{"embeddable":true,"href":"https:\/\/www.argonandco.com\/fr\/wp-json\/wp\/v2\/pages\/1382"}],"wp:attachment":[{"href":"https:\/\/www.argonandco.com\/fr\/wp-json\/wp\/v2\/media?parent=1421"}],"curies":[{"name":"wp","href":"https:\/\/api.w.org\/{rel}","templated":true}]}}