{"id":1412,"date":"2019-11-27T15:06:16","date_gmt":"2019-11-27T15:06:24","guid":{"rendered":"https:\/\/www.argonandco.com\/?page_id=1412"},"modified":"2023-10-26T10:27:28","modified_gmt":"2023-10-26T09:27:28","slug":"modele-de-planification-organisation","status":"publish","type":"page","link":"https:\/\/www.argonandco.com\/fr\/expertises\/supply-chain-planning\/modele-de-planification-organisation\/","title":{"rendered":"Mod\u00e8le de planification &#038; organisation"},"content":{"rendered":"<p>&nbsp;<\/p>\n<h2><b>Contexte et d\u00e9fis\u00a0<\/b><\/h2>\n<p><span class=\"intro\">D\u00e9finir la gouvernance de la Supply Chain (organisation, responsabilit\u00e9s sur les stocks, les co\u00fbts ou sur les processus, contrats de service internes\u2026), assortie de r\u00e8gles et d\u2019indicateurs clairs, est un pr\u00e9requis essentiel avant d\u2019envisager l\u2019am\u00e9lioration de sa performance.<\/span><\/p>\n<p>Il s\u2019agit de d\u00e9terminer le partage des r\u00f4les et des responsabilit\u00e9s entre la planification et les autres acteurs de l\u2019entreprise (production, marketing, commercial, finance, d\u00e9veloppement). Il est \u00e9galement important de prendre en compte les modes de collaboration avec les autres acteurs internes ou externes : engagements mutuels, processus-cl\u00e9s et indicateurs de performance.<\/p>\n<p>La conception d\u2019un mod\u00e8le de planification se structure autour de deux axes\u00a0:<\/p>\n<ul>\n<li>Le niveau de complexit\u00e9 de l\u2019offre ou complexit\u00e9 industrielle ;<\/li>\n<li>Le niveau de complexit\u00e9 demand\u00e9.<\/li>\n<\/ul>\n<p>Le positionnement adopt\u00e9 par l\u2019entreprise en fonction de ces deux axes conditionne le ou les mod\u00e8les de gouvernance le(s) plus appropri\u00e9(s) \u00e0 la r\u00e9solution des arbitrages dans le pilotage de la Supply Chain.<\/p>\n<p>Ces mod\u00e8les de planification peuvent \u00eatre ensuite d\u00e9clin\u00e9s sur tous les principaux maillons de la Supply Chain globale de l\u2019entreprise : approvisionnements et relations fournisseurs, fabrication de produits finis et semi-finis, distribution des produits via les diff\u00e9rents niveaux du r\u00e9seau de distribution.<\/p>\n<p>&nbsp;<\/p>\n<h2><b>Notre approche<\/b><\/h2>\n<p>Argon &amp; Co accompagne ses clients dans l\u2019adaptation de la gouvernance de leur Supply Chain\u00a0:<\/p>\n<ul>\n<li style=\"font-weight: 400;\">Diagnostic organisationnel (r\u00f4les, responsabilit\u00e9s, indicateurs cl\u00e9s, mod\u00e8les de collaboration)\u00a0;<\/li>\n<li style=\"font-weight: 400;\">D\u00e9finition du mod\u00e8le de planification cible de Supply Chain, en ad\u00e9quation avec les ambitions de la direction g\u00e9n\u00e9rale et le contexte sp\u00e9cifique de l\u2019entreprise\u00a0\u2013 ce point constitue un acc\u00e9l\u00e9rateur de conception et d\u2019alignement des parties prenantes\u00a0;<\/li>\n<li style=\"font-weight: 400;\">Conception des processus de pilotage de la Supply Chain et des contrats de collaboration, en d\u00e9clinaison du mod\u00e8le de gouvernance et en s\u2019appuyant sur les bonnes pratiques \u00e9prouv\u00e9es pour chaque processus\u00a0;<\/li>\n<li style=\"font-weight: 400;\">S\u00e9lection et mise en place de solutions SI (Syst\u00e8mes d\u2019Informations) cibles fond\u00e9es sur notre expertise des outils les plus adapt\u00e9s ;<\/li>\n<li style=\"font-weight: 400;\">Conception des organisations Supply Chain incluant les choix de localisation, le dimensionnement des \u00e9quipes et le plan d\u2019\u00e9volution des comp\u00e9tences\u00a0;<\/li>\n<li style=\"font-weight: 400;\">Transformation de la Supply Chain avec un accompagnement \u00e0 la mise en \u0153uvre du mod\u00e8le cible d\u2019organisation et de collaboration.<\/li>\n<\/ul>\n","protected":false},"excerpt":{"rendered":"<p>&nbsp; Contexte et d\u00e9fis\u00a0 D\u00e9finir la gouvernance de la Supply Chain (organisation, responsabilit\u00e9s sur les stocks, les co\u00fbts ou sur les processus, contrats de service internes\u2026), assortie de r\u00e8gles et d\u2019indicateurs clairs, est un pr\u00e9requis essentiel avant d\u2019envisager l\u2019am\u00e9lioration de sa performance. Il s\u2019agit de d\u00e9terminer le partage des r\u00f4les et des responsabilit\u00e9s entre la [&hellip;]<\/p>\n","protected":false},"author":1,"featured_media":0,"parent":1382,"menu_order":1,"comment_status":"closed","ping_status":"closed","template":"","meta":{"_acf_changed":false,"footnotes":""},"class_list":["post-1412","page","type-page","status-publish","hentry"],"acf":[],"yoast_head":"<!-- This site is optimized with the Yoast SEO plugin v27.4 - https:\/\/yoast.com\/product\/yoast-seo-wordpress\/ -->\n<title>Mod\u00e8le de planification &amp; organisation - Argon &amp; Co<\/title>\n<meta name=\"robots\" content=\"index, follow, max-snippet:-1, max-image-preview:large, max-video-preview:-1\" \/>\n<link rel=\"canonical\" href=\"https:\/\/www.argonandco.com\/fr\/expertises\/supply-chain-planning\/modele-de-planification-organisation\/\" \/>\n<meta property=\"og:locale\" content=\"fr_FR\" \/>\n<meta property=\"og:type\" content=\"article\" \/>\n<meta property=\"og:title\" content=\"Mod\u00e8le de planification &amp; organisation - Argon &amp; Co\" \/>\n<meta property=\"og:description\" content=\"&nbsp; Contexte et d\u00e9fis\u00a0 D\u00e9finir la gouvernance de la Supply Chain (organisation, responsabilit\u00e9s sur les stocks, les co\u00fbts ou sur les processus, contrats de service internes\u2026), assortie de r\u00e8gles et d\u2019indicateurs clairs, est un pr\u00e9requis essentiel avant d\u2019envisager l\u2019am\u00e9lioration de sa performance. Il s\u2019agit de d\u00e9terminer le partage des r\u00f4les et des responsabilit\u00e9s entre la [&hellip;]\" \/>\n<meta property=\"og:url\" content=\"https:\/\/www.argonandco.com\/fr\/expertises\/supply-chain-planning\/modele-de-planification-organisation\/\" \/>\n<meta property=\"og:site_name\" content=\"Argon &amp; Co\" \/>\n<meta property=\"article:modified_time\" content=\"2023-10-26T09:27:28+00:00\" \/>\n<meta name=\"twitter:card\" content=\"summary_large_image\" \/>\n<meta name=\"twitter:label1\" content=\"Dur\u00e9e de lecture estim\u00e9e\" \/>\n\t<meta name=\"twitter:data1\" content=\"2 minutes\" \/>\n<script type=\"application\/ld+json\" class=\"yoast-schema-graph\">{\"@context\":\"https:\\\/\\\/schema.org\",\"@graph\":[{\"@type\":\"WebPage\",\"@id\":\"https:\\\/\\\/www.argonandco.com\\\/fr\\\/expertises\\\/supply-chain-planning\\\/modele-de-planification-organisation\\\/\",\"url\":\"https:\\\/\\\/www.argonandco.com\\\/fr\\\/expertises\\\/supply-chain-planning\\\/modele-de-planification-organisation\\\/\",\"name\":\"Mod\u00e8le de planification & organisation - Argon &amp; Co\",\"isPartOf\":{\"@id\":\"https:\\\/\\\/www.argonandco.com\\\/fr\\\/#website\"},\"datePublished\":\"2019-11-27T15:06:24+00:00\",\"dateModified\":\"2023-10-26T09:27:28+00:00\",\"breadcrumb\":{\"@id\":\"https:\\\/\\\/www.argonandco.com\\\/fr\\\/expertises\\\/supply-chain-planning\\\/modele-de-planification-organisation\\\/#breadcrumb\"},\"inLanguage\":\"fr-FR\",\"potentialAction\":[{\"@type\":\"ReadAction\",\"target\":[\"https:\\\/\\\/www.argonandco.com\\\/fr\\\/expertises\\\/supply-chain-planning\\\/modele-de-planification-organisation\\\/\"]}]},{\"@type\":\"BreadcrumbList\",\"@id\":\"https:\\\/\\\/www.argonandco.com\\\/fr\\\/expertises\\\/supply-chain-planning\\\/modele-de-planification-organisation\\\/#breadcrumb\",\"itemListElement\":[{\"@type\":\"ListItem\",\"position\":1,\"name\":\"Home\",\"item\":\"https:\\\/\\\/www.argonandco.com\\\/fr\\\/\"},{\"@type\":\"ListItem\",\"position\":2,\"name\":\"Expertises\",\"item\":\"https:\\\/\\\/www.argonandco.com\\\/fr\\\/expertises\\\/\"},{\"@type\":\"ListItem\",\"position\":3,\"name\":\"Supply chain planning\",\"item\":\"https:\\\/\\\/www.argonandco.com\\\/fr\\\/expertises\\\/supply-chain-planning\\\/\"},{\"@type\":\"ListItem\",\"position\":4,\"name\":\"Mod\u00e8le de planification &#038; organisation\"}]},{\"@type\":\"WebSite\",\"@id\":\"https:\\\/\\\/www.argonandco.com\\\/fr\\\/#website\",\"url\":\"https:\\\/\\\/www.argonandco.com\\\/fr\\\/\",\"name\":\"Argon &amp; Co\",\"description\":\"We help clients achieve their strategic and operational objectives, working together to transform their businesses and generate real change.\",\"potentialAction\":[{\"@type\":\"SearchAction\",\"target\":{\"@type\":\"EntryPoint\",\"urlTemplate\":\"https:\\\/\\\/www.argonandco.com\\\/fr\\\/?s={search_term_string}\"},\"query-input\":{\"@type\":\"PropertyValueSpecification\",\"valueRequired\":true,\"valueName\":\"search_term_string\"}}],\"inLanguage\":\"fr-FR\"}]}<\/script>\n<!-- \/ Yoast SEO plugin. -->","yoast_head_json":{"title":"Mod\u00e8le de planification & organisation - Argon &amp; Co","robots":{"index":"index","follow":"follow","max-snippet":"max-snippet:-1","max-image-preview":"max-image-preview:large","max-video-preview":"max-video-preview:-1"},"canonical":"https:\/\/www.argonandco.com\/fr\/expertises\/supply-chain-planning\/modele-de-planification-organisation\/","og_locale":"fr_FR","og_type":"article","og_title":"Mod\u00e8le de planification & organisation - Argon &amp; Co","og_description":"&nbsp; Contexte et d\u00e9fis\u00a0 D\u00e9finir la gouvernance de la Supply Chain (organisation, responsabilit\u00e9s sur les stocks, les co\u00fbts ou sur les processus, contrats de service internes\u2026), assortie de r\u00e8gles et d\u2019indicateurs clairs, est un pr\u00e9requis essentiel avant d\u2019envisager l\u2019am\u00e9lioration de sa performance. Il s\u2019agit de d\u00e9terminer le partage des r\u00f4les et des responsabilit\u00e9s entre la [&hellip;]","og_url":"https:\/\/www.argonandco.com\/fr\/expertises\/supply-chain-planning\/modele-de-planification-organisation\/","og_site_name":"Argon &amp; Co","article_modified_time":"2023-10-26T09:27:28+00:00","twitter_card":"summary_large_image","twitter_misc":{"Dur\u00e9e de lecture estim\u00e9e":"2 minutes"},"schema":{"@context":"https:\/\/schema.org","@graph":[{"@type":"WebPage","@id":"https:\/\/www.argonandco.com\/fr\/expertises\/supply-chain-planning\/modele-de-planification-organisation\/","url":"https:\/\/www.argonandco.com\/fr\/expertises\/supply-chain-planning\/modele-de-planification-organisation\/","name":"Mod\u00e8le de planification & organisation - Argon &amp; Co","isPartOf":{"@id":"https:\/\/www.argonandco.com\/fr\/#website"},"datePublished":"2019-11-27T15:06:24+00:00","dateModified":"2023-10-26T09:27:28+00:00","breadcrumb":{"@id":"https:\/\/www.argonandco.com\/fr\/expertises\/supply-chain-planning\/modele-de-planification-organisation\/#breadcrumb"},"inLanguage":"fr-FR","potentialAction":[{"@type":"ReadAction","target":["https:\/\/www.argonandco.com\/fr\/expertises\/supply-chain-planning\/modele-de-planification-organisation\/"]}]},{"@type":"BreadcrumbList","@id":"https:\/\/www.argonandco.com\/fr\/expertises\/supply-chain-planning\/modele-de-planification-organisation\/#breadcrumb","itemListElement":[{"@type":"ListItem","position":1,"name":"Home","item":"https:\/\/www.argonandco.com\/fr\/"},{"@type":"ListItem","position":2,"name":"Expertises","item":"https:\/\/www.argonandco.com\/fr\/expertises\/"},{"@type":"ListItem","position":3,"name":"Supply chain planning","item":"https:\/\/www.argonandco.com\/fr\/expertises\/supply-chain-planning\/"},{"@type":"ListItem","position":4,"name":"Mod\u00e8le de planification &#038; organisation"}]},{"@type":"WebSite","@id":"https:\/\/www.argonandco.com\/fr\/#website","url":"https:\/\/www.argonandco.com\/fr\/","name":"Argon &amp; Co","description":"We help clients achieve their strategic and operational objectives, working together to transform their businesses and generate real change.","potentialAction":[{"@type":"SearchAction","target":{"@type":"EntryPoint","urlTemplate":"https:\/\/www.argonandco.com\/fr\/?s={search_term_string}"},"query-input":{"@type":"PropertyValueSpecification","valueRequired":true,"valueName":"search_term_string"}}],"inLanguage":"fr-FR"}]}},"_links":{"self":[{"href":"https:\/\/www.argonandco.com\/fr\/wp-json\/wp\/v2\/pages\/1412","targetHints":{"allow":["GET"]}}],"collection":[{"href":"https:\/\/www.argonandco.com\/fr\/wp-json\/wp\/v2\/pages"}],"about":[{"href":"https:\/\/www.argonandco.com\/fr\/wp-json\/wp\/v2\/types\/page"}],"author":[{"embeddable":true,"href":"https:\/\/www.argonandco.com\/fr\/wp-json\/wp\/v2\/users\/1"}],"replies":[{"embeddable":true,"href":"https:\/\/www.argonandco.com\/fr\/wp-json\/wp\/v2\/comments?post=1412"}],"version-history":[{"count":0,"href":"https:\/\/www.argonandco.com\/fr\/wp-json\/wp\/v2\/pages\/1412\/revisions"}],"up":[{"embeddable":true,"href":"https:\/\/www.argonandco.com\/fr\/wp-json\/wp\/v2\/pages\/1382"}],"wp:attachment":[{"href":"https:\/\/www.argonandco.com\/fr\/wp-json\/wp\/v2\/media?parent=1412"}],"curies":[{"name":"wp","href":"https:\/\/api.w.org\/{rel}","templated":true}]}}