{"id":1394,"date":"2019-11-27T14:56:16","date_gmt":"2019-11-27T14:56:00","guid":{"rendered":"https:\/\/www.argonandco.com\/?page_id=1394"},"modified":"2020-04-17T14:05:52","modified_gmt":"2020-04-17T13:05:52","slug":"competitivite","status":"publish","type":"page","link":"https:\/\/www.argonandco.com\/fr\/expertises\/strategie-des-operations\/competitivite\/","title":{"rendered":"Comp\u00e9titivit\u00e9"},"content":{"rendered":"<h2><b>Contexte et d\u00e9fis<\/b><\/h2>\n<p><span class=\"intro\" style=\"font-weight: 400;\">Dans un contexte de volatilit\u00e9 des march\u00e9s et de tension constante, l&rsquo;am\u00e9lioration de l&rsquo;efficacit\u00e9 op\u00e9rationnelle est essentielle pour les entreprises. Elles doivent prendre en compte l\u2019ensemble de leur cha\u00eene de valeur pour obtenir des progr\u00e8s significatifs en mati\u00e8re de performance. C\u2019est l\u00e0 tout l\u2019enjeu des plans de comp\u00e9titivit\u00e9. Quelle que soit la situation de l&rsquo;entreprise, un plan de comp\u00e9titivit\u00e9 est un formidable outil manag\u00e9rial car il permet de concentrer toutes les \u00e9nergies sur le m\u00eame objectif.<\/span><\/p>\n<p><span style=\"font-weight: 400;\">Le lancement d\u2019un plan de comp\u00e9titivit\u00e9 implique d\u2019activer <\/span><span style=\"font-weight: 400;\">tous les leviers<\/span><span style=\"font-weight: 400;\"> op\u00e9rationnels simultan\u00e9ment. L&rsquo;optimisation des co\u00fbts requiert en effet la contribution de toutes les fonctions de l&rsquo;entreprise, de la R&amp;D \u00e0 la logistique en aval. Un plan de comp\u00e9titivit\u00e9 qui adresse uniquement les processus et les co\u00fbts, sans tenir compte de l&rsquo;aspect humain, est vou\u00e9 \u00e0 l&rsquo;\u00e9chec. C&rsquo;est pourquoi la conduite du changement doit \u00eatre int\u00e9gr\u00e9e le plus t\u00f4t possible dans le processus.<\/span><\/p>\n<p><span style=\"font-weight: 400;\">Dix r\u00e8gles d&rsquo;or conditionnent la r\u00e9ussite d&rsquo;un plan de comp\u00e9titivit\u00e9.<\/span><\/p>\n<ol>\n<li style=\"font-weight: 400;\"><span style=\"font-weight: 400;\">Aligner la direction de l\u2019entreprise sur une ambition claire et partag\u00e9e.<\/span><\/li>\n<li style=\"font-weight: 400;\"><span style=\"font-weight: 400;\">Se donner les moyens de r\u00e9ussir en allouant des ressources au projet.<\/span><\/li>\n<li style=\"font-weight: 400;\"><span style=\"font-weight: 400;\">Concentrer le projet sur la r\u00e9alisation des objectifs.<\/span><\/li>\n<li style=\"font-weight: 400;\"><span style=\"font-weight: 400;\">Toujours garder le client \u00e0 l&rsquo;esprit.<\/span><\/li>\n<li style=\"font-weight: 400;\"><span style=\"font-weight: 400;\">Maximiser la port\u00e9e des leviers \u00e0 activer.<\/span><\/li>\n<li style=\"font-weight: 400;\"><span style=\"font-weight: 400;\">Avoir une vision transverse.<\/span><\/li>\n<li style=\"font-weight: 400;\"><span style=\"font-weight: 400;\">Modifier les comportements en profondeur.<\/span><\/li>\n<li style=\"font-weight: 400;\"><span style=\"font-weight: 400;\">Mesurer les impacts sociaux.<\/span><\/li>\n<li style=\"font-weight: 400;\"><span style=\"font-weight: 400;\">G\u00e9rer l&rsquo;effort dans le temps.\u00a0<\/span><\/li>\n<li style=\"font-weight: 400;\"><span style=\"font-weight: 400;\">G\u00e9rer la fin du plan.<\/span><\/li>\n<\/ol>\n<h2><b>Notre approche<\/b><\/h2>\n<p><span style=\"font-weight: 400;\">Argon &amp; Co accompagne ses clients au cours des diff\u00e9rentes phases de diagnostic.<\/span><\/p>\n<ul>\n<li style=\"font-weight: 400;\"><span style=\"font-weight: 400;\">Identifier et valider les leviers op\u00e9rationnels \u00e0 activer.<\/span><\/li>\n<li style=\"font-weight: 400;\"><span style=\"font-weight: 400;\">Favoriser l\u2019adh\u00e9sion des \u00e9quipes aux processus et aux r\u00f4les et responsabilit\u00e9s vis\u00e9s.<\/span><\/li>\n<\/ul>\n<p><span style=\"font-weight: 400;\">Fixer des objectifs ambitieux et les faire accepter par la direction, qui <\/span><span style=\"font-weight: 400;\">sont ensuite responsables des objectifs.<\/span><\/p>\n<ul>\n<li style=\"font-weight: 400;\"><span style=\"font-weight: 400;\">D\u00e9finir le plan d&rsquo;actions afin d\u2019atteindre ces objectifs.<\/span><\/li>\n<\/ul>\n<p><span style=\"font-weight: 400;\">Nous vous assistons \u00e9galement sur les aspects techniques et humains lors des phases d&rsquo;impl\u00e9mentation.\u00a0<\/span><\/p>\n<ul>\n<li style=\"font-weight: 400;\"><span style=\"font-weight: 400;\">Donner l&rsquo;impulsion et mettre en \u0153uvre le plan<\/span><\/li>\n<li style=\"font-weight: 400;\"><span style=\"font-weight: 400;\">G\u00e9rer le programme de transformation et piloter les gains gr\u00e2ce \u00e0 un syst\u00e8me de suivi des prestations pour s&rsquo;assurer que le programme est ax\u00e9 sur les r\u00e9sultats.<\/span><\/li>\n<li style=\"font-weight: 400;\"><span style=\"font-weight: 400;\">Apporter l&rsquo;expertise n\u00e9cessaire pour traiter les questions op\u00e9rationnelles.<\/span><\/li>\n<li style=\"font-weight: 400;\"><span style=\"font-weight: 400;\">Assurer la mise en \u0153uvre des actions pour atteindre les objectifs commerciaux et mesurer les gains.<\/span><\/li>\n<li style=\"font-weight: 400;\"><span style=\"font-weight: 400;\">Soutenir les aspects humains de la transformation.<\/span><\/li>\n<\/ul>\n","protected":false},"excerpt":{"rendered":"<p>Contexte et d\u00e9fis Dans un contexte de volatilit\u00e9 des march\u00e9s et de tension constante, l&rsquo;am\u00e9lioration de l&rsquo;efficacit\u00e9 op\u00e9rationnelle est essentielle pour les entreprises. Elles doivent prendre en compte l\u2019ensemble de leur cha\u00eene de valeur pour obtenir des progr\u00e8s significatifs en mati\u00e8re de performance. C\u2019est l\u00e0 tout l\u2019enjeu des plans de comp\u00e9titivit\u00e9. Quelle que soit la [&hellip;]<\/p>\n","protected":false},"author":1,"featured_media":0,"parent":1380,"menu_order":8,"comment_status":"closed","ping_status":"closed","template":"","meta":{"_acf_changed":false,"footnotes":""},"class_list":["post-1394","page","type-page","status-publish","hentry"],"acf":[],"yoast_head":"<!-- This site is optimized with the Yoast SEO plugin v27.4 - https:\/\/yoast.com\/product\/yoast-seo-wordpress\/ -->\n<title>Comp\u00e9titivit\u00e9 - Argon &amp; Co<\/title>\n<meta name=\"description\" content=\"Argon &amp; Co aide ses clients \u00e0 d\u00e9velopper leur plan de comp\u00e9titivit\u00e9 en adressant toute cha\u00eene de valeur des op\u00e9rations (R&amp;D, Achats, Supply Chain, Logistique,\u2026)\" \/>\n<meta name=\"robots\" content=\"index, follow, max-snippet:-1, max-image-preview:large, max-video-preview:-1\" \/>\n<link rel=\"canonical\" href=\"https:\/\/www.argonandco.com\/fr\/expertises\/strategie-des-operations\/competitivite\/\" \/>\n<meta property=\"og:locale\" content=\"fr_FR\" \/>\n<meta property=\"og:type\" content=\"article\" \/>\n<meta property=\"og:title\" content=\"Comp\u00e9titivit\u00e9 - Argon &amp; Co\" \/>\n<meta property=\"og:description\" content=\"Argon &amp; Co aide ses clients \u00e0 d\u00e9velopper leur plan de comp\u00e9titivit\u00e9 en adressant toute cha\u00eene de valeur des op\u00e9rations (R&amp;D, Achats, Supply Chain, Logistique,\u2026)\" \/>\n<meta property=\"og:url\" content=\"https:\/\/www.argonandco.com\/fr\/expertises\/strategie-des-operations\/competitivite\/\" \/>\n<meta property=\"og:site_name\" content=\"Argon &amp; Co\" \/>\n<meta property=\"article:modified_time\" content=\"2020-04-17T13:05:52+00:00\" \/>\n<meta name=\"twitter:card\" content=\"summary_large_image\" \/>\n<meta name=\"twitter:label1\" content=\"Dur\u00e9e de lecture estim\u00e9e\" \/>\n\t<meta name=\"twitter:data1\" content=\"2 minutes\" \/>\n<script type=\"application\/ld+json\" class=\"yoast-schema-graph\">{\"@context\":\"https:\\\/\\\/schema.org\",\"@graph\":[{\"@type\":\"WebPage\",\"@id\":\"https:\\\/\\\/www.argonandco.com\\\/fr\\\/expertises\\\/strategie-des-operations\\\/competitivite\\\/\",\"url\":\"https:\\\/\\\/www.argonandco.com\\\/fr\\\/expertises\\\/strategie-des-operations\\\/competitivite\\\/\",\"name\":\"Comp\u00e9titivit\u00e9 - Argon &amp; Co\",\"isPartOf\":{\"@id\":\"https:\\\/\\\/www.argonandco.com\\\/fr\\\/#website\"},\"datePublished\":\"2019-11-27T14:56:00+00:00\",\"dateModified\":\"2020-04-17T13:05:52+00:00\",\"description\":\"Argon & Co aide ses clients \u00e0 d\u00e9velopper leur plan de comp\u00e9titivit\u00e9 en adressant toute cha\u00eene de valeur des op\u00e9rations (R&D, Achats, Supply Chain, Logistique,\u2026)\",\"breadcrumb\":{\"@id\":\"https:\\\/\\\/www.argonandco.com\\\/fr\\\/expertises\\\/strategie-des-operations\\\/competitivite\\\/#breadcrumb\"},\"inLanguage\":\"fr-FR\",\"potentialAction\":[{\"@type\":\"ReadAction\",\"target\":[\"https:\\\/\\\/www.argonandco.com\\\/fr\\\/expertises\\\/strategie-des-operations\\\/competitivite\\\/\"]}]},{\"@type\":\"BreadcrumbList\",\"@id\":\"https:\\\/\\\/www.argonandco.com\\\/fr\\\/expertises\\\/strategie-des-operations\\\/competitivite\\\/#breadcrumb\",\"itemListElement\":[{\"@type\":\"ListItem\",\"position\":1,\"name\":\"Home\",\"item\":\"https:\\\/\\\/www.argonandco.com\\\/fr\\\/\"},{\"@type\":\"ListItem\",\"position\":2,\"name\":\"Expertises\",\"item\":\"https:\\\/\\\/www.argonandco.com\\\/fr\\\/expertises\\\/\"},{\"@type\":\"ListItem\",\"position\":3,\"name\":\"Strat\u00e9gie des op\u00e9rations\",\"item\":\"https:\\\/\\\/www.argonandco.com\\\/fr\\\/expertises\\\/strategie-des-operations\\\/\"},{\"@type\":\"ListItem\",\"position\":4,\"name\":\"Comp\u00e9titivit\u00e9\"}]},{\"@type\":\"WebSite\",\"@id\":\"https:\\\/\\\/www.argonandco.com\\\/fr\\\/#website\",\"url\":\"https:\\\/\\\/www.argonandco.com\\\/fr\\\/\",\"name\":\"Argon &amp; Co\",\"description\":\"We help clients achieve their strategic and operational objectives, working together to transform their businesses and generate real change.\",\"potentialAction\":[{\"@type\":\"SearchAction\",\"target\":{\"@type\":\"EntryPoint\",\"urlTemplate\":\"https:\\\/\\\/www.argonandco.com\\\/fr\\\/?s={search_term_string}\"},\"query-input\":{\"@type\":\"PropertyValueSpecification\",\"valueRequired\":true,\"valueName\":\"search_term_string\"}}],\"inLanguage\":\"fr-FR\"}]}<\/script>\n<!-- \/ Yoast SEO plugin. -->","yoast_head_json":{"title":"Comp\u00e9titivit\u00e9 - Argon &amp; Co","description":"Argon & Co aide ses clients \u00e0 d\u00e9velopper leur plan de comp\u00e9titivit\u00e9 en adressant toute cha\u00eene de valeur des op\u00e9rations (R&D, Achats, Supply Chain, Logistique,\u2026)","robots":{"index":"index","follow":"follow","max-snippet":"max-snippet:-1","max-image-preview":"max-image-preview:large","max-video-preview":"max-video-preview:-1"},"canonical":"https:\/\/www.argonandco.com\/fr\/expertises\/strategie-des-operations\/competitivite\/","og_locale":"fr_FR","og_type":"article","og_title":"Comp\u00e9titivit\u00e9 - Argon &amp; Co","og_description":"Argon & Co aide ses clients \u00e0 d\u00e9velopper leur plan de comp\u00e9titivit\u00e9 en adressant toute cha\u00eene de valeur des op\u00e9rations (R&D, Achats, Supply Chain, Logistique,\u2026)","og_url":"https:\/\/www.argonandco.com\/fr\/expertises\/strategie-des-operations\/competitivite\/","og_site_name":"Argon &amp; Co","article_modified_time":"2020-04-17T13:05:52+00:00","twitter_card":"summary_large_image","twitter_misc":{"Dur\u00e9e de lecture estim\u00e9e":"2 minutes"},"schema":{"@context":"https:\/\/schema.org","@graph":[{"@type":"WebPage","@id":"https:\/\/www.argonandco.com\/fr\/expertises\/strategie-des-operations\/competitivite\/","url":"https:\/\/www.argonandco.com\/fr\/expertises\/strategie-des-operations\/competitivite\/","name":"Comp\u00e9titivit\u00e9 - Argon &amp; Co","isPartOf":{"@id":"https:\/\/www.argonandco.com\/fr\/#website"},"datePublished":"2019-11-27T14:56:00+00:00","dateModified":"2020-04-17T13:05:52+00:00","description":"Argon & Co aide ses clients \u00e0 d\u00e9velopper leur plan de comp\u00e9titivit\u00e9 en adressant toute cha\u00eene de valeur des op\u00e9rations (R&D, Achats, Supply Chain, Logistique,\u2026)","breadcrumb":{"@id":"https:\/\/www.argonandco.com\/fr\/expertises\/strategie-des-operations\/competitivite\/#breadcrumb"},"inLanguage":"fr-FR","potentialAction":[{"@type":"ReadAction","target":["https:\/\/www.argonandco.com\/fr\/expertises\/strategie-des-operations\/competitivite\/"]}]},{"@type":"BreadcrumbList","@id":"https:\/\/www.argonandco.com\/fr\/expertises\/strategie-des-operations\/competitivite\/#breadcrumb","itemListElement":[{"@type":"ListItem","position":1,"name":"Home","item":"https:\/\/www.argonandco.com\/fr\/"},{"@type":"ListItem","position":2,"name":"Expertises","item":"https:\/\/www.argonandco.com\/fr\/expertises\/"},{"@type":"ListItem","position":3,"name":"Strat\u00e9gie des op\u00e9rations","item":"https:\/\/www.argonandco.com\/fr\/expertises\/strategie-des-operations\/"},{"@type":"ListItem","position":4,"name":"Comp\u00e9titivit\u00e9"}]},{"@type":"WebSite","@id":"https:\/\/www.argonandco.com\/fr\/#website","url":"https:\/\/www.argonandco.com\/fr\/","name":"Argon &amp; Co","description":"We help clients achieve their strategic and operational objectives, working together to transform their businesses and generate real change.","potentialAction":[{"@type":"SearchAction","target":{"@type":"EntryPoint","urlTemplate":"https:\/\/www.argonandco.com\/fr\/?s={search_term_string}"},"query-input":{"@type":"PropertyValueSpecification","valueRequired":true,"valueName":"search_term_string"}}],"inLanguage":"fr-FR"}]}},"_links":{"self":[{"href":"https:\/\/www.argonandco.com\/fr\/wp-json\/wp\/v2\/pages\/1394","targetHints":{"allow":["GET"]}}],"collection":[{"href":"https:\/\/www.argonandco.com\/fr\/wp-json\/wp\/v2\/pages"}],"about":[{"href":"https:\/\/www.argonandco.com\/fr\/wp-json\/wp\/v2\/types\/page"}],"author":[{"embeddable":true,"href":"https:\/\/www.argonandco.com\/fr\/wp-json\/wp\/v2\/users\/1"}],"replies":[{"embeddable":true,"href":"https:\/\/www.argonandco.com\/fr\/wp-json\/wp\/v2\/comments?post=1394"}],"version-history":[{"count":0,"href":"https:\/\/www.argonandco.com\/fr\/wp-json\/wp\/v2\/pages\/1394\/revisions"}],"up":[{"embeddable":true,"href":"https:\/\/www.argonandco.com\/fr\/wp-json\/wp\/v2\/pages\/1380"}],"wp:attachment":[{"href":"https:\/\/www.argonandco.com\/fr\/wp-json\/wp\/v2\/media?parent=1394"}],"curies":[{"name":"wp","href":"https:\/\/api.w.org\/{rel}","templated":true}]}}