{"id":1392,"date":"2019-11-27T14:54:16","date_gmt":"2019-11-27T14:54:34","guid":{"rendered":"https:\/\/www.argonandco.com\/?page_id=1392"},"modified":"2020-03-18T12:14:18","modified_gmt":"2020-03-18T12:14:18","slug":"organisation-et-ressources-humaines","status":"publish","type":"page","link":"https:\/\/www.argonandco.com\/fr\/expertises\/strategie-des-operations\/organisation-et-ressources-humaines\/","title":{"rendered":"Organisation et Ressources Humaines"},"content":{"rendered":"<h2><b>Contexte et d\u00e9fis<\/b><\/h2>\n<p><span class=\"intro\" style=\"font-weight: 400;\">Les entreprises sont conscientes que les \u00e9quipes et les comp\u00e9tences sont essentielles \u00e0 leur succ\u00e8s. Beaucoup d\u2019entre elles ne parviennent toutefois pas \u00e0 d\u00e9velopper des strat\u00e9gies claires pour fid\u00e9liser, d\u00e9velopper, motiver et faire \u00e9voluer leurs effectifs pour r\u00e9pondre \u00e0 leurs besoins.\u00a0<\/span><\/p>\n<p><span style=\"font-weight: 400;\">Les comp\u00e9tences sont au c\u0153ur des d\u00e9fis rencontr\u00e9s par la plupart des entreprises qui traversent une p\u00e9riode de transformation. Des collaborateurs comp\u00e9tents et exp\u00e9riment\u00e9s sont souvent sollicit\u00e9s pour des r\u00f4les-cl\u00e9s sur des projets, ce qui cr\u00e9e un vide dans les activit\u00e9s courantes. Les entreprises peuvent recruter de nouvelles comp\u00e9tences en appui au cours d&rsquo;un processus de changement, mais il est n\u00e9cessaire de s\u2019assurer d\u2019un transfert de connaissances complet afin que le changement soit durable. Trouver cet\u00a0 \u00e9quilibre peut faire la diff\u00e9rence entre un changement p\u00e9renne et un changement qui \u00e9choue.<\/span><\/p>\n<p><span style=\"font-weight: 400;\">Bien souvent, de mauvaises performances sont dues \u00e0 un manque d\u2019ad\u00e9quation entre les indicateurs RH et les motivations personnelles. Les entreprises doivent examiner de mani\u00e8re holistique la mani\u00e8re dont elles mesurent et encouragent la performance de leurs \u00e9quipes. Et ce, en l\u2019envisageant en coh\u00e9rence avec la strat\u00e9gie de l\u2019entreprise et en les motivant \u00e0 faire ce qui est requis par le mod\u00e8le op\u00e9rationnel.\u00a0<\/span><\/p>\n<p><span style=\"font-weight: 400;\">Une solide feuille de route en mati\u00e8re de conception organisationnelle et de comp\u00e9tences est essentielle pour permettre aux organisations d&rsquo;atteindre leurs objectifs strat\u00e9giques.<\/span><\/p>\n<p>&nbsp;<\/p>\n<h2><b><\/b><b>Notre approche<\/b><\/h2>\n<p><span style=\"font-weight: 400;\">Argon &amp; Co examine, con\u00e7oit et met en \u0153uvre les changements organisationnels de ses clients. Nous mettons en place ou revoyons l\u2019organisation des \u00e9quipes, voire des structures commerciales enti\u00e8res afin d\u2019accompagner nos clients \u00e0 renforcer les comp\u00e9tences de leurs salari\u00e9s. Dans cette optique, nous disposons d&rsquo;un cadre d&rsquo;\u00e9valuation des comp\u00e9tences existantes et d&rsquo;un programme qui aide les dirigeants \u00e0 \u00e9laborer des plans d&rsquo;am\u00e9lioration pour combler les lacunes identifi\u00e9es.\u00a0<\/span><\/p>\n<p><span style=\"font-weight: 400;\">Le d\u00e9veloppement des capacit\u00e9s ad\u00e9quates au sein d\u2019une entreprise est souvent une d\u00e9marche progressive et continue, \u00e0 entreprendre avec pr\u00e9caution tout en prenant en compte la trajectoire de l\u2019entreprise. Il n&rsquo;existe pas de solution standard car chaque organisation a des objectifs diff\u00e9rents et une situation de d\u00e9part sp\u00e9cifique.<\/span><\/p>\n<p><span style=\"font-weight: 400;\">Nous accompagnons les entreprises de la mani\u00e8re suivante :<\/span><\/p>\n<ul>\n<li style=\"font-weight: 400;\"><span style=\"font-weight: 400;\">\u00e9valuation, conception et int\u00e9gration d\u2019une nouvelle structure organisationnelle\u00a0gr\u00e2ce \u00e0 la mise en place d\u2019un plan clairement d\u00e9fini\u00a0;<\/span><\/li>\n<li style=\"font-weight: 400;\"><span style=\"font-weight: 400;\">identification des comp\u00e9tences-cl\u00e9s dans lesquelles une entreprise doit investir, en coh\u00e9rence avec la strat\u00e9gie commerciale et op\u00e9rationnelle : cette d\u00e9marche comprend un benchmark des meilleures pratiques dans des domaines en pleine \u00e9volution comme le digital ;<\/span><\/li>\n<li style=\"font-weight: 400;\"><span style=\"font-weight: 400;\">cr\u00e9ation d&rsquo;un plan d&rsquo;organisation cible\u00a0;<\/span><\/li>\n<li style=\"font-weight: 400;\"><span style=\"font-weight: 400;\">Formalisation de r\u00f4les et de responsabilit\u00e9s clairs (d\u00e9finitions, capacit\u00e9s requises, interfaces-cl\u00e9s et m\u00e9triques)\u00a0;<\/span><\/li>\n<li style=\"font-weight: 400;\"><span style=\"font-weight: 400;\">\u00e9valuation de salari\u00e9s en utilisant notre r\u00e9f\u00e9rentiel de comp\u00e9tences scprime\u00ae pour r\u00e9aliser une \u00e9valuation rapide des membres d\u2019une \u00e9quipe, avec \u00e0 la cl\u00e9 des rapports clairs et exhaustifs sur les comp\u00e9tences et les lacunes \u00e0 date. Nous travaillons \u00e9galement avec les \u00e9quipes pour d\u00e9velopper des actions visant \u00e0 combler ces lacunes\u00a0;<\/span><\/li>\n<li style=\"font-weight: 400;\"><span style=\"font-weight: 400;\">\u00e9valuation du nombre de salari\u00e9s par r\u00f4le, g\u00e9n\u00e9ralement en fonction de la port\u00e9e et de la complexit\u00e9 des r\u00f4les\u00a0;<\/span><\/li>\n<li style=\"font-weight: 400;\"><span style=\"font-weight: 400;\">mobilisation <\/span><span style=\"font-weight: 400;\">\u00a0et formation <\/span><span style=\"font-weight: 400;\">des parties prenantes \u00e0 tous les niveaux de l\u2019organisation afin de susciter leur adh\u00e9sion et leur engagement\u00a0;<\/span><\/li>\n<li style=\"font-weight: 400;\"><span style=\"font-weight: 400;\">\u00e9laboration et ex\u00e9cution d\u2019une strat\u00e9gie de formation pour soutenir les programmes de transformation.<\/span><\/li>\n<\/ul>\n","protected":false},"excerpt":{"rendered":"<p>Contexte et d\u00e9fis Les entreprises sont conscientes que les \u00e9quipes et les comp\u00e9tences sont essentielles \u00e0 leur succ\u00e8s. Beaucoup d\u2019entre elles ne parviennent toutefois pas \u00e0 d\u00e9velopper des strat\u00e9gies claires pour fid\u00e9liser, d\u00e9velopper, motiver et faire \u00e9voluer leurs effectifs pour r\u00e9pondre \u00e0 leurs besoins.\u00a0 Les comp\u00e9tences sont au c\u0153ur des d\u00e9fis rencontr\u00e9s par la plupart [&hellip;]<\/p>\n","protected":false},"author":1,"featured_media":0,"parent":1380,"menu_order":7,"comment_status":"closed","ping_status":"closed","template":"","meta":{"_acf_changed":false,"footnotes":""},"class_list":["post-1392","page","type-page","status-publish","hentry"],"acf":[],"yoast_head":"<!-- This site is optimized with the Yoast SEO plugin v27.4 - https:\/\/yoast.com\/product\/yoast-seo-wordpress\/ -->\n<title>Organisation et Ressources Humaines - Argon &amp; Co<\/title>\n<meta name=\"robots\" content=\"index, follow, max-snippet:-1, max-image-preview:large, max-video-preview:-1\" \/>\n<link rel=\"canonical\" href=\"https:\/\/www.argonandco.com\/fr\/expertises\/strategie-des-operations\/organisation-et-ressources-humaines\/\" \/>\n<meta property=\"og:locale\" content=\"fr_FR\" \/>\n<meta property=\"og:type\" content=\"article\" \/>\n<meta property=\"og:title\" content=\"Organisation et Ressources Humaines - Argon &amp; Co\" \/>\n<meta property=\"og:description\" content=\"Contexte et d\u00e9fis Les entreprises sont conscientes que les \u00e9quipes et les comp\u00e9tences sont essentielles \u00e0 leur succ\u00e8s. Beaucoup d\u2019entre elles ne parviennent toutefois pas \u00e0 d\u00e9velopper des strat\u00e9gies claires pour fid\u00e9liser, d\u00e9velopper, motiver et faire \u00e9voluer leurs effectifs pour r\u00e9pondre \u00e0 leurs besoins.\u00a0 Les comp\u00e9tences sont au c\u0153ur des d\u00e9fis rencontr\u00e9s par la plupart [&hellip;]\" \/>\n<meta property=\"og:url\" content=\"https:\/\/www.argonandco.com\/fr\/expertises\/strategie-des-operations\/organisation-et-ressources-humaines\/\" \/>\n<meta property=\"og:site_name\" content=\"Argon &amp; Co\" \/>\n<meta property=\"article:modified_time\" content=\"2020-03-18T12:14:18+00:00\" \/>\n<meta name=\"twitter:card\" content=\"summary_large_image\" \/>\n<meta name=\"twitter:label1\" content=\"Dur\u00e9e de lecture estim\u00e9e\" \/>\n\t<meta name=\"twitter:data1\" content=\"3 minutes\" \/>\n<script type=\"application\/ld+json\" class=\"yoast-schema-graph\">{\"@context\":\"https:\\\/\\\/schema.org\",\"@graph\":[{\"@type\":\"WebPage\",\"@id\":\"https:\\\/\\\/www.argonandco.com\\\/fr\\\/expertises\\\/strategie-des-operations\\\/organisation-et-ressources-humaines\\\/\",\"url\":\"https:\\\/\\\/www.argonandco.com\\\/fr\\\/expertises\\\/strategie-des-operations\\\/organisation-et-ressources-humaines\\\/\",\"name\":\"Organisation et Ressources Humaines - Argon &amp; Co\",\"isPartOf\":{\"@id\":\"https:\\\/\\\/www.argonandco.com\\\/fr\\\/#website\"},\"datePublished\":\"2019-11-27T14:54:34+00:00\",\"dateModified\":\"2020-03-18T12:14:18+00:00\",\"breadcrumb\":{\"@id\":\"https:\\\/\\\/www.argonandco.com\\\/fr\\\/expertises\\\/strategie-des-operations\\\/organisation-et-ressources-humaines\\\/#breadcrumb\"},\"inLanguage\":\"fr-FR\",\"potentialAction\":[{\"@type\":\"ReadAction\",\"target\":[\"https:\\\/\\\/www.argonandco.com\\\/fr\\\/expertises\\\/strategie-des-operations\\\/organisation-et-ressources-humaines\\\/\"]}]},{\"@type\":\"BreadcrumbList\",\"@id\":\"https:\\\/\\\/www.argonandco.com\\\/fr\\\/expertises\\\/strategie-des-operations\\\/organisation-et-ressources-humaines\\\/#breadcrumb\",\"itemListElement\":[{\"@type\":\"ListItem\",\"position\":1,\"name\":\"Home\",\"item\":\"https:\\\/\\\/www.argonandco.com\\\/fr\\\/\"},{\"@type\":\"ListItem\",\"position\":2,\"name\":\"Expertises\",\"item\":\"https:\\\/\\\/www.argonandco.com\\\/fr\\\/expertises\\\/\"},{\"@type\":\"ListItem\",\"position\":3,\"name\":\"Strat\u00e9gie des op\u00e9rations\",\"item\":\"https:\\\/\\\/www.argonandco.com\\\/fr\\\/expertises\\\/strategie-des-operations\\\/\"},{\"@type\":\"ListItem\",\"position\":4,\"name\":\"Organisation et Ressources Humaines\"}]},{\"@type\":\"WebSite\",\"@id\":\"https:\\\/\\\/www.argonandco.com\\\/fr\\\/#website\",\"url\":\"https:\\\/\\\/www.argonandco.com\\\/fr\\\/\",\"name\":\"Argon &amp; Co\",\"description\":\"We help clients achieve their strategic and operational objectives, working together to transform their businesses and generate real change.\",\"potentialAction\":[{\"@type\":\"SearchAction\",\"target\":{\"@type\":\"EntryPoint\",\"urlTemplate\":\"https:\\\/\\\/www.argonandco.com\\\/fr\\\/?s={search_term_string}\"},\"query-input\":{\"@type\":\"PropertyValueSpecification\",\"valueRequired\":true,\"valueName\":\"search_term_string\"}}],\"inLanguage\":\"fr-FR\"}]}<\/script>\n<!-- \/ Yoast SEO plugin. -->","yoast_head_json":{"title":"Organisation et Ressources Humaines - Argon &amp; Co","robots":{"index":"index","follow":"follow","max-snippet":"max-snippet:-1","max-image-preview":"max-image-preview:large","max-video-preview":"max-video-preview:-1"},"canonical":"https:\/\/www.argonandco.com\/fr\/expertises\/strategie-des-operations\/organisation-et-ressources-humaines\/","og_locale":"fr_FR","og_type":"article","og_title":"Organisation et Ressources Humaines - Argon &amp; Co","og_description":"Contexte et d\u00e9fis Les entreprises sont conscientes que les \u00e9quipes et les comp\u00e9tences sont essentielles \u00e0 leur succ\u00e8s. Beaucoup d\u2019entre elles ne parviennent toutefois pas \u00e0 d\u00e9velopper des strat\u00e9gies claires pour fid\u00e9liser, d\u00e9velopper, motiver et faire \u00e9voluer leurs effectifs pour r\u00e9pondre \u00e0 leurs besoins.\u00a0 Les comp\u00e9tences sont au c\u0153ur des d\u00e9fis rencontr\u00e9s par la plupart [&hellip;]","og_url":"https:\/\/www.argonandco.com\/fr\/expertises\/strategie-des-operations\/organisation-et-ressources-humaines\/","og_site_name":"Argon &amp; Co","article_modified_time":"2020-03-18T12:14:18+00:00","twitter_card":"summary_large_image","twitter_misc":{"Dur\u00e9e de lecture estim\u00e9e":"3 minutes"},"schema":{"@context":"https:\/\/schema.org","@graph":[{"@type":"WebPage","@id":"https:\/\/www.argonandco.com\/fr\/expertises\/strategie-des-operations\/organisation-et-ressources-humaines\/","url":"https:\/\/www.argonandco.com\/fr\/expertises\/strategie-des-operations\/organisation-et-ressources-humaines\/","name":"Organisation et Ressources Humaines - Argon &amp; Co","isPartOf":{"@id":"https:\/\/www.argonandco.com\/fr\/#website"},"datePublished":"2019-11-27T14:54:34+00:00","dateModified":"2020-03-18T12:14:18+00:00","breadcrumb":{"@id":"https:\/\/www.argonandco.com\/fr\/expertises\/strategie-des-operations\/organisation-et-ressources-humaines\/#breadcrumb"},"inLanguage":"fr-FR","potentialAction":[{"@type":"ReadAction","target":["https:\/\/www.argonandco.com\/fr\/expertises\/strategie-des-operations\/organisation-et-ressources-humaines\/"]}]},{"@type":"BreadcrumbList","@id":"https:\/\/www.argonandco.com\/fr\/expertises\/strategie-des-operations\/organisation-et-ressources-humaines\/#breadcrumb","itemListElement":[{"@type":"ListItem","position":1,"name":"Home","item":"https:\/\/www.argonandco.com\/fr\/"},{"@type":"ListItem","position":2,"name":"Expertises","item":"https:\/\/www.argonandco.com\/fr\/expertises\/"},{"@type":"ListItem","position":3,"name":"Strat\u00e9gie des op\u00e9rations","item":"https:\/\/www.argonandco.com\/fr\/expertises\/strategie-des-operations\/"},{"@type":"ListItem","position":4,"name":"Organisation et Ressources Humaines"}]},{"@type":"WebSite","@id":"https:\/\/www.argonandco.com\/fr\/#website","url":"https:\/\/www.argonandco.com\/fr\/","name":"Argon &amp; Co","description":"We help clients achieve their strategic and operational objectives, working together to transform their businesses and generate real change.","potentialAction":[{"@type":"SearchAction","target":{"@type":"EntryPoint","urlTemplate":"https:\/\/www.argonandco.com\/fr\/?s={search_term_string}"},"query-input":{"@type":"PropertyValueSpecification","valueRequired":true,"valueName":"search_term_string"}}],"inLanguage":"fr-FR"}]}},"_links":{"self":[{"href":"https:\/\/www.argonandco.com\/fr\/wp-json\/wp\/v2\/pages\/1392","targetHints":{"allow":["GET"]}}],"collection":[{"href":"https:\/\/www.argonandco.com\/fr\/wp-json\/wp\/v2\/pages"}],"about":[{"href":"https:\/\/www.argonandco.com\/fr\/wp-json\/wp\/v2\/types\/page"}],"author":[{"embeddable":true,"href":"https:\/\/www.argonandco.com\/fr\/wp-json\/wp\/v2\/users\/1"}],"replies":[{"embeddable":true,"href":"https:\/\/www.argonandco.com\/fr\/wp-json\/wp\/v2\/comments?post=1392"}],"version-history":[{"count":0,"href":"https:\/\/www.argonandco.com\/fr\/wp-json\/wp\/v2\/pages\/1392\/revisions"}],"up":[{"embeddable":true,"href":"https:\/\/www.argonandco.com\/fr\/wp-json\/wp\/v2\/pages\/1380"}],"wp:attachment":[{"href":"https:\/\/www.argonandco.com\/fr\/wp-json\/wp\/v2\/media?parent=1392"}],"curies":[{"name":"wp","href":"https:\/\/api.w.org\/{rel}","templated":true}]}}