{"id":1382,"date":"2019-11-27T14:08:10","date_gmt":"2019-11-27T14:08:10","guid":{"rendered":"https:\/\/www.argonandco.com\/?page_id=1382"},"modified":"2024-12-16T10:58:28","modified_gmt":"2024-12-16T10:58:28","slug":"supply-chain-planning","status":"publish","type":"page","link":"https:\/\/www.argonandco.com\/fr\/expertises\/supply-chain-planning\/","title":{"rendered":"Supply chain planning"},"content":{"rendered":"<h3>Optimisez votre planification de la Supply Chain avec le soutien de nos consultants<\/h3>\n<p>Volatilit\u00e9 de la demande, renouvellement des produits, complexit\u00e9 des structures industrielles ou des r\u00e9seaux et canaux de distribution, pressions sur les stocks et raccourcissement des d\u00e9lais sont autant de facteurs qui gr\u00e8vent le planning de la Supply Chain et le rendent toujours plus complexe. Cette tendance ne fera que s\u2019accentuer avec le temps.<\/p>\n<p>Nos consultants en Supply Chain peuvent vous accompagner pour faciliter l\u2019int\u00e9gration de ces diff\u00e9rents facteurs dans vos process.<\/p>\n<h3>Les trois piliers de la planification de Supply Chain<\/h3>\n<p>Dans ce contexte, les trois piliers d\u2019un service client irr\u00e9prochable et de stocks r\u00e9duits au strict n\u00e9cessaire sont\u00a0:<\/p>\n<ul>\n<li>la qualit\u00e9 de la prise de d\u00e9cision en S&amp;OP (Sales &amp; Operations Planning),<\/li>\n<li>la coh\u00e9rence des plans op\u00e9rationnels de la Supply Chain (distribution, production et approvisionnement) au travers de notre m\u00e9thodologie exclusive : No Chain Planning<\/li>\n<li>l\u2019excellence de l\u2019ex\u00e9cution.<\/li>\n<\/ul>\n<h3>Transformez vos process de planification de la Supply Chain<\/h3>\n<p>Les entreprises doivent donc adapter leur organisation et remettre en question leurs principes de planification de la Supply Chain afin de mieux soutenir leur strat\u00e9gie business. Elles doivent \u00e9galement structurer et professionnaliser leurs \u00e9quipes \u00e0 travers des transformations du Supply Chain management ax\u00e9es sur les r\u00e9sultats. S\u2019\u00e9quiper des technologies les plus efficaces pour renforcer les processus de planification op\u00e9rationnelle de la demande, des flux, des stocks et des capacit\u00e9s est un autre imp\u00e9ratif.<\/p>\n<p>Pour mener ce type de transformation, il est essentiel d\u2019adopter une approche pragmatique combin\u00e9e aux meilleures pratiques par grand secteur industriel et d\u2019embarquer les \u00e9quipes.<\/p>\n<h3>Comment relever les d\u00e9fis de la planification de Supply Chain ?<\/h3>\n<p>Pour faire face \u00e0 ces d\u00e9fis, Argon &amp; Co a d\u00e9fini une m\u00e9thodologie exclusive : No Chain Planning. Cette m\u00e9thodologie permet de transformer en profondeur l\u2019ensemble des processus impliqu\u00e9s (planification, approvisionnement, qualit\u00e9\u2026) dans le but d\u2019am\u00e9liorer significativement le niveau de service (de l\u2019ordre de 10 \u00e0 15 %) et les stocks (de l\u2019ordre de -10 \u00e0 -20 %) gr\u00e2ce \u00e0 une Supply Chain plus agile.<\/p>\n<p>Notre \u00e9quipe de consultants en Supply Chain accompagne ses clients dans leurs transformations et leur fournit des r\u00e9sultats tangibles.<\/p>\n<p>Nous analysons en profondeur les probl\u00e8mes pour en identifier la cause en appliquant m\u00e9thode et discernement. Nous combinons exp\u00e9rience op\u00e9rationnelle et expertise technique et sectorielle pour aider nos clients \u00e0 r\u00e9soudre les probl\u00e8mes de Supply Chain mangement.<\/p>\n<p>Notre approche r\u00e9solument collaborative garantit l&rsquo;adh\u00e9sion \u00e0 tous les niveaux de l&rsquo;entreprise de nos clients pour un r\u00e9sultat p\u00e9renne.<\/p>\n<p>Pour en savoir plus sur nous, <a href=\"https:\/\/www.argonandco.com\/fr\/a-propos\/\">cliquez ici<\/a>.<\/p>\n<p>Consultez la barre de navigation en haut de page pour plus de d\u00e9tails sur une s\u00e9lection de d\u00e9fis de la Supply Chain sur lesquels notre cabinet de conseil travaille r\u00e9guli\u00e8rement.<\/p>\n","protected":false},"excerpt":{"rendered":"<p>Optimisez votre planification de la Supply Chain avec le soutien de nos consultants Volatilit\u00e9 de la demande, renouvellement des produits, complexit\u00e9 des structures industrielles ou des r\u00e9seaux et canaux de distribution, pressions sur les stocks et raccourcissement des d\u00e9lais sont autant de facteurs qui gr\u00e8vent le planning de la Supply Chain et le rendent toujours [&hellip;]<\/p>\n","protected":false},"author":1,"featured_media":0,"parent":1372,"menu_order":9,"comment_status":"closed","ping_status":"closed","template":"","meta":{"_acf_changed":false,"footnotes":""},"class_list":["post-1382","page","type-page","status-publish","hentry"],"acf":[],"yoast_head":"<!-- This site is optimized with the Yoast SEO plugin v27.4 - https:\/\/yoast.com\/product\/yoast-seo-wordpress\/ -->\n<title>Conseil En Supply Chain Planning | Argon &amp; Co<\/title>\n<meta name=\"description\" content=\"Argon &amp; Co aide ses clients \u00e0 optimiser leur Supply Chain en optimisant les co\u00fbts des op\u00e9rations, des stocks et des services.\" \/>\n<meta name=\"robots\" content=\"index, follow, max-snippet:-1, max-image-preview:large, max-video-preview:-1\" \/>\n<link rel=\"canonical\" href=\"https:\/\/www.argonandco.com\/fr\/expertises\/supply-chain-planning\/\" \/>\n<meta property=\"og:locale\" content=\"fr_FR\" \/>\n<meta property=\"og:type\" content=\"article\" \/>\n<meta property=\"og:title\" content=\"Conseil En Supply Chain Planning | Argon &amp; Co\" \/>\n<meta property=\"og:description\" content=\"Argon &amp; Co aide ses clients \u00e0 optimiser leur Supply Chain en optimisant les co\u00fbts des op\u00e9rations, des stocks et des services.\" \/>\n<meta property=\"og:url\" content=\"https:\/\/www.argonandco.com\/fr\/expertises\/supply-chain-planning\/\" \/>\n<meta property=\"og:site_name\" content=\"Argon &amp; Co\" \/>\n<meta property=\"article:modified_time\" content=\"2024-12-16T10:58:28+00:00\" \/>\n<meta name=\"twitter:card\" content=\"summary_large_image\" \/>\n<meta name=\"twitter:label1\" content=\"Dur\u00e9e de lecture estim\u00e9e\" \/>\n\t<meta name=\"twitter:data1\" content=\"1 minute\" \/>\n<script type=\"application\/ld+json\" class=\"yoast-schema-graph\">{\"@context\":\"https:\\\/\\\/schema.org\",\"@graph\":[{\"@type\":\"WebPage\",\"@id\":\"https:\\\/\\\/www.argonandco.com\\\/fr\\\/expertises\\\/supply-chain-planning\\\/\",\"url\":\"https:\\\/\\\/www.argonandco.com\\\/fr\\\/expertises\\\/supply-chain-planning\\\/\",\"name\":\"Conseil En Supply Chain Planning | Argon & Co\",\"isPartOf\":{\"@id\":\"https:\\\/\\\/www.argonandco.com\\\/fr\\\/#website\"},\"datePublished\":\"2019-11-27T14:08:10+00:00\",\"dateModified\":\"2024-12-16T10:58:28+00:00\",\"description\":\"Argon & Co aide ses clients \u00e0 optimiser leur Supply Chain en optimisant les co\u00fbts des op\u00e9rations, des stocks et des services.\",\"breadcrumb\":{\"@id\":\"https:\\\/\\\/www.argonandco.com\\\/fr\\\/expertises\\\/supply-chain-planning\\\/#breadcrumb\"},\"inLanguage\":\"fr-FR\",\"potentialAction\":[{\"@type\":\"ReadAction\",\"target\":[\"https:\\\/\\\/www.argonandco.com\\\/fr\\\/expertises\\\/supply-chain-planning\\\/\"]}]},{\"@type\":\"BreadcrumbList\",\"@id\":\"https:\\\/\\\/www.argonandco.com\\\/fr\\\/expertises\\\/supply-chain-planning\\\/#breadcrumb\",\"itemListElement\":[{\"@type\":\"ListItem\",\"position\":1,\"name\":\"Home\",\"item\":\"https:\\\/\\\/www.argonandco.com\\\/fr\\\/\"},{\"@type\":\"ListItem\",\"position\":2,\"name\":\"Expertises\",\"item\":\"https:\\\/\\\/www.argonandco.com\\\/fr\\\/expertises\\\/\"},{\"@type\":\"ListItem\",\"position\":3,\"name\":\"Supply chain planning\"}]},{\"@type\":\"WebSite\",\"@id\":\"https:\\\/\\\/www.argonandco.com\\\/fr\\\/#website\",\"url\":\"https:\\\/\\\/www.argonandco.com\\\/fr\\\/\",\"name\":\"Argon &amp; Co\",\"description\":\"We help clients achieve their strategic and operational objectives, working together to transform their businesses and generate real change.\",\"potentialAction\":[{\"@type\":\"SearchAction\",\"target\":{\"@type\":\"EntryPoint\",\"urlTemplate\":\"https:\\\/\\\/www.argonandco.com\\\/fr\\\/?s={search_term_string}\"},\"query-input\":{\"@type\":\"PropertyValueSpecification\",\"valueRequired\":true,\"valueName\":\"search_term_string\"}}],\"inLanguage\":\"fr-FR\"}]}<\/script>\n<!-- \/ Yoast SEO plugin. -->","yoast_head_json":{"title":"Conseil En Supply Chain Planning | Argon & Co","description":"Argon & Co aide ses clients \u00e0 optimiser leur Supply Chain en optimisant les co\u00fbts des op\u00e9rations, des stocks et des services.","robots":{"index":"index","follow":"follow","max-snippet":"max-snippet:-1","max-image-preview":"max-image-preview:large","max-video-preview":"max-video-preview:-1"},"canonical":"https:\/\/www.argonandco.com\/fr\/expertises\/supply-chain-planning\/","og_locale":"fr_FR","og_type":"article","og_title":"Conseil En Supply Chain Planning | Argon & Co","og_description":"Argon & Co aide ses clients \u00e0 optimiser leur Supply Chain en optimisant les co\u00fbts des op\u00e9rations, des stocks et des services.","og_url":"https:\/\/www.argonandco.com\/fr\/expertises\/supply-chain-planning\/","og_site_name":"Argon &amp; Co","article_modified_time":"2024-12-16T10:58:28+00:00","twitter_card":"summary_large_image","twitter_misc":{"Dur\u00e9e de lecture estim\u00e9e":"1 minute"},"schema":{"@context":"https:\/\/schema.org","@graph":[{"@type":"WebPage","@id":"https:\/\/www.argonandco.com\/fr\/expertises\/supply-chain-planning\/","url":"https:\/\/www.argonandco.com\/fr\/expertises\/supply-chain-planning\/","name":"Conseil En Supply Chain Planning | Argon & Co","isPartOf":{"@id":"https:\/\/www.argonandco.com\/fr\/#website"},"datePublished":"2019-11-27T14:08:10+00:00","dateModified":"2024-12-16T10:58:28+00:00","description":"Argon & Co aide ses clients \u00e0 optimiser leur Supply Chain en optimisant les co\u00fbts des op\u00e9rations, des stocks et des services.","breadcrumb":{"@id":"https:\/\/www.argonandco.com\/fr\/expertises\/supply-chain-planning\/#breadcrumb"},"inLanguage":"fr-FR","potentialAction":[{"@type":"ReadAction","target":["https:\/\/www.argonandco.com\/fr\/expertises\/supply-chain-planning\/"]}]},{"@type":"BreadcrumbList","@id":"https:\/\/www.argonandco.com\/fr\/expertises\/supply-chain-planning\/#breadcrumb","itemListElement":[{"@type":"ListItem","position":1,"name":"Home","item":"https:\/\/www.argonandco.com\/fr\/"},{"@type":"ListItem","position":2,"name":"Expertises","item":"https:\/\/www.argonandco.com\/fr\/expertises\/"},{"@type":"ListItem","position":3,"name":"Supply chain planning"}]},{"@type":"WebSite","@id":"https:\/\/www.argonandco.com\/fr\/#website","url":"https:\/\/www.argonandco.com\/fr\/","name":"Argon &amp; Co","description":"We help clients achieve their strategic and operational objectives, working together to transform their businesses and generate real change.","potentialAction":[{"@type":"SearchAction","target":{"@type":"EntryPoint","urlTemplate":"https:\/\/www.argonandco.com\/fr\/?s={search_term_string}"},"query-input":{"@type":"PropertyValueSpecification","valueRequired":true,"valueName":"search_term_string"}}],"inLanguage":"fr-FR"}]}},"_links":{"self":[{"href":"https:\/\/www.argonandco.com\/fr\/wp-json\/wp\/v2\/pages\/1382","targetHints":{"allow":["GET"]}}],"collection":[{"href":"https:\/\/www.argonandco.com\/fr\/wp-json\/wp\/v2\/pages"}],"about":[{"href":"https:\/\/www.argonandco.com\/fr\/wp-json\/wp\/v2\/types\/page"}],"author":[{"embeddable":true,"href":"https:\/\/www.argonandco.com\/fr\/wp-json\/wp\/v2\/users\/1"}],"replies":[{"embeddable":true,"href":"https:\/\/www.argonandco.com\/fr\/wp-json\/wp\/v2\/comments?post=1382"}],"version-history":[{"count":0,"href":"https:\/\/www.argonandco.com\/fr\/wp-json\/wp\/v2\/pages\/1382\/revisions"}],"up":[{"embeddable":true,"href":"https:\/\/www.argonandco.com\/fr\/wp-json\/wp\/v2\/pages\/1372"}],"wp:attachment":[{"href":"https:\/\/www.argonandco.com\/fr\/wp-json\/wp\/v2\/media?parent=1382"}],"curies":[{"name":"wp","href":"https:\/\/api.w.org\/{rel}","templated":true}]}}