{"id":1206,"date":"2019-11-18T15:53:59","date_gmt":"2019-11-18T15:53:59","guid":{"rendered":"https:\/\/www.argonandco.com\/?page_id=1206"},"modified":"2024-12-16T11:00:33","modified_gmt":"2024-12-16T11:00:33","slug":"conseil-en-transport-et-logistique","status":"publish","type":"page","link":"https:\/\/www.argonandco.com\/fr\/secteurs\/conseil-en-transport-et-logistique\/","title":{"rendered":"Transport et logistique"},"content":{"rendered":"<h2>Secteur du Transport et logistique<\/h2>\n<p>Dans un environnement marqu\u00e9 par la lib\u00e9ralisation des march\u00e9s, l\u2019\u00e9mergence de nouveaux acteurs, la croissance rapide des flux d\u2019\u00e9changes et le changement des attentes des consommateurs, les acteurs du transport et de la logistique doivent transformer en profondeur leur mod\u00e8le et leur organisation pour tirer parti des nouvelles opportunit\u00e9s. Dans ce contexte, le soutien d\u2019un cabinet de conseil en transformation logistique peut s\u2019av\u00e9rer pr\u00e9cieux pour \u00e9tablir une nouvelle strat\u00e9gie op\u00e9rationnelle.<\/p>\n<h2>Les d\u00e9fis que doit relever le secteur du Transport et de la logistique<\/h2>\n<p>Dans le secteur a\u00e9rien, l\u2019essor du mod\u00e8le low-cost et la mont\u00e9e en puissance de nouveaux acteurs b\u00e9n\u00e9ficiant de solides avantages concurrentiels imposent la recherche d\u2019\u00e9conomies durables. Dans le ferroviaire, les op\u00e9rateurs historiques doivent faire face \u00e0 l\u2019ouverture \u00e0 la concurrence du march\u00e9 du transport de passagers ainsi qu\u2019aux challenges li\u00e9s \u00e0 l\u2019\u00e9volution de la mobilit\u00e9. Ils doivent aussi am\u00e9liorer significativement leur comp\u00e9titivit\u00e9 tout en assurant le financement des infrastructures.<\/p>\n<p>Les services postaux sont quant \u00e0 eux contraints d\u2019adapter leur mod\u00e8le et leur organisation \u00e0 l\u2019\u00e8re du num\u00e9rique, marqu\u00e9e par une \u00e9rosion du courrier et une croissance rapide des volumes de colis. Pour r\u00e9pondre \u00e0 la demande croissante des clients, les acteurs de la logistique doivent transformer leurs mod\u00e8les op\u00e9rationnels et tirer parti des nouvelles technologies (automatisation, tracking, cartographie, d\u00e9mat\u00e9rialisation, data). C\u2019est l\u00e0 que l\u2019appui d\u2019un cabinet de conseil en efficacit\u00e9 op\u00e9rationnelle peut \u00eatre d\u2019un grand secours. Dans le fret a\u00e9rien et le maritime, le digital favorise l\u2019\u00e9mergence de nouveaux entrants qui bouleversent les business models et imposent aux acteurs traditionnels de repenser leur m\u00e9tier en profondeur. Enfin, les acteurs du tourisme sont eux aussi confront\u00e9s \u00e0 l\u2019\u00e9mergence de nouveaux acteurs qui captent une partie du trafic et de la valeur et les contraignent \u00e0 revoir en profondeur leur mod\u00e8le op\u00e9rationnel.<\/p>\n<h2>Ce que nous pouvons faire pour vous aider \u00e0 relever les d\u00e9fis li\u00e9s au secteur du transport et de la logistique<\/h2>\n<p>Argon &amp; Co accompagne de grands acteurs du tourisme et du transport a\u00e9rien, maritime et ferroviaire, ainsi que des entreprises de services postaux, messagerie et logistique. Nous les soutenons dans leurs projets de r\u00e9organisation et d\u2019efficacit\u00e9 op\u00e9rationnelle, \u00e0 tous les niveaux de la cha\u00eene de valeur.<\/p>\n    <div class=\"accordion\" id=\"accordion\" data-id=\"1206\" data-eval=\"true\" data-field=\"accordions\" >\n                        <div class=\"accordion__item\">\n                    <div class=\"accordion__trigger js-accordion-trigger\">\n                        <h4 class=\"accordion__title\">Achat<\/h4>\n                        <div class=\"accordion__plus js-accordion-plus\"><\/div>\n                    <\/div>\n                    <div class=\"accordion__content js-accordion-target\">\n                        <ul>\n<li>Strat\u00e9gie achat<\/li>\n<li>Make or buy<\/li>\n<li>Organisation et pilotage de la performance achat<\/li>\n<li>(Re)conception \u00e0 co\u00fbts objectifs<\/li>\n<li>Plans de performance achat<\/li>\n<\/ul>\n                    <\/div>\n                <\/div>\n                        <div class=\"accordion__item\">\n                    <div class=\"accordion__trigger js-accordion-trigger\">\n                        <h4 class=\"accordion__title\">Manufacturing (production et maintenance)<\/h4>\n                        <div class=\"accordion__plus js-accordion-plus\"><\/div>\n                    <\/div>\n                    <div class=\"accordion__content js-accordion-target\">\n                        <ul>\n<li>Strat\u00e9gie d\u2019actifs<\/li>\n<li>Planification de la maintenance et des travaux<\/li>\n<li>Lean maintenance et excellence op\u00e9rationnelle<\/li>\n<li>Optimisation de la supply chain des pi\u00e8ces de rechange<\/li>\n<li>Maintenance pr\u00e9dictive<\/li>\n<\/ul>\n                    <\/div>\n                <\/div>\n                        <div class=\"accordion__item\">\n                    <div class=\"accordion__trigger js-accordion-trigger\">\n                        <h4 class=\"accordion__title\">Logistique<\/h4>\n                        <div class=\"accordion__plus js-accordion-plus\"><\/div>\n                    <\/div>\n                    <div class=\"accordion__content js-accordion-target\">\n                        <ul>\n<li>Politique de service<\/li>\n<li>Sch\u00e9mas directeurs logistiques<\/li>\n<li>Conseil en organisation des flux<\/li>\n<li>Organisation et pilotage de la logistique<\/li>\n<li>Plans de performance logistique<\/li>\n<li>M\u00e9canisation\/automatisation des sites logistiques<\/li>\n<li>Optimisation du transport<\/li>\n<\/ul>\n                    <\/div>\n                <\/div>\n                        <div class=\"accordion__item\">\n                    <div class=\"accordion__trigger js-accordion-trigger\">\n                        <h4 class=\"accordion__title\">Op\u00e9rations<\/h4>\n                        <div class=\"accordion__plus js-accordion-plus\"><\/div>\n                    <\/div>\n                    <div class=\"accordion__content js-accordion-target\">\n                        <ul>\n<li>Productivit\u00e9\/lean<\/li>\n<li>Planification des ressources<\/li>\n<li>Optimisation des process back-office<\/li>\n<\/ul>\n                    <\/div>\n                <\/div>\n                        <div class=\"accordion__item\">\n                    <div class=\"accordion__trigger js-accordion-trigger\">\n                        <h4 class=\"accordion__title\">Back office<\/h4>\n                        <div class=\"accordion__plus js-accordion-plus\"><\/div>\n                    <\/div>\n                    <div class=\"accordion__content js-accordion-target\">\n                        <ul>\n<li>Optimisation des organisations<\/li>\n<li>Shared services et externalisation<\/li>\n<li>Optimisation\/automatisation des processus support<\/li>\n<li>Pilotage du service et de la performance<\/li>\n<\/ul>\n                    <\/div>\n                <\/div>\n                        <div class=\"accordion__item\">\n                    <div class=\"accordion__trigger js-accordion-trigger\">\n                        <h4 class=\"accordion__title\">Digital<\/h4>\n                        <div class=\"accordion__plus js-accordion-plus\"><\/div>\n                    <\/div>\n                    <div class=\"accordion__content js-accordion-target\">\n                        <ul>\n<li>Strat\u00e9gie digitale<\/li>\n<li>Plateformes collaboratives<\/li>\n<li>IA (exp\u00e9rience client, customer intelligence, pr\u00e9vision, gestion des prix, promotions et op\u00e9rations)<\/li>\n<li>IoT (tra\u00e7abilit\u00e9)<\/li>\n<li>RPA (Robotic Process Automation)<\/li>\n<\/ul>\n                    <\/div>\n                <\/div>\n            <\/div>\n    \n<h2>Notre d\u00e9marche<\/h2>\n<p>Notre cabinet de conseil en strat\u00e9gie des op\u00e9rations associe expertise technique, exp\u00e9rience op\u00e9rationnelle et connaissance m\u00e9tier pour accompagner ses clients \u00e0 r\u00e9soudre les probl\u00e8mes sp\u00e9cifiques au secteur du transport et de la logistique et \u00e0 obtenir des r\u00e9sultats durables. Notre d\u00e9marche garantit l\u2019adh\u00e9sion \u00e0 tous les niveaux de l\u2019entreprise pour nos clients ainsi qu\u2019un r\u00e9sultat p\u00e9renne. Nous avons accompagn\u00e9 un large \u00e9ventail de clients dans le secteur du transport et de la logistique tels que Kuehne + Nagel, Hills, Bunzl Retail Supplies, Swire Cold Storage, La Poste, AirFrance, GEODIS, Swire, ID Logistics, FM Logistic et la SNCF. <a href=\"https:\/\/www.argonandco.com\/fr\/a-propos\/\">Cliquez ici pour en savoir plus.<\/a><\/p>\n","protected":false},"excerpt":{"rendered":"<p>Secteur du Transport et logistique Dans un environnement marqu\u00e9 par la lib\u00e9ralisation des march\u00e9s, l\u2019\u00e9mergence de nouveaux acteurs, la croissance rapide des flux d\u2019\u00e9changes et le changement des attentes des consommateurs, les acteurs du transport et de la logistique doivent transformer en profondeur leur mod\u00e8le et leur organisation pour tirer parti des nouvelles opportunit\u00e9s. Dans [&hellip;]<\/p>\n","protected":false},"author":1,"featured_media":0,"parent":1175,"menu_order":19,"comment_status":"closed","ping_status":"closed","template":"","meta":{"_acf_changed":false,"footnotes":""},"class_list":["post-1206","page","type-page","status-publish","hentry"],"acf":[],"yoast_head":"<!-- This site is optimized with the Yoast SEO plugin v27.5 - https:\/\/yoast.com\/product\/yoast-seo-wordpress\/ -->\n<title>Conseil En Transport Et Logistique | Argon &amp; Co<\/title>\n<meta name=\"description\" content=\"D\u00e9couvrez l&#039;expertise du cabinet de conseil Argon &amp; Co dans le secteur du transport et logistique.\" \/>\n<meta name=\"robots\" content=\"index, follow, max-snippet:-1, max-image-preview:large, max-video-preview:-1\" \/>\n<link rel=\"canonical\" href=\"https:\/\/www.argonandco.com\/fr\/secteurs\/conseil-en-transport-et-logistique\/\" \/>\n<meta property=\"og:locale\" content=\"fr_FR\" \/>\n<meta property=\"og:type\" content=\"article\" \/>\n<meta property=\"og:title\" content=\"Conseil En Transport Et Logistique | Argon &amp; Co\" \/>\n<meta property=\"og:description\" content=\"D\u00e9couvrez l&#039;expertise du cabinet de conseil Argon &amp; Co dans le secteur du transport et logistique.\" \/>\n<meta property=\"og:url\" content=\"https:\/\/www.argonandco.com\/fr\/secteurs\/conseil-en-transport-et-logistique\/\" \/>\n<meta property=\"og:site_name\" content=\"Argon &amp; Co\" \/>\n<meta property=\"article:modified_time\" content=\"2024-12-16T11:00:33+00:00\" \/>\n<meta name=\"twitter:card\" content=\"summary_large_image\" \/>\n<meta name=\"twitter:label1\" content=\"Dur\u00e9e de lecture estim\u00e9e\" \/>\n\t<meta name=\"twitter:data1\" content=\"3 minutes\" \/>\n<script type=\"application\/ld+json\" class=\"yoast-schema-graph\">{\"@context\":\"https:\\\/\\\/schema.org\",\"@graph\":[{\"@type\":\"WebPage\",\"@id\":\"https:\\\/\\\/www.argonandco.com\\\/fr\\\/secteurs\\\/conseil-en-transport-et-logistique\\\/\",\"url\":\"https:\\\/\\\/www.argonandco.com\\\/fr\\\/secteurs\\\/conseil-en-transport-et-logistique\\\/\",\"name\":\"Conseil En Transport Et Logistique | Argon & Co\",\"isPartOf\":{\"@id\":\"https:\\\/\\\/www.argonandco.com\\\/fr\\\/#website\"},\"datePublished\":\"2019-11-18T15:53:59+00:00\",\"dateModified\":\"2024-12-16T11:00:33+00:00\",\"description\":\"D\u00e9couvrez l'expertise du cabinet de conseil Argon & Co dans le secteur du transport et logistique.\",\"breadcrumb\":{\"@id\":\"https:\\\/\\\/www.argonandco.com\\\/fr\\\/secteurs\\\/conseil-en-transport-et-logistique\\\/#breadcrumb\"},\"inLanguage\":\"fr-FR\",\"potentialAction\":[{\"@type\":\"ReadAction\",\"target\":[\"https:\\\/\\\/www.argonandco.com\\\/fr\\\/secteurs\\\/conseil-en-transport-et-logistique\\\/\"]}]},{\"@type\":\"BreadcrumbList\",\"@id\":\"https:\\\/\\\/www.argonandco.com\\\/fr\\\/secteurs\\\/conseil-en-transport-et-logistique\\\/#breadcrumb\",\"itemListElement\":[{\"@type\":\"ListItem\",\"position\":1,\"name\":\"Home\",\"item\":\"https:\\\/\\\/www.argonandco.com\\\/fr\\\/\"},{\"@type\":\"ListItem\",\"position\":2,\"name\":\"Secteurs\",\"item\":\"https:\\\/\\\/www.argonandco.com\\\/fr\\\/secteurs\\\/\"},{\"@type\":\"ListItem\",\"position\":3,\"name\":\"Transport et logistique\"}]},{\"@type\":\"WebSite\",\"@id\":\"https:\\\/\\\/www.argonandco.com\\\/fr\\\/#website\",\"url\":\"https:\\\/\\\/www.argonandco.com\\\/fr\\\/\",\"name\":\"Argon &amp; Co\",\"description\":\"We help clients achieve their strategic and operational objectives, working together to transform their businesses and generate real change.\",\"potentialAction\":[{\"@type\":\"SearchAction\",\"target\":{\"@type\":\"EntryPoint\",\"urlTemplate\":\"https:\\\/\\\/www.argonandco.com\\\/fr\\\/?s={search_term_string}\"},\"query-input\":{\"@type\":\"PropertyValueSpecification\",\"valueRequired\":true,\"valueName\":\"search_term_string\"}}],\"inLanguage\":\"fr-FR\"}]}<\/script>\n<!-- \/ Yoast SEO plugin. -->","yoast_head_json":{"title":"Conseil En Transport Et Logistique | Argon & Co","description":"D\u00e9couvrez l'expertise du cabinet de conseil Argon & Co dans le secteur du transport et logistique.","robots":{"index":"index","follow":"follow","max-snippet":"max-snippet:-1","max-image-preview":"max-image-preview:large","max-video-preview":"max-video-preview:-1"},"canonical":"https:\/\/www.argonandco.com\/fr\/secteurs\/conseil-en-transport-et-logistique\/","og_locale":"fr_FR","og_type":"article","og_title":"Conseil En Transport Et Logistique | Argon & Co","og_description":"D\u00e9couvrez l'expertise du cabinet de conseil Argon & Co dans le secteur du transport et logistique.","og_url":"https:\/\/www.argonandco.com\/fr\/secteurs\/conseil-en-transport-et-logistique\/","og_site_name":"Argon &amp; Co","article_modified_time":"2024-12-16T11:00:33+00:00","twitter_card":"summary_large_image","twitter_misc":{"Dur\u00e9e de lecture estim\u00e9e":"3 minutes"},"schema":{"@context":"https:\/\/schema.org","@graph":[{"@type":"WebPage","@id":"https:\/\/www.argonandco.com\/fr\/secteurs\/conseil-en-transport-et-logistique\/","url":"https:\/\/www.argonandco.com\/fr\/secteurs\/conseil-en-transport-et-logistique\/","name":"Conseil En Transport Et Logistique | Argon & Co","isPartOf":{"@id":"https:\/\/www.argonandco.com\/fr\/#website"},"datePublished":"2019-11-18T15:53:59+00:00","dateModified":"2024-12-16T11:00:33+00:00","description":"D\u00e9couvrez l'expertise du cabinet de conseil Argon & Co dans le secteur du transport et logistique.","breadcrumb":{"@id":"https:\/\/www.argonandco.com\/fr\/secteurs\/conseil-en-transport-et-logistique\/#breadcrumb"},"inLanguage":"fr-FR","potentialAction":[{"@type":"ReadAction","target":["https:\/\/www.argonandco.com\/fr\/secteurs\/conseil-en-transport-et-logistique\/"]}]},{"@type":"BreadcrumbList","@id":"https:\/\/www.argonandco.com\/fr\/secteurs\/conseil-en-transport-et-logistique\/#breadcrumb","itemListElement":[{"@type":"ListItem","position":1,"name":"Home","item":"https:\/\/www.argonandco.com\/fr\/"},{"@type":"ListItem","position":2,"name":"Secteurs","item":"https:\/\/www.argonandco.com\/fr\/secteurs\/"},{"@type":"ListItem","position":3,"name":"Transport et logistique"}]},{"@type":"WebSite","@id":"https:\/\/www.argonandco.com\/fr\/#website","url":"https:\/\/www.argonandco.com\/fr\/","name":"Argon &amp; Co","description":"We help clients achieve their strategic and operational objectives, working together to transform their businesses and generate real change.","potentialAction":[{"@type":"SearchAction","target":{"@type":"EntryPoint","urlTemplate":"https:\/\/www.argonandco.com\/fr\/?s={search_term_string}"},"query-input":{"@type":"PropertyValueSpecification","valueRequired":true,"valueName":"search_term_string"}}],"inLanguage":"fr-FR"}]}},"_links":{"self":[{"href":"https:\/\/www.argonandco.com\/fr\/wp-json\/wp\/v2\/pages\/1206","targetHints":{"allow":["GET"]}}],"collection":[{"href":"https:\/\/www.argonandco.com\/fr\/wp-json\/wp\/v2\/pages"}],"about":[{"href":"https:\/\/www.argonandco.com\/fr\/wp-json\/wp\/v2\/types\/page"}],"author":[{"embeddable":true,"href":"https:\/\/www.argonandco.com\/fr\/wp-json\/wp\/v2\/users\/1"}],"replies":[{"embeddable":true,"href":"https:\/\/www.argonandco.com\/fr\/wp-json\/wp\/v2\/comments?post=1206"}],"version-history":[{"count":0,"href":"https:\/\/www.argonandco.com\/fr\/wp-json\/wp\/v2\/pages\/1206\/revisions"}],"up":[{"embeddable":true,"href":"https:\/\/www.argonandco.com\/fr\/wp-json\/wp\/v2\/pages\/1175"}],"wp:attachment":[{"href":"https:\/\/www.argonandco.com\/fr\/wp-json\/wp\/v2\/media?parent=1206"}],"curies":[{"name":"wp","href":"https:\/\/api.w.org\/{rel}","templated":true}]}}