{"id":1200,"date":"2019-11-18T15:49:40","date_gmt":"2019-11-18T15:49:40","guid":{"rendered":"https:\/\/www.argonandco.com\/?page_id=1200"},"modified":"2024-12-16T10:52:31","modified_gmt":"2024-12-16T10:52:31","slug":"private-equity","status":"publish","type":"page","link":"https:\/\/www.argonandco.com\/fr\/secteurs\/private-equity\/","title":{"rendered":"Private equity"},"content":{"rendered":"<h2>Le secteur du private equity<\/h2>\n<p>Pour les fonds d\u2019investissement aussi, la transformation des op\u00e9rations est un vecteur de cr\u00e9ation de valeur significatif.<\/p>\n<h2>Les d\u00e9fis que doivent relever les acteurs du private equity<\/h2>\n<p>Dans la mise en \u0153uvre de leur strat\u00e9gie, trois \u00e9tapes sont critiques :<\/p>\n<p><b>1) La phase de <\/b><b><i>due diligence <\/i><\/b><b>op\u00e9rationnelle<br \/>\n<\/b><\/p>\n<p>Qui recouvre l\u2019ensemble des v\u00e9rifications r\u00e9alis\u00e9es par un investisseur en amont de toute transaction. Cette phase doit r\u00e9v\u00e9ler les risques et opportunit\u00e9s pr\u00e9sent\u00e9s par l\u2019entreprise cibl\u00e9e et v\u00e9rifier l\u2019ad\u00e9quation du business plan envisag\u00e9. La difficult\u00e9 r\u00e9side notamment dans la bri\u00e8vet\u00e9 du d\u00e9lai et l\u2019acc\u00e8s limit\u00e9 \u00e0 l\u2019information. Pour la surmonter, un niveau d\u2019expertise \u00e9lev\u00e9 est indispensable et le soutien d\u2019un cabinet de conseil en private equity peut s\u2019av\u00e9rer utile.<\/p>\n<p><b>2) La transformation des soci\u00e9t\u00e9s en portefeuille<\/b><span style=\"font-weight: 400;\">.<br \/>\n<\/span><\/p>\n<p>Il s\u2019agit d\u2019assurer une gestion efficace en amont et en aval du closing, dans une logique de continuit\u00e9 de l\u2019activit\u00e9. Les leviers de cr\u00e9ation de valeur identifi\u00e9s pendant la phase de due diligence doivent \u00eatre approfondis et mis en \u0153uvre sur le terrain avec les \u00e9quipes op\u00e9rationnelles\u00a0:<\/p>\n<ul>\n<li>Optimisation du cash-flow<\/li>\n<li>Plan de r\u00e9duction des co\u00fbts<\/li>\n<li>R\u00e9organisation des fonctions support<\/li>\n<li>Am\u00e9lioration du service<\/li>\n<li>Adaptation des op\u00e9rations pour soutenir le plan de croissance<\/li>\n<\/ul>\n<p><span style=\"font-weight: 400;\">\u00a0<\/span><\/p>\n<p><b>3)La phase d\u2019int\u00e9gration post-acquisition (<\/b><b><i>Post-Merger Integration<\/i><\/b><b> ou PMI), dans les logiques de <\/b><b><i>build-up<\/i><\/b><span style=\"font-weight: 400;\">. <\/span><\/p>\n<p>La strat\u00e9gie de build-up d\u00e9signe les op\u00e9rations de croissance externe orchestr\u00e9es par les fonds d\u2019investissement. Dans ce contexte, une expertise pointue sur les op\u00e9rations est un acc\u00e9l\u00e9rateur qui permet de d\u00e9multiplier les capacit\u00e9s des \u00e9quipes sur le terrain, tout en laissant l\u2019initiative au management en place.<\/p>\n<p>Au cours de cette phase cruciale de PMI, il est indispensable de prendre des mesures \u00e0 court et moyen terme afin de mettre en place l\u2019organisation cible, d\u2019identifier des synergies et de construire la strat\u00e9gie d\u2019int\u00e9gration jusqu\u2019\u00e0 la transformation sur le terrain.<\/p>\n<h2>Ce que notre cabinet de conseil peut faire pour vous permettre relever les d\u00e9fis li\u00e9s au secteur du private equity<\/h2>\n<p>De plus en plus de fonds confient \u00e0 Argon &amp; Co leurs due diligences op\u00e9rationnelles estimant que les \u00e9quipes de sp\u00e9cialistes des transactions ou de conseil en strat\u00e9gie ne parviennent pas toujours \u00e0 percevoir la complexit\u00e9 op\u00e9rationnelle de la cible.<\/p>\n<p>Argon &amp; Co accompagne ses clients private equity dans toutes les phases du cycle de vie des participations, depuis la due diligence op\u00e9rationnelle jusqu\u2019\u00e0 la mise en place de plans de comp\u00e9titivit\u00e9, en passant par les phases de PMI (Post Merger Integration).<\/p>\n<p>Nous vous accompagnons notamment dans :<\/p>\n    <div class=\"accordion\" id=\"accordion\" data-id=\"1200\" data-eval=\"true\" data-field=\"accordions\" >\n                        <div class=\"accordion__item\">\n                    <div class=\"accordion__trigger js-accordion-trigger\">\n                        <h4 class=\"accordion__title\">La phase de due diligence op\u00e9rationnelle<\/h4>\n                        <div class=\"accordion__plus js-accordion-plus\"><\/div>\n                    <\/div>\n                    <div class=\"accordion__content js-accordion-target\">\n                        <ul>\n<li>Operational due diligence<\/li>\n<li>Operational process improvement including R&amp;D, procurement, logistics, IT and support functions<\/li>\n<\/ul>\n                    <\/div>\n                <\/div>\n                        <div class=\"accordion__item\">\n                    <div class=\"accordion__trigger js-accordion-trigger\">\n                        <h4 class=\"accordion__title\">L\u2019am\u00e9lioration des processus op\u00e9rationnels<\/h4>\n                        <div class=\"accordion__plus js-accordion-plus\"><\/div>\n                    <\/div>\n                    <div class=\"accordion__content js-accordion-target\">\n                        <ul>\n<li>R&amp;D<\/li>\n<li>Achats<\/li>\n<li>Logistique<\/li>\n<li>SI et fonctions support coupl\u00e9e \u00e0 la transformation des services sur le terrain<\/li>\n<\/ul>\n                    <\/div>\n                <\/div>\n                        <div class=\"accordion__item\">\n                    <div class=\"accordion__trigger js-accordion-trigger\">\n                        <h4 class=\"accordion__title\">Un acc\u00e9l\u00e9rateur pour les \u00e9quipes op\u00e9rationnelles<\/h4>\n                        <div class=\"accordion__plus js-accordion-plus\"><\/div>\n                    <\/div>\n                    <div class=\"accordion__content js-accordion-target\">\n                        <p>Celle-ci est un acc\u00e9l\u00e9rateur pour les \u00e9quipes op\u00e9rationnelles alors m\u00eame que les sujets d\u2019optimisation des co\u00fbts, du cash et du service sont transverses et donc souvent difficiles \u00e0 mettre en \u0153uvre par le management.<\/p>\n                    <\/div>\n                <\/div>\n            <\/div>\n    \n<h2>Notre d\u00e9marche<\/h2>\n<p>Notre cabinet de conseil en strat\u00e9gie des op\u00e9rations associe expertise technique, exp\u00e9rience op\u00e9rationnelle et connaissances m\u00e9tier pour accompagner ses clients \u00e0 r\u00e9soudre les probl\u00e8mes sp\u00e9cifiques au secteur du private equity et \u00e0 obtenir des r\u00e9sultats durables. Notre d\u00e9marche garantit l\u2019adh\u00e9sion \u00e0 tous les niveaux de l\u2019entreprise pour nos clients ainsi qu\u2019un r\u00e9sultat p\u00e9renne. Nous avons accompagn\u00e9 un large \u00e9ventail de clients dans le secteur du private equity tels que Ab\u00e9nex, TZP Group, OpCapita, Elysian Capital, Partech, Sun Capital Partners, LGT Group, Exor, Cinven et KKR &amp; Co. <a href=\"https:\/\/www.argonandco.com\/fr\/a-propos\/\">Cliquez ici pour en savoir plus.<\/a><\/p>\n","protected":false},"excerpt":{"rendered":"<p>Le secteur du private equity Pour les fonds d\u2019investissement aussi, la transformation des op\u00e9rations est un vecteur de cr\u00e9ation de valeur significatif. Les d\u00e9fis que doivent relever les acteurs du private equity Dans la mise en \u0153uvre de leur strat\u00e9gie, trois \u00e9tapes sont critiques : 1) La phase de due diligence op\u00e9rationnelle Qui recouvre l\u2019ensemble [&hellip;]<\/p>\n","protected":false},"author":1,"featured_media":0,"parent":1175,"menu_order":16,"comment_status":"closed","ping_status":"closed","template":"","meta":{"_acf_changed":false,"footnotes":""},"class_list":["post-1200","page","type-page","status-publish","hentry"],"acf":[],"yoast_head":"<!-- This site is optimized with the Yoast SEO plugin v27.5 - https:\/\/yoast.com\/product\/yoast-seo-wordpress\/ -->\n<title>Conseil En Private Equity | Cabinet De Conseil | Argon &amp; Co<\/title>\n<meta name=\"description\" content=\"D\u00e9couvrez l&#039;expertise du cabinet de conseil Argon &amp; Co dans le secteur du private equity.\" \/>\n<meta name=\"robots\" content=\"index, follow, max-snippet:-1, max-image-preview:large, max-video-preview:-1\" \/>\n<link rel=\"canonical\" href=\"https:\/\/www.argonandco.com\/fr\/secteurs\/private-equity\/\" \/>\n<meta property=\"og:locale\" content=\"fr_FR\" \/>\n<meta property=\"og:type\" content=\"article\" \/>\n<meta property=\"og:title\" content=\"Conseil En Private Equity | Cabinet De Conseil | Argon &amp; Co\" \/>\n<meta property=\"og:description\" content=\"D\u00e9couvrez l&#039;expertise du cabinet de conseil Argon &amp; Co dans le secteur du private equity.\" \/>\n<meta property=\"og:url\" content=\"https:\/\/www.argonandco.com\/fr\/secteurs\/private-equity\/\" \/>\n<meta property=\"og:site_name\" content=\"Argon &amp; Co\" \/>\n<meta property=\"article:modified_time\" content=\"2024-12-16T10:52:31+00:00\" \/>\n<meta name=\"twitter:card\" content=\"summary_large_image\" \/>\n<meta name=\"twitter:label1\" content=\"Dur\u00e9e de lecture estim\u00e9e\" \/>\n\t<meta name=\"twitter:data1\" content=\"3 minutes\" \/>\n<script type=\"application\/ld+json\" class=\"yoast-schema-graph\">{\"@context\":\"https:\\\/\\\/schema.org\",\"@graph\":[{\"@type\":\"WebPage\",\"@id\":\"https:\\\/\\\/www.argonandco.com\\\/fr\\\/secteurs\\\/private-equity\\\/\",\"url\":\"https:\\\/\\\/www.argonandco.com\\\/fr\\\/secteurs\\\/private-equity\\\/\",\"name\":\"Conseil En Private Equity | Cabinet De Conseil | Argon & Co\",\"isPartOf\":{\"@id\":\"https:\\\/\\\/www.argonandco.com\\\/fr\\\/#website\"},\"datePublished\":\"2019-11-18T15:49:40+00:00\",\"dateModified\":\"2024-12-16T10:52:31+00:00\",\"description\":\"D\u00e9couvrez l'expertise du cabinet de conseil Argon & Co dans le secteur du private equity.\",\"breadcrumb\":{\"@id\":\"https:\\\/\\\/www.argonandco.com\\\/fr\\\/secteurs\\\/private-equity\\\/#breadcrumb\"},\"inLanguage\":\"fr-FR\",\"potentialAction\":[{\"@type\":\"ReadAction\",\"target\":[\"https:\\\/\\\/www.argonandco.com\\\/fr\\\/secteurs\\\/private-equity\\\/\"]}]},{\"@type\":\"BreadcrumbList\",\"@id\":\"https:\\\/\\\/www.argonandco.com\\\/fr\\\/secteurs\\\/private-equity\\\/#breadcrumb\",\"itemListElement\":[{\"@type\":\"ListItem\",\"position\":1,\"name\":\"Home\",\"item\":\"https:\\\/\\\/www.argonandco.com\\\/fr\\\/\"},{\"@type\":\"ListItem\",\"position\":2,\"name\":\"Secteurs\",\"item\":\"https:\\\/\\\/www.argonandco.com\\\/fr\\\/secteurs\\\/\"},{\"@type\":\"ListItem\",\"position\":3,\"name\":\"Private equity\"}]},{\"@type\":\"WebSite\",\"@id\":\"https:\\\/\\\/www.argonandco.com\\\/fr\\\/#website\",\"url\":\"https:\\\/\\\/www.argonandco.com\\\/fr\\\/\",\"name\":\"Argon &amp; Co\",\"description\":\"We help clients achieve their strategic and operational objectives, working together to transform their businesses and generate real change.\",\"potentialAction\":[{\"@type\":\"SearchAction\",\"target\":{\"@type\":\"EntryPoint\",\"urlTemplate\":\"https:\\\/\\\/www.argonandco.com\\\/fr\\\/?s={search_term_string}\"},\"query-input\":{\"@type\":\"PropertyValueSpecification\",\"valueRequired\":true,\"valueName\":\"search_term_string\"}}],\"inLanguage\":\"fr-FR\"}]}<\/script>\n<!-- \/ Yoast SEO plugin. -->","yoast_head_json":{"title":"Conseil En Private Equity | Cabinet De Conseil | Argon & Co","description":"D\u00e9couvrez l'expertise du cabinet de conseil Argon & Co dans le secteur du private equity.","robots":{"index":"index","follow":"follow","max-snippet":"max-snippet:-1","max-image-preview":"max-image-preview:large","max-video-preview":"max-video-preview:-1"},"canonical":"https:\/\/www.argonandco.com\/fr\/secteurs\/private-equity\/","og_locale":"fr_FR","og_type":"article","og_title":"Conseil En Private Equity | Cabinet De Conseil | Argon & Co","og_description":"D\u00e9couvrez l'expertise du cabinet de conseil Argon & Co dans le secteur du private equity.","og_url":"https:\/\/www.argonandco.com\/fr\/secteurs\/private-equity\/","og_site_name":"Argon &amp; Co","article_modified_time":"2024-12-16T10:52:31+00:00","twitter_card":"summary_large_image","twitter_misc":{"Dur\u00e9e de lecture estim\u00e9e":"3 minutes"},"schema":{"@context":"https:\/\/schema.org","@graph":[{"@type":"WebPage","@id":"https:\/\/www.argonandco.com\/fr\/secteurs\/private-equity\/","url":"https:\/\/www.argonandco.com\/fr\/secteurs\/private-equity\/","name":"Conseil En Private Equity | Cabinet De Conseil | Argon & Co","isPartOf":{"@id":"https:\/\/www.argonandco.com\/fr\/#website"},"datePublished":"2019-11-18T15:49:40+00:00","dateModified":"2024-12-16T10:52:31+00:00","description":"D\u00e9couvrez l'expertise du cabinet de conseil Argon & Co dans le secteur du private equity.","breadcrumb":{"@id":"https:\/\/www.argonandco.com\/fr\/secteurs\/private-equity\/#breadcrumb"},"inLanguage":"fr-FR","potentialAction":[{"@type":"ReadAction","target":["https:\/\/www.argonandco.com\/fr\/secteurs\/private-equity\/"]}]},{"@type":"BreadcrumbList","@id":"https:\/\/www.argonandco.com\/fr\/secteurs\/private-equity\/#breadcrumb","itemListElement":[{"@type":"ListItem","position":1,"name":"Home","item":"https:\/\/www.argonandco.com\/fr\/"},{"@type":"ListItem","position":2,"name":"Secteurs","item":"https:\/\/www.argonandco.com\/fr\/secteurs\/"},{"@type":"ListItem","position":3,"name":"Private equity"}]},{"@type":"WebSite","@id":"https:\/\/www.argonandco.com\/fr\/#website","url":"https:\/\/www.argonandco.com\/fr\/","name":"Argon &amp; Co","description":"We help clients achieve their strategic and operational objectives, working together to transform their businesses and generate real change.","potentialAction":[{"@type":"SearchAction","target":{"@type":"EntryPoint","urlTemplate":"https:\/\/www.argonandco.com\/fr\/?s={search_term_string}"},"query-input":{"@type":"PropertyValueSpecification","valueRequired":true,"valueName":"search_term_string"}}],"inLanguage":"fr-FR"}]}},"_links":{"self":[{"href":"https:\/\/www.argonandco.com\/fr\/wp-json\/wp\/v2\/pages\/1200","targetHints":{"allow":["GET"]}}],"collection":[{"href":"https:\/\/www.argonandco.com\/fr\/wp-json\/wp\/v2\/pages"}],"about":[{"href":"https:\/\/www.argonandco.com\/fr\/wp-json\/wp\/v2\/types\/page"}],"author":[{"embeddable":true,"href":"https:\/\/www.argonandco.com\/fr\/wp-json\/wp\/v2\/users\/1"}],"replies":[{"embeddable":true,"href":"https:\/\/www.argonandco.com\/fr\/wp-json\/wp\/v2\/comments?post=1200"}],"version-history":[{"count":0,"href":"https:\/\/www.argonandco.com\/fr\/wp-json\/wp\/v2\/pages\/1200\/revisions"}],"up":[{"embeddable":true,"href":"https:\/\/www.argonandco.com\/fr\/wp-json\/wp\/v2\/pages\/1175"}],"wp:attachment":[{"href":"https:\/\/www.argonandco.com\/fr\/wp-json\/wp\/v2\/media?parent=1200"}],"curies":[{"name":"wp","href":"https:\/\/api.w.org\/{rel}","templated":true}]}}