{"id":1198,"date":"2019-11-18T15:46:48","date_gmt":"2019-11-18T15:46:48","guid":{"rendered":"https:\/\/www.argonandco.com\/?page_id=1198"},"modified":"2024-12-16T10:49:28","modified_gmt":"2024-12-16T10:49:28","slug":"luxe","status":"publish","type":"page","link":"https:\/\/www.argonandco.com\/fr\/secteurs\/luxe\/","title":{"rendered":"Luxe"},"content":{"rendered":"<h2>Le secteur du luxe<\/h2>\n<p>Port\u00e9e par une demande mondiale en forte croissance, l\u2019industrie du luxe doit s\u2019adapter aux attentes changeantes et paradoxales des consommateurs. Ceux-ci ont un go\u00fbt toujours plus marqu\u00e9 pour la nouveaut\u00e9 et la personnalisation des produits. Ils sont \u00e9galement \u00e0 la recherche d\u2019une exp\u00e9rience client omnicanale, fluide et sans couture. Ils attendent enfin des marques qu\u2019elles assument une responsabilit\u00e9 sociale et environnementale toujours plus forte.<\/p>\n<h2>Les d\u00e9fis auxquels l\u2019industrie du luxe doit faire face<\/h2>\n<p>Ces \u00e9volutions structurelles imposent aux acteurs traditionnels du secteur du luxe de repenser leur business model pour rester comp\u00e9titif. Ils font face \u00e0 des d\u00e9fis sp\u00e9cifiques pour am\u00e9liorer leur attractivit\u00e9 :<\/p>\n<ul>\n<li>Maintenir l\u2019attractivit\u00e9 produits au travers d\u2019une introduction plus rapide des nouveaut\u00e9s, ce qui implique des processus de d\u00e9veloppement produits \u00e0 r\u00e9inventer (conception 3D, PLM, cycle \u00ab lean \u00bb \u2026)<\/li>\n<li>Optimiser la gestion des collections\u00a0: ma\u00eetrise de la largeur et de la profondeur, approche g\u00e9olocalis\u00e9e des assortiments, en s\u2019appuyant notamment sur les outils de merchandise planning et la data science<\/li>\n<li>Accro\u00eetre l\u2019offre de personnalisation produit avec une gestion am\u00e9lior\u00e9e de la configuration, de la production unitaire, du suivi tout au long de la cha\u00eene<\/li>\n<li>R\u00e9ussir la transformation omnicanale, en assurant une parfaite fluidit\u00e9 entre les canaux de vente sur tout le cycle de vie (\u00ab one stock \u00bb, OMS, \u00ab temps r\u00e9el \u00bb \u2026)<\/li>\n<li>Produire au plus juste pour \u00e9viter les destructions en s\u2019appuyant sur de meilleures capacit\u00e9s pr\u00e9dictives (via les data sciences) et une planification supply chain plus agile<\/li>\n<li>Enfin renforcer les preuves de responsabilit\u00e9 sociale et environnementale, via la transparence sur les fili\u00e8res d\u2019approvisionnement (cuirs, or, diamant\u2026) et la r\u00e9duction des impacts environnementaux (tra\u00e7abilit\u00e9 IoT, \u00ab blockchain \u00bb, transport \u00e0 faible \u00e9mission de CO\u00b2\u2026)<\/li>\n<\/ul>\n<h2>Ce que notre cabinet de conseil peut faire pour vous permettre relever les d\u00e9fis li\u00e9s au secteur du luxe<\/h2>\n<p>Nous travaillons avec la plupart des acteurs mondiaux du luxe, dans tous les domaines de la cha\u00eene de valeur, pour les accompagner dans la transformation de leur business model.<\/p>\n    <div class=\"accordion\" id=\"accordion\" data-id=\"1198\" data-eval=\"true\" data-field=\"accordions\" >\n                        <div class=\"accordion__item\">\n                    <div class=\"accordion__trigger js-accordion-trigger\">\n                        <h4 class=\"accordion__title\">Re-engineering des processus<\/h4>\n                        <div class=\"accordion__plus js-accordion-plus\"><\/div>\n                    <\/div>\n                    <div class=\"accordion__content js-accordion-target\">\n                        <ul>\n<li>De la conception des produits jusqu\u2019\u00e0 la livraison aux entrep\u00f4ts<\/li>\n<li>Dans une logique d\u2019optimisation des d\u00e9lais et de ma\u00eetrise de la qualit\u00e9<\/li>\n<\/ul>\n                    <\/div>\n                <\/div>\n                        <div class=\"accordion__item\">\n                    <div class=\"accordion__trigger js-accordion-trigger\">\n                        <h4 class=\"accordion__title\">Planification et pilotage des collections<\/h4>\n                        <div class=\"accordion__plus js-accordion-plus\"><\/div>\n                    <\/div>\n                    <div class=\"accordion__content js-accordion-target\">\n                        <ul>\n<li>Des assortiments et des stocks au niveau macro (cat\u00e9gories et r\u00e9gions) et micro (SKU [stock-keeping unit] et boutiques) en s\u2019appuyant sur les meilleures techniques et outils de merchandise planning<\/li>\n<\/ul>\n                    <\/div>\n                <\/div>\n                        <div class=\"accordion__item\">\n                    <div class=\"accordion__trigger js-accordion-trigger\">\n                        <h4 class=\"accordion__title\">Optimisation des pr\u00e9visions de vente<\/h4>\n                        <div class=\"accordion__plus js-accordion-plus\"><\/div>\n                    <\/div>\n                    <div class=\"accordion__content js-accordion-target\">\n                        <ul>\n<li>En utilisant la data science<\/li>\n<\/ul>\n                    <\/div>\n                <\/div>\n                        <div class=\"accordion__item\">\n                    <div class=\"accordion__trigger js-accordion-trigger\">\n                        <h4 class=\"accordion__title\">Mise en \u0153uvre d\u2019une planification agile de la Supply Chain<\/h4>\n                        <div class=\"accordion__plus js-accordion-plus\"><\/div>\n                    <\/div>\n                    <div class=\"accordion__content js-accordion-target\">\n                        <ul>\n<li>Fiabilisation de l\u2019engagement de production<\/li>\n<li>DDMRP (Demand Driven Material Requirements Planning)<\/li>\n<\/ul>\n                    <\/div>\n                <\/div>\n                        <div class=\"accordion__item\">\n                    <div class=\"accordion__trigger js-accordion-trigger\">\n                        <h4 class=\"accordion__title\">Gestion de la p\u00e9nurie et des allocations<\/h4>\n                        <div class=\"accordion__plus js-accordion-plus\"><\/div>\n                    <\/div>\n                    <div class=\"accordion__content js-accordion-target\">\n                        <ul>\n<li>Mati\u00e8res premi\u00e8res<\/li>\n<li>Nouveaut\u00e9s<\/li>\n<li>Best<\/li>\n<\/ul>\n                    <\/div>\n                <\/div>\n                        <div class=\"accordion__item\">\n                    <div class=\"accordion__trigger js-accordion-trigger\">\n                        <h4 class=\"accordion__title\">D\u00e9marches lean<\/h4>\n                        <div class=\"accordion__plus js-accordion-plus\"><\/div>\n                    <\/div>\n                    <div class=\"accordion__content js-accordion-target\">\n                        <ul>\n<li>Sur les sites de production et en logistique<\/li>\n<\/ul>\n                    <\/div>\n                <\/div>\n            <\/div>\n    \n<h2>Notre d\u00e9marche<\/h2>\n<p>Notre cabinet de conseil en strat\u00e9gie des op\u00e9rations associe expertise technique, exp\u00e9rience op\u00e9rationnelle et connaissances m\u00e9tier pour accompagner ses clients \u00e0 r\u00e9soudre les probl\u00e8mes sp\u00e9cifiques au secteur du luxe et \u00e0 obtenir des r\u00e9sultats durables. Notre d\u00e9marche garantit l\u2019adh\u00e9sion \u00e0 tous les niveaux de l\u2019entreprise pour nos clients ainsi qu\u2019un r\u00e9sultat p\u00e9renne. Nous avons accompagn\u00e9 un large \u00e9ventail de clients dans le secteur du luxe tels que Mo\u00ebt Hennessy, Guerlain, Coach, Burberry, TAG Heuer, Richemont, Calvin Klein, L&rsquo;Or\u00e9al Paris, Louis Vuitton et Clarins. <a href=\"https:\/\/www.argonandco.com\/fr\/a-propos\/\">Cliquez ici pour en savoir plus.<\/a><\/p>\n<h2><\/h2>\n<p>&nbsp;<\/p>\n","protected":false},"excerpt":{"rendered":"<p>Le secteur du luxe Port\u00e9e par une demande mondiale en forte croissance, l\u2019industrie du luxe doit s\u2019adapter aux attentes changeantes et paradoxales des consommateurs. Ceux-ci ont un go\u00fbt toujours plus marqu\u00e9 pour la nouveaut\u00e9 et la personnalisation des produits. Ils sont \u00e9galement \u00e0 la recherche d\u2019une exp\u00e9rience client omnicanale, fluide et sans couture. Ils attendent [&hellip;]<\/p>\n","protected":false},"author":1,"featured_media":0,"parent":1175,"menu_order":15,"comment_status":"closed","ping_status":"closed","template":"","meta":{"_acf_changed":false,"footnotes":""},"class_list":["post-1198","page","type-page","status-publish","hentry"],"acf":[],"yoast_head":"<!-- This site is optimized with the Yoast SEO plugin v27.5 - https:\/\/yoast.com\/product\/yoast-seo-wordpress\/ -->\n<title>Luxe - Conseil en strat\u00e9gie et transformation des op\u00e9rations<\/title>\n<meta name=\"description\" content=\"D\u00e9couvrez l&#039;expertise du cabinet de conseil Argon &amp; Co dans le secteur du luxe.\" \/>\n<meta name=\"robots\" content=\"index, follow, max-snippet:-1, max-image-preview:large, max-video-preview:-1\" \/>\n<link rel=\"canonical\" href=\"https:\/\/www.argonandco.com\/fr\/secteurs\/luxe\/\" \/>\n<meta property=\"og:locale\" content=\"fr_FR\" \/>\n<meta property=\"og:type\" content=\"article\" \/>\n<meta property=\"og:title\" content=\"Luxe - Conseil en strat\u00e9gie et transformation des op\u00e9rations\" \/>\n<meta property=\"og:description\" content=\"D\u00e9couvrez l&#039;expertise du cabinet de conseil Argon &amp; Co dans le secteur du luxe.\" \/>\n<meta property=\"og:url\" content=\"https:\/\/www.argonandco.com\/fr\/secteurs\/luxe\/\" \/>\n<meta property=\"og:site_name\" content=\"Argon &amp; Co\" \/>\n<meta property=\"article:modified_time\" content=\"2024-12-16T10:49:28+00:00\" \/>\n<meta name=\"twitter:card\" content=\"summary_large_image\" \/>\n<meta name=\"twitter:label1\" content=\"Dur\u00e9e de lecture estim\u00e9e\" \/>\n\t<meta name=\"twitter:data1\" content=\"2 minutes\" \/>\n<script type=\"application\/ld+json\" class=\"yoast-schema-graph\">{\"@context\":\"https:\\\/\\\/schema.org\",\"@graph\":[{\"@type\":\"WebPage\",\"@id\":\"https:\\\/\\\/www.argonandco.com\\\/fr\\\/secteurs\\\/luxe\\\/\",\"url\":\"https:\\\/\\\/www.argonandco.com\\\/fr\\\/secteurs\\\/luxe\\\/\",\"name\":\"Luxe - Conseil en strat\u00e9gie et transformation des op\u00e9rations\",\"isPartOf\":{\"@id\":\"https:\\\/\\\/www.argonandco.com\\\/fr\\\/#website\"},\"datePublished\":\"2019-11-18T15:46:48+00:00\",\"dateModified\":\"2024-12-16T10:49:28+00:00\",\"description\":\"D\u00e9couvrez l'expertise du cabinet de conseil Argon & Co dans le secteur du luxe.\",\"breadcrumb\":{\"@id\":\"https:\\\/\\\/www.argonandco.com\\\/fr\\\/secteurs\\\/luxe\\\/#breadcrumb\"},\"inLanguage\":\"fr-FR\",\"potentialAction\":[{\"@type\":\"ReadAction\",\"target\":[\"https:\\\/\\\/www.argonandco.com\\\/fr\\\/secteurs\\\/luxe\\\/\"]}]},{\"@type\":\"BreadcrumbList\",\"@id\":\"https:\\\/\\\/www.argonandco.com\\\/fr\\\/secteurs\\\/luxe\\\/#breadcrumb\",\"itemListElement\":[{\"@type\":\"ListItem\",\"position\":1,\"name\":\"Home\",\"item\":\"https:\\\/\\\/www.argonandco.com\\\/fr\\\/\"},{\"@type\":\"ListItem\",\"position\":2,\"name\":\"Secteurs\",\"item\":\"https:\\\/\\\/www.argonandco.com\\\/fr\\\/secteurs\\\/\"},{\"@type\":\"ListItem\",\"position\":3,\"name\":\"Luxe\"}]},{\"@type\":\"WebSite\",\"@id\":\"https:\\\/\\\/www.argonandco.com\\\/fr\\\/#website\",\"url\":\"https:\\\/\\\/www.argonandco.com\\\/fr\\\/\",\"name\":\"Argon &amp; Co\",\"description\":\"We help clients achieve their strategic and operational objectives, working together to transform their businesses and generate real change.\",\"potentialAction\":[{\"@type\":\"SearchAction\",\"target\":{\"@type\":\"EntryPoint\",\"urlTemplate\":\"https:\\\/\\\/www.argonandco.com\\\/fr\\\/?s={search_term_string}\"},\"query-input\":{\"@type\":\"PropertyValueSpecification\",\"valueRequired\":true,\"valueName\":\"search_term_string\"}}],\"inLanguage\":\"fr-FR\"}]}<\/script>\n<!-- \/ Yoast SEO plugin. -->","yoast_head_json":{"title":"Luxe - Conseil en strat\u00e9gie et transformation des op\u00e9rations","description":"D\u00e9couvrez l'expertise du cabinet de conseil Argon & Co dans le secteur du luxe.","robots":{"index":"index","follow":"follow","max-snippet":"max-snippet:-1","max-image-preview":"max-image-preview:large","max-video-preview":"max-video-preview:-1"},"canonical":"https:\/\/www.argonandco.com\/fr\/secteurs\/luxe\/","og_locale":"fr_FR","og_type":"article","og_title":"Luxe - Conseil en strat\u00e9gie et transformation des op\u00e9rations","og_description":"D\u00e9couvrez l'expertise du cabinet de conseil Argon & Co dans le secteur du luxe.","og_url":"https:\/\/www.argonandco.com\/fr\/secteurs\/luxe\/","og_site_name":"Argon &amp; Co","article_modified_time":"2024-12-16T10:49:28+00:00","twitter_card":"summary_large_image","twitter_misc":{"Dur\u00e9e de lecture estim\u00e9e":"2 minutes"},"schema":{"@context":"https:\/\/schema.org","@graph":[{"@type":"WebPage","@id":"https:\/\/www.argonandco.com\/fr\/secteurs\/luxe\/","url":"https:\/\/www.argonandco.com\/fr\/secteurs\/luxe\/","name":"Luxe - Conseil en strat\u00e9gie et transformation des op\u00e9rations","isPartOf":{"@id":"https:\/\/www.argonandco.com\/fr\/#website"},"datePublished":"2019-11-18T15:46:48+00:00","dateModified":"2024-12-16T10:49:28+00:00","description":"D\u00e9couvrez l'expertise du cabinet de conseil Argon & Co dans le secteur du luxe.","breadcrumb":{"@id":"https:\/\/www.argonandco.com\/fr\/secteurs\/luxe\/#breadcrumb"},"inLanguage":"fr-FR","potentialAction":[{"@type":"ReadAction","target":["https:\/\/www.argonandco.com\/fr\/secteurs\/luxe\/"]}]},{"@type":"BreadcrumbList","@id":"https:\/\/www.argonandco.com\/fr\/secteurs\/luxe\/#breadcrumb","itemListElement":[{"@type":"ListItem","position":1,"name":"Home","item":"https:\/\/www.argonandco.com\/fr\/"},{"@type":"ListItem","position":2,"name":"Secteurs","item":"https:\/\/www.argonandco.com\/fr\/secteurs\/"},{"@type":"ListItem","position":3,"name":"Luxe"}]},{"@type":"WebSite","@id":"https:\/\/www.argonandco.com\/fr\/#website","url":"https:\/\/www.argonandco.com\/fr\/","name":"Argon &amp; Co","description":"We help clients achieve their strategic and operational objectives, working together to transform their businesses and generate real change.","potentialAction":[{"@type":"SearchAction","target":{"@type":"EntryPoint","urlTemplate":"https:\/\/www.argonandco.com\/fr\/?s={search_term_string}"},"query-input":{"@type":"PropertyValueSpecification","valueRequired":true,"valueName":"search_term_string"}}],"inLanguage":"fr-FR"}]}},"_links":{"self":[{"href":"https:\/\/www.argonandco.com\/fr\/wp-json\/wp\/v2\/pages\/1198","targetHints":{"allow":["GET"]}}],"collection":[{"href":"https:\/\/www.argonandco.com\/fr\/wp-json\/wp\/v2\/pages"}],"about":[{"href":"https:\/\/www.argonandco.com\/fr\/wp-json\/wp\/v2\/types\/page"}],"author":[{"embeddable":true,"href":"https:\/\/www.argonandco.com\/fr\/wp-json\/wp\/v2\/users\/1"}],"replies":[{"embeddable":true,"href":"https:\/\/www.argonandco.com\/fr\/wp-json\/wp\/v2\/comments?post=1198"}],"version-history":[{"count":0,"href":"https:\/\/www.argonandco.com\/fr\/wp-json\/wp\/v2\/pages\/1198\/revisions"}],"up":[{"embeddable":true,"href":"https:\/\/www.argonandco.com\/fr\/wp-json\/wp\/v2\/pages\/1175"}],"wp:attachment":[{"href":"https:\/\/www.argonandco.com\/fr\/wp-json\/wp\/v2\/media?parent=1198"}],"curies":[{"name":"wp","href":"https:\/\/api.w.org\/{rel}","templated":true}]}}