{"id":1188,"date":"2019-11-18T15:28:21","date_gmt":"2019-11-18T15:28:21","guid":{"rendered":"https:\/\/www.argonandco.com\/?page_id=1188"},"modified":"2024-12-16T10:48:02","modified_gmt":"2024-12-16T10:48:02","slug":"grande-consommation","status":"publish","type":"page","link":"https:\/\/www.argonandco.com\/fr\/secteurs\/grande-consommation\/","title":{"rendered":"Grande Consommation"},"content":{"rendered":"<h2>Produits de grande consommation<\/h2>\n<p>Le secteur des produits de grande consommation est en forte mutation. Son mod\u00e8le traditionnel, fond\u00e9 sur une marque forte de stature internationale, la recherche d\u2019\u00e9conomies d\u2019\u00e9chelle et des relations \u00e9troites avec les distributeurs, se voit aujourd\u2019hui remis en cause par\u00a0:<\/p>\n<ul>\n<li>L\u2019\u00e9mergence de nouvelles g\u00e9n\u00e9rations de consommateurs moins sensibles aux discours des marques,<\/li>\n<li>L\u2019apparition de tendances autour du \u00ab bien-\u00eatre \u00bb,<\/li>\n<li>Le d\u00e9veloppement rapide des petites marques,<\/li>\n<li>La n\u00e9cessit\u00e9 d\u2019interagir rapidement et directement avec les consommateurs par le biais des nouvelles technologies.<\/li>\n<\/ul>\n<p>Par ailleurs, une gestion des op\u00e9rations efficace, \u00e0 l\u2019\u00e8re des nouvelles technologies, repose sur une parfaite visibilit\u00e9 et une ma\u00eetrise de tous les aspects de la supply chain, des fournisseurs jusqu\u2019aux consommateurs, ce que nos consultants sp\u00e9cialis\u00e9s en retail sont \u00e0 m\u00eame de mettre en lumi\u00e8re.<\/p>\n<h2>Les d\u00e9fis du secteur de la Grande Consommation<\/h2>\n<p>Dans cet environnement hautement comp\u00e9titif et dynamique, les entreprises doivent devenir plus agiles que jamais. La cl\u00e9 du succ\u00e8s repose sur leur capacit\u00e9 \u00e0 r\u00e9pondre rapidement aux besoins changeants des consommateurs. La ma\u00eetrise de la supply chain s\u2019av\u00e8re elle aussi toujours plus complexe, en raison\u00a0:<\/p>\n<ul>\n<li>De l\u2019augmentation du co\u00fbt des mati\u00e8res premi\u00e8res<\/li>\n<li>Des ressources comparativement plus restreintes du fait de la croissance d\u00e9mographique<\/li>\n<li>De l\u2019\u00e9l\u00e9vation des niveaux de vie et donc de la consommation par habitant<\/li>\n<li>Des contraintes l\u00e9gislatives et fiscales destin\u00e9es \u00e0 faire \u00e9voluer le comportement des consommateurs dans une perspective de d\u00e9veloppement durable<\/li>\n<\/ul>\n<p>D\u2019une part, la demande de produits frais de qualit\u00e9 sup\u00e9rieure augmente, et d\u2019autre part, les consommateurs sont de plus en plus soucieux des co\u00fbts et recourent volontiers aux promotions.<\/p>\n<p>L\u2019\u00e9mergence de nouveaux march\u00e9s est susceptible de modifier consid\u00e9rablement la demande mondiale. Dans le m\u00eame temps, sur leurs march\u00e9s traditionnels, les industriels doivent r\u00e9pondre aux exigences nouvelles de leurs distributeurs, notamment le d\u00e9veloppement des commerces de proximit\u00e9 et la vente directe au consommateur.<\/p>\n<p>Pour am\u00e9liorer son bilan environnemental et r\u00e9duire son impact, le secteur dans son ensemble investit dans l\u2019innovation, accompagn\u00e9 par des experts du en conseil en grande consommation et grande distribution. La segmentation des produits et leur \u00ab premiumisation \u00bb impacte directement le process NPD (New Product Development) ainsi que la gestion du cycle de vie des produits.<\/p>\n<p>Par ailleurs, de plus en plus de donn\u00e9es sont accessibles aux marques. Pour celles en mesure de les analyser efficacement, cela permet de r\u00e9pondre plus rapidement aux attentes des clients et d\u2019identifier des ventes additionnelles. Autant de changements \u00e0 prendre en compte par les acteurs du secteur.<\/p>\n<h2>Ce que notre cabinet de conseil peut faire pour vous permettre relever les d\u00e9fis li\u00e9s au secteur de la Grande Consommation<\/h2>\n<p>Argon &amp; Co accompagne plusieurs des principaux acteurs de la Grande Consommation dans le d\u00e9ploiement d\u2019organisations agiles et l\u2019optimisation de leur excellence op\u00e9rationnelle. Nous aidons ainsi nos clients \u00e0 d\u00e9finir leur strat\u00e9gie dans le domaine des op\u00e9rations end-to-end et \u00e0 mettre en \u0153uvre cette transformation.<\/p>\n    <div class=\"accordion\" id=\"accordion\" data-id=\"1188\" data-eval=\"true\" data-field=\"accordions\" >\n                        <div class=\"accordion__item\">\n                    <div class=\"accordion__trigger js-accordion-trigger\">\n                        <h4 class=\"accordion__title\">Digital<\/h4>\n                        <div class=\"accordion__plus js-accordion-plus\"><\/div>\n                    <\/div>\n                    <div class=\"accordion__content js-accordion-target\">\n                        <ul>\n<li>IA (pr\u00e9vision des ventes et promotions, fiabilisation production et maintenance, politique tarifaire)<\/li>\n<li>RPA (Robotic Process Automation)<\/li>\n<li>Tra\u00e7abilit\u00e9 et IoT<\/li>\n<li>Plateforme de collaboration<\/li>\n<\/ul>\n                    <\/div>\n                <\/div>\n                        <div class=\"accordion__item\">\n                    <div class=\"accordion__trigger js-accordion-trigger\">\n                        <h4 class=\"accordion__title\">Gestion de l\u2019innovation<\/h4>\n                        <div class=\"accordion__plus js-accordion-plus\"><\/div>\n                    <\/div>\n                    <div class=\"accordion__content js-accordion-target\">\n                        <ul>\n<li><em>Lean development<\/em><\/li>\n<li>Processus et organisation R&amp;D<\/li>\n<li>R\u00e9duction de la complexit\u00e9 du portefeuille produits (diversit\u00e9 commerciale et conception technique, collaboration fournisseurs)<\/li>\n<\/ul>\n                    <\/div>\n                <\/div>\n                        <div class=\"accordion__item\">\n                    <div class=\"accordion__trigger js-accordion-trigger\">\n                        <h4 class=\"accordion__title\">Efficacit\u00e9 op\u00e9rationnelle<\/h4>\n                        <div class=\"accordion__plus js-accordion-plus\"><\/div>\n                    <\/div>\n                    <div class=\"accordion__content js-accordion-target\">\n                        <ul>\n<li>Achats\/sourcing (<em>redesign to value<\/em>, <em>make or buy<\/em>, <em>category management<\/em>)<\/li>\n<li>Excellence industrielle (strat\u00e9gie industrielle, plan de comp\u00e9titivit\u00e9, <em>lean manufacturing<\/em>, manufacturing 4.0)<\/li>\n<li>Supply chain (gouvernance, S&amp;OP, Pr\u00e9vision, DRP (Distribution Requirement Planning) et planification)<\/li>\n<li>Collaboration fournisseurs et clients<\/li>\n<li>Logistique (politique de service, strat\u00e9gie logistique, externalisation, plans de performances, m\u00e9canisation\/automatisation)<\/li>\n<li>Efficacit\u00e9 du back-office (optimisation des organisations, shared services et externalisation, optimisation\/automatisation des processus support, reporting et animation de la performance)<\/li>\n<\/ul>\n                    <\/div>\n                <\/div>\n                        <div class=\"accordion__item\">\n                    <div class=\"accordion__trigger js-accordion-trigger\">\n                        <h4 class=\"accordion__title\">Agilit\u00e9<\/h4>\n                        <div class=\"accordion__plus js-accordion-plus\"><\/div>\n                    <\/div>\n                    <div class=\"accordion__content js-accordion-target\">\n                        <ul>\n<li>Innovation (lean, acc\u00e9l\u00e9ration des <em>time to market<\/em>)<\/li>\n<li>Agilit\u00e9 industrielle<\/li>\n<li>Planification et distribution multicanal<\/li>\n<li>Pilotage de la performance<\/li>\n<\/ul>\n                    <\/div>\n                <\/div>\n                        <div class=\"accordion__item\">\n                    <div class=\"accordion__trigger js-accordion-trigger\">\n                        <h4 class=\"accordion__title\">Gestion du changement<\/h4>\n                        <div class=\"accordion__plus js-accordion-plus\"><\/div>\n                    <\/div>\n                    <div class=\"accordion__content js-accordion-target\">\n                        <ul>\n<li>Accompagnement des \u00e9quipes dans la transformation des op\u00e9rations<\/li>\n<\/ul>\n                    <\/div>\n                <\/div>\n            <\/div>\n    \n<h2>Notre d\u00e9marche<\/h2>\n<p>Notre cabinet de conseil en<strong>\u00a0<\/strong>strat\u00e9gie des op\u00e9rations\u00a0associe expertise technique, exp\u00e9rience op\u00e9rationnelle et connaissances m\u00e9tier pour accompagner ses clients \u00e0 r\u00e9soudre les probl\u00e8mes sp\u00e9cifiques au secteur de la grande consommation et \u00e0\u00a0obtenir des r\u00e9sultats durables. Notre d\u00e9marche garantit l\u2019adh\u00e9sion \u00e0 tous les niveaux de l\u2019entreprise pour nos clients ainsi qu\u2019un r\u00e9sultat p\u00e9renne.<br \/>\nNous avons d\u00e9j\u00e0 travaill\u00e9 avec un large \u00e9ventail d\u2019acteurs de la Grande Consommation comme PZ Cussons, Hallmark Cards, Electrolux, Sony Computer Entertainment, Paperchase, Royal Canin, British American Tobacco, Hachette Livre, L&rsquo;Or\u00e9al Paris et Avon. <a href=\"https:\/\/www.argonandco.com\/fr\/a-propos\/\">Cliquer ici pour en savoir plus.<\/a><\/p>\n","protected":false},"excerpt":{"rendered":"<p>Produits de grande consommation Le secteur des produits de grande consommation est en forte mutation. Son mod\u00e8le traditionnel, fond\u00e9 sur une marque forte de stature internationale, la recherche d\u2019\u00e9conomies d\u2019\u00e9chelle et des relations \u00e9troites avec les distributeurs, se voit aujourd\u2019hui remis en cause par\u00a0: L\u2019\u00e9mergence de nouvelles g\u00e9n\u00e9rations de consommateurs moins sensibles aux discours des [&hellip;]<\/p>\n","protected":false},"author":1,"featured_media":0,"parent":1175,"menu_order":8,"comment_status":"closed","ping_status":"closed","template":"","meta":{"_acf_changed":false,"footnotes":""},"class_list":["post-1188","page","type-page","status-publish","hentry"],"acf":[],"yoast_head":"<!-- This site is optimized with the Yoast SEO plugin v27.5 - https:\/\/yoast.com\/product\/yoast-seo-wordpress\/ -->\n<title>Conseil En Grande Consommation | Argon &amp; Co<\/title>\n<meta name=\"description\" content=\"D\u00e9couvrez l&#039;expertise du cabinet de conseil Argon &amp; Co dans le secteur de la grande consommation.\" \/>\n<meta name=\"robots\" content=\"index, follow, max-snippet:-1, max-image-preview:large, max-video-preview:-1\" \/>\n<link rel=\"canonical\" href=\"https:\/\/www.argonandco.com\/fr\/secteurs\/grande-consommation\/\" \/>\n<meta property=\"og:locale\" content=\"fr_FR\" \/>\n<meta property=\"og:type\" content=\"article\" \/>\n<meta property=\"og:title\" content=\"Conseil En Grande Consommation | Argon &amp; Co\" \/>\n<meta property=\"og:description\" content=\"D\u00e9couvrez l&#039;expertise du cabinet de conseil Argon &amp; Co dans le secteur de la grande consommation.\" \/>\n<meta property=\"og:url\" content=\"https:\/\/www.argonandco.com\/fr\/secteurs\/grande-consommation\/\" \/>\n<meta property=\"og:site_name\" content=\"Argon &amp; Co\" \/>\n<meta property=\"article:modified_time\" content=\"2024-12-16T10:48:02+00:00\" \/>\n<meta name=\"twitter:card\" content=\"summary_large_image\" \/>\n<meta name=\"twitter:label1\" content=\"Dur\u00e9e de lecture estim\u00e9e\" \/>\n\t<meta name=\"twitter:data1\" content=\"3 minutes\" \/>\n<script type=\"application\/ld+json\" class=\"yoast-schema-graph\">{\"@context\":\"https:\\\/\\\/schema.org\",\"@graph\":[{\"@type\":\"WebPage\",\"@id\":\"https:\\\/\\\/www.argonandco.com\\\/fr\\\/secteurs\\\/grande-consommation\\\/\",\"url\":\"https:\\\/\\\/www.argonandco.com\\\/fr\\\/secteurs\\\/grande-consommation\\\/\",\"name\":\"Conseil En Grande Consommation | Argon & Co\",\"isPartOf\":{\"@id\":\"https:\\\/\\\/www.argonandco.com\\\/fr\\\/#website\"},\"datePublished\":\"2019-11-18T15:28:21+00:00\",\"dateModified\":\"2024-12-16T10:48:02+00:00\",\"description\":\"D\u00e9couvrez l'expertise du cabinet de conseil Argon & Co dans le secteur de la grande consommation.\",\"breadcrumb\":{\"@id\":\"https:\\\/\\\/www.argonandco.com\\\/fr\\\/secteurs\\\/grande-consommation\\\/#breadcrumb\"},\"inLanguage\":\"fr-FR\",\"potentialAction\":[{\"@type\":\"ReadAction\",\"target\":[\"https:\\\/\\\/www.argonandco.com\\\/fr\\\/secteurs\\\/grande-consommation\\\/\"]}]},{\"@type\":\"BreadcrumbList\",\"@id\":\"https:\\\/\\\/www.argonandco.com\\\/fr\\\/secteurs\\\/grande-consommation\\\/#breadcrumb\",\"itemListElement\":[{\"@type\":\"ListItem\",\"position\":1,\"name\":\"Home\",\"item\":\"https:\\\/\\\/www.argonandco.com\\\/fr\\\/\"},{\"@type\":\"ListItem\",\"position\":2,\"name\":\"Secteurs\",\"item\":\"https:\\\/\\\/www.argonandco.com\\\/fr\\\/secteurs\\\/\"},{\"@type\":\"ListItem\",\"position\":3,\"name\":\"Grande Consommation\"}]},{\"@type\":\"WebSite\",\"@id\":\"https:\\\/\\\/www.argonandco.com\\\/fr\\\/#website\",\"url\":\"https:\\\/\\\/www.argonandco.com\\\/fr\\\/\",\"name\":\"Argon &amp; Co\",\"description\":\"We help clients achieve their strategic and operational objectives, working together to transform their businesses and generate real change.\",\"potentialAction\":[{\"@type\":\"SearchAction\",\"target\":{\"@type\":\"EntryPoint\",\"urlTemplate\":\"https:\\\/\\\/www.argonandco.com\\\/fr\\\/?s={search_term_string}\"},\"query-input\":{\"@type\":\"PropertyValueSpecification\",\"valueRequired\":true,\"valueName\":\"search_term_string\"}}],\"inLanguage\":\"fr-FR\"}]}<\/script>\n<!-- \/ Yoast SEO plugin. -->","yoast_head_json":{"title":"Conseil En Grande Consommation | Argon & Co","description":"D\u00e9couvrez l'expertise du cabinet de conseil Argon & Co dans le secteur de la grande consommation.","robots":{"index":"index","follow":"follow","max-snippet":"max-snippet:-1","max-image-preview":"max-image-preview:large","max-video-preview":"max-video-preview:-1"},"canonical":"https:\/\/www.argonandco.com\/fr\/secteurs\/grande-consommation\/","og_locale":"fr_FR","og_type":"article","og_title":"Conseil En Grande Consommation | Argon & Co","og_description":"D\u00e9couvrez l'expertise du cabinet de conseil Argon & Co dans le secteur de la grande consommation.","og_url":"https:\/\/www.argonandco.com\/fr\/secteurs\/grande-consommation\/","og_site_name":"Argon &amp; Co","article_modified_time":"2024-12-16T10:48:02+00:00","twitter_card":"summary_large_image","twitter_misc":{"Dur\u00e9e de lecture estim\u00e9e":"3 minutes"},"schema":{"@context":"https:\/\/schema.org","@graph":[{"@type":"WebPage","@id":"https:\/\/www.argonandco.com\/fr\/secteurs\/grande-consommation\/","url":"https:\/\/www.argonandco.com\/fr\/secteurs\/grande-consommation\/","name":"Conseil En Grande Consommation | Argon & Co","isPartOf":{"@id":"https:\/\/www.argonandco.com\/fr\/#website"},"datePublished":"2019-11-18T15:28:21+00:00","dateModified":"2024-12-16T10:48:02+00:00","description":"D\u00e9couvrez l'expertise du cabinet de conseil Argon & Co dans le secteur de la grande consommation.","breadcrumb":{"@id":"https:\/\/www.argonandco.com\/fr\/secteurs\/grande-consommation\/#breadcrumb"},"inLanguage":"fr-FR","potentialAction":[{"@type":"ReadAction","target":["https:\/\/www.argonandco.com\/fr\/secteurs\/grande-consommation\/"]}]},{"@type":"BreadcrumbList","@id":"https:\/\/www.argonandco.com\/fr\/secteurs\/grande-consommation\/#breadcrumb","itemListElement":[{"@type":"ListItem","position":1,"name":"Home","item":"https:\/\/www.argonandco.com\/fr\/"},{"@type":"ListItem","position":2,"name":"Secteurs","item":"https:\/\/www.argonandco.com\/fr\/secteurs\/"},{"@type":"ListItem","position":3,"name":"Grande Consommation"}]},{"@type":"WebSite","@id":"https:\/\/www.argonandco.com\/fr\/#website","url":"https:\/\/www.argonandco.com\/fr\/","name":"Argon &amp; Co","description":"We help clients achieve their strategic and operational objectives, working together to transform their businesses and generate real change.","potentialAction":[{"@type":"SearchAction","target":{"@type":"EntryPoint","urlTemplate":"https:\/\/www.argonandco.com\/fr\/?s={search_term_string}"},"query-input":{"@type":"PropertyValueSpecification","valueRequired":true,"valueName":"search_term_string"}}],"inLanguage":"fr-FR"}]}},"_links":{"self":[{"href":"https:\/\/www.argonandco.com\/fr\/wp-json\/wp\/v2\/pages\/1188","targetHints":{"allow":["GET"]}}],"collection":[{"href":"https:\/\/www.argonandco.com\/fr\/wp-json\/wp\/v2\/pages"}],"about":[{"href":"https:\/\/www.argonandco.com\/fr\/wp-json\/wp\/v2\/types\/page"}],"author":[{"embeddable":true,"href":"https:\/\/www.argonandco.com\/fr\/wp-json\/wp\/v2\/users\/1"}],"replies":[{"embeddable":true,"href":"https:\/\/www.argonandco.com\/fr\/wp-json\/wp\/v2\/comments?post=1188"}],"version-history":[{"count":0,"href":"https:\/\/www.argonandco.com\/fr\/wp-json\/wp\/v2\/pages\/1188\/revisions"}],"up":[{"embeddable":true,"href":"https:\/\/www.argonandco.com\/fr\/wp-json\/wp\/v2\/pages\/1175"}],"wp:attachment":[{"href":"https:\/\/www.argonandco.com\/fr\/wp-json\/wp\/v2\/media?parent=1188"}],"curies":[{"name":"wp","href":"https:\/\/api.w.org\/{rel}","templated":true}]}}