{"id":1177,"date":"2019-11-18T15:11:27","date_gmt":"2019-11-18T15:11:27","guid":{"rendered":"https:\/\/www.argonandco.com\/?page_id=1177"},"modified":"2024-12-16T10:46:56","modified_gmt":"2024-12-16T10:46:56","slug":"energy-utilities","status":"publish","type":"page","link":"https:\/\/www.argonandco.com\/fr\/secteurs\/energy-utilities\/","title":{"rendered":"Energy &#038; Utilities"},"content":{"rendered":"<h2>Energy &amp; Utilities<\/h2>\n<p>Le secteur de l\u2019\u00e9nergie vit une mutation sans pr\u00e9c\u00e8dent avec la mobilisation d\u2019une grande majorit\u00e9 de la communaut\u00e9 internationale contre le r\u00e9chauffement climatique, l\u2019\u00e9volution profonde des comportements des consommateurs et les progr\u00e8s technologiques qui autorisent un ralentissement progressif de la consommation d\u2019\u00e9nergie dans le monde, substituant les \u00e9nergies renouvelables aux \u00e9nergies fossiles.<\/p>\n<h2>Les d\u00e9fis du secteur Energy &amp; Utilities<\/h2>\n<p>Dans le domaine des services (utilities), l\u2019urbanisation, la croissance d\u00e9mographique et le changement climatique n\u00e9cessitent de lourds investissements de la part du secteur priv\u00e9 pour moderniser des infrastructures vieillissantes tout en garantissant un service de qualit\u00e9.<\/p>\n<p>\u00c9voluant dans un secteur hautement capitalistique, mouvant et mondialis\u00e9, les grands acteurs internationaux de l\u2019\u00e9nergie doivent pr\u00e9parer leur mutation industrielle (innovation, nouveaux business model, diversification) tout en renfor\u00e7ant l\u2019efficacit\u00e9 de leurs op\u00e9rations, et ce, alors m\u00eame que l\u2019acc\u00e8s aux ressources est de plus en plus difficile. Dans ce contexte, le soutien d\u2019un cabinet de conseil en \u00e9nergie et services peut s\u2019av\u00e9rer un atout de choix.<\/p>\n<p>Dans les secteurs B to C, la ma\u00eetrise des investissements et l\u2019excellence op\u00e9rationnelle sont cl\u00e9s. Par ailleurs, la r\u00e9volution digitale est un enjeu majeur pour tirer parti des opportunit\u00e9s offertes par l\u2019\u00e9volution des business models et pour am\u00e9liorer la productivit\u00e9 des op\u00e9rations.<\/p>\n<h2>Ce que notre cabinet de conseil peut faire pour vous permettre relever les d\u00e9fis li\u00e9s au secteur de l\u2019\u00e9nergie et des services<\/h2>\n<p>Expert en conseil en energy &amp; utilities, Argon &amp; Co accompagne les clients du secteur de l\u2019\u00e9nergie et des services dans l\u2019am\u00e9lioration de leur performance op\u00e9rationnelle sur les dimensions suivantes\u00a0:<br \/>\n    <div class=\"accordion\" id=\"accordion\" data-id=\"1177\" data-eval=\"true\" data-field=\"accordions\" >\n                        <div class=\"accordion__item\">\n                    <div class=\"accordion__trigger js-accordion-trigger\">\n                        <h4 class=\"accordion__title\">R\u00e9duction des co\u00fbts<\/h4>\n                        <div class=\"accordion__plus js-accordion-plus\"><\/div>\n                    <\/div>\n                    <div class=\"accordion__content js-accordion-target\">\n                        <ul>\n<li>Optimisation des co\u00fbts d\u2019achat directs et indirects<\/li>\n<li>Variabilisation des co\u00fbts<\/li>\n<li>Design to cost sur les investissements industriels<\/li>\n<li>Optimisation des shared services sur les fonctions support<\/li>\n<\/ul>\n                    <\/div>\n                <\/div>\n                        <div class=\"accordion__item\">\n                    <div class=\"accordion__trigger js-accordion-trigger\">\n                        <h4 class=\"accordion__title\">Am\u00e9lioration de la disponibilit\u00e9 des installations et des \u00e9quipements<\/h4>\n                        <div class=\"accordion__plus js-accordion-plus\"><\/div>\n                    <\/div>\n                    <div class=\"accordion__content js-accordion-target\">\n                        <ul>\n<li>Asset management<\/li>\n<li>Optimisation des processus de maintenance<\/li>\n<li>Optimisation des stocks de pi\u00e8ces <span style=\"text-decoration: line-through;\">de maintenance<\/span> d\u00e9tach\u00e9es pour garantir la disponibilit\u00e9<\/li>\n<li>Optimisation des parcs d\u2019\u00e9quipements mobiles<\/li>\n<\/ul>\n                    <\/div>\n                <\/div>\n                        <div class=\"accordion__item\">\n                    <div class=\"accordion__trigger js-accordion-trigger\">\n                        <h4 class=\"accordion__title\">Optimisation du cash<\/h4>\n                        <div class=\"accordion__plus js-accordion-plus\"><\/div>\n                    <\/div>\n                    <div class=\"accordion__content js-accordion-target\">\n                        <ul>\n<li>Planification tactique et S&amp;OP<\/li>\n<li>Mise en place de politiques de stocks adapt\u00e9es aux sp\u00e9cificit\u00e9s du secteur<\/li>\n<\/ul>\n                    <\/div>\n                <\/div>\n                        <div class=\"accordion__item\">\n                    <div class=\"accordion__trigger js-accordion-trigger\">\n                        <h4 class=\"accordion__title\">Optimisation des processus clients<\/h4>\n                        <div class=\"accordion__plus js-accordion-plus\"><\/div>\n                    <\/div>\n                    <div class=\"accordion__content js-accordion-target\">\n                        <ul>\n<li>Pricing<\/li>\n<li>Cycle de vie des contrats<\/li>\n<li>Facturation<\/li>\n<li>Am\u00e9lioration des flux de tr\u00e9sorerie<\/li>\n<li>Relation et service clients<\/li>\n<li>D\u00e9veloppement multicanal et digital<\/li>\n<\/ul>\n                    <\/div>\n                <\/div>\n                        <div class=\"accordion__item\">\n                    <div class=\"accordion__trigger js-accordion-trigger\">\n                        <h4 class=\"accordion__title\">Efficacit\u00e9 op\u00e9rationnelle<\/h4>\n                        <div class=\"accordion__plus js-accordion-plus\"><\/div>\n                    <\/div>\n                    <div class=\"accordion__content js-accordion-target\">\n                        <ul>\n<li>Pr\u00e9visions<\/li>\n<li>Pilotage ad\u00e9quation charges\/capacit\u00e9s des ressources<\/li>\n<li>Optimisation des organisations (r\u00f4les et responsabilit\u00e9s, effectifs)<\/li>\n<li>Pilotage de la performance<\/li>\n<li>Optimisation des \u00e9quipes mobiles (field services)<\/li>\n<li>Shared services<\/li>\n<\/ul>\n                    <\/div>\n                <\/div>\n                        <div class=\"accordion__item\">\n                    <div class=\"accordion__trigger js-accordion-trigger\">\n                        <h4 class=\"accordion__title\">Conduite du changement et de la transformation<\/h4>\n                        <div class=\"accordion__plus js-accordion-plus\"><\/div>\n                    <\/div>\n                    <div class=\"accordion__content js-accordion-target\">\n                        <p>Nos sp\u00e9cialistes du conseil en \u00e9nergie interviennent \u00e0 la fois sur les parties amont (acc\u00e8s aux ressources, exploration\u2013production) et aval (transformation, distribution, commercialisation, services) de cette cha\u00eene de valeur.<\/p>\n                    <\/div>\n                <\/div>\n            <\/div>\n    <\/p>\n<h2>Notre d\u00e9marche<\/h2>\n<p>Notre cabinet de conseil enstrat\u00e9gie des op\u00e9rations associe expertise technique, exp\u00e9rience op\u00e9rationnelle et connaissances m\u00e9tier pour accompagner ses clients \u00e0 r\u00e9soudre les probl\u00e8mes sp\u00e9cifiques au secteur de Energy &amp; Utilities et \u00e0 obtenir des r\u00e9sultats durables. Notre d\u00e9marche garantit l\u2019adh\u00e9sion \u00e0 tous les niveaux de l\u2019entreprise pour nos clients ainsi qu\u2019un r\u00e9sultat p\u00e9renne. Nous avons d\u00e9j\u00e0 travaill\u00e9 avec un large \u00e9ventail d\u2019acteurs du secteur Energy &amp; Utilities comme Reliance Worldwide Corporation, Gaz R\u00e9seau Distribution France (GRDF), ENGIE, Drax, SUEZ, EDF, Schlumberger, GRT gaz et Veolia. <a href=\"https:\/\/www.argonandco.com\/fr\/a-propos\/\">Cliquer ici pour en savoir plus.<\/a><\/p>\n<p>&nbsp;<\/p>\n<p>&nbsp;<\/p>\n<p>&nbsp;<\/p>\n","protected":false},"excerpt":{"rendered":"<p>Energy &amp; Utilities Le secteur de l\u2019\u00e9nergie vit une mutation sans pr\u00e9c\u00e8dent avec la mobilisation d\u2019une grande majorit\u00e9 de la communaut\u00e9 internationale contre le r\u00e9chauffement climatique, l\u2019\u00e9volution profonde des comportements des consommateurs et les progr\u00e8s technologiques qui autorisent un ralentissement progressif de la consommation d\u2019\u00e9nergie dans le monde, substituant les \u00e9nergies renouvelables aux \u00e9nergies fossiles. [&hellip;]<\/p>\n","protected":false},"author":1,"featured_media":0,"parent":1175,"menu_order":9,"comment_status":"closed","ping_status":"closed","template":"","meta":{"_acf_changed":false,"footnotes":""},"class_list":["post-1177","page","type-page","status-publish","hentry"],"acf":[],"yoast_head":"<!-- This site is optimized with the Yoast SEO plugin v27.5 - https:\/\/yoast.com\/product\/yoast-seo-wordpress\/ -->\n<title>Conseil En Energy &amp; Utilities | Cabinet De Conseil | Argon &amp; Co<\/title>\n<meta name=\"description\" content=\"D\u00e9couvrez l&#039;expertise du cabinet de conseil Argon &amp; Co dans le secteur de l&#039;\u00e9nergie.\" \/>\n<meta name=\"robots\" content=\"index, follow, max-snippet:-1, max-image-preview:large, max-video-preview:-1\" \/>\n<link rel=\"canonical\" href=\"https:\/\/www.argonandco.com\/fr\/secteurs\/energy-utilities\/\" \/>\n<meta property=\"og:locale\" content=\"fr_FR\" \/>\n<meta property=\"og:type\" content=\"article\" \/>\n<meta property=\"og:title\" content=\"Conseil En Energy &amp; Utilities | Cabinet De Conseil | Argon &amp; Co\" \/>\n<meta property=\"og:description\" content=\"D\u00e9couvrez l&#039;expertise du cabinet de conseil Argon &amp; Co dans le secteur de l&#039;\u00e9nergie.\" \/>\n<meta property=\"og:url\" content=\"https:\/\/www.argonandco.com\/fr\/secteurs\/energy-utilities\/\" \/>\n<meta property=\"og:site_name\" content=\"Argon &amp; Co\" \/>\n<meta property=\"article:modified_time\" content=\"2024-12-16T10:46:56+00:00\" \/>\n<meta name=\"twitter:card\" content=\"summary_large_image\" \/>\n<meta name=\"twitter:label1\" content=\"Dur\u00e9e de lecture estim\u00e9e\" \/>\n\t<meta name=\"twitter:data1\" content=\"2 minutes\" \/>\n<script type=\"application\/ld+json\" class=\"yoast-schema-graph\">{\"@context\":\"https:\\\/\\\/schema.org\",\"@graph\":[{\"@type\":\"WebPage\",\"@id\":\"https:\\\/\\\/www.argonandco.com\\\/fr\\\/secteurs\\\/energy-utilities\\\/\",\"url\":\"https:\\\/\\\/www.argonandco.com\\\/fr\\\/secteurs\\\/energy-utilities\\\/\",\"name\":\"Conseil En Energy & Utilities | Cabinet De Conseil | Argon & Co\",\"isPartOf\":{\"@id\":\"https:\\\/\\\/www.argonandco.com\\\/fr\\\/#website\"},\"datePublished\":\"2019-11-18T15:11:27+00:00\",\"dateModified\":\"2024-12-16T10:46:56+00:00\",\"description\":\"D\u00e9couvrez l'expertise du cabinet de conseil Argon & Co dans le secteur de l'\u00e9nergie.\",\"breadcrumb\":{\"@id\":\"https:\\\/\\\/www.argonandco.com\\\/fr\\\/secteurs\\\/energy-utilities\\\/#breadcrumb\"},\"inLanguage\":\"fr-FR\",\"potentialAction\":[{\"@type\":\"ReadAction\",\"target\":[\"https:\\\/\\\/www.argonandco.com\\\/fr\\\/secteurs\\\/energy-utilities\\\/\"]}]},{\"@type\":\"BreadcrumbList\",\"@id\":\"https:\\\/\\\/www.argonandco.com\\\/fr\\\/secteurs\\\/energy-utilities\\\/#breadcrumb\",\"itemListElement\":[{\"@type\":\"ListItem\",\"position\":1,\"name\":\"Home\",\"item\":\"https:\\\/\\\/www.argonandco.com\\\/fr\\\/\"},{\"@type\":\"ListItem\",\"position\":2,\"name\":\"Secteurs\",\"item\":\"https:\\\/\\\/www.argonandco.com\\\/fr\\\/secteurs\\\/\"},{\"@type\":\"ListItem\",\"position\":3,\"name\":\"Energy &#038; Utilities\"}]},{\"@type\":\"WebSite\",\"@id\":\"https:\\\/\\\/www.argonandco.com\\\/fr\\\/#website\",\"url\":\"https:\\\/\\\/www.argonandco.com\\\/fr\\\/\",\"name\":\"Argon &amp; Co\",\"description\":\"We help clients achieve their strategic and operational objectives, working together to transform their businesses and generate real change.\",\"potentialAction\":[{\"@type\":\"SearchAction\",\"target\":{\"@type\":\"EntryPoint\",\"urlTemplate\":\"https:\\\/\\\/www.argonandco.com\\\/fr\\\/?s={search_term_string}\"},\"query-input\":{\"@type\":\"PropertyValueSpecification\",\"valueRequired\":true,\"valueName\":\"search_term_string\"}}],\"inLanguage\":\"fr-FR\"}]}<\/script>\n<!-- \/ Yoast SEO plugin. -->","yoast_head_json":{"title":"Conseil En Energy & Utilities | Cabinet De Conseil | Argon & Co","description":"D\u00e9couvrez l'expertise du cabinet de conseil Argon & Co dans le secteur de l'\u00e9nergie.","robots":{"index":"index","follow":"follow","max-snippet":"max-snippet:-1","max-image-preview":"max-image-preview:large","max-video-preview":"max-video-preview:-1"},"canonical":"https:\/\/www.argonandco.com\/fr\/secteurs\/energy-utilities\/","og_locale":"fr_FR","og_type":"article","og_title":"Conseil En Energy & Utilities | Cabinet De Conseil | Argon & Co","og_description":"D\u00e9couvrez l'expertise du cabinet de conseil Argon & Co dans le secteur de l'\u00e9nergie.","og_url":"https:\/\/www.argonandco.com\/fr\/secteurs\/energy-utilities\/","og_site_name":"Argon &amp; Co","article_modified_time":"2024-12-16T10:46:56+00:00","twitter_card":"summary_large_image","twitter_misc":{"Dur\u00e9e de lecture estim\u00e9e":"2 minutes"},"schema":{"@context":"https:\/\/schema.org","@graph":[{"@type":"WebPage","@id":"https:\/\/www.argonandco.com\/fr\/secteurs\/energy-utilities\/","url":"https:\/\/www.argonandco.com\/fr\/secteurs\/energy-utilities\/","name":"Conseil En Energy & Utilities | Cabinet De Conseil | Argon & Co","isPartOf":{"@id":"https:\/\/www.argonandco.com\/fr\/#website"},"datePublished":"2019-11-18T15:11:27+00:00","dateModified":"2024-12-16T10:46:56+00:00","description":"D\u00e9couvrez l'expertise du cabinet de conseil Argon & Co dans le secteur de l'\u00e9nergie.","breadcrumb":{"@id":"https:\/\/www.argonandco.com\/fr\/secteurs\/energy-utilities\/#breadcrumb"},"inLanguage":"fr-FR","potentialAction":[{"@type":"ReadAction","target":["https:\/\/www.argonandco.com\/fr\/secteurs\/energy-utilities\/"]}]},{"@type":"BreadcrumbList","@id":"https:\/\/www.argonandco.com\/fr\/secteurs\/energy-utilities\/#breadcrumb","itemListElement":[{"@type":"ListItem","position":1,"name":"Home","item":"https:\/\/www.argonandco.com\/fr\/"},{"@type":"ListItem","position":2,"name":"Secteurs","item":"https:\/\/www.argonandco.com\/fr\/secteurs\/"},{"@type":"ListItem","position":3,"name":"Energy &#038; Utilities"}]},{"@type":"WebSite","@id":"https:\/\/www.argonandco.com\/fr\/#website","url":"https:\/\/www.argonandco.com\/fr\/","name":"Argon &amp; Co","description":"We help clients achieve their strategic and operational objectives, working together to transform their businesses and generate real change.","potentialAction":[{"@type":"SearchAction","target":{"@type":"EntryPoint","urlTemplate":"https:\/\/www.argonandco.com\/fr\/?s={search_term_string}"},"query-input":{"@type":"PropertyValueSpecification","valueRequired":true,"valueName":"search_term_string"}}],"inLanguage":"fr-FR"}]}},"_links":{"self":[{"href":"https:\/\/www.argonandco.com\/fr\/wp-json\/wp\/v2\/pages\/1177","targetHints":{"allow":["GET"]}}],"collection":[{"href":"https:\/\/www.argonandco.com\/fr\/wp-json\/wp\/v2\/pages"}],"about":[{"href":"https:\/\/www.argonandco.com\/fr\/wp-json\/wp\/v2\/types\/page"}],"author":[{"embeddable":true,"href":"https:\/\/www.argonandco.com\/fr\/wp-json\/wp\/v2\/users\/1"}],"replies":[{"embeddable":true,"href":"https:\/\/www.argonandco.com\/fr\/wp-json\/wp\/v2\/comments?post=1177"}],"version-history":[{"count":0,"href":"https:\/\/www.argonandco.com\/fr\/wp-json\/wp\/v2\/pages\/1177\/revisions"}],"up":[{"embeddable":true,"href":"https:\/\/www.argonandco.com\/fr\/wp-json\/wp\/v2\/pages\/1175"}],"wp:attachment":[{"href":"https:\/\/www.argonandco.com\/fr\/wp-json\/wp\/v2\/media?parent=1177"}],"curies":[{"name":"wp","href":"https:\/\/api.w.org\/{rel}","templated":true}]}}