{"id":38994,"date":"2026-04-08T15:59:32","date_gmt":"2026-04-08T14:59:32","guid":{"rendered":"https:\/\/www.argonandco.com\/?page_id=38994"},"modified":"2026-05-08T16:17:17","modified_gmt":"2026-05-08T15:17:17","slug":"sales-and-service-excellence","status":"publish","type":"page","link":"https:\/\/www.argonandco.com\/de\/leistungen\/sales-and-service-excellence\/","title":{"rendered":"Sales and Service Excellence"},"content":{"rendered":"<h2>Wie wir Sie unterst\u00fctzen<\/h2>\n<p data-start=\"199\" data-end=\"489\">Mit unserem Sales &amp; Service Excellence Ansatz unterst\u00fctzen wir Unternehmen dabei, integrierte kommerzielle Strategien zu entwickeln und umzusetzen, die nachhaltiges Umsatzwachstum, verbesserte Margen und eine hohe Kundenzufriedenheit \u00fcber den gesamten Kundenlebenszyklus hinweg erm\u00f6glichen.<\/p>\n<p data-start=\"491\" data-end=\"1013\">Im Vertrieb helfen wir bei der Implementierung fortschrittlicher Preisstrategien, der Entwicklung von Key-Account-Management-Modellen, der Bef\u00e4higung von Vertriebsteams sowie der Optimierung von H\u00e4ndlernetzwerken. Erg\u00e4nzt wird dies durch datengetriebene Performance-Steuerung, um Transparenz und Effektivit\u00e4t im Vertrieb zu erh\u00f6hen. Dabei stellen wir sicher, dass Vertriebsorganisationen nicht nur strukturell optimal aufgestellt sind, sondern auch flexibel auf Marktver\u00e4nderungen und digitale Disruption reagieren k\u00f6nnen.<\/p>\n<p data-start=\"1015\" data-end=\"1635\">Im Service wenden wir unseren ganzheitlichen \u201eVASA\u201c-Ansatz an, um Servicepotenziale systematisch zu identifizieren, Serviceportfolios neu zu gestalten und Leistungen wie Ersatzteile, Servicevertr\u00e4ge und digitale Services erfolgreich zu kommerzialisieren. Wir treiben die digitale Transformation im Service durch L\u00f6sungen wie Remote Support, Predictive Maintenance, KPI-Systeme und Prozessautomatisierung voran. Dar\u00fcber hinaus begleiten wir organisatorische Anpassungen, Incentivierungssysteme f\u00fcr F\u00fchrungskr\u00e4fte sowie Change-Management-Initiativen, um eine proaktive und profitable Servicekultur nachhaltig zu verankern.<\/p>\n<p data-start=\"1637\" data-end=\"1888\">Durch die enge Verzahnung von Vertrieb und Service schaffen wir die Grundlage daf\u00fcr, Marktzugang, kommerzielle Exzellenz und After-Sales-Wertsch\u00f6pfung miteinander zu verbinden \u2013 und beide Bereiche zu zentralen Treibern profitablen Wachstums zu machen.<\/p>\n<h2 data-start=\"1637\" data-end=\"1888\">Abgrenzung zu anderen Services<\/h2>\n<p data-start=\"1936\" data-end=\"2253\">Im Gegensatz zu Channels to Market, das sich prim\u00e4r auf die Auswahl und Steuerung von Vertriebskan\u00e4len konzentriert, verfolgt Sales &amp; Service Excellence einen ganzheitlichen Ansatz. Dieser integriert die Kanalstrategie in eine umfassende Transformation der kommerziellen Funktionen \u2013 \u00fcber Vertrieb und Service hinweg.<\/p>\n<p data-start=\"2255\" data-end=\"2600\">Gegen\u00fcber Maintenance und After-Sales, das vor allem auf Anlagenverf\u00fcgbarkeit, Effizienz und reaktive bzw. pr\u00e4ventive Serviceleistungen abzielt, hebt Sales &amp; Service Excellence den Service auf eine strategische Ebene. Der Fokus liegt hier auf Wertsch\u00f6pfung, Umsatzgenerierung, proaktiven Serviceangeboten, Preisstrategien und digitalen L\u00f6sungen.<\/p>\n<p data-start=\"2602\" data-end=\"3099\">Im Vergleich zu anderen Transformationsfeldern wie Service Excellence (isoliert betrachtet) oder Employees &amp; Culture verbindet dieser integrierte Ansatz gezielt kommerzielles Wachstum mit operativer Exzellenz entlang der gesamten Customer Journey \u2013 vom Erstkontakt im Vertrieb bis zur langfristigen Kundenbindung im Service. Ziel ist es, nicht nur den Marktzugang zu optimieren, sondern auch den Customer Lifetime Value durch abgestimmte Vertriebs- und Servicef\u00e4higkeiten nachhaltig zu maximieren.<\/p>\n<p><a href=\"https:\/\/www.argonandco.com\/de\/ueber-uns\/\" target=\"_blank\" rel=\"noopener\">Erfahren Sie hier mehr \u00fcber uns. <\/a><\/p>\n","protected":false},"excerpt":{"rendered":"<p>Wie wir Sie unterst\u00fctzen Mit unserem Sales &amp; Service Excellence Ansatz unterst\u00fctzen wir Unternehmen dabei, integrierte kommerzielle Strategien zu entwickeln und umzusetzen, die nachhaltiges Umsatzwachstum, verbesserte Margen und eine hohe Kundenzufriedenheit \u00fcber den gesamten Kundenlebenszyklus hinweg erm\u00f6glichen. Im Vertrieb helfen wir bei der Implementierung fortschrittlicher Preisstrategien, der Entwicklung von Key-Account-Management-Modellen, der Bef\u00e4higung von Vertriebsteams sowie [&hellip;]<\/p>\n","protected":false},"author":1,"featured_media":0,"parent":30418,"menu_order":9929,"comment_status":"closed","ping_status":"closed","template":"","meta":{"_acf_changed":false,"footnotes":""},"class_list":["post-38994","page","type-page","status-publish","hentry"],"acf":[],"yoast_head":"<!-- This site is optimized with the Yoast SEO plugin v27.5 - https:\/\/yoast.com\/product\/yoast-seo-wordpress\/ -->\n<title>Sales and Service Excellence - Argon &amp; Co<\/title>\n<meta name=\"robots\" content=\"index, follow, max-snippet:-1, max-image-preview:large, max-video-preview:-1\" \/>\n<link rel=\"canonical\" href=\"https:\/\/www.argonandco.com\/de\/leistungen\/sales-and-service-excellence\/\" \/>\n<meta property=\"og:locale\" content=\"de_DE\" \/>\n<meta property=\"og:type\" content=\"article\" \/>\n<meta property=\"og:title\" content=\"Sales and Service Excellence - Argon &amp; Co\" \/>\n<meta property=\"og:description\" content=\"Wie wir Sie unterst\u00fctzen Mit unserem Sales &amp; Service Excellence Ansatz unterst\u00fctzen wir Unternehmen dabei, integrierte kommerzielle Strategien zu entwickeln und umzusetzen, die nachhaltiges Umsatzwachstum, verbesserte Margen und eine hohe Kundenzufriedenheit \u00fcber den gesamten Kundenlebenszyklus hinweg erm\u00f6glichen. Im Vertrieb helfen wir bei der Implementierung fortschrittlicher Preisstrategien, der Entwicklung von Key-Account-Management-Modellen, der Bef\u00e4higung von Vertriebsteams sowie [&hellip;]\" \/>\n<meta property=\"og:url\" content=\"https:\/\/www.argonandco.com\/de\/leistungen\/sales-and-service-excellence\/\" \/>\n<meta property=\"og:site_name\" content=\"Argon &amp; Co\" \/>\n<meta property=\"article:modified_time\" content=\"2026-05-08T15:17:17+00:00\" \/>\n<meta name=\"twitter:card\" content=\"summary_large_image\" \/>\n<meta name=\"twitter:label1\" content=\"Gesch\u00e4tzte Lesezeit\" \/>\n\t<meta name=\"twitter:data1\" content=\"2 Minuten\" \/>\n<script type=\"application\/ld+json\" class=\"yoast-schema-graph\">{\"@context\":\"https:\\\/\\\/schema.org\",\"@graph\":[{\"@type\":\"WebPage\",\"@id\":\"https:\\\/\\\/www.argonandco.com\\\/de\\\/leistungen\\\/sales-and-service-excellence\\\/\",\"url\":\"https:\\\/\\\/www.argonandco.com\\\/de\\\/leistungen\\\/sales-and-service-excellence\\\/\",\"name\":\"Sales and Service Excellence - Argon &amp; Co\",\"isPartOf\":{\"@id\":\"https:\\\/\\\/www.argonandco.com\\\/de\\\/#website\"},\"datePublished\":\"2026-04-08T14:59:32+00:00\",\"dateModified\":\"2026-05-08T15:17:17+00:00\",\"breadcrumb\":{\"@id\":\"https:\\\/\\\/www.argonandco.com\\\/de\\\/leistungen\\\/sales-and-service-excellence\\\/#breadcrumb\"},\"inLanguage\":\"de\",\"potentialAction\":[{\"@type\":\"ReadAction\",\"target\":[\"https:\\\/\\\/www.argonandco.com\\\/de\\\/leistungen\\\/sales-and-service-excellence\\\/\"]}]},{\"@type\":\"BreadcrumbList\",\"@id\":\"https:\\\/\\\/www.argonandco.com\\\/de\\\/leistungen\\\/sales-and-service-excellence\\\/#breadcrumb\",\"itemListElement\":[{\"@type\":\"ListItem\",\"position\":1,\"name\":\"Home\",\"item\":\"https:\\\/\\\/www.argonandco.com\\\/de\\\/\"},{\"@type\":\"ListItem\",\"position\":2,\"name\":\"Leistungen\",\"item\":\"https:\\\/\\\/www.argonandco.com\\\/de\\\/leistungen\\\/\"},{\"@type\":\"ListItem\",\"position\":3,\"name\":\"Sales and Service Excellence\"}]},{\"@type\":\"WebSite\",\"@id\":\"https:\\\/\\\/www.argonandco.com\\\/de\\\/#website\",\"url\":\"https:\\\/\\\/www.argonandco.com\\\/de\\\/\",\"name\":\"Argon &amp; Co\",\"description\":\"We help clients achieve their strategic and operational objectives, working together to transform their businesses and generate real change.\",\"potentialAction\":[{\"@type\":\"SearchAction\",\"target\":{\"@type\":\"EntryPoint\",\"urlTemplate\":\"https:\\\/\\\/www.argonandco.com\\\/de\\\/?s={search_term_string}\"},\"query-input\":{\"@type\":\"PropertyValueSpecification\",\"valueRequired\":true,\"valueName\":\"search_term_string\"}}],\"inLanguage\":\"de\"}]}<\/script>\n<!-- \/ Yoast SEO plugin. -->","yoast_head_json":{"title":"Sales and Service Excellence - Argon &amp; Co","robots":{"index":"index","follow":"follow","max-snippet":"max-snippet:-1","max-image-preview":"max-image-preview:large","max-video-preview":"max-video-preview:-1"},"canonical":"https:\/\/www.argonandco.com\/de\/leistungen\/sales-and-service-excellence\/","og_locale":"de_DE","og_type":"article","og_title":"Sales and Service Excellence - Argon &amp; Co","og_description":"Wie wir Sie unterst\u00fctzen Mit unserem Sales &amp; Service Excellence Ansatz unterst\u00fctzen wir Unternehmen dabei, integrierte kommerzielle Strategien zu entwickeln und umzusetzen, die nachhaltiges Umsatzwachstum, verbesserte Margen und eine hohe Kundenzufriedenheit \u00fcber den gesamten Kundenlebenszyklus hinweg erm\u00f6glichen. Im Vertrieb helfen wir bei der Implementierung fortschrittlicher Preisstrategien, der Entwicklung von Key-Account-Management-Modellen, der Bef\u00e4higung von Vertriebsteams sowie [&hellip;]","og_url":"https:\/\/www.argonandco.com\/de\/leistungen\/sales-and-service-excellence\/","og_site_name":"Argon &amp; Co","article_modified_time":"2026-05-08T15:17:17+00:00","twitter_card":"summary_large_image","twitter_misc":{"Gesch\u00e4tzte Lesezeit":"2 Minuten"},"schema":{"@context":"https:\/\/schema.org","@graph":[{"@type":"WebPage","@id":"https:\/\/www.argonandco.com\/de\/leistungen\/sales-and-service-excellence\/","url":"https:\/\/www.argonandco.com\/de\/leistungen\/sales-and-service-excellence\/","name":"Sales and Service Excellence - Argon &amp; Co","isPartOf":{"@id":"https:\/\/www.argonandco.com\/de\/#website"},"datePublished":"2026-04-08T14:59:32+00:00","dateModified":"2026-05-08T15:17:17+00:00","breadcrumb":{"@id":"https:\/\/www.argonandco.com\/de\/leistungen\/sales-and-service-excellence\/#breadcrumb"},"inLanguage":"de","potentialAction":[{"@type":"ReadAction","target":["https:\/\/www.argonandco.com\/de\/leistungen\/sales-and-service-excellence\/"]}]},{"@type":"BreadcrumbList","@id":"https:\/\/www.argonandco.com\/de\/leistungen\/sales-and-service-excellence\/#breadcrumb","itemListElement":[{"@type":"ListItem","position":1,"name":"Home","item":"https:\/\/www.argonandco.com\/de\/"},{"@type":"ListItem","position":2,"name":"Leistungen","item":"https:\/\/www.argonandco.com\/de\/leistungen\/"},{"@type":"ListItem","position":3,"name":"Sales and Service Excellence"}]},{"@type":"WebSite","@id":"https:\/\/www.argonandco.com\/de\/#website","url":"https:\/\/www.argonandco.com\/de\/","name":"Argon &amp; Co","description":"We help clients achieve their strategic and operational objectives, working together to transform their businesses and generate real change.","potentialAction":[{"@type":"SearchAction","target":{"@type":"EntryPoint","urlTemplate":"https:\/\/www.argonandco.com\/de\/?s={search_term_string}"},"query-input":{"@type":"PropertyValueSpecification","valueRequired":true,"valueName":"search_term_string"}}],"inLanguage":"de"}]}},"_links":{"self":[{"href":"https:\/\/www.argonandco.com\/de\/wp-json\/wp\/v2\/pages\/38994","targetHints":{"allow":["GET"]}}],"collection":[{"href":"https:\/\/www.argonandco.com\/de\/wp-json\/wp\/v2\/pages"}],"about":[{"href":"https:\/\/www.argonandco.com\/de\/wp-json\/wp\/v2\/types\/page"}],"author":[{"embeddable":true,"href":"https:\/\/www.argonandco.com\/de\/wp-json\/wp\/v2\/users\/1"}],"replies":[{"embeddable":true,"href":"https:\/\/www.argonandco.com\/de\/wp-json\/wp\/v2\/comments?post=38994"}],"version-history":[{"count":0,"href":"https:\/\/www.argonandco.com\/de\/wp-json\/wp\/v2\/pages\/38994\/revisions"}],"up":[{"embeddable":true,"href":"https:\/\/www.argonandco.com\/de\/wp-json\/wp\/v2\/pages\/30418"}],"wp:attachment":[{"href":"https:\/\/www.argonandco.com\/de\/wp-json\/wp\/v2\/media?parent=38994"}],"curies":[{"name":"wp","href":"https:\/\/api.w.org\/{rel}","templated":true}]}}