{"id":38924,"date":"2026-04-07T17:48:33","date_gmt":"2026-04-07T16:48:33","guid":{"rendered":"https:\/\/www.argonandco.com\/?page_id=38924"},"modified":"2026-04-07T17:48:33","modified_gmt":"2026-04-07T16:48:33","slug":"pricing-excellence","status":"publish","type":"page","link":"https:\/\/www.argonandco.com\/de\/leistungen\/finance-and-sga\/pricing-excellence\/","title":{"rendered":"Pricing Excellence"},"content":{"rendered":"<h2><b>Einf\u00fchrung und Herausforderungen<\/b><\/h2>\n<p><span class=\"intro\">Der Preis ist einer der offensichtlichsten Faktoren, die sich auf den Umsatz eines Unternehmens auswirken. In vielen Branchen legen Unternehmen ihre Preise h\u00e4ufig auf Kostenbasis fest und erm\u00f6glichen ihren Vertriebsmitarbeitern, nach eigenem Ermessen Rabatte zu gew\u00e4hren, um den Absatz zu sichern. Die Preisgestaltung kann schnell zu einer Vielzahl von schlecht verst\u00e4ndlichen, miteinander verkn\u00fcpften Entscheidungen werden, die zu mangelnder Transparenz und negativen Paradigmen f\u00fchren: \u201eWir haben keine Kontrolle, der Markt diktiert unseren Preis\u201c, \u201eKunden wollen, was sie wollen, darauf haben wir keinen Einfluss\u201c, \u201eWir brauchen ein IT-System, das unsere Probleme l\u00f6st\u201c.<\/span><\/p>\n<p>Dies gilt f\u00fcr standardisierte Produkte, aber \u00e4hnliche Paradigmen gibt es auch bei Marken- oder Spezialprodukten, bei denen der Hersteller mehr Spielraum hat, selektiv zu liefern und Preise nach Wert zu gestalten.<\/p>\n<h2><b>Wie wir helfen k\u00f6nnen<\/b><\/h2>\n<p>Unser sechsstufiger Ansatz \u201ePricing Excellence\u201c zielt darauf ab, anhand einer echten Servicekostenanalyse die Referenzpreispunkte neu festzulegen. Dies sorgt f\u00fcr mehr Klarheit und Transparenz hinsichtlich der angestrebten Verkaufspreise und der Abweichungen der aktuellen Preise von diesen. In der Regel stellen wir fest, dass 25 % bis 40 % der Produkte keinen (oder einen negativen) Beitrag leisten und dass 10 bis 20 % der Kunden nicht profitabel sind.<\/p>\n<p>Wir helfen Unternehmen dabei, neue Preisstrukturen zu entwickeln und diese durch nachhaltige Preis\u00fcberpr\u00fcfungen und verst\u00e4rkte, besser informierte Governance-Foren effektiver umzusetzen. Wir bieten ein klares Preisrahmenwerk f\u00fcr die Vertriebsmitarbeiter sowie einen klaren Prozess zur \u00dcberpr\u00fcfung und Behebung von Preisabweichungen und zur Steigerung der Rentabilit\u00e4t.<\/p>\n<p>Die sechs Phasen unseres \u201ePricing Excellence\u201d-Ansatzes umfassen die Durchf\u00fchrung einer Preis- und Reifegradbewertung sowie die Analyse der tats\u00e4chlichen Produkt- und Kundenbedienungskosten und die \u00dcberpr\u00fcfung der aktuellen Rentabilit\u00e4t von Produkten, Kunden und Materialien. Als Ergebnis der Bewertung und Analyse werden neue Preismodelle, Strukturen, Regeln und Verantwortlichkeiten entwickelt. Um dies zu verankern, wird der Preisprozess verfeinert und ein funktions\u00fcbergreifendes Betriebssystem entwickelt, wobei Ma\u00dfnahmen zur Verringerung der Preisvariabilit\u00e4t ergriffen werden.<\/p>\n<p>Unser Ansatz \u201ePricing Excellence\u201c wurde in verschiedenen Branchen angewendet, darunter Chemie, Fertigung, Lebensmittel und Kunststoffe, und erzielte jeweils mindestens 1 % Umsatzsteigerung und 8 % EBITDA-Vorteile.<\/p>\n<div id=\"gtx-trans\" style=\"position: absolute; left: 362px; top: 768.375px;\">\n<div class=\"gtx-trans-icon\"><\/div>\n<\/div>\n","protected":false},"excerpt":{"rendered":"<p>Einf\u00fchrung und Herausforderungen Der Preis ist einer der offensichtlichsten Faktoren, die sich auf den Umsatz eines Unternehmens auswirken. In vielen Branchen legen Unternehmen ihre Preise h\u00e4ufig auf Kostenbasis fest und erm\u00f6glichen ihren Vertriebsmitarbeitern, nach eigenem Ermessen Rabatte zu gew\u00e4hren, um den Absatz zu sichern. Die Preisgestaltung kann schnell zu einer Vielzahl von schlecht verst\u00e4ndlichen, miteinander [&hellip;]<\/p>\n","protected":false},"author":1,"featured_media":0,"parent":37633,"menu_order":8,"comment_status":"closed","ping_status":"closed","template":"","meta":{"_acf_changed":false,"footnotes":""},"class_list":["post-38924","page","type-page","status-publish","hentry"],"acf":[],"yoast_head":"<!-- This site is optimized with the Yoast SEO plugin v27.5 - https:\/\/yoast.com\/product\/yoast-seo-wordpress\/ -->\n<title>Pricing Excellence - Argon &amp; Co<\/title>\n<meta name=\"robots\" content=\"index, follow, max-snippet:-1, max-image-preview:large, max-video-preview:-1\" \/>\n<link rel=\"canonical\" href=\"https:\/\/www.argonandco.com\/de\/leistungen\/finance-and-sga\/pricing-excellence\/\" \/>\n<meta property=\"og:locale\" content=\"de_DE\" \/>\n<meta property=\"og:type\" content=\"article\" \/>\n<meta property=\"og:title\" content=\"Pricing Excellence - Argon &amp; Co\" \/>\n<meta property=\"og:description\" content=\"Einf\u00fchrung und Herausforderungen Der Preis ist einer der offensichtlichsten Faktoren, die sich auf den Umsatz eines Unternehmens auswirken. In vielen Branchen legen Unternehmen ihre Preise h\u00e4ufig auf Kostenbasis fest und erm\u00f6glichen ihren Vertriebsmitarbeitern, nach eigenem Ermessen Rabatte zu gew\u00e4hren, um den Absatz zu sichern. Die Preisgestaltung kann schnell zu einer Vielzahl von schlecht verst\u00e4ndlichen, miteinander [&hellip;]\" \/>\n<meta property=\"og:url\" content=\"https:\/\/www.argonandco.com\/de\/leistungen\/finance-and-sga\/pricing-excellence\/\" \/>\n<meta property=\"og:site_name\" content=\"Argon &amp; Co\" \/>\n<meta name=\"twitter:card\" content=\"summary_large_image\" \/>\n<meta name=\"twitter:label1\" content=\"Gesch\u00e4tzte Lesezeit\" \/>\n\t<meta name=\"twitter:data1\" content=\"2 Minuten\" \/>\n<script type=\"application\/ld+json\" class=\"yoast-schema-graph\">{\"@context\":\"https:\\\/\\\/schema.org\",\"@graph\":[{\"@type\":\"WebPage\",\"@id\":\"https:\\\/\\\/www.argonandco.com\\\/de\\\/leistungen\\\/finance-and-sga\\\/pricing-excellence\\\/\",\"url\":\"https:\\\/\\\/www.argonandco.com\\\/de\\\/leistungen\\\/finance-and-sga\\\/pricing-excellence\\\/\",\"name\":\"Pricing Excellence - Argon &amp; Co\",\"isPartOf\":{\"@id\":\"https:\\\/\\\/www.argonandco.com\\\/de\\\/#website\"},\"datePublished\":\"2026-04-07T16:48:33+00:00\",\"breadcrumb\":{\"@id\":\"https:\\\/\\\/www.argonandco.com\\\/de\\\/leistungen\\\/finance-and-sga\\\/pricing-excellence\\\/#breadcrumb\"},\"inLanguage\":\"de\",\"potentialAction\":[{\"@type\":\"ReadAction\",\"target\":[\"https:\\\/\\\/www.argonandco.com\\\/de\\\/leistungen\\\/finance-and-sga\\\/pricing-excellence\\\/\"]}]},{\"@type\":\"BreadcrumbList\",\"@id\":\"https:\\\/\\\/www.argonandco.com\\\/de\\\/leistungen\\\/finance-and-sga\\\/pricing-excellence\\\/#breadcrumb\",\"itemListElement\":[{\"@type\":\"ListItem\",\"position\":1,\"name\":\"Home\",\"item\":\"https:\\\/\\\/www.argonandco.com\\\/de\\\/\"},{\"@type\":\"ListItem\",\"position\":2,\"name\":\"Leistungen\",\"item\":\"https:\\\/\\\/www.argonandco.com\\\/de\\\/leistungen\\\/\"},{\"@type\":\"ListItem\",\"position\":3,\"name\":\"Finance and SG&#038;A\",\"item\":\"https:\\\/\\\/www.argonandco.com\\\/de\\\/leistungen\\\/finance-and-sga\\\/\"},{\"@type\":\"ListItem\",\"position\":4,\"name\":\"Pricing Excellence\"}]},{\"@type\":\"WebSite\",\"@id\":\"https:\\\/\\\/www.argonandco.com\\\/de\\\/#website\",\"url\":\"https:\\\/\\\/www.argonandco.com\\\/de\\\/\",\"name\":\"Argon &amp; Co\",\"description\":\"We help clients achieve their strategic and operational objectives, working together to transform their businesses and generate real change.\",\"potentialAction\":[{\"@type\":\"SearchAction\",\"target\":{\"@type\":\"EntryPoint\",\"urlTemplate\":\"https:\\\/\\\/www.argonandco.com\\\/de\\\/?s={search_term_string}\"},\"query-input\":{\"@type\":\"PropertyValueSpecification\",\"valueRequired\":true,\"valueName\":\"search_term_string\"}}],\"inLanguage\":\"de\"}]}<\/script>\n<!-- \/ Yoast SEO plugin. -->","yoast_head_json":{"title":"Pricing Excellence - Argon &amp; Co","robots":{"index":"index","follow":"follow","max-snippet":"max-snippet:-1","max-image-preview":"max-image-preview:large","max-video-preview":"max-video-preview:-1"},"canonical":"https:\/\/www.argonandco.com\/de\/leistungen\/finance-and-sga\/pricing-excellence\/","og_locale":"de_DE","og_type":"article","og_title":"Pricing Excellence - Argon &amp; Co","og_description":"Einf\u00fchrung und Herausforderungen Der Preis ist einer der offensichtlichsten Faktoren, die sich auf den Umsatz eines Unternehmens auswirken. In vielen Branchen legen Unternehmen ihre Preise h\u00e4ufig auf Kostenbasis fest und erm\u00f6glichen ihren Vertriebsmitarbeitern, nach eigenem Ermessen Rabatte zu gew\u00e4hren, um den Absatz zu sichern. Die Preisgestaltung kann schnell zu einer Vielzahl von schlecht verst\u00e4ndlichen, miteinander [&hellip;]","og_url":"https:\/\/www.argonandco.com\/de\/leistungen\/finance-and-sga\/pricing-excellence\/","og_site_name":"Argon &amp; Co","twitter_card":"summary_large_image","twitter_misc":{"Gesch\u00e4tzte Lesezeit":"2 Minuten"},"schema":{"@context":"https:\/\/schema.org","@graph":[{"@type":"WebPage","@id":"https:\/\/www.argonandco.com\/de\/leistungen\/finance-and-sga\/pricing-excellence\/","url":"https:\/\/www.argonandco.com\/de\/leistungen\/finance-and-sga\/pricing-excellence\/","name":"Pricing Excellence - Argon &amp; Co","isPartOf":{"@id":"https:\/\/www.argonandco.com\/de\/#website"},"datePublished":"2026-04-07T16:48:33+00:00","breadcrumb":{"@id":"https:\/\/www.argonandco.com\/de\/leistungen\/finance-and-sga\/pricing-excellence\/#breadcrumb"},"inLanguage":"de","potentialAction":[{"@type":"ReadAction","target":["https:\/\/www.argonandco.com\/de\/leistungen\/finance-and-sga\/pricing-excellence\/"]}]},{"@type":"BreadcrumbList","@id":"https:\/\/www.argonandco.com\/de\/leistungen\/finance-and-sga\/pricing-excellence\/#breadcrumb","itemListElement":[{"@type":"ListItem","position":1,"name":"Home","item":"https:\/\/www.argonandco.com\/de\/"},{"@type":"ListItem","position":2,"name":"Leistungen","item":"https:\/\/www.argonandco.com\/de\/leistungen\/"},{"@type":"ListItem","position":3,"name":"Finance and SG&#038;A","item":"https:\/\/www.argonandco.com\/de\/leistungen\/finance-and-sga\/"},{"@type":"ListItem","position":4,"name":"Pricing Excellence"}]},{"@type":"WebSite","@id":"https:\/\/www.argonandco.com\/de\/#website","url":"https:\/\/www.argonandco.com\/de\/","name":"Argon &amp; Co","description":"We help clients achieve their strategic and operational objectives, working together to transform their businesses and generate real change.","potentialAction":[{"@type":"SearchAction","target":{"@type":"EntryPoint","urlTemplate":"https:\/\/www.argonandco.com\/de\/?s={search_term_string}"},"query-input":{"@type":"PropertyValueSpecification","valueRequired":true,"valueName":"search_term_string"}}],"inLanguage":"de"}]}},"_links":{"self":[{"href":"https:\/\/www.argonandco.com\/de\/wp-json\/wp\/v2\/pages\/38924","targetHints":{"allow":["GET"]}}],"collection":[{"href":"https:\/\/www.argonandco.com\/de\/wp-json\/wp\/v2\/pages"}],"about":[{"href":"https:\/\/www.argonandco.com\/de\/wp-json\/wp\/v2\/types\/page"}],"author":[{"embeddable":true,"href":"https:\/\/www.argonandco.com\/de\/wp-json\/wp\/v2\/users\/1"}],"replies":[{"embeddable":true,"href":"https:\/\/www.argonandco.com\/de\/wp-json\/wp\/v2\/comments?post=38924"}],"version-history":[{"count":0,"href":"https:\/\/www.argonandco.com\/de\/wp-json\/wp\/v2\/pages\/38924\/revisions"}],"up":[{"embeddable":true,"href":"https:\/\/www.argonandco.com\/de\/wp-json\/wp\/v2\/pages\/37633"}],"wp:attachment":[{"href":"https:\/\/www.argonandco.com\/de\/wp-json\/wp\/v2\/media?parent=38924"}],"curies":[{"name":"wp","href":"https:\/\/api.w.org\/{rel}","templated":true}]}}