{"id":38916,"date":"2026-04-07T17:48:12","date_gmt":"2026-04-07T16:48:12","guid":{"rendered":"https:\/\/www.argonandco.com\/?page_id=38916"},"modified":"2026-04-07T17:48:12","modified_gmt":"2026-04-07T16:48:12","slug":"outsourcing-bpo","status":"publish","type":"page","link":"https:\/\/www.argonandco.com\/de\/leistungen\/finance-and-sga\/outsourcing-bpo\/","title":{"rendered":"Outsourcing (BPO)"},"content":{"rendered":"<h2><b>Einf\u00fchrung und Herausforderungen<\/b><b>\u00a0<\/b><\/h2>\n<p><span class=\"intro\" style=\"font-weight: 400;\">Die Auslagerung von Dienstleistungen (BPO: Business Process Outsourcing) begann Anfang der 2000er Jahre. Heute ist der BPO-Markt global, wettbewerbsintensiv, ausgereift und bietet ein wettbewerbsf\u00e4higes Angebot (Preise und Servicequalit\u00e4t).<\/span><\/p>\n<p><span style=\"font-weight: 400;\">Der BPO-Markt umfasst viele Tier-1-Anbieter, die neben einer breiten Funktionsabdeckung und Mehrwertdiensten auch Verarbeitungskapazit\u00e4ten bieten. Einige BPO-Anbieter haben globale Netzwerke aus Onshore-, Nearshore- und Offshore-Zentren aufgebaut, \u00fcber die sie ihre Kunden unterst\u00fctzen. Dar\u00fcber hinaus gibt es viele Tier-2-Anbieter mit einem spezifischeren (geografischen\/funktionalen) Angebot, das auf kleinere Kunden zugeschnitten ist.<\/span><\/p>\n<p><span style=\"font-weight: 400;\">Die wichtigste Frage ist nicht, ob man sich f\u00fcr ein BPO-gest\u00fctztes Unternehmen oder eine Shared-Services-Organisation (firmeneigene Zentren) entscheidet, sondern vielmehr, wie man das richtige Shared-Services-Modell findet, das BPO auf pragmatische Weise nutzt (Hybridmodell). Tats\u00e4chlich haben die meisten Unternehmen, die BPO implementiert haben, es in ihr Shared-Services-Modell integriert.<\/span><\/p>\n<p><span style=\"font-weight: 400;\">Outsourcing ist jedoch kein Ziel, sondern ein Instrument. Selbst wenn der BPO-Markt ausgereift ist, bleibt ein Outsourcing-Projekt riskant, wie einige ungl\u00fcckliche Beispiele zeigen, bei denen ein BPO-Dienstleister enorme Verluste bei einem Vertrag verursacht hat oder ein Kunde seine urspr\u00fcngliche Entscheidung bereute und die Support-Dienstleistungen wieder intern \u00fcbernahm.<br \/>\n<\/span><\/p>\n<p><span style=\"font-weight: 400;\">Die Herausforderung besteht daher darin, BPO auf kalkulierbare Weise einzusetzen, seine Relevanz f\u00fcr das Unternehmen zu pr\u00fcfen und sicherzustellen, dass alle Voraussetzungen f\u00fcr den Erfolg erf\u00fcllt sind.<\/span><\/p>\n<h2><b>Wie wir helfen k\u00f6nnen<\/b><\/h2>\n<p><span style=\"font-weight: 400;\">Die Experten von Argon &amp; Co verf\u00fcgen neben Shared Services auch \u00fcber interne und externe Erfahrung im Bereich BPO. Wir haben globale Unternehmen bei der Definition und Umsetzung effektiver Hybridmodelle unterst\u00fctzt. Wir bieten die notwendige Perspektive und Methodik, um Manager bei der Strukturierung von Entscheidungen und der Umsetzung zu unterst\u00fctzen. Zum Beispiel:<\/span><\/p>\n<ul>\n<li>Ist das Unternehmen reif genug, um BPO in Betracht zu ziehen?<\/li>\n<li>Wie sollte der Umfang des BPO aussehen (funktional, geografisch, BU)?<\/li>\n<li>Wie sollte das BPO-Zielmodell aussehen (Anzahl und Standort der BPO-Zentren, Governance)?<\/li>\n<li>Welche Auswirkungen, insbesondere auf den Personalbereich, sind zu erwarten und wie k\u00f6nnen Sie diese bew\u00e4ltigen?<\/li>\n<li>Wie k\u00f6nnen Sie die verbleibenden Aufgaben, d. h. den Teil der Funktion, der nicht ausgelagert wird, neu organisieren?<\/li>\n<li>Wie sieht der Business Case und die Roadmap f\u00fcr BPO aus?<\/li>\n<li>Wie steuern Sie den Ausschreibungsprozess f\u00fcr BPO und w\u00e4hlen den richtigen Dienstleister aus?<\/li>\n<li>Wie strukturieren Sie den Vertrag?<\/li>\n<\/ul>\n<p><span style=\"font-weight: 400;\">Argon &amp; Co kann Ihnen im Vorfeld bei der Definition der BPO-Strategie, w\u00e4hrend des Ausschreibungsprozesses und im Nachgang insbesondere bei der Organisation der verbleibenden Aufgaben behilflich sein.<\/span><\/p>\n","protected":false},"excerpt":{"rendered":"<p>Einf\u00fchrung und Herausforderungen\u00a0 Die Auslagerung von Dienstleistungen (BPO: Business Process Outsourcing) begann Anfang der 2000er Jahre. Heute ist der BPO-Markt global, wettbewerbsintensiv, ausgereift und bietet ein wettbewerbsf\u00e4higes Angebot (Preise und Servicequalit\u00e4t). Der BPO-Markt umfasst viele Tier-1-Anbieter, die neben einer breiten Funktionsabdeckung und Mehrwertdiensten auch Verarbeitungskapazit\u00e4ten bieten. Einige BPO-Anbieter haben globale Netzwerke aus Onshore-, Nearshore- und [&hellip;]<\/p>\n","protected":false},"author":1,"featured_media":0,"parent":37633,"menu_order":4,"comment_status":"closed","ping_status":"closed","template":"","meta":{"_acf_changed":false,"footnotes":""},"class_list":["post-38916","page","type-page","status-publish","hentry"],"acf":[],"yoast_head":"<!-- This site is optimized with the Yoast SEO plugin v27.5 - https:\/\/yoast.com\/product\/yoast-seo-wordpress\/ -->\n<title>Outsourcing (BPO) - Argon &amp; Co<\/title>\n<meta name=\"robots\" content=\"index, follow, max-snippet:-1, max-image-preview:large, max-video-preview:-1\" \/>\n<link rel=\"canonical\" href=\"https:\/\/www.argonandco.com\/de\/leistungen\/finance-and-sga\/outsourcing-bpo\/\" \/>\n<meta property=\"og:locale\" content=\"de_DE\" \/>\n<meta property=\"og:type\" content=\"article\" \/>\n<meta property=\"og:title\" content=\"Outsourcing (BPO) - Argon &amp; Co\" \/>\n<meta property=\"og:description\" content=\"Einf\u00fchrung und Herausforderungen\u00a0 Die Auslagerung von Dienstleistungen (BPO: Business Process Outsourcing) begann Anfang der 2000er Jahre. Heute ist der BPO-Markt global, wettbewerbsintensiv, ausgereift und bietet ein wettbewerbsf\u00e4higes Angebot (Preise und Servicequalit\u00e4t). Der BPO-Markt umfasst viele Tier-1-Anbieter, die neben einer breiten Funktionsabdeckung und Mehrwertdiensten auch Verarbeitungskapazit\u00e4ten bieten. Einige BPO-Anbieter haben globale Netzwerke aus Onshore-, Nearshore- und [&hellip;]\" \/>\n<meta property=\"og:url\" content=\"https:\/\/www.argonandco.com\/de\/leistungen\/finance-and-sga\/outsourcing-bpo\/\" \/>\n<meta property=\"og:site_name\" content=\"Argon &amp; Co\" \/>\n<meta name=\"twitter:card\" content=\"summary_large_image\" \/>\n<meta name=\"twitter:label1\" content=\"Gesch\u00e4tzte Lesezeit\" \/>\n\t<meta name=\"twitter:data1\" content=\"2 Minuten\" \/>\n<script type=\"application\/ld+json\" class=\"yoast-schema-graph\">{\"@context\":\"https:\\\/\\\/schema.org\",\"@graph\":[{\"@type\":\"WebPage\",\"@id\":\"https:\\\/\\\/www.argonandco.com\\\/de\\\/leistungen\\\/finance-and-sga\\\/outsourcing-bpo\\\/\",\"url\":\"https:\\\/\\\/www.argonandco.com\\\/de\\\/leistungen\\\/finance-and-sga\\\/outsourcing-bpo\\\/\",\"name\":\"Outsourcing (BPO) - Argon &amp; Co\",\"isPartOf\":{\"@id\":\"https:\\\/\\\/www.argonandco.com\\\/de\\\/#website\"},\"datePublished\":\"2026-04-07T16:48:12+00:00\",\"breadcrumb\":{\"@id\":\"https:\\\/\\\/www.argonandco.com\\\/de\\\/leistungen\\\/finance-and-sga\\\/outsourcing-bpo\\\/#breadcrumb\"},\"inLanguage\":\"de\",\"potentialAction\":[{\"@type\":\"ReadAction\",\"target\":[\"https:\\\/\\\/www.argonandco.com\\\/de\\\/leistungen\\\/finance-and-sga\\\/outsourcing-bpo\\\/\"]}]},{\"@type\":\"BreadcrumbList\",\"@id\":\"https:\\\/\\\/www.argonandco.com\\\/de\\\/leistungen\\\/finance-and-sga\\\/outsourcing-bpo\\\/#breadcrumb\",\"itemListElement\":[{\"@type\":\"ListItem\",\"position\":1,\"name\":\"Home\",\"item\":\"https:\\\/\\\/www.argonandco.com\\\/de\\\/\"},{\"@type\":\"ListItem\",\"position\":2,\"name\":\"Leistungen\",\"item\":\"https:\\\/\\\/www.argonandco.com\\\/de\\\/leistungen\\\/\"},{\"@type\":\"ListItem\",\"position\":3,\"name\":\"Finance and SG&#038;A\",\"item\":\"https:\\\/\\\/www.argonandco.com\\\/de\\\/leistungen\\\/finance-and-sga\\\/\"},{\"@type\":\"ListItem\",\"position\":4,\"name\":\"Outsourcing (BPO)\"}]},{\"@type\":\"WebSite\",\"@id\":\"https:\\\/\\\/www.argonandco.com\\\/de\\\/#website\",\"url\":\"https:\\\/\\\/www.argonandco.com\\\/de\\\/\",\"name\":\"Argon &amp; Co\",\"description\":\"We help clients achieve their strategic and operational objectives, working together to transform their businesses and generate real change.\",\"potentialAction\":[{\"@type\":\"SearchAction\",\"target\":{\"@type\":\"EntryPoint\",\"urlTemplate\":\"https:\\\/\\\/www.argonandco.com\\\/de\\\/?s={search_term_string}\"},\"query-input\":{\"@type\":\"PropertyValueSpecification\",\"valueRequired\":true,\"valueName\":\"search_term_string\"}}],\"inLanguage\":\"de\"}]}<\/script>\n<!-- \/ Yoast SEO plugin. -->","yoast_head_json":{"title":"Outsourcing (BPO) - Argon &amp; Co","robots":{"index":"index","follow":"follow","max-snippet":"max-snippet:-1","max-image-preview":"max-image-preview:large","max-video-preview":"max-video-preview:-1"},"canonical":"https:\/\/www.argonandco.com\/de\/leistungen\/finance-and-sga\/outsourcing-bpo\/","og_locale":"de_DE","og_type":"article","og_title":"Outsourcing (BPO) - Argon &amp; Co","og_description":"Einf\u00fchrung und Herausforderungen\u00a0 Die Auslagerung von Dienstleistungen (BPO: Business Process Outsourcing) begann Anfang der 2000er Jahre. Heute ist der BPO-Markt global, wettbewerbsintensiv, ausgereift und bietet ein wettbewerbsf\u00e4higes Angebot (Preise und Servicequalit\u00e4t). Der BPO-Markt umfasst viele Tier-1-Anbieter, die neben einer breiten Funktionsabdeckung und Mehrwertdiensten auch Verarbeitungskapazit\u00e4ten bieten. Einige BPO-Anbieter haben globale Netzwerke aus Onshore-, Nearshore- und [&hellip;]","og_url":"https:\/\/www.argonandco.com\/de\/leistungen\/finance-and-sga\/outsourcing-bpo\/","og_site_name":"Argon &amp; Co","twitter_card":"summary_large_image","twitter_misc":{"Gesch\u00e4tzte Lesezeit":"2 Minuten"},"schema":{"@context":"https:\/\/schema.org","@graph":[{"@type":"WebPage","@id":"https:\/\/www.argonandco.com\/de\/leistungen\/finance-and-sga\/outsourcing-bpo\/","url":"https:\/\/www.argonandco.com\/de\/leistungen\/finance-and-sga\/outsourcing-bpo\/","name":"Outsourcing (BPO) - Argon &amp; Co","isPartOf":{"@id":"https:\/\/www.argonandco.com\/de\/#website"},"datePublished":"2026-04-07T16:48:12+00:00","breadcrumb":{"@id":"https:\/\/www.argonandco.com\/de\/leistungen\/finance-and-sga\/outsourcing-bpo\/#breadcrumb"},"inLanguage":"de","potentialAction":[{"@type":"ReadAction","target":["https:\/\/www.argonandco.com\/de\/leistungen\/finance-and-sga\/outsourcing-bpo\/"]}]},{"@type":"BreadcrumbList","@id":"https:\/\/www.argonandco.com\/de\/leistungen\/finance-and-sga\/outsourcing-bpo\/#breadcrumb","itemListElement":[{"@type":"ListItem","position":1,"name":"Home","item":"https:\/\/www.argonandco.com\/de\/"},{"@type":"ListItem","position":2,"name":"Leistungen","item":"https:\/\/www.argonandco.com\/de\/leistungen\/"},{"@type":"ListItem","position":3,"name":"Finance and SG&#038;A","item":"https:\/\/www.argonandco.com\/de\/leistungen\/finance-and-sga\/"},{"@type":"ListItem","position":4,"name":"Outsourcing (BPO)"}]},{"@type":"WebSite","@id":"https:\/\/www.argonandco.com\/de\/#website","url":"https:\/\/www.argonandco.com\/de\/","name":"Argon &amp; Co","description":"We help clients achieve their strategic and operational objectives, working together to transform their businesses and generate real change.","potentialAction":[{"@type":"SearchAction","target":{"@type":"EntryPoint","urlTemplate":"https:\/\/www.argonandco.com\/de\/?s={search_term_string}"},"query-input":{"@type":"PropertyValueSpecification","valueRequired":true,"valueName":"search_term_string"}}],"inLanguage":"de"}]}},"_links":{"self":[{"href":"https:\/\/www.argonandco.com\/de\/wp-json\/wp\/v2\/pages\/38916","targetHints":{"allow":["GET"]}}],"collection":[{"href":"https:\/\/www.argonandco.com\/de\/wp-json\/wp\/v2\/pages"}],"about":[{"href":"https:\/\/www.argonandco.com\/de\/wp-json\/wp\/v2\/types\/page"}],"author":[{"embeddable":true,"href":"https:\/\/www.argonandco.com\/de\/wp-json\/wp\/v2\/users\/1"}],"replies":[{"embeddable":true,"href":"https:\/\/www.argonandco.com\/de\/wp-json\/wp\/v2\/comments?post=38916"}],"version-history":[{"count":0,"href":"https:\/\/www.argonandco.com\/de\/wp-json\/wp\/v2\/pages\/38916\/revisions"}],"up":[{"embeddable":true,"href":"https:\/\/www.argonandco.com\/de\/wp-json\/wp\/v2\/pages\/37633"}],"wp:attachment":[{"href":"https:\/\/www.argonandco.com\/de\/wp-json\/wp\/v2\/media?parent=38916"}],"curies":[{"name":"wp","href":"https:\/\/api.w.org\/{rel}","templated":true}]}}