{"id":38888,"date":"2026-04-07T17:48:56","date_gmt":"2026-04-07T16:48:56","guid":{"rendered":"https:\/\/www.argonandco.com\/?page_id=38888"},"modified":"2026-04-07T17:48:56","modified_gmt":"2026-04-07T16:48:56","slug":"cash-flow-optimierung","status":"publish","type":"page","link":"https:\/\/www.argonandco.com\/de\/leistungen\/finance-and-sga\/cash-flow-optimierung\/","title":{"rendered":"Cash flow Optimierung"},"content":{"rendered":"<h2><b>Einf\u00fchrung und Herausforderungen<\/b><b><\/b><\/h2>\n<p><span class=\"intro\" style=\"font-weight: 400;\">Historisch niedrige Zinsen k\u00f6nnen den Eindruck erwecken, dass Geld sehr g\u00fcnstig ist, aber Aktion\u00e4re erwarten vom eingesetzten Kapital eine h\u00f6here Rentabilit\u00e4t (WACC: gewichtete durchschnittliche Kapitalkosten) als die Marktzinsen. Mit anderen Worten: Es gibt zwei M\u00f6glichkeiten, um Shareholder Value zu schaffen: Steigerung des Betriebsergebnisses oder Senkung des eingesetzten Kapitals.\u00a0<\/span><\/p>\n<p><span style=\"font-weight: 400;\">Je nachdem, ob es darum geht, Spielraum zu schaffen oder Wachstum zu finanzieren \u2013 die nachhaltige Optimierung des Working Capital Bedarfs erfordert eine Kombination aus Quick Wins zur schnellen Realisierung von Einsparungen und l\u00e4ngerfristigen Ma\u00dfnahmen zur Steigerung der Effizienz.<\/span><\/p>\n<p><span style=\"font-weight: 400;\">Eine Auswahl pragmatischer Ma\u00dfnahmen kann bereits wenige Wochen nach Projektstart erste Erfolge bringen und eine Dynamik in Gang setzen. So kann beispielsweise die Einrichtung einer Inkassoabteilung Zahlungsr\u00fcckst\u00e4nde innerhalb weniger Wochen um 30 bis 50 % reduzieren.<br \/>\n<\/span><\/p>\n<p><span style=\"font-weight: 400;\">Eine Reduzierung der Lagerbest\u00e4nde um etwa 10 bis 30 % oder der Forderungen um 5 bis 10 % erfordert eine tiefgreifende Ver\u00e4nderung der Prozesse und Verhaltensweisen innerhalb des Unternehmens, die nur durch die Arbeit an allen Aspekten der Transformation (F\u00fchrung, Know-how, Mitgliedschaft und Kultur) erreicht werden kann.<br \/>\n<\/span><\/p>\n<p><span style=\"font-weight: 400;\">Um nachhaltige Ergebnisse zu erzielen, ist es au\u00dferdem notwendig, Verantwortlichkeiten zu kl\u00e4ren und eine Struktur f\u00fcr das Working Capital Management mit quantifizierten Zielen (kollektiv und individuell), Governance und Transparenz (durch Dashboards) einzuf\u00fchren.<\/span><span style=\"font-weight: 400;\">.<\/span><\/p>\n<h2><b>Wie wir helfen k\u00f6nnen<\/b><\/h2>\n<p>Argon &amp; Co unterscheidet sich von Generalisten durch seine F\u00e4higkeit, Teams zu mobilisieren, die auf die Optimierung von Lieferketten und Finanzen spezialisiert sind, um die Cashflow-Optimierung auf integrierte Weise anzugehen.<\/p>\n<p>Wir bevorzugen einen pragmatischen Ansatz, der darauf abzielt, schnell Vorteile zu erzielen und neue Verhaltensweisen zu verankern, um die Ergebnisse nachhaltig zu sichern.<\/p>\n<p>Bewertung des Optimierungspotenzials und Erstellung eines Plans<\/p>\n<ul>\n<li>Betriebskapital abbilden und benchmarken<\/li>\n<li>Hebel zur Optimierung des Betriebskapitals mithilfe der Argon &amp; Co-Datenbank identifizieren<\/li>\n<li>Transformationsthemen priorisieren<\/li>\n<li>Pilotprojekte definieren und phasenweise umsetzen<\/li>\n<\/ul>\n<p><span style=\"font-weight: 400;\">Start der Transformation und Aktivierung der ersten Vorteile<\/span><\/p>\n<ul>\n<li>Schnelle Erfolge erzielen (Inkassostelle, \u00dcberpr\u00fcfung langsam drehender Best\u00e4nde und in geringerem Umfang Wiedereinf\u00fchrung von S&amp;OP)<\/li>\n<li>Operative Teams mobilisieren, um mit ihrer Unterst\u00fctzung Aktionspl\u00e4ne zu definieren<\/li>\n<li>Rollen und Verantwortlichkeiten im Bereich Cash (im Pilotmodus) \u00fcberpr\u00fcfen<\/li>\n<li>Operative Aussch\u00fcsse einrichten, um sicherzustellen, dass die Aktionspl\u00e4ne gem\u00e4\u00df der Roadmap umgesetzt werden<\/li>\n<\/ul>\n<p><span style=\"font-weight: 400;\">Verstetigung der Ertr\u00e4ge und Nachhaltigkeit<\/span><\/p>\n<ul>\n<li>Aufbau und Pflege einer Datenbank mit bew\u00e4hrten Verfahren f\u00fcr das Betriebskapital<\/li>\n<li>\u00dcberpr\u00fcfung der operativen und administrativen Prozesse<\/li>\n<li>Implementierung einer Cash-Governance (Ziele, Leistungsanreize, Steuerungsgremien)<\/li>\n<li>Entwurf und Entwicklung des Cash-Dashboards<\/li>\n<li>Analyse und Unterst\u00fctzung von Ver\u00e4nderungen<\/li>\n<\/ul>\n","protected":false},"excerpt":{"rendered":"<p>Einf\u00fchrung und Herausforderungen Historisch niedrige Zinsen k\u00f6nnen den Eindruck erwecken, dass Geld sehr g\u00fcnstig ist, aber Aktion\u00e4re erwarten vom eingesetzten Kapital eine h\u00f6here Rentabilit\u00e4t (WACC: gewichtete durchschnittliche Kapitalkosten) als die Marktzinsen. Mit anderen Worten: Es gibt zwei M\u00f6glichkeiten, um Shareholder Value zu schaffen: Steigerung des Betriebsergebnisses oder Senkung des eingesetzten Kapitals.\u00a0 Je nachdem, ob es [&hellip;]<\/p>\n","protected":false},"author":1,"featured_media":0,"parent":37633,"menu_order":13,"comment_status":"closed","ping_status":"closed","template":"","meta":{"_acf_changed":false,"footnotes":""},"class_list":["post-38888","page","type-page","status-publish","hentry"],"acf":[],"yoast_head":"<!-- This site is optimized with the Yoast SEO plugin v27.5 - https:\/\/yoast.com\/product\/yoast-seo-wordpress\/ -->\n<title>Cash flow Optimierung | Argon &amp; Co<\/title>\n<meta name=\"description\" content=\"Argon &amp; Co can mobilise teams specialised in supply chain and finance optimisation, to address cash flow optimisation in an integrated manner. Learn more.\" \/>\n<meta name=\"robots\" content=\"index, follow, max-snippet:-1, max-image-preview:large, max-video-preview:-1\" \/>\n<link rel=\"canonical\" href=\"https:\/\/www.argonandco.com\/de\/leistungen\/finance-and-sga\/cash-flow-optimierung\/\" \/>\n<meta property=\"og:locale\" content=\"de_DE\" \/>\n<meta property=\"og:type\" content=\"article\" \/>\n<meta property=\"og:title\" content=\"Cash flow Optimierung | Argon &amp; Co\" \/>\n<meta property=\"og:description\" content=\"Argon &amp; Co can mobilise teams specialised in supply chain and finance optimisation, to address cash flow optimisation in an integrated manner. Learn more.\" \/>\n<meta property=\"og:url\" content=\"https:\/\/www.argonandco.com\/de\/leistungen\/finance-and-sga\/cash-flow-optimierung\/\" \/>\n<meta property=\"og:site_name\" content=\"Argon &amp; Co\" \/>\n<meta name=\"twitter:card\" content=\"summary_large_image\" \/>\n<meta name=\"twitter:label1\" content=\"Gesch\u00e4tzte Lesezeit\" \/>\n\t<meta name=\"twitter:data1\" content=\"2 Minuten\" \/>\n<script type=\"application\/ld+json\" class=\"yoast-schema-graph\">{\"@context\":\"https:\\\/\\\/schema.org\",\"@graph\":[{\"@type\":\"WebPage\",\"@id\":\"https:\\\/\\\/www.argonandco.com\\\/de\\\/leistungen\\\/finance-and-sga\\\/cash-flow-optimierung\\\/\",\"url\":\"https:\\\/\\\/www.argonandco.com\\\/de\\\/leistungen\\\/finance-and-sga\\\/cash-flow-optimierung\\\/\",\"name\":\"Cash flow Optimierung | Argon &amp; Co\",\"isPartOf\":{\"@id\":\"https:\\\/\\\/www.argonandco.com\\\/de\\\/#website\"},\"datePublished\":\"2026-04-07T16:48:56+00:00\",\"description\":\"Argon & Co can mobilise teams specialised in supply chain and finance optimisation, to address cash flow optimisation in an integrated manner. Learn more.\",\"breadcrumb\":{\"@id\":\"https:\\\/\\\/www.argonandco.com\\\/de\\\/leistungen\\\/finance-and-sga\\\/cash-flow-optimierung\\\/#breadcrumb\"},\"inLanguage\":\"de\",\"potentialAction\":[{\"@type\":\"ReadAction\",\"target\":[\"https:\\\/\\\/www.argonandco.com\\\/de\\\/leistungen\\\/finance-and-sga\\\/cash-flow-optimierung\\\/\"]}]},{\"@type\":\"BreadcrumbList\",\"@id\":\"https:\\\/\\\/www.argonandco.com\\\/de\\\/leistungen\\\/finance-and-sga\\\/cash-flow-optimierung\\\/#breadcrumb\",\"itemListElement\":[{\"@type\":\"ListItem\",\"position\":1,\"name\":\"Home\",\"item\":\"https:\\\/\\\/www.argonandco.com\\\/de\\\/\"},{\"@type\":\"ListItem\",\"position\":2,\"name\":\"Leistungen\",\"item\":\"https:\\\/\\\/www.argonandco.com\\\/de\\\/leistungen\\\/\"},{\"@type\":\"ListItem\",\"position\":3,\"name\":\"Finance and SG&#038;A\",\"item\":\"https:\\\/\\\/www.argonandco.com\\\/de\\\/leistungen\\\/finance-and-sga\\\/\"},{\"@type\":\"ListItem\",\"position\":4,\"name\":\"Cash flow Optimierung\"}]},{\"@type\":\"WebSite\",\"@id\":\"https:\\\/\\\/www.argonandco.com\\\/de\\\/#website\",\"url\":\"https:\\\/\\\/www.argonandco.com\\\/de\\\/\",\"name\":\"Argon &amp; Co\",\"description\":\"We help clients achieve their strategic and operational objectives, working together to transform their businesses and generate real change.\",\"potentialAction\":[{\"@type\":\"SearchAction\",\"target\":{\"@type\":\"EntryPoint\",\"urlTemplate\":\"https:\\\/\\\/www.argonandco.com\\\/de\\\/?s={search_term_string}\"},\"query-input\":{\"@type\":\"PropertyValueSpecification\",\"valueRequired\":true,\"valueName\":\"search_term_string\"}}],\"inLanguage\":\"de\"}]}<\/script>\n<!-- \/ Yoast SEO plugin. -->","yoast_head_json":{"title":"Cash flow Optimierung | Argon &amp; Co","description":"Argon & Co can mobilise teams specialised in supply chain and finance optimisation, to address cash flow optimisation in an integrated manner. Learn more.","robots":{"index":"index","follow":"follow","max-snippet":"max-snippet:-1","max-image-preview":"max-image-preview:large","max-video-preview":"max-video-preview:-1"},"canonical":"https:\/\/www.argonandco.com\/de\/leistungen\/finance-and-sga\/cash-flow-optimierung\/","og_locale":"de_DE","og_type":"article","og_title":"Cash flow Optimierung | Argon &amp; Co","og_description":"Argon & Co can mobilise teams specialised in supply chain and finance optimisation, to address cash flow optimisation in an integrated manner. Learn more.","og_url":"https:\/\/www.argonandco.com\/de\/leistungen\/finance-and-sga\/cash-flow-optimierung\/","og_site_name":"Argon &amp; Co","twitter_card":"summary_large_image","twitter_misc":{"Gesch\u00e4tzte Lesezeit":"2 Minuten"},"schema":{"@context":"https:\/\/schema.org","@graph":[{"@type":"WebPage","@id":"https:\/\/www.argonandco.com\/de\/leistungen\/finance-and-sga\/cash-flow-optimierung\/","url":"https:\/\/www.argonandco.com\/de\/leistungen\/finance-and-sga\/cash-flow-optimierung\/","name":"Cash flow Optimierung | Argon &amp; Co","isPartOf":{"@id":"https:\/\/www.argonandco.com\/de\/#website"},"datePublished":"2026-04-07T16:48:56+00:00","description":"Argon & Co can mobilise teams specialised in supply chain and finance optimisation, to address cash flow optimisation in an integrated manner. Learn more.","breadcrumb":{"@id":"https:\/\/www.argonandco.com\/de\/leistungen\/finance-and-sga\/cash-flow-optimierung\/#breadcrumb"},"inLanguage":"de","potentialAction":[{"@type":"ReadAction","target":["https:\/\/www.argonandco.com\/de\/leistungen\/finance-and-sga\/cash-flow-optimierung\/"]}]},{"@type":"BreadcrumbList","@id":"https:\/\/www.argonandco.com\/de\/leistungen\/finance-and-sga\/cash-flow-optimierung\/#breadcrumb","itemListElement":[{"@type":"ListItem","position":1,"name":"Home","item":"https:\/\/www.argonandco.com\/de\/"},{"@type":"ListItem","position":2,"name":"Leistungen","item":"https:\/\/www.argonandco.com\/de\/leistungen\/"},{"@type":"ListItem","position":3,"name":"Finance and SG&#038;A","item":"https:\/\/www.argonandco.com\/de\/leistungen\/finance-and-sga\/"},{"@type":"ListItem","position":4,"name":"Cash flow Optimierung"}]},{"@type":"WebSite","@id":"https:\/\/www.argonandco.com\/de\/#website","url":"https:\/\/www.argonandco.com\/de\/","name":"Argon &amp; Co","description":"We help clients achieve their strategic and operational objectives, working together to transform their businesses and generate real change.","potentialAction":[{"@type":"SearchAction","target":{"@type":"EntryPoint","urlTemplate":"https:\/\/www.argonandco.com\/de\/?s={search_term_string}"},"query-input":{"@type":"PropertyValueSpecification","valueRequired":true,"valueName":"search_term_string"}}],"inLanguage":"de"}]}},"_links":{"self":[{"href":"https:\/\/www.argonandco.com\/de\/wp-json\/wp\/v2\/pages\/38888","targetHints":{"allow":["GET"]}}],"collection":[{"href":"https:\/\/www.argonandco.com\/de\/wp-json\/wp\/v2\/pages"}],"about":[{"href":"https:\/\/www.argonandco.com\/de\/wp-json\/wp\/v2\/types\/page"}],"author":[{"embeddable":true,"href":"https:\/\/www.argonandco.com\/de\/wp-json\/wp\/v2\/users\/1"}],"replies":[{"embeddable":true,"href":"https:\/\/www.argonandco.com\/de\/wp-json\/wp\/v2\/comments?post=38888"}],"version-history":[{"count":0,"href":"https:\/\/www.argonandco.com\/de\/wp-json\/wp\/v2\/pages\/38888\/revisions"}],"up":[{"embeddable":true,"href":"https:\/\/www.argonandco.com\/de\/wp-json\/wp\/v2\/pages\/37633"}],"wp:attachment":[{"href":"https:\/\/www.argonandco.com\/de\/wp-json\/wp\/v2\/media?parent=38888"}],"curies":[{"name":"wp","href":"https:\/\/api.w.org\/{rel}","templated":true}]}}