{"id":38803,"date":"2026-04-07T17:28:42","date_gmt":"2026-04-07T16:28:42","guid":{"rendered":"https:\/\/www.argonandco.com\/?page_id=38803"},"modified":"2026-04-07T17:28:42","modified_gmt":"2026-04-07T16:28:42","slug":"einzelhandel","status":"publish","type":"page","link":"https:\/\/www.argonandco.com\/de\/leistungen\/logistik\/einzelhandel\/","title":{"rendered":"Einzelhandel"},"content":{"rendered":"<h2><b>Einf\u00fchrung und Herausforderungen<\/b><\/h2>\n<p>Um mit den reinen E-Commerce-Anbietern konkurrieren zu k\u00f6nnen, h\u00e4ngt das \u00dcberleben \u201eklassischer\u201d Einzelhandelsmarken einerseits von einem auf ihre Kunden zugeschnittenen Serviceangebot und andererseits von der Kontrolle der Rentabilit\u00e4t des Einzelhandelsvertriebskanals ab.<\/p>\n<p>Im Zeitalter der Digitalisierung und des Omnichannel-Handels stehen Einzelhandelsketten vor der wachsenden Herausforderung, den Filialbetrieb durch optimale Nutzung ihrer Ressourcen zu optimieren und gleichzeitig die Verkaufsstellen zu einem innovativen Bestandteil des Kundenerlebnisses zu machen.<\/p>\n<p>Die Anpassung der Organisation und der Abl\u00e4ufe in den Verkaufsstellen an neue Handelskonzepte (Showroom, Abholstelle, Servicestellen, Kundenbestellungen usw.) ist ein erster Schritt, der die Teams \u201eKonzept\u201c, \u201eAngebot\u201c, \u201eEinzelhandel\u201c, \u201eDigital\u201c und \u201eLieferkette\u201c einbeziehen muss.<\/p>\n<p>Je nach Omnichannel-Dimension oder dem Erreichen bestimmter Aktivit\u00e4tsschwellenwerte ist es entscheidend, die Teams in den Verkaufsstellen zu spezialisieren oder im Gegenteil ihre Vielseitigkeit zu f\u00f6rdern. Um den Erfolg sicherzustellen, ist es wichtig, den Aspekt des Ver\u00e4nderungsmanagements zu integrieren.<\/p>\n<p>Die Planung der Abl\u00e4ufe und die Verschlankung der Vorg\u00e4nge in den Verkaufsstellen sind eine gro\u00dfe Herausforderung f\u00fcr den reibungslosen Ablauf (Verbesserung der Sichtbarkeit, Werbeaktionen und Einf\u00fchrung neuer Produkte), die Gl\u00e4ttung der Auslastung in den Verkaufsstellen und die Optimierung der Ressourcen.<\/p>\n<p>Schlie\u00dflich ist die optimale Verteilung der Ausf\u00fchrungsaktivit\u00e4ten zwischen Lieferanten, zentraler Logistik und Verkaufsstellen ein entscheidender Faktor f\u00fcr die Wettbewerbsf\u00e4higkeit, der auf einer pr\u00e4zisen End-to-End-Modellierung der Aufgaben und der Produktivit\u00e4t basieren muss.<\/p>\n<h2><b>Wie wir helfen k\u00f6nnen<\/b><\/h2>\n<p>Wir unterst\u00fctzen Einzelh\u00e4ndler bei der Optimierung ihrer Point-of-Sale-Prozesse in mehreren Bereichen:<\/p>\n<ul>\n<li>Analyse der Herausforderungen hinsichtlich Spezialisierung oder Vielseitigkeit der Teams am Point of Sale und Umsetzung dieser Rollen entsprechend den Merkmalen des Netzwerks, der Omni-Channel-Strategie, mit klaren und gemeinsamen Rollen und Verantwortlichkeiten<\/li>\n<li>Umsetzung von Best Practices f\u00fcr die Warenfluss- und Bestandsplanung auf der Grundlage kommerzieller Ziele, marketingbezogener Vorgaben (Termine und Mengen) und Point-of-Sale-Kapazit\u00e4ten<\/li>\n<li>\u00dcberpr\u00fcfung und Quantifizierung der Analyse (Mehrwert\/Kosten) und Unterst\u00fctzung bei der Umsetzung von Prozessen, die den Filialbetrieb erleichtern und\/oder optimieren: Lean-Retail-Ansatz, Sortierung und Gruppierung w\u00e4hrend der Vorbereitung, Einf\u00fchrung von Sortiert\u00fcten, Positionierung von Etiketten oder Diebstahlsicherungsma\u00dfnahmen und Entwicklung von RFiD<\/li>\n<li>Analyse und Ermittlung von Lieferfrequenzen, die an das Vertriebsstellennetz und die Gesch\u00e4ftszeiten angepasst sind, einschlie\u00dflich einer Business-Case-Analyse zu Lagerrisiken\/Umsatzrisiken und den Auswirkungen auf die Gesamtlogistik- und Transportkosten<\/li>\n<\/ul>\n","protected":false},"excerpt":{"rendered":"<p>Einf\u00fchrung und Herausforderungen Um mit den reinen E-Commerce-Anbietern konkurrieren zu k\u00f6nnen, h\u00e4ngt das \u00dcberleben \u201eklassischer\u201d Einzelhandelsmarken einerseits von einem auf ihre Kunden zugeschnittenen Serviceangebot und andererseits von der Kontrolle der Rentabilit\u00e4t des Einzelhandelsvertriebskanals ab. Im Zeitalter der Digitalisierung und des Omnichannel-Handels stehen Einzelhandelsketten vor der wachsenden Herausforderung, den Filialbetrieb durch optimale Nutzung ihrer Ressourcen zu [&hellip;]<\/p>\n","protected":false},"author":1,"featured_media":0,"parent":37630,"menu_order":9,"comment_status":"closed","ping_status":"closed","template":"","meta":{"_acf_changed":false,"footnotes":""},"class_list":["post-38803","page","type-page","status-publish","hentry"],"acf":[],"yoast_head":"<!-- This site is optimized with the Yoast SEO plugin v27.5 - https:\/\/yoast.com\/product\/yoast-seo-wordpress\/ -->\n<title>Einzelhandel | Argon &amp; Co<\/title>\n<meta name=\"description\" content=\"Argon &amp; Co&#039;s retail operations consultancy services help retailers optimise their point-of-sale operations in several critical areas. Learn more.\" \/>\n<meta name=\"robots\" content=\"index, follow, max-snippet:-1, max-image-preview:large, max-video-preview:-1\" \/>\n<link rel=\"canonical\" href=\"https:\/\/www.argonandco.com\/de\/leistungen\/logistik\/einzelhandel\/\" \/>\n<meta property=\"og:locale\" content=\"de_DE\" \/>\n<meta property=\"og:type\" content=\"article\" \/>\n<meta property=\"og:title\" content=\"Einzelhandel | Argon &amp; Co\" \/>\n<meta property=\"og:description\" content=\"Argon &amp; Co&#039;s retail operations consultancy services help retailers optimise their point-of-sale operations in several critical areas. Learn more.\" \/>\n<meta property=\"og:url\" content=\"https:\/\/www.argonandco.com\/de\/leistungen\/logistik\/einzelhandel\/\" \/>\n<meta property=\"og:site_name\" content=\"Argon &amp; Co\" \/>\n<meta name=\"twitter:card\" content=\"summary_large_image\" \/>\n<meta name=\"twitter:label1\" content=\"Gesch\u00e4tzte Lesezeit\" \/>\n\t<meta name=\"twitter:data1\" content=\"2 Minuten\" \/>\n<script type=\"application\/ld+json\" class=\"yoast-schema-graph\">{\"@context\":\"https:\\\/\\\/schema.org\",\"@graph\":[{\"@type\":\"WebPage\",\"@id\":\"https:\\\/\\\/www.argonandco.com\\\/de\\\/leistungen\\\/logistik\\\/einzelhandel\\\/\",\"url\":\"https:\\\/\\\/www.argonandco.com\\\/de\\\/leistungen\\\/logistik\\\/einzelhandel\\\/\",\"name\":\"Einzelhandel | Argon &amp; Co\",\"isPartOf\":{\"@id\":\"https:\\\/\\\/www.argonandco.com\\\/de\\\/#website\"},\"datePublished\":\"2026-04-07T16:28:42+00:00\",\"description\":\"Argon & Co's retail operations consultancy services help retailers optimise their point-of-sale operations in several critical areas. Learn more.\",\"breadcrumb\":{\"@id\":\"https:\\\/\\\/www.argonandco.com\\\/de\\\/leistungen\\\/logistik\\\/einzelhandel\\\/#breadcrumb\"},\"inLanguage\":\"de\",\"potentialAction\":[{\"@type\":\"ReadAction\",\"target\":[\"https:\\\/\\\/www.argonandco.com\\\/de\\\/leistungen\\\/logistik\\\/einzelhandel\\\/\"]}]},{\"@type\":\"BreadcrumbList\",\"@id\":\"https:\\\/\\\/www.argonandco.com\\\/de\\\/leistungen\\\/logistik\\\/einzelhandel\\\/#breadcrumb\",\"itemListElement\":[{\"@type\":\"ListItem\",\"position\":1,\"name\":\"Home\",\"item\":\"https:\\\/\\\/www.argonandco.com\\\/de\\\/\"},{\"@type\":\"ListItem\",\"position\":2,\"name\":\"Leistungen\",\"item\":\"https:\\\/\\\/www.argonandco.com\\\/de\\\/leistungen\\\/\"},{\"@type\":\"ListItem\",\"position\":3,\"name\":\"Logistik\",\"item\":\"https:\\\/\\\/www.argonandco.com\\\/de\\\/leistungen\\\/logistik\\\/\"},{\"@type\":\"ListItem\",\"position\":4,\"name\":\"Einzelhandel\"}]},{\"@type\":\"WebSite\",\"@id\":\"https:\\\/\\\/www.argonandco.com\\\/de\\\/#website\",\"url\":\"https:\\\/\\\/www.argonandco.com\\\/de\\\/\",\"name\":\"Argon &amp; Co\",\"description\":\"We help clients achieve their strategic and operational objectives, working together to transform their businesses and generate real change.\",\"potentialAction\":[{\"@type\":\"SearchAction\",\"target\":{\"@type\":\"EntryPoint\",\"urlTemplate\":\"https:\\\/\\\/www.argonandco.com\\\/de\\\/?s={search_term_string}\"},\"query-input\":{\"@type\":\"PropertyValueSpecification\",\"valueRequired\":true,\"valueName\":\"search_term_string\"}}],\"inLanguage\":\"de\"}]}<\/script>\n<!-- \/ Yoast SEO plugin. -->","yoast_head_json":{"title":"Einzelhandel | Argon &amp; Co","description":"Argon & Co's retail operations consultancy services help retailers optimise their point-of-sale operations in several critical areas. Learn more.","robots":{"index":"index","follow":"follow","max-snippet":"max-snippet:-1","max-image-preview":"max-image-preview:large","max-video-preview":"max-video-preview:-1"},"canonical":"https:\/\/www.argonandco.com\/de\/leistungen\/logistik\/einzelhandel\/","og_locale":"de_DE","og_type":"article","og_title":"Einzelhandel | Argon &amp; Co","og_description":"Argon & Co's retail operations consultancy services help retailers optimise their point-of-sale operations in several critical areas. Learn more.","og_url":"https:\/\/www.argonandco.com\/de\/leistungen\/logistik\/einzelhandel\/","og_site_name":"Argon &amp; Co","twitter_card":"summary_large_image","twitter_misc":{"Gesch\u00e4tzte Lesezeit":"2 Minuten"},"schema":{"@context":"https:\/\/schema.org","@graph":[{"@type":"WebPage","@id":"https:\/\/www.argonandco.com\/de\/leistungen\/logistik\/einzelhandel\/","url":"https:\/\/www.argonandco.com\/de\/leistungen\/logistik\/einzelhandel\/","name":"Einzelhandel | Argon &amp; Co","isPartOf":{"@id":"https:\/\/www.argonandco.com\/de\/#website"},"datePublished":"2026-04-07T16:28:42+00:00","description":"Argon & Co's retail operations consultancy services help retailers optimise their point-of-sale operations in several critical areas. Learn more.","breadcrumb":{"@id":"https:\/\/www.argonandco.com\/de\/leistungen\/logistik\/einzelhandel\/#breadcrumb"},"inLanguage":"de","potentialAction":[{"@type":"ReadAction","target":["https:\/\/www.argonandco.com\/de\/leistungen\/logistik\/einzelhandel\/"]}]},{"@type":"BreadcrumbList","@id":"https:\/\/www.argonandco.com\/de\/leistungen\/logistik\/einzelhandel\/#breadcrumb","itemListElement":[{"@type":"ListItem","position":1,"name":"Home","item":"https:\/\/www.argonandco.com\/de\/"},{"@type":"ListItem","position":2,"name":"Leistungen","item":"https:\/\/www.argonandco.com\/de\/leistungen\/"},{"@type":"ListItem","position":3,"name":"Logistik","item":"https:\/\/www.argonandco.com\/de\/leistungen\/logistik\/"},{"@type":"ListItem","position":4,"name":"Einzelhandel"}]},{"@type":"WebSite","@id":"https:\/\/www.argonandco.com\/de\/#website","url":"https:\/\/www.argonandco.com\/de\/","name":"Argon &amp; Co","description":"We help clients achieve their strategic and operational objectives, working together to transform their businesses and generate real change.","potentialAction":[{"@type":"SearchAction","target":{"@type":"EntryPoint","urlTemplate":"https:\/\/www.argonandco.com\/de\/?s={search_term_string}"},"query-input":{"@type":"PropertyValueSpecification","valueRequired":true,"valueName":"search_term_string"}}],"inLanguage":"de"}]}},"_links":{"self":[{"href":"https:\/\/www.argonandco.com\/de\/wp-json\/wp\/v2\/pages\/38803","targetHints":{"allow":["GET"]}}],"collection":[{"href":"https:\/\/www.argonandco.com\/de\/wp-json\/wp\/v2\/pages"}],"about":[{"href":"https:\/\/www.argonandco.com\/de\/wp-json\/wp\/v2\/types\/page"}],"author":[{"embeddable":true,"href":"https:\/\/www.argonandco.com\/de\/wp-json\/wp\/v2\/users\/1"}],"replies":[{"embeddable":true,"href":"https:\/\/www.argonandco.com\/de\/wp-json\/wp\/v2\/comments?post=38803"}],"version-history":[{"count":0,"href":"https:\/\/www.argonandco.com\/de\/wp-json\/wp\/v2\/pages\/38803\/revisions"}],"up":[{"embeddable":true,"href":"https:\/\/www.argonandco.com\/de\/wp-json\/wp\/v2\/pages\/37630"}],"wp:attachment":[{"href":"https:\/\/www.argonandco.com\/de\/wp-json\/wp\/v2\/media?parent=38803"}],"curies":[{"name":"wp","href":"https:\/\/api.w.org\/{rel}","templated":true}]}}