{"id":38751,"date":"2026-04-07T16:54:38","date_gmt":"2026-04-07T15:54:38","guid":{"rendered":"https:\/\/www.argonandco.com\/?page_id=38751"},"modified":"2026-04-07T16:54:38","modified_gmt":"2026-04-07T15:54:38","slug":"digitale-fertigung","status":"publish","type":"page","link":"https:\/\/www.argonandco.com\/de\/leistungen\/fertigung\/digitale-fertigung\/","title":{"rendered":"Digitale Fertigung"},"content":{"rendered":"<h2><b>Einf\u00fchrung und Herausforderungen<\/b><\/h2>\n<p><span class=\"intro\" style=\"font-weight: 400;\">Die neuen technologischen Werkzeuge, sowohl in Bezug auf Hardware als auch Software, sind hinsichtlich der M\u00f6glichkeiten ebenso vielversprechend wie hinsichtlich der Ver\u00e4nderungen in der Organisation und Ausf\u00fchrung der Arbeit in der Produktion. Die digitale Fertigung, bei der der Entwurfs-, Fertigungs- und Produktionsmanagementprozess vollst\u00e4ndig digitalisiert ist, basiert insbesondere auf intelligenten und vernetzten Abl\u00e4ufen und Anlagen und bietet ein enormes Potenzial f\u00fcr Produktivit\u00e4tssteigerungen, Kostensenkungen und Wettbewerbsf\u00e4higkeit.<\/span><\/p>\n<p>Die gr\u00f6\u00dfte Herausforderung besteht darin, herauszufinden, ob und welche technologischen Innovationen eine definitive Antwort auf die sechs \u201eklassischen\u201d Herausforderungen der Fertigung bieten k\u00f6nnen: Reduzierung von Nicht-Mehrwert und Qualit\u00e4tsm\u00e4ngeln, Steigerung der Produktivit\u00e4t, Verbesserung der Anlagenverf\u00fcgbarkeit, Optimierung der Kapazit\u00e4ten, Verk\u00fcrzung der Entwicklungs- und Zykluszeiten sowie Reduzierung der Lagerbest\u00e4nde.<\/p>\n<p>Aus diesem Grund ist es unerl\u00e4sslich, Initiativen angesichts einer Vielzahl von Technologien und Innovationen, die die digitale Revolution vorantreiben, mit Sinn und Priorit\u00e4ten zu versehen.<\/p>\n<p>Dies bedeutet, die grundlegenden Prinzipien dieser Innovationen zu verstehen und sie mit operativen Betriebsmodellen zu verkn\u00fcpfen, um Hersteller bei ihren strategischen Entscheidungen und der konkreten Umsetzung \u201evor Ort\u201c zu unterst\u00fctzen.<\/p>\n<h2><b>Wie wir helfen k\u00f6nnen\u00a0<\/b><\/h2>\n<p>Durch die Entwicklung spezifischer Tools auf der Grundlage seiner operativen Erfahrung sind wir in der Lage, Hersteller sowohl in den vorgelagerten Phasen der Definition der digitalen Strategie als auch in den eher operativen Phasen der Reifegradbewertung oder der Implementierungsunterst\u00fctzung zu unterst\u00fctzen. Beispiele hierf\u00fcr sind:<\/p>\n<ul>\n<li>Digitale Prozesssteuerung<\/li>\n<li>Vorausschauende Wartung<\/li>\n<li>Projekte zur &#8222;paperless factory&#8220; oder Prozessdematerialisierung (z. B. Wartung)<\/li>\n<\/ul>\n<p>F\u00fcr jedes dieser Projekte liefern wir eine definierte technologische L\u00f6sung, indem wir auf unser Start-up-Netzwerk zur\u00fcckgreifen oder ma\u00dfgeschneiderte L\u00f6sungen aus unserer &#8222;Digital Factory&#8220; (dediziertes internes Digitalteam) entwickeln. Wir sind bestrebt, unseren Kunden konkrete und pragmatische L\u00f6sungen anzubieten, und entwickeln daher Fachwissen, das sich auf wenige technologische Vertikalen konzentriert, die einen echten Einfluss auf die operative Leistung haben.<\/p>\n","protected":false},"excerpt":{"rendered":"<p>Einf\u00fchrung und Herausforderungen Die neuen technologischen Werkzeuge, sowohl in Bezug auf Hardware als auch Software, sind hinsichtlich der M\u00f6glichkeiten ebenso vielversprechend wie hinsichtlich der Ver\u00e4nderungen in der Organisation und Ausf\u00fchrung der Arbeit in der Produktion. Die digitale Fertigung, bei der der Entwurfs-, Fertigungs- und Produktionsmanagementprozess vollst\u00e4ndig digitalisiert ist, basiert insbesondere auf intelligenten und vernetzten Abl\u00e4ufen [&hellip;]<\/p>\n","protected":false},"author":1,"featured_media":0,"parent":37627,"menu_order":10,"comment_status":"closed","ping_status":"closed","template":"","meta":{"_acf_changed":false,"footnotes":""},"class_list":["post-38751","page","type-page","status-publish","hentry"],"acf":[],"yoast_head":"<!-- This site is optimized with the Yoast SEO plugin v27.5 - https:\/\/yoast.com\/product\/yoast-seo-wordpress\/ -->\n<title>Digitale Fertigung - Argon &amp; Co<\/title>\n<meta name=\"robots\" content=\"index, follow, max-snippet:-1, max-image-preview:large, max-video-preview:-1\" \/>\n<link rel=\"canonical\" href=\"https:\/\/www.argonandco.com\/de\/leistungen\/fertigung\/digitale-fertigung\/\" \/>\n<meta property=\"og:locale\" content=\"de_DE\" \/>\n<meta property=\"og:type\" content=\"article\" \/>\n<meta property=\"og:title\" content=\"Digitale Fertigung - Argon &amp; Co\" \/>\n<meta property=\"og:description\" content=\"Einf\u00fchrung und Herausforderungen Die neuen technologischen Werkzeuge, sowohl in Bezug auf Hardware als auch Software, sind hinsichtlich der M\u00f6glichkeiten ebenso vielversprechend wie hinsichtlich der Ver\u00e4nderungen in der Organisation und Ausf\u00fchrung der Arbeit in der Produktion. Die digitale Fertigung, bei der der Entwurfs-, Fertigungs- und Produktionsmanagementprozess vollst\u00e4ndig digitalisiert ist, basiert insbesondere auf intelligenten und vernetzten Abl\u00e4ufen [&hellip;]\" \/>\n<meta property=\"og:url\" content=\"https:\/\/www.argonandco.com\/de\/leistungen\/fertigung\/digitale-fertigung\/\" \/>\n<meta property=\"og:site_name\" content=\"Argon &amp; Co\" \/>\n<meta name=\"twitter:card\" content=\"summary_large_image\" \/>\n<meta name=\"twitter:label1\" content=\"Gesch\u00e4tzte Lesezeit\" \/>\n\t<meta name=\"twitter:data1\" content=\"2 Minuten\" \/>\n<script type=\"application\/ld+json\" class=\"yoast-schema-graph\">{\"@context\":\"https:\\\/\\\/schema.org\",\"@graph\":[{\"@type\":\"WebPage\",\"@id\":\"https:\\\/\\\/www.argonandco.com\\\/de\\\/leistungen\\\/fertigung\\\/digitale-fertigung\\\/\",\"url\":\"https:\\\/\\\/www.argonandco.com\\\/de\\\/leistungen\\\/fertigung\\\/digitale-fertigung\\\/\",\"name\":\"Digitale Fertigung - Argon &amp; Co\",\"isPartOf\":{\"@id\":\"https:\\\/\\\/www.argonandco.com\\\/de\\\/#website\"},\"datePublished\":\"2026-04-07T15:54:38+00:00\",\"breadcrumb\":{\"@id\":\"https:\\\/\\\/www.argonandco.com\\\/de\\\/leistungen\\\/fertigung\\\/digitale-fertigung\\\/#breadcrumb\"},\"inLanguage\":\"de\",\"potentialAction\":[{\"@type\":\"ReadAction\",\"target\":[\"https:\\\/\\\/www.argonandco.com\\\/de\\\/leistungen\\\/fertigung\\\/digitale-fertigung\\\/\"]}]},{\"@type\":\"BreadcrumbList\",\"@id\":\"https:\\\/\\\/www.argonandco.com\\\/de\\\/leistungen\\\/fertigung\\\/digitale-fertigung\\\/#breadcrumb\",\"itemListElement\":[{\"@type\":\"ListItem\",\"position\":1,\"name\":\"Home\",\"item\":\"https:\\\/\\\/www.argonandco.com\\\/de\\\/\"},{\"@type\":\"ListItem\",\"position\":2,\"name\":\"Leistungen\",\"item\":\"https:\\\/\\\/www.argonandco.com\\\/de\\\/leistungen\\\/\"},{\"@type\":\"ListItem\",\"position\":3,\"name\":\"Fertigung\",\"item\":\"https:\\\/\\\/www.argonandco.com\\\/de\\\/leistungen\\\/fertigung\\\/\"},{\"@type\":\"ListItem\",\"position\":4,\"name\":\"Digitale Fertigung\"}]},{\"@type\":\"WebSite\",\"@id\":\"https:\\\/\\\/www.argonandco.com\\\/de\\\/#website\",\"url\":\"https:\\\/\\\/www.argonandco.com\\\/de\\\/\",\"name\":\"Argon &amp; Co\",\"description\":\"We help clients achieve their strategic and operational objectives, working together to transform their businesses and generate real change.\",\"potentialAction\":[{\"@type\":\"SearchAction\",\"target\":{\"@type\":\"EntryPoint\",\"urlTemplate\":\"https:\\\/\\\/www.argonandco.com\\\/de\\\/?s={search_term_string}\"},\"query-input\":{\"@type\":\"PropertyValueSpecification\",\"valueRequired\":true,\"valueName\":\"search_term_string\"}}],\"inLanguage\":\"de\"}]}<\/script>\n<!-- \/ Yoast SEO plugin. -->","yoast_head_json":{"title":"Digitale Fertigung - Argon &amp; Co","robots":{"index":"index","follow":"follow","max-snippet":"max-snippet:-1","max-image-preview":"max-image-preview:large","max-video-preview":"max-video-preview:-1"},"canonical":"https:\/\/www.argonandco.com\/de\/leistungen\/fertigung\/digitale-fertigung\/","og_locale":"de_DE","og_type":"article","og_title":"Digitale Fertigung - Argon &amp; Co","og_description":"Einf\u00fchrung und Herausforderungen Die neuen technologischen Werkzeuge, sowohl in Bezug auf Hardware als auch Software, sind hinsichtlich der M\u00f6glichkeiten ebenso vielversprechend wie hinsichtlich der Ver\u00e4nderungen in der Organisation und Ausf\u00fchrung der Arbeit in der Produktion. Die digitale Fertigung, bei der der Entwurfs-, Fertigungs- und Produktionsmanagementprozess vollst\u00e4ndig digitalisiert ist, basiert insbesondere auf intelligenten und vernetzten Abl\u00e4ufen [&hellip;]","og_url":"https:\/\/www.argonandco.com\/de\/leistungen\/fertigung\/digitale-fertigung\/","og_site_name":"Argon &amp; Co","twitter_card":"summary_large_image","twitter_misc":{"Gesch\u00e4tzte Lesezeit":"2 Minuten"},"schema":{"@context":"https:\/\/schema.org","@graph":[{"@type":"WebPage","@id":"https:\/\/www.argonandco.com\/de\/leistungen\/fertigung\/digitale-fertigung\/","url":"https:\/\/www.argonandco.com\/de\/leistungen\/fertigung\/digitale-fertigung\/","name":"Digitale Fertigung - Argon &amp; Co","isPartOf":{"@id":"https:\/\/www.argonandco.com\/de\/#website"},"datePublished":"2026-04-07T15:54:38+00:00","breadcrumb":{"@id":"https:\/\/www.argonandco.com\/de\/leistungen\/fertigung\/digitale-fertigung\/#breadcrumb"},"inLanguage":"de","potentialAction":[{"@type":"ReadAction","target":["https:\/\/www.argonandco.com\/de\/leistungen\/fertigung\/digitale-fertigung\/"]}]},{"@type":"BreadcrumbList","@id":"https:\/\/www.argonandco.com\/de\/leistungen\/fertigung\/digitale-fertigung\/#breadcrumb","itemListElement":[{"@type":"ListItem","position":1,"name":"Home","item":"https:\/\/www.argonandco.com\/de\/"},{"@type":"ListItem","position":2,"name":"Leistungen","item":"https:\/\/www.argonandco.com\/de\/leistungen\/"},{"@type":"ListItem","position":3,"name":"Fertigung","item":"https:\/\/www.argonandco.com\/de\/leistungen\/fertigung\/"},{"@type":"ListItem","position":4,"name":"Digitale Fertigung"}]},{"@type":"WebSite","@id":"https:\/\/www.argonandco.com\/de\/#website","url":"https:\/\/www.argonandco.com\/de\/","name":"Argon &amp; Co","description":"We help clients achieve their strategic and operational objectives, working together to transform their businesses and generate real change.","potentialAction":[{"@type":"SearchAction","target":{"@type":"EntryPoint","urlTemplate":"https:\/\/www.argonandco.com\/de\/?s={search_term_string}"},"query-input":{"@type":"PropertyValueSpecification","valueRequired":true,"valueName":"search_term_string"}}],"inLanguage":"de"}]}},"_links":{"self":[{"href":"https:\/\/www.argonandco.com\/de\/wp-json\/wp\/v2\/pages\/38751","targetHints":{"allow":["GET"]}}],"collection":[{"href":"https:\/\/www.argonandco.com\/de\/wp-json\/wp\/v2\/pages"}],"about":[{"href":"https:\/\/www.argonandco.com\/de\/wp-json\/wp\/v2\/types\/page"}],"author":[{"embeddable":true,"href":"https:\/\/www.argonandco.com\/de\/wp-json\/wp\/v2\/users\/1"}],"replies":[{"embeddable":true,"href":"https:\/\/www.argonandco.com\/de\/wp-json\/wp\/v2\/comments?post=38751"}],"version-history":[{"count":0,"href":"https:\/\/www.argonandco.com\/de\/wp-json\/wp\/v2\/pages\/38751\/revisions"}],"up":[{"embeddable":true,"href":"https:\/\/www.argonandco.com\/de\/wp-json\/wp\/v2\/pages\/37627"}],"wp:attachment":[{"href":"https:\/\/www.argonandco.com\/de\/wp-json\/wp\/v2\/media?parent=38751"}],"curies":[{"name":"wp","href":"https:\/\/api.w.org\/{rel}","templated":true}]}}