{"id":38723,"date":"2026-04-07T17:05:28","date_gmt":"2026-04-07T16:05:28","guid":{"rendered":"https:\/\/www.argonandco.com\/?page_id=38723"},"modified":"2026-04-07T17:05:28","modified_gmt":"2026-04-07T16:05:28","slug":"lieferkette-und-materialwirtschaft","status":"publish","type":"page","link":"https:\/\/www.argonandco.com\/de\/leistungen\/supply-chain-planung\/lieferkette-und-materialwirtschaft\/","title":{"rendered":"Lieferkette und Materialwirtschaft"},"content":{"rendered":"<h2><b>Einf\u00fchrung und Herausforderungen<\/b><\/h2>\n<p>Ein gro\u00dfer Teil der Hersteller hat einen deutlichen Anstieg des Anteils der direkten Materialkosten an den Herstellungskosten verzeichnet. Selbst bei der Eigenfertigung ist es nicht ungew\u00f6hnlich, dass die Materialkosten mehr als 60 % der Herstellungskosten ausmachen. Die Beschaffung hat daher im Laufe der Zeit zunehmend an Bedeutung gewonnen, wobei die Verantwortung f\u00fcr die Verwaltung der Lagerbest\u00e4nde und die Sicherstellung der Abl\u00e4ufe\/Produktionspl\u00e4ne mit einem Ziel verfolgt wird: \u201e0 Fehlbest\u00e4nde\u201c.<br \/>\nERP-Systeme und Lieferantenportale versprechen zwar Zeitersparnis und einen reibungslosen Austausch, doch sieht die Realit\u00e4t oft ganz anders aus: Eink\u00e4ufer verbringen einen Gro\u00dfteil ihrer Zeit mit administrativen Aufgaben mit geringem Mehrwert (Auftragserfassung, Auftragspr\u00fcfung, Rechnungsabgleich usw.). Die Teams sind aufgrund eines zunehmend volatilen Umfelds (schwankende Kundennachfrage, Bullwhip-Effekt usw.) sehr oft mit Notf\u00e4llen \u00fcberfordert und haben Schwierigkeiten, sich auf die eigentlichen Priorit\u00e4ten zu konzentrieren. Oft m\u00fcssen viele Ausnahmemeldungen bearbeitet werden, bei denen ERP-Systeme keine Effizienzsteigerung erm\u00f6glichen. Hinzu kommt, dass die Beschaffungsfunktion oft einen geringen Stellenwert hat und wenig Anerkennung findet, sodass Unternehmen, die sie noch nicht als wichtigen Leistungsfaktor erkannt haben, nur wenig ambitionierte Stellenausschreibungen ver\u00f6ffentlichen.<\/p>\n<h2><b>Wie wir helfen k\u00f6nnen<\/b><\/h2>\n<p>Wir unterst\u00fctzen unsere Kunden bei der tiefgreifenden Umgestaltung ihrer Beschaffungsteams, indem es hilft, sich von \u201eVerwaltungsagenten\u201c zu \u201eFlow-Piloten\u201c zu entwickeln, die sich auf ein aktives Management des Auftragsportfolios und ihrer Lieferanten konzentrieren. Um diese Transformation zu erreichen, arbeiten wir in vier Hauptbereichen:<\/p>\n<ul>\n<li><b>Reduzierung von nicht wertsch\u00f6pfenden T\u00e4tigkeiten<\/b> mit dem Ziel \u201eBestellungen mit einem Klick\u201c:\n<ul>\n<li>Digitalisierung des Austauschs<\/li>\n<li>Verbesserung der Qualit\u00e4t der Liefersignale (Parametereinstellung und Zuverl\u00e4ssigkeit der Stammdaten)<\/li>\n<li>Einf\u00fchrung \u201etypischer\u201c Wochen zur besseren Zeitplanung und L\u00f6sung allt\u00e4glicher Probleme<\/li>\n<\/ul>\n<\/li>\n<li><b>Klare Priorit\u00e4ten<\/b>, um gemeinsam mit dem Lieferanten aktiv an den tats\u00e4chlichen Knackpunkten zu arbeiten, durch Aktivierung unseres Supply Control Tower-Tools, mit dem Ma\u00dfnahmen entsprechend ihrer tats\u00e4chlichen Auswirkungen auf den Endkunden priorisiert werden k\u00f6nnen<\/li>\n<li><b>Ritualisierung der Beziehungen zu Lieferanten<\/b>: Regelm\u00e4\u00dfiger und strukturierter Austausch (Besprechungsagenden, Standardkommunikationsdateien usw.) verbessert die Qualit\u00e4t der Kommunikation mit Lieferanten<\/li>\n<li><b>Kontrolle des Prozesses<\/b> durch Messung und Steuerung der Leistung anhand von standardisierten Kennzahlen: Termintreue bei der Auftragserteilung, Best\u00e4tigungsrate, OTIF und Verzugstiefe<\/li>\n<\/ul>\n<div id=\"gtx-trans\" style=\"position: absolute; left: 382px; top: 564.375px;\">\n<div class=\"gtx-trans-icon\"><\/div>\n<\/div>\n","protected":false},"excerpt":{"rendered":"<p>Einf\u00fchrung und Herausforderungen Ein gro\u00dfer Teil der Hersteller hat einen deutlichen Anstieg des Anteils der direkten Materialkosten an den Herstellungskosten verzeichnet. Selbst bei der Eigenfertigung ist es nicht ungew\u00f6hnlich, dass die Materialkosten mehr als 60 % der Herstellungskosten ausmachen. Die Beschaffung hat daher im Laufe der Zeit zunehmend an Bedeutung gewonnen, wobei die Verantwortung f\u00fcr [&hellip;]<\/p>\n","protected":false},"author":1,"featured_media":0,"parent":37624,"menu_order":7,"comment_status":"closed","ping_status":"closed","template":"","meta":{"_acf_changed":false,"footnotes":""},"class_list":["post-38723","page","type-page","status-publish","hentry"],"acf":[],"yoast_head":"<!-- This site is optimized with the Yoast SEO plugin v27.5 - https:\/\/yoast.com\/product\/yoast-seo-wordpress\/ -->\n<title>Lieferkette und Materialwirtschaft - Argon &amp; Co<\/title>\n<meta name=\"robots\" content=\"index, follow, max-snippet:-1, max-image-preview:large, max-video-preview:-1\" \/>\n<link rel=\"canonical\" href=\"https:\/\/www.argonandco.com\/de\/leistungen\/supply-chain-planung\/lieferkette-und-materialwirtschaft\/\" \/>\n<meta property=\"og:locale\" content=\"de_DE\" \/>\n<meta property=\"og:type\" content=\"article\" \/>\n<meta property=\"og:title\" content=\"Lieferkette und Materialwirtschaft - Argon &amp; Co\" \/>\n<meta property=\"og:description\" content=\"Einf\u00fchrung und Herausforderungen Ein gro\u00dfer Teil der Hersteller hat einen deutlichen Anstieg des Anteils der direkten Materialkosten an den Herstellungskosten verzeichnet. Selbst bei der Eigenfertigung ist es nicht ungew\u00f6hnlich, dass die Materialkosten mehr als 60 % der Herstellungskosten ausmachen. Die Beschaffung hat daher im Laufe der Zeit zunehmend an Bedeutung gewonnen, wobei die Verantwortung f\u00fcr [&hellip;]\" \/>\n<meta property=\"og:url\" content=\"https:\/\/www.argonandco.com\/de\/leistungen\/supply-chain-planung\/lieferkette-und-materialwirtschaft\/\" \/>\n<meta property=\"og:site_name\" content=\"Argon &amp; Co\" \/>\n<meta name=\"twitter:card\" content=\"summary_large_image\" \/>\n<meta name=\"twitter:label1\" content=\"Gesch\u00e4tzte Lesezeit\" \/>\n\t<meta name=\"twitter:data1\" content=\"2 Minuten\" \/>\n<script type=\"application\/ld+json\" class=\"yoast-schema-graph\">{\"@context\":\"https:\\\/\\\/schema.org\",\"@graph\":[{\"@type\":\"WebPage\",\"@id\":\"https:\\\/\\\/www.argonandco.com\\\/de\\\/leistungen\\\/supply-chain-planung\\\/lieferkette-und-materialwirtschaft\\\/\",\"url\":\"https:\\\/\\\/www.argonandco.com\\\/de\\\/leistungen\\\/supply-chain-planung\\\/lieferkette-und-materialwirtschaft\\\/\",\"name\":\"Lieferkette und Materialwirtschaft - Argon &amp; Co\",\"isPartOf\":{\"@id\":\"https:\\\/\\\/www.argonandco.com\\\/de\\\/#website\"},\"datePublished\":\"2026-04-07T16:05:28+00:00\",\"breadcrumb\":{\"@id\":\"https:\\\/\\\/www.argonandco.com\\\/de\\\/leistungen\\\/supply-chain-planung\\\/lieferkette-und-materialwirtschaft\\\/#breadcrumb\"},\"inLanguage\":\"de\",\"potentialAction\":[{\"@type\":\"ReadAction\",\"target\":[\"https:\\\/\\\/www.argonandco.com\\\/de\\\/leistungen\\\/supply-chain-planung\\\/lieferkette-und-materialwirtschaft\\\/\"]}]},{\"@type\":\"BreadcrumbList\",\"@id\":\"https:\\\/\\\/www.argonandco.com\\\/de\\\/leistungen\\\/supply-chain-planung\\\/lieferkette-und-materialwirtschaft\\\/#breadcrumb\",\"itemListElement\":[{\"@type\":\"ListItem\",\"position\":1,\"name\":\"Home\",\"item\":\"https:\\\/\\\/www.argonandco.com\\\/de\\\/\"},{\"@type\":\"ListItem\",\"position\":2,\"name\":\"Leistungen\",\"item\":\"https:\\\/\\\/www.argonandco.com\\\/de\\\/leistungen\\\/\"},{\"@type\":\"ListItem\",\"position\":3,\"name\":\"Supply chain Planung\",\"item\":\"https:\\\/\\\/www.argonandco.com\\\/de\\\/leistungen\\\/supply-chain-planung\\\/\"},{\"@type\":\"ListItem\",\"position\":4,\"name\":\"Lieferkette und Materialwirtschaft\"}]},{\"@type\":\"WebSite\",\"@id\":\"https:\\\/\\\/www.argonandco.com\\\/de\\\/#website\",\"url\":\"https:\\\/\\\/www.argonandco.com\\\/de\\\/\",\"name\":\"Argon &amp; Co\",\"description\":\"We help clients achieve their strategic and operational objectives, working together to transform their businesses and generate real change.\",\"potentialAction\":[{\"@type\":\"SearchAction\",\"target\":{\"@type\":\"EntryPoint\",\"urlTemplate\":\"https:\\\/\\\/www.argonandco.com\\\/de\\\/?s={search_term_string}\"},\"query-input\":{\"@type\":\"PropertyValueSpecification\",\"valueRequired\":true,\"valueName\":\"search_term_string\"}}],\"inLanguage\":\"de\"}]}<\/script>\n<!-- \/ Yoast SEO plugin. -->","yoast_head_json":{"title":"Lieferkette und Materialwirtschaft - Argon &amp; Co","robots":{"index":"index","follow":"follow","max-snippet":"max-snippet:-1","max-image-preview":"max-image-preview:large","max-video-preview":"max-video-preview:-1"},"canonical":"https:\/\/www.argonandco.com\/de\/leistungen\/supply-chain-planung\/lieferkette-und-materialwirtschaft\/","og_locale":"de_DE","og_type":"article","og_title":"Lieferkette und Materialwirtschaft - Argon &amp; Co","og_description":"Einf\u00fchrung und Herausforderungen Ein gro\u00dfer Teil der Hersteller hat einen deutlichen Anstieg des Anteils der direkten Materialkosten an den Herstellungskosten verzeichnet. Selbst bei der Eigenfertigung ist es nicht ungew\u00f6hnlich, dass die Materialkosten mehr als 60 % der Herstellungskosten ausmachen. Die Beschaffung hat daher im Laufe der Zeit zunehmend an Bedeutung gewonnen, wobei die Verantwortung f\u00fcr [&hellip;]","og_url":"https:\/\/www.argonandco.com\/de\/leistungen\/supply-chain-planung\/lieferkette-und-materialwirtschaft\/","og_site_name":"Argon &amp; Co","twitter_card":"summary_large_image","twitter_misc":{"Gesch\u00e4tzte Lesezeit":"2 Minuten"},"schema":{"@context":"https:\/\/schema.org","@graph":[{"@type":"WebPage","@id":"https:\/\/www.argonandco.com\/de\/leistungen\/supply-chain-planung\/lieferkette-und-materialwirtschaft\/","url":"https:\/\/www.argonandco.com\/de\/leistungen\/supply-chain-planung\/lieferkette-und-materialwirtschaft\/","name":"Lieferkette und Materialwirtschaft - Argon &amp; Co","isPartOf":{"@id":"https:\/\/www.argonandco.com\/de\/#website"},"datePublished":"2026-04-07T16:05:28+00:00","breadcrumb":{"@id":"https:\/\/www.argonandco.com\/de\/leistungen\/supply-chain-planung\/lieferkette-und-materialwirtschaft\/#breadcrumb"},"inLanguage":"de","potentialAction":[{"@type":"ReadAction","target":["https:\/\/www.argonandco.com\/de\/leistungen\/supply-chain-planung\/lieferkette-und-materialwirtschaft\/"]}]},{"@type":"BreadcrumbList","@id":"https:\/\/www.argonandco.com\/de\/leistungen\/supply-chain-planung\/lieferkette-und-materialwirtschaft\/#breadcrumb","itemListElement":[{"@type":"ListItem","position":1,"name":"Home","item":"https:\/\/www.argonandco.com\/de\/"},{"@type":"ListItem","position":2,"name":"Leistungen","item":"https:\/\/www.argonandco.com\/de\/leistungen\/"},{"@type":"ListItem","position":3,"name":"Supply chain Planung","item":"https:\/\/www.argonandco.com\/de\/leistungen\/supply-chain-planung\/"},{"@type":"ListItem","position":4,"name":"Lieferkette und Materialwirtschaft"}]},{"@type":"WebSite","@id":"https:\/\/www.argonandco.com\/de\/#website","url":"https:\/\/www.argonandco.com\/de\/","name":"Argon &amp; Co","description":"We help clients achieve their strategic and operational objectives, working together to transform their businesses and generate real change.","potentialAction":[{"@type":"SearchAction","target":{"@type":"EntryPoint","urlTemplate":"https:\/\/www.argonandco.com\/de\/?s={search_term_string}"},"query-input":{"@type":"PropertyValueSpecification","valueRequired":true,"valueName":"search_term_string"}}],"inLanguage":"de"}]}},"_links":{"self":[{"href":"https:\/\/www.argonandco.com\/de\/wp-json\/wp\/v2\/pages\/38723","targetHints":{"allow":["GET"]}}],"collection":[{"href":"https:\/\/www.argonandco.com\/de\/wp-json\/wp\/v2\/pages"}],"about":[{"href":"https:\/\/www.argonandco.com\/de\/wp-json\/wp\/v2\/types\/page"}],"author":[{"embeddable":true,"href":"https:\/\/www.argonandco.com\/de\/wp-json\/wp\/v2\/users\/1"}],"replies":[{"embeddable":true,"href":"https:\/\/www.argonandco.com\/de\/wp-json\/wp\/v2\/comments?post=38723"}],"version-history":[{"count":0,"href":"https:\/\/www.argonandco.com\/de\/wp-json\/wp\/v2\/pages\/38723\/revisions"}],"up":[{"embeddable":true,"href":"https:\/\/www.argonandco.com\/de\/wp-json\/wp\/v2\/pages\/37624"}],"wp:attachment":[{"href":"https:\/\/www.argonandco.com\/de\/wp-json\/wp\/v2\/media?parent=38723"}],"curies":[{"name":"wp","href":"https:\/\/api.w.org\/{rel}","templated":true}]}}