{"id":38719,"date":"2026-04-07T17:05:22","date_gmt":"2026-04-07T16:05:22","guid":{"rendered":"https:\/\/www.argonandco.com\/?page_id=38719"},"modified":"2026-04-07T17:05:22","modified_gmt":"2026-04-07T16:05:22","slug":"produktionsplanung-und-terminierung","status":"publish","type":"page","link":"https:\/\/www.argonandco.com\/de\/leistungen\/supply-chain-planung\/produktionsplanung-und-terminierung\/","title":{"rendered":"Produktionsplanung und Terminierung"},"content":{"rendered":"<h2><b>Einf\u00fchrung und Herausforderungen<\/b><\/h2>\n<p>Wir definieren und messen \u201eindustrielle Agilit\u00e4t\u201c auf drei Arten. Erstens die Anpassungsf\u00e4higkeit an Bed\u00fcrfnisse oder die F\u00e4higkeit des Unternehmens, durch schnelle Fertigung (Verk\u00fcrzung der Markteinf\u00fchrungszeit) auf Produkt-\/Dienstleistungs\u00e4nderungen in seinem Markt zu reagieren. Zweitens die Volumenreaktivit\u00e4t oder die Zeit, die ben\u00f6tigt wird, um auf einen allgemeinen R\u00fcckgang oder Anstieg der Nachfrage nach einer Produktfamilie zu reagieren, und schlie\u00dflich die Mixflexibilit\u00e4t oder die F\u00e4higkeit des Unternehmens, sich an geringste \u00c4nderungen der Produktreferenzen eines Artikels in seinem Produktmix anzupassen.<\/p>\n<p>Eine effektive Produktionsplanung und -steuerung ist f\u00fcr die letzten beiden Punkte von entscheidender Bedeutung. Auf taktischer Ebene hilft der Rough-Cut-Capacity-Planning-Prozess (RCCP), ein wichtiger Schritt im S&amp;OP-Zyklus, L\u00fccken in der Personal- und Maschinenauslastung zu identifizieren, was zu geeigneten Personalbeschaffungs- und Investitionsentscheidungen beitr\u00e4gt.<\/p>\n<p>Operative Produktionsplanungs- und -steuerungsprozesse helfen, die verf\u00fcgbaren Kapazit\u00e4ten zu optimieren und sicherzustellen, dass die Servicelevels mit den richtigen Lagerbest\u00e4nden und Kosten eingehalten werden.<\/p>\n<h2><b>Wie wir helfen k\u00f6nnen<\/b><\/h2>\n<p class=\"p1\">Wir unterst\u00fctzen unsere Kunden bei der Entwicklung ihrer F\u00e4higkeiten in der Produktionsplanung und -terminierung durch:<\/p>\n<ul>\n<li>Segmentierung ihrer Produkte und Dienstleistungen in geeignete Gesch\u00e4ftsmodelle: Make-to-Order (MTO), Make-to-Stock (MTS), Assemble-to-Order (ATO), Engineer-to-Order (ETO) oder Wartung, Reparatur und \u00dcberholung (MRO)<\/li>\n<li>Entwurf und Implementierung eines taktischen RCCP f\u00fcr die S&amp;OP-Implementierung<\/li>\n<li>Entwurf und Implementierung vollst\u00e4ndig integrierter operativer Planungsl\u00f6sungen, die die Vertriebsressourcenplanung (DRP), den Master-Produktionsplan (MPS), die Materialbedarfsplanung (MRP) und die Feinplanung umfassen<\/li>\n<li>Definition von Planungshorizenten (eingefroren, \u201eslushy\u201c, offen), die das richtige Gleichgewicht zwischen Lieferbeschr\u00e4nkungen und kommerzieller Flexibilit\u00e4t herstellen<\/li>\n<li>Entwurf und Implementierung von Bestandsmanagementrichtlinien: Berechnung des Sicherheitsbestands, Nachbestellpunkte, DDMRP (bedarfsgesteuerte MRP)<\/li>\n<li>Identifizierung von Produktionsengp\u00e4ssen und Verbesserungen der Gesamtanlageneffektivit\u00e4t (OEE)<\/li>\n<li>Einsatz von Lean-Verbesserungstools: SMED, FMECA, Six Sigma<\/li>\n<li>Auswahl der geeigneten Lieferplanungsl\u00f6sung f\u00fcr die Implementierung eines Advanced Planning Systems (APS)<\/li>\n<li>Entwurf und Implementierung globaler, regionaler und lokaler Lieferplanungsteams mit detaillierten Rollen und Verantwortlichkeiten sowie den entsprechenden Kompetenzen<\/li>\n<\/ul>\n<div id=\"gtx-trans\" style=\"position: absolute; left: 384px; top: 546.375px;\">\n<div class=\"gtx-trans-icon\"><\/div>\n<\/div>\n","protected":false},"excerpt":{"rendered":"<p>Einf\u00fchrung und Herausforderungen Wir definieren und messen \u201eindustrielle Agilit\u00e4t\u201c auf drei Arten. Erstens die Anpassungsf\u00e4higkeit an Bed\u00fcrfnisse oder die F\u00e4higkeit des Unternehmens, durch schnelle Fertigung (Verk\u00fcrzung der Markteinf\u00fchrungszeit) auf Produkt-\/Dienstleistungs\u00e4nderungen in seinem Markt zu reagieren. Zweitens die Volumenreaktivit\u00e4t oder die Zeit, die ben\u00f6tigt wird, um auf einen allgemeinen R\u00fcckgang oder Anstieg der Nachfrage nach einer [&hellip;]<\/p>\n","protected":false},"author":1,"featured_media":0,"parent":37624,"menu_order":6,"comment_status":"closed","ping_status":"closed","template":"","meta":{"_acf_changed":false,"footnotes":""},"class_list":["post-38719","page","type-page","status-publish","hentry"],"acf":[],"yoast_head":"<!-- This site is optimized with the Yoast SEO plugin v27.5 - https:\/\/yoast.com\/product\/yoast-seo-wordpress\/ -->\n<title>Produktionsplanung und Terminierung - Argon &amp; Co<\/title>\n<meta name=\"robots\" content=\"index, follow, max-snippet:-1, max-image-preview:large, max-video-preview:-1\" \/>\n<link rel=\"canonical\" href=\"https:\/\/www.argonandco.com\/de\/leistungen\/supply-chain-planung\/produktionsplanung-und-terminierung\/\" \/>\n<meta property=\"og:locale\" content=\"de_DE\" \/>\n<meta property=\"og:type\" content=\"article\" \/>\n<meta property=\"og:title\" content=\"Produktionsplanung und Terminierung - Argon &amp; Co\" \/>\n<meta property=\"og:description\" content=\"Einf\u00fchrung und Herausforderungen Wir definieren und messen \u201eindustrielle Agilit\u00e4t\u201c auf drei Arten. Erstens die Anpassungsf\u00e4higkeit an Bed\u00fcrfnisse oder die F\u00e4higkeit des Unternehmens, durch schnelle Fertigung (Verk\u00fcrzung der Markteinf\u00fchrungszeit) auf Produkt-\/Dienstleistungs\u00e4nderungen in seinem Markt zu reagieren. Zweitens die Volumenreaktivit\u00e4t oder die Zeit, die ben\u00f6tigt wird, um auf einen allgemeinen R\u00fcckgang oder Anstieg der Nachfrage nach einer [&hellip;]\" \/>\n<meta property=\"og:url\" content=\"https:\/\/www.argonandco.com\/de\/leistungen\/supply-chain-planung\/produktionsplanung-und-terminierung\/\" \/>\n<meta property=\"og:site_name\" content=\"Argon &amp; Co\" \/>\n<meta name=\"twitter:card\" content=\"summary_large_image\" \/>\n<meta name=\"twitter:label1\" content=\"Gesch\u00e4tzte Lesezeit\" \/>\n\t<meta name=\"twitter:data1\" content=\"2 Minuten\" \/>\n<script type=\"application\/ld+json\" class=\"yoast-schema-graph\">{\"@context\":\"https:\\\/\\\/schema.org\",\"@graph\":[{\"@type\":\"WebPage\",\"@id\":\"https:\\\/\\\/www.argonandco.com\\\/de\\\/leistungen\\\/supply-chain-planung\\\/produktionsplanung-und-terminierung\\\/\",\"url\":\"https:\\\/\\\/www.argonandco.com\\\/de\\\/leistungen\\\/supply-chain-planung\\\/produktionsplanung-und-terminierung\\\/\",\"name\":\"Produktionsplanung und Terminierung - Argon &amp; Co\",\"isPartOf\":{\"@id\":\"https:\\\/\\\/www.argonandco.com\\\/de\\\/#website\"},\"datePublished\":\"2026-04-07T16:05:22+00:00\",\"breadcrumb\":{\"@id\":\"https:\\\/\\\/www.argonandco.com\\\/de\\\/leistungen\\\/supply-chain-planung\\\/produktionsplanung-und-terminierung\\\/#breadcrumb\"},\"inLanguage\":\"de\",\"potentialAction\":[{\"@type\":\"ReadAction\",\"target\":[\"https:\\\/\\\/www.argonandco.com\\\/de\\\/leistungen\\\/supply-chain-planung\\\/produktionsplanung-und-terminierung\\\/\"]}]},{\"@type\":\"BreadcrumbList\",\"@id\":\"https:\\\/\\\/www.argonandco.com\\\/de\\\/leistungen\\\/supply-chain-planung\\\/produktionsplanung-und-terminierung\\\/#breadcrumb\",\"itemListElement\":[{\"@type\":\"ListItem\",\"position\":1,\"name\":\"Home\",\"item\":\"https:\\\/\\\/www.argonandco.com\\\/de\\\/\"},{\"@type\":\"ListItem\",\"position\":2,\"name\":\"Leistungen\",\"item\":\"https:\\\/\\\/www.argonandco.com\\\/de\\\/leistungen\\\/\"},{\"@type\":\"ListItem\",\"position\":3,\"name\":\"Supply chain Planung\",\"item\":\"https:\\\/\\\/www.argonandco.com\\\/de\\\/leistungen\\\/supply-chain-planung\\\/\"},{\"@type\":\"ListItem\",\"position\":4,\"name\":\"Produktionsplanung und Terminierung\"}]},{\"@type\":\"WebSite\",\"@id\":\"https:\\\/\\\/www.argonandco.com\\\/de\\\/#website\",\"url\":\"https:\\\/\\\/www.argonandco.com\\\/de\\\/\",\"name\":\"Argon &amp; Co\",\"description\":\"We help clients achieve their strategic and operational objectives, working together to transform their businesses and generate real change.\",\"potentialAction\":[{\"@type\":\"SearchAction\",\"target\":{\"@type\":\"EntryPoint\",\"urlTemplate\":\"https:\\\/\\\/www.argonandco.com\\\/de\\\/?s={search_term_string}\"},\"query-input\":{\"@type\":\"PropertyValueSpecification\",\"valueRequired\":true,\"valueName\":\"search_term_string\"}}],\"inLanguage\":\"de\"}]}<\/script>\n<!-- \/ Yoast SEO plugin. -->","yoast_head_json":{"title":"Produktionsplanung und Terminierung - Argon &amp; Co","robots":{"index":"index","follow":"follow","max-snippet":"max-snippet:-1","max-image-preview":"max-image-preview:large","max-video-preview":"max-video-preview:-1"},"canonical":"https:\/\/www.argonandco.com\/de\/leistungen\/supply-chain-planung\/produktionsplanung-und-terminierung\/","og_locale":"de_DE","og_type":"article","og_title":"Produktionsplanung und Terminierung - Argon &amp; Co","og_description":"Einf\u00fchrung und Herausforderungen Wir definieren und messen \u201eindustrielle Agilit\u00e4t\u201c auf drei Arten. Erstens die Anpassungsf\u00e4higkeit an Bed\u00fcrfnisse oder die F\u00e4higkeit des Unternehmens, durch schnelle Fertigung (Verk\u00fcrzung der Markteinf\u00fchrungszeit) auf Produkt-\/Dienstleistungs\u00e4nderungen in seinem Markt zu reagieren. Zweitens die Volumenreaktivit\u00e4t oder die Zeit, die ben\u00f6tigt wird, um auf einen allgemeinen R\u00fcckgang oder Anstieg der Nachfrage nach einer [&hellip;]","og_url":"https:\/\/www.argonandco.com\/de\/leistungen\/supply-chain-planung\/produktionsplanung-und-terminierung\/","og_site_name":"Argon &amp; Co","twitter_card":"summary_large_image","twitter_misc":{"Gesch\u00e4tzte Lesezeit":"2 Minuten"},"schema":{"@context":"https:\/\/schema.org","@graph":[{"@type":"WebPage","@id":"https:\/\/www.argonandco.com\/de\/leistungen\/supply-chain-planung\/produktionsplanung-und-terminierung\/","url":"https:\/\/www.argonandco.com\/de\/leistungen\/supply-chain-planung\/produktionsplanung-und-terminierung\/","name":"Produktionsplanung und Terminierung - Argon &amp; Co","isPartOf":{"@id":"https:\/\/www.argonandco.com\/de\/#website"},"datePublished":"2026-04-07T16:05:22+00:00","breadcrumb":{"@id":"https:\/\/www.argonandco.com\/de\/leistungen\/supply-chain-planung\/produktionsplanung-und-terminierung\/#breadcrumb"},"inLanguage":"de","potentialAction":[{"@type":"ReadAction","target":["https:\/\/www.argonandco.com\/de\/leistungen\/supply-chain-planung\/produktionsplanung-und-terminierung\/"]}]},{"@type":"BreadcrumbList","@id":"https:\/\/www.argonandco.com\/de\/leistungen\/supply-chain-planung\/produktionsplanung-und-terminierung\/#breadcrumb","itemListElement":[{"@type":"ListItem","position":1,"name":"Home","item":"https:\/\/www.argonandco.com\/de\/"},{"@type":"ListItem","position":2,"name":"Leistungen","item":"https:\/\/www.argonandco.com\/de\/leistungen\/"},{"@type":"ListItem","position":3,"name":"Supply chain Planung","item":"https:\/\/www.argonandco.com\/de\/leistungen\/supply-chain-planung\/"},{"@type":"ListItem","position":4,"name":"Produktionsplanung und Terminierung"}]},{"@type":"WebSite","@id":"https:\/\/www.argonandco.com\/de\/#website","url":"https:\/\/www.argonandco.com\/de\/","name":"Argon &amp; Co","description":"We help clients achieve their strategic and operational objectives, working together to transform their businesses and generate real change.","potentialAction":[{"@type":"SearchAction","target":{"@type":"EntryPoint","urlTemplate":"https:\/\/www.argonandco.com\/de\/?s={search_term_string}"},"query-input":{"@type":"PropertyValueSpecification","valueRequired":true,"valueName":"search_term_string"}}],"inLanguage":"de"}]}},"_links":{"self":[{"href":"https:\/\/www.argonandco.com\/de\/wp-json\/wp\/v2\/pages\/38719","targetHints":{"allow":["GET"]}}],"collection":[{"href":"https:\/\/www.argonandco.com\/de\/wp-json\/wp\/v2\/pages"}],"about":[{"href":"https:\/\/www.argonandco.com\/de\/wp-json\/wp\/v2\/types\/page"}],"author":[{"embeddable":true,"href":"https:\/\/www.argonandco.com\/de\/wp-json\/wp\/v2\/users\/1"}],"replies":[{"embeddable":true,"href":"https:\/\/www.argonandco.com\/de\/wp-json\/wp\/v2\/comments?post=38719"}],"version-history":[{"count":0,"href":"https:\/\/www.argonandco.com\/de\/wp-json\/wp\/v2\/pages\/38719\/revisions"}],"up":[{"embeddable":true,"href":"https:\/\/www.argonandco.com\/de\/wp-json\/wp\/v2\/pages\/37624"}],"wp:attachment":[{"href":"https:\/\/www.argonandco.com\/de\/wp-json\/wp\/v2\/media?parent=38719"}],"curies":[{"name":"wp","href":"https:\/\/api.w.org\/{rel}","templated":true}]}}