{"id":38715,"date":"2026-04-07T17:05:18","date_gmt":"2026-04-07T16:05:18","guid":{"rendered":"https:\/\/www.argonandco.com\/?page_id=38715"},"modified":"2026-04-07T17:05:18","modified_gmt":"2026-04-07T16:05:18","slug":"bestands-und-lieferkettenmanagement","status":"publish","type":"page","link":"https:\/\/www.argonandco.com\/de\/leistungen\/supply-chain-planung\/bestands-und-lieferkettenmanagement\/","title":{"rendered":"Bestands- und Lieferkettenmanagement"},"content":{"rendered":"<h2><b>Einf\u00fchrung und Herausforderungen<\/b><\/h2>\n<p>Die Reduzierung von Lagerbest\u00e4nden und physischen unfertigen Erzeugnissen bleibt f\u00fcr Unternehmen eine gro\u00dfe wirtschaftliche Herausforderung, um ihren Cashflow zu maximieren. Neben den Auswirkungen auf den Betriebskapitalbedarf und den Cashflow f\u00fchrt die Reduzierung der Lagerbest\u00e4nde auch zu einer Senkung verschiedener Kosten: Transport, Lagerhaltung (Lagerung, Sicherheit, Inventarisierung) und sogar Abschreibungen oder die Vernichtung veralteter Lagerbest\u00e4nde (\u00fcberschrittene Produktkonfiguration, unzureichende Restlebensdauer usw.). Unternehmen stehen jedoch vor mehreren Herausforderungen, um eine nachhaltige Reduzierung der Lagerbest\u00e4nde zu erreichen, darunter steigende Anforderungen an den Kundenservice, unzuverl\u00e4ssige Prognosen und Schwierigkeiten bei der Sicherung der Lieferungen.<\/p>\n<p>Um eine nachhaltige Reduzierung der Lagerbest\u00e4nde zu erreichen, m\u00fcssen Unternehmen erhebliche Ver\u00e4nderungen in Bezug auf Prozesse, Governance, Leistungsmanagement und Kultur vornehmen.<\/p>\n<h2><b>Wie wir helfen k\u00f6nnen<\/b><\/h2>\n<p>Mit unserer Expertise in den Bereichen Bestandsreduzierung und Gesch\u00e4ftstransformation unterst\u00fctzen wir unsere Kunden dabei, nachhaltige Ergebnisse zu erzielen:<\/p>\n<ul>\n<li>Diagnose zur schnellen Identifizierung der Faktoren, die zum aktuellen Modell f\u00fchren (Gesch\u00e4ftsprozesse und -praktiken, Leistungsmanagement, IT-Systeme, Organisation und Kompetenzen usw.)<\/li>\n<li>Zielbestand \u00fcber unseren \u201enormativen\u201d Ansatz, der es uns erm\u00f6glicht, die verschiedenen Komponenten des Zielbestands zu modellieren (Sicherheitsbestand, Kampagnenbestand, Vorratsbestand, Bestand in Arbeit)<\/li>\n<li>Nutzung von Bestandsdimensionierungsmodellen, die Teams dabei helfen, die Bestandsniveaus zu dimensionieren und an die richtigen Ziele f\u00fcr ihr Unternehmen anzupassen<\/li>\n<li>Definition von Zielgesch\u00e4ftsprozessen: \u00dcberpr\u00fcfung der Prozesse, die sich auf die Bestandsniveaus auswirken (Bestandsmanagement, Prognosen), sowie der damit verbundenen Managementregeln wie z. B. die Dimensionierung des Sicherheitsbestands<\/li>\n<li>Implementierung von Bestandsmanagementsystemen mit transparenter Governance und Leistungs\u00fcberpr\u00fcfungen auf Basis von Analysen und Dashboards zur Bestands\u00fcberwachung und -planung.<\/li>\n<\/ul>\n","protected":false},"excerpt":{"rendered":"<p>Einf\u00fchrung und Herausforderungen Die Reduzierung von Lagerbest\u00e4nden und physischen unfertigen Erzeugnissen bleibt f\u00fcr Unternehmen eine gro\u00dfe wirtschaftliche Herausforderung, um ihren Cashflow zu maximieren. Neben den Auswirkungen auf den Betriebskapitalbedarf und den Cashflow f\u00fchrt die Reduzierung der Lagerbest\u00e4nde auch zu einer Senkung verschiedener Kosten: Transport, Lagerhaltung (Lagerung, Sicherheit, Inventarisierung) und sogar Abschreibungen oder die Vernichtung veralteter [&hellip;]<\/p>\n","protected":false},"author":1,"featured_media":0,"parent":37624,"menu_order":4,"comment_status":"closed","ping_status":"closed","template":"","meta":{"_acf_changed":false,"footnotes":""},"class_list":["post-38715","page","type-page","status-publish","hentry"],"acf":[],"yoast_head":"<!-- This site is optimized with the Yoast SEO plugin v27.5 - https:\/\/yoast.com\/product\/yoast-seo-wordpress\/ -->\n<title>Bestands- und Lieferkettenmanagement | Argon &amp; Co<\/title>\n<meta name=\"description\" content=\"Argon &amp; Co delivers Inventory and Supply Chain Management strategies to reduce costs, improve service levels, and optimise stock across complex supply networks.\" \/>\n<meta name=\"robots\" content=\"index, follow, max-snippet:-1, max-image-preview:large, max-video-preview:-1\" \/>\n<link rel=\"canonical\" href=\"https:\/\/www.argonandco.com\/de\/leistungen\/supply-chain-planung\/bestands-und-lieferkettenmanagement\/\" \/>\n<meta property=\"og:locale\" content=\"de_DE\" \/>\n<meta property=\"og:type\" content=\"article\" \/>\n<meta property=\"og:title\" content=\"Bestands- und Lieferkettenmanagement | Argon &amp; Co\" \/>\n<meta property=\"og:description\" content=\"Argon &amp; Co delivers Inventory and Supply Chain Management strategies to reduce costs, improve service levels, and optimise stock across complex supply networks.\" \/>\n<meta property=\"og:url\" content=\"https:\/\/www.argonandco.com\/de\/leistungen\/supply-chain-planung\/bestands-und-lieferkettenmanagement\/\" \/>\n<meta property=\"og:site_name\" content=\"Argon &amp; Co\" \/>\n<meta name=\"twitter:card\" content=\"summary_large_image\" \/>\n<meta name=\"twitter:label1\" content=\"Gesch\u00e4tzte Lesezeit\" \/>\n\t<meta name=\"twitter:data1\" content=\"2 Minuten\" \/>\n<script type=\"application\/ld+json\" class=\"yoast-schema-graph\">{\"@context\":\"https:\\\/\\\/schema.org\",\"@graph\":[{\"@type\":\"WebPage\",\"@id\":\"https:\\\/\\\/www.argonandco.com\\\/de\\\/leistungen\\\/supply-chain-planung\\\/bestands-und-lieferkettenmanagement\\\/\",\"url\":\"https:\\\/\\\/www.argonandco.com\\\/de\\\/leistungen\\\/supply-chain-planung\\\/bestands-und-lieferkettenmanagement\\\/\",\"name\":\"Bestands- und Lieferkettenmanagement | Argon &amp; Co\",\"isPartOf\":{\"@id\":\"https:\\\/\\\/www.argonandco.com\\\/de\\\/#website\"},\"datePublished\":\"2026-04-07T16:05:18+00:00\",\"description\":\"Argon & Co delivers Inventory and Supply Chain Management strategies to reduce costs, improve service levels, and optimise stock across complex supply networks.\",\"breadcrumb\":{\"@id\":\"https:\\\/\\\/www.argonandco.com\\\/de\\\/leistungen\\\/supply-chain-planung\\\/bestands-und-lieferkettenmanagement\\\/#breadcrumb\"},\"inLanguage\":\"de\",\"potentialAction\":[{\"@type\":\"ReadAction\",\"target\":[\"https:\\\/\\\/www.argonandco.com\\\/de\\\/leistungen\\\/supply-chain-planung\\\/bestands-und-lieferkettenmanagement\\\/\"]}]},{\"@type\":\"BreadcrumbList\",\"@id\":\"https:\\\/\\\/www.argonandco.com\\\/de\\\/leistungen\\\/supply-chain-planung\\\/bestands-und-lieferkettenmanagement\\\/#breadcrumb\",\"itemListElement\":[{\"@type\":\"ListItem\",\"position\":1,\"name\":\"Home\",\"item\":\"https:\\\/\\\/www.argonandco.com\\\/de\\\/\"},{\"@type\":\"ListItem\",\"position\":2,\"name\":\"Leistungen\",\"item\":\"https:\\\/\\\/www.argonandco.com\\\/de\\\/leistungen\\\/\"},{\"@type\":\"ListItem\",\"position\":3,\"name\":\"Supply chain Planung\",\"item\":\"https:\\\/\\\/www.argonandco.com\\\/de\\\/leistungen\\\/supply-chain-planung\\\/\"},{\"@type\":\"ListItem\",\"position\":4,\"name\":\"Bestands- und Lieferkettenmanagement\"}]},{\"@type\":\"WebSite\",\"@id\":\"https:\\\/\\\/www.argonandco.com\\\/de\\\/#website\",\"url\":\"https:\\\/\\\/www.argonandco.com\\\/de\\\/\",\"name\":\"Argon &amp; Co\",\"description\":\"We help clients achieve their strategic and operational objectives, working together to transform their businesses and generate real change.\",\"potentialAction\":[{\"@type\":\"SearchAction\",\"target\":{\"@type\":\"EntryPoint\",\"urlTemplate\":\"https:\\\/\\\/www.argonandco.com\\\/de\\\/?s={search_term_string}\"},\"query-input\":{\"@type\":\"PropertyValueSpecification\",\"valueRequired\":true,\"valueName\":\"search_term_string\"}}],\"inLanguage\":\"de\"}]}<\/script>\n<!-- \/ Yoast SEO plugin. -->","yoast_head_json":{"title":"Bestands- und Lieferkettenmanagement | Argon &amp; Co","description":"Argon & Co delivers Inventory and Supply Chain Management strategies to reduce costs, improve service levels, and optimise stock across complex supply networks.","robots":{"index":"index","follow":"follow","max-snippet":"max-snippet:-1","max-image-preview":"max-image-preview:large","max-video-preview":"max-video-preview:-1"},"canonical":"https:\/\/www.argonandco.com\/de\/leistungen\/supply-chain-planung\/bestands-und-lieferkettenmanagement\/","og_locale":"de_DE","og_type":"article","og_title":"Bestands- und Lieferkettenmanagement | Argon &amp; Co","og_description":"Argon & Co delivers Inventory and Supply Chain Management strategies to reduce costs, improve service levels, and optimise stock across complex supply networks.","og_url":"https:\/\/www.argonandco.com\/de\/leistungen\/supply-chain-planung\/bestands-und-lieferkettenmanagement\/","og_site_name":"Argon &amp; Co","twitter_card":"summary_large_image","twitter_misc":{"Gesch\u00e4tzte Lesezeit":"2 Minuten"},"schema":{"@context":"https:\/\/schema.org","@graph":[{"@type":"WebPage","@id":"https:\/\/www.argonandco.com\/de\/leistungen\/supply-chain-planung\/bestands-und-lieferkettenmanagement\/","url":"https:\/\/www.argonandco.com\/de\/leistungen\/supply-chain-planung\/bestands-und-lieferkettenmanagement\/","name":"Bestands- und Lieferkettenmanagement | Argon &amp; Co","isPartOf":{"@id":"https:\/\/www.argonandco.com\/de\/#website"},"datePublished":"2026-04-07T16:05:18+00:00","description":"Argon & Co delivers Inventory and Supply Chain Management strategies to reduce costs, improve service levels, and optimise stock across complex supply networks.","breadcrumb":{"@id":"https:\/\/www.argonandco.com\/de\/leistungen\/supply-chain-planung\/bestands-und-lieferkettenmanagement\/#breadcrumb"},"inLanguage":"de","potentialAction":[{"@type":"ReadAction","target":["https:\/\/www.argonandco.com\/de\/leistungen\/supply-chain-planung\/bestands-und-lieferkettenmanagement\/"]}]},{"@type":"BreadcrumbList","@id":"https:\/\/www.argonandco.com\/de\/leistungen\/supply-chain-planung\/bestands-und-lieferkettenmanagement\/#breadcrumb","itemListElement":[{"@type":"ListItem","position":1,"name":"Home","item":"https:\/\/www.argonandco.com\/de\/"},{"@type":"ListItem","position":2,"name":"Leistungen","item":"https:\/\/www.argonandco.com\/de\/leistungen\/"},{"@type":"ListItem","position":3,"name":"Supply chain Planung","item":"https:\/\/www.argonandco.com\/de\/leistungen\/supply-chain-planung\/"},{"@type":"ListItem","position":4,"name":"Bestands- und Lieferkettenmanagement"}]},{"@type":"WebSite","@id":"https:\/\/www.argonandco.com\/de\/#website","url":"https:\/\/www.argonandco.com\/de\/","name":"Argon &amp; Co","description":"We help clients achieve their strategic and operational objectives, working together to transform their businesses and generate real change.","potentialAction":[{"@type":"SearchAction","target":{"@type":"EntryPoint","urlTemplate":"https:\/\/www.argonandco.com\/de\/?s={search_term_string}"},"query-input":{"@type":"PropertyValueSpecification","valueRequired":true,"valueName":"search_term_string"}}],"inLanguage":"de"}]}},"_links":{"self":[{"href":"https:\/\/www.argonandco.com\/de\/wp-json\/wp\/v2\/pages\/38715","targetHints":{"allow":["GET"]}}],"collection":[{"href":"https:\/\/www.argonandco.com\/de\/wp-json\/wp\/v2\/pages"}],"about":[{"href":"https:\/\/www.argonandco.com\/de\/wp-json\/wp\/v2\/types\/page"}],"author":[{"embeddable":true,"href":"https:\/\/www.argonandco.com\/de\/wp-json\/wp\/v2\/users\/1"}],"replies":[{"embeddable":true,"href":"https:\/\/www.argonandco.com\/de\/wp-json\/wp\/v2\/comments?post=38715"}],"version-history":[{"count":0,"href":"https:\/\/www.argonandco.com\/de\/wp-json\/wp\/v2\/pages\/38715\/revisions"}],"up":[{"embeddable":true,"href":"https:\/\/www.argonandco.com\/de\/wp-json\/wp\/v2\/pages\/37624"}],"wp:attachment":[{"href":"https:\/\/www.argonandco.com\/de\/wp-json\/wp\/v2\/media?parent=38715"}],"curies":[{"name":"wp","href":"https:\/\/api.w.org\/{rel}","templated":true}]}}