{"id":38651,"date":"2026-04-07T17:05:28","date_gmt":"2026-04-07T16:05:28","guid":{"rendered":"https:\/\/www.argonandco.com\/?page_id=38651"},"modified":"2026-04-07T17:05:28","modified_gmt":"2026-04-07T16:05:28","slug":"produkteinfuehrung","status":"publish","type":"page","link":"https:\/\/www.argonandco.com\/de\/leistungen\/supply-chain-planung\/produkteinfuehrung\/","title":{"rendered":"Produkteinf\u00fchrung"},"content":{"rendered":"<h2><b>Einf\u00fchrung und Herausforderungen<\/b><\/h2>\n<p><span style=\"font-weight: 400;\">In einer &#8222;\u00fcber&#8220; vernetzten Welt werden Trends global, und \u201eInfluencer\u201c f\u00f6rdern impulsive One-Click-K\u00e4ufe in sozialen Medien. Die F\u00e4higkeit, neue Produkte schnell auf den Markt zu bringen, wird zu einem wichtigen Leistungshebel f\u00fcr Konsumg\u00fcterhersteller.<\/span><\/p>\n<p>Vor diesem Hintergrund optimieren Unternehmen ihre Prozesse, um die Einf\u00fchrung neuer Produkte zu beschleunigen und die Erwartungen des Marktes zu antizipieren, um immer volatilere Kunden anzusprechen.<br \/>\nDa es sich bei diesen Prozessen naturgem\u00e4\u00df um multifunktionale Prozesse handelt, erfordern sie eine ausgepr\u00e4gte F\u00e4higkeit zur Koordinierung von Ma\u00dfnahmen und zum Management ihrer Umsetzung und Risiken.<\/p>\n<p><span style=\"font-weight: 400;\">Neben der F\u00f6rderung interner Beitr\u00e4ge besteht die Herausforderung auch darin, sich auf ein Netzwerk von Partnerlieferanten zu st\u00fctzen, die Innovation als Priorit\u00e4t betrachten, und sich wieder auf die Bereiche zu konzentrieren, in denen das Unternehmen den gr\u00f6\u00dften Mehrwert schaffen kann.<\/span><\/p>\n<p>Fristen sind zwar wichtig, aber die Optimierung der Entwicklungsprozesse muss auch die Kontrolle der Produktkostenpreise ab Entwurfsphase erm\u00f6glichen, um eine rentable Vermarktung w\u00e4hrend des gesamten Produktlebenszyklus zu gew\u00e4hrleisten.<\/p>\n<h2><b>Wie wir helfen k\u00f6nnen\u00a0<\/b><\/h2>\n<p><span style=\"font-weight: 400;\">Wir unters\u00fctzen unsere Kunden bei:\u00a0<\/span><\/p>\n<ul>\n<li>Neudefinition des Prozesses f\u00fcr die Produkteinf\u00fchrung: Verfahren zur wirtschaftlichen Analyse, wichtige Meilensteine, Rolle des Projektleiters f\u00fcr die Markteinf\u00fchrung usw.<\/li>\n<li>Verk\u00fcrzung der Markteinf\u00fchrungszeit durch Vereinfachung der Zeitpl\u00e4ne<\/li>\n<li>Organisation von Entwicklungsteams und Verbesserung der Verbindungen zu internen Kunden<\/li>\n<li>Optimierung der Entwicklungsressourcen und internen Kosten<\/li>\n<li>Implementierung von Produktentwicklungswerkzeugen \u2013 PLM (Product Lifecycle Management) zur Beschleunigung und Sicherung von Entwicklungsprozessen<\/li>\n<li>Entwicklung von Co-Innovationen mit Lieferanten<\/li>\n<li>Optimierung des Prognoseprozesses f\u00fcr die Zusammenarbeit bei neuen Produkten, Bewertungen \u00e4hnlicher Ereignisse<\/li>\n<li>Vereinfachung des Produktportfolios und Reduzierung der Komplexit\u00e4t (Komponenten, St\u00fcckliste usw.)<\/li>\n<li>Bestandsoptimierung: Bestandsgr\u00f6\u00dfe und Sicherheitszeit f\u00fcr neue Produkte und Werbeaktionen, Identifizierung von Veralterung bei betroffenen Katalogprodukten<\/li>\n<\/ul>\n<div id=\"gtx-trans\" style=\"position: absolute; left: 359px; top: 561.375px;\">\n<div class=\"gtx-trans-icon\"><\/div>\n<\/div>\n","protected":false},"excerpt":{"rendered":"<p>Einf\u00fchrung und Herausforderungen In einer &#8222;\u00fcber&#8220; vernetzten Welt werden Trends global, und \u201eInfluencer\u201c f\u00f6rdern impulsive One-Click-K\u00e4ufe in sozialen Medien. Die F\u00e4higkeit, neue Produkte schnell auf den Markt zu bringen, wird zu einem wichtigen Leistungshebel f\u00fcr Konsumg\u00fcterhersteller. Vor diesem Hintergrund optimieren Unternehmen ihre Prozesse, um die Einf\u00fchrung neuer Produkte zu beschleunigen und die Erwartungen des Marktes [&hellip;]<\/p>\n","protected":false},"author":1,"featured_media":0,"parent":37624,"menu_order":7,"comment_status":"closed","ping_status":"closed","template":"","meta":{"_acf_changed":false,"footnotes":""},"class_list":["post-38651","page","type-page","status-publish","hentry"],"acf":[],"yoast_head":"<!-- This site is optimized with the Yoast SEO plugin v27.5 - https:\/\/yoast.com\/product\/yoast-seo-wordpress\/ -->\n<title>Produkteinf\u00fchrung - Argon &amp; Co<\/title>\n<meta name=\"robots\" content=\"index, follow, max-snippet:-1, max-image-preview:large, max-video-preview:-1\" \/>\n<link rel=\"canonical\" href=\"https:\/\/www.argonandco.com\/de\/leistungen\/supply-chain-planung\/produkteinfuehrung\/\" \/>\n<meta property=\"og:locale\" content=\"de_DE\" \/>\n<meta property=\"og:type\" content=\"article\" \/>\n<meta property=\"og:title\" content=\"Produkteinf\u00fchrung - Argon &amp; Co\" \/>\n<meta property=\"og:description\" content=\"Einf\u00fchrung und Herausforderungen In einer &#8222;\u00fcber&#8220; vernetzten Welt werden Trends global, und \u201eInfluencer\u201c f\u00f6rdern impulsive One-Click-K\u00e4ufe in sozialen Medien. Die F\u00e4higkeit, neue Produkte schnell auf den Markt zu bringen, wird zu einem wichtigen Leistungshebel f\u00fcr Konsumg\u00fcterhersteller. Vor diesem Hintergrund optimieren Unternehmen ihre Prozesse, um die Einf\u00fchrung neuer Produkte zu beschleunigen und die Erwartungen des Marktes [&hellip;]\" \/>\n<meta property=\"og:url\" content=\"https:\/\/www.argonandco.com\/de\/leistungen\/supply-chain-planung\/produkteinfuehrung\/\" \/>\n<meta property=\"og:site_name\" content=\"Argon &amp; Co\" \/>\n<meta name=\"twitter:card\" content=\"summary_large_image\" \/>\n<meta name=\"twitter:label1\" content=\"Gesch\u00e4tzte Lesezeit\" \/>\n\t<meta name=\"twitter:data1\" content=\"1 Minute\" \/>\n<script type=\"application\/ld+json\" class=\"yoast-schema-graph\">{\"@context\":\"https:\\\/\\\/schema.org\",\"@graph\":[{\"@type\":\"WebPage\",\"@id\":\"https:\\\/\\\/www.argonandco.com\\\/de\\\/leistungen\\\/supply-chain-planung\\\/produkteinfuehrung\\\/\",\"url\":\"https:\\\/\\\/www.argonandco.com\\\/de\\\/leistungen\\\/supply-chain-planung\\\/produkteinfuehrung\\\/\",\"name\":\"Produkteinf\u00fchrung - Argon &amp; Co\",\"isPartOf\":{\"@id\":\"https:\\\/\\\/www.argonandco.com\\\/de\\\/#website\"},\"datePublished\":\"2026-04-07T16:05:28+00:00\",\"breadcrumb\":{\"@id\":\"https:\\\/\\\/www.argonandco.com\\\/de\\\/leistungen\\\/supply-chain-planung\\\/produkteinfuehrung\\\/#breadcrumb\"},\"inLanguage\":\"de\",\"potentialAction\":[{\"@type\":\"ReadAction\",\"target\":[\"https:\\\/\\\/www.argonandco.com\\\/de\\\/leistungen\\\/supply-chain-planung\\\/produkteinfuehrung\\\/\"]}]},{\"@type\":\"BreadcrumbList\",\"@id\":\"https:\\\/\\\/www.argonandco.com\\\/de\\\/leistungen\\\/supply-chain-planung\\\/produkteinfuehrung\\\/#breadcrumb\",\"itemListElement\":[{\"@type\":\"ListItem\",\"position\":1,\"name\":\"Home\",\"item\":\"https:\\\/\\\/www.argonandco.com\\\/de\\\/\"},{\"@type\":\"ListItem\",\"position\":2,\"name\":\"Leistungen\",\"item\":\"https:\\\/\\\/www.argonandco.com\\\/de\\\/leistungen\\\/\"},{\"@type\":\"ListItem\",\"position\":3,\"name\":\"Supply chain Planung\",\"item\":\"https:\\\/\\\/www.argonandco.com\\\/de\\\/leistungen\\\/supply-chain-planung\\\/\"},{\"@type\":\"ListItem\",\"position\":4,\"name\":\"Produkteinf\u00fchrung\"}]},{\"@type\":\"WebSite\",\"@id\":\"https:\\\/\\\/www.argonandco.com\\\/de\\\/#website\",\"url\":\"https:\\\/\\\/www.argonandco.com\\\/de\\\/\",\"name\":\"Argon &amp; Co\",\"description\":\"We help clients achieve their strategic and operational objectives, working together to transform their businesses and generate real change.\",\"potentialAction\":[{\"@type\":\"SearchAction\",\"target\":{\"@type\":\"EntryPoint\",\"urlTemplate\":\"https:\\\/\\\/www.argonandco.com\\\/de\\\/?s={search_term_string}\"},\"query-input\":{\"@type\":\"PropertyValueSpecification\",\"valueRequired\":true,\"valueName\":\"search_term_string\"}}],\"inLanguage\":\"de\"}]}<\/script>\n<!-- \/ Yoast SEO plugin. -->","yoast_head_json":{"title":"Produkteinf\u00fchrung - Argon &amp; Co","robots":{"index":"index","follow":"follow","max-snippet":"max-snippet:-1","max-image-preview":"max-image-preview:large","max-video-preview":"max-video-preview:-1"},"canonical":"https:\/\/www.argonandco.com\/de\/leistungen\/supply-chain-planung\/produkteinfuehrung\/","og_locale":"de_DE","og_type":"article","og_title":"Produkteinf\u00fchrung - Argon &amp; Co","og_description":"Einf\u00fchrung und Herausforderungen In einer &#8222;\u00fcber&#8220; vernetzten Welt werden Trends global, und \u201eInfluencer\u201c f\u00f6rdern impulsive One-Click-K\u00e4ufe in sozialen Medien. Die F\u00e4higkeit, neue Produkte schnell auf den Markt zu bringen, wird zu einem wichtigen Leistungshebel f\u00fcr Konsumg\u00fcterhersteller. Vor diesem Hintergrund optimieren Unternehmen ihre Prozesse, um die Einf\u00fchrung neuer Produkte zu beschleunigen und die Erwartungen des Marktes [&hellip;]","og_url":"https:\/\/www.argonandco.com\/de\/leistungen\/supply-chain-planung\/produkteinfuehrung\/","og_site_name":"Argon &amp; Co","twitter_card":"summary_large_image","twitter_misc":{"Gesch\u00e4tzte Lesezeit":"1 Minute"},"schema":{"@context":"https:\/\/schema.org","@graph":[{"@type":"WebPage","@id":"https:\/\/www.argonandco.com\/de\/leistungen\/supply-chain-planung\/produkteinfuehrung\/","url":"https:\/\/www.argonandco.com\/de\/leistungen\/supply-chain-planung\/produkteinfuehrung\/","name":"Produkteinf\u00fchrung - Argon &amp; Co","isPartOf":{"@id":"https:\/\/www.argonandco.com\/de\/#website"},"datePublished":"2026-04-07T16:05:28+00:00","breadcrumb":{"@id":"https:\/\/www.argonandco.com\/de\/leistungen\/supply-chain-planung\/produkteinfuehrung\/#breadcrumb"},"inLanguage":"de","potentialAction":[{"@type":"ReadAction","target":["https:\/\/www.argonandco.com\/de\/leistungen\/supply-chain-planung\/produkteinfuehrung\/"]}]},{"@type":"BreadcrumbList","@id":"https:\/\/www.argonandco.com\/de\/leistungen\/supply-chain-planung\/produkteinfuehrung\/#breadcrumb","itemListElement":[{"@type":"ListItem","position":1,"name":"Home","item":"https:\/\/www.argonandco.com\/de\/"},{"@type":"ListItem","position":2,"name":"Leistungen","item":"https:\/\/www.argonandco.com\/de\/leistungen\/"},{"@type":"ListItem","position":3,"name":"Supply chain Planung","item":"https:\/\/www.argonandco.com\/de\/leistungen\/supply-chain-planung\/"},{"@type":"ListItem","position":4,"name":"Produkteinf\u00fchrung"}]},{"@type":"WebSite","@id":"https:\/\/www.argonandco.com\/de\/#website","url":"https:\/\/www.argonandco.com\/de\/","name":"Argon &amp; Co","description":"We help clients achieve their strategic and operational objectives, working together to transform their businesses and generate real change.","potentialAction":[{"@type":"SearchAction","target":{"@type":"EntryPoint","urlTemplate":"https:\/\/www.argonandco.com\/de\/?s={search_term_string}"},"query-input":{"@type":"PropertyValueSpecification","valueRequired":true,"valueName":"search_term_string"}}],"inLanguage":"de"}]}},"_links":{"self":[{"href":"https:\/\/www.argonandco.com\/de\/wp-json\/wp\/v2\/pages\/38651","targetHints":{"allow":["GET"]}}],"collection":[{"href":"https:\/\/www.argonandco.com\/de\/wp-json\/wp\/v2\/pages"}],"about":[{"href":"https:\/\/www.argonandco.com\/de\/wp-json\/wp\/v2\/types\/page"}],"author":[{"embeddable":true,"href":"https:\/\/www.argonandco.com\/de\/wp-json\/wp\/v2\/users\/1"}],"replies":[{"embeddable":true,"href":"https:\/\/www.argonandco.com\/de\/wp-json\/wp\/v2\/comments?post=38651"}],"version-history":[{"count":0,"href":"https:\/\/www.argonandco.com\/de\/wp-json\/wp\/v2\/pages\/38651\/revisions"}],"up":[{"embeddable":true,"href":"https:\/\/www.argonandco.com\/de\/wp-json\/wp\/v2\/pages\/37624"}],"wp:attachment":[{"href":"https:\/\/www.argonandco.com\/de\/wp-json\/wp\/v2\/media?parent=38651"}],"curies":[{"name":"wp","href":"https:\/\/api.w.org\/{rel}","templated":true}]}}