{"id":38605,"date":"2026-04-07T16:44:21","date_gmt":"2026-04-07T15:44:21","guid":{"rendered":"https:\/\/www.argonandco.com\/?page_id=38605"},"modified":"2026-04-07T16:44:21","modified_gmt":"2026-04-07T15:44:21","slug":"strategie-fuer-nachhaltige-beschaffung","status":"publish","type":"page","link":"https:\/\/www.argonandco.com\/de\/leistungen\/nachhaltigkeit\/strategie-fuer-nachhaltige-beschaffung\/","title":{"rendered":"Strategie f\u00fcr nachhaltige Beschaffung"},"content":{"rendered":"<h2><b>Einf\u00fchrung und Herausforderungen<\/b><\/h2>\n<p><span class=\"intro\">Einst waren nachhaltige Beschaffungsans\u00e4tze nur wenigen Pionieren im Einkauf oder im Marketing und Risikomanagement vorbehalten, heute sind sie jedoch unverzichtbar.<\/span><\/p>\n<p>Beschaffungsaktivit\u00e4ten bieten eine Vielzahl neuartiger Ans\u00e4tze und leistungsstarker Instrumente f\u00fcr Unternehmen, die ihre Umweltbilanz verbessern m\u00f6chten.<\/p>\n<p>Beschaffungsentscheidungen haben erhebliche Auswirkungen auf traditionelle Finanzkennzahlen und beeinflussen die Nutzung von Produktionsmitteln, die physischen Transportwege innerhalb der Lieferkette und die Lagerbest\u00e4nde.<\/p>\n<p>F\u00fcr jedes Unternehmen spiegeln die Art der gekauften Produkte, die Auswahl der Lieferanten und die Art der Zusammenarbeit mit den Partnern den tats\u00e4chlichen Willen wider, seine Nachhaltigkeitsverpflichtungen zu erf\u00fcllen, und machen den gr\u00f6\u00dften Teil seiner Emissionen aus (gem\u00e4\u00df Scope 3 des GHG-Protokolls).<\/p>\n<p>Lieferanten sind oft auch f\u00fcr externe Stakeholder gut sichtbar. Eine sorgf\u00e4ltige Auswahl und Verwaltung der Lieferanten ist eine der wichtigsten M\u00f6glichkeiten, um das Risiko f\u00fcr den Ruf des Unternehmens zu minimieren und gleichzeitig M\u00f6glichkeiten zur Effizienzsteigerung zwischen den Partnern in der Lieferkette aufzuzeigen.<\/p>\n<p>Jahr f\u00fcr Jahr r\u00fcckt die nachhaltige Beschaffung in den Fokus der Beschaffungsabteilungen. Sie ist heute ein entscheidender Leistungshebel bei der Entwicklung von Beschaffungsstrategien und eine Chance, neue Mehrwerte f\u00fcr das Unternehmen zu schaffen.<\/p>\n<h2><b>Wie wir helfen k\u00f6nnen<\/b><\/h2>\n<p>Argon &amp; Co unterst\u00fctzt seine Kunden in allen Aspekten der nachhaltigen Beschaffung:<\/p>\n<ul>\n<li>Entwicklung einer \u201eMake or Buy\u201c-Beschaffungsstrategie, die \u00f6kologische und soziale Auswirkungen sowie eine Bewertung der Gesamtlebenszykluskosten ber\u00fccksichtigt<\/li>\n<li>Entwicklung neuer Einkaufsstrategien, wie z. B. die Beschaffung von recycelten Materialien oder die \u00dcberdenken von eigentumsbasierten K\u00e4ufen<\/li>\n<li>Begrenzung von Abf\u00e4llen in der Lieferkette durch \u00dcberpr\u00fcfung der Mindestbestellmengen, der entsprechenden Preisskalen und der Vorlaufzeiten in Zusammenarbeit mit den Lieferanten<\/li>\n<li>Zusammenarbeit mit Lieferanten zur Bewertung, Messung und Entwicklung ihrer Umweltleistung, um diese an die eigenen Ma\u00dfnahmen und Anforderungen der Einkaufsorganisation anzupassen<\/li>\n<li>Unterst\u00fctzung beim Aufbau alternativer Beschaffungskan\u00e4le, um den Zugang zu bestimmten Rohstoffen zu sichern und die Wettbewerbsf\u00e4higkeit zu steigern<\/li>\n<li>Zusammenarbeit mit Lieferanten zur \u00dcberpr\u00fcfung des Produktdesigns unter dem Gesichtspunkt der Umweltvertr\u00e4glichkeit: Verbrauch von Rohstoffen und Energie, Verpackung, M\u00f6glichkeiten zur Verbesserung der Reparierbarkeit und Wiederverwendbarkeit, Recycling am Ende der Lebensdauer<\/li>\n<li>Bewertung der Reife der nachhaltigen Beschaffung anhand unserer sc<b>prime<\/b>\u00ae-Methodik und Definition eines Aktionsplans zur Verbesserung<\/li>\n<li>Anpassung von Prozessen, Organisation, Governance und Tools an Best Practices und ISO 20400-Normen f\u00fcr nachhaltige Beschaffung<\/li>\n<\/ul>\n","protected":false},"excerpt":{"rendered":"<p>Einf\u00fchrung und Herausforderungen Einst waren nachhaltige Beschaffungsans\u00e4tze nur wenigen Pionieren im Einkauf oder im Marketing und Risikomanagement vorbehalten, heute sind sie jedoch unverzichtbar. Beschaffungsaktivit\u00e4ten bieten eine Vielzahl neuartiger Ans\u00e4tze und leistungsstarker Instrumente f\u00fcr Unternehmen, die ihre Umweltbilanz verbessern m\u00f6chten. Beschaffungsentscheidungen haben erhebliche Auswirkungen auf traditionelle Finanzkennzahlen und beeinflussen die Nutzung von Produktionsmitteln, die physischen Transportwege [&hellip;]<\/p>\n","protected":false},"author":1,"featured_media":0,"parent":37258,"menu_order":7,"comment_status":"closed","ping_status":"closed","template":"","meta":{"_acf_changed":false,"footnotes":""},"class_list":["post-38605","page","type-page","status-publish","hentry"],"acf":[],"yoast_head":"<!-- This site is optimized with the Yoast SEO plugin v27.5 - https:\/\/yoast.com\/product\/yoast-seo-wordpress\/ -->\n<title>Strategie f\u00fcr nachhaltige Beschaffung - Argon &amp; Co<\/title>\n<meta name=\"robots\" content=\"index, follow, max-snippet:-1, max-image-preview:large, max-video-preview:-1\" \/>\n<link rel=\"canonical\" href=\"https:\/\/www.argonandco.com\/de\/leistungen\/nachhaltigkeit\/strategie-fuer-nachhaltige-beschaffung\/\" \/>\n<meta property=\"og:locale\" content=\"de_DE\" \/>\n<meta property=\"og:type\" content=\"article\" \/>\n<meta property=\"og:title\" content=\"Strategie f\u00fcr nachhaltige Beschaffung - Argon &amp; Co\" \/>\n<meta property=\"og:description\" content=\"Einf\u00fchrung und Herausforderungen Einst waren nachhaltige Beschaffungsans\u00e4tze nur wenigen Pionieren im Einkauf oder im Marketing und Risikomanagement vorbehalten, heute sind sie jedoch unverzichtbar. Beschaffungsaktivit\u00e4ten bieten eine Vielzahl neuartiger Ans\u00e4tze und leistungsstarker Instrumente f\u00fcr Unternehmen, die ihre Umweltbilanz verbessern m\u00f6chten. Beschaffungsentscheidungen haben erhebliche Auswirkungen auf traditionelle Finanzkennzahlen und beeinflussen die Nutzung von Produktionsmitteln, die physischen Transportwege [&hellip;]\" \/>\n<meta property=\"og:url\" content=\"https:\/\/www.argonandco.com\/de\/leistungen\/nachhaltigkeit\/strategie-fuer-nachhaltige-beschaffung\/\" \/>\n<meta property=\"og:site_name\" content=\"Argon &amp; Co\" \/>\n<meta name=\"twitter:card\" content=\"summary_large_image\" \/>\n<meta name=\"twitter:label1\" content=\"Gesch\u00e4tzte Lesezeit\" \/>\n\t<meta name=\"twitter:data1\" content=\"2 Minuten\" \/>\n<script type=\"application\/ld+json\" class=\"yoast-schema-graph\">{\"@context\":\"https:\\\/\\\/schema.org\",\"@graph\":[{\"@type\":\"WebPage\",\"@id\":\"https:\\\/\\\/www.argonandco.com\\\/de\\\/leistungen\\\/nachhaltigkeit\\\/strategie-fuer-nachhaltige-beschaffung\\\/\",\"url\":\"https:\\\/\\\/www.argonandco.com\\\/de\\\/leistungen\\\/nachhaltigkeit\\\/strategie-fuer-nachhaltige-beschaffung\\\/\",\"name\":\"Strategie f\u00fcr nachhaltige Beschaffung - Argon &amp; Co\",\"isPartOf\":{\"@id\":\"https:\\\/\\\/www.argonandco.com\\\/de\\\/#website\"},\"datePublished\":\"2026-04-07T15:44:21+00:00\",\"breadcrumb\":{\"@id\":\"https:\\\/\\\/www.argonandco.com\\\/de\\\/leistungen\\\/nachhaltigkeit\\\/strategie-fuer-nachhaltige-beschaffung\\\/#breadcrumb\"},\"inLanguage\":\"de\",\"potentialAction\":[{\"@type\":\"ReadAction\",\"target\":[\"https:\\\/\\\/www.argonandco.com\\\/de\\\/leistungen\\\/nachhaltigkeit\\\/strategie-fuer-nachhaltige-beschaffung\\\/\"]}]},{\"@type\":\"BreadcrumbList\",\"@id\":\"https:\\\/\\\/www.argonandco.com\\\/de\\\/leistungen\\\/nachhaltigkeit\\\/strategie-fuer-nachhaltige-beschaffung\\\/#breadcrumb\",\"itemListElement\":[{\"@type\":\"ListItem\",\"position\":1,\"name\":\"Home\",\"item\":\"https:\\\/\\\/www.argonandco.com\\\/de\\\/\"},{\"@type\":\"ListItem\",\"position\":2,\"name\":\"Leistungen\",\"item\":\"https:\\\/\\\/www.argonandco.com\\\/de\\\/leistungen\\\/\"},{\"@type\":\"ListItem\",\"position\":3,\"name\":\"Nachhaltigkeit\",\"item\":\"https:\\\/\\\/www.argonandco.com\\\/de\\\/leistungen\\\/nachhaltigkeit\\\/\"},{\"@type\":\"ListItem\",\"position\":4,\"name\":\"Strategie f\u00fcr nachhaltige Beschaffung\"}]},{\"@type\":\"WebSite\",\"@id\":\"https:\\\/\\\/www.argonandco.com\\\/de\\\/#website\",\"url\":\"https:\\\/\\\/www.argonandco.com\\\/de\\\/\",\"name\":\"Argon &amp; Co\",\"description\":\"We help clients achieve their strategic and operational objectives, working together to transform their businesses and generate real change.\",\"potentialAction\":[{\"@type\":\"SearchAction\",\"target\":{\"@type\":\"EntryPoint\",\"urlTemplate\":\"https:\\\/\\\/www.argonandco.com\\\/de\\\/?s={search_term_string}\"},\"query-input\":{\"@type\":\"PropertyValueSpecification\",\"valueRequired\":true,\"valueName\":\"search_term_string\"}}],\"inLanguage\":\"de\"}]}<\/script>\n<!-- \/ Yoast SEO plugin. -->","yoast_head_json":{"title":"Strategie f\u00fcr nachhaltige Beschaffung - Argon &amp; Co","robots":{"index":"index","follow":"follow","max-snippet":"max-snippet:-1","max-image-preview":"max-image-preview:large","max-video-preview":"max-video-preview:-1"},"canonical":"https:\/\/www.argonandco.com\/de\/leistungen\/nachhaltigkeit\/strategie-fuer-nachhaltige-beschaffung\/","og_locale":"de_DE","og_type":"article","og_title":"Strategie f\u00fcr nachhaltige Beschaffung - Argon &amp; Co","og_description":"Einf\u00fchrung und Herausforderungen Einst waren nachhaltige Beschaffungsans\u00e4tze nur wenigen Pionieren im Einkauf oder im Marketing und Risikomanagement vorbehalten, heute sind sie jedoch unverzichtbar. Beschaffungsaktivit\u00e4ten bieten eine Vielzahl neuartiger Ans\u00e4tze und leistungsstarker Instrumente f\u00fcr Unternehmen, die ihre Umweltbilanz verbessern m\u00f6chten. Beschaffungsentscheidungen haben erhebliche Auswirkungen auf traditionelle Finanzkennzahlen und beeinflussen die Nutzung von Produktionsmitteln, die physischen Transportwege [&hellip;]","og_url":"https:\/\/www.argonandco.com\/de\/leistungen\/nachhaltigkeit\/strategie-fuer-nachhaltige-beschaffung\/","og_site_name":"Argon &amp; Co","twitter_card":"summary_large_image","twitter_misc":{"Gesch\u00e4tzte Lesezeit":"2 Minuten"},"schema":{"@context":"https:\/\/schema.org","@graph":[{"@type":"WebPage","@id":"https:\/\/www.argonandco.com\/de\/leistungen\/nachhaltigkeit\/strategie-fuer-nachhaltige-beschaffung\/","url":"https:\/\/www.argonandco.com\/de\/leistungen\/nachhaltigkeit\/strategie-fuer-nachhaltige-beschaffung\/","name":"Strategie f\u00fcr nachhaltige Beschaffung - Argon &amp; Co","isPartOf":{"@id":"https:\/\/www.argonandco.com\/de\/#website"},"datePublished":"2026-04-07T15:44:21+00:00","breadcrumb":{"@id":"https:\/\/www.argonandco.com\/de\/leistungen\/nachhaltigkeit\/strategie-fuer-nachhaltige-beschaffung\/#breadcrumb"},"inLanguage":"de","potentialAction":[{"@type":"ReadAction","target":["https:\/\/www.argonandco.com\/de\/leistungen\/nachhaltigkeit\/strategie-fuer-nachhaltige-beschaffung\/"]}]},{"@type":"BreadcrumbList","@id":"https:\/\/www.argonandco.com\/de\/leistungen\/nachhaltigkeit\/strategie-fuer-nachhaltige-beschaffung\/#breadcrumb","itemListElement":[{"@type":"ListItem","position":1,"name":"Home","item":"https:\/\/www.argonandco.com\/de\/"},{"@type":"ListItem","position":2,"name":"Leistungen","item":"https:\/\/www.argonandco.com\/de\/leistungen\/"},{"@type":"ListItem","position":3,"name":"Nachhaltigkeit","item":"https:\/\/www.argonandco.com\/de\/leistungen\/nachhaltigkeit\/"},{"@type":"ListItem","position":4,"name":"Strategie f\u00fcr nachhaltige Beschaffung"}]},{"@type":"WebSite","@id":"https:\/\/www.argonandco.com\/de\/#website","url":"https:\/\/www.argonandco.com\/de\/","name":"Argon &amp; Co","description":"We help clients achieve their strategic and operational objectives, working together to transform their businesses and generate real change.","potentialAction":[{"@type":"SearchAction","target":{"@type":"EntryPoint","urlTemplate":"https:\/\/www.argonandco.com\/de\/?s={search_term_string}"},"query-input":{"@type":"PropertyValueSpecification","valueRequired":true,"valueName":"search_term_string"}}],"inLanguage":"de"}]}},"_links":{"self":[{"href":"https:\/\/www.argonandco.com\/de\/wp-json\/wp\/v2\/pages\/38605","targetHints":{"allow":["GET"]}}],"collection":[{"href":"https:\/\/www.argonandco.com\/de\/wp-json\/wp\/v2\/pages"}],"about":[{"href":"https:\/\/www.argonandco.com\/de\/wp-json\/wp\/v2\/types\/page"}],"author":[{"embeddable":true,"href":"https:\/\/www.argonandco.com\/de\/wp-json\/wp\/v2\/users\/1"}],"replies":[{"embeddable":true,"href":"https:\/\/www.argonandco.com\/de\/wp-json\/wp\/v2\/comments?post=38605"}],"version-history":[{"count":0,"href":"https:\/\/www.argonandco.com\/de\/wp-json\/wp\/v2\/pages\/38605\/revisions"}],"up":[{"embeddable":true,"href":"https:\/\/www.argonandco.com\/de\/wp-json\/wp\/v2\/pages\/37258"}],"wp:attachment":[{"href":"https:\/\/www.argonandco.com\/de\/wp-json\/wp\/v2\/media?parent=38605"}],"curies":[{"name":"wp","href":"https:\/\/api.w.org\/{rel}","templated":true}]}}