{"id":38601,"date":"2026-04-07T16:44:26","date_gmt":"2026-04-07T15:44:26","guid":{"rendered":"https:\/\/www.argonandco.com\/?page_id=38601"},"modified":"2026-04-07T16:44:26","modified_gmt":"2026-04-07T15:44:26","slug":"design-fuer-nachhaltigkeit","status":"publish","type":"page","link":"https:\/\/www.argonandco.com\/de\/leistungen\/nachhaltigkeit\/design-fuer-nachhaltigkeit\/","title":{"rendered":"Design f\u00fcr Nachhaltigkeit"},"content":{"rendered":"<h2><b>Einf\u00fchrung und Herausforderungen<\/b><\/h2>\n<p><span class=\"intro\">In der Regel werden \u00fcber 80 % der Umweltauswirkungen eines Produkts bereits in der Entwurfsphase festgelegt. Daher sind Initiativen f\u00fcr nachhaltiges Design ein wichtiger Weg f\u00fcr Unternehmen, um ihre \u00f6kologische Verantwortung wahrzunehmen.<\/span><\/p>\n<p>Beim Produktdesign standen lange Zeit die finanziellen Kosten im Mittelpunkt, doch mit dem wachsenden Bewusstsein f\u00fcr Nachhaltigkeitsfragen haben Umweltbelange in dieser Phase zunehmend an Bedeutung gewonnen.<\/p>\n<p>Die Maximierung des vom Kunden wahrgenommenen Werts bei gleichzeitiger Minimierung der Kosten ist nicht mehr das einzige Ziel; die Auswirkungen auf die Umwelt m\u00fcssen von Anfang an ein wichtiger Bestandteil der Entscheidungsfindung sein.<\/p>\n<p>Da Verbraucher zunehmend auf die Umweltfreundlichkeit eines Unternehmens achten und die Umweltvorschriften immer strenger werden, ist es nicht mehr eine Option, nur diese Faktoren bei der Produktentwicklung zu ber\u00fccksichtigen.<\/p>\n<p>\u00d6kodesign bietet Unternehmen eine M\u00f6glichkeit, sich der Herausforderung zu stellen, Produkte zu liefern, die den Bed\u00fcrfnissen und Werten der Kunden entsprechen, zu den bestm\u00f6glichen Kosten und mit geringsten Umweltauswirkungen \u00fcber den gesamten Lebenszyklus hinweg.<\/p>\n<p>Erfolgreiche Nachhaltigkeitskonzepte bieten auch M\u00f6glichkeiten zur Kostensenkung, zur Vereinfachung von Prozessen innerhalb der Lieferkette und zur Verringerung operativer Risiken. Damit sind sie ein wichtiger Hebel, um die Umweltstrategie eines Unternehmens umzusetzen und \u00fcbergeordnete Ziele zu erreichen.<\/p>\n<h2><b>Wie wir Ihnen helfen k\u00f6nnen<\/b><\/h2>\n<p>Argon &amp; Co unterst\u00fctzt Unternehmen bei der Umsetzung eines Ansatzes f\u00fcr nachhaltiges Design:<\/p>\n<ul>\n<li>System f\u00fcr nachhaltiges Design mit Fokus auf einzelne Produkte und das Gesamtportfolio, um die vorrangigen Handlungsfelder zu ermitteln<\/li>\n<li>Definition von Schl\u00fcsselindikatoren zur Analyse der Umweltauswirkungen jeder Komponente (CO2-Fu\u00dfabdruck, Ressourcenverbrauch, Wasserverbrauch, Eutrophierung usw.)<\/li>\n<li>Lebenszyklusanalyse (LCA) der Umweltauswirkungen einer Wertsch\u00f6pfungskette, von den Rohstoffen bis zum Ende der Lebensdauer<\/li>\n<li>Ermittlung der Bereiche, in denen die Umweltbelastung am gr\u00f6\u00dften ist und in denen die aktuellen Prozesse am wenigsten den Nachhaltigkeitsanforderungen entsprechen<\/li>\n<li>Implementierung von Design-to-Value-Methoden mit multifunktionalen Arbeitsgruppen, die sich auf die Ermittlung von M\u00f6glichkeiten zur Verringerung der Umweltbelastung konzentrieren<\/li>\n<li>Zusammenarbeit mit Lieferanten zur Verringerung der Umweltbelastung und zur Verbesserung des \u00d6kodesign-Prozesses<\/li>\n<li>Identifizierung der Hebel, Abstimmung der Teams und Bewertung der technischen und finanziellen Risikobereitschaft zur Reduzierung des CO2-Fu\u00dfabdrucks<\/li>\n<li>Standardisierung von \u00d6kodesign-Prozessen und Entwicklung einfacher Entscheidungshilfen zur Gew\u00e4hrleistung der Nachhaltigkeit des Prozesses selbst<\/li>\n<li>Digitalisierung der Produktentwicklungsprozesse einschlie\u00dflich Prototypen und digitaler Muster zur Verringerung der Umweltbelastung<\/li>\n<li>Bewertung der Reife der nachhaltigen Entwicklung neuer Produkte mithilfe unserer sc<b>prime<\/b>\u00ae-Methodik und Definition eines Aktionsplans zur Verbesserung<\/li>\n<\/ul>\n","protected":false},"excerpt":{"rendered":"<p>Einf\u00fchrung und Herausforderungen In der Regel werden \u00fcber 80 % der Umweltauswirkungen eines Produkts bereits in der Entwurfsphase festgelegt. Daher sind Initiativen f\u00fcr nachhaltiges Design ein wichtiger Weg f\u00fcr Unternehmen, um ihre \u00f6kologische Verantwortung wahrzunehmen. Beim Produktdesign standen lange Zeit die finanziellen Kosten im Mittelpunkt, doch mit dem wachsenden Bewusstsein f\u00fcr Nachhaltigkeitsfragen haben Umweltbelange in [&hellip;]<\/p>\n","protected":false},"author":1,"featured_media":0,"parent":37258,"menu_order":6,"comment_status":"closed","ping_status":"closed","template":"","meta":{"_acf_changed":false,"footnotes":""},"class_list":["post-38601","page","type-page","status-publish","hentry"],"acf":[],"yoast_head":"<!-- This site is optimized with the Yoast SEO plugin v27.5 - https:\/\/yoast.com\/product\/yoast-seo-wordpress\/ -->\n<title>Design f\u00fcr Nachhaltigkeit - Argon &amp; Co<\/title>\n<meta name=\"robots\" content=\"index, follow, max-snippet:-1, max-image-preview:large, max-video-preview:-1\" \/>\n<link rel=\"canonical\" href=\"https:\/\/www.argonandco.com\/de\/leistungen\/nachhaltigkeit\/design-fuer-nachhaltigkeit\/\" \/>\n<meta property=\"og:locale\" content=\"de_DE\" \/>\n<meta property=\"og:type\" content=\"article\" \/>\n<meta property=\"og:title\" content=\"Design f\u00fcr Nachhaltigkeit - Argon &amp; Co\" \/>\n<meta property=\"og:description\" content=\"Einf\u00fchrung und Herausforderungen In der Regel werden \u00fcber 80 % der Umweltauswirkungen eines Produkts bereits in der Entwurfsphase festgelegt. Daher sind Initiativen f\u00fcr nachhaltiges Design ein wichtiger Weg f\u00fcr Unternehmen, um ihre \u00f6kologische Verantwortung wahrzunehmen. Beim Produktdesign standen lange Zeit die finanziellen Kosten im Mittelpunkt, doch mit dem wachsenden Bewusstsein f\u00fcr Nachhaltigkeitsfragen haben Umweltbelange in [&hellip;]\" \/>\n<meta property=\"og:url\" content=\"https:\/\/www.argonandco.com\/de\/leistungen\/nachhaltigkeit\/design-fuer-nachhaltigkeit\/\" \/>\n<meta property=\"og:site_name\" content=\"Argon &amp; Co\" \/>\n<meta name=\"twitter:card\" content=\"summary_large_image\" \/>\n<meta name=\"twitter:label1\" content=\"Gesch\u00e4tzte Lesezeit\" \/>\n\t<meta name=\"twitter:data1\" content=\"2 Minuten\" \/>\n<script type=\"application\/ld+json\" class=\"yoast-schema-graph\">{\"@context\":\"https:\\\/\\\/schema.org\",\"@graph\":[{\"@type\":\"WebPage\",\"@id\":\"https:\\\/\\\/www.argonandco.com\\\/de\\\/leistungen\\\/nachhaltigkeit\\\/design-fuer-nachhaltigkeit\\\/\",\"url\":\"https:\\\/\\\/www.argonandco.com\\\/de\\\/leistungen\\\/nachhaltigkeit\\\/design-fuer-nachhaltigkeit\\\/\",\"name\":\"Design f\u00fcr Nachhaltigkeit - Argon &amp; Co\",\"isPartOf\":{\"@id\":\"https:\\\/\\\/www.argonandco.com\\\/de\\\/#website\"},\"datePublished\":\"2026-04-07T15:44:26+00:00\",\"breadcrumb\":{\"@id\":\"https:\\\/\\\/www.argonandco.com\\\/de\\\/leistungen\\\/nachhaltigkeit\\\/design-fuer-nachhaltigkeit\\\/#breadcrumb\"},\"inLanguage\":\"de\",\"potentialAction\":[{\"@type\":\"ReadAction\",\"target\":[\"https:\\\/\\\/www.argonandco.com\\\/de\\\/leistungen\\\/nachhaltigkeit\\\/design-fuer-nachhaltigkeit\\\/\"]}]},{\"@type\":\"BreadcrumbList\",\"@id\":\"https:\\\/\\\/www.argonandco.com\\\/de\\\/leistungen\\\/nachhaltigkeit\\\/design-fuer-nachhaltigkeit\\\/#breadcrumb\",\"itemListElement\":[{\"@type\":\"ListItem\",\"position\":1,\"name\":\"Home\",\"item\":\"https:\\\/\\\/www.argonandco.com\\\/de\\\/\"},{\"@type\":\"ListItem\",\"position\":2,\"name\":\"Leistungen\",\"item\":\"https:\\\/\\\/www.argonandco.com\\\/de\\\/leistungen\\\/\"},{\"@type\":\"ListItem\",\"position\":3,\"name\":\"Nachhaltigkeit\",\"item\":\"https:\\\/\\\/www.argonandco.com\\\/de\\\/leistungen\\\/nachhaltigkeit\\\/\"},{\"@type\":\"ListItem\",\"position\":4,\"name\":\"Design f\u00fcr Nachhaltigkeit\"}]},{\"@type\":\"WebSite\",\"@id\":\"https:\\\/\\\/www.argonandco.com\\\/de\\\/#website\",\"url\":\"https:\\\/\\\/www.argonandco.com\\\/de\\\/\",\"name\":\"Argon &amp; Co\",\"description\":\"We help clients achieve their strategic and operational objectives, working together to transform their businesses and generate real change.\",\"potentialAction\":[{\"@type\":\"SearchAction\",\"target\":{\"@type\":\"EntryPoint\",\"urlTemplate\":\"https:\\\/\\\/www.argonandco.com\\\/de\\\/?s={search_term_string}\"},\"query-input\":{\"@type\":\"PropertyValueSpecification\",\"valueRequired\":true,\"valueName\":\"search_term_string\"}}],\"inLanguage\":\"de\"}]}<\/script>\n<!-- \/ Yoast SEO plugin. -->","yoast_head_json":{"title":"Design f\u00fcr Nachhaltigkeit - Argon &amp; Co","robots":{"index":"index","follow":"follow","max-snippet":"max-snippet:-1","max-image-preview":"max-image-preview:large","max-video-preview":"max-video-preview:-1"},"canonical":"https:\/\/www.argonandco.com\/de\/leistungen\/nachhaltigkeit\/design-fuer-nachhaltigkeit\/","og_locale":"de_DE","og_type":"article","og_title":"Design f\u00fcr Nachhaltigkeit - Argon &amp; Co","og_description":"Einf\u00fchrung und Herausforderungen In der Regel werden \u00fcber 80 % der Umweltauswirkungen eines Produkts bereits in der Entwurfsphase festgelegt. Daher sind Initiativen f\u00fcr nachhaltiges Design ein wichtiger Weg f\u00fcr Unternehmen, um ihre \u00f6kologische Verantwortung wahrzunehmen. Beim Produktdesign standen lange Zeit die finanziellen Kosten im Mittelpunkt, doch mit dem wachsenden Bewusstsein f\u00fcr Nachhaltigkeitsfragen haben Umweltbelange in [&hellip;]","og_url":"https:\/\/www.argonandco.com\/de\/leistungen\/nachhaltigkeit\/design-fuer-nachhaltigkeit\/","og_site_name":"Argon &amp; Co","twitter_card":"summary_large_image","twitter_misc":{"Gesch\u00e4tzte Lesezeit":"2 Minuten"},"schema":{"@context":"https:\/\/schema.org","@graph":[{"@type":"WebPage","@id":"https:\/\/www.argonandco.com\/de\/leistungen\/nachhaltigkeit\/design-fuer-nachhaltigkeit\/","url":"https:\/\/www.argonandco.com\/de\/leistungen\/nachhaltigkeit\/design-fuer-nachhaltigkeit\/","name":"Design f\u00fcr Nachhaltigkeit - Argon &amp; Co","isPartOf":{"@id":"https:\/\/www.argonandco.com\/de\/#website"},"datePublished":"2026-04-07T15:44:26+00:00","breadcrumb":{"@id":"https:\/\/www.argonandco.com\/de\/leistungen\/nachhaltigkeit\/design-fuer-nachhaltigkeit\/#breadcrumb"},"inLanguage":"de","potentialAction":[{"@type":"ReadAction","target":["https:\/\/www.argonandco.com\/de\/leistungen\/nachhaltigkeit\/design-fuer-nachhaltigkeit\/"]}]},{"@type":"BreadcrumbList","@id":"https:\/\/www.argonandco.com\/de\/leistungen\/nachhaltigkeit\/design-fuer-nachhaltigkeit\/#breadcrumb","itemListElement":[{"@type":"ListItem","position":1,"name":"Home","item":"https:\/\/www.argonandco.com\/de\/"},{"@type":"ListItem","position":2,"name":"Leistungen","item":"https:\/\/www.argonandco.com\/de\/leistungen\/"},{"@type":"ListItem","position":3,"name":"Nachhaltigkeit","item":"https:\/\/www.argonandco.com\/de\/leistungen\/nachhaltigkeit\/"},{"@type":"ListItem","position":4,"name":"Design f\u00fcr Nachhaltigkeit"}]},{"@type":"WebSite","@id":"https:\/\/www.argonandco.com\/de\/#website","url":"https:\/\/www.argonandco.com\/de\/","name":"Argon &amp; Co","description":"We help clients achieve their strategic and operational objectives, working together to transform their businesses and generate real change.","potentialAction":[{"@type":"SearchAction","target":{"@type":"EntryPoint","urlTemplate":"https:\/\/www.argonandco.com\/de\/?s={search_term_string}"},"query-input":{"@type":"PropertyValueSpecification","valueRequired":true,"valueName":"search_term_string"}}],"inLanguage":"de"}]}},"_links":{"self":[{"href":"https:\/\/www.argonandco.com\/de\/wp-json\/wp\/v2\/pages\/38601","targetHints":{"allow":["GET"]}}],"collection":[{"href":"https:\/\/www.argonandco.com\/de\/wp-json\/wp\/v2\/pages"}],"about":[{"href":"https:\/\/www.argonandco.com\/de\/wp-json\/wp\/v2\/types\/page"}],"author":[{"embeddable":true,"href":"https:\/\/www.argonandco.com\/de\/wp-json\/wp\/v2\/users\/1"}],"replies":[{"embeddable":true,"href":"https:\/\/www.argonandco.com\/de\/wp-json\/wp\/v2\/comments?post=38601"}],"version-history":[{"count":0,"href":"https:\/\/www.argonandco.com\/de\/wp-json\/wp\/v2\/pages\/38601\/revisions"}],"up":[{"embeddable":true,"href":"https:\/\/www.argonandco.com\/de\/wp-json\/wp\/v2\/pages\/37258"}],"wp:attachment":[{"href":"https:\/\/www.argonandco.com\/de\/wp-json\/wp\/v2\/media?parent=38601"}],"curies":[{"name":"wp","href":"https:\/\/api.w.org\/{rel}","templated":true}]}}