{"id":38587,"date":"2026-04-07T16:35:37","date_gmt":"2026-04-07T15:35:37","guid":{"rendered":"https:\/\/www.argonandco.com\/?page_id=38587"},"modified":"2026-04-07T16:35:37","modified_gmt":"2026-04-07T15:35:37","slug":"advanced-analytics-for-operations","status":"publish","type":"page","link":"https:\/\/www.argonandco.com\/de\/leistungen\/solutions-und-analytics\/advanced-analytics-for-operations\/","title":{"rendered":"Advanced analytics for operations"},"content":{"rendered":"<h2>Einf\u00fchrung und Herausforderungen<\/h2>\n<p class=\"p1\"><span class=\"intro\">In der sich schnell ver\u00e4ndernden Gesch\u00e4ftswelt von heute stehen Unternehmen unter zunehmendem Druck, ihre Effizienz zu steigern und ihre Abl\u00e4ufe zu optimieren. In den letzten Jahren hat sich die fortschrittliche Analytik zu einem der leistungsst\u00e4rksten Tools entwickelt, um aus riesigen Datenmengen Erkenntnisse zu gewinnen, die es Unternehmen erm\u00f6glichen, datengest\u00fctzte Entscheidungen zu treffen und ihre betriebliche Effizienz zu verbessern.<\/span><\/p>\n<p class=\"p1\">Fortgeschrittene Analysen bringen jedoch auch eine Reihe von Herausforderungen mit sich. Wie k\u00f6nnen Daten zur Optimierung der Betriebsabl\u00e4ufe genutzt werden? Welche Analysetechniken eignen sich am besten f\u00fcr die Anforderungen des Unternehmens? Wie lassen sich Analysen nahtlos in bestehende Prozesse integrieren und Daten aus anderen Unternehmensbereichen f\u00fcr ein vollst\u00e4ndigeres Bild abrufen? Selbst wenn diese Fragen beantwortet werden k\u00f6nnen, kann es eine gro\u00dfe Herausforderung sein, die verborgenen Ursachen f\u00fcr betriebliche Probleme aufzudecken und Datenpunkte aus vor- und nachgelagerten Bereichen miteinander zu verkn\u00fcpfen. Dies erfordert ein tiefgreifendes Verst\u00e4ndnis der Betriebsabl\u00e4ufe und umfassende Erfahrung in der Verwaltung der gesamten Wertsch\u00f6pfungskette.<\/p>\n<h2>Wie k\u00f6nnen wir helfen?<\/h2>\n<p>Wir bieten eine umfassende Palette ma\u00dfgeschneiderter Dienstleistungen, die unseren Kunden dabei helfen, fortschrittliche Analysen zur Optimierung ihrer Betriebsabl\u00e4ufe zu nutzen. Dank unserer umfassenden operativen und durchg\u00e4ngigen Erfahrung k\u00f6nnen wir Folgendes bieten:<\/p>\n<ul>\n<li><b>Ursachenanalyse:<\/b> Aufdeckung versteckter Faktoren, die sich auf die Leistung auswirken, durch Analyse von Betriebsdaten<\/li>\n<li><b>Optimierung der Wertsch\u00f6pfungskette:<\/b> Integration von Datenpunkten entlang der gesamten Wertsch\u00f6pfungskette zur Rationalisierung von Prozessen und Verbesserung der Effizienz<\/li>\n<li><b>Datengest\u00fctzte Entscheidungsfindung:<\/b> Verkn\u00fcpfung von Betriebsdaten mit KPIs f\u00fcr fundierte Entscheidungen und kontinuierliche Verbesserungen<\/li>\n<li><b>Prozessintegration:<\/b> Aufbrechen von Silos und Vernetzung von Daten \u00fcber Funktionen hinweg f\u00fcr eine nahtlose Zusammenarbeit und verbesserte Effizienz<\/li>\n<li><b>Leistungs\u00fcberwachung:<\/b> Entwicklung von Echtzeit-Dashboards zur Verfolgung von Kennzahlen, Identifizierung von Abweichungen und schnellen L\u00f6sung von betrieblichen Problemen<\/li>\n<\/ul>\n<p>Unsere fortschrittlichen Analysedienste helfen unseren Kunden, ihre Abl\u00e4ufe zu optimieren und durchg\u00e4ngige Effizienz zu erzielen. Wir arbeiten gemeinsam mit unseren Kunden daran, das verborgene Potenzial ihrer Organisation aufzudecken und nachhaltigen Erfolg zu erzielen.<\/p>\n","protected":false},"excerpt":{"rendered":"<p>Einf\u00fchrung und Herausforderungen In der sich schnell ver\u00e4ndernden Gesch\u00e4ftswelt von heute stehen Unternehmen unter zunehmendem Druck, ihre Effizienz zu steigern und ihre Abl\u00e4ufe zu optimieren. In den letzten Jahren hat sich die fortschrittliche Analytik zu einem der leistungsst\u00e4rksten Tools entwickelt, um aus riesigen Datenmengen Erkenntnisse zu gewinnen, die es Unternehmen erm\u00f6glichen, datengest\u00fctzte Entscheidungen zu treffen [&hellip;]<\/p>\n","protected":false},"author":1,"featured_media":0,"parent":37242,"menu_order":117,"comment_status":"closed","ping_status":"closed","template":"","meta":{"_acf_changed":false,"footnotes":""},"class_list":["post-38587","page","type-page","status-publish","hentry"],"acf":[],"yoast_head":"<!-- This site is optimized with the Yoast SEO plugin v27.5 - https:\/\/yoast.com\/product\/yoast-seo-wordpress\/ -->\n<title>Beratungsdienstleistungen f\u00fcr fortgeschrittene Analytik | Argon &amp; Co<\/title>\n<meta name=\"description\" content=\"Gewinnen Sie mit den fortschrittlichen Analyse- und Beratungsdienstleistungen von Argon &amp; Co umsetzbare Erkenntnisse. Nutzen Sie Daten, um die Leistung zu optimieren, die Entscheidungsfindung zu verbessern und operative Exzellenz zu erreichen.\" \/>\n<meta name=\"robots\" content=\"index, follow, max-snippet:-1, max-image-preview:large, max-video-preview:-1\" \/>\n<link rel=\"canonical\" href=\"https:\/\/www.argonandco.com\/de\/leistungen\/solutions-und-analytics\/advanced-analytics-for-operations\/\" \/>\n<meta property=\"og:locale\" content=\"de_DE\" \/>\n<meta property=\"og:type\" content=\"article\" \/>\n<meta property=\"og:title\" content=\"Beratungsdienstleistungen f\u00fcr fortgeschrittene Analytik | Argon &amp; Co\" \/>\n<meta property=\"og:description\" content=\"Gewinnen Sie mit den fortschrittlichen Analyse- und Beratungsdienstleistungen von Argon &amp; Co umsetzbare Erkenntnisse. Nutzen Sie Daten, um die Leistung zu optimieren, die Entscheidungsfindung zu verbessern und operative Exzellenz zu erreichen.\" \/>\n<meta property=\"og:url\" content=\"https:\/\/www.argonandco.com\/de\/leistungen\/solutions-und-analytics\/advanced-analytics-for-operations\/\" \/>\n<meta property=\"og:site_name\" content=\"Argon &amp; Co\" \/>\n<meta name=\"twitter:card\" content=\"summary_large_image\" \/>\n<meta name=\"twitter:label1\" content=\"Gesch\u00e4tzte Lesezeit\" \/>\n\t<meta name=\"twitter:data1\" content=\"2 Minuten\" \/>\n<script type=\"application\/ld+json\" class=\"yoast-schema-graph\">{\"@context\":\"https:\\\/\\\/schema.org\",\"@graph\":[{\"@type\":\"WebPage\",\"@id\":\"https:\\\/\\\/www.argonandco.com\\\/de\\\/leistungen\\\/solutions-und-analytics\\\/advanced-analytics-for-operations\\\/\",\"url\":\"https:\\\/\\\/www.argonandco.com\\\/de\\\/leistungen\\\/solutions-und-analytics\\\/advanced-analytics-for-operations\\\/\",\"name\":\"Beratungsdienstleistungen f\u00fcr fortgeschrittene Analytik | Argon & Co\",\"isPartOf\":{\"@id\":\"https:\\\/\\\/www.argonandco.com\\\/de\\\/#website\"},\"datePublished\":\"2026-04-07T15:35:37+00:00\",\"description\":\"Gewinnen Sie mit den fortschrittlichen Analyse- und Beratungsdienstleistungen von Argon & Co umsetzbare Erkenntnisse. Nutzen Sie Daten, um die Leistung zu optimieren, die Entscheidungsfindung zu verbessern und operative Exzellenz zu erreichen.\",\"breadcrumb\":{\"@id\":\"https:\\\/\\\/www.argonandco.com\\\/de\\\/leistungen\\\/solutions-und-analytics\\\/advanced-analytics-for-operations\\\/#breadcrumb\"},\"inLanguage\":\"de\",\"potentialAction\":[{\"@type\":\"ReadAction\",\"target\":[\"https:\\\/\\\/www.argonandco.com\\\/de\\\/leistungen\\\/solutions-und-analytics\\\/advanced-analytics-for-operations\\\/\"]}]},{\"@type\":\"BreadcrumbList\",\"@id\":\"https:\\\/\\\/www.argonandco.com\\\/de\\\/leistungen\\\/solutions-und-analytics\\\/advanced-analytics-for-operations\\\/#breadcrumb\",\"itemListElement\":[{\"@type\":\"ListItem\",\"position\":1,\"name\":\"Home\",\"item\":\"https:\\\/\\\/www.argonandco.com\\\/de\\\/\"},{\"@type\":\"ListItem\",\"position\":2,\"name\":\"Leistungen\",\"item\":\"https:\\\/\\\/www.argonandco.com\\\/de\\\/leistungen\\\/\"},{\"@type\":\"ListItem\",\"position\":3,\"name\":\"Solutions und Analytics\",\"item\":\"https:\\\/\\\/www.argonandco.com\\\/de\\\/leistungen\\\/solutions-und-analytics\\\/\"},{\"@type\":\"ListItem\",\"position\":4,\"name\":\"Advanced analytics for operations\"}]},{\"@type\":\"WebSite\",\"@id\":\"https:\\\/\\\/www.argonandco.com\\\/de\\\/#website\",\"url\":\"https:\\\/\\\/www.argonandco.com\\\/de\\\/\",\"name\":\"Argon &amp; Co\",\"description\":\"We help clients achieve their strategic and operational objectives, working together to transform their businesses and generate real change.\",\"potentialAction\":[{\"@type\":\"SearchAction\",\"target\":{\"@type\":\"EntryPoint\",\"urlTemplate\":\"https:\\\/\\\/www.argonandco.com\\\/de\\\/?s={search_term_string}\"},\"query-input\":{\"@type\":\"PropertyValueSpecification\",\"valueRequired\":true,\"valueName\":\"search_term_string\"}}],\"inLanguage\":\"de\"}]}<\/script>\n<!-- \/ Yoast SEO plugin. -->","yoast_head_json":{"title":"Beratungsdienstleistungen f\u00fcr fortgeschrittene Analytik | Argon & Co","description":"Gewinnen Sie mit den fortschrittlichen Analyse- und Beratungsdienstleistungen von Argon & Co umsetzbare Erkenntnisse. Nutzen Sie Daten, um die Leistung zu optimieren, die Entscheidungsfindung zu verbessern und operative Exzellenz zu erreichen.","robots":{"index":"index","follow":"follow","max-snippet":"max-snippet:-1","max-image-preview":"max-image-preview:large","max-video-preview":"max-video-preview:-1"},"canonical":"https:\/\/www.argonandco.com\/de\/leistungen\/solutions-und-analytics\/advanced-analytics-for-operations\/","og_locale":"de_DE","og_type":"article","og_title":"Beratungsdienstleistungen f\u00fcr fortgeschrittene Analytik | Argon & Co","og_description":"Gewinnen Sie mit den fortschrittlichen Analyse- und Beratungsdienstleistungen von Argon & Co umsetzbare Erkenntnisse. Nutzen Sie Daten, um die Leistung zu optimieren, die Entscheidungsfindung zu verbessern und operative Exzellenz zu erreichen.","og_url":"https:\/\/www.argonandco.com\/de\/leistungen\/solutions-und-analytics\/advanced-analytics-for-operations\/","og_site_name":"Argon &amp; Co","twitter_card":"summary_large_image","twitter_misc":{"Gesch\u00e4tzte Lesezeit":"2 Minuten"},"schema":{"@context":"https:\/\/schema.org","@graph":[{"@type":"WebPage","@id":"https:\/\/www.argonandco.com\/de\/leistungen\/solutions-und-analytics\/advanced-analytics-for-operations\/","url":"https:\/\/www.argonandco.com\/de\/leistungen\/solutions-und-analytics\/advanced-analytics-for-operations\/","name":"Beratungsdienstleistungen f\u00fcr fortgeschrittene Analytik | Argon & Co","isPartOf":{"@id":"https:\/\/www.argonandco.com\/de\/#website"},"datePublished":"2026-04-07T15:35:37+00:00","description":"Gewinnen Sie mit den fortschrittlichen Analyse- und Beratungsdienstleistungen von Argon & Co umsetzbare Erkenntnisse. Nutzen Sie Daten, um die Leistung zu optimieren, die Entscheidungsfindung zu verbessern und operative Exzellenz zu erreichen.","breadcrumb":{"@id":"https:\/\/www.argonandco.com\/de\/leistungen\/solutions-und-analytics\/advanced-analytics-for-operations\/#breadcrumb"},"inLanguage":"de","potentialAction":[{"@type":"ReadAction","target":["https:\/\/www.argonandco.com\/de\/leistungen\/solutions-und-analytics\/advanced-analytics-for-operations\/"]}]},{"@type":"BreadcrumbList","@id":"https:\/\/www.argonandco.com\/de\/leistungen\/solutions-und-analytics\/advanced-analytics-for-operations\/#breadcrumb","itemListElement":[{"@type":"ListItem","position":1,"name":"Home","item":"https:\/\/www.argonandco.com\/de\/"},{"@type":"ListItem","position":2,"name":"Leistungen","item":"https:\/\/www.argonandco.com\/de\/leistungen\/"},{"@type":"ListItem","position":3,"name":"Solutions und Analytics","item":"https:\/\/www.argonandco.com\/de\/leistungen\/solutions-und-analytics\/"},{"@type":"ListItem","position":4,"name":"Advanced analytics for operations"}]},{"@type":"WebSite","@id":"https:\/\/www.argonandco.com\/de\/#website","url":"https:\/\/www.argonandco.com\/de\/","name":"Argon &amp; Co","description":"We help clients achieve their strategic and operational objectives, working together to transform their businesses and generate real change.","potentialAction":[{"@type":"SearchAction","target":{"@type":"EntryPoint","urlTemplate":"https:\/\/www.argonandco.com\/de\/?s={search_term_string}"},"query-input":{"@type":"PropertyValueSpecification","valueRequired":true,"valueName":"search_term_string"}}],"inLanguage":"de"}]}},"_links":{"self":[{"href":"https:\/\/www.argonandco.com\/de\/wp-json\/wp\/v2\/pages\/38587","targetHints":{"allow":["GET"]}}],"collection":[{"href":"https:\/\/www.argonandco.com\/de\/wp-json\/wp\/v2\/pages"}],"about":[{"href":"https:\/\/www.argonandco.com\/de\/wp-json\/wp\/v2\/types\/page"}],"author":[{"embeddable":true,"href":"https:\/\/www.argonandco.com\/de\/wp-json\/wp\/v2\/users\/1"}],"replies":[{"embeddable":true,"href":"https:\/\/www.argonandco.com\/de\/wp-json\/wp\/v2\/comments?post=38587"}],"version-history":[{"count":0,"href":"https:\/\/www.argonandco.com\/de\/wp-json\/wp\/v2\/pages\/38587\/revisions"}],"up":[{"embeddable":true,"href":"https:\/\/www.argonandco.com\/de\/wp-json\/wp\/v2\/pages\/37242"}],"wp:attachment":[{"href":"https:\/\/www.argonandco.com\/de\/wp-json\/wp\/v2\/media?parent=38587"}],"curies":[{"name":"wp","href":"https:\/\/api.w.org\/{rel}","templated":true}]}}