{"id":38563,"date":"2026-04-07T16:33:07","date_gmt":"2026-04-07T15:33:07","guid":{"rendered":"https:\/\/www.argonandco.com\/?page_id=38563"},"modified":"2026-04-07T16:33:07","modified_gmt":"2026-04-07T15:33:07","slug":"datenmanagement-und-governance","status":"publish","type":"page","link":"https:\/\/www.argonandco.com\/de\/leistungen\/solutions-und-analytics\/datenmanagement-und-governance\/","title":{"rendered":"Datenmanagement und -governance"},"content":{"rendered":"<h2><strong>Einf\u00fchrung und Herausforderungen<\/strong><\/h2>\n<p><span class=\"intro\">Gutes Datenmanagement und -governance sind f\u00fcr moderne Unternehmen unverzichtbar. Die Einrichtung robuster Datenmanagementdienste und die Umsetzung einer erfolgreichen Datenverwaltungsstrategie stellen jedoch oft eine gro\u00dfe Herausforderung dar. H\u00e4ufig f\u00e4llt es Unternehmen schwer, sich in den komplexen Bereichen Datensicherheit, Einhaltung von Datenschutzbestimmungen oder sogar der Festlegung der Rollen in der Datenverwaltung zurechtzufinden. Wir verstehen die Feinheiten dieser Herausforderungen und bieten L\u00f6sungen, die unseren Kunden helfen, diesen Weg erfolgreich zu meistern.<\/span><\/p>\n<h2>Wie wir helfen k\u00f6nnen<\/h2>\n<p>Wir bieten eine Reihe von Dienstleistungen, die speziell auf diese Herausforderungen zugeschnitten sind. Unser Ansatz kombiniert umfassende Expertise und ein tiefes Verst\u00e4ndnis f\u00fcr die Probleme unserer Kunden, um echte Ver\u00e4nderungen voranzutreiben:<\/p>\n<ul>\n<li style=\"list-style-type: none;\">\n<ul>\n<li><strong>Datenmanagement-Services:<\/strong> Unterst\u00fctzung bei der effektiveren und nachhaltigeren Verwaltung von Daten<\/li>\n<li><strong>Daten-Governance-Strategie:<\/strong> Entwicklung und Umsetzung einer effektiven Strategie, die alle datenbezogenen Aktivit\u00e4ten auf die Gesch\u00e4ftsziele abstimmt<\/li>\n<li><strong>Rollen in der Daten-Governance:<\/strong> Klare Definition der Rollen der Teams in der Governance und Bereitstellung von Leitlinien zu ihren Verantwortlichkeiten<\/li>\n<li><strong>Daten-Governance-Tools:<\/strong> Unterst\u00fctzung bei der Auswahl und Nutzung der richtigen Tools f\u00fcr eine effektive Daten-Governance<\/li>\n<li><strong>Business Intelligence und Governance:<\/strong> Bessere Entscheidungsfindung durch Erkenntnisse aus gut verwalteten Daten<\/li>\n<li><strong>Datenqualit\u00e4tssicherung:<\/strong> Bereitstellung umfassender L\u00f6sungen zur Sicherstellung der Datenqualit\u00e4t, damit diese vertrauensw\u00fcrdig und zuverl\u00e4ssig sind<\/li>\n<li><strong>Datenlebenszyklusmanagement:<\/strong> Unterst\u00fctzung unserer Kunden bei der Navigation durch den Lebenszyklus von Daten, von der Erstellung und Nutzung bis zur Archivierung und L\u00f6schung<\/li>\n<li><strong>Beratung zur Datensicherheit:<\/strong> Beratung zur Maximierung der Datensicherheit und zur Wahrung der Vertraulichkeit, Integrit\u00e4t und Verf\u00fcgbarkeit<\/li>\n<li><strong>Einhaltung von Datenschutzbestimmungen: <\/strong>Unterst\u00fctzung bei der Einhaltung der sich st\u00e4ndig \u00e4ndernden Datenschutzbestimmungen<\/li>\n<\/ul>\n<\/li>\n<\/ul>\n<p>Wir sind erfolgreich, weil wir Einfachheit und Praktikabilit\u00e4t bieten. Unser Fokus liegt auf der effektiven Bew\u00e4ltigung der Herausforderungen, die sich im Bereich Datenmanagement und -governance stellen, wobei wir die Bed\u00fcrfnisse unserer Kunden \u00fcber den Einsatz von Technologie stellen.<\/p>\n","protected":false},"excerpt":{"rendered":"<p>Einf\u00fchrung und Herausforderungen Gutes Datenmanagement und -governance sind f\u00fcr moderne Unternehmen unverzichtbar. Die Einrichtung robuster Datenmanagementdienste und die Umsetzung einer erfolgreichen Datenverwaltungsstrategie stellen jedoch oft eine gro\u00dfe Herausforderung dar. H\u00e4ufig f\u00e4llt es Unternehmen schwer, sich in den komplexen Bereichen Datensicherheit, Einhaltung von Datenschutzbestimmungen oder sogar der Festlegung der Rollen in der Datenverwaltung zurechtzufinden. Wir verstehen [&hellip;]<\/p>\n","protected":false},"author":1,"featured_media":0,"parent":37242,"menu_order":111,"comment_status":"closed","ping_status":"closed","template":"","meta":{"_acf_changed":false,"footnotes":""},"class_list":["post-38563","page","type-page","status-publish","hentry"],"acf":[],"yoast_head":"<!-- This site is optimized with the Yoast SEO plugin v27.5 - https:\/\/yoast.com\/product\/yoast-seo-wordpress\/ -->\n<title>Datenmanagement und -governance - Argon &amp; Co<\/title>\n<meta name=\"robots\" content=\"index, follow, max-snippet:-1, max-image-preview:large, max-video-preview:-1\" \/>\n<link rel=\"canonical\" href=\"https:\/\/www.argonandco.com\/de\/leistungen\/solutions-und-analytics\/datenmanagement-und-governance\/\" \/>\n<meta property=\"og:locale\" content=\"de_DE\" \/>\n<meta property=\"og:type\" content=\"article\" \/>\n<meta property=\"og:title\" content=\"Datenmanagement und -governance - Argon &amp; Co\" \/>\n<meta property=\"og:description\" content=\"Einf\u00fchrung und Herausforderungen Gutes Datenmanagement und -governance sind f\u00fcr moderne Unternehmen unverzichtbar. Die Einrichtung robuster Datenmanagementdienste und die Umsetzung einer erfolgreichen Datenverwaltungsstrategie stellen jedoch oft eine gro\u00dfe Herausforderung dar. H\u00e4ufig f\u00e4llt es Unternehmen schwer, sich in den komplexen Bereichen Datensicherheit, Einhaltung von Datenschutzbestimmungen oder sogar der Festlegung der Rollen in der Datenverwaltung zurechtzufinden. Wir verstehen [&hellip;]\" \/>\n<meta property=\"og:url\" content=\"https:\/\/www.argonandco.com\/de\/leistungen\/solutions-und-analytics\/datenmanagement-und-governance\/\" \/>\n<meta property=\"og:site_name\" content=\"Argon &amp; Co\" \/>\n<meta name=\"twitter:card\" content=\"summary_large_image\" \/>\n<meta name=\"twitter:label1\" content=\"Gesch\u00e4tzte Lesezeit\" \/>\n\t<meta name=\"twitter:data1\" content=\"2 Minuten\" \/>\n<script type=\"application\/ld+json\" class=\"yoast-schema-graph\">{\"@context\":\"https:\\\/\\\/schema.org\",\"@graph\":[{\"@type\":\"WebPage\",\"@id\":\"https:\\\/\\\/www.argonandco.com\\\/de\\\/leistungen\\\/solutions-und-analytics\\\/datenmanagement-und-governance\\\/\",\"url\":\"https:\\\/\\\/www.argonandco.com\\\/de\\\/leistungen\\\/solutions-und-analytics\\\/datenmanagement-und-governance\\\/\",\"name\":\"Datenmanagement und -governance - Argon &amp; Co\",\"isPartOf\":{\"@id\":\"https:\\\/\\\/www.argonandco.com\\\/de\\\/#website\"},\"datePublished\":\"2026-04-07T15:33:07+00:00\",\"breadcrumb\":{\"@id\":\"https:\\\/\\\/www.argonandco.com\\\/de\\\/leistungen\\\/solutions-und-analytics\\\/datenmanagement-und-governance\\\/#breadcrumb\"},\"inLanguage\":\"de\",\"potentialAction\":[{\"@type\":\"ReadAction\",\"target\":[\"https:\\\/\\\/www.argonandco.com\\\/de\\\/leistungen\\\/solutions-und-analytics\\\/datenmanagement-und-governance\\\/\"]}]},{\"@type\":\"BreadcrumbList\",\"@id\":\"https:\\\/\\\/www.argonandco.com\\\/de\\\/leistungen\\\/solutions-und-analytics\\\/datenmanagement-und-governance\\\/#breadcrumb\",\"itemListElement\":[{\"@type\":\"ListItem\",\"position\":1,\"name\":\"Home\",\"item\":\"https:\\\/\\\/www.argonandco.com\\\/de\\\/\"},{\"@type\":\"ListItem\",\"position\":2,\"name\":\"Leistungen\",\"item\":\"https:\\\/\\\/www.argonandco.com\\\/de\\\/leistungen\\\/\"},{\"@type\":\"ListItem\",\"position\":3,\"name\":\"Solutions und Analytics\",\"item\":\"https:\\\/\\\/www.argonandco.com\\\/de\\\/leistungen\\\/solutions-und-analytics\\\/\"},{\"@type\":\"ListItem\",\"position\":4,\"name\":\"Datenmanagement und -governance\"}]},{\"@type\":\"WebSite\",\"@id\":\"https:\\\/\\\/www.argonandco.com\\\/de\\\/#website\",\"url\":\"https:\\\/\\\/www.argonandco.com\\\/de\\\/\",\"name\":\"Argon &amp; Co\",\"description\":\"We help clients achieve their strategic and operational objectives, working together to transform their businesses and generate real change.\",\"potentialAction\":[{\"@type\":\"SearchAction\",\"target\":{\"@type\":\"EntryPoint\",\"urlTemplate\":\"https:\\\/\\\/www.argonandco.com\\\/de\\\/?s={search_term_string}\"},\"query-input\":{\"@type\":\"PropertyValueSpecification\",\"valueRequired\":true,\"valueName\":\"search_term_string\"}}],\"inLanguage\":\"de\"}]}<\/script>\n<!-- \/ Yoast SEO plugin. -->","yoast_head_json":{"title":"Datenmanagement und -governance - Argon &amp; Co","robots":{"index":"index","follow":"follow","max-snippet":"max-snippet:-1","max-image-preview":"max-image-preview:large","max-video-preview":"max-video-preview:-1"},"canonical":"https:\/\/www.argonandco.com\/de\/leistungen\/solutions-und-analytics\/datenmanagement-und-governance\/","og_locale":"de_DE","og_type":"article","og_title":"Datenmanagement und -governance - Argon &amp; Co","og_description":"Einf\u00fchrung und Herausforderungen Gutes Datenmanagement und -governance sind f\u00fcr moderne Unternehmen unverzichtbar. Die Einrichtung robuster Datenmanagementdienste und die Umsetzung einer erfolgreichen Datenverwaltungsstrategie stellen jedoch oft eine gro\u00dfe Herausforderung dar. H\u00e4ufig f\u00e4llt es Unternehmen schwer, sich in den komplexen Bereichen Datensicherheit, Einhaltung von Datenschutzbestimmungen oder sogar der Festlegung der Rollen in der Datenverwaltung zurechtzufinden. Wir verstehen [&hellip;]","og_url":"https:\/\/www.argonandco.com\/de\/leistungen\/solutions-und-analytics\/datenmanagement-und-governance\/","og_site_name":"Argon &amp; Co","twitter_card":"summary_large_image","twitter_misc":{"Gesch\u00e4tzte Lesezeit":"2 Minuten"},"schema":{"@context":"https:\/\/schema.org","@graph":[{"@type":"WebPage","@id":"https:\/\/www.argonandco.com\/de\/leistungen\/solutions-und-analytics\/datenmanagement-und-governance\/","url":"https:\/\/www.argonandco.com\/de\/leistungen\/solutions-und-analytics\/datenmanagement-und-governance\/","name":"Datenmanagement und -governance - Argon &amp; Co","isPartOf":{"@id":"https:\/\/www.argonandco.com\/de\/#website"},"datePublished":"2026-04-07T15:33:07+00:00","breadcrumb":{"@id":"https:\/\/www.argonandco.com\/de\/leistungen\/solutions-und-analytics\/datenmanagement-und-governance\/#breadcrumb"},"inLanguage":"de","potentialAction":[{"@type":"ReadAction","target":["https:\/\/www.argonandco.com\/de\/leistungen\/solutions-und-analytics\/datenmanagement-und-governance\/"]}]},{"@type":"BreadcrumbList","@id":"https:\/\/www.argonandco.com\/de\/leistungen\/solutions-und-analytics\/datenmanagement-und-governance\/#breadcrumb","itemListElement":[{"@type":"ListItem","position":1,"name":"Home","item":"https:\/\/www.argonandco.com\/de\/"},{"@type":"ListItem","position":2,"name":"Leistungen","item":"https:\/\/www.argonandco.com\/de\/leistungen\/"},{"@type":"ListItem","position":3,"name":"Solutions und Analytics","item":"https:\/\/www.argonandco.com\/de\/leistungen\/solutions-und-analytics\/"},{"@type":"ListItem","position":4,"name":"Datenmanagement und -governance"}]},{"@type":"WebSite","@id":"https:\/\/www.argonandco.com\/de\/#website","url":"https:\/\/www.argonandco.com\/de\/","name":"Argon &amp; Co","description":"We help clients achieve their strategic and operational objectives, working together to transform their businesses and generate real change.","potentialAction":[{"@type":"SearchAction","target":{"@type":"EntryPoint","urlTemplate":"https:\/\/www.argonandco.com\/de\/?s={search_term_string}"},"query-input":{"@type":"PropertyValueSpecification","valueRequired":true,"valueName":"search_term_string"}}],"inLanguage":"de"}]}},"_links":{"self":[{"href":"https:\/\/www.argonandco.com\/de\/wp-json\/wp\/v2\/pages\/38563","targetHints":{"allow":["GET"]}}],"collection":[{"href":"https:\/\/www.argonandco.com\/de\/wp-json\/wp\/v2\/pages"}],"about":[{"href":"https:\/\/www.argonandco.com\/de\/wp-json\/wp\/v2\/types\/page"}],"author":[{"embeddable":true,"href":"https:\/\/www.argonandco.com\/de\/wp-json\/wp\/v2\/users\/1"}],"replies":[{"embeddable":true,"href":"https:\/\/www.argonandco.com\/de\/wp-json\/wp\/v2\/comments?post=38563"}],"version-history":[{"count":0,"href":"https:\/\/www.argonandco.com\/de\/wp-json\/wp\/v2\/pages\/38563\/revisions"}],"up":[{"embeddable":true,"href":"https:\/\/www.argonandco.com\/de\/wp-json\/wp\/v2\/pages\/37242"}],"wp:attachment":[{"href":"https:\/\/www.argonandco.com\/de\/wp-json\/wp\/v2\/media?parent=38563"}],"curies":[{"name":"wp","href":"https:\/\/api.w.org\/{rel}","templated":true}]}}