{"id":37633,"date":"2026-04-07T14:45:53","date_gmt":"2026-04-07T13:45:53","guid":{"rendered":"https:\/\/www.argonandco.com\/?page_id=37633"},"modified":"2026-04-08T14:45:12","modified_gmt":"2026-04-08T13:45:12","slug":"finance-and-sga","status":"publish","type":"page","link":"https:\/\/www.argonandco.com\/de\/leistungen\/finance-and-sga\/","title":{"rendered":"Finance and SG&#038;A"},"content":{"rendered":"<h2><strong>Finanz\u00fcbersicht<\/strong><\/h2>\n<p>Die Finanzfunktion muss \u00fcber ihre traditionelle Rolle hinausgehen und die Steuerung strategischer, finanzieller und operativer Aktivit\u00e4ten im gesamten Unternehmen st\u00e4rker unterst\u00fctzen. Ziel ist es, die Kapitalrendite und die Cash-Generierung zu maximieren, um das profitable Wachstum zu beschleunigen.<\/p>\n<h2>Grunds\u00e4tze der Finanzabteilung<\/h2>\n<p>Strategisch gesehen gibt es sechs wichtige Themen, mit denen sich CFOs befassen m\u00fcssen:<\/p>\n<ul>\n<li>Unterst\u00fctzung des CEO bei der Definition und Steuerung des Strategieplans<\/li>\n<li>Abstimmung der Finanzplanung auf den Strategieplan<\/li>\n<li>Positionierung der Funktion als wichtiger Akteur bei der Transformation des Unternehmens<\/li>\n<li>Schaffung von Wert und Treffen guter Investitionsentscheidungen auf der Grundlage solider Business Cases<\/li>\n<li>Definition des richtigen Managementrahmens zur Optimierung der finanziellen Leistung des Unternehmens<\/li>\n<li>Verwaltung von Informationen, um die Vollst\u00e4ndigkeit und Genauigkeit der Finanzindikatoren f\u00fcr die Wertsch\u00f6pfung zu gew\u00e4hrleisten<\/li>\n<\/ul>\n<p>Operativ \u2013 wo die Ziele darin bestehen, Wettbewerbsvorteile zu erhalten und auszubauen \u2013 bestehen die Herausforderungen darin, direkte Margen zu sichern und zu verbessern, die operative und finanzielle Prognosef\u00e4higkeit zu st\u00e4rken, die Betriebskosten zu kontrollieren und die Generierung von freiem Cashflow zu beschleunigen.<\/p>\n<h2>Transformation der Unternehmensfinanzen<\/h2>\n<p>Um diese Probleme anzugehen, muss die Finanzfunktion ihre Organisation \u00fcberdenken, ihre Kompetenzen weiterentwickeln und ihre Aktivit\u00e4ten optimieren, wobei sie gegebenenfalls digitale Entwicklungen und KI nutzen sollte.<\/p>\n<h2>\u00dcberblick SG&amp;A<\/h2>\n<p>Die Support-, kaufm\u00e4nnischen und zentralen Funktionen sind f\u00fcr den effektiven Betrieb eines Unternehmens von entscheidender Bedeutung. Dazu geh\u00f6ren unter anderem die Bereiche Finanzen, Personalwesen, Vertrieb und Marketing, Beschaffung, Forschung und Entwicklung sowie IT. \u00dcber die operative Unterst\u00fctzung hinaus tragen diese Funktionen zur Entwicklung des Unternehmens, seiner Leistung, seiner Strategie und seiner Compliance bei.<\/p>\n<h2>Grunds\u00e4tze von SG&amp;A<\/h2>\n<p>Nach unseren Benchmarks liegen die Gesamtkosten dieser Funktionen, die allgemein als Vertriebs- und Verwaltungskosten (SG&amp;A) bezeichnet werden, in der Regel zwischen 6 % und 20 % des Umsatzes, je nach Branche und Reifegrad der Funktionen.<\/p>\n<p>Wenn eine Senkung der SG&amp;A-Kosten die Rentabilit\u00e4t eines Unternehmens verbessert, ist es die Qualit\u00e4t der erbrachten Dienstleistungen, die Wert schafft: die Qualit\u00e4t des Finanzleistungsmanagements durch die Finanzabteilung, das Talentmanagement durch die Personalabteilung, die Optimierung der Lieferantenbeziehungen durch die Beschaffung, die Innovation durch die Forschung und Entwicklung, die Steigerung der Produktivit\u00e4t durch IT-Systeme und insbesondere der Umsatz, der durch die Marketing- und Vertriebsteams generiert wird.<\/p>\n<h2>Transformation von SG&amp;A<\/h2>\n<p>Wenn ein Unternehmen seine Wettbewerbsf\u00e4higkeit steigern m\u00f6chte, besteht die Herausforderung darin, seine Vertriebs- und Verwaltungskostenstruktur durch eine verbesserte Leistung sowohl hinsichtlich der Kosten als auch des Serviceniveaus zu optimieren und dabei alle relevanten Hebel, einschlie\u00dflich digitaler und KI-Initiativen, einzusetzen.<\/p>\n<h2>Unterst\u00fctzung bei SG&amp;A Herausforderungen<\/h2>\n<p>Unsere Finanz- und Vertriebs- und Verwaltungskostenberater gehen komplexen Problemen auf den Grund und konzentrieren sich darauf, greifbare Ergebnisse f\u00fcr unsere Kunden zu erzielen. Die Men\u00fcleiste auf dieser Seite enth\u00e4lt weitere Informationen zu einer Auswahl der Finanz- und Vertriebs- und Verwaltungskostenherausforderungen, mit denen wir uns regelm\u00e4\u00dfig befassen.<\/p>\n<p>Wir kombinieren technisches Fachwissen, operative Erfahrung, Gesch\u00e4ftswissen und gesunden Menschenverstand, um unseren Kunden bei der L\u00f6sung von Problemen im Bereich Unternehmensfinanzen und Vertriebs- und Verwaltungskosten zu helfen und dauerhafte Ergebnisse zu erzielen. Unser positiver, flexibler und pers\u00f6nlicher Ansatz, der bei Bedarf auch Herausforderungen mit einbezieht, sorgt f\u00fcr Akzeptanz auf allen Ebenen des Unternehmens unserer Kunden und f\u00fcr positive Ergebnisse. Erfahren Sie hier mehr \u00fcber uns.<\/p>\n","protected":false},"excerpt":{"rendered":"<p>Finanz\u00fcbersicht Die Finanzfunktion muss \u00fcber ihre traditionelle Rolle hinausgehen und die Steuerung strategischer, finanzieller und operativer Aktivit\u00e4ten im gesamten Unternehmen st\u00e4rker unterst\u00fctzen. Ziel ist es, die Kapitalrendite und die Cash-Generierung zu maximieren, um das profitable Wachstum zu beschleunigen. Grunds\u00e4tze der Finanzabteilung Strategisch gesehen gibt es sechs wichtige Themen, mit denen sich CFOs befassen m\u00fcssen: Unterst\u00fctzung [&hellip;]<\/p>\n","protected":false},"author":1,"featured_media":0,"parent":30418,"menu_order":9925,"comment_status":"closed","ping_status":"closed","template":"","meta":{"_acf_changed":false,"footnotes":""},"class_list":["post-37633","page","type-page","status-publish","hentry"],"acf":[],"yoast_head":"<!-- This site is optimized with the Yoast SEO plugin v27.5 - https:\/\/yoast.com\/product\/yoast-seo-wordpress\/ -->\n<title>Finance and SG&amp;A - Argon &amp; Co<\/title>\n<meta name=\"robots\" content=\"index, follow, max-snippet:-1, max-image-preview:large, max-video-preview:-1\" \/>\n<link rel=\"canonical\" href=\"https:\/\/www.argonandco.com\/de\/leistungen\/finance-and-sga\/\" \/>\n<meta property=\"og:locale\" content=\"de_DE\" \/>\n<meta property=\"og:type\" content=\"article\" \/>\n<meta property=\"og:title\" content=\"Finance and SG&amp;A - Argon &amp; Co\" \/>\n<meta property=\"og:description\" content=\"Finanz\u00fcbersicht Die Finanzfunktion muss \u00fcber ihre traditionelle Rolle hinausgehen und die Steuerung strategischer, finanzieller und operativer Aktivit\u00e4ten im gesamten Unternehmen st\u00e4rker unterst\u00fctzen. Ziel ist es, die Kapitalrendite und die Cash-Generierung zu maximieren, um das profitable Wachstum zu beschleunigen. Grunds\u00e4tze der Finanzabteilung Strategisch gesehen gibt es sechs wichtige Themen, mit denen sich CFOs befassen m\u00fcssen: Unterst\u00fctzung [&hellip;]\" \/>\n<meta property=\"og:url\" content=\"https:\/\/www.argonandco.com\/de\/leistungen\/finance-and-sga\/\" \/>\n<meta property=\"og:site_name\" content=\"Argon &amp; Co\" \/>\n<meta property=\"article:modified_time\" content=\"2026-04-08T13:45:12+00:00\" \/>\n<meta name=\"twitter:card\" content=\"summary_large_image\" \/>\n<meta name=\"twitter:label1\" content=\"Gesch\u00e4tzte Lesezeit\" \/>\n\t<meta name=\"twitter:data1\" content=\"3 Minuten\" \/>\n<script type=\"application\/ld+json\" class=\"yoast-schema-graph\">{\"@context\":\"https:\\\/\\\/schema.org\",\"@graph\":[{\"@type\":\"WebPage\",\"@id\":\"https:\\\/\\\/www.argonandco.com\\\/de\\\/leistungen\\\/finance-and-sga\\\/\",\"url\":\"https:\\\/\\\/www.argonandco.com\\\/de\\\/leistungen\\\/finance-and-sga\\\/\",\"name\":\"Finance and SG&A - Argon &amp; Co\",\"isPartOf\":{\"@id\":\"https:\\\/\\\/www.argonandco.com\\\/de\\\/#website\"},\"datePublished\":\"2026-04-07T13:45:53+00:00\",\"dateModified\":\"2026-04-08T13:45:12+00:00\",\"breadcrumb\":{\"@id\":\"https:\\\/\\\/www.argonandco.com\\\/de\\\/leistungen\\\/finance-and-sga\\\/#breadcrumb\"},\"inLanguage\":\"de\",\"potentialAction\":[{\"@type\":\"ReadAction\",\"target\":[\"https:\\\/\\\/www.argonandco.com\\\/de\\\/leistungen\\\/finance-and-sga\\\/\"]}]},{\"@type\":\"BreadcrumbList\",\"@id\":\"https:\\\/\\\/www.argonandco.com\\\/de\\\/leistungen\\\/finance-and-sga\\\/#breadcrumb\",\"itemListElement\":[{\"@type\":\"ListItem\",\"position\":1,\"name\":\"Home\",\"item\":\"https:\\\/\\\/www.argonandco.com\\\/de\\\/\"},{\"@type\":\"ListItem\",\"position\":2,\"name\":\"Leistungen\",\"item\":\"https:\\\/\\\/www.argonandco.com\\\/de\\\/leistungen\\\/\"},{\"@type\":\"ListItem\",\"position\":3,\"name\":\"Finance and SG&#038;A\"}]},{\"@type\":\"WebSite\",\"@id\":\"https:\\\/\\\/www.argonandco.com\\\/de\\\/#website\",\"url\":\"https:\\\/\\\/www.argonandco.com\\\/de\\\/\",\"name\":\"Argon &amp; Co\",\"description\":\"We help clients achieve their strategic and operational objectives, working together to transform their businesses and generate real change.\",\"potentialAction\":[{\"@type\":\"SearchAction\",\"target\":{\"@type\":\"EntryPoint\",\"urlTemplate\":\"https:\\\/\\\/www.argonandco.com\\\/de\\\/?s={search_term_string}\"},\"query-input\":{\"@type\":\"PropertyValueSpecification\",\"valueRequired\":true,\"valueName\":\"search_term_string\"}}],\"inLanguage\":\"de\"}]}<\/script>\n<!-- \/ Yoast SEO plugin. -->","yoast_head_json":{"title":"Finance and SG&A - Argon &amp; Co","robots":{"index":"index","follow":"follow","max-snippet":"max-snippet:-1","max-image-preview":"max-image-preview:large","max-video-preview":"max-video-preview:-1"},"canonical":"https:\/\/www.argonandco.com\/de\/leistungen\/finance-and-sga\/","og_locale":"de_DE","og_type":"article","og_title":"Finance and SG&A - Argon &amp; Co","og_description":"Finanz\u00fcbersicht Die Finanzfunktion muss \u00fcber ihre traditionelle Rolle hinausgehen und die Steuerung strategischer, finanzieller und operativer Aktivit\u00e4ten im gesamten Unternehmen st\u00e4rker unterst\u00fctzen. Ziel ist es, die Kapitalrendite und die Cash-Generierung zu maximieren, um das profitable Wachstum zu beschleunigen. Grunds\u00e4tze der Finanzabteilung Strategisch gesehen gibt es sechs wichtige Themen, mit denen sich CFOs befassen m\u00fcssen: Unterst\u00fctzung [&hellip;]","og_url":"https:\/\/www.argonandco.com\/de\/leistungen\/finance-and-sga\/","og_site_name":"Argon &amp; Co","article_modified_time":"2026-04-08T13:45:12+00:00","twitter_card":"summary_large_image","twitter_misc":{"Gesch\u00e4tzte Lesezeit":"3 Minuten"},"schema":{"@context":"https:\/\/schema.org","@graph":[{"@type":"WebPage","@id":"https:\/\/www.argonandco.com\/de\/leistungen\/finance-and-sga\/","url":"https:\/\/www.argonandco.com\/de\/leistungen\/finance-and-sga\/","name":"Finance and SG&A - Argon &amp; Co","isPartOf":{"@id":"https:\/\/www.argonandco.com\/de\/#website"},"datePublished":"2026-04-07T13:45:53+00:00","dateModified":"2026-04-08T13:45:12+00:00","breadcrumb":{"@id":"https:\/\/www.argonandco.com\/de\/leistungen\/finance-and-sga\/#breadcrumb"},"inLanguage":"de","potentialAction":[{"@type":"ReadAction","target":["https:\/\/www.argonandco.com\/de\/leistungen\/finance-and-sga\/"]}]},{"@type":"BreadcrumbList","@id":"https:\/\/www.argonandco.com\/de\/leistungen\/finance-and-sga\/#breadcrumb","itemListElement":[{"@type":"ListItem","position":1,"name":"Home","item":"https:\/\/www.argonandco.com\/de\/"},{"@type":"ListItem","position":2,"name":"Leistungen","item":"https:\/\/www.argonandco.com\/de\/leistungen\/"},{"@type":"ListItem","position":3,"name":"Finance and SG&#038;A"}]},{"@type":"WebSite","@id":"https:\/\/www.argonandco.com\/de\/#website","url":"https:\/\/www.argonandco.com\/de\/","name":"Argon &amp; Co","description":"We help clients achieve their strategic and operational objectives, working together to transform their businesses and generate real change.","potentialAction":[{"@type":"SearchAction","target":{"@type":"EntryPoint","urlTemplate":"https:\/\/www.argonandco.com\/de\/?s={search_term_string}"},"query-input":{"@type":"PropertyValueSpecification","valueRequired":true,"valueName":"search_term_string"}}],"inLanguage":"de"}]}},"_links":{"self":[{"href":"https:\/\/www.argonandco.com\/de\/wp-json\/wp\/v2\/pages\/37633","targetHints":{"allow":["GET"]}}],"collection":[{"href":"https:\/\/www.argonandco.com\/de\/wp-json\/wp\/v2\/pages"}],"about":[{"href":"https:\/\/www.argonandco.com\/de\/wp-json\/wp\/v2\/types\/page"}],"author":[{"embeddable":true,"href":"https:\/\/www.argonandco.com\/de\/wp-json\/wp\/v2\/users\/1"}],"replies":[{"embeddable":true,"href":"https:\/\/www.argonandco.com\/de\/wp-json\/wp\/v2\/comments?post=37633"}],"version-history":[{"count":0,"href":"https:\/\/www.argonandco.com\/de\/wp-json\/wp\/v2\/pages\/37633\/revisions"}],"up":[{"embeddable":true,"href":"https:\/\/www.argonandco.com\/de\/wp-json\/wp\/v2\/pages\/30418"}],"wp:attachment":[{"href":"https:\/\/www.argonandco.com\/de\/wp-json\/wp\/v2\/media?parent=37633"}],"curies":[{"name":"wp","href":"https:\/\/api.w.org\/{rel}","templated":true}]}}