{"id":37627,"date":"2026-04-07T14:46:06","date_gmt":"2026-04-07T13:46:06","guid":{"rendered":"https:\/\/www.argonandco.com\/?page_id=37627"},"modified":"2026-04-08T15:39:55","modified_gmt":"2026-04-08T14:39:55","slug":"fertigung","status":"publish","type":"page","link":"https:\/\/www.argonandco.com\/de\/leistungen\/fertigung\/","title":{"rendered":"Fertigung"},"content":{"rendered":"<p>Fertigungsunternehmen agieren heute in einem Umfeld, das von rasanten technologischen Umbr\u00fcchen, sich wandelnden Markterwartungen und zunehmender Komplexit\u00e4t gepr\u00e4gt ist. Um wettbewerbsf\u00e4hig zu bleiben, m\u00fcssen sie ihre Produktionsmodelle \u00fcberdenken und gleichzeitig sicherstellen, dass die operative Leistung stets den Anforderungen des Unternehmens und der Kunden entspricht oder diese sogar \u00fcbertrifft. Eine starke, integrierte Strategie f\u00fcr die Fertigung und operative Leistung ist unerl\u00e4sslich f\u00fcr Rentabilit\u00e4t, fundierte Investitionsentscheidungen, nachhaltiges Wachstum und langfristige Wertsch\u00f6pfung.<\/p>\n<p>Um in diesem Umfeld erfolgreich zu sein, muss die Interaktion zwischen Menschen, Anlagen, Materialien, Prozessen und Technologien optimiert werden. Unternehmen m\u00fcssen au\u00dferdem ihre Betriebsabl\u00e4ufe agiler gestalten, um schnell auf neue Herausforderungen und Chancen reagieren zu k\u00f6nnen.<\/p>\n<h2>Unsere Schwerpunkte<\/h2>\n<p>Wir unterst\u00fctzen Industrieunternehmen von der fr\u00fchen Diagnosephase bis zur vollst\u00e4ndigen Umsetzung der Roadmap und konzentrieren uns dabei auf die Kernpriorit\u00e4ten, die sowohl die Fertigungsexzellenz als auch die operative Leistung vorantreiben.<\/p>\n<h3>Priorit\u00e4ten in der Fertigung<\/h3>\n<p>Wir helfen Unternehmen dabei, ihre industriellen Grundlagen in sechs Schl\u00fcsselbereichen zu st\u00e4rken:<\/p>\n<ul>\n<li>Neugestaltung von Industrie- und Logistiksystemen<\/li>\n<li>Make-or-Buy-Strategie<\/li>\n<li>Leistungsoptimierung<\/li>\n<li>Aufbau von Exzellenznetzwerken<\/li>\n<li>Verbesserung der organisatorischen Agilit\u00e4t<\/li>\n<li>Digitale Transformation<\/li>\n<\/ul>\n<p>Diese Priorit\u00e4ten stellen sicher, dass Fertigungssysteme widerstandsf\u00e4hig und effizient sind und mit den strategischen Zielen \u00fcbereinstimmen.<\/p>\n<h3>Operative Treiber<\/h3>\n<p>Um eine konstant hohe Leistung zu erzielen, wenden wir strukturierte Methoden an, die es Unternehmen erm\u00f6glichen<\/p>\n<ul>\n<li>den aktuellen Ist-Zustand zu bewerten<\/li>\n<li>den zuk\u00fcnftigen Soll-Zustand zu definieren<\/li>\n<li>eine klare Transformations-Roadmap zu erstellen<\/li>\n<li>Herausforderungen und Verbesserungsm\u00f6glichkeiten in Prozessen, Anlagen und Teams zu identifizieren<\/li>\n<\/ul>\n<p>Dieser Ansatz stellt sicher, dass operative Verbesserungen zielgerichtet, messbar und nachhaltig sind.<\/p>\n<h2>Transformationsansatz<\/h2>\n<p>Unsere Berater bringen fundierte operative Erfahrung und starke analytische F\u00e4higkeiten in jedes Projekt ein. Wir kombinieren bew\u00e4hrte Techniken mit pragmatischen, umsetzbaren Empfehlungen und einer effektiven Einarbeitung, um eine erfolgreiche Umsetzung sicherzustellen.<\/p>\n<h3>Transformation der Fertigung<\/h3>\n<p>Wir unterst\u00fctzen Unternehmen dabei, ihre Produktionsmodelle an die sich wandelnden gesch\u00e4ftlichen Herausforderungen anzupassen. Unser Ansatz verbindet industrielles Fachwissen mit praktischer Unterst\u00fctzung und stellt sicher, dass Transformationsinitiativen realistisch und wirkungsvoll sind und mit den langfristigen Zielen \u00fcbereinstimmen.<\/p>\n<h3>Transformation der betrieblichen Leistung<\/h3>\n<p>Mithilfe datengest\u00fctzter Analysemethoden unterst\u00fctzen wir eine objektive Entscheidungsfindung w\u00e4hrend des gesamten Transformationsprozesses. Wir optimieren die Leistung von Anlagen, Materialien und Prozessen und legen dabei gro\u00dfen Wert auf Menschen und Change Management. Dies gew\u00e4hrleistet schnellere Vorteile, geringere Risiken und Verbesserungen, die konsequent erreicht und aufrechterhalten werden.<\/p>\n<h3>Unterst\u00fctzung bei Herausforderungen in der Fertigung<\/h3>\n<p>Unser Team von Fertigungsberatern geht komplexen Problemen auf den Grund und konzentriert sich darauf, greifbare Ergebnisse f\u00fcr unsere Kunden zu erzielen. Die Men\u00fcleiste auf dieser Seite enth\u00e4lt weitere Informationen zu einer Auswahl der Herausforderungen in der Fertigung, mit denen wir uns regelm\u00e4\u00dfig befassen.<\/p>\n<p>Wir kombinieren technisches Fachwissen, operative Erfahrung, betriebswirtschaftliche Kenntnisse und gesunden Menschenverstand, um unseren Kunden bei der L\u00f6sung von Fertigungsproblemen zu helfen und dauerhafte Ergebnisse zu erzielen. Unser positiver, flexibler und pers\u00f6nlicher Ansatz, der bei Bedarf auch Herausforderungen mit einbezieht, sorgt f\u00fcr Akzeptanz auf allen Ebenen des Unternehmens unserer Kunden und f\u00fcr positive Ergebnisse. <a href=\"https:\/\/www.argonandco.com\/de\/ueber-uns\/\">Erfahren Sie hier mehr \u00fcber uns.<\/a><\/p>\n<p>&nbsp;<\/p>\n","protected":false},"excerpt":{"rendered":"<p>Fertigungsunternehmen agieren heute in einem Umfeld, das von rasanten technologischen Umbr\u00fcchen, sich wandelnden Markterwartungen und zunehmender Komplexit\u00e4t gepr\u00e4gt ist. Um wettbewerbsf\u00e4hig zu bleiben, m\u00fcssen sie ihre Produktionsmodelle \u00fcberdenken und gleichzeitig sicherstellen, dass die operative Leistung stets den Anforderungen des Unternehmens und der Kunden entspricht oder diese sogar \u00fcbertrifft. Eine starke, integrierte Strategie f\u00fcr die Fertigung [&hellip;]<\/p>\n","protected":false},"author":1,"featured_media":0,"parent":30418,"menu_order":9923,"comment_status":"closed","ping_status":"closed","template":"","meta":{"_acf_changed":false,"footnotes":""},"class_list":["post-37627","page","type-page","status-publish","hentry"],"acf":[],"yoast_head":"<!-- This site is optimized with the Yoast SEO plugin v27.5 - https:\/\/yoast.com\/product\/yoast-seo-wordpress\/ -->\n<title>Fertigung - Argon &amp; Co<\/title>\n<meta name=\"robots\" content=\"index, follow, max-snippet:-1, max-image-preview:large, max-video-preview:-1\" \/>\n<link rel=\"canonical\" href=\"https:\/\/www.argonandco.com\/de\/leistungen\/fertigung\/\" \/>\n<meta property=\"og:locale\" content=\"de_DE\" \/>\n<meta property=\"og:type\" content=\"article\" \/>\n<meta property=\"og:title\" content=\"Fertigung - Argon &amp; Co\" \/>\n<meta property=\"og:description\" content=\"Fertigungsunternehmen agieren heute in einem Umfeld, das von rasanten technologischen Umbr\u00fcchen, sich wandelnden Markterwartungen und zunehmender Komplexit\u00e4t gepr\u00e4gt ist. Um wettbewerbsf\u00e4hig zu bleiben, m\u00fcssen sie ihre Produktionsmodelle \u00fcberdenken und gleichzeitig sicherstellen, dass die operative Leistung stets den Anforderungen des Unternehmens und der Kunden entspricht oder diese sogar \u00fcbertrifft. Eine starke, integrierte Strategie f\u00fcr die Fertigung [&hellip;]\" \/>\n<meta property=\"og:url\" content=\"https:\/\/www.argonandco.com\/de\/leistungen\/fertigung\/\" \/>\n<meta property=\"og:site_name\" content=\"Argon &amp; Co\" \/>\n<meta property=\"article:modified_time\" content=\"2026-04-08T14:39:55+00:00\" \/>\n<meta name=\"twitter:card\" content=\"summary_large_image\" \/>\n<meta name=\"twitter:label1\" content=\"Gesch\u00e4tzte Lesezeit\" \/>\n\t<meta name=\"twitter:data1\" content=\"3 Minuten\" \/>\n<script type=\"application\/ld+json\" class=\"yoast-schema-graph\">{\"@context\":\"https:\\\/\\\/schema.org\",\"@graph\":[{\"@type\":\"WebPage\",\"@id\":\"https:\\\/\\\/www.argonandco.com\\\/de\\\/leistungen\\\/fertigung\\\/\",\"url\":\"https:\\\/\\\/www.argonandco.com\\\/de\\\/leistungen\\\/fertigung\\\/\",\"name\":\"Fertigung - Argon &amp; Co\",\"isPartOf\":{\"@id\":\"https:\\\/\\\/www.argonandco.com\\\/de\\\/#website\"},\"datePublished\":\"2026-04-07T13:46:06+00:00\",\"dateModified\":\"2026-04-08T14:39:55+00:00\",\"breadcrumb\":{\"@id\":\"https:\\\/\\\/www.argonandco.com\\\/de\\\/leistungen\\\/fertigung\\\/#breadcrumb\"},\"inLanguage\":\"de\",\"potentialAction\":[{\"@type\":\"ReadAction\",\"target\":[\"https:\\\/\\\/www.argonandco.com\\\/de\\\/leistungen\\\/fertigung\\\/\"]}]},{\"@type\":\"BreadcrumbList\",\"@id\":\"https:\\\/\\\/www.argonandco.com\\\/de\\\/leistungen\\\/fertigung\\\/#breadcrumb\",\"itemListElement\":[{\"@type\":\"ListItem\",\"position\":1,\"name\":\"Home\",\"item\":\"https:\\\/\\\/www.argonandco.com\\\/de\\\/\"},{\"@type\":\"ListItem\",\"position\":2,\"name\":\"Leistungen\",\"item\":\"https:\\\/\\\/www.argonandco.com\\\/de\\\/leistungen\\\/\"},{\"@type\":\"ListItem\",\"position\":3,\"name\":\"Fertigung\"}]},{\"@type\":\"WebSite\",\"@id\":\"https:\\\/\\\/www.argonandco.com\\\/de\\\/#website\",\"url\":\"https:\\\/\\\/www.argonandco.com\\\/de\\\/\",\"name\":\"Argon &amp; Co\",\"description\":\"We help clients achieve their strategic and operational objectives, working together to transform their businesses and generate real change.\",\"potentialAction\":[{\"@type\":\"SearchAction\",\"target\":{\"@type\":\"EntryPoint\",\"urlTemplate\":\"https:\\\/\\\/www.argonandco.com\\\/de\\\/?s={search_term_string}\"},\"query-input\":{\"@type\":\"PropertyValueSpecification\",\"valueRequired\":true,\"valueName\":\"search_term_string\"}}],\"inLanguage\":\"de\"}]}<\/script>\n<!-- \/ Yoast SEO plugin. -->","yoast_head_json":{"title":"Fertigung - Argon &amp; Co","robots":{"index":"index","follow":"follow","max-snippet":"max-snippet:-1","max-image-preview":"max-image-preview:large","max-video-preview":"max-video-preview:-1"},"canonical":"https:\/\/www.argonandco.com\/de\/leistungen\/fertigung\/","og_locale":"de_DE","og_type":"article","og_title":"Fertigung - Argon &amp; Co","og_description":"Fertigungsunternehmen agieren heute in einem Umfeld, das von rasanten technologischen Umbr\u00fcchen, sich wandelnden Markterwartungen und zunehmender Komplexit\u00e4t gepr\u00e4gt ist. Um wettbewerbsf\u00e4hig zu bleiben, m\u00fcssen sie ihre Produktionsmodelle \u00fcberdenken und gleichzeitig sicherstellen, dass die operative Leistung stets den Anforderungen des Unternehmens und der Kunden entspricht oder diese sogar \u00fcbertrifft. Eine starke, integrierte Strategie f\u00fcr die Fertigung [&hellip;]","og_url":"https:\/\/www.argonandco.com\/de\/leistungen\/fertigung\/","og_site_name":"Argon &amp; Co","article_modified_time":"2026-04-08T14:39:55+00:00","twitter_card":"summary_large_image","twitter_misc":{"Gesch\u00e4tzte Lesezeit":"3 Minuten"},"schema":{"@context":"https:\/\/schema.org","@graph":[{"@type":"WebPage","@id":"https:\/\/www.argonandco.com\/de\/leistungen\/fertigung\/","url":"https:\/\/www.argonandco.com\/de\/leistungen\/fertigung\/","name":"Fertigung - Argon &amp; Co","isPartOf":{"@id":"https:\/\/www.argonandco.com\/de\/#website"},"datePublished":"2026-04-07T13:46:06+00:00","dateModified":"2026-04-08T14:39:55+00:00","breadcrumb":{"@id":"https:\/\/www.argonandco.com\/de\/leistungen\/fertigung\/#breadcrumb"},"inLanguage":"de","potentialAction":[{"@type":"ReadAction","target":["https:\/\/www.argonandco.com\/de\/leistungen\/fertigung\/"]}]},{"@type":"BreadcrumbList","@id":"https:\/\/www.argonandco.com\/de\/leistungen\/fertigung\/#breadcrumb","itemListElement":[{"@type":"ListItem","position":1,"name":"Home","item":"https:\/\/www.argonandco.com\/de\/"},{"@type":"ListItem","position":2,"name":"Leistungen","item":"https:\/\/www.argonandco.com\/de\/leistungen\/"},{"@type":"ListItem","position":3,"name":"Fertigung"}]},{"@type":"WebSite","@id":"https:\/\/www.argonandco.com\/de\/#website","url":"https:\/\/www.argonandco.com\/de\/","name":"Argon &amp; Co","description":"We help clients achieve their strategic and operational objectives, working together to transform their businesses and generate real change.","potentialAction":[{"@type":"SearchAction","target":{"@type":"EntryPoint","urlTemplate":"https:\/\/www.argonandco.com\/de\/?s={search_term_string}"},"query-input":{"@type":"PropertyValueSpecification","valueRequired":true,"valueName":"search_term_string"}}],"inLanguage":"de"}]}},"_links":{"self":[{"href":"https:\/\/www.argonandco.com\/de\/wp-json\/wp\/v2\/pages\/37627","targetHints":{"allow":["GET"]}}],"collection":[{"href":"https:\/\/www.argonandco.com\/de\/wp-json\/wp\/v2\/pages"}],"about":[{"href":"https:\/\/www.argonandco.com\/de\/wp-json\/wp\/v2\/types\/page"}],"author":[{"embeddable":true,"href":"https:\/\/www.argonandco.com\/de\/wp-json\/wp\/v2\/users\/1"}],"replies":[{"embeddable":true,"href":"https:\/\/www.argonandco.com\/de\/wp-json\/wp\/v2\/comments?post=37627"}],"version-history":[{"count":0,"href":"https:\/\/www.argonandco.com\/de\/wp-json\/wp\/v2\/pages\/37627\/revisions"}],"up":[{"embeddable":true,"href":"https:\/\/www.argonandco.com\/de\/wp-json\/wp\/v2\/pages\/30418"}],"wp:attachment":[{"href":"https:\/\/www.argonandco.com\/de\/wp-json\/wp\/v2\/media?parent=37627"}],"curies":[{"name":"wp","href":"https:\/\/api.w.org\/{rel}","templated":true}]}}