{"id":37618,"date":"2026-04-07T14:46:28","date_gmt":"2026-04-07T13:46:28","guid":{"rendered":"https:\/\/www.argonandco.com\/?page_id=37618"},"modified":"2026-05-06T16:20:21","modified_gmt":"2026-05-06T15:20:21","slug":"systemintegration","status":"publish","type":"page","link":"https:\/\/www.argonandco.com\/de\/leistungen\/systemintegration\/","title":{"rendered":"Systemintegration"},"content":{"rendered":"<p>In der heutigen dynamischen Lieferkettenumgebung ist die Systemintegration ein entscheidender Faktor f\u00fcr operative Exzellenz. Unternehmen verlassen sich zunehmend auf ein Netzwerk digitaler Plattformen, um Logistik, Fertigung, Lagerhaltung und Beschaffung zu verwalten. Ohne nahtlose Integration k\u00f6nnen diese Systeme jedoch fragmentiert werden, was zu Ineffizienzen, Datensilos und verpassten Chancen f\u00fchrt.<\/p>\n<p>Eine effektive Systemintegration verbindet Technologie mit dem operativen Gesch\u00e4ft und stimmt digitale F\u00e4higkeiten auf strategische Ziele ab. Sie erm\u00f6glicht Echtzeit-Transparenz, Prozessautomatisierung und skalierbare Transformation und legt damit den Grundstein f\u00fcr widerstandsf\u00e4hige, reaktionsschnelle und leistungsstarke Lieferketten.<\/p>\n<h2><strong>Erste Schritte zur Systemintegration<\/strong><\/h2>\n<p>Der Weg beginnt mit der Ausrichtung der Technologiestrategie auf die betrieblichen Priorit\u00e4ten. Dazu geh\u00f6rt die Bewertung der aktuellen Systeme, die Identifizierung von L\u00fccken und die Erstellung eines Fahrplans f\u00fcr die Integration. Zu den wichtigsten ersten Aktivit\u00e4ten geh\u00f6ren:<\/p>\n<ul>\n<li>Strategisches L\u00f6sungsdesign, das auf die Anforderungen der Lieferkette zugeschnitten ist<\/li>\n<li>Technologieauswahl und Entwicklung eines Fahrplans unter Verwendung bew\u00e4hrter Beschleuniger<\/li>\n<li>Betriebsdiagnosen, um Ineffizienzen aufzudecken und Integrationsma\u00dfnahmen zu priorisieren<\/li>\n<\/ul>\n<p>Unabh\u00e4ngig davon, ob der Schwerpunkt auf Fertigung, Logistik, Planung oder Beschaffung liegt, besteht das Ziel darin, sicherzustellen, dass jede Initiative einen messbaren gesch\u00e4ftlichen Nutzen liefert und f\u00fcr Ver\u00e4nderungen bereit ist.<\/p>\n<h2><strong>Implementierung und Transformation<\/strong><\/h2>\n<p>Sobald die Strategie definiert ist, verlagert sich der Fokus auf die Umsetzung. Dazu geh\u00f6ren:<\/p>\n<ul>\n<li>End-to-End-Implementierung von Lieferkettentechnologien, von der Konfiguration bis zum Go-Live-Support<\/li>\n<li>Integration von Plattformen wie fortschrittlichen Planungs-, Lager-, Transport-, Fertigungs- und Beschaffungssystemen zur Leistungsoptimierung<\/li>\n<li>Change Enablement und Governance, um die Transformation team- und funktions\u00fcbergreifend zu verankern<\/li>\n<li>Kontinuierliche Leistungs\u00fcberwachung und Lebenszyklus-Support, um einen nachhaltigen Wert sicherzustellen<\/li>\n<\/ul>\n<p>Bei einer erfolgreichen Systemintegration geht es nicht nur um den Einsatz von Technologie, sondern darum, diese so zu gestalten, dass sie den individuellen Anforderungen des Unternehmens entspricht. Durch die Kombination von Menschen, Prozessen, Daten und Kultur wird die Integration zu einem Katalysator f\u00fcr langfristiges Wachstum und Anpassungsf\u00e4higkeit.<\/p>\n<h2><strong>Unterst\u00fctzung bei Herausforderungen der Systemintegration<\/strong><\/h2>\n<p>Unser Beraterteam f\u00fcr Systemintegration geht komplexen Problemen auf den Grund und konzentriert sich darauf, greifbare Ergebnisse f\u00fcr unsere Kunden zu erzielen.<\/p>\n<p>Wir kombinieren technisches Fachwissen, operative Erfahrung, Gesch\u00e4ftskenntnisse und gesunden Menschenverstand, um unseren Kunden bei der L\u00f6sung von Systemintegrationsproblemen zu helfen und dauerhafte Ergebnisse zu erzielen. Unser positiver, flexibler und pers\u00f6nlicher Ansatz, der bei Bedarf auch Herausforderungen mit einbezieht, sorgt f\u00fcr Akzeptanz auf allen Ebenen des Unternehmens unserer Kunden und f\u00fcr ein positives Ergebnis.  <a href=\"https:\/\/www.argonandco.com\/de\/ueber-uns\/\" target=\"_blank\" rel=\"noopener\">Erfahren Sie hier mehr \u00fcber uns. <\/a><\/p>\n","protected":false},"excerpt":{"rendered":"<p>In der heutigen dynamischen Lieferkettenumgebung ist die Systemintegration ein entscheidender Faktor f\u00fcr operative Exzellenz. Unternehmen verlassen sich zunehmend auf ein Netzwerk digitaler Plattformen, um Logistik, Fertigung, Lagerhaltung und Beschaffung zu verwalten. Ohne nahtlose Integration k\u00f6nnen diese Systeme jedoch fragmentiert werden, was zu Ineffizienzen, Datensilos und verpassten Chancen f\u00fchrt. Eine effektive Systemintegration verbindet Technologie mit dem [&hellip;]<\/p>\n","protected":false},"author":1,"featured_media":0,"parent":30418,"menu_order":9943,"comment_status":"closed","ping_status":"closed","template":"","meta":{"_acf_changed":false,"footnotes":""},"class_list":["post-37618","page","type-page","status-publish","hentry"],"acf":[],"yoast_head":"<!-- This site is optimized with the Yoast SEO plugin v27.5 - https:\/\/yoast.com\/product\/yoast-seo-wordpress\/ -->\n<title>Systemintegration - Argon &amp; Co<\/title>\n<meta name=\"robots\" content=\"index, follow, max-snippet:-1, max-image-preview:large, max-video-preview:-1\" \/>\n<link rel=\"canonical\" href=\"https:\/\/www.argonandco.com\/de\/leistungen\/systemintegration\/\" \/>\n<meta property=\"og:locale\" content=\"de_DE\" \/>\n<meta property=\"og:type\" content=\"article\" \/>\n<meta property=\"og:title\" content=\"Systemintegration - Argon &amp; Co\" \/>\n<meta property=\"og:description\" content=\"In der heutigen dynamischen Lieferkettenumgebung ist die Systemintegration ein entscheidender Faktor f\u00fcr operative Exzellenz. Unternehmen verlassen sich zunehmend auf ein Netzwerk digitaler Plattformen, um Logistik, Fertigung, Lagerhaltung und Beschaffung zu verwalten. Ohne nahtlose Integration k\u00f6nnen diese Systeme jedoch fragmentiert werden, was zu Ineffizienzen, Datensilos und verpassten Chancen f\u00fchrt. Eine effektive Systemintegration verbindet Technologie mit dem [&hellip;]\" \/>\n<meta property=\"og:url\" content=\"https:\/\/www.argonandco.com\/de\/leistungen\/systemintegration\/\" \/>\n<meta property=\"og:site_name\" content=\"Argon &amp; Co\" \/>\n<meta property=\"article:modified_time\" content=\"2026-05-06T15:20:21+00:00\" \/>\n<meta name=\"twitter:card\" content=\"summary_large_image\" \/>\n<meta name=\"twitter:label1\" content=\"Gesch\u00e4tzte Lesezeit\" \/>\n\t<meta name=\"twitter:data1\" content=\"2 Minuten\" \/>\n<script type=\"application\/ld+json\" class=\"yoast-schema-graph\">{\"@context\":\"https:\\\/\\\/schema.org\",\"@graph\":[{\"@type\":\"WebPage\",\"@id\":\"https:\\\/\\\/www.argonandco.com\\\/de\\\/leistungen\\\/systemintegration\\\/\",\"url\":\"https:\\\/\\\/www.argonandco.com\\\/de\\\/leistungen\\\/systemintegration\\\/\",\"name\":\"Systemintegration - Argon &amp; Co\",\"isPartOf\":{\"@id\":\"https:\\\/\\\/www.argonandco.com\\\/de\\\/#website\"},\"datePublished\":\"2026-04-07T13:46:28+00:00\",\"dateModified\":\"2026-05-06T15:20:21+00:00\",\"breadcrumb\":{\"@id\":\"https:\\\/\\\/www.argonandco.com\\\/de\\\/leistungen\\\/systemintegration\\\/#breadcrumb\"},\"inLanguage\":\"de\",\"potentialAction\":[{\"@type\":\"ReadAction\",\"target\":[\"https:\\\/\\\/www.argonandco.com\\\/de\\\/leistungen\\\/systemintegration\\\/\"]}]},{\"@type\":\"BreadcrumbList\",\"@id\":\"https:\\\/\\\/www.argonandco.com\\\/de\\\/leistungen\\\/systemintegration\\\/#breadcrumb\",\"itemListElement\":[{\"@type\":\"ListItem\",\"position\":1,\"name\":\"Home\",\"item\":\"https:\\\/\\\/www.argonandco.com\\\/de\\\/\"},{\"@type\":\"ListItem\",\"position\":2,\"name\":\"Leistungen\",\"item\":\"https:\\\/\\\/www.argonandco.com\\\/de\\\/leistungen\\\/\"},{\"@type\":\"ListItem\",\"position\":3,\"name\":\"Systemintegration\"}]},{\"@type\":\"WebSite\",\"@id\":\"https:\\\/\\\/www.argonandco.com\\\/de\\\/#website\",\"url\":\"https:\\\/\\\/www.argonandco.com\\\/de\\\/\",\"name\":\"Argon &amp; Co\",\"description\":\"We help clients achieve their strategic and operational objectives, working together to transform their businesses and generate real change.\",\"potentialAction\":[{\"@type\":\"SearchAction\",\"target\":{\"@type\":\"EntryPoint\",\"urlTemplate\":\"https:\\\/\\\/www.argonandco.com\\\/de\\\/?s={search_term_string}\"},\"query-input\":{\"@type\":\"PropertyValueSpecification\",\"valueRequired\":true,\"valueName\":\"search_term_string\"}}],\"inLanguage\":\"de\"}]}<\/script>\n<!-- \/ Yoast SEO plugin. -->","yoast_head_json":{"title":"Systemintegration - Argon &amp; Co","robots":{"index":"index","follow":"follow","max-snippet":"max-snippet:-1","max-image-preview":"max-image-preview:large","max-video-preview":"max-video-preview:-1"},"canonical":"https:\/\/www.argonandco.com\/de\/leistungen\/systemintegration\/","og_locale":"de_DE","og_type":"article","og_title":"Systemintegration - Argon &amp; Co","og_description":"In der heutigen dynamischen Lieferkettenumgebung ist die Systemintegration ein entscheidender Faktor f\u00fcr operative Exzellenz. Unternehmen verlassen sich zunehmend auf ein Netzwerk digitaler Plattformen, um Logistik, Fertigung, Lagerhaltung und Beschaffung zu verwalten. Ohne nahtlose Integration k\u00f6nnen diese Systeme jedoch fragmentiert werden, was zu Ineffizienzen, Datensilos und verpassten Chancen f\u00fchrt. Eine effektive Systemintegration verbindet Technologie mit dem [&hellip;]","og_url":"https:\/\/www.argonandco.com\/de\/leistungen\/systemintegration\/","og_site_name":"Argon &amp; Co","article_modified_time":"2026-05-06T15:20:21+00:00","twitter_card":"summary_large_image","twitter_misc":{"Gesch\u00e4tzte Lesezeit":"2 Minuten"},"schema":{"@context":"https:\/\/schema.org","@graph":[{"@type":"WebPage","@id":"https:\/\/www.argonandco.com\/de\/leistungen\/systemintegration\/","url":"https:\/\/www.argonandco.com\/de\/leistungen\/systemintegration\/","name":"Systemintegration - Argon &amp; Co","isPartOf":{"@id":"https:\/\/www.argonandco.com\/de\/#website"},"datePublished":"2026-04-07T13:46:28+00:00","dateModified":"2026-05-06T15:20:21+00:00","breadcrumb":{"@id":"https:\/\/www.argonandco.com\/de\/leistungen\/systemintegration\/#breadcrumb"},"inLanguage":"de","potentialAction":[{"@type":"ReadAction","target":["https:\/\/www.argonandco.com\/de\/leistungen\/systemintegration\/"]}]},{"@type":"BreadcrumbList","@id":"https:\/\/www.argonandco.com\/de\/leistungen\/systemintegration\/#breadcrumb","itemListElement":[{"@type":"ListItem","position":1,"name":"Home","item":"https:\/\/www.argonandco.com\/de\/"},{"@type":"ListItem","position":2,"name":"Leistungen","item":"https:\/\/www.argonandco.com\/de\/leistungen\/"},{"@type":"ListItem","position":3,"name":"Systemintegration"}]},{"@type":"WebSite","@id":"https:\/\/www.argonandco.com\/de\/#website","url":"https:\/\/www.argonandco.com\/de\/","name":"Argon &amp; Co","description":"We help clients achieve their strategic and operational objectives, working together to transform their businesses and generate real change.","potentialAction":[{"@type":"SearchAction","target":{"@type":"EntryPoint","urlTemplate":"https:\/\/www.argonandco.com\/de\/?s={search_term_string}"},"query-input":{"@type":"PropertyValueSpecification","valueRequired":true,"valueName":"search_term_string"}}],"inLanguage":"de"}]}},"_links":{"self":[{"href":"https:\/\/www.argonandco.com\/de\/wp-json\/wp\/v2\/pages\/37618","targetHints":{"allow":["GET"]}}],"collection":[{"href":"https:\/\/www.argonandco.com\/de\/wp-json\/wp\/v2\/pages"}],"about":[{"href":"https:\/\/www.argonandco.com\/de\/wp-json\/wp\/v2\/types\/page"}],"author":[{"embeddable":true,"href":"https:\/\/www.argonandco.com\/de\/wp-json\/wp\/v2\/users\/1"}],"replies":[{"embeddable":true,"href":"https:\/\/www.argonandco.com\/de\/wp-json\/wp\/v2\/comments?post=37618"}],"version-history":[{"count":0,"href":"https:\/\/www.argonandco.com\/de\/wp-json\/wp\/v2\/pages\/37618\/revisions"}],"up":[{"embeddable":true,"href":"https:\/\/www.argonandco.com\/de\/wp-json\/wp\/v2\/pages\/30418"}],"wp:attachment":[{"href":"https:\/\/www.argonandco.com\/de\/wp-json\/wp\/v2\/media?parent=37618"}],"curies":[{"name":"wp","href":"https:\/\/api.w.org\/{rel}","templated":true}]}}