{"id":37612,"date":"2026-04-07T14:46:37","date_gmt":"2026-04-07T13:46:37","guid":{"rendered":"https:\/\/www.argonandco.com\/?page_id=37612"},"modified":"2026-05-06T16:19:15","modified_gmt":"2026-05-06T15:19:15","slug":"mergers-and-acquisitions","status":"publish","type":"page","link":"https:\/\/www.argonandco.com\/de\/leistungen\/mergers-and-acquisitions\/","title":{"rendered":"M&#038;A und Deal Advisory"},"content":{"rendered":"<p><span class=\"TextRun SCXW30637355 BCX8\" lang=\"DE-DE\" xml:lang=\"DE-DE\" data-contrast=\"auto\"><span class=\"NormalTextRun SCXW30637355 BCX8\">Unser Team f\u00fcr M&amp;A\u00a0<\/span><span class=\"NormalTextRun SCXW30637355 BCX8\">&amp;<\/span><span class=\"NormalTextRun SCXW30637355 BCX8\">\u00a0Deal Advisory unterst\u00fctzt Kunden w\u00e4hrend des gesamten<\/span><span class=\"NormalTextRun SCXW30637355 BCX8\">\u00a0<\/span><span class=\"NormalTextRun SCXW30637355 BCX8\">Lebenszyklus strategischer Transaktionen \u2013\u00a0<\/span><span class=\"NormalTextRun SCXW30637355 BCX8\">v<\/span><span class=\"NormalTextRun SCXW30637355 BCX8\">on der Strategieentwicklung und Zielidentifikation bis hin zur Due Diligence und Verhandlungsf\u00fchrung. Mit einem klaren Fokus auf die individuellen Kundenbed\u00fcrfnisse bieten wir Ihnen ma\u00dfgeschneiderte L\u00f6sungen, die auf nachhaltigem Erfolg basieren<\/span><span class=\"NormalTextRun SCXW30637355 BCX8\">\u00a0\u2013 sowohl\u00a0<\/span><span class=\"NormalTextRun SCXW30637355 BCX8\">bei Kauf-\u00a0<\/span><span class=\"NormalTextRun SCXW30637355 BCX8\">wie auch bei\u00a0<\/span><span class=\"NormalTextRun SCXW30637355 BCX8\">Verkaufsmandaten.<\/span><\/span><span class=\"TextRun SCXW30637355 BCX8\" lang=\"DE-DE\" xml:lang=\"DE-DE\" data-contrast=\"auto\"><span class=\"NormalTextRun SCXW30637355 BCX8\">\u202f<\/span><\/span><span class=\"TextRun SCXW30637355 BCX8\" lang=\"DE-DE\" xml:lang=\"DE-DE\" data-contrast=\"auto\"><span class=\"NormalTextRun SCXW30637355 BCX8\">Wir beraten Industrie- und Dienstleistungsunternehmen sowie Finanzinvestoren. Bei unseren Kunden handelt es sich sowohl um den Mittelstand als auch<\/span><span class=\"NormalTextRun SCXW30637355 BCX8\">\u00a0um<\/span><span class=\"NormalTextRun SCXW30637355 BCX8\">\u00a0b\u00f6rsennotierte Gesellschaften, national wie international.<\/span><span class=\"NormalTextRun SCXW30637355 BCX8\">\u00a0<\/span><span class=\"NormalTextRun SCXW30637355 BCX8\">Unser Team\u00a0<\/span><span class=\"NormalTextRun SCXW30637355 BCX8\">bietet a<\/span><span class=\"NormalTextRun SCXW30637355 BCX8\">uch ma\u00dfgeschneiderte L\u00f6sungen f\u00fcr Nachfolgeregelungen an.\u00a0<\/span><span class=\"NormalTextRun SCXW30637355 BCX8\">Wir\u00a0<\/span><span class=\"NormalTextRun SCXW30637355 BCX8\">begleite<\/span><span class=\"NormalTextRun SCXW30637355 BCX8\">n<\/span><span class=\"NormalTextRun SCXW30637355 BCX8\">\u00a0Unternehmen bei der Vorbereitung und Umsetzung von Nachfolgepl\u00e4nen, um einen reibungslosen \u00dcbergang zu gew\u00e4hrleisten und den langfristigen Erfolg zu sichern. Dar\u00fcber hinaus stehen wir auch bei Carve-out-Prozessen mit Rat und Tat zur Seite, sei es bei der Separierung von Gesch\u00e4ftsbereichen oder dem Verkauf von Unternehmensanteilen. Wir unterst\u00fctzen unsere Kunden ebenso bei der Umsetzung<\/span><\/span><span class=\"TextRun SCXW30637355 BCX8\" lang=\"DE-DE\" xml:lang=\"DE-DE\" data-contrast=\"none\"><span class=\"NormalTextRun SCXW30637355 BCX8\">\u00a0<\/span><span class=\"NormalTextRun SCXW30637355 BCX8\">von<\/span><span class=\"NormalTextRun SCXW30637355 BCX8\">\u00a0komplexen Transaktionen<\/span><span class=\"NormalTextRun SCXW30637355 BCX8\">\u00a0in Krisen- oder Sondersituationen<\/span><span class=\"NormalTextRun SCXW30637355 BCX8\">.<\/span><\/span><span class=\"EOP Selected SCXW30637355 BCX8\" data-ccp-props=\"{}\">\u00a0<\/span><\/p>\n<h2><strong>Erste Schritte bei Fusionen und \u00dcbernahmen sowie bei der Transaktionsberatung<\/strong><\/h2>\n<p><span class=\"TextRun SCXW161197827 BCX8\" lang=\"DE-DE\" xml:lang=\"DE-DE\" data-contrast=\"auto\"><span class=\"NormalTextRun SCXW161197827 BCX8\">Unsere Dienstleistungen erstrecken sich \u00fcber s\u00e4mtliche Phasen von M&amp;A-Projekten, beginnend mit der sorgf\u00e4ltigen Strukturierung bis hin zur nahtlosen Integration nach dem Zusammenschluss. Unser Ansatz kombiniert eine detaillierte Vorbereitung mit einem tiefgreifenden Verst\u00e4ndnis des Marktes und umfangreicher Verhandlungserfahrung, um erfolgreiche Transaktionen zu gew\u00e4hrleisten. Zus\u00e4tzlich zur Unterst\u00fctzung bei M&amp;A-Projekten bieten wir auch ma\u00dfgeschneiderte L\u00f6sungen f\u00fcr Nachfolgeregelungen an. Unser Team begleitet Unternehmen bei der Vorbereitung und Umsetzung von Nachfolgepl\u00e4nen, um einen reibungslosen \u00dcbergang zu gew\u00e4hrleisten und den langfristigen Erfolg zu sichern. Dar\u00fcber hinaus stehen wir auch bei Carve-out-Prozessen mit Rat und Tat zur Seite, sei es bei der Separierung von Gesch\u00e4ftsbereichen oder dem Verkauf von Unternehmensanteilen. Wir unterst\u00fctzen unsere Kunden bei der Planung und Umsetzung dieser komplexen Transaktionen, um optimale Ergebnisse zu erzielen.<\/span><\/span><span class=\"EOP Selected SCXW161197827 BCX8\" data-ccp-props=\"{}\">\u00a0<\/span><\/p>\n<h2><strong><span class=\"TextRun SCXW192233813 BCX8\" lang=\"DE-DE\" xml:lang=\"DE-DE\" data-contrast=\"none\"><span class=\"NormalTextRun SCXW192233813 BCX8\">Unterst\u00fctzung bei Herausforderungen im Bereich M&amp;A und Transaktionsberatung<\/span><\/span><span class=\"EOP Selected SCXW192233813 BCX8\" data-ccp-props=\"{&quot;201341983&quot;:0,&quot;335559738&quot;:450,&quot;335559739&quot;:210,&quot;335559740&quot;:240}\">\u00a0<\/span><\/strong><\/h2>\n<p><span class=\"TextRun SCXW69809286 BCX8\" lang=\"DE-DE\" xml:lang=\"DE-DE\" data-contrast=\"auto\"><span class=\"NormalTextRun SCXW69809286 BCX8\">Im Rahmen unserer Commercial Due Diligence analysieren wir die Grundlagen des Gesch\u00e4ftsmodells sowie des Gesch\u00e4ftsumfeldes, einschlie\u00dflich Markt, Kunden und Wettbewerberanalyse. Auf Verk\u00e4uferseite stellen wir sicher, dass potenzielle K\u00e4ufer die\u00a0<\/span><span class=\"NormalTextRun SCXW69809286 BCX8\">Zahlen und die Leistung Ihres Unternehmens verstehen und angemessen w\u00fcrdigen k\u00f6nnen. Eine gr\u00fcndliche Vorbereitung und Analysen, die einer eingehenden Diskussion standhalten, sind hierbei von gr\u00f6\u00dfter Bedeutung. Wir unterst\u00fctzen Sie w\u00e4hrend des gesamten Prozesses, angefangen von der Erstellung historischer Finanzdaten und Businesspl\u00e4ne bis hin zur Erstellung aussagekr\u00e4ftiger Verkaufsunterlagen. Dar\u00fcber hinaus begleiten wir Sie bei Q&amp;A-Sitzungen mit potenziellen K\u00e4ufern und stehen Ihnen bei den Verhandlungen \u00fcber die finanziellen Rahmenbedingungen der Transaktion zur Seite.<\/span><\/span><span class=\"EOP SCXW69809286 BCX8\" data-ccp-props=\"{}\">\u00a0<\/span><\/p>\n<h2><strong><span class=\"TextRun SCXW206421085 BCX8\" lang=\"DE-DE\" xml:lang=\"DE-DE\" data-contrast=\"none\"><span class=\"NormalTextRun SCXW206421085 BCX8\">Unterst\u00fctzung bei Herausforderungen im Bereich Fusionen und \u00dcbernahmen<\/span><\/span><\/strong><\/h2>\n<p><span data-contrast=\"auto\">Unser Beraterteam geht komplexen Problemen auf den Grund und konzentriert sich darauf, greifbare Ergebnisse f\u00fcr unsere Kunden zu erzielen.<\/span><span data-ccp-props=\"{}\">\u00a0<\/span><\/p>\n<p><span data-contrast=\"auto\">M&amp;A verstehen wir als erfolgreiches Zusammenbringen von potenziellen K\u00e4ufern und Verk\u00e4ufern. Wir verf\u00fcgen \u00fcber langj\u00e4hrige Erfahrung mit kompetitiven Prozessen, bei denen eine Vielzahl von potenziellen Investoren mit dem Ziel involviert ist, den Verkaufserl\u00f6s zu maximieren. Wir identifizieren geeignete Investoren und sprechen diese f\u00fcr Sie an. Unser integrierter Dienstleistungsansatz garantiert einen effizienten und schlanken Transaktionsablauf. Auch bei komplexen Sell-Side- &amp; Buy-Side-Transaktionen und Carve-outs sind Sie bei uns in den besten H\u00e4nden.\u202fWir unterst\u00fctzen Sie vom Beginn einer Transaktion bis zu deren Abschluss und liefern Ihnen die Zahlenbasis f\u00fcr Ihre Entscheidungen. Wir verf\u00fcgen \u00fcber umfangreiche Erfahrung in der Beratung deutscher und europ\u00e4ischer Mittelstandsunternehmen und gro\u00dfer familiengef\u00fchrter und b\u00f6rsennotierter Unternehmen sowie Private-Equity und Venture Capital Fonds.\u202fIm Vorfeld einer Transaktion unterst\u00fctzt unser Team Sie bei der Financial Due Diligence: Wir analysieren die historischen Finanzen und werten den aktuellen Gesch\u00e4ftsverlauf und den Business Plan aus, um die Risikoeinsch\u00e4tzung und die Unternehmensbewertung zu unterst\u00fctzen. Zus\u00e4tzlich umfassen unsere Analysen auch Einsch\u00e4tzungen zur Deal-Strukturierung und Analysen zur Stand-alone-Basis. <a href=\"https:\/\/www.argonandco.com\/de\/ueber-uns\/\" target=\"_blank\" rel=\"noopener\">Erfahren Sie hier mehr \u00fcber uns. <\/a><\/span><\/p>\n","protected":false},"excerpt":{"rendered":"<p>Unser Team f\u00fcr M&amp;A\u00a0&amp;\u00a0Deal Advisory unterst\u00fctzt Kunden w\u00e4hrend des gesamten\u00a0Lebenszyklus strategischer Transaktionen \u2013\u00a0von der Strategieentwicklung und Zielidentifikation bis hin zur Due Diligence und Verhandlungsf\u00fchrung. Mit einem klaren Fokus auf die individuellen Kundenbed\u00fcrfnisse bieten wir Ihnen ma\u00dfgeschneiderte L\u00f6sungen, die auf nachhaltigem Erfolg basieren\u00a0\u2013 sowohl\u00a0bei Kauf-\u00a0wie auch bei\u00a0Verkaufsmandaten.\u202fWir beraten Industrie- und Dienstleistungsunternehmen sowie Finanzinvestoren. Bei unseren Kunden [&hellip;]<\/p>\n","protected":false},"author":1,"featured_media":0,"parent":30418,"menu_order":9904,"comment_status":"closed","ping_status":"closed","template":"","meta":{"_acf_changed":false,"footnotes":""},"class_list":["post-37612","page","type-page","status-publish","hentry"],"acf":[],"yoast_head":"<!-- This site is optimized with the Yoast SEO plugin v27.5 - https:\/\/yoast.com\/product\/yoast-seo-wordpress\/ -->\n<title>M&amp;A und Deal Advisory - Argon &amp; Co<\/title>\n<meta name=\"robots\" content=\"index, follow, max-snippet:-1, max-image-preview:large, max-video-preview:-1\" \/>\n<link rel=\"canonical\" href=\"https:\/\/www.argonandco.com\/de\/leistungen\/mergers-and-acquisitions\/\" \/>\n<meta property=\"og:locale\" content=\"de_DE\" \/>\n<meta property=\"og:type\" content=\"article\" \/>\n<meta property=\"og:title\" content=\"M&amp;A und Deal Advisory - Argon &amp; Co\" \/>\n<meta property=\"og:description\" content=\"Unser Team f\u00fcr M&amp;A\u00a0&amp;\u00a0Deal Advisory unterst\u00fctzt Kunden w\u00e4hrend des gesamten\u00a0Lebenszyklus strategischer Transaktionen \u2013\u00a0von der Strategieentwicklung und Zielidentifikation bis hin zur Due Diligence und Verhandlungsf\u00fchrung. Mit einem klaren Fokus auf die individuellen Kundenbed\u00fcrfnisse bieten wir Ihnen ma\u00dfgeschneiderte L\u00f6sungen, die auf nachhaltigem Erfolg basieren\u00a0\u2013 sowohl\u00a0bei Kauf-\u00a0wie auch bei\u00a0Verkaufsmandaten.\u202fWir beraten Industrie- und Dienstleistungsunternehmen sowie Finanzinvestoren. Bei unseren Kunden [&hellip;]\" \/>\n<meta property=\"og:url\" content=\"https:\/\/www.argonandco.com\/de\/leistungen\/mergers-and-acquisitions\/\" \/>\n<meta property=\"og:site_name\" content=\"Argon &amp; Co\" \/>\n<meta property=\"article:modified_time\" content=\"2026-05-06T15:19:15+00:00\" \/>\n<meta name=\"twitter:card\" content=\"summary_large_image\" \/>\n<meta name=\"twitter:label1\" content=\"Gesch\u00e4tzte Lesezeit\" \/>\n\t<meta name=\"twitter:data1\" content=\"3 Minuten\" \/>\n<script type=\"application\/ld+json\" class=\"yoast-schema-graph\">{\"@context\":\"https:\\\/\\\/schema.org\",\"@graph\":[{\"@type\":\"WebPage\",\"@id\":\"https:\\\/\\\/www.argonandco.com\\\/de\\\/leistungen\\\/mergers-and-acquisitions\\\/\",\"url\":\"https:\\\/\\\/www.argonandco.com\\\/de\\\/leistungen\\\/mergers-and-acquisitions\\\/\",\"name\":\"M&A und Deal Advisory - Argon &amp; Co\",\"isPartOf\":{\"@id\":\"https:\\\/\\\/www.argonandco.com\\\/de\\\/#website\"},\"datePublished\":\"2026-04-07T13:46:37+00:00\",\"dateModified\":\"2026-05-06T15:19:15+00:00\",\"breadcrumb\":{\"@id\":\"https:\\\/\\\/www.argonandco.com\\\/de\\\/leistungen\\\/mergers-and-acquisitions\\\/#breadcrumb\"},\"inLanguage\":\"de\",\"potentialAction\":[{\"@type\":\"ReadAction\",\"target\":[\"https:\\\/\\\/www.argonandco.com\\\/de\\\/leistungen\\\/mergers-and-acquisitions\\\/\"]}]},{\"@type\":\"BreadcrumbList\",\"@id\":\"https:\\\/\\\/www.argonandco.com\\\/de\\\/leistungen\\\/mergers-and-acquisitions\\\/#breadcrumb\",\"itemListElement\":[{\"@type\":\"ListItem\",\"position\":1,\"name\":\"Home\",\"item\":\"https:\\\/\\\/www.argonandco.com\\\/de\\\/\"},{\"@type\":\"ListItem\",\"position\":2,\"name\":\"Leistungen\",\"item\":\"https:\\\/\\\/www.argonandco.com\\\/de\\\/leistungen\\\/\"},{\"@type\":\"ListItem\",\"position\":3,\"name\":\"M&#038;A und Deal Advisory\"}]},{\"@type\":\"WebSite\",\"@id\":\"https:\\\/\\\/www.argonandco.com\\\/de\\\/#website\",\"url\":\"https:\\\/\\\/www.argonandco.com\\\/de\\\/\",\"name\":\"Argon &amp; Co\",\"description\":\"We help clients achieve their strategic and operational objectives, working together to transform their businesses and generate real change.\",\"potentialAction\":[{\"@type\":\"SearchAction\",\"target\":{\"@type\":\"EntryPoint\",\"urlTemplate\":\"https:\\\/\\\/www.argonandco.com\\\/de\\\/?s={search_term_string}\"},\"query-input\":{\"@type\":\"PropertyValueSpecification\",\"valueRequired\":true,\"valueName\":\"search_term_string\"}}],\"inLanguage\":\"de\"}]}<\/script>\n<!-- \/ Yoast SEO plugin. -->","yoast_head_json":{"title":"M&A und Deal Advisory - Argon &amp; Co","robots":{"index":"index","follow":"follow","max-snippet":"max-snippet:-1","max-image-preview":"max-image-preview:large","max-video-preview":"max-video-preview:-1"},"canonical":"https:\/\/www.argonandco.com\/de\/leistungen\/mergers-and-acquisitions\/","og_locale":"de_DE","og_type":"article","og_title":"M&A und Deal Advisory - Argon &amp; Co","og_description":"Unser Team f\u00fcr M&amp;A\u00a0&amp;\u00a0Deal Advisory unterst\u00fctzt Kunden w\u00e4hrend des gesamten\u00a0Lebenszyklus strategischer Transaktionen \u2013\u00a0von der Strategieentwicklung und Zielidentifikation bis hin zur Due Diligence und Verhandlungsf\u00fchrung. Mit einem klaren Fokus auf die individuellen Kundenbed\u00fcrfnisse bieten wir Ihnen ma\u00dfgeschneiderte L\u00f6sungen, die auf nachhaltigem Erfolg basieren\u00a0\u2013 sowohl\u00a0bei Kauf-\u00a0wie auch bei\u00a0Verkaufsmandaten.\u202fWir beraten Industrie- und Dienstleistungsunternehmen sowie Finanzinvestoren. Bei unseren Kunden [&hellip;]","og_url":"https:\/\/www.argonandco.com\/de\/leistungen\/mergers-and-acquisitions\/","og_site_name":"Argon &amp; Co","article_modified_time":"2026-05-06T15:19:15+00:00","twitter_card":"summary_large_image","twitter_misc":{"Gesch\u00e4tzte Lesezeit":"3 Minuten"},"schema":{"@context":"https:\/\/schema.org","@graph":[{"@type":"WebPage","@id":"https:\/\/www.argonandco.com\/de\/leistungen\/mergers-and-acquisitions\/","url":"https:\/\/www.argonandco.com\/de\/leistungen\/mergers-and-acquisitions\/","name":"M&A und Deal Advisory - Argon &amp; Co","isPartOf":{"@id":"https:\/\/www.argonandco.com\/de\/#website"},"datePublished":"2026-04-07T13:46:37+00:00","dateModified":"2026-05-06T15:19:15+00:00","breadcrumb":{"@id":"https:\/\/www.argonandco.com\/de\/leistungen\/mergers-and-acquisitions\/#breadcrumb"},"inLanguage":"de","potentialAction":[{"@type":"ReadAction","target":["https:\/\/www.argonandco.com\/de\/leistungen\/mergers-and-acquisitions\/"]}]},{"@type":"BreadcrumbList","@id":"https:\/\/www.argonandco.com\/de\/leistungen\/mergers-and-acquisitions\/#breadcrumb","itemListElement":[{"@type":"ListItem","position":1,"name":"Home","item":"https:\/\/www.argonandco.com\/de\/"},{"@type":"ListItem","position":2,"name":"Leistungen","item":"https:\/\/www.argonandco.com\/de\/leistungen\/"},{"@type":"ListItem","position":3,"name":"M&#038;A und Deal Advisory"}]},{"@type":"WebSite","@id":"https:\/\/www.argonandco.com\/de\/#website","url":"https:\/\/www.argonandco.com\/de\/","name":"Argon &amp; Co","description":"We help clients achieve their strategic and operational objectives, working together to transform their businesses and generate real change.","potentialAction":[{"@type":"SearchAction","target":{"@type":"EntryPoint","urlTemplate":"https:\/\/www.argonandco.com\/de\/?s={search_term_string}"},"query-input":{"@type":"PropertyValueSpecification","valueRequired":true,"valueName":"search_term_string"}}],"inLanguage":"de"}]}},"_links":{"self":[{"href":"https:\/\/www.argonandco.com\/de\/wp-json\/wp\/v2\/pages\/37612","targetHints":{"allow":["GET"]}}],"collection":[{"href":"https:\/\/www.argonandco.com\/de\/wp-json\/wp\/v2\/pages"}],"about":[{"href":"https:\/\/www.argonandco.com\/de\/wp-json\/wp\/v2\/types\/page"}],"author":[{"embeddable":true,"href":"https:\/\/www.argonandco.com\/de\/wp-json\/wp\/v2\/users\/1"}],"replies":[{"embeddable":true,"href":"https:\/\/www.argonandco.com\/de\/wp-json\/wp\/v2\/comments?post=37612"}],"version-history":[{"count":0,"href":"https:\/\/www.argonandco.com\/de\/wp-json\/wp\/v2\/pages\/37612\/revisions"}],"up":[{"embeddable":true,"href":"https:\/\/www.argonandco.com\/de\/wp-json\/wp\/v2\/pages\/30418"}],"wp:attachment":[{"href":"https:\/\/www.argonandco.com\/de\/wp-json\/wp\/v2\/media?parent=37612"}],"curies":[{"name":"wp","href":"https:\/\/api.w.org\/{rel}","templated":true}]}}