{"id":37603,"date":"2026-04-07T14:45:47","date_gmt":"2026-04-07T13:45:47","guid":{"rendered":"https:\/\/www.argonandco.com\/?page_id=37603"},"modified":"2026-04-07T14:46:54","modified_gmt":"2026-04-07T13:46:54","slug":"performance-und-restrukturierung","status":"publish","type":"page","link":"https:\/\/www.argonandco.com\/de\/leistungen\/performance-und-restrukturierung\/","title":{"rendered":"Performance und Restrukturierung"},"content":{"rendered":"<p>Angesichts der aktuellen Marktvolatilit\u00e4t, Lieferkettenst\u00f6rungen und des Margendrucks helfen unsere Dienstleistungen im Bereich Performance und Restrukturierung Unternehmen dabei, Abw\u00e4rtsspiralen zu durchbrechen und nachhaltige Werte wiederaufzubauen. Unabh\u00e4ngig davon, ob Unternehmen noch stabil operieren oder sich in einer Krisensituation befinden, helfen wir dabei, die Ursachen f\u00fcr Leistungsdefizite aufzudecken und die finanziellen, operativen und strategischen Grundlagen f\u00fcr eine Erholung zu schaffen. Auf der Grundlage jahrzehntelanger Erfahrung in verschiedenen Industriezweigen verbinden wir exzellentes Controlling und Finanzmanagement mit praktischer Erfahrung, Einblicken aus der Fertigung und Turnaround-Governance.<\/p>\n<h2><strong>Erste Schritte zu Performance und Restrukturierung<\/strong><\/h2>\n<p>Wir beginnen mit einer schnellen, aber gr\u00fcndlichen Diagnose des aktuellen Gesch\u00e4ftsmodells, bei der wir die Cashflow-Dynamik, Margenerosion, Engp\u00e4sse im Wertstrom, Risiken f\u00fcr Stakeholder und organisatorische F\u00e4higkeiten untersuchen. Auf dieser Grundlage definieren wir gemeinsam wichtige Hebel: zum Beispiel die \u00dcberarbeitung von Preismodellen, die Verkleinerung oder Umverteilung von Kapazit\u00e4ten, die Neuausrichtung von Produktportfolios oder die Optimierung des Betriebskapitals. Parallel dazu aktivieren wir einen Restrukturierungsmotor \u2013 indem wir die F\u00fchrung einbeziehen, die Finanzierung sichern und den Betrieb stabilisieren \u2013, um den Niedergang zu stoppen und das Vertrauen von Banken, Investoren und internen Stakeholdern wiederherzustellen.<\/p>\n<h2><strong>Performance- und Restrukturierungstransformation<\/strong><\/h2>\n<p>Sobald die Stabilisierung erreicht ist, verlagern wir den Fokus auf die strukturelle Transformation. Dazu geh\u00f6ren die Einbettung von Governance- und Leistungs\u00fcberwachungssystemen, die Neugestaltung von organisatorischen Rollen und Verhaltensweisen sowie die Institutionalisierung kontinuierlicher Verbesserungen. Das Ziel ist es, vom reaktiven Modus zu einem zukunftsf\u00e4higen Betriebsmodell \u00fcberzugehen, das Strategie, Betrieb und Finanzmanagement aufeinander abstimmt und den Turnaround in Wachstumsbereitschaft verwandelt. Im Laufe der Zeit erm\u00f6glicht dieser Wandel den Unternehmen nicht nur, in disruptiven Umgebungen zu \u00fcberleben, sondern sich proaktiv neu zu positionieren, sich an neue Gesch\u00e4ftsmodelle anzupassen und langfristigen Wert zu erschlie\u00dfen.<\/p>\n<h2><strong>Unterst\u00fctzung bei Performance- und Restrukturierungsherausforderungen<\/strong><\/h2>\n<p>Unser Beraterteam geht komplexen Problemen auf den Grund und konzentriert sich darauf, greifbare Ergebnisse f\u00fcr unsere Kunden zu erzielen.<\/p>\n<p>Wir kombinieren technisches Fachwissen, operative Erfahrung, Gesch\u00e4ftskenntnisse und gesunden Menschenverstand, um unseren Kunden bei der L\u00f6sung von Leistungsproblemen zu helfen und dauerhafte Ergebnisse zu erzielen. Unser positiver, flexibler und pers\u00f6nlicher Ansatz, der bei Bedarf auch Herausforderungen mit einbezieht, sorgt f\u00fcr Akzeptanz auf allen Ebenen des Unternehmens unserer Kunden und f\u00fcr ein positives Ergebnis. Erfahren Sie hier mehr \u00fcber uns.<\/p>\n","protected":false},"excerpt":{"rendered":"<p>Angesichts der aktuellen Marktvolatilit\u00e4t, Lieferkettenst\u00f6rungen und des Margendrucks helfen unsere Dienstleistungen im Bereich Performance und Restrukturierung Unternehmen dabei, Abw\u00e4rtsspiralen zu durchbrechen und nachhaltige Werte wiederaufzubauen. Unabh\u00e4ngig davon, ob Unternehmen noch stabil operieren oder sich in einer Krisensituation befinden, helfen wir dabei, die Ursachen f\u00fcr Leistungsdefizite aufzudecken und die finanziellen, operativen und strategischen Grundlagen f\u00fcr eine [&hellip;]<\/p>\n","protected":false},"author":1,"featured_media":0,"parent":30418,"menu_order":9901,"comment_status":"closed","ping_status":"closed","template":"","meta":{"_acf_changed":false,"footnotes":""},"class_list":["post-37603","page","type-page","status-publish","hentry"],"acf":[],"yoast_head":"<!-- This site is optimized with the Yoast SEO plugin v27.5 - https:\/\/yoast.com\/product\/yoast-seo-wordpress\/ -->\n<title>Performance und Restrukturierung - Argon &amp; Co<\/title>\n<meta name=\"robots\" content=\"index, follow, max-snippet:-1, max-image-preview:large, max-video-preview:-1\" \/>\n<link rel=\"canonical\" href=\"https:\/\/www.argonandco.com\/de\/leistungen\/performance-und-restrukturierung\/\" \/>\n<meta property=\"og:locale\" content=\"de_DE\" \/>\n<meta property=\"og:type\" content=\"article\" \/>\n<meta property=\"og:title\" content=\"Performance und Restrukturierung - Argon &amp; Co\" \/>\n<meta property=\"og:description\" content=\"Angesichts der aktuellen Marktvolatilit\u00e4t, Lieferkettenst\u00f6rungen und des Margendrucks helfen unsere Dienstleistungen im Bereich Performance und Restrukturierung Unternehmen dabei, Abw\u00e4rtsspiralen zu durchbrechen und nachhaltige Werte wiederaufzubauen. Unabh\u00e4ngig davon, ob Unternehmen noch stabil operieren oder sich in einer Krisensituation befinden, helfen wir dabei, die Ursachen f\u00fcr Leistungsdefizite aufzudecken und die finanziellen, operativen und strategischen Grundlagen f\u00fcr eine [&hellip;]\" \/>\n<meta property=\"og:url\" content=\"https:\/\/www.argonandco.com\/de\/leistungen\/performance-und-restrukturierung\/\" \/>\n<meta property=\"og:site_name\" content=\"Argon &amp; Co\" \/>\n<meta property=\"article:modified_time\" content=\"2026-04-07T13:46:54+00:00\" \/>\n<meta name=\"twitter:card\" content=\"summary_large_image\" \/>\n<meta name=\"twitter:label1\" content=\"Gesch\u00e4tzte Lesezeit\" \/>\n\t<meta name=\"twitter:data1\" content=\"2 Minuten\" \/>\n<script type=\"application\/ld+json\" class=\"yoast-schema-graph\">{\"@context\":\"https:\\\/\\\/schema.org\",\"@graph\":[{\"@type\":\"WebPage\",\"@id\":\"https:\\\/\\\/www.argonandco.com\\\/de\\\/leistungen\\\/performance-und-restrukturierung\\\/\",\"url\":\"https:\\\/\\\/www.argonandco.com\\\/de\\\/leistungen\\\/performance-und-restrukturierung\\\/\",\"name\":\"Performance und Restrukturierung - Argon &amp; Co\",\"isPartOf\":{\"@id\":\"https:\\\/\\\/www.argonandco.com\\\/de\\\/#website\"},\"datePublished\":\"2026-04-07T13:45:47+00:00\",\"dateModified\":\"2026-04-07T13:46:54+00:00\",\"breadcrumb\":{\"@id\":\"https:\\\/\\\/www.argonandco.com\\\/de\\\/leistungen\\\/performance-und-restrukturierung\\\/#breadcrumb\"},\"inLanguage\":\"de\",\"potentialAction\":[{\"@type\":\"ReadAction\",\"target\":[\"https:\\\/\\\/www.argonandco.com\\\/de\\\/leistungen\\\/performance-und-restrukturierung\\\/\"]}]},{\"@type\":\"BreadcrumbList\",\"@id\":\"https:\\\/\\\/www.argonandco.com\\\/de\\\/leistungen\\\/performance-und-restrukturierung\\\/#breadcrumb\",\"itemListElement\":[{\"@type\":\"ListItem\",\"position\":1,\"name\":\"Home\",\"item\":\"https:\\\/\\\/www.argonandco.com\\\/de\\\/\"},{\"@type\":\"ListItem\",\"position\":2,\"name\":\"Leistungen\",\"item\":\"https:\\\/\\\/www.argonandco.com\\\/de\\\/leistungen\\\/\"},{\"@type\":\"ListItem\",\"position\":3,\"name\":\"Performance und Restrukturierung\"}]},{\"@type\":\"WebSite\",\"@id\":\"https:\\\/\\\/www.argonandco.com\\\/de\\\/#website\",\"url\":\"https:\\\/\\\/www.argonandco.com\\\/de\\\/\",\"name\":\"Argon &amp; Co\",\"description\":\"We help clients achieve their strategic and operational objectives, working together to transform their businesses and generate real change.\",\"potentialAction\":[{\"@type\":\"SearchAction\",\"target\":{\"@type\":\"EntryPoint\",\"urlTemplate\":\"https:\\\/\\\/www.argonandco.com\\\/de\\\/?s={search_term_string}\"},\"query-input\":{\"@type\":\"PropertyValueSpecification\",\"valueRequired\":true,\"valueName\":\"search_term_string\"}}],\"inLanguage\":\"de\"}]}<\/script>\n<!-- \/ Yoast SEO plugin. -->","yoast_head_json":{"title":"Performance und Restrukturierung - Argon &amp; Co","robots":{"index":"index","follow":"follow","max-snippet":"max-snippet:-1","max-image-preview":"max-image-preview:large","max-video-preview":"max-video-preview:-1"},"canonical":"https:\/\/www.argonandco.com\/de\/leistungen\/performance-und-restrukturierung\/","og_locale":"de_DE","og_type":"article","og_title":"Performance und Restrukturierung - Argon &amp; Co","og_description":"Angesichts der aktuellen Marktvolatilit\u00e4t, Lieferkettenst\u00f6rungen und des Margendrucks helfen unsere Dienstleistungen im Bereich Performance und Restrukturierung Unternehmen dabei, Abw\u00e4rtsspiralen zu durchbrechen und nachhaltige Werte wiederaufzubauen. Unabh\u00e4ngig davon, ob Unternehmen noch stabil operieren oder sich in einer Krisensituation befinden, helfen wir dabei, die Ursachen f\u00fcr Leistungsdefizite aufzudecken und die finanziellen, operativen und strategischen Grundlagen f\u00fcr eine [&hellip;]","og_url":"https:\/\/www.argonandco.com\/de\/leistungen\/performance-und-restrukturierung\/","og_site_name":"Argon &amp; Co","article_modified_time":"2026-04-07T13:46:54+00:00","twitter_card":"summary_large_image","twitter_misc":{"Gesch\u00e4tzte Lesezeit":"2 Minuten"},"schema":{"@context":"https:\/\/schema.org","@graph":[{"@type":"WebPage","@id":"https:\/\/www.argonandco.com\/de\/leistungen\/performance-und-restrukturierung\/","url":"https:\/\/www.argonandco.com\/de\/leistungen\/performance-und-restrukturierung\/","name":"Performance und Restrukturierung - Argon &amp; Co","isPartOf":{"@id":"https:\/\/www.argonandco.com\/de\/#website"},"datePublished":"2026-04-07T13:45:47+00:00","dateModified":"2026-04-07T13:46:54+00:00","breadcrumb":{"@id":"https:\/\/www.argonandco.com\/de\/leistungen\/performance-und-restrukturierung\/#breadcrumb"},"inLanguage":"de","potentialAction":[{"@type":"ReadAction","target":["https:\/\/www.argonandco.com\/de\/leistungen\/performance-und-restrukturierung\/"]}]},{"@type":"BreadcrumbList","@id":"https:\/\/www.argonandco.com\/de\/leistungen\/performance-und-restrukturierung\/#breadcrumb","itemListElement":[{"@type":"ListItem","position":1,"name":"Home","item":"https:\/\/www.argonandco.com\/de\/"},{"@type":"ListItem","position":2,"name":"Leistungen","item":"https:\/\/www.argonandco.com\/de\/leistungen\/"},{"@type":"ListItem","position":3,"name":"Performance und Restrukturierung"}]},{"@type":"WebSite","@id":"https:\/\/www.argonandco.com\/de\/#website","url":"https:\/\/www.argonandco.com\/de\/","name":"Argon &amp; Co","description":"We help clients achieve their strategic and operational objectives, working together to transform their businesses and generate real change.","potentialAction":[{"@type":"SearchAction","target":{"@type":"EntryPoint","urlTemplate":"https:\/\/www.argonandco.com\/de\/?s={search_term_string}"},"query-input":{"@type":"PropertyValueSpecification","valueRequired":true,"valueName":"search_term_string"}}],"inLanguage":"de"}]}},"_links":{"self":[{"href":"https:\/\/www.argonandco.com\/de\/wp-json\/wp\/v2\/pages\/37603","targetHints":{"allow":["GET"]}}],"collection":[{"href":"https:\/\/www.argonandco.com\/de\/wp-json\/wp\/v2\/pages"}],"about":[{"href":"https:\/\/www.argonandco.com\/de\/wp-json\/wp\/v2\/types\/page"}],"author":[{"embeddable":true,"href":"https:\/\/www.argonandco.com\/de\/wp-json\/wp\/v2\/users\/1"}],"replies":[{"embeddable":true,"href":"https:\/\/www.argonandco.com\/de\/wp-json\/wp\/v2\/comments?post=37603"}],"version-history":[{"count":0,"href":"https:\/\/www.argonandco.com\/de\/wp-json\/wp\/v2\/pages\/37603\/revisions"}],"up":[{"embeddable":true,"href":"https:\/\/www.argonandco.com\/de\/wp-json\/wp\/v2\/pages\/30418"}],"wp:attachment":[{"href":"https:\/\/www.argonandco.com\/de\/wp-json\/wp\/v2\/media?parent=37603"}],"curies":[{"name":"wp","href":"https:\/\/api.w.org\/{rel}","templated":true}]}}